{"id":9790,"date":"2019-06-19T12:02:38","date_gmt":"2019-06-19T09:02:38","guid":{"rendered":"https:\/\/web-dev.iptp.com\/?page_id=9790"},"modified":"2026-03-30T13:34:10","modified_gmt":"2026-03-30T10:34:10","slug":"direct-connection-to-cloud-providers","status":"publish","type":"page","link":"https:\/\/www.iptp.us\/vi\/direct-connection-to-cloud-providers\/","title":{"rendered":"K\u1ebft n\u1ed1i tr\u1ef1c ti\u1ebfp v\u1edbi c\u00e1c nh\u00e0 cung c\u1ea5p \u0111\u00e1m m\u00e2y"},"content":{"rendered":"<div class=\"section section-page section-dcloud-hero\" style=\"--pcloud-banner:url('\/wp-content\/uploads\/direct-cloud-2.png')\">\n<div class=\"inner\">\n<div class=\"text-block text-start\">\n<h1><span style=\"color:#F08F1E;display:block;\">K&#7871;t n&#7889;i tr&#7921;c ti&#7871;p &#273;&#7871;n d&#7883;ch v&#7909;<\/span> &#273;&aacute;m m&acirc;y v&#7899;i IPTP Networks<\/h1>\n<p class=\"text-start mb-0\">T&#7853;n d&#7909;ng l&#7907;i th&#7871; v&#7873; k&#7871;t n&#7889;i b&#7857;ng d&#7883;ch v&#7909; Direct Connect c&#7911;a ch&uacute;ng t&ocirc;i. Trong &#273;i&#7879;n to&aacute;n &#273;&aacute;m m&acirc;y, mili gi&acirc;y c&oacute; ngh&#297;a l&agrave; h&agrave;ng tri&#7879;u gi&acirc;y, v&agrave; vi&#7879;c l&#7921;a ch&#7885;n gi&#7843;i ph&aacute;p ph&ugrave; h&#7907;p &#273;&#7875; c&oacute; k&#7871;t n&#7889;i &#273;&aacute;ng tin c&#7853;y v&agrave; &#273;&#432;&#7907;c &#273;&#7843;m b&#7843;o l&agrave; &#273;i&#7873;u c&#7847;n thi&#7871;t<\/p>\n<\/div>\n<\/div>\n<\/div><div class=\"section\"><div class=\"inner innerbreadcrum\"><div class=\"aioseo-breadcrumbs\"><span class=\"aioseo-breadcrumb\">\n\tHome\n<\/span><\/div><\/div><\/div><div class=\"section\">\n<div class=\"inner\">\n<h2 class=\"dcloud-heading\">T&#7841;i sao n&ecirc;n s&#7917; d&#7909;ng Direct Connect?<\/h2>\n<p>S&#7921; g&#7847;n g&#361;i v&ocirc; song v&#7899;i c&aacute;c d&#7883;ch v&#7909; &#273;&aacute;m m&acirc;y T&#7841;i IPTP Networks, ch&uacute;ng t&ocirc;i th&#7921;c s&#7921; nh&#7853;n ra t&#7847;m quan tr&#7885;ng c&#7911;a s&#7921; g&#7847;n g&#361;i v&#7899;i c&aacute;c d&#7883;ch v&#7909; &#273;&aacute;m m&acirc;y c&#7911;a b&#7841;n. <a href=\"https:\/\/www.iptp.us\/vi\/network\/\">M&#7841;ng l&#432;&#7899;i r&#7897;ng l&#7899;n<\/a> c&#7911;a ch&uacute;ng t&ocirc;i bao ph&#7911; h&#417;n 200 trung t&acirc;m d&#7919; li&#7879;u tr&ecirc;n to&agrave;n th&#7871; gi&#7899;i&mdash;&#273;&#432;&#7907;c &#273;&#7863;t &#7903; v&#7883; tr&iacute; chi&#7871;n l&#432;&#7907;c c&#7841;nh c&aacute;c nh&agrave; cung c&#7845;p d&#7883;ch v&#7909; &#273;&aacute;m m&acirc;y ph&#7893; bi&#7871;n nh&#7845;t. &#272;i&#7873;u n&agrave;y &#273;&#7843;m b&#7843;o c&aacute;c d&#7883;ch v&#7909; k&#7871;t n&#7889;i &#273;&aacute;m m&acirc;y ch&#7863;t ch&#7869; v&#7899;i c&aacute;c nh&agrave; cung c&#7845;p ch&iacute;nh nh&#432; AWS, Azure, Google Cloud, Alibaba Cloud, IBM Cloud, v.v.<\/p>\n<p class=\"text-center my-5\"><img decoding=\"async\" src=\"data:image\/gif;base64,R0lGODlhAQABAIAAAAAAAP\/\/\/ywAAAAAAQABAAACAUwAOw==\" alt=\"Cloud connect direct connect\" data-src=\"\/wp-content\/uploads\/cloud-connect-direct-connect.png\" class=\"lazy\"><\/p>\n<div class=\"row row-cols-1 row-cols-md-2 g-4 g-lg-5 mb-4 mb-lg-5 pb-lg-4\">\n<div class=\"col\">\n<div class=\"box-dcloud-bw\"><img decoding=\"async\" src=\"data:image\/gif;base64,R0lGODlhAQABAIAAAAAAAP\/\/\/ywAAAAAAQABAAACAUwAOw==\" alt=\"&#272;&#7897; tr&#7877; th&#7845;p, hi&#7879;u su&#7845;t cao\" data-src=\"\/wp-content\/uploads\/cloud-connect-bandwidth-1.png\" class=\"lazy\"><\/div>\n<\/div>\n<div class=\"col\">\n<div>\n<h4 class=\"dcloud-heading\">&#272;&#7897; tr&#7877; th&#7845;p, hi&#7879;u su&#7845;t cao<\/h4>\n<p>C&#417; s&#7903; h&#7841; t&#7847;ng do ch&uacute;ng t&ocirc;i t&#7921; s&#7903; h&#7919;u v&agrave; v&#7853;n h&agrave;nh tr&aacute;nh ph&#7909; thu&#7897;c v&agrave;o c&aacute;c c&ocirc;ng ty b&ecirc;n th&#7913; ba, cho ph&eacute;p ch&uacute;ng t&ocirc;i cung c&#7845;p m&#7897;t s&#7889; t&#7927; l&#7879; &#273;&#7897; tr&#7877; th&#7845;p nh&#7845;t tr&ecirc;n th&#7883; tr&#432;&#7901;ng. &#272;i&#7873;u n&agrave;y l&agrave;m cho Direct Cloud Connect c&#7911;a ch&uacute;ng t&ocirc;i tr&#7903; n&ecirc;n ho&agrave;n h&#7843;o cho giao d&#7883;ch t&#7847;n su&#7845;t cao, ph&acirc;n t&iacute;ch th&#7901;i gian th&#7921;c v&agrave; c&aacute;c &#7913;ng d&#7909;ng nh&#7841;y c&#7843;m v&#7899;i &#273;&#7897; tr&#7877; kh&aacute;c. Cho d&ugrave; &#273;&oacute; l&agrave; CDN hay m&#7897;t s&#7889; gi&#7843;i ph&aacute;p &#273;&#7897; tr&#7877; th&#7845;p m&agrave; ho&#7841;t &#273;&#7897;ng kinh doanh quan tr&#7885;ng c&#7911;a b&#7841;n y&ecirc;u c&#7847;u, IPTP Networks s&#7869; &#273;&#7843;m b&#7843;o r&#7857;ng d&#7919; li&#7879;u c&#7911;a b&#7841;n di chuy&#7875;n theo tuy&#7871;n &#273;&#432;&#7901;ng tr&#7921;c ti&#7871;p nh&#7845;t, do &#273;&oacute; gi&#7843;m thi&#7875;u &#273;&#7897; tr&#7877; v&agrave; t&#7889;i &#273;a h&oacute;a hi&#7879;u su&#7845;t.<\/p>\n<\/div>\n<\/div>\n<\/div>\n<div class=\"row row-cols-1 row-cols-md-2 g-4 g-lg-5 flex-row-reverse mb-5\">\n<div class=\"col\">\n<div class=\"box-dcloud-bw\"><img decoding=\"async\" src=\"data:image\/gif;base64,R0lGODlhAQABAIAAAAAAAP\/\/\/ywAAAAAAQABAAACAUwAOw==\" alt=\"Customizable Solutions\" data-src=\"\/wp-content\/uploads\/cloud-connect-solutions-1.png\" class=\"lazy\"><\/div>\n<\/div>\n<div class=\"col\">\n<div>\n<h4 class=\"dcloud-heading\">Gi&#7843;i ph&aacute;p t&ugrave;y ch&#7881;nh<\/h4>\n<p>Kh&ocirc;ng c&oacute; hai doanh nghi&#7879;p n&agrave;o gi&#7889;ng nhau, v&agrave; c&aacute;c y&ecirc;u c&#7847;u k&#7871;t n&#7889;i c&#7911;a h&#7885; c&#361;ng v&#7853;y. IPTP Networks cung c&#7845;p c&aacute;c d&#7883;ch v&#7909; k&#7871;t n&#7889;i &#273;&aacute;m m&acirc;y c&#7921;c k&#7923; linh ho&#7841;t &#273;&aacute;p &#7913;ng c&aacute;c y&ecirc;u c&#7847;u c&#7909; th&#7875; c&#7911;a b&#7841;n. T&#7915; c&aacute;c t&ugrave;y ch&#7885;n b&#259;ng th&ocirc;ng c&oacute; th&#7875; m&#7903; r&#7897;ng t&#7915; 50Mbps &#273;&#7871;n nhi&#7873;u 10Gbps cho &#273;&#7871;n c&aacute;c h&#7907;p &#273;&#7891;ng linh ho&#7841;t, ch&uacute;ng t&ocirc;i thi&#7871;t k&#7871; c&aacute;c d&#7883;ch v&#7909; ph&ugrave; h&#7907;p v&#7899;i m&ocirc; h&igrave;nh kinh doanh c&#7911;a b&#7841;n m&agrave; kh&ocirc;ng &eacute;p b&#7841;n v&agrave;o c&aacute;c khu&ocirc;n m&#7851;u c&#7913;ng nh&#7855;c.<\/p>\n<\/div>\n<\/div>\n<\/div>\n<h2 class=\"dcloud-heading\">Ph&#432;&#417;ng th&#7913;c ho&#7841;t &#273;&#7897;ng<\/h2>\n<p class=\"mb-3\">D&#7877; nh&#432; 1, 2, 3<\/p>\n<ol class=\"ps-3\">\n<li>Ch&#7885;n Nh&agrave; cung c&#7845;p d&#7883;ch v&#7909; &#273;&aacute;m m&acirc;y v&agrave; b&#259;ng th&ocirc;ng c&#7847;n thi&#7871;t.<\/li>\n<li>Cho ch&uacute;ng t&ocirc;i bi&#7871;t li&ecirc;n k&#7871;t &#273;&#432;&#7907;c cho l&agrave; s&#7869; &#273;&#432;&#7907;c chuy&#7875;n &#273;&#7871;n &#273;&acirc;u. C&oacute; th&#7875; l&agrave; m&#7897;t trung t&acirc;m d&#7919; li&#7879;u v&#7899;i thi&#7871;t b&#7883; c&#7911;a b&#7841;n, m&#7897;t &#273;&aacute;m m&acirc;y kh&aacute;c ho&#7863;c th&#7853;m ch&iacute; l&agrave; m&#7897;t v&#259;n ph&ograve;ng.<\/li>\n<li>Th&#7921;c hi&#7879;n theo h&#432;&#7899;ng d&#7851;n c&#7911;a nh&oacute;m ch&uacute;ng t&ocirc;i trong qu&aacute; tr&igrave;nh giao h&agrave;ng. &#272;&#7897;i ng&#361; b&aacute;n h&agrave;ng c&#7911;a ch&uacute;ng t&ocirc;i s&#7869; h&#7895; tr&#7907; b&#7841;n trong m&#7885;i b&#432;&#7899;c c&#7911;a qu&aacute; tr&igrave;nh x&#7917; l&yacute;.<\/li>\n<\/ol>\n<p class=\"text-center\"><img decoding=\"async\" src=\"data:image\/gif;base64,R0lGODlhAQABAIAAAAAAAP\/\/\/ywAAAAAAQABAAACAUwAOw==\" alt=\"Dcloud how it work\" data-src=\"\/wp-content\/uploads\/direct-cloud-connect-multicloud-architecture.jpg\" class=\"lazy\"><\/p>\n<h2 class=\"dcloud-heading\">C&aacute;c t&iacute;nh n&#259;ng ch&iacute;nh<\/h2>\n<ul>\n<li>Direct Cloud Connect cho ph&eacute;p b&#7841;n t&#7853;n h&#432;&#7903;ng K&#7871;t n&#7889;i L&#7899;p 2 tr&#7921;c ti&#7871;p v&agrave; chuy&ecirc;n d&#7909;ng t&#7899;i c&aacute;c Nh&agrave; cung c&#7845;p d&#7883;ch v&#7909; &#273;&aacute;m m&acirc;y h&agrave;ng &#273;&#7847;u.<\/li>\n<li>Bypass the unpredictB&#7887; qua s&#7921; b&#7845;t &#7893;n c&#7911;a internet c&ocirc;ng c&#7897;ng v&#7899;i k&#7871;t n&#7889;i an to&agrave;n v&agrave; ri&ecirc;ng t&#432; &#273;&#7871;n c&aacute;c nh&agrave; cung c&#7845;p d&#7883;ch v&#7909; &#273;&aacute;m m&acirc;y v&agrave; SaaS h&agrave;ng &#273;&#7847;u. Hi&#7879;u su&#7845;t cao h&#417;n, t&#7889;c &#273;&#7897; nhanh h&#417;n v&agrave; kh&#7843; n&#259;ng ki&#7875;m so&aacute;t &#273;&#432;&#7907;c c&#7843;i thi&#7879;n &#273;&#7875; n&acirc;ng cao tr&#7843;i nghi&#7879;m ng&#432;&#7901;i d&ugrave;ng.<\/li>\n<\/ul>\n<div class=\"row row-cols-1 row-cols-md-3 g-4 g-md-2 g-lg-5 mt-3 mb-5\">\n<div class=\"col\">\n<div class=\"box-dcloud\">\n<div class=\"box-dcloud-icon\">\n              <img decoding=\"async\" src=\"data:image\/gif;base64,R0lGODlhAQABAIAAAAAAAP\/\/\/ywAAAAAAQABAAACAUwAOw==\" width=\"72\" alt=\"M&#7897;t n&#7873;n t&#7843;ng, nhi&#7873;u &#273;&aacute;m m&acirc;y\" data-src=\"\/wp-content\/uploads\/dcloud-icon1.svg\" class=\"lazy\">\n            <\/div>\n<h3 class=\"box-dcloud-title\">M&#7897;t n&#7873;n t&#7843;ng, nhi&#7873;u &#273;&aacute;m m&acirc;y<\/h3>\n<p class=\"box-dcloud-content\">C&#7893;ng duy nh&#7845;t c&#7911;a ch&uacute;ng t&ocirc;i &#273;&#417;n gi&#7843;n h&oacute;a thi&#7871;t k&#7871; m&#7841;ng c&#7911;a b&#7841;n v&#7899;i vi&#7879;c cung c&#7845;p nhi&#7873;u d&#7883;ch v&#7909;. Ch&uacute;ng t&ocirc;i gi&uacute;p b&#7841;n d&#7877; d&agrave;ng qu&#7843;n l&yacute; k&#7871;t n&#7889;i &#273;&aacute;m m&acirc;y c&#7911;a m&igrave;nh v&#7899;i d&#7883;ch v&#7909; cung c&#7845;p theo y&ecirc;u c&#7847;u.<\/p>\n<\/div>\n<\/div>\n<div class=\"col\">\n<div class=\"box-dcloud\">\n<div class=\"box-dcloud-icon\">\n              <img decoding=\"async\" src=\"data:image\/gif;base64,R0lGODlhAQABAIAAAAAAAP\/\/\/ywAAAAAAQABAAACAUwAOw==\" width=\"50\" alt=\"M&#7841;ng ri&ecirc;ng to&agrave;n c&#7847;u, An ninh to&agrave;n c&#7847;u\" data-src=\"\/wp-content\/uploads\/dcloud-icon2.svg\" class=\"lazy\">\n            <\/div>\n<h3 class=\"box-dcloud-title\">M&#7841;ng ri&ecirc;ng to&agrave;n c&#7847;u, An ninh to&agrave;n c&#7847;u<\/h3>\n<p class=\"box-dcloud-content\">K&#7871;t n&#7889;i Ethernet L&#7899;p 2 chuy&ecirc;n d&#7909;ng c&#7911;a ch&uacute;ng t&ocirc;i gi&#7919; an to&agrave;n cho d&#7919; li&#7879;u v&agrave; &#7913;ng d&#7909;ng quan tr&#7885;ng. C&aacute;c d&#7883;ch v&#7909; &#273;&#432;&#7907;c ch&#7913;ng nh&#7853;n MEF c&#7911;a ch&uacute;ng t&ocirc;i l&agrave; b&#7857;ng ch&#7913;ng cho c&aacute;c bi&#7879;n ph&aacute;p b&#7843;o m&#7853;t m&#7841;nh m&#7869; c&#7911;a ch&uacute;ng t&ocirc;i.<\/p>\n<\/div>\n<\/div>\n<div class=\"col\">\n<div class=\"box-dcloud\">\n<div class=\"box-dcloud-icon\">\n              <img decoding=\"async\" src=\"data:image\/gif;base64,R0lGODlhAQABAIAAAAAAAP\/\/\/ywAAAAAAQABAAACAUwAOw==\" width=\"72\" alt=\"Scalable and On Demand\" data-src=\"\/wp-content\/uploads\/dcloud-icon3.svg\" class=\"lazy\">\n            <\/div>\n<h3 class=\"box-dcloud-title\">C&oacute; th&#7875; m&#7903; r&#7897;ng v&agrave; theo y&ecirc;u c&#7847;u<\/h3>\n<p class=\"box-dcloud-content\">B&#7855;t &#273;&#7847;u &#7903; m&#7913;c th&#7845;p nh&#7845;t l&agrave; <strong>50Mbps<\/strong> v&agrave; t&#259;ng d&#7847;n khi nhu c&#7847;u c&#7911;a b&#7841;n t&#259;ng l&ecirc;n. Kh&ocirc;ng c&#7847;n mua ho&#7863;c c&agrave;i &#273;&#7863;t ph&#7847;n c&#7913;ng&mdash;ch&uacute;ng t&ocirc;i duy tr&igrave; t&#7845;t c&#7843; c&aacute;c th&agrave;nh ph&#7847;n v&#7853;t l&yacute; c&#7911;a l&#7899;p m&#7841;ng &#273;&#7875; b&#7841;n c&oacute; th&#7875; t&#7853;p trung v&agrave;o doanh nghi&#7879;p c&#7911;a m&igrave;nh.<\/p>\n<\/div>\n<\/div>\n<\/div>\n<div class=\"row g-4 row-cols-1 row-cols-sm-2\">\n<div class=\"col\">\n<div class=\"box-cpoint\">\n<div class=\"box-cpoint-img\"><img decoding=\"async\" src=\"data:image\/gif;base64,R0lGODlhAQABAIAAAAAAAP\/\/\/ywAAAAAAQABAAACAUwAOw==\" alt=\"Point-to-Point Cloud Connectivity\" data-src=\"\/wp-content\/uploads\/dcloud-point-to-point-2.png\" class=\"lazy\"><\/div>\n<div class=\"box-cpoint-content\">\n<h3 class=\"box-cpoint-title\">K&#7871;t n&#7889;i &#273;&aacute;m m&acirc;y &#273;i&#7875;m t&#7899;i &#273;i&#7875;m<\/h3>\n<p class=\"box-cpoint-des\">Ph&ugrave; h&#7907;p nh&#7845;t v&#7899;i c&aacute;c c&ocirc;ng ty mu&#7889;n k&#7871;t n&#7889;i &#273;i&#7875;m t&#7899;i &#273;i&#7875;m v&#7899;i nhi&#7873;u nh&agrave; cung c&#7845;p d&#7883;ch v&#7909; &#273;&aacute;m m&acirc;y, m&#7841;ng L&#7899;p 2 c&#7911;a ch&uacute;ng t&ocirc;i mang l&#7841;i hi&#7879;u qu&#7843;, kh&#7843; n&#259;ng ki&#7875;m so&aacute;t v&agrave; hi&#7879;u su&#7845;t cao nh&#7845;t.<\/p>\n<\/div>\n<\/div>\n<\/div>\n<div class=\"col\">\n<div class=\"box-cpoint\">\n<div class=\"box-cpoint-img\"><img decoding=\"async\" src=\"data:image\/gif;base64,R0lGODlhAQABAIAAAAAAAP\/\/\/ywAAAAAAQABAAACAUwAOw==\" alt=\"Multi-Cloud Networking\" data-src=\"\/wp-content\/uploads\/dcloud-how-it-work-2.png\" class=\"lazy\"><\/div>\n<div class=\"box-cpoint-content\">\n<h3 class=\"box-cpoint-title\">M&#7841;ng &#273;a &#273;&aacute;m m&acirc;y<\/h3>\n<p class=\"box-cpoint-des\">&#272;&#417;n gi&#7843;n h&oacute;a chi&#7871;n l&#432;&#7907;c &#273;a &#273;&aacute;m m&acirc;y c&#7911;a b&#7841;n v&#7899;i c&aacute;c k&#7871;t n&#7889;i an to&agrave;n v&agrave; li&#7873;n m&#7841;ch tr&ecirc;n nhi&#7873;u m&ocirc;i tr&#432;&#7901;ng &#273;&aacute;m m&acirc;y kh&aacute;c nhau. C&aacute;c d&#7883;ch v&#7909; k&#7871;t n&#7889;i &#273;&aacute;m m&acirc;y c&#7911;a ch&uacute;ng t&ocirc;i h&#7895; tr&#7907; c&aacute;c k&#7883;ch b&#7843;n &#273;&aacute;m m&acirc;y lai, do &#273;&oacute; c&oacute; t&iacute;nh linh ho&#7841;t trong vi&#7879;c li&ecirc;n k&#7871;t c&#417; s&#7903; h&#7841; t&#7847;ng t&#7841;i ch&#7895; v&#7899;i c&aacute;c t&agrave;i nguy&ecirc;n &#273;&aacute;m m&acirc;y.<\/p>\n<\/div>\n<\/div>\n<\/div>\n<\/div>\n<\/div>\n<\/div><div class=\"sections border-bottom\">\n<div class=\"inner\" style=\"padding-bottom:30px;padding-top:0;\">\n<h2 class=\"dcloud-heading\">Nh&#7919;ng c&acirc;u h&#7887;i th&#432;&#7901;ng g&#7863;p<\/h2>\n<div class=\"accordion dcloud-accordion my-4\" id=\"dcloud-accordion\">\n<div class=\"accordion-item\">\n<h2 class=\"accordion-header\">\n\t\t\t\t<button aria-controls=\"collapseOne\" aria-expanded=\"true\" class=\"accordion-button\" data-bs-target=\"#collapseOne\" data-bs-toggle=\"collapse\" type=\"button\">Direct Connect l&agrave; g&igrave;?<\/button><\/h2>\n<div class=\"accordion-collapse collapse show\" id=\"collapseOne\">\n<div class=\"accordion-body\">&#272;&acirc;y l&agrave; d&#7883;ch v&#7909; cung c&#7845;p kh&#7843; n&#259;ng thi&#7871;t l&#7853;p c&aacute;c k&#7871;t n&#7889;i Ethernet ri&ecirc;ng t&#432; v&agrave; an to&agrave;n t&#7899;i nhi&#7873;u nh&agrave; cung c&#7845;p d&#7883;ch v&#7909; &#273;&aacute;m m&acirc;y, do &#273;&oacute; n&acirc;ng cao hi&#7879;u su&#7845;t v&agrave; &#273;&#7897; tin c&#7853;y.<\/div>\n<\/div>\n<\/div>\n<div class=\"accordion-item\">\n<h2 class=\"accordion-header\"><button aria-controls=\"collapseTwo\" aria-expanded=\"false\" class=\"accordion-button collapsed\" data-bs-target=\"#collapseTwo\" data-bs-toggle=\"collapse\" type=\"button\">Direct Connect kh&aacute;c bi&#7879;t nh&#432; th&#7871; n&agrave;o?<\/button><\/h2>\n<div class=\"accordion-collapse collapse\" id=\"collapseTwo\">\n<div class=\"accordion-body\">Kh&ocirc;ng gi&#7889;ng nh&#432; k&#7871;t n&#7889;i d&#7921;a tr&ecirc;n Internet truy&#7873;n th&#7889;ng, Direct Connect thi&#7871;t l&#7853;p c&aacute;c k&#7871;t n&#7889;i chuy&ecirc;n d&#7909;ng, &#273;&#7897; tr&#7877; th&#7845;p tr&#7921;c ti&#7871;p &#273;&#7871;n c&aacute;c nh&agrave; cung c&#7845;p d&#7883;ch v&#7909; &#273;&aacute;m m&acirc;y, b&#7887; qua Internet c&ocirc;ng c&#7897;ng &#273;&#7875; c&#7843;i thi&#7879;n hi&#7879;u su&#7845;t v&agrave; b&#7843;o m&#7853;t.<\/div>\n<\/div>\n<\/div>\n<div class=\"accordion-item\">\n<h2 class=\"accordion-header\"><button aria-controls=\"collapseThree\" aria-expanded=\"false\" class=\"accordion-button collapsed\" data-bs-target=\"#collapseThree\" data-bs-toggle=\"collapse\" type=\"button\">K&#7871;t n&#7889;i tr&#7921;c ti&#7871;p c&oacute; an to&agrave;n kh&ocirc;ng?<\/button><\/h2>\n<div class=\"accordion-collapse collapse\" id=\"collapseThree\">\n<div class=\"accordion-body\">C&oacute;, Direct Connect ch&#7841;y c&aacute;c k&#7871;t n&#7889;i Ethernet L&#7899;p 2 ri&ecirc;ng &#273;&#432;&#7907;c ch&#7913;ng nh&#7853;n MEF &#273;&#7875; gi&uacute;p &#273;&#7843;m b&#7843;o d&#7919; li&#7879;u v&agrave; &#7913;ng d&#7909;ng c&#7911;a b&#7841;n &#273;&#432;&#7907;c truy&#7873;n t&#7843;i m&#7897;t c&aacute;ch an to&agrave;n.<\/div>\n<\/div>\n<\/div>\n<\/div>\n<p>V&#7899;i <strong>IPTP Networks<\/strong>, b&#7841;n kh&ocirc;ng ch&#7881; k&#7871;t n&#7889;i v&#7899;i &#273;&aacute;m m&acirc;y; b&#7841;n c&ograve;n k&#7871;t n&#7889;i v&#7899;i t&#432;&#417;ng lai c&#7911;a c&ocirc;ng ngh&#7879; kinh doanh.<\/p>\n<\/div>\n<\/div><div class=\"sections section-dcloud-hotline\" style=\"background-image:url('\/wp-content\/uploads\/dcloud-support-hotline-scaled.jpg');\">\n<div class=\"inner\" style=\"padding-bottom: 30px;\">\n<div class=\"box-hotline\">\n<h2 class=\"dcloud-heading\">B&#7841;n &#273;&atilde; s&#7861;n s&agrave;ng n&acirc;ng cao kh&#7843; n&#259;ng k&#7871;t n&#7889;i &#273;&aacute;m m&acirc;y ch&#432;a?<\/h2>\n<p class=\"box-hotline-des\">Tham gia v&agrave;o h&agrave;ng ng&#361; nh&#7919;ng ng&#432;&#7901;i d&#7851;n &#273;&#7847;u ng&agrave;nh c&ocirc;ng nghi&#7879;p tin t&#432;&#7903;ng <strong>IPTP Networks<\/strong> cho c&aacute;c d&#7883;ch v&#7909; k&#7871;t n&#7889;i &#273;&aacute;m m&acirc;y c&#7911;a h&#7885;. Cho d&ugrave; &#273;&oacute; l&agrave; c&#7843;i thi&#7879;n th&#7901;i gian ho&#7841;t &#273;&#7897;ng, t&#259;ng c&#432;&#7901;ng b&#7843;o m&#7853;t hay &#273;&#417;n gi&#7843;n h&oacute;a chi&#7871;n l&#432;&#7907;c &#273;a &#273;&aacute;m m&acirc;y c&#7911;a b&#7841;n, ch&uacute;ng t&ocirc;i lu&ocirc;n s&#7861;n s&agrave;ng tr&#7907; gi&uacute;p<\/p>\n<p class=\"box-hotline-des mb-4 pb-3\">H&atilde;y li&ecirc;n h&#7879; v&#7899;i ch&uacute;ng t&ocirc;i ngay h&ocirc;m nay &#273;&#7875; bi&#7871;t th&ecirc;m th&ocirc;ng tin v&#7873; c&aacute;ch Direct Cloud Connect c&#7911;a <strong>IPTP Networks<\/strong> c&oacute; th&#7875; c&aacute;ch m&#7841;ng h&oacute;a k&#7871;t n&#7889;i &#273;&aacute;m m&acirc;y c&#7911;a b&#7841;n. Nh&oacute;m c&#7911;a ch&uacute;ng t&ocirc;i lu&ocirc;n s&#7861;n s&agrave;ng c&#7845;u h&igrave;nh gi&#7843;i ph&aacute;p ph&ugrave; h&#7907;p v&#7899;i nhu c&#7847;u ri&ecirc;ng c&#7911;a b&#7841;n.<\/p>\n<div><a href=\"#\" class=\"btn-primary-rounded-pill d-inline-block js_btn_request_form_all\">Y&ecirc;u c&#7847;u b&aacute;o gi&aacute;<\/a><\/div>\n<\/div>\n<\/div>\n<\/div>\n","protected":false},"excerpt":{"rendered":"<p>&#8230;<\/p>\n","protected":false},"author":1,"featured_media":0,"parent":0,"menu_order":0,"comment_status":"closed","ping_status":"closed","template":"template-inner-page.php","meta":[],"acf":[],"aioseo_notices":[],"_links":{"self":[{"href":"https:\/\/www.iptp.us\/vi\/wp-json\/wp\/v2\/pages\/9790"}],"collection":[{"href":"https:\/\/www.iptp.us\/vi\/wp-json\/wp\/v2\/pages"}],"about":[{"href":"https:\/\/www.iptp.us\/vi\/wp-json\/wp\/v2\/types\/page"}],"author":[{"embeddable":true,"href":"https:\/\/www.iptp.us\/vi\/wp-json\/wp\/v2\/users\/1"}],"replies":[{"embeddable":true,"href":"https:\/\/www.iptp.us\/vi\/wp-json\/wp\/v2\/comments?post=9790"}],"version-history":[{"count":265,"href":"https:\/\/www.iptp.us\/vi\/wp-json\/wp\/v2\/pages\/9790\/revisions"}],"predecessor-version":[{"id":39365,"href":"https:\/\/www.iptp.us\/vi\/wp-json\/wp\/v2\/pages\/9790\/revisions\/39365"}],"wp:attachment":[{"href":"https:\/\/www.iptp.us\/vi\/wp-json\/wp\/v2\/media?parent=9790"}],"curies":[{"name":"wp","href":"https:\/\/api.w.org\/{rel}","templated":true}]}}