{"id":9658,"date":"2019-06-18T17:41:09","date_gmt":"2019-06-18T14:41:09","guid":{"rendered":"https:\/\/web-dev.iptp.com\/?page_id=9658"},"modified":"2026-03-11T12:22:33","modified_gmt":"2026-03-11T09:22:33","slug":"locations","status":"publish","type":"page","link":"https:\/\/www.iptp.us\/vi\/network\/locations\/","title":{"rendered":"M\u1ea1ng l\u01b0\u1edbi to\u00e0n c\u1ea7u v\u00e0 c\u00e1c \u0111i\u1ec3m hi\u1ec7n di\u1ec7n"},"content":{"rendered":"<div class=\"section\">\n<div class=\"inner\" style=\"padding-bottom: 30px;\">\n<div class=\"subtitle text-center\"><span>&#272;&#7883;a &#273;i&#7875;m<\/span><\/div>\n<h1 class=\"text-center\">\n\t\t\tM&#7841;ng l&#432;&#7899;i to&agrave;n c&#7847;u v&agrave; c&aacute;c &#273;i&#7875;m hi&#7879;n di&#7879;n<br>\n\t\t<\/h1>\n<p class=\"text-center\">\n\t\t\tC&aacute;c c&#417; s&#7903; c&#7911;a ch&uacute;ng t&ocirc;i &#273;&#432;&#7907;c &#273;&#7863;t t&#7841;i t&#7845;t c&#7843; c&aacute;c &#273;i&#7875;m &#273;&#7871;n ch&iacute;nh &#273;&#432;&#7907;c l&#7921;a ch&#7885;n b&#7903;i c&aacute;c c&ocirc;ng ty, nh&agrave; cung c&#7845;p Internet v&agrave; m&#7841;ng c&ocirc;ng ty l&#7899;n nh&#7845;t v&agrave; m&#7841;nh nh&#7845;t th&#7871; gi&#7899;i. Ch&uacute;ng t&ocirc;i v&#7853;n h&agrave;nh c&aacute;c k&ecirc;nh c&aacute;p quang xuy&ecirc;n &#272;&#7841;i T&acirc;y D&#432;&#417;ng c&#7921;c nhanh k&#7871;t n&#7889;i kh&aacute;ch h&agrave;ng c&#7911;a m&igrave;nh v&#7899;i t&#7845;t c&#7843; c&aacute;c s&agrave;n giao d&#7883;ch internet l&#7899;n v&agrave; c&aacute;c trung t&acirc;m t&agrave;i ch&iacute;nh to&agrave;n c&#7847;u.\n\t\t<\/p>\n<\/div>\n<div class=\"poplist-map\" style=\"height: auto\">\n\t\t<link rel=\"stylesheet\" target=\"_blank\" href=\"\/wp-content\/themes\/iptp-theme\/lib\/leaflet\/leaflet.css\">\r\n<script src=\"\/wp-content\/themes\/iptp-theme\/lib\/leaflet\/leaflet.js\"><\/script>\r\n<script type=\"text\/javascript\" src=\"\/wp-content\/themes\/iptp-theme\/lib\/jquery-ui.min.js\"><\/script>\r\n<script type=\"text\/javascript\" src=\"\/wp-content\/themes\/iptp-theme\/lib\/leaflet\/imgViewer2.js\"><\/script>\r\n<div class=\"wrap-img\">\r\n    <button class=\"btn-modal-toggle-js btn-toggle-modal-css btn btn-primary\"><i class=\"fa fa-arrows-alt\" aria-hidden=\"true\"><\/i><\/button><img class=\"img-zoom lazy\" src=\"data:image\/gif;base64,R0lGODlhAQABAIAAAAAAAP\/\/\/ywAAAAAAQABAAACAUwAOw==\" alt=\"pop-map\" data-src=\"\/map\/\"><\/div>\r\n<div class=\"pos-full-width div-toggle-js\" align=\"center\">\r\n    <button class=\"btn-modal-toggle-js btn-toggle-modal-css btn btn-primary\"><i class=\"fa fa-close\" aria-hidden=\"true\"><\/i><\/button> <img class=\"img-zoom-large lazy\" src=\"data:image\/gif;base64,R0lGODlhAQABAIAAAAAAAP\/\/\/ywAAAAAAQABAAACAUwAOw==\" alt=\"pop-map\" data-src=\"\/map\/\"><\/div>\n    <\/div>\n<div class=\"text-center\">\n<p class=\"pt-3 pb-5 mb-0\">\n\t\t\t<a href=\"\/map\/\" class=\"btn-outline-bottom\">M&#7902; B&#7842;N &#272;&#7890; TRONG TH&#7866; M&#7898;I<\/a>\n\t\t<\/p>\n<\/div>\n<\/div><div class=\"section\">\n<div class=\"inner\">\n<h5 class=\"text-center\">\n\t\t\tCh&uacute;ng t&ocirc;i cung c&#7845;p d&#7883;ch v&#7909; M&aacute;y ch&#7911; chuy&ecirc;n d&#7909;ng (Dedicated Hosting) v&agrave; C&#7893;ng truy c&#7853;p Internet t&#7889;c &#273;&#7897; cao (IP Transit),\n<\/h5><p>v&#7899;i c&#7893;ng uplink l&ecirc;n &#273;&#7871;n 100Gbps t&#7841;i c&aacute;c &#273;&#7883;a &#273;i&#7875;m sau:<br>\n\t\t\n<\/p><div class=\"pop-section\">\n\t\t\t\t\r\n\r\n\r\n\r\n\t<div class=\"load-ajax-69d0bd0e3ff08\"><\/div>\r\n\r\n\r\n\r\n\n\t\t<\/div>\n<div class=\"w900\">\n<p class=\"text-12-gray\"><sup class=\"text-secondary\">*<\/sup> &ndash; &#272;i&#7873;u kho&#7843;n &#273;&#7863;c bi&#7879;t c&oacute; th&#7875; &aacute;p d&#7909;ng<\/p>\n<\/div>\n<\/div>\n<\/div><div class=\"section section-banner\">\r\n    <div class=\"inner text-center\">\r\n            <div class=\"subtitle\"><span>Y&ecirc;u c&#7847;u b&aacute;o gi&aacute;<\/span><\/div>\r\n                <h2>S&#7861;n s&agrave;ng &#273;&#7875; b&#7855;t &#273;&#7847;u?<\/h2>\r\n                <p>C&aacute;c chuy&ecirc;n gia c&#7911;a ch&uacute;ng t&ocirc;i s&#7869; s&#7899;m li&ecirc;n h&#7879;<\/p>\r\n                <p class=\"pt-3 mb-0\">\r\n            <!-- <a href=\"https:\/\/www.iptp.us\/vi\/request-a-quote\/?post=9658\" class=\"btn-primary-rounded-pill d-inline-block\">Y&ecirc;u c&#7847;u b&aacute;o gi&aacute;<\/a> -->\r\n            <a href=\"#\" class=\"btn-primary-rounded-pill d-inline-block js_btn_request_form_all\">Y&ecirc;u c&#7847;u b&aacute;o gi&aacute;<\/a>\r\n        <\/p>\r\n        <\/div>\r\n<\/div>\n","protected":false},"excerpt":{"rendered":"<p>Our facilities are situated in all of major destinations of choice for the world\u2019s largest and most powerful companies, internet providers and corporate networks. We operate ultra-fast Trans-Atlantic fiber-channels connecting our clients to all the m&#8230;<\/p>\n","protected":false},"author":1,"featured_media":0,"parent":90,"menu_order":0,"comment_status":"closed","ping_status":"closed","template":"template-inner-page.php","meta":[],"acf":[],"aioseo_notices":[],"_links":{"self":[{"href":"https:\/\/www.iptp.us\/vi\/wp-json\/wp\/v2\/pages\/9658"}],"collection":[{"href":"https:\/\/www.iptp.us\/vi\/wp-json\/wp\/v2\/pages"}],"about":[{"href":"https:\/\/www.iptp.us\/vi\/wp-json\/wp\/v2\/types\/page"}],"author":[{"embeddable":true,"href":"https:\/\/www.iptp.us\/vi\/wp-json\/wp\/v2\/users\/1"}],"replies":[{"embeddable":true,"href":"https:\/\/www.iptp.us\/vi\/wp-json\/wp\/v2\/comments?post=9658"}],"version-history":[{"count":304,"href":"https:\/\/www.iptp.us\/vi\/wp-json\/wp\/v2\/pages\/9658\/revisions"}],"predecessor-version":[{"id":39157,"href":"https:\/\/www.iptp.us\/vi\/wp-json\/wp\/v2\/pages\/9658\/revisions\/39157"}],"up":[{"embeddable":true,"href":"https:\/\/www.iptp.us\/vi\/wp-json\/wp\/v2\/pages\/90"}],"wp:attachment":[{"href":"https:\/\/www.iptp.us\/vi\/wp-json\/wp\/v2\/media?parent=9658"}],"curies":[{"name":"wp","href":"https:\/\/api.w.org\/{rel}","templated":true}]}}