{"id":75,"date":"2019-08-29T10:00:29","date_gmt":"2019-08-29T07:00:29","guid":{"rendered":"https:\/\/web-mng.iptp.com\/?page_id=75"},"modified":"2026-02-04T06:34:58","modified_gmt":"2026-02-04T03:34:58","slug":"careers","status":"publish","type":"page","link":"https:\/\/www.iptp.us\/vi\/careers\/","title":{"rendered":"Ngh\u1ec1 Nghi\u1ec7p"},"content":{"rendered":"<p>C&aacute;c v&#259;n ph&ograve;ng c&#7911;a IPTP Networks n&#7857;m tr&ecirc;n kh&#7855;p th&#7871; gi&#7899;i &ndash; khu v&#7921;c Ch&acirc;u M&#7929;, Ch&acirc;u &Aacute; Th&aacute;i B&igrave;nh D&#432;&#417;ng v&agrave; Li&ecirc;n minh Ch&acirc;u &Acirc;u. Ch&uacute;ng t&ocirc;i &#273;ang t&igrave;m ki&#7871;m c&aacute;c chuy&ecirc;n gia c&oacute; ni&#7873;m &#273;am m&ecirc; Networking &#273;&#7875; tham gia nh&oacute;m chuy&ecirc;n gia c&#7911;a ch&uacute;ng t&ocirc;i v&agrave; gi&uacute;p ch&uacute;ng t&ocirc;i n&acirc;ng cao c&ocirc;ng ty c&#7911;a ch&uacute;ng t&ocirc;i l&ecirc;n m&#7897;t t&#7847;m cao m&#7899;i.<\/p><p>Cho d&ugrave; b&#7841;n c&oacute; kinh nghi&#7879;m tr&#432;&#7899;c &#273;&acirc;y trong ng&agrave;nh c&ocirc;ng nghi&#7879;p ho&#7863;c b&#7841;n l&agrave; m&#7897;t th&#7921;c t&#7853;p sinh mu&#7889;n t&igrave;m hi&#7875;u th&ecirc;m v&#7873; c&aacute;c gi&#7843;i ph&aacute;p m&#7841;ng, &#273;&oacute; l&agrave; s&#7921; ph&aacute;t tri&#7875;n c&#7911;a b&#7841;n cho s&#7921; ho&agrave;n h&#7843;o v&agrave; s&#7921; h&aacute;o h&#7913;c &#273;&#7875; t&igrave;m hi&#7875;u r&#7857;ng ch&uacute;ng t&ocirc;i &#273;ang t&igrave;m ki&#7871;m.<\/p><p><img decoding=\"async\" loading=\"lazy\" class=\"lazy size-full wp-image-845 aligncenter\" src=\"data:image\/gif;base64,R0lGODlhAQABAAD\/ACwAAAAAAQABAAACADs=\" data-src=\"\/wp-content\/uploads\/career_header.png\" alt=\"career_header\" width=\"1024\" height=\"200\" srcset=\"https:\/\/www.iptp.us\/wp-content\/uploads\/career_header.png 1024w, https:\/\/www.iptp.us\/wp-content\/uploads\/career_header-300x59.png 300w, https:\/\/www.iptp.us\/wp-content\/uploads\/career_header-768x150.png 768w\" sizes=\"(max-width: 1024px) 100vw, 1024px\"><\/p><noscript><img decoding=\"async\" loading=\"lazy\" class=\"size-full wp-image-845 aligncenter lazy\" src=\"data:image\/gif;base64,R0lGODlhAQABAIAAAAAAAP\/\/\/ywAAAAAAQABAAACAUwAOw==\" alt=\"career_header\" width=\"1024\" height=\"200\" srcset=\"https:\/\/www.iptp.us\/wp-content\/uploads\/career_header.png 1024w, https:\/\/www.iptp.us\/wp-content\/uploads\/career_header-300x59.png 300w, https:\/\/www.iptp.us\/wp-content\/uploads\/career_header-768x150.png 768w\" sizes=\"(max-width: 1024px) 100vw, 1024px\" data-src=\"\/wp-content\/uploads\/career_header.png\"><\/noscript><h5>L&agrave;m vi&#7879;c v&#7899;i IPTP Networks<\/h5><p>M&#7903; r&#7897;ng danh m&#7909;c &#273;&#7847;u t&#432; v&agrave; chuy&ecirc;n m&ocirc;n v&#7873; m&#7841;ng l&#432;&#7899;i r&#7897;ng kh&#7855;p tr&ecirc;n th&#7871; gi&#7899;i. N&#259;ng &#273;&#7897;ng, s&aacute;ng t&#7841;o kinh doanh th&#7921;c ti&#7877;n, c&ocirc;ng ngh&#7879; h&agrave;ng &#273;&#7847;u, nhi&#7879;m v&#7909; ph&#7913;c t&#7841;p v&agrave; c&aacute;c gi&#7843;i ph&aacute;p linh ho&#7841;t.<\/p><p>L&agrave;m vi&#7879;c v&#7899;i &#273;&#7897;i ng&#361; chuy&ecirc;n gia c&#7845;p cao<\/p><p>Want to realize your potential and have a chance to apply your skills? Join IPTP!<\/p><h6>Ch&uacute;ng t&ocirc;i &#273;ang tuy&#7875;n c&aacute;c v&#7883; tr&iacute; sau :<\/h6><p><strong>H&agrave; lan (e-mail: <span class=\"email\">ten.ptpi@rh<\/span> phone: +31 207 147 499)<\/strong><\/p><ul>\n<\/ul><hr style=\"margin: 6px 0px 6px 0px; border-top: 1px dotted #ccc;\"><p><strong>Cyprus (e-mail: <span class=\"email\">ten.ptpi@rh<\/span> phone: +357 25 878860)<\/strong><\/p><ul>\n<\/ul><hr style=\"margin: 6px 0px 6px 0px; border-top: 1px dotted #ccc;\"><p><strong>Peru (e-mail: <span class=\"email\">ep.ptpi@rh<\/span> phone: +51 1 642 00 61)<\/strong><\/p><ul>\n<li><a href=\"https:\/\/www.iptp.us\/vi\/careers\/java-developer\/\">Java developer<\/a><\/li>\n<li><a href=\"https:\/\/www.iptp.us\/vi\/careers\/qa-engineer-software-testing\/\">QA Engineer (Software Testing)<\/a><\/li>\n<li><a href=\"https:\/\/www.iptp.us\/vi\/careers\/peering-engineers\/\">Peering Engineers<\/a><\/li>\n<li><a href=\"https:\/\/www.iptp.us\/vi\/careers\/junior-system-network-engineer\/\">Junior System\/Network Engineer<\/a><\/li>\n<li><a href=\"https:\/\/www.iptp.us\/vi\/careers\/javascript-developer\/\">Javascript developer<\/a><\/li>\n<p><!--\t\n\n<li><a href=\"https:\/\/www.iptp.us\/vi\/careers\/graphic-designer\/\">Ng&#432;&#7901;i thi&#7871;t k&#7871; &#273;&#7891; h&#7885;a<\/a><\/li>\n\n -->\n<\/p><\/ul><hr style=\"margin: 6px 0px 6px 0px; border-top: 1px dotted #ccc;\"><p><strong>New York (e-mail: <span class=\"email\">ten.ptpi@rh<\/span> phone: +1 302 407 4023)<\/strong><\/p><hr style=\"margin: 6px 0px 6px 0px; border-top: 1px dotted #ccc;\"><p><strong>Hong Kong (e-mail: <span class=\"email\">kh.ptpi@rh<\/span> phone: +852 24 383 217)<\/strong><\/p><ul>\n<li><a href=\"https:\/\/www.iptp.us\/vi\/careers\/project-assistant\/\">Project Assistant<\/a><\/li>\n<li><a href=\"https:\/\/www.iptp.us\/vi\/careers\/junior-engineer\/\">Junior Engineer<\/a><\/li>\n<li><a href=\"https:\/\/www.iptp.us\/vi\/careers\/purchasing-warehouse-coordinator\/\">Purchasing and Warehouse Coordinator<\/a><\/li>\n<li><a href=\"https:\/\/www.iptp.us\/vi\/careers\/accounting-and-administrative-assistant\/\">Accounting and Administrative Assistant<\/a><\/li>\n<li><a href=\"https:\/\/www.iptp.us\/vi\/careers\/chief-revenue-officer\/\">Chief Revenue Officer<\/a><\/li>\n<\/ul><hr style=\"margin: 6px 0px 6px 0px; border-top: 1px dotted #ccc;\"><p><strong>Ho Chi Minh, Vietnam (e-mail: <span class=\"email\">nv.ptpi@rh<\/span> phone:+84 871 099 858)<\/strong><\/p><ul>\n<!--      \n\n<li><a href=\"https:\/\/www.iptp.us\/vi\/careers\/qa-specialist\/\">QA Specialist<\/a><\/li>\n\n\n\t \n\n<li><a href=\"https:\/\/www.iptp.us\/vi\/careers\/qa-engineer-software-testing\/\">QA Engineer (Software Testing)<\/a><\/li>\n\n\n\t \n\n<li><a href=\"https:\/\/www.iptp.us\/vi\/careers\/customer-care-engineer\/\">Customer Care Engineer<\/a><\/li>\n\n\n\t \n\n<li><a href=\"https:\/\/www.iptp.us\/vi\/careers\/digital-marketing-specialist\/\">Digital Marketing Specialist<\/a><\/li>\n\n -->\n<li><a href=\"https:\/\/www.iptp.us\/vi\/careers\/frontend-software-developer\/\">Frontend Software Developer<\/a><\/li>\n<\/ul><hr style=\"margin: 6px 0px 6px 0px; border-top: 1px dotted #ccc;\"><p><strong>Da Nang, Vietnam (e-mail: <span class=\"email\">nv.ptpi@rh<\/span> phone:+84 871 099 858)<\/strong><\/p><ul>\n<!-- \t\n\n<li><a href=\"https:\/\/www.iptp.us\/vi\/careers\/java-developer\/\">Java developer<\/a><\/li>\n\n\n\t\n\n<li><a href=\"https:\/\/www.iptp.us\/vi\/careers\/qa-engineer-software-testing\/\">QA Engineer (Software Testing)<\/a><\/li>\n\n\n\t\n\n<li><a href=\"https:\/\/www.iptp.us\/vi\/careers\/peering-engineers\/\">Peering Engineers<\/a><\/li>\n\n\n    \n\n<li><a href=\"https:\/\/www.iptp.us\/vi\/careers\/junior-systemnetwork-engineer\/\">Network\/System Engineer (Junior-Senior level)<\/a><\/li>\n\n\n\t\n\n<li><a href=\"https:\/\/www.iptp.us\/vi\/careers\/javascript-developer\/\">Javascript developer<\/a><\/li>\n\n\n\t\n\n<li><a href=\"https:\/\/www.iptp.us\/vi\/careers\/customer-care-engineer\/\">Customer Care Engineer<\/a><\/li>\n\n\n\t\n\n<li><a href=\"https:\/\/www.iptp.us\/vi\/careers\/digital-marketing-specialist\/\">Digital Marketing Specialist<\/a><\/li>\n\n -->\n<li><a href=\"https:\/\/www.iptp.us\/vi\/careers\/frontend-software-developer\/\">Frontend Software Developer<\/a><\/li>\n<\/ul><hr style=\"margin: 6px 0px 6px 0px; border-top: 1px dotted #ccc;\"><h6>Tuy&#7875;n d&#7909;ng v&#7899;i nh&#7919;ng &#7913;ng vi&ecirc;n c&oacute; kinh nghi&#7879;m:<\/h6><p><strong>Sales<\/strong><\/p><p>Ch&#7881; c&#7847;n nh&#7919;ng ng&#432;&#7901;i c&oacute; &#273;&#7883;nh h&#432;&#7899;ng theo nh&oacute;m m&#7899;i &#273;&#432;&#7907;c &aacute;p d&#7909;ng. T&#432; duy ph&acirc;n t&iacute;ch c&#7847;n thi&#7871;t &#273;&#7875; gi&#7843;i quy&#7871;t c&aacute;c tr&#432;&#7901;ng h&#7907;p ph&aacute;t tri&#7875;n kinh doanh.<\/p><p>C&oacute; kinh nghi&#7879;m trong vi&#7879;c ti&#7871;n h&agrave;nh &#273;&agrave;m ph&aacute;n qua &#273;i&#7879;n tho&#7841;i, ki&#7871;n th&#7913;c v&#7873; &#273;&#7841;o &#273;&#7913;c trong giao ti&#7871;p kinh doanh v&agrave; m&#7889;i quan h&#7879; kinh doanh, k&#7929; n&#259;ng k&#7929; thu&#7853;t trong vi&#7877;n th&ocirc;ng (ng&agrave;nh k&#7929; thu&#7853;t &#273;&#432;&#7907;c hoan ngh&ecirc;nh).<\/p><hr style=\"margin: 6px 0px 6px 0px; border-top: 1px dotted #ccc;\"><p><strong>System Administrators\/Engineers<\/strong><\/p><p>C&oacute; ki&#7871;n th&#7913;c s&acirc;u r&#7897;ng trong l&#297;nh v&#7921;c c&ocirc;ng ngh&#7879; th&ocirc;ng tin v&agrave; c&oacute; th&#7875; gi&#7843;i quy&#7871;t v&#7845;n &#273;&#7873; m&#7897;t c&aacute;ch nhanh ch&oacute;ng v&agrave; hi&#7879;u qu&#7843;. Kh&#7843; n&#259;ng s&#7917; d&#7909;ng s&aacute;ng ki&#7871;n c&#7911;a ri&ecirc;ng b&#7841;n, khi b&#7883; &aacute;p l&#7921;c, trong khi duy tr&igrave; s&#7843;n l&#432;&#7907;ng ch&#7845;t l&#432;&#7907;ng cao l&agrave; &#273;i&#7873;u ki&#7879;n ti&ecirc;n quy&#7871;t.<\/p><hr style=\"margin: 6px 0px 6px 0px; border-top: 1px dotted #ccc;\"><p><strong>Internal Services<\/strong><\/p><p>C&#7847;n c&oacute; c&aacute;n b&#7897; h&agrave;nh ch&iacute;nh c&oacute; tr&igrave;nh &#273;&#7897;. Kinh nghi&#7879;m v&#7873; Quan h&#7879; c&ocirc;ng ch&uacute;ng, k&#7929; n&#259;ng CNTT c&#417; b&#7843;n, ki&#7871;n th&#7913;c v&#7873; ng&ocirc;n ng&#7919; l&agrave; m&#7897;t &#273;i&#7875;m c&#7897;ng. &#7912;ng c&#7917; vi&ecirc;n l&yacute; t&#432;&#7903;ng c&#7847;n c&oacute; k&#7929; n&#259;ng qu&#7843;n tr&#7883; m&#7841;nh v&agrave; ch&uacute; &yacute; &#273;&#7871;n chi ti&#7871;t. Ph&#7843;i c&oacute; k&#7929; n&#259;ng ph&acirc;n t&iacute;ch v&agrave; gi&#7843;i quy&#7871;t v&#7845;n &#273;&#7873; t&#7889;t, ch&#7911; &#273;&#7897;ng v&agrave; c&oacute; c&aacute;ch ti&#7871;p c&#7853;n &ldquo;can &ndash; do&rdquo; &#273;&#7889;i v&#7899;i c&ocirc;ng vi&#7879;c c&#7911;a b&#7841;n.<\/p><h6>Cho sinh vi&ecirc;n<\/h6><p><strong>Internships<\/strong><br>\nC&aacute;c b&#7841;n sinh vi&ecirc;n v&#7899;i tinh th&#7847;n ham h&#7885;c h&#7887;i v&agrave; l&agrave;m vi&#7879;c, IPTP lu&ocirc;n ch&agrave;o &#273;&oacute;n c&aacute;c b&#7841;n v&#7873; v&#7899;i ch&uacute;ng t&ocirc;i.<\/p><hr style=\"margin: 6px 0px 6px 0px; border-top: 1px dotted #ccc;\"><p><strong>Undergraduates<\/strong><br>\nWe offer many collaborative opportunities to serve clients while you grow.<\/p><h6>Li&ecirc;n h&#7879;<\/h6><p>B&#7841;n c&oacute; th&#7875; g&#7903;i CV t&#7899;i &#273;&#7883;a ch&#7881; tr&ecirc;n trang <a href=\"https:\/\/www.iptp.us\/vi\/company\/contacts\/\">li&ecirc;n h&#7879;<\/a> .<br>\nT&#7845;t c&#7843; &#7913;ng vi&ecirc;n s&#7869; &#273;&#432;&#7907;c c&acirc;n nh&#7855;c v&agrave; l&#7901;i b&igrave;nh lu&#7853;n th&iacute;ch h&#7907;p s&#7869; &#273;&#432;&#7907;c cung c&#7845;p .<br>\n&#7912;ng vi&ecirc;n th&agrave;nh c&ocirc;ng s&#7869; &#273;&#432;&#7907;c li&ecirc;n h&#7879; s&#7899;m nh&#7845;t sau cu&#7897;c ph&#7887;ng v&#7845;n.<\/p><hr>\n","protected":false},"excerpt":{"rendered":"<p>C\u00e1c v\u0103n ph\u00f2ng c\u1ee7a IPTP Networks n\u1eb1m tr\u00ean kh\u1eafp th\u1ebf gi\u1edbi &#8211; khu v\u1ef1c Ch\u00e2u M\u1ef9, Ch\u00e2u \u00c1 Th\u00e1i B\u00ecnh D\u01b0\u01a1ng, Li\u00ean minh Ch\u00e2u \u00c2u. Ch\u00fang t\u00f4i \u0111ang t\u00ecm ki\u1ebfm c\u00e1c chuy\u00ean gia c\u00f3 ni\u1ec1m \u0111am m\u00ea Networking \u0111\u1ec3 tham gia nh\u00f3m chuy\u00ean gia c\u1ee7a ch\u00fang t\u00f4i v\u00e0 gi\u00fap ch\u00fang t\u00f4i n&#8230;<\/p>\n","protected":false},"author":1,"featured_media":0,"parent":0,"menu_order":0,"comment_status":"closed","ping_status":"closed","template":"","meta":[],"acf":[],"aioseo_notices":[],"_links":{"self":[{"href":"https:\/\/www.iptp.us\/vi\/wp-json\/wp\/v2\/pages\/75"}],"collection":[{"href":"https:\/\/www.iptp.us\/vi\/wp-json\/wp\/v2\/pages"}],"about":[{"href":"https:\/\/www.iptp.us\/vi\/wp-json\/wp\/v2\/types\/page"}],"author":[{"embeddable":true,"href":"https:\/\/www.iptp.us\/vi\/wp-json\/wp\/v2\/users\/1"}],"replies":[{"embeddable":true,"href":"https:\/\/www.iptp.us\/vi\/wp-json\/wp\/v2\/comments?post=75"}],"version-history":[{"count":1328,"href":"https:\/\/www.iptp.us\/vi\/wp-json\/wp\/v2\/pages\/75\/revisions"}],"predecessor-version":[{"id":38957,"href":"https:\/\/www.iptp.us\/vi\/wp-json\/wp\/v2\/pages\/75\/revisions\/38957"}],"wp:attachment":[{"href":"https:\/\/www.iptp.us\/vi\/wp-json\/wp\/v2\/media?parent=75"}],"curies":[{"name":"wp","href":"https:\/\/api.w.org\/{rel}","templated":true}]}}