{"id":437,"date":"2016-10-12T13:49:33","date_gmt":"2016-10-12T10:49:33","guid":{"rendered":"https:\/\/web-mng.iptp.com\/?page_id=437"},"modified":"2026-01-13T12:01:11","modified_gmt":"2026-01-13T09:01:11","slug":"unified-communication","status":"publish","type":"page","link":"https:\/\/www.iptp.us\/vi\/business-solutions\/managed-services\/unified-communication\/","title":{"rendered":"D\u1ecbch V\u1ee5 Qu\u1ea3n L\u00fd H\u1ee3p Nh\u1ea5t Giao Ti\u1ebfp"},"content":{"rendered":"<p>D&#7883;ch v&#7909; qu&#7843;n l&yacute; th&#7889;ng nh&#7845;t th&ocirc;ng tin giao ti&#7871;p l&agrave; b&#7843;o m&#7853;t an to&agrave;n to&agrave;n di&#7879;n, gi&#7843;i ph&aacute;p IP ch&#7913;ng t&#7887; trong ng&agrave;nh v&agrave; &#273;&atilde; &#273;&#432;&#7907;c ph&acirc;n ph&#7889;i &#273;i&#7879;n tho&#7841;i IP t&#7899;i h&#417;n nhi&#7873;u c&ocirc;ng ty h&#417;n nh&#7919;ng c&aacute;i kh&aacute;c. S&#7843;n xu&#7845;t b&#7903;i Cisco, gi&#7843;i ph&aacute;p n&agrave;y bao g&#7891;m D&#7919; li&#7879;u, H&#7897;i tho&#7841;i, Video v&agrave; nh&#7919;ng s&#7843;n ph&#7849;m di &#273;&#7897;ng &#273;&#7875; l&agrave;m cho giao ti&#7871;p th&ocirc;ng tin d&#7877; d&agrave;ng h&#417;n.<\/p><h5>L&#7906;I &Iacute;CH:<\/h5><ul>\n<li>&#272;&#432;&#7907;c thi&#7871;t k&#7871; &#273;&#7875; tr&#7907; gi&uacute;p c&ocirc;ng ty c&#7911;a b&#7841;n tri&#7875;n khai nh&#7919;ng c&ocirc;ng ngh&#7879; ti&#7871;n b&#7897; v&#7899;i vi&#7879;c gi&#7843;m r&#7911;i ro v&agrave; gi&#7843;m chi ph&iacute;<\/li>\n<li>Cung c&#7845;p n&#259;ng su&#7845;t s&acirc;u r&#7897;ng th&iacute;ch h&#7907;p v&#7899;i b&#7845;t k&#7923; lo&#7841;i h&igrave;nh kinh doanh n&agrave;o, quy m&ocirc; &#273;&#7897;c l&#7853;p<\/li>\n<li>T&iacute;ch h&#7907;p ch&#7863;t ch&#7869; giao ti&#7871;p th&ocirc;ng tin v&#7899;i quy tr&igrave;nh kinh doanh<\/li>\n<li>K&#7871;t n&#7889;i m&#7885;i ng&#432;&#7901;i thay v&igrave; thi&#7871;t b&#7883;<\/li>\n<li>Cung c&#7845;p th&ocirc;ng tin &#273;&#7841;i di&#7879;n v&agrave; tham kh&#7843;o c&aacute;i c&oacute; th&#7875; gi&uacute;p ch&#7855;c ch&#7855;n truy&#7873;n t&#7843;i th&ocirc;ng tin nhanh th&ocirc;ng qua ph&#432;&#417;ng ti&#7879;n hi&#7879;u qu&#7843; nh&#7845;t<\/li>\n<\/ul><hr><h6>H&#7906;P NH&#7844;T TH&Ocirc;NG TIN KINH DOANH: <\/h6><p>Th&ocirc;ng qua d&#7883;ch v&#7909; n&agrave;y, IPTP Networks cung c&#7845;p h&#7907;p nh&#7845;t h&#7897;i tho&#7841;i, video, d&#7919; li&#7879;u v&agrave; truy&#7873;n th&ocirc;ng di &#273;&#7897;ng cho m&ocirc;i tr&#432;&#7901;ng kinh doanh c&#7911;a b&#7841;n. Ch&uacute;ng t&ocirc;i k&#7871;t n&#7889;i b&#7841;n t&#7899;i thi&#7871;t b&#7883; giao ti&#7871;p (PCs, Phones) v&agrave; &#7913;ng d&#7909;ng (Video cu&#7897;c h&#7885;p, l&#7883;ch l&agrave;m vi&#7879;c) sao cho h&#7885; c&oacute; th&#7875; truy c&#7853;p b&#7845;t k&#7923; th&#7901;i gian n&agrave;o v&agrave; t&#7915; b&#7845;t k&#7923; &#273;&acirc;u, trong khi t&#7845;t c&#7843; &#273;&#432;&#7907;c h&#7895; tr&#7907; giao di&#7879;n m&#7903; cho ph&eacute;p c&aacute;c lo&#7841;i &#7913;ng d&#7909;ng kh&aacute;c c&oacute; th&#7875; &#273;&#432;&#7907;c th&ecirc;m v&agrave;o. K&#7871;t qu&#7843; l&agrave;, b&#7841;n nh&#7853;n &#273;&#432;&#7907;c ch&#7845;t l&#432;&#7907;ng cao, d&#7883;ch v&#7909; do Cisco cung c&#7845;p l&agrave;m ch&#7855;c m&#7897;t tr&#7843;i nghi&#7879;p nh&#7845;t qu&aacute;n v&agrave; c&ocirc;ng su&#7845;t b&#7843;o m&#7853;t cao.<\/p><h6>H&#7906;P NH&#7844;T TH&Ocirc;NG TIN L&#431;U TR&#7918; : <\/h6><p>V&#7899;i d&#7883;ch v&#7909; do Cisco cung c&#7845;p n&agrave;y, b&#7841;n kh&ocirc;ng c&#7847;n s&#7905; h&#7919;u m&#7897;t IP giao ti&#7871;p m&#7841;ng &#273;&#7875; c&oacute; &#273;&#432;&#7907;c t&#7845;t c&#7843; l&#7907;i &iacute;ch t&#7915; d&#7883;ch v&#7909; n&agrave;y. N&oacute; m&#7903; ra cho b&#7841;n gi&agrave;nh l&#7845;y doanh thu m&agrave; kh&ocirc;ng th&ecirc;m chi ph&iacute; n&agrave;o, h&#7895; tr&#7907; n&#7873;n t&#7843;ng &#273;i&#7879;n tho&#7841;i IP s&acirc;u r&#7897;ng v&agrave; cung c&#7845;p cho b&#7841;n v&#7899;i m&#7897;t k&#7871; ho&#7841;ch quay s&#7889; duy nh&#7845;t, c&agrave;i &#273;&#7863;t s&#7889; &#273;i&#7879;n tho&#7841;i, voicemail v&agrave; nh&#7919;ng t&agrave;i nguy&ecirc;n kh&aacute;c v&agrave; gi&uacute;p b&#7841;n ti&#7871;t ki&#7879;m th&#7901;i gian v&agrave; ti&#7873;n b&#7841;c.<\/p><h6>H&#7906;P NH&#7844;T TRUNG T&Acirc;M LI&Ecirc;N L&#7840;C: <\/h6><p>D&#7883;ch v&#7909; qu&#7843;n l&yacute; th&#7889;ng nh&#7845;t trung t&acirc;m li&ecirc;n l&#7841;c &#273;&#432;&#7907;c Cisco cung c&#7845;p c&#7911;a ch&uacute;ng t&ocirc;i cung c&#7845;p t&#7853;p trung, IP h&#7841; t&#7847;ng h&#7895; tr&#7907; truy&#7873;n t&#7843;i s&#7889; l&#432;&#7907;ng l&#7899;n c&aacute;c trang web. Ch&uacute;ng t&ocirc;i cung c&#7845;p &#273;&#7847;y &#273;&#7911; d&#7883;ch v&#7909; qu&#7843;n l&yacute; li&ecirc;n l&#7841;c th&iacute;ch h&#7907;p, v&agrave; ki&#7875;m so&aacute;t qu&#7843;n tr&#7883; m&#7903; cho m&ocirc;i tr&#432;&#7901;ng c&#7911;a b&#7841;n, c&#361;ng nh&#432; l&agrave; c&ocirc;ng su&#7845;t t&iacute;ch h&#7907;p c&ocirc;ng c&#7909; c&#7897;ng t&aacute;c website, m&agrave;n h&igrave;nh CTI b&#7853;t l&ecirc;n v&agrave; nhi&#7873;u n&#7873;n t&#7843;ng h&#7919;u &iacute;ch kh&aacute;c.<\/p><hr>\n","protected":false},"excerpt":{"rendered":"<p> D\u1ecbch v\u1ee5 qu\u1ea3n l\u00fd th\u1ed1ng nh\u1ea5t th\u00f4ng tin giao ti\u1ebfp l\u00e0 b\u1ea3o m\u1eadt an to\u00e0n to\u00e0n di\u1ec7n, gi\u1ea3i ph\u00e1p IP ch\u1ee9ng t\u1ecf trong ng\u00e0nh v\u00e0 \u0111\u00e3 \u0111\u01b0\u1ee3c ph\u00e2n ph\u1ed1i \u0111i\u1ec7n tho\u1ea1i IP t\u1edbi h\u01a1n nhi\u1ec1u c\u00f4ng ty h\u01a1n nh\u1eefng c\u00e1i kh\u00e1c. S\u1ea3n xu\u1ea5t b\u1edfi Cisco, gi\u1ea3i ph\u00e1p n\u00e0y bao g\u1ed3m&#8230;<\/p>\n","protected":false},"author":1,"featured_media":0,"parent":157,"menu_order":0,"comment_status":"closed","ping_status":"closed","template":"","meta":[],"acf":[],"aioseo_notices":[],"_links":{"self":[{"href":"https:\/\/www.iptp.us\/vi\/wp-json\/wp\/v2\/pages\/437"}],"collection":[{"href":"https:\/\/www.iptp.us\/vi\/wp-json\/wp\/v2\/pages"}],"about":[{"href":"https:\/\/www.iptp.us\/vi\/wp-json\/wp\/v2\/types\/page"}],"author":[{"embeddable":true,"href":"https:\/\/www.iptp.us\/vi\/wp-json\/wp\/v2\/users\/1"}],"replies":[{"embeddable":true,"href":"https:\/\/www.iptp.us\/vi\/wp-json\/wp\/v2\/comments?post=437"}],"version-history":[{"count":79,"href":"https:\/\/www.iptp.us\/vi\/wp-json\/wp\/v2\/pages\/437\/revisions"}],"predecessor-version":[{"id":38843,"href":"https:\/\/www.iptp.us\/vi\/wp-json\/wp\/v2\/pages\/437\/revisions\/38843"}],"up":[{"embeddable":true,"href":"https:\/\/www.iptp.us\/vi\/wp-json\/wp\/v2\/pages\/157"}],"wp:attachment":[{"href":"https:\/\/www.iptp.us\/vi\/wp-json\/wp\/v2\/media?parent=437"}],"curies":[{"name":"wp","href":"https:\/\/api.w.org\/{rel}","templated":true}]}}