{"id":431,"date":"2016-10-12T13:48:25","date_gmt":"2016-10-12T10:48:25","guid":{"rendered":"https:\/\/web-mng.iptp.com\/?page_id=431"},"modified":"2025-06-12T13:53:40","modified_gmt":"2025-06-12T10:53:40","slug":"wlan","status":"publish","type":"page","link":"https:\/\/www.iptp.us\/vi\/business-solutions\/integration-services\/wlan\/","title":{"rendered":"WLAN"},"content":{"rendered":"<h2>C&Aacute;C GI&#7842;I PH&Aacute;P M&#7840;NG KH&Ocirc;NG D&Acirc;Y<\/h2><p>Gi&#7843;i ph&aacute;p m&#7841;ng kh&ocirc;ng d&acirc;y WLAN (Wireless Local Area Network) cho c&aacute;c doanh nghi&#7879;p v&agrave; t&#7893; ch&#7913;c.<\/p><h2>C&aacute;c gi&#7843;i ph&aacute;p WLAN c&#7911;a IPTP Networks bao g&#7891;m:<\/h2><ul>\n<li><strong>WLAN t&iacute;ch h&#7907;p:<\/strong> <span style=\"font-weight: 400;\">IPTP Networks cung c&#7845;p d&#7883;ch v&#7909; t&iacute;ch h&#7907;p WLAN &#273;&#7875; gi&uacute;p kh&aacute;ch h&agrave;ng tri&#7875;n khai c&aacute;c gi&#7843;i ph&aacute;p m&#7841;ng kh&ocirc;ng d&acirc;y cho m&ocirc;i tr&#432;&#7901;ng doanh nghi&#7879;p c&#7911;a m&igrave;nh. D&#7883;ch v&#7909; n&agrave;y bao g&#7891;m kh&#7843; n&#259;ng t&iacute;ch h&#7907;p c&aacute;c gi&#7843;i ph&aacute;p WLAN v&agrave;o m&#7841;ng c&oacute; s&#7861;n c&#7911;a kh&aacute;ch h&agrave;ng, &#273;&#7891;ng b&#7897; h&oacute;a v&#7899;i c&aacute;c &#7913;ng d&#7909;ng v&agrave; h&#7879; th&#7889;ng kh&aacute;c trong m&#7841;ng.<\/span><\/li>\n<li><strong>Qu&#7843;n l&yacute; m&#7841;ng WLAN:<\/strong> IPTP Networks cung c&#7845;p c&aacute;c d&#7883;ch v&#7909; qu&#7843;n l&yacute; m&#7841;ng WLAN &#273;&#7875; gi&uacute;p kh&aacute;ch h&agrave;ng theo d&otilde;i v&agrave; qu&#7843;n l&yacute; c&aacute;c thi&#7871;t b&#7883; WLAN trong m&ocirc;i tr&#432;&#7901;ng doanh nghi&#7879;p. C&aacute;c d&#7883;ch v&#7909; qu&#7843;n l&yacute; m&#7841;ng WLAN bao g&#7891;m gi&aacute;m s&aacute;t m&#7841;ng, qu&#7843;n l&yacute; b&#259;ng th&ocirc;ng, qu&#7843;n l&yacute; thi&#7871;t b&#7883;, b&#7843;o m&#7853;t v&agrave; h&#7895; tr&#7907;.<\/li>\n<li><strong>D&#7883;ch v&#7909; chuy&#7875;n &#273;&#7893;i WLAN:<\/strong> IPTP Networks cung c&#7845;p c&aacute;c d&#7883;ch v&#7909; chuy&#7875;n &#273;&#7893;i WLAN &#273;&#7875; gi&uacute;p kh&aacute;ch h&agrave;ng chuy&#7875;n &#273;&#7893;i t&#7915; gi&#7843;i ph&aacute;p m&#7841;ng kh&ocirc;ng d&acirc;y hi&#7879;n t&#7841;i sang gi&#7843;i ph&aacute;p m&#7899;i h&#417;n ho&#7863;c &#273;&#7891;ng b&#7897; h&oacute;a v&#7899;i c&aacute;c gi&#7843;i ph&aacute;p kh&aacute;c trong m&#7841;ng.<\/li>\n<li><strong>D&#7883;ch v&#7909; b&#7843;o m&#7853;t WLAN:<\/strong> IPTP Networks cung c&#7845;p c&aacute;c d&#7883;ch v&#7909; b&#7843;o m&#7853;t WLAN &#273;&#7875; gi&uacute;p kh&aacute;ch h&agrave;ng b&#7843;o v&#7879; m&#7841;ng WLAN kh&#7887;i c&aacute;c m&#7889;i &#273;e d&#7885;a b&#7843;o m&#7853;t. C&aacute;c d&#7883;ch v&#7909; b&#7843;o m&#7853;t WLAN bao g&#7891;m ki&#7875;m tra b&#7843;o m&#7853;t, x&aacute;c th&#7921;c v&agrave; qu&#7843;n l&yacute; truy c&#7853;p.<\/li>\n<\/ul><h2>Tri&#7875;n Khai:<\/h2><p class=\"text-center\"><img decoding=\"async\" loading=\"lazy\" class=\"lazy alignnone size-full wp-image-713\" src=\"data:image\/gif;base64,R0lGODlhAQABAAD\/ACwAAAAAAQABAAACADs=\" data-src=\"\/wp-content\/uploads\/aapd.jpg\" alt=\"aapd\" width=\"688\" height=\"651\" srcset=\"https:\/\/www.iptp.us\/wp-content\/uploads\/aapd.jpg 688w, https:\/\/www.iptp.us\/wp-content\/uploads\/aapd-300x284.jpg 300w\" sizes=\"(max-width: 688px) 100vw, 688px\"><\/p><noscript><img decoding=\"async\" loading=\"lazy\" class=\"alignnone size-full wp-image-713 lazy\" src=\"data:image\/gif;base64,R0lGODlhAQABAIAAAAAAAP\/\/\/ywAAAAAAQABAAACAUwAOw==\" alt=\"aapd\" width=\"688\" height=\"651\" srcset=\"https:\/\/www.iptp.us\/wp-content\/uploads\/aapd.jpg 688w, https:\/\/www.iptp.us\/wp-content\/uploads\/aapd-300x284.jpg 300w\" sizes=\"(max-width: 688px) 100vw, 688px\" data-src=\"\/wp-content\/uploads\/aapd.jpg\"><\/noscript><p class=\"text-center\"><strong>H&igrave;nh. 1.<\/strong> Tri&#7875;n khai &#273;i&#7875;m truy c&#7853;p t&#7921; &#273;i&#7873;u khi&#7875;n<\/p><p class=\"text-center\"><img decoding=\"async\" loading=\"lazy\" class=\"lazy alignnone size-full wp-image-714\" src=\"data:image\/gif;base64,R0lGODlhAQABAAD\/ACwAAAAAAQABAAACADs=\" data-src=\"\/wp-content\/uploads\/uapd.jpg\" alt=\"uapd\" width=\"674\" height=\"547\" srcset=\"https:\/\/www.iptp.us\/wp-content\/uploads\/uapd.jpg 674w, https:\/\/www.iptp.us\/wp-content\/uploads\/uapd-300x243.jpg 300w\" sizes=\"(max-width: 674px) 100vw, 674px\"><\/p><noscript><img decoding=\"async\" loading=\"lazy\" class=\"alignnone size-full wp-image-714 lazy\" src=\"data:image\/gif;base64,R0lGODlhAQABAIAAAAAAAP\/\/\/ywAAAAAAQABAAACAUwAOw==\" alt=\"uapd\" width=\"674\" height=\"547\" srcset=\"https:\/\/www.iptp.us\/wp-content\/uploads\/uapd.jpg 674w, https:\/\/www.iptp.us\/wp-content\/uploads\/uapd-300x243.jpg 300w\" sizes=\"(max-width: 674px) 100vw, 674px\" data-src=\"\/wp-content\/uploads\/uapd.jpg\"><\/noscript><p class=\"text-center\"><strong>H&igrave;nh. 2:<\/strong> Tri&#7875;n khai &#273;i&#7875;m truy c&#7853;p h&#7907;p nh&#7845;t<\/p>\n","protected":false},"excerpt":{"rendered":"<p> NHI\u1ec0U GI\u1ea2I PH\u00c1P M\u1ea0NG KH\u00d4NG D\u00c2Y <\/p>\n<p> \u0110i\u1ec3m truy c\u1eadp l\u00e0 th\u00e0nh ph\u1ea7n quan tr\u1ecdng c\u1ee7a m\u1ea1ng kh\u00f4ng d\u00e2y Cisco\u00ae Unified. \u0110i\u1ec3m truy c\u1eadp b\u0103ng th\u00f4ng \u0111\u01a1n v\u00e0 b\u0103ng th\u00f4ng kep r\u1ed9ng \u0111\u01b0\u1ee3c thi\u1ebft k\u1ebf cho v\u0103n ph\u00f2ng v\u00e0 nh\u1eefng m\u00f4i tr\u01b0\u1eddng t\u01b0&#8230;<\/p>\n","protected":false},"author":1,"featured_media":0,"parent":417,"menu_order":0,"comment_status":"closed","ping_status":"closed","template":"","meta":[],"acf":[],"aioseo_notices":[],"_links":{"self":[{"href":"https:\/\/www.iptp.us\/vi\/wp-json\/wp\/v2\/pages\/431"}],"collection":[{"href":"https:\/\/www.iptp.us\/vi\/wp-json\/wp\/v2\/pages"}],"about":[{"href":"https:\/\/www.iptp.us\/vi\/wp-json\/wp\/v2\/types\/page"}],"author":[{"embeddable":true,"href":"https:\/\/www.iptp.us\/vi\/wp-json\/wp\/v2\/users\/1"}],"replies":[{"embeddable":true,"href":"https:\/\/www.iptp.us\/vi\/wp-json\/wp\/v2\/comments?post=431"}],"version-history":[{"count":124,"href":"https:\/\/www.iptp.us\/vi\/wp-json\/wp\/v2\/pages\/431\/revisions"}],"predecessor-version":[{"id":37064,"href":"https:\/\/www.iptp.us\/vi\/wp-json\/wp\/v2\/pages\/431\/revisions\/37064"}],"up":[{"embeddable":true,"href":"https:\/\/www.iptp.us\/vi\/wp-json\/wp\/v2\/pages\/417"}],"wp:attachment":[{"href":"https:\/\/www.iptp.us\/vi\/wp-json\/wp\/v2\/media?parent=431"}],"curies":[{"name":"wp","href":"https:\/\/api.w.org\/{rel}","templated":true}]}}