{"id":417,"date":"2016-10-12T13:46:10","date_gmt":"2016-10-12T10:46:10","guid":{"rendered":"https:\/\/web-mng.iptp.com\/?page_id=417"},"modified":"2025-05-14T10:04:08","modified_gmt":"2025-05-14T07:04:08","slug":"integration-services","status":"publish","type":"page","link":"https:\/\/www.iptp.us\/vi\/business-solutions\/integration-services\/","title":{"rendered":"D\u1ecbch v\u1ee5 t\u00edch h\u1ee3p"},"content":{"rendered":"<p>C&aacute;c d&#7883;ch v&#7909; t&iacute;ch h&#7907;p c&#7911;a ch&uacute;ng t&ocirc;i:<\/p><ul>\n<li><a href=\"https:\/\/www.iptp.us\/vi\/business-solutions\/integration-services\/xaas\/\">XAAS<\/a><\/li>\n<li>Thi&#7871;t k&#7871; m&#7841;ng<\/li>\n<li><a href=\"https:\/\/www.iptp.us\/vi\/business-solutions\/managed-services\/ip-telephony\/\">T&iacute;ch h&#7907;p &#273;i&#7879;n tho&#7841;i IP<\/a><\/li>\n<li><a href=\"https:\/\/www.iptp.us\/vi\/business-solutions\/integration-services\/cisco-unified-communication\/\">Giao ti&#7871;p h&#7907;p nh&#7845;t Cisco<\/a><\/li>\n<li>LAN<\/li>\n<li>WAN<\/li>\n<li><a href=\"https:\/\/www.iptp.us\/vi\/business-solutions\/integration-services\/vsat\/\">VSAT<\/a><\/li>\n<li><a href=\"https:\/\/www.iptp.us\/vi\/business-solutions\/integration-services\/wlan\/\">WLAN<\/a><\/li>\n<\/ul><hr>\n","protected":false},"excerpt":{"rendered":"<p>D\u1ecbch v\u1ee5 t\u00edch h\u1ee3p c\u1ee7a ch\u00fang t\u00f4i gi\u00fap b\u1ea1n duy tr\u00ec :<\/p>\n<p> \t  Thi\u1ebft k\u1ebf m\u1ea1ng<br \/>\n \t <a href=\"\/our-products\/iptp-smart-premises\/iptp-smartspaces-automati...\n<\/p>\n","protected":false},"author":1,"featured_media":0,"parent":9681,"menu_order":0,"comment_status":"closed","ping_status":"closed","template":"","meta":[],"acf":[],"aioseo_notices":[],"_links":{"self":[{"href":"https:\/\/www.iptp.us\/vi\/wp-json\/wp\/v2\/pages\/417"}],"collection":[{"href":"https:\/\/www.iptp.us\/vi\/wp-json\/wp\/v2\/pages"}],"about":[{"href":"https:\/\/www.iptp.us\/vi\/wp-json\/wp\/v2\/types\/page"}],"author":[{"embeddable":true,"href":"https:\/\/www.iptp.us\/vi\/wp-json\/wp\/v2\/users\/1"}],"replies":[{"embeddable":true,"href":"https:\/\/www.iptp.us\/vi\/wp-json\/wp\/v2\/comments?post=417"}],"version-history":[{"count":140,"href":"https:\/\/www.iptp.us\/vi\/wp-json\/wp\/v2\/pages\/417\/revisions"}],"predecessor-version":[{"id":36083,"href":"https:\/\/www.iptp.us\/vi\/wp-json\/wp\/v2\/pages\/417\/revisions\/36083"}],"up":[{"embeddable":true,"href":"https:\/\/www.iptp.us\/vi\/wp-json\/wp\/v2\/pages\/9681"}],"wp:attachment":[{"href":"https:\/\/www.iptp.us\/vi\/wp-json\/wp\/v2\/media?parent=417"}],"curies":[{"name":"wp","href":"https:\/\/api.w.org\/{rel}","templated":true}]}}