{"id":4071,"date":"2020-04-09T15:30:12","date_gmt":"2020-04-09T12:30:12","guid":{"rendered":"https:\/\/web-dev.iptp.net\/?page_id=4071"},"modified":"2025-06-12T12:49:15","modified_gmt":"2025-06-12T09:49:15","slug":"remote-ix","status":"publish","type":"page","link":"https:\/\/www.iptp.us\/vi\/internet-access\/remote-ix\/","title":{"rendered":"Peering T\u1eeb Xa"},"content":{"rendered":"<div class=\"mb-4\" style=\"background:url(\/wp-content\/uploads\/remotix22-1.jpg) no-repeat center\/cover ;\">\n<div class=\"text-white p-3 p-lg-5 ms-4 text-shadow-xs\">\n<h2 class=\"card-title text-white mb-5 fs-3rem pb-md-5 mt-0\">PEERING T&#7914; XA<\/h2>\n<p>Gi&#7843;m chi ph&iacute; cho IP Transit<\/p>\n<p>S&#7917; d&#7909;ng c&aacute;c tuy&#7871;n &#273;&#432;&#7901;ng c&oacute; &#273;&#7897; tr&#7877; th&#7845;p nh&#7845;t<\/p>\n<p>K&#7871;t n&#7889;i th&ocirc;ng qua 228 PoP<br>tr&ecirc;n to&agrave;n th&#7871; gi&#7899;i<\/p>\n<\/div>\n<\/div><p>V&#7899;i d&#7883;ch v&#7909; k&#7871;t n&#7889;i t&#7915; xa &#273;&#7871;n c&aacute;c S&agrave;n Internet Exchange v&agrave; peer c&aacute; nh&acirc;n (qua &#273;&#432;&#7901;ng tr&#7909;c L2 EoMPLS &#273;&atilde; &#273;&#432;&#7907;c b&#7843;o v&#7879;),IPTP Networks mang &#273;&#7871;n cho kh&aacute;ch h&agrave;ng v&agrave; &#273;&#7889;i t&aacute;c c&aacute;c gi&#7843;i ph&aacute;p k&#7929; thu&#7853;t t&#7889;i &#432;u l&#432;u l&#432;&#7907;ng traffic ch&#7881; qua 1 c&#7893;ng (port). <\/p><p>Nh&#7901; v&agrave;o h&#7879; th&#7889;ng m&#7841;ng backbone r&#7897;ng c&#7911;a IPTP Networks, &#273;&#7889;i t&aacute;c c&oacute; th&#7875; t&#7921; do l&#7921;a ch&#7885;n tuy&#7871;n &#273;&#432;&#7901;ng ch&iacute;nh theo nhu c&#7847;u v&#7873; &#273;&#7897; tr&#7877; v&agrave; c&aacute;c tuy&#7871;n &#273;&#432;&#7901;ng d&#7921; ph&ograve;ng. H&#417;n n&#7919;a, c&aacute;c &#273;i&#7875;m VPLS v&agrave; peering tr&#7921;c ti&#7871;p c&#361;ng c&oacute; th&#7875; &#273;&#432;&#7907;c th&ecirc;m v&agrave;o s&agrave;n Internet Exchange t&ugrave;y theo nhu c&#7847;u c&#7911;a doanh nghi&#7879;p.<\/p><p>IPTP Networks c&oacute; th&#7875; gi&uacute;p doanh nghi&#7879;p tr&#7903; th&agrave;nh th&agrave;nh vi&ecirc;n ch&iacute;nh th&#7913;c c&#7911;a c&aacute;c S&agrave;n <a href=\"https:\/\/www.iptp.us\/vi\/internet-access\/ix-transit\/\">Internet Exchange<\/a> l&#7899;n nh&#7845;t v&#7899;i chi ph&iacute; c&#7921;c k&igrave; ti&#7871;t ki&#7879;m.<\/p><p>D&#7883;ch v&#7909; Peering T&#7915; Xa (Remote IX) c&#7911;a IPTP kh&ocirc;ng ch&#7881; gi&uacute;p doanh nghi&#7879;p chi&#7871;n l&#432;&#7907;c h&oacute;a v&agrave; v&#7853;n h&agrave;nh c&aacute;c k&#7871; ho&#7841;ch kinh doanh hi&#7879;u qu&#7843;, m&agrave; c&ograve;n gi&uacute;p c&#7855;t gi&#7843;m m&#7897;t l&#432;&#7907;ng chi ph&iacute; &#273;&aacute;ng k&#7875; khi so s&aacute;nh v&#7899;i d&#7883;ch v&#7909; IP Transit (<a href=\"https:\/\/www.iptp.us\/vi\/internet-access\/ip-transit\/\">IP Transit<\/a>) th&ocirc;ng th&#432;&#7901;ng; &#273;&#7891;ng th&#7901;i v&#7851;n &#273;&#7843;m b&#7843;o doanh nghi&#7879;p c&oacute; &#273;&#432;&#7907;c c&aacute;c tuy&#7871;n &#273;&#432;&#7901;ng v&#7899;i &#273;&#7897; tr&#7877;  t&#7889;i &#432;u nh&#7845;t t&#7915; c&aacute;c th&agrave;nh vi&ecirc;n peering. <\/p><p>Ch&uacute;ng t&ocirc;i t&#7921; h&agrave;o l&agrave; th&agrave;nh vi&ecirc;n c&#7911;a h&#417;n 52 S&agrave;n Internet Exchange tr&#7843;i d&agrave;i kh&#7855;p c&aacute;c ch&acirc;u l&#7909;c. D&ugrave; quy m&ocirc; doanh nghi&#7879;p th&#7871; n&agrave;o, v&#7899;i &#273;&#7897; ph&#7911; &#273;&#7883;a l&yacute; &#273;a d&#7841;ng c&#7911;a IPTP Networks, doanh nghi&#7879;p c&oacute; th&#7875;  k&#7871;t n&#7889;i t&#7899;i n&#7873;n t&#7843;ng peering c&#7911;a c&aacute;c &#273;&#7889;i t&aacute;c kh&aacute;c v&#7899;i h&#417;n 228 &#273;i&#7875;m hi&#7879;n di&#7879;n tr&ecirc;n to&agrave;n c&#7847;u.<\/p><h2>S&#416; &#272;&#7890; PEERING T&#7914; XA (REMOTE PEERING):<\/h2><p><img decoding=\"async\" class=\"mt-2 mb-2 lazy\" src=\"data:image\/gif;base64,R0lGODlhAQABAIAAAAAAAP\/\/\/ywAAAAAAQABAAACAUwAOw==\" alt=\"PEERING T&#7914; XA\" data-src=\"\/wp-content\/uploads\/remotepeering2-1.svg\"><\/p><h2>HI&#7878;N T&#7840;I, D&#7882;CH V&#7908; REMOTE PEERING\/REMOTE IX S&#7860;N T&#7840;I:<\/h2><div class=\"p-line-s1\">\n<div>VLANs t&#7899;i:<\/div>\n<div class=\"p-line-pic-s1\"><img decoding=\"async\" src=\"data:image\/gif;base64,R0lGODlhAQABAIAAAAAAAP\/\/\/ywAAAAAAQABAAACAUwAOw==\" alt=\"PEERING T&#7914; XA\" data-src=\"\/wp-content\/uploads\/ixline.svg\" class=\"lazy\"><\/div>\n<\/div><div class=\"row\">\n<div class=\"col-xs-12 col-sm-6 p-mb-20\">\n<div class=\"row\">\n<div class=\"col-4\">\n\t\t\t\t<img decoding=\"async\" src=\"data:image\/gif;base64,R0lGODlhAQABAIAAAAAAAP\/\/\/ywAAAAAAQABAAACAUwAOw==\" alt=\"Any2 Coresite\" data-src=\"\/wp-content\/uploads\/smlogo-coresite.png\" class=\"lazy\">\n\t\t\t<\/div>\n<div class=\"col-8\">\n<div class=\"p-fs-16\"><strong>Any2 Coresite<\/strong><\/div>\n<div class=\"p-fs-14\">Los Angeles, Denver<\/div>\n<\/div>\n<\/div>\n<\/div>\n<div class=\"col-xs-12 col-sm-6 p-mb-20\">\n<div class=\"row\">\n<div class=\"col-4\">\n\t\t\t\t<img decoding=\"async\" src=\"data:image\/gif;base64,R0lGODlhAQABAIAAAAAAAP\/\/\/ywAAAAAAQABAAACAUwAOw==\" alt=\"JPNAP\" data-src=\"\/wp-content\/uploads\/smlogo-jpnap.png\" class=\"lazy\">\n\t\t\t<\/div>\n<div class=\"col-8\">\n<div class=\"p-fs-16\"><strong>JPNAP<\/strong><\/div>\n<div class=\"p-fs-14\">Tokyo<\/div>\n<\/div>\n<\/div>\n<\/div>\n<div class=\"col-xs-12 col-sm-6 p-mb-20\">\n<div class=\"row\">\n<div class=\"col-4\">\n\t\t\t\t<img decoding=\"async\" src=\"data:image\/gif;base64,R0lGODlhAQABAIAAAAAAAP\/\/\/ywAAAAAAQABAAACAUwAOw==\" alt=\"AMS-IX\" data-src=\"\/wp-content\/uploads\/smlogo-amsix.png\" class=\"lazy\">\n\t\t\t<\/div>\n<div class=\"col-8\">\n<div class=\"p-fs-16\"><strong>AMS-IX<\/strong><\/div>\n<div class=\"p-fs-14\">Amsterdam<\/div>\n<\/div>\n<\/div>\n<\/div>\n<div class=\"col-xs-12 col-sm-6 p-mb-20\">\n<div class=\"row\">\n<div class=\"col-4\">\n\t\t\t\t<img decoding=\"async\" src=\"data:image\/gif;base64,R0lGODlhAQABAIAAAAAAAP\/\/\/ywAAAAAAQABAAACAUwAOw==\" alt=\"LINX\" data-src=\"\/wp-content\/uploads\/smlogo-linx.png\" class=\"lazy\">\n\t\t\t<\/div>\n<div class=\"col-8\">\n<div class=\"p-fs-16\"><strong>LINX<\/strong><\/div>\n<div class=\"p-fs-14\">London<\/div>\n<\/div>\n<\/div>\n<\/div>\n<div class=\"col-xs-12 col-sm-6 p-mb-20\">\n<div class=\"row\">\n<div class=\"col-4\">\n\t\t\t\t<img decoding=\"async\" src=\"data:image\/gif;base64,R0lGODlhAQABAIAAAAAAAP\/\/\/ywAAAAAAQABAAACAUwAOw==\" alt=\"DE-CIX\" data-src=\"\/wp-content\/uploads\/smlogo-decix.png\" class=\"lazy\">\n\t\t\t<\/div>\n<div class=\"col-8\">\n<div class=\"p-fs-16\"><strong>DE-CIX<\/strong><\/div>\n<div class=\"p-fs-14\">Frankfurt, Marseille<\/div>\n<\/div>\n<\/div>\n<\/div>\n<div class=\"col-xs-12 col-sm-6 p-mb-20\">\n<div class=\"row\">\n<div class=\"col-4\">\n\t\t\t\t<img decoding=\"async\" src=\"data:image\/gif;base64,R0lGODlhAQABAIAAAAAAAP\/\/\/ywAAAAAAQABAAACAUwAOw==\" alt=\"Interlan\" data-src=\"\/wp-content\/uploads\/smlogo-interlan.png\" class=\"lazy\">\n\t\t\t<\/div>\n<div class=\"col-8\">\n<div class=\"p-fs-16\"><strong>Interlan<\/strong><\/div>\n<div class=\"p-fs-14\">Bucharest<\/div>\n<\/div>\n<\/div>\n<\/div>\n<div class=\"col-xs-12 col-sm-6 p-mb-20\">\n<div class=\"row\">\n<div class=\"col-4\">\n\t\t\t\t<img decoding=\"async\" src=\"data:image\/gif;base64,R0lGODlhAQABAIAAAAAAAP\/\/\/ywAAAAAAQABAAACAUwAOw==\" alt=\"Netnod\" data-src=\"\/wp-content\/uploads\/smlogo-netnod.png\" class=\"lazy\">\n\t\t\t<\/div>\n<div class=\"col-8\">\n<div class=\"p-fs-16\"><strong>Netnod<\/strong><\/div>\n<div class=\"p-fs-14\">Stockholm<\/div>\n<\/div>\n<\/div>\n<\/div>\n<div class=\"col-xs-12 col-sm-6 p-mb-20\">\n<div class=\"row\">\n<div class=\"col-4\">\n\t\t\t\t<img decoding=\"async\" src=\"data:image\/gif;base64,R0lGODlhAQABAIAAAAAAAP\/\/\/ywAAAAAAQABAAACAUwAOw==\" alt=\"DTEL-IX\" data-src=\"\/wp-content\/uploads\/smlogo-dtelix.png\" class=\"lazy\">\n\t\t\t<\/div>\n<div class=\"col-8\">\n<div class=\"p-fs-16\"><strong>DTEL-IX<\/strong><\/div>\n<div class=\"p-fs-14\">Kiev<\/div>\n<\/div>\n<\/div>\n<\/div>\n<div class=\"col-xs-12 col-sm-6 p-mb-20\">\n<div class=\"row\">\n<div class=\"col-4\">\n\t\t\t\t<img decoding=\"async\" src=\"data:image\/gif;base64,R0lGODlhAQABAIAAAAAAAP\/\/\/ywAAAAAAQABAAACAUwAOw==\" alt=\"France-IX\" data-src=\"\/wp-content\/uploads\/smlogo-franceix.png\" class=\"lazy\">\n\t\t\t<\/div>\n<div class=\"col-8\">\n<div class=\"p-fs-16\"><strong>France-IX<\/strong><\/div>\n<div class=\"p-fs-14\">Paris, Marseille<\/div>\n<\/div>\n<\/div>\n<\/div>\n<div class=\"col-xs-12 col-sm-6 p-mb-20\">\n<div class=\"row\">\n<div class=\"col-4\">\n\t\t\t\t<img decoding=\"async\" src=\"data:image\/gif;base64,R0lGODlhAQABAIAAAAAAAP\/\/\/ywAAAAAAQABAAACAUwAOw==\" alt=\"SGIX\" data-src=\"\/wp-content\/uploads\/sgixlogo.png\" class=\"lazy\">\n\t\t\t<\/div>\n<div class=\"col-8\">\n<div class=\"p-fs-16\"><strong>SGIX<\/strong><\/div>\n<div class=\"p-fs-14\">Singapore<\/div>\n<\/div>\n<\/div>\n<\/div>\n<div class=\"col-xs-12 col-sm-6 p-mb-20\">\n<div class=\"row\">\n<div class=\"col-4\">\n\t\t\t\t<img decoding=\"async\" src=\"data:image\/gif;base64,R0lGODlhAQABAIAAAAAAAP\/\/\/ywAAAAAAQABAAACAUwAOw==\" alt=\"JPIX\" data-src=\"\/wp-content\/uploads\/smlogo-jpix.png\" class=\"lazy\">\n\t\t\t<\/div>\n<div class=\"col-8\">\n<div class=\"p-fs-16\"><strong>JPIX<\/strong><\/div>\n<div class=\"p-fs-14\">Tokyo<\/div>\n<\/div>\n<\/div>\n<\/div>\n<div class=\"col-xs-12 col-sm-6 p-mb-20\">\n<div class=\"row\">\n<div class=\"col-4\">\n\t\t\t\t<img decoding=\"async\" src=\"data:image\/gif;base64,R0lGODlhAQABAIAAAAAAAP\/\/\/ywAAAAAAQABAAACAUwAOw==\" alt=\"IX.br\" data-src=\"\/wp-content\/uploads\/smlogo-ixbr.png\" class=\"lazy\">\n\t\t\t<\/div>\n<div class=\"col-8\">\n<div class=\"p-fs-16\"><strong>IX.br<\/strong><\/div>\n<div class=\"p-fs-14\">S&atilde;o Paulo, Fortaleza<\/div>\n<\/div>\n<\/div>\n<\/div>\n<div class=\"col-xs-12 col-sm-6 p-mb-20\">\n<div class=\"row\">\n<div class=\"col-4\">\n\t\t\t\t<img decoding=\"async\" src=\"data:image\/gif;base64,R0lGODlhAQABAIAAAAAAAP\/\/\/ywAAAAAAQABAAACAUwAOw==\" alt=\"NAPAfrica IX\" data-src=\"\/wp-content\/uploads\/napafrica.png\" class=\"lazy\">\n\t\t\t<\/div>\n<div class=\"col-8\">\n<div class=\"p-fs-16\"><strong>NAPAfrica IX<\/strong><\/div>\n<div class=\"p-fs-14\">Johannesburg<\/div>\n<\/div>\n<\/div>\n<\/div>\n<\/div><div class=\"p-line-s1\">\n<div>C&#7893;ng 1G\/10G ri&ecirc;ng bi&#7879;t t&#7899;i:<\/div>\n<div class=\"p-line-pic-s1\"><img decoding=\"async\" src=\"data:image\/gif;base64,R0lGODlhAQABAIAAAAAAAP\/\/\/ywAAAAAAQABAAACAUwAOw==\" alt=\"PEERING T&#7914; XA\" data-src=\"\/wp-content\/uploads\/ixline.svg\" class=\"lazy\"><\/div>\n<\/div><div class=\"row\">\n<div class=\"col-xs-12 col-sm-6 p-mb-20\">\n<div class=\"row\">\n<div class=\"col-4\">\n\t\t\t\t<img decoding=\"async\" src=\"data:image\/gif;base64,R0lGODlhAQABAIAAAAAAAP\/\/\/ywAAAAAAQABAAACAUwAOw==\" alt=\"BBIX\" data-src=\"\/wp-content\/uploads\/smlogo-bbix.png\" class=\"lazy\">\n\t\t\t<\/div>\n<div class=\"col-8\">\n<div class=\"p-fs-16\"><strong>BBIX<\/strong><\/div>\n<div class=\"p-fs-14\">Tokyo, Hong Kong, Singapore<\/div>\n<\/div>\n<\/div>\n<\/div>\n<div class=\"col-xs-12 col-sm-6 p-mb-20 hidden\">\n<div class=\"row\">\n<div class=\"col-4\">\n\t\t\t\t<img decoding=\"async\" src=\"data:image\/gif;base64,R0lGODlhAQABAIAAAAAAAP\/\/\/ywAAAAAAQABAAACAUwAOw==\" alt=\"Espanix\" data-src=\"\/wp-content\/uploads\/smlogo-espanix.png\" class=\"lazy\">\n\t\t\t<\/div>\n<div class=\"col-8\">\n<div class=\"p-fs-16\"><strong>Espanix<\/strong><\/div>\n<div class=\"p-fs-14\">Madrid<\/div>\n<\/div>\n<\/div>\n<\/div>\n<div class=\"col-xs-12 col-sm-6 p-mb-20\">\n<div class=\"row\">\n<div class=\"col-4\">\n\t\t\t\t<img decoding=\"async\" src=\"data:image\/gif;base64,R0lGODlhAQABAIAAAAAAAP\/\/\/ywAAAAAAQABAAACAUwAOw==\" alt=\"Equinix\" data-src=\"\/wp-content\/uploads\/smlogo-equinix.png\" class=\"lazy\">\n\t\t\t<\/div>\n<div class=\"col-8\">\n<div class=\"p-fs-16\"><strong>Equinix<\/strong><\/div>\n<div class=\"p-fs-14\">Los Angeles, San Jose, Ashburn, Chicago, Dallas, Miami, New York, S&atilde;o Paulo, Amsterdam, London, Z&uuml;rich, Frankfurt, Stockholm, Hong Kong, Singapore, Tokyo, Sydney<\/div>\n<\/div>\n<\/div>\n<\/div>\n<div class=\"col-xs-12 col-sm-6 p-mb-20\">\n<div class=\"row p-mb-20\">\n<div class=\"col-4\">\n\t\t\t\t<img decoding=\"async\" src=\"data:image\/gif;base64,R0lGODlhAQABAIAAAAAAAP\/\/\/ywAAAAAAQABAAACAUwAOw==\" alt=\"HKIX\" data-src=\"\/wp-content\/uploads\/smlogo-hkix.png\" class=\"lazy\">\n\t\t\t<\/div>\n<div class=\"col-8\">\n<div class=\"p-fs-16\"><strong>HKIX<\/strong><\/div>\n<div class=\"p-fs-14\">Hong Kong<\/div>\n<\/div>\n<\/div>\n<div class=\"row\">\n<div class=\"col-4\">\n\t\t\t\t<img decoding=\"async\" src=\"data:image\/gif;base64,R0lGODlhAQABAIAAAAAAAP\/\/\/ywAAAAAAQABAAACAUwAOw==\" alt=\"SIX\" data-src=\"\/wp-content\/uploads\/smlogo-six.png\" class=\"lazy\">\n\t\t\t<\/div>\n<div class=\"col-8\">\n<div class=\"p-fs-16\"><strong>SIX<\/strong><\/div>\n<div class=\"p-fs-14\">Seattle<\/div>\n<\/div>\n<\/div>\n<\/div>\n<\/div><hr><div>\r\n\t\t<button type=\"button\" class=\"btn btn-primary btn__jumboix btn-lg js-target-div mt-2 js-fixed-button-open-request-form \" data-target=\"jumboIX__modal\">\r\n\t\t\tY&ecirc;u c&#7847;u b&aacute;o gi&aacute;\t\t<\/button>\r\n\t<\/div><script type=\"text\/javascript\">\r\n\t\tjQuery(function($){\r\n\r\n\t\t\t $(document).on('click', '#jumboIX__modal.active', function(e){\r\n\t\t        e.preventDefault();\r\n\r\n\t\t        $(this).find('.js-x-close').trigger('click');   \r\n\t\t    });\r\n\r\n\t\t    $(document).on('click', '#jumboIX__modal.active *', function(e){\r\n\t\t        e.stopPropagation();\r\n\r\n\t\t    });\r\n\r\n\t\t})\r\n\t<\/script><div id=\"jumboIX__modal\" class=\"popup-jumboIX-modal-s1 wrap-jumboix wrap-jumboix__2 v-modal\">\r\n\t\t<div class=\"modal__inner\">\r\n\t\t\t<button class=\"x-close js-x-close\">x<\/button>\r\n\r\n\t\t\t<h2 class=\"jumbolix-heading \">\r\n\t\t\t\tY&ecirc;u c&#7847;u b&aacute;o gi&aacute; cho Remote Peering\t\t\t<\/h2>\r\n\r\n\t\t\t\r\n\t\t\t<form method=\"post\" class=\"js-form-ajax-request_form css-form-mod-v2 js_form_get_token\">\r\n\t\t\t\t   <input type=\"hidden\" name=\"_wp_http_referer\" value=\"https:\/\/www.iptp.us\/vi\/wp-json\/wp\/v2\/pages\/4071\" class=\"no-check\">\r\n   <input type=\"hidden\" name=\"_current_title\" value=\"IPTP Networks\" class=\"no-check\">\r\n   <input type=\"hidden\" name=\"security\" value=\"8690560296\">\r\n   <input type=\"hidden\" name=\"form_time\" value=\"1775292787\">\r\n   <input type=\"text\" name=\"website\" style=\"display:none\" class=\"no-check\">\r\n   <input type=\"hidden\" name=\"js_check\" class=\"no-check\" value=\"\">\r\n   \r\n\r\n\t\t\t\t\t\t\t\t\t<input type=\"hidden\" name=\"service\" value=\"Remote Peering\">\r\n\t\t\t\t\r\n\t\t\t\t<div class=\"row\">\r\n\t\t\t\t\t<div class=\"col-xs-12 col-md-6 line-group\">\r\n\t\t\t\t\t\t<input type=\"text\" name=\"your_name\" class=\"form-control form-control--border-bottom\" placeholder=\"Your name *\">\r\n\t\t\t\t\t<\/div>\r\n\t\t\t\t\t<div class=\"col-xs-12 col-md-6 line-group\">\r\n\t\t\t\t\t\t<input type=\"text\" name=\"email\" class=\"form-control form-control--border-bottom\" placeholder=\"E-mail *\">\r\n\t\t\t\t\t<\/div>\r\n\t\t\t\t\t<div class=\"clearfix\"><\/div>\r\n\t\t\t\t\t<div class=\"col-xs-12 col-md-6 line-group\">\r\n\t\t\t\t\t\t<input type=\"text\" name=\"organisation\" class=\"form-control form-control--border-bottom\" placeholder=\"Organisation *\">\r\n\t\t\t\t\t<\/div>\r\n\r\n\t\t\t\t\t<div class=\"col-xs-12 col-md-6 line-group\">\r\n\t\t\t\t\t\t<div class=\"wrap-intl-tel-input\">\r\n\t\t\t\t\t\t\t<input type=\"text\" name=\"asnumber\" class=\"form-control form-control--border-bottom intl-tel-input no-check\" placeholder=\"Phone Number\">\r\n\t\t\t\t\t\t<\/div>\r\n\t\t\t\t\t<\/div>\r\n\r\n\r\n\t\t\t\t\t\r\n\t\t\t\t\t<div class=\"clearfix\"><\/div>\r\n\t\t\t\t\t<div class=\"col-xs-12 col-md-12 line-group\">\r\n\t\t\t\t\t\t<div class=\"w-100\">\r\n\t\t\t\t\t\t\t<label style=\"font-weight: bold\" for=\"ms\">Describe your request<\/label>\r\n\t\t\t\t\t\t\t<textarea name=\"message\" id=\"ms\" cols=\"30\" rows=\"6\" class=\"form-control form-control--border-bottom\" placeholder=\"Quick overview *\"><\/textarea>\r\n\r\n\t\t\t\t\t\t<\/div>\r\n\t\t\t\t\t<\/div>\r\n\r\n\t\t\t\t\t<div class=\"col-xs-12 col-md-12 line-group\">\r\n\t\t\t\t\t\t* b&#7855;t bu&#7897;c\t\t\t\t\t<\/div>\r\n\r\n\r\n\t\t\t\t\t<div class=\"col-xs-12 col-md-12 text-center\">\r\n\t\t\t\t\t<!-- \t<div class=\"line-group captcha_md\">\r\n\t\t\t\t\t\t\t<div id=\"captchas\" class=\"captcha__label\" data-qid=\"captcha_69d0d173db288\"><\/div>\r\n\t\t\t\t\t\t\t<span class=\"fa fa-refresh catpcha_refreshs catpcha_refresh_mod\"><\/span>\r\n\t\t\t\t\t\t\t<input id=\"cpatchaJumboIX\" type=\"text\" name=\"captcha\" class=\"line-group__input--213 captcha__input--custom\" placeholder=\"Captcha code\" \/>\r\n\t\t\t\t\t\t<\/div> -->\r\n\t\t\t\t\t\t<div class=\"line-groups\">\r\n\r\n\t\t\t\t\t\t\t<div class=\"hidden-sm hidden-xs\"><\/div>\r\n\t\t\t\t\t\t\t<button class=\"btn btn__jumboix\">\r\n\t\t\t\t\t\t\t\tY&ecirc;u c&#7847;u b&aacute;o gi&aacute;\t\t\t\t\t\t\t<\/button>\r\n\t\t\t\t\t\t<\/div>\r\n\r\n\r\n\r\n\t\t\t\t\t\t<div class=\"jumboIX_completed js-jumboIX_completed--success \">\r\n\t\t\t\t\t\t\tC&#7843;m &#417;n v&igrave; y&ecirc;u c&#7847;u c&#7911;a b&#7841;n\t\t\t\t\t\t<\/div>\r\n\r\n\t\t\t\t\t\t<div class=\"jumboIX_completed jumboIX_completed--error\"><\/div>\r\n\t\t\t\t\t<\/div>\r\n\t\t\t\t<\/div>\r\n\t\t\t<\/form>\r\n\t\t<\/div>\r\n\t<\/div><div class=\"div-overlay\"><\/div>\n","protected":false},"excerpt":{"rendered":"<p>IPTP Networks cung c\u1ea5p m\u1ed9t kh\u1ea3 n\u0103ng tuy\u1ec7t v\u1eddi \u0111\u1ec3 tr\u1edf th\u00e0nh m\u1ed9t th\u00e0nh vi\u00ean \u0111\u1ea7y \u0111\u1ee7 c\u1ee7a c\u00e1c S\u00e0n giao d\u1ecbch Internet l\u1edbn nh\u1ea5t v\u1edbi m\u1ee9c chi t\u00e0i ch\u00ednh t\u1ed1i thi\u1ec3u.\u00a0 D\u1ecbch v\u1ee5 IX  \u00a0 t\u1eeb xa c\u1ee7a ch\u00fang t\u00f4i gi\u00fap c\u00f4ng&#8230;<\/p>\n","protected":false},"author":1,"featured_media":11426,"parent":388,"menu_order":0,"comment_status":"closed","ping_status":"closed","template":"","meta":[],"acf":[],"aioseo_notices":[],"_links":{"self":[{"href":"https:\/\/www.iptp.us\/vi\/wp-json\/wp\/v2\/pages\/4071"}],"collection":[{"href":"https:\/\/www.iptp.us\/vi\/wp-json\/wp\/v2\/pages"}],"about":[{"href":"https:\/\/www.iptp.us\/vi\/wp-json\/wp\/v2\/types\/page"}],"author":[{"embeddable":true,"href":"https:\/\/www.iptp.us\/vi\/wp-json\/wp\/v2\/users\/1"}],"replies":[{"embeddable":true,"href":"https:\/\/www.iptp.us\/vi\/wp-json\/wp\/v2\/comments?post=4071"}],"version-history":[{"count":565,"href":"https:\/\/www.iptp.us\/vi\/wp-json\/wp\/v2\/pages\/4071\/revisions"}],"predecessor-version":[{"id":37003,"href":"https:\/\/www.iptp.us\/vi\/wp-json\/wp\/v2\/pages\/4071\/revisions\/37003"}],"up":[{"embeddable":true,"href":"https:\/\/www.iptp.us\/vi\/wp-json\/wp\/v2\/pages\/388"}],"wp:featuredmedia":[{"embeddable":true,"href":"https:\/\/www.iptp.us\/vi\/wp-json\/wp\/v2\/media\/11426"}],"wp:attachment":[{"href":"https:\/\/www.iptp.us\/vi\/wp-json\/wp\/v2\/media?parent=4071"}],"curies":[{"name":"wp","href":"https:\/\/api.w.org\/{rel}","templated":true}]}}