{"id":406,"date":"2016-10-07T19:33:03","date_gmt":"2016-10-07T16:33:03","guid":{"rendered":"https:\/\/web-mng.iptp.com\/?page_id=406"},"modified":"2026-03-30T14:03:27","modified_gmt":"2026-03-30T11:03:27","slug":"dedicated-hosting","status":"publish","type":"page","link":"https:\/\/www.iptp.us\/vi\/network\/datacenter-services\/dedicated-hosting\/","title":{"rendered":"Hosting chuy\u00ean d\u1ee5ng"},"content":{"rendered":"<div class=\"section section-page section-dcloud-hero\" style=\"--pcloud-banner:url('\/wp-content\/uploads\/dedicated-hosting-banner.png')\">\n<div class=\"inner --have-img\">\n<div class=\"text-block text-start\">\n<h1><span style=\"color:#F08F1E;display:block;\">Hosting chuy&ecirc;n d&#7909;ng:<\/span>An to&agrave;n, B&#7843;o m&#7853;t, To&agrave;n c&#7847;u<\/h1>\n<p class=\"text-start mb-0\">T&#7889;c &#273;&#7897; v&#432;&#7907;t tr&#7897;i, kh&#7843; n&#259;ng k&#7871;t n&#7889;i kh&#7855;p th&#7871; gi&#7899;i:<br>Gi&#7843;i ph&aacute;p Hosting chuy&ecirc;n d&#7909;ng trong c&aacute;c trung t&acirc;m <br>d&#7919; li&#7879;u h&agrave;ng &#273;&#7847;u<\/p>\n<\/div>\n<div class=\"--is-desktop\"><img decoding=\"async\" src=\"data:image\/gif;base64,R0lGODlhAQABAIAAAAAAAP\/\/\/ywAAAAAAQABAAACAUwAOw==\" alt=\"Hosting chuy&ecirc;n d&#7909;ng\" data-src=\"\/wp-content\/uploads\/dedicated-hosting-icon.png\" class=\"lazy\"><\/div>\n<\/div>\n<div class=\"--is-mobile\"><img decoding=\"async\" src=\"data:image\/gif;base64,R0lGODlhAQABAIAAAAAAAP\/\/\/ywAAAAAAQABAAACAUwAOw==\" alt=\"Hosting chuy&ecirc;n d&#7909;ng\" data-src=\"\/wp-content\/uploads\/dedicated-hosting-icon.png\" class=\"lazy\"><\/div>\n<\/div><div class=\"section\"><div class=\"inner innerbreadcrum\"><div class=\"aioseo-breadcrumbs\"><span class=\"aioseo-breadcrumb\">\n\tHome\n<\/span><\/div><\/div><\/div><div class=\"section\">\n<div class=\"inner\">\n<div class=\"subtitle\"><span>T&#7893;ng quan<\/span><\/div>\n<h2>\n\t\t\tC&ocirc;ng ngh&#7879; ti&ecirc;n ti&#7871;n theo &yacute; c&#7911;a b&#7841;n<br>\n\t\t<\/h2>\n<p>\n\t\t\tCh&uacute;ng t&ocirc;i cung c&#7845;p c&aacute;c d&#7883;ch v&#7909; an to&agrave;n v&agrave; b&#7843;o m&#7853;t v&#7899;i m&#7909;c &#273;&iacute;ch mang l&#7841;i &#273;&#7897; tr&#7877; th&#7845;p nh&#7845;t c&oacute; th&#7875;. C&aacute;c trung t&acirc;m d&#7919; li&#7879;u c&#7911;a ch&uacute;ng t&ocirc;i t&#7915; kh&#7855;p n&#417;i tr&ecirc;n th&#7871; gi&#7899;i cung c&#7845;p cho b&#7841;n nh&#7919;ng v&#7883; tr&iacute;, t&iacute;nh kh&#7843; d&#7909;ng t&#7889;t nh&#7845;t, tu&acirc;n th&#7911; PCI DSS, m&#7853;t &#273;&#7897; n&#259;ng l&#432;&#7907;ng v&#432;&#7907;t tr&#7897;i v&agrave; kh&#7843; n&#259;ng d&#7921; ph&ograve;ng ho&agrave;n h&#7843;o.\n\t\t<\/p>\n<p>\n\t\t\tB&#7857;ng c&aacute;ch ch&#7885;n d&#7883;ch v&#7909; l&#432;u tr&#7919; chuy&ecirc;n d&#7909;ng c&#7911;a ch&uacute;ng t&ocirc;i, &#273;&#7893;i l&#7841;i, b&#7841;n s&#7869; c&oacute; &#273;&#432;&#7907;c d&#7883;ch v&#7909; tr&#7921;c tuy&#7871;n s&#7861;n c&oacute; cho kh&aacute;ch h&agrave;ng c&#7911;a m&igrave;nh. C&aacute;c m&aacute;y ch&#7911; kim lo&#7841;i tr&#7847;n cao c&#7845;p c&#7911;a ch&uacute;ng t&ocirc;i &#273;&#432;&#7907;c c&#7845;u h&igrave;nh v&agrave; t&ugrave;y ch&#7881;nh theo y&ecirc;u c&#7847;u k&#7929; thu&#7853;t c&#7911;a b&#7841;n. Kh&ocirc;ng chia s&#7867; kh&ocirc;ng gian, CPU ho&#7863;c RAM, quy&#7873;n qu&#7843;n tr&#7883; c&#7911;a ri&ecirc;ng b&#7841;n, quy&#7873;n t&#7921; x&aacute;c &#273;&#7883;nh v&agrave; ho&agrave;n to&agrave;n t&#7921; do l&#7921;a ch&#7885;n h&#7879; &#273;i&#7873;u h&agrave;nh v&agrave; ph&#7847;n c&#7913;ng; t&#7845;t c&#7843; t&agrave;i nguy&ecirc;n c&#7911;a b&#7841;n ch&#7881; thu&#7897;c v&#7873; b&#7841;n.\n\t\t<\/p>\n<p class=\"pt-3 mb-0 text-center-mobile\">\n\t\t\t<a href=\"#\" class=\"btn-outline-bottom --gray js_btn_request_form_all\">Y&ecirc;u c&#7847;u b&aacute;o gi&aacute;<\/a>\n\t\t<\/p>\n<\/div>\n<\/div><div class=\"section bg-gray\">\n<div class=\"inner\">\n<div class=\"subtitle text-center\"><span>L&#7907;i &iacute;ch<\/span><\/div>\n<h2 class=\"text-center\">T&iacute;nh n&#259;ng c&#7911;a d&#7883;ch v&#7909; Hosting m&aacute;y ch&#7911; chuy&ecirc;n d&#7909;ng<\/h2>\n<p class=\"common-text-16 text-center\">Ngo&agrave;i vi&#7879;c ki&#7875;m so&aacute;t tuy&#7879;t &#273;&#7889;i c&#7911;a d&#7883;ch v&#7909; Hosting chuy&ecirc;n d&#7909;ng, <br>b&#7841;n c&ograve;n &#273;&#432;&#7907;c t&#7853;n h&#432;&#7903;ng nhi&#7873;u t&iacute;nh n&#259;ng v&agrave; l&#7907;i &iacute;ch &#7845;n t&#432;&#7907;ng.<\/p>\n<div class=\"row row-cols-1 row-cols-md-2 row-cols-lg-2 gx-md-5 gy-md-3 gy-3 mb-3 mt-3\">\n<div class=\"col\">\n<div class=\"text-border-left\">\n                  <span class=\"common-text-20--bold\">T&#7889;c &#273;&#7897; c&#7921;c cao<\/span>\n<p class=\"common-text-14 pt-2\">\n\t\t\t\t\t  M&#7895;i m&aacute;y ch&#7911; &#273;&#432;&#7907;c x&acirc;y d&#7921;ng t&ugrave;y ch&#7881;nh b&#7857;ng c&ocirc;ng ngh&#7879; ngu&#7891;n m&#7903; m&#7899;i nh&#7845;t, cho ph&eacute;p linh ho&#7841;t n&acirc;ng c&#7845;p hi&#7879;u su&#7845;t theo th&#7901;i gian\n\t\t\t\t  <\/p>\n<\/div>\n<\/div>\n<div class=\"col\">\n<div class=\"text-border-left\">\n                  <span class=\"common-text-20--bold\">Linh ho&#7841;t<\/span>\n<p class=\"common-text-14 pt-2\">\n\t\t\t\t\t  Ho&agrave;n to&agrave;n c&oacute; th&#7875; t&ugrave;y ch&#7881;nh, n&acirc;ng c&#7845;p v&agrave; c&#7845;u h&igrave;nh theo nhu c&#7847;u c&#7909; th&#7875; c&#7911;a b&#7841;n\n\t\t\t\t  <\/p>\n<\/div>\n<\/div>\n<div class=\"col\">\n<div class=\"text-border-left\">\n                  <span class=\"common-text-20--bold\">S&#7921; an to&agrave;n<\/span>\n<p class=\"common-text-14 pt-2\">M&ocirc;i tr&#432;&#7901;ng Hosting chuy&ecirc;n d&#7909;ng an to&agrave;n v&agrave; b&#7843;o m&#7853;t &ndash; Ph&ograve;ng m&aacute;y ch&#7911; chuy&ecirc;n d&#7909;ng kh&ocirc;ng cho ph&eacute;p truy c&#7853;p c&ocirc;ng c&#7897;ng.<\/p>\n<\/div>\n<\/div>\n<div class=\"col\">\n<div class=\"text-border-left\">\n                  <span class=\"common-text-20--bold\">K&#7871;t n&#7889;i v&#7899;i c&aacute;c nh&agrave; cung c&#7845;p &#273;&#7883;a ph&#432;&#417;ng<\/span>\n<p class=\"common-text-14 pt-2\">\n\t\t\t\t\t  K&#7871;t n&#7889;i &#273;&#7863;c bi&#7879;t tr&ecirc;n to&agrave;n th&#7871; gi&#7899;i th&ocirc;ng qua &#273;&#432;&#7901;ng tr&#7909;c IPTP Networks\n\t\t\t\t  <\/p>\n<\/div>\n<\/div>\n<div class=\"col\">\n<div class=\"text-border-left\">\n                  <span class=\"common-text-20--bold\">&#272;&#7897; tin c&#7853;y<\/span>\n<p class=\"common-text-14 pt-2\">\n\t\t\t\t\t  Gi&aacute;m s&aacute;t t&#7921; &#273;&#7897;ng mi&#7877;n ph&iacute; (Ping, D&#7883;ch v&#7909;, H&#7879; th&#7889;ng, Quy tr&igrave;nh) m&aacute;y ch&#7911; c&#7911;a b&#7841;n 24&times;7, bao g&#7891;m kh&#7903;i &#273;&#7897;ng l&#7841;i v&agrave; b&#7843;o tr&igrave; th&ocirc;ng th&#432;&#7901;ng ph&#7847;n c&#7913;ng v&agrave; ph&#7847;n m&#7873;m\n\t\t\t\t  <\/p>\n<\/div>\n<\/div>\n<div class=\"col\">\n<div class=\"text-border-left\">\n                  <span class=\"common-text-20--bold\">X&#7871;p h&#7841;ng b&#259;ng th&ocirc;ng &#273;&#7897;c quy&#7873;n<\/span>\n<p class=\"common-text-14 pt-2\">\n\t\t\t\t\t  B&#259;ng th&ocirc;ng Internet &#7893;n &#273;&#7883;nh, &#273;&#432;&#7907;c &#273;&#7843;m b&#7843;o 100% cho c&aacute;c c&#7893;ng 100, 1000 ho&#7863;c 10000 Mb\/s\n\t\t\t\t  <\/p>\n<\/div>\n<\/div>\n<\/div>\n<p class=\"pt-3 mb-0 text-center\">\n\t\t\t<a href=\"#\" class=\"btn-outline-primary --gray js_btn_request_form_all\">Y&ecirc;u c&#7847;u b&aacute;o gi&aacute;<\/a>\n\t\t<\/p>\n<\/div>\n<\/div><div class=\"section\">\n<div class=\"inner\" style=\"padding-bottom: 30px;\">\n<div class=\"subtitle text-center\"><span>&#272;&#7883;a &#273;i&#7875;m<\/span><\/div>\n<h2 class=\"text-center\">\n\t\t\t&#272;i&#7875;m Hi&#7879;n Di&#7879;n C&#7911;a M&#7841;ng IPTP<br>\n\t\t<\/h2>\n<\/div>\n<div class=\"poplist-map\">\n\t\t\t\t<!-- map_contact 2 -->\r\n\r\n\t\t\r\n\t\t\t\r\n\t \t\t<div class=\"box-map-contact\">\r\n\t         \t<img class=\"map_contact_69d0e2df19f96 text-center w-100 disabled-lazy\" src=\"https:\/\/www.iptp.us\/wp-content\/uploads\/map4.png\" alt=\"Map\">\r\n\t      \t<\/div>\r\n\r\n\t\t      \t\r\n      \t\t\r\n      \t\t\t\r\n\t\t\n    <\/div>\n<div class=\"inner\">\n<h5 class=\"text-center\">\n\t\t\tCh&uacute;ng t&ocirc;i cung c&#7845;p d&#7883;ch v&#7909; M&aacute;y ch&#7911; chuy&ecirc;n d&#7909;ng (Dedicated Hosting) v&agrave; C&#7893;ng truy c&#7853;p Internet t&#7889;c &#273;&#7897; cao (IP Transit),\n<\/h5><p>v&#7899;i c&#7893;ng uplink l&ecirc;n &#273;&#7871;n 100Gbps t&#7841;i c&aacute;c &#273;&#7883;a &#273;i&#7875;m sau:<br>\n\t\t\n<\/p><div class=\"pop-section\">\n\t\t\t\t\r\n\r\n\r\n\r\n\t<div class=\"load-ajax-69d0e2df1a01f\"><\/div>\r\n\r\n\r\n\r\n\n\t\t<\/div>\n<div class=\"w900\">\n<p class=\"text-12-gray\"><sup class=\"text-secondary\">*<\/sup> &ndash; &#272;i&#7873;u kho&#7843;n &#273;&#7863;c bi&#7879;t c&oacute; th&#7875; &aacute;p d&#7909;ng<\/p>\n<\/div>\n<\/div>\n<\/div><div class=\"section bg-blue\">\n<div class=\"inner\">\n<div class=\"subtitle text-center\"><span>S&#7917; d&#7909;ng<\/span><\/div>\n<h2 class=\"text-center\">\n\t\t\tS&#7917; d&#7909;ng l&yacute; t&#432;&#7903;ng cho m&#7885;i th&#7913; y&ecirc;u c&#7847;u &#273;&#7897; tin c&#7853;y cao, t&#7889;c &#273;&#7897; v&agrave; b&#7843;o m&#7853;t c&#7845;p cao nh&#7845;t<br>\n\t\t<\/h2>\n<div class=\"row row-cols-1 row-cols-md-2 row-cols-lg-3 gx-md-5 gy-md-5 gy-3 mb-3 mt-3\">\n<div class=\"col\">\n<div class=\"text-border-left text-border-left--white\">\n                  <span class=\"common-text-20--bold\">D&#7919; li&#7879;u l&#7899;n<\/span>\n               <\/div>\n<\/div>\n<div class=\"col\">\n<div class=\"text-border-left text-border-left--white\">\n                  <span class=\"common-text-20--bold\">&#7842;o h&oacute;a c&#417; s&#7903; h&#7841; t&#7847;ng<\/span>\n               <\/div>\n<\/div>\n<div class=\"col\">\n<div class=\"text-border-left text-border-left--white\">\n                  <span class=\"common-text-20--bold\">M&aacute;y ch&#7911; email<\/span>\n               <\/div>\n<\/div>\n<div class=\"col\">\n<div class=\"text-border-left text-border-left--white\">\n                  <span class=\"common-text-20--bold\">M&aacute;y h&#7885;c<\/span>\n               <\/div>\n<\/div>\n<div class=\"col\">\n<div class=\"text-border-left text-border-left--white\">\n                  <span class=\"common-text-20--bold\">C&#7909;m m&aacute;y ch&#7911;<\/span>\n               <\/div>\n<\/div>\n<div class=\"col\">\n<div class=\"text-border-left text-border-left--white\">\n                  <span class=\"common-text-20--bold\">N&#7873;n t&#7843;ng tr&ograve; chuy&#7879;n<\/span>\n               <\/div>\n<\/div>\n<div class=\"col\">\n<div class=\"text-border-left text-border-left--white\">\n                  <span class=\"common-text-20--bold\">M&aacute;y ch&#7911; DNS<\/span>\n               <\/div>\n<\/div>\n<div class=\"col\">\n<div class=\"text-border-left text-border-left--white\">\n                  <span class=\"common-text-20--bold\">Ch&#417;i game tr&#7921;c tuy&#7871;n<\/span>\n               <\/div>\n<\/div>\n<div class=\"col\">\n<div class=\"text-border-left text-border-left--white\">\n                  <span class=\"common-text-20--bold\">C&aacute;c trang web quan tr&#7885;ng c&#7911;a Misson<\/span>\n               <\/div>\n<\/div>\n<div class=\"col\">\n<div class=\"text-border-left text-border-left--white\">\n                  <span class=\"common-text-20--bold\">Sao l&#432;u v&agrave; l&#432;u tr&#7919;<\/span>\n               <\/div>\n<\/div>\n<div class=\"col\">\n<div class=\"text-border-left text-border-left--white\">\n                  <span class=\"common-text-20--bold\">Truy&#7873;n ph&aacute;t tr&#7921;c tuy&#7871;n<\/span>\n               <\/div>\n<\/div>\n<div class=\"col\">\n<div class=\"text-border-left text-border-left--white\">\n                  <span class=\"common-text-20--bold\">&#7912;ng d&#7909;ng kinh doanh (CRM, ERP, ph&#7847;n m&#7873;m ph&acirc;n t&iacute;ch d&#7919; li&#7879;u)<\/span>\n               <\/div>\n<\/div>\n<\/div>\n<p class=\"pt-3 mb-0 text-center\">\n\t\t\t<a href=\"#\" class=\"btn-outline-primary --white-blue js_btn_request_form_all\">Y&ecirc;u c&#7847;u b&aacute;o gi&aacute;<\/a>\n\t\t<\/p>\n<\/div>\n<\/div><div class=\"section\">\n<div class=\"inner\">\n<div class=\"subtitle text-center\"><span>&#431;u &#273;i&#7875;m<\/span><\/div>\n<h2 class=\"text-center\">D&#7883;ch v&#7909; Hosting chuy&ecirc;n d&#7909;ng bao g&#7891;m<\/h2>\n<ul class=\"list-disc mb-3\">\n<li>\n<p>S&#7917;a ch&#7919;a v&agrave; b&#7843;o tr&igrave; c&aacute;c b&aacute;o c&aacute;o s&#7917; d&#7909;ng b&#259;ng th&ocirc;ng v&agrave; ph&#7847;n c&#7913;ng &#273;&#432;&#7907;c l&#432;u tr&#7919;<\/p>\n<\/li>\n<li>\n<p>T&#7921; &#273;&#7897;ng gi&aacute;m s&aacute;t m&aacute;y ch&#7911; c&#7911;a b&#7841;n 24\/7, kh&#7903;i &#273;&#7897;ng l&#7841;i v&agrave; b&#7843;o tr&igrave; ph&#7847;n c&#7913;ng v&agrave; ph&#7847;n m&#7873;m th&ocirc;ng th&#432;&#7901;ng<\/p>\n<\/li>\n<li>\n<p>N&acirc;ng c&#7845;p c&aacute;c b&#7843;n v&aacute; l&#7895;i, b&#7843;n s&#7917;a l&#7895;i n&oacute;ng v&agrave; g&oacute;i d&#7883;ch v&#7909;<\/p>\n<\/li>\n<li>\n<p>M&#7897;t lo&#7841;t c&aacute;c m&aacute;y ch&#7911; Supermicro &#273;&atilde; &#273;&#432;&#7907;c th&#7917; nghi&#7879;m tr&#432;&#7899;c<\/p>\n<\/li>\n<li>\n<p>B&#259;ng th&ocirc;ng Internet ch&#7855;c ch&#7855;n, &#273;&#432;&#7907;c &#273;&#7843;m b&#7843;o 100% cho c&aacute;c c&#7893;ng 1, 10 ho&#7863;c 100 Gbps<\/p>\n<\/li>\n<li>\n<p>K&#7871;t n&#7889;i to&agrave;n c&#7847;u &#273;&#7863;c bi&#7879;t th&ocirc;ng qua &#273;&#432;&#7901;ng tr&#7909;c IPTP Networks<\/p>\n<\/li>\n<li>\n<p>T&#7845;t c&#7843; c&aacute;c thi&#7871;t b&#7883; m&#7841;ng v&agrave; b&#7843;o m&#7853;t do Cisco cung c&#7845;p<\/p>\n<\/li>\n<li>\n<p>&#272;&#7847;y &#273;&#7911; thi&#7871;t b&#7883; &#273;i&#7873;u khi&#7875;n t&#7915; xa qua IPMI v2.0<\/p>\n<\/li>\n<li>\n<p>C&#7893;ng qu&#7843;n l&yacute; ngu&#7891;n t&#7915; xa th&ocirc;ng qua APC PDU<\/p>\n<\/li>\n<li>\n<p>B&#7843;o v&#7879; c&#417; b&#7843;n c&#7845;p 1 ch&#7889;ng l&#7841;i DDoS<\/p>\n<\/li>\n<li>\n<p>H&#7895; tr&#7907; tr&#7921;c ti&#7871;p 365\/24\/7 NOC<\/p>\n<\/li>\n<li>\n<p>T&iacute;nh n&#259;ng BYOIP (Mang theo &#273;&#7883;a ch&#7881; IP c&#7911;a ri&ecirc;ng b&#7841;n)<\/p>\n<\/li>\n<\/ul>\n<h3 class=\"text-center mb-5\">T&ugrave;y ch&#7885;n &#273;i k&egrave;m v&#7899;i d&#7883;ch v&#7909; l&#432;u tr&#7919; m&aacute;y ch&#7911;<\/h3>\n<ul class=\"list-disc mb-3\">\n<li>\n<p>Thi&#7871;t l&#7853;p m&aacute;y ch&#7911; c&ugrave;ng ng&agrave;y<\/p>\n<\/li>\n<li>\n<p>Qu&#7843;n tr&#7883; &#273;&#7847;y &#273;&#7911; t&#7915; xa cho t&#7845;t c&#7843; c&aacute;c thi&#7871;t b&#7883; &#273;&#432;&#7907;c l&#432;u tr&#7919;<\/p>\n<\/li>\n<li>\n<p>M&#7841;ng Cisco v&agrave; c&aacute;c thi&#7871;t b&#7883; b&#7843;o m&#7853;t c&oacute; s&#7861;n<\/p>\n<\/li>\n<li>\n<p>Nhi&#7873;u gi&#7843;i ph&aacute;p l&#432;u tr&#7919; d&#7921;a tr&ecirc;n Dell EMC c&#7845;p doanh nghi&#7879;p<\/p>\n<\/li>\n<li>\n<p>Gi&#7843;i ph&aacute;p GEO-DNS, Anycast BGP cho d&#7883;ch v&#7909; &#273;&#7883;nh tuy&#7871;n t&#7889;i &#432;u<\/p>\n<\/li>\n<li>\n<p>M&#7841;ch &#273;&#432;&#7901;ng d&acirc;y ri&ecirc;ng qu&#7889;c t&#7871; ho&#7863;c EoMPLS t&#7899;i b&#7845;t k&#7923; &#273;&#7883;a &#273;i&#7875;m n&agrave;o tr&ecirc;n th&#7871; gi&#7899;i &#273;&#7875; c&oacute; k&#7871;t n&#7889;i li&#7873;n m&#7841;ch<\/p>\n<\/li>\n<li>\n<p>M&#7841;ng ri&ecirc;ng &#7843;o t&ugrave;y ch&#7881;nh<\/p>\n<\/li>\n<li>\n<p>H&#7895; tr&#7907; v&agrave; qu&#7843;n l&yacute; s&#7861;n c&oacute; c&aacute;c gi&#7843;i ph&aacute;p &#7843;o h&oacute;a RHEV\/VMWare\/Xen\/Hyper-V<\/p>\n<\/li>\n<li>\n<p>EoMPLS, B&#7843;o v&#7879; DDoS, D&#7883;ch v&#7909; &#273;&#432;&#7907;c qu&#7843;n l&yacute;, Kh&ocirc;ng gian sao l&#432;u, T&#432;&#7901;ng l&#7917;a &#273;&#432;&#7907;c qu&#7843;n l&yacute;, C&#7893;ng Vlan ri&ecirc;ng, k&#7871;t n&#7889;i t&#7915; xa t&#7899;i c&aacute;c nh&agrave; cung c&#7845;p &#273;&aacute;m m&acirc;y<\/p>\n<\/li>\n<li>\n<p>SLA 99,9999% cho gi&#7843;i ph&aacute;p N+2<\/p>\n<\/li>\n<\/ul><\/div>\n<\/div><div class=\"section section-banner\">\r\n    <div class=\"inner text-center\">\r\n            <div class=\"subtitle\"><span>Y&ecirc;u c&#7847;u b&aacute;o gi&aacute;<\/span><\/div>\r\n                <h2>S&#7861;n s&agrave;ng &#273;&#7875; b&#7855;t &#273;&#7847;u?<\/h2>\r\n                <p>C&aacute;c chuy&ecirc;n gia c&#7911;a ch&uacute;ng t&ocirc;i s&#7869; s&#7899;m li&ecirc;n h&#7879;<\/p>\r\n                <p class=\"pt-3 mb-0\">\r\n            <!-- <a href=\"https:\/\/www.iptp.us\/vi\/request-a-quote\/?post=406\" class=\"btn-primary-rounded-pill d-inline-block\">Y&ecirc;u c&#7847;u b&aacute;o gi&aacute;<\/a> -->\r\n            <a href=\"#\" class=\"btn-primary-rounded-pill d-inline-block js_btn_request_form_all\">Y&ecirc;u c&#7847;u b&aacute;o gi&aacute;<\/a>\r\n        <\/p>\r\n        <\/div>\r\n<\/div>\n","protected":false},"excerpt":{"rendered":"<p>D\u1ecbch v\u1ee5 Hosting t\u1ea1i c\u00e1c trung t\u00e2m d\u1eef li\u1ec7u tr\u00ean to\u00e0n th\u1ebf gi\u1edbi. C\u00e1c g\u00f3i l\u01b0u tr\u1eef chuy\u00ean d\u1ee5ng c\u1ee7a ch\u00fang t\u00f4i cho ph\u00e9p b\u1ea1n s\u1edf h\u1eefu v\u00e0 qu\u1ea3n l\u00fd m\u00e1y ch\u1ee7, \u0111\u1ea3m b\u1ea3o hi\u1ec7u su\u1ea5t cao v\u00e0 an ninh tuy\u1ec7t \u0111\u1ed1i<\/p>\n","protected":false},"author":1,"featured_media":0,"parent":18393,"menu_order":0,"comment_status":"closed","ping_status":"closed","template":"template-inner-page.php","meta":[],"acf":[],"aioseo_notices":[],"_links":{"self":[{"href":"https:\/\/www.iptp.us\/vi\/wp-json\/wp\/v2\/pages\/406"}],"collection":[{"href":"https:\/\/www.iptp.us\/vi\/wp-json\/wp\/v2\/pages"}],"about":[{"href":"https:\/\/www.iptp.us\/vi\/wp-json\/wp\/v2\/types\/page"}],"author":[{"embeddable":true,"href":"https:\/\/www.iptp.us\/vi\/wp-json\/wp\/v2\/users\/1"}],"replies":[{"embeddable":true,"href":"https:\/\/www.iptp.us\/vi\/wp-json\/wp\/v2\/comments?post=406"}],"version-history":[{"count":832,"href":"https:\/\/www.iptp.us\/vi\/wp-json\/wp\/v2\/pages\/406\/revisions"}],"predecessor-version":[{"id":39416,"href":"https:\/\/www.iptp.us\/vi\/wp-json\/wp\/v2\/pages\/406\/revisions\/39416"}],"up":[{"embeddable":true,"href":"https:\/\/www.iptp.us\/vi\/wp-json\/wp\/v2\/pages\/18393"}],"wp:attachment":[{"href":"https:\/\/www.iptp.us\/vi\/wp-json\/wp\/v2\/media?parent=406"}],"curies":[{"name":"wp","href":"https:\/\/api.w.org\/{rel}","templated":true}]}}