{"id":398,"date":"2016-10-07T19:28:46","date_gmt":"2016-10-07T16:28:46","guid":{"rendered":"https:\/\/web-mng.iptp.com\/?page_id=398"},"modified":"2026-04-01T07:38:14","modified_gmt":"2026-04-01T04:38:14","slug":"ip-transit","status":"publish","type":"page","link":"https:\/\/www.iptp.us\/vi\/internet-access\/ip-transit\/","title":{"rendered":"Chuy\u1ec3n tuy\u1ebfn IP"},"content":{"rendered":"<p><!-- \n\n<div class=\"section section-hero section-page section-dedicate-hosting\" style=\"--background:url('\/wp-content\/uploads\/bg-ip-transit.png')\">\n\t\n\n<div class=\"inner\">\n\t\t\n\n<div class=\"text-block\">\n\t\t\t\n\n<h1>Chuy&#7875;n tuy&#7871;n IP<\/h1>\n\n\n\t\t\t\n\n<h2>B&#7843;ng internet BGP b&#259;ng th&ocirc;ng r&#7897;ng &#273;&#7847;y &#273;&#7911; c&oacute; kh&#7843; n&#259;ng ph&#7909;c h&#7891;i cao d&agrave;nh cho ISP, ASP, CP, nh&agrave; khai th&aacute;c vi&#7877;n th&ocirc;ng v&agrave; trung t&acirc;m d&#7919; li&#7879;u c&#361;ng nh&#432; doanh nghi&#7879;p<\/h2>\n\n\n\t\t\t\n\n<p class=\"pt-3\">\n\t\t\t\t<a href=\"https:\/\/www.iptp.us\/vi\/request-a-quote\/?post=398\" class=\"btn-primary-rounded-pill d-inline-block\">Y&ecirc;u c&#7847;u b&aacute;o gi&aacute;<\/a>\n\t\t\t<\/p>\n\n\n\t\t<\/div>\n\n\n\t\t\n\n<div class=\"img-block\">\n\t\t\t<img  decoding=\"async\" loading=\"lazy\"  class=\"lazy ms-xl-auto me-xl-5 size-full wp-image-30030\" src=\"data:image\/gif;base64,R0lGODlhAQABAAD\/ACwAAAAAAQABAAACADs=\"  alt=\"IP Transit\" width=\"450\" height=\"439\"  data-src=\"\/wp-content\/uploads\/ip-transit-hero.png\"  \/><noscript><img decoding=\"async\" loading=\"lazy\" src=\"\/wp-content\/uploads\/ip-transit-hero.png\" alt=\"IP Transit\" width=\"450\" height=\"439\" class=\"ms-xl-auto me-xl-5 size-full wp-image-30030\" \/><\/noscript>\n\t\t<\/div>\n\n\n\t<\/div>\n\n\n<\/div>\n\n --><\/p><div class=\"section\">\n<div class=\"inner\">\n<div class=\"subtitle\"><span>T&#7892;NG QUAN<\/span><\/div>\n<h2>\n\t\t\tIP Transit l&agrave; g&igrave;?<br>\n\t\t<\/h2>\n<p>\n\t\t\tIP Transit l&agrave; d&#7883;ch v&#7909; cho ph&eacute;p l&#432;u l&#432;&#7907;ng t&#7915; m&#7897;t m&#7841;ng &#273;i qua m&#7897;t m&#7841;ng kh&aacute;c tr&ecirc;n &#273;&#432;&#7901;ng &#273;&#7871;n &#273;&iacute;ch cu&#7889;i c&ugrave;ng. V&#7899;i IPTP Networks l&agrave; nh&agrave; cung c&#7845;p d&#7883;ch v&#7909; IP Transit c&#7911;a b&#7841;n, ch&uacute;ng t&ocirc;i &#273;&#7843;m b&#7843;o truy c&#7853;p internet nhanh ch&oacute;ng v&agrave; &#273;&aacute;ng tin c&#7853;y tr&ecirc;n m&#7897;t khu v&#7921;c &#273;&#7883;a l&yacute; r&#7897;ng l&#7899;n.\n\t\t<\/p>\n<h2>\n\t\t\tT&#7841;o m&#7897;t m&#7841;ng l&#432;&#7899;i to&agrave;n c&#7847;u<br>\n\t\t<\/h2>\n<p>\n\t\t\tL&agrave; m&#7897;t m&#7841;ng b&#259;ng th&ocirc;ng c&#7921;c cao v&agrave; to&agrave;n c&#7847;u th&#7921;c s&#7921;, d&#7883;ch v&#7909; IP Transit c&#7911;a ch&uacute;ng t&ocirc;i cho ph&eacute;p b&#7841;n m&#7903; r&#7897;ng ph&#7841;m vi ti&#7871;p c&#7853;n c&#7911;a m&igrave;nh th&ocirc;ng qua m&#7841;ng t&#7889;c &#273;&#7897; cao c&#7911;a ch&uacute;ng t&ocirc;i, v&#7899;i &#273;&#7897; tr&#7877; th&#7845;p v&agrave; s&#7889; b&#432;&#7899;c nh&#7843;y t&#7889;i thi&#7875;u gi&#7919;a c&aacute;c tuy&#7871;n &#273;&#432;&#7901;ng &#273;&#7875; &#273;&#7871;n &#273;&iacute;ch cu&#7889;i c&ugrave;ng. IPTP Networks cung c&#7845;p k&#7871;t n&#7889;i Internet khu v&#7921;c v&agrave; to&agrave;n c&#7847;u tuy&#7879;t v&#7901;i cho Nh&agrave; cung c&#7845;p d&#7883;ch v&#7909; Internet (ISP), Nh&agrave; khai th&aacute;c vi&#7877;n th&ocirc;ng v&agrave; Trung t&acirc;m d&#7919; li&#7879;u, Nh&agrave; cung c&#7845;p d&#7883;ch v&#7909; &#7913;ng d&#7909;ng (ASP) v&agrave; nh&agrave; cung c&#7845;p n&#7897;i dung th&ocirc;ng qua &#273;&#432;&#7901;ng tr&#7909;c ri&ecirc;ng c&#7911;a ch&uacute;ng t&ocirc;i (AS 41095, AS 263681, AS 51601, AS 140951, AS 135993).\n\t\t<\/p>\n<p>\n\t\t\tM&#7841;ng IP top 70 tr&ecirc;n to&agrave;n th&#7871; gi&#7899;i (theo CAIDA) c&#7911;a ch&uacute;ng t&ocirc;i tr&#7843;i r&#7897;ng tr&ecirc;n 228 POP tr&#7843;i r&#7897;ng kh&#7855;p c&aacute;c trung t&acirc;m d&#7919; li&#7879;u h&agrave;ng &#273;&#7847;u th&#7871; gi&#7899;i &#7903; Ch&acirc;u &Acirc;u, Ch&acirc;u &Aacute;, B&#7855;c M&#7929;, Ch&acirc;u M&#7929; Latinh, Ch&acirc;u Phi v&agrave; Trung &#272;&ocirc;ng.\n\t\t<\/p>\n<p class=\"pt-3 mb-0 text-center-mobile\">\n\t\t\t<a href=\"#\" class=\"btn-outline-bottom --gray js_btn_request_form_all\">Y&ecirc;u c&#7847;u b&aacute;o gi&aacute;<\/a>\n\t\t<\/p>\n<\/div>\n<\/div><div class=\"section bg-gray\">\n<div class=\"inner\">\n<div class=\"subtitle text-center\"><span>NH&#7918;NG L&#7906;I &Iacute;CH<\/span><\/div>\n<h2 class=\"text-center\">\n\t\t\tM&#7903; kh&oacute;a k&#7871;t n&#7889;i Internet c&oacute; &#273;&#7897; tr&#7877; th&#7845;p<br>\n\t\t<\/h2>\n<p class=\"common-text-16 text-center\">\n\t\t\tIP Transit c&oacute; nh&#7919;ng &#432;u &#273;i&#7875;m v&#7889;n c&oacute; so v&#7899;i c&aacute;c ph&#432;&#417;ng th&#7913;c truy c&#7853;p internet kh&aacute;c<br>\n\t\t\tdo ki&#7871;n tr&uacute;c &#273;&#432;&#7907;c s&#7917; d&#7909;ng v&agrave; c&aacute;c ISP &#273;&atilde; thi&#7871;t l&#7853;p m&#7889;i quan h&#7879;\n\t\t<\/p>\n<div class=\"row row-cols-1 row-cols-md-2 row-cols-lg-2 gx-md-5 gy-md-3 gy-3 mb-3 mt-3\">\n<div class=\"col\">\n<div class=\"text-border-left\">\n                  <span class=\"common-text-20--bold\">T&iacute;nh kh&#7843; d&#7909;ng c&#7911;a b&#7843;ng &#273;&#7883;nh tuy&#7871;n<\/span>\n<p class=\"common-text-14 pt-2\">\n\t\t\t\t\t  Kh&aacute;ch h&agrave;ng s&#7917; d&#7909;ng IP Transit s&#7869; nh&#7853;n &#273;&#432;&#7907;c b&#7843;ng BGP &#273;&#7847;y &#273;&#7911; bao g&#7891;m c&aacute;c ti&#7873;n t&#7889; c&#7911;a kh&aacute;ch h&agrave;ng c&#7911;a ch&uacute;ng t&ocirc;i, c&aacute;c ti&#7873;n t&#7889; &#273;&#432;&#7907;c qu&#7843;ng c&aacute;o b&#7903;i c&aacute;c ISP ngang h&agrave;ng c&#7911;a ch&uacute;ng t&ocirc;i v&agrave; c&aacute;c ti&#7873;n t&#7889; m&agrave; nh&agrave; cung c&#7845;p th&#432;&#7907;ng ngu&#7891;n c&#7911;a ch&uacute;ng t&ocirc;i &ndash; Lumen (c&#7845;p 3 c&#361;) nh&#7853;n &#273;&#432;&#7907;c.\n\t\t\t\t  <\/p>\n<p class=\"common-text-14\">\n\t\t\t\t\t  S&#7921; h&#7907;p t&aacute;c v&#7899;i Lumen gi&uacute;p ch&uacute;ng t&ocirc;i &#273;&#7841;t &#273;&#432;&#7907;c k&#7871;t n&#7889;i t&#7889;i &#273;a th&ocirc;ng qua c&#7843; IP Transit v&agrave; c&aacute;c &#273;&#7889;i t&aacute;c ngang h&agrave;ng tr&#7921;c ti&#7871;p, gi&uacute;p r&uacute;t ng&#7855;n &#273;&#432;&#7901;ng d&#7851;n BPG &#273;&#7871;n c&aacute;c h&#7879; th&#7889;ng t&#7921; tr&#7883; kh&aacute;c.\n\t\t\t\t  <\/p>\n<\/div>\n<\/div>\n<div class=\"col\">\n<div class=\"text-border-left\">\n                  <span class=\"common-text-20--bold\">T&iacute;nh linh ho&#7841;t &#273;&#7863;c bi&#7879;t<\/span>\n<p class=\"common-text-14 pt-2\">\n\t\t\t\t\t  T&#7893;ng dung l&#432;&#7907;ng m&#7841;ng c&#7911;a IPTP Networks l&agrave; h&#417;n 35 Tbps v&#7899;i &#273;&#432;&#7901;ng tr&#7909;c c&#7911;a ch&uacute;ng t&ocirc;i &#273;&#432;&#7907;c k&#7871;t n&#7889;i tr&#7921;c ti&#7871;p v&#7899;i 52 IX ch&iacute;nh v&agrave; IX c&#7911;a ri&ecirc;ng ch&uacute;ng t&ocirc;i (JumboIX Peru &amp; JumboIX Cyprus) tr&ecirc;n tuy&#7871;n &#273;&#432;&#7901;ng ng&#7855;n nh&#7845;t c&oacute; th&#7875;.\n\t\t\t\t  <\/p>\n<p class=\"common-text-14\">\n\t\t\t\t\t  M&#7841;ng l&#432;&#7899;i to&agrave;n c&#7847;u c&#7911;a ch&uacute;ng t&ocirc;i &#273;&#432;&#7907;c x&acirc;y d&#7921;ng tr&ecirc;n c&#417; s&#7903; h&#7841; t&#7847;ng &#273;&#7883;nh tuy&#7871;n ch&#7845;t l&#432;&#7907;ng cao &#273;&#7875; gi&#7843;m &#273;&#7897; tr&#7877; v&agrave; &#273;&#7897; gi&#7853;t. NOC\/NCC &#273;&#432;&#7907;c ch&#7913;ng nh&#7853;n ho&#7841;t &#273;&#7897;ng 24\/7 &#273;&#7875; n&acirc;ng c&#7845;p v&agrave; &#273;&aacute;nh gi&aacute; hi&#7879;u su&#7845;t nh&#7857;m lo&#7841;i b&#7887; c&aacute;c n&uacute;t th&#7855;t v&agrave; &#273;&#7843;m b&#7843;o c&oacute; &#273;&#7911; n&#259;ng l&#7921;c &#273;&#7875; qu&#7843;n l&yacute; nhu c&#7847;u &#273;&#7897;t xu&#7845;t.\n\t\t\t\t  <\/p>\n<\/div>\n<\/div>\n<div class=\"col\">\n<div class=\"text-border-left\">\n                  <span class=\"common-text-20--bold\">&#272;&#7843;m b&#7843;o m&#7913;c &#273;&#7897; d&#7883;ch v&#7909; (SLA)<\/span>\n<p class=\"common-text-14 pt-2\">\n\t\t\t\t\t  IPTP Networks cung c&#7845;p SLA cao nh&#7845;t, hi&#7879;u su&#7845;t t&#7889;i &#432;u v&agrave; quy&#7873;n truy c&#7853;p Internet &#273;&aacute;ng tin c&#7853;y &#273;&#7875; mang l&#7841;i tr&#7843;i nghi&#7879;m t&#7889;t nh&#7845;t cho ng&#432;&#7901;i d&ugrave;ng cu&#7889;i th&ocirc;ng qua m&#7897;t s&#7889; th&#7887;a thu&#7853;n ngang h&agrave;ng v&#7899;i c&aacute;c &#273;&#7889;i t&aacute;c ngang h&agrave;ng quan tr&#7885;ng, ch&#7859;ng h&#7841;n nh&#432; China Mobile, Korea Telecom, Singapore Telecommunications, GTT Communications, KDDI CORPOration.\n\t\t\t\t  <\/p>\n<\/div>\n<\/div>\n<div class=\"col\">\n<div class=\"text-border-left\">\n                  <span class=\"common-text-20--bold\">T&ugrave;y ch&#7881;nh v&agrave; kh&#7843; n&#259;ng m&#7903; r&#7897;ng<\/span>\n<p class=\"common-text-14 pt-2\">\n\t\t\t\t\t  D&#7877; d&agrave;ng m&#7903; r&#7897;ng quy m&ocirc; v&agrave; &#273;&aacute;p &#7913;ng nhu c&#7847;u hi&#7879;u su&#7845;t c&#7911;a b&#7841;n v&#7899;i d&#7883;ch v&#7909; c&oacute; th&#7875; b&ugrave;ng n&#7893; linh ho&#7841;t.\n\t\t\t\t  <\/p>\n<p class=\"common-text-14\">\n\t\t\t\t  \tT&#7889;c &#273;&#7897; b&#259;ng th&ocirc;ng &#273;a d&#7841;ng c&#7911;a ch&uacute;ng t&ocirc;i c&oacute; s&#7861;n &#7903; nhi&#7873;u c&#7893;ng kh&aacute;c nhau: 1Gbps\/10Gbps\/25Gbps\/40Gbps\/100Gbps\n\t\t\t\t  <\/p>\n<\/div>\n<\/div>\n<\/div>\n<p class=\"pt-3 mb-0 text-center\">\n\t\t\t<a href=\"#\" class=\"btn-outline-primary --gray js_btn_request_form_all\">Y&ecirc;u c&#7847;u b&aacute;o gi&aacute;<\/a>\n\t\t<\/p>\n<\/div>\n<\/div><div class=\"section\">\n<div class=\"inner\" style=\"padding-bottom: 30px;\">\n<div class=\"subtitle text-center\"><span>&#272;&#7882;A &#272;I&#7874;M<\/span><\/div>\n<h2 class=\"text-center\">\n\t\t\tM&#7841;ng l&#432;&#7899;i to&agrave;n c&#7847;u v&agrave; c&aacute;c &#273;i&#7875;m hi&#7879;n di&#7879;n<br>\n\t\t<\/h2>\n<p class=\"common-text-16 text-center\">\n\t\t\tVi&#7879;c ph&acirc;n ph&#7889;i n&#7897;i dung nhanh nh&#7845;t &#273;&#432;&#7907;c &#273;&#7843;m b&#7843;o b&#7857;ng c&aacute;c tuy&#7871;n t&#7889;t nh&#7845;t c&oacute; th&#7875; c&oacute; &#273;&#432;&#7907;c th&ocirc;ng qua c&aacute;c k&ecirc;nh c&oacute; &#273;&#7897; tr&#7877; th&#7845;p v&agrave; kh&#7843; n&#259;ng k&#7871;t n&#7889;i m&#7841;ng &#273;a d&#7841;ng c&#7911;a ch&uacute;ng t&ocirc;i. M&#7895;i m&aacute;y ch&#7911; chuy&ecirc;n d&#7909;ng &#273;&#432;&#7907;c k&#7871;t n&#7889;i v&#7899;i &#273;&#432;&#7901;ng tr&#7909;c thu&#7897;c s&#7903; h&#7919;u t&#432; nh&acirc;n c&#7911;a ch&uacute;ng t&ocirc;i v&#7899;i quy&#7873;n truy c&#7853;p t&#7899;i 228 &#273;i&#7875;m hi&#7879;n di&#7879;n tr&ecirc;n kh&#7855;p th&#7871; gi&#7899;i.\n\t\t<\/p>\n<\/div>\n<div class=\"text-center\">\n\t\t<!--\n\t\t<a href=\"\/map\/\" target=\"_blank\" rel=\"noopener\"><img decoding=\"async\" loading=\"lazy\" src=\"\/wp-content\/uploads\/map-homepage.webp\" class=\"img-fluid\" alt=\"Global Network\" width=\"1440\" height=\"640\"\/><\/a>\n\t\t-->\n<div class=\"container\">\n\t\t\t\t\t\t<!-- \r\n<link rel=\"stylesheet\" target=\"_blank\" href=\"\/wp-content\/themes\/benevolent\/lib\/leaflet\/leaflet.css\" \/>\r\n<script src=\"\/wp-content\/themes\/benevolent\/lib\/leaflet\/leaflet.js\"><\/script>\r\n<script type=\"text\/javascript\" src=\"\/wp-content\/themes\/benevolent\/lib\/jquery-ui.min.js\"><\/script>\r\n<script type=\"text\/javascript\" src=\"\/wp-content\/themes\/benevolent\/lib\/leaflet\/imgViewer2.js\"><\/script> -->\r\n\t\t\t<!-- <div class=\"wrap-img zoom-magnify\"> -->\r\n\t\t\t<div class=\"wrap-img\">\r\n\t\t\t\t<button class=\"btn-modal-toggle-js btn-toggle-modal-css btn btn-primary\"><i class=\"fa fa-arrows-alt\" aria-hidden=\"true\"><\/i><\/button><img class=\"img-zooms img-zoom-small lazy\" src=\"data:image\/gif;base64,R0lGODlhAQABAIAAAAAAAP\/\/\/ywAAAAAAQABAAACAUwAOw==\" alt=\"Global Network and Points of Presence Map\" data-src=\"\/map\/\">\r\n\t\t\t\t<div class=\"zoom-large\" style=\"--background: url('\/map\/')\"><\/div>\r\n\t\t\t<\/div>\r\n\t\t\t<div class=\"pos-full-width div-toggle-js \" align=\"center\">\r\n\t\t\t\t<button class=\"btn-modal-toggle-js btn-toggle-modal-css btn btn-primary\"><i class=\"fa fa-close\" aria-hidden=\"true\"><\/i><\/button> <img class=\"img-zoom-large lazy\" src=\"data:image\/gif;base64,R0lGODlhAQABAIAAAAAAAP\/\/\/ywAAAAAAQABAAACAUwAOw==\" alt=\"Global Network and Points of Presence Map\" data-src=\"\/map\/\">\r\n\t\t\t<\/div>\r\n\t\t\t<script>\r\n\t\t\t\tjQuery(function($){\r\n\t\t\t\t$(document).ready(function () {\r\n\t\t\t\t\tvar native_width = 0;\r\n\r\n\t\t\t\t\tvar native_height = 0;\r\n\r\n\t\t\t\t\t\/\/Now the mousemove function\r\n\r\n\t\t\t\t\t$(\".zoom-magnify\").mousemove(function (e) {\r\n\t\t\t\t\t\/\/When the user hovers on the image, the script will first calculate\r\n\r\n\t\t\t\t\t\/\/the native dimensions if they don't exist. Only after the native dimensions\r\n\r\n\t\t\t\t\t\/\/are available, the script will show the zoomed version.\r\n\r\n\t\t\t\t\tif (!native_width && !native_height) {\r\n\t\t\t\t\t\t\/\/This will create a new image object with the same image as that in .small\r\n\r\n\t\t\t\t\t\t\/\/We cannot directly get the dimensions from .small because of the\r\n\r\n\t\t\t\t\t\t\/\/width specified to 200px in the html. To get the actual dimensions we have\r\n\r\n\t\t\t\t\t\t\/\/created this image object.\r\n\r\n\t\t\t\t\t\tvar image_object = new Image();\r\n\r\n\t\t\t\t\t\timage_object.src = $(\".img-zoom-small\").attr(\"src\");\r\n\r\n\t\t\t\t\t\t\/\/This code is wrapped in the .load function which is important.\r\n\r\n\t\t\t\t\t\t\/\/width and height of the object would return 0 if accessed before\r\n\r\n\t\t\t\t\t\t\/\/the image gets loaded.\r\n\r\n\t\t\t\t\t\tnative_width = image_object.width;\r\n\r\n\t\t\t\t\t\tnative_height = image_object.height;\r\n\t\t\t\t\t} else {\r\n\t\t\t\t\t\t\/\/x\/y coordinates of the mouse\r\n\r\n\t\t\t\t\t\t\/\/This is the position of .magnify with respect to the document.\r\n\r\n\t\t\t\t\t\tvar magnify_offset = $(this).offset();\r\n\r\n\t\t\t\t\t\t\/\/We will deduct the positions of .magnify from the mouse positions with\r\n\r\n\t\t\t\t\t\t\/\/respect to the document to get the mouse positions with respect to the\r\n\r\n\t\t\t\t\t\t\/\/container(.magnify)\r\n\r\n\t\t\t\t\t\tvar mx = e.pageX - magnify_offset.left;\r\n\r\n\t\t\t\t\t\tvar my = e.pageY - magnify_offset.top;\r\n\r\n\t\t\t\t\t\t\/\/Finally the code to fade out the glass if the mouse is outside the container\r\n\r\n\t\t\t\t\t\tif (mx < $(this).width() && my < $(this).height() && mx > 0 && my > 0) {\r\n\t\t\t\t\t\t$(\".zoom-large\").fadeIn(100);\r\n\t\t\t\t\t\t} else {\r\n\t\t\t\t\t\t$(\".zoom-large\").fadeOut(100);\r\n\t\t\t\t\t\t}\r\n\r\n\t\t\t\t\t\tif ($(\".zoom-large\").is(\":visible\")) {\r\n\t\t\t\t\t\t\/\/The background position of .large will be changed according to the position\r\n\r\n\t\t\t\t\t\t\/\/of the mouse over the .small image. So we will get the ratio of the pixel\r\n\r\n\t\t\t\t\t\t\/\/under the mouse pointer with respect to the image and use that to position the\r\n\r\n\t\t\t\t\t\t\/\/large image inside the magnifying glass\r\n\r\n\t\t\t\t\t\tvar rx = Math.round((mx \/ $(\".img-zoom-small\").width()) * native_width - $(\".zoom-large\").width() \/ 2) * -1;\r\n\r\n\t\t\t\t\t\tvar ry = Math.round((my \/ $(\".img-zoom-small\").height()) * native_height - $(\".zoom-large\").height() \/ 2) * -1;\r\n\r\n\t\t\t\t\t\tvar bgp = rx + \"px \" + ry + \"px\";\r\n\r\n\t\t\t\t\t\t\/\/Time to move the magnifying glass with the mouse\r\n\r\n\t\t\t\t\t\tvar px = mx - $(\".zoom-large\").width() \/ 2;\r\n\r\n\t\t\t\t\t\tvar py = my - $(\".zoom-large\").height() \/ 2;\r\n\r\n\t\t\t\t\t\t\/\/Now the glass moves with the mouse\r\n\r\n\t\t\t\t\t\t\/\/The logic is to deduct half of the glass's width and height from the\r\n\r\n\t\t\t\t\t\t\/\/mouse coordinates to place it with its center at the mouse coordinates\r\n\r\n\t\t\t\t\t\t\/\/If you hover on the image now, you should see the magnifying glass in action\r\n\r\n\t\t\t\t\t\t$(\".zoom-large\").css({ left: px, top: py, backgroundPosition: bgp });\r\n\t\t\t\t\t\t}\r\n\t\t\t\t\t}\r\n\t\t\t\t\t});\r\n\t\t\t\t});\r\n\t\t\t});\r\n\t\t\t<\/script>\t\r\n\r\n\t\t\n\t\t<\/div>\n<\/div>\n<div class=\"text-center\">\n<p class=\"pt-5 pb-5 mb-0\">\n\t\t\t<a href=\"https:\/\/www.iptp.us\/vi\/network\/locations\/\" class=\"btn-outline-bottom\">T&Igrave;M HI&#7874;U TH&Ecirc;M V&#7872; &#272;&#7882;A &#272;I&#7874;M<\/a>\n\t\t<\/p>\n<\/div>\n<\/div><div class=\"section section-text-columns bg-blue\">\n<div class=\"inner\">\n<div class=\"row\">\n<div class=\"col-sm-12 col-lg-4 column-main\">\n<div class=\"inner\">\n<div class=\"subtitle\"><span>NH&Agrave; CUNG C&#7844;P TIN C&#7852;Y C&#7910;A B&#7840;N<\/span><\/div>\n<h2>\n\t\t\t\t\t\tC&aacute;ch th&#7913;c ho&#7841;t &#273;&#7897;ng c&#7911;a IP Transit<br>\n\t\t\t\t\t<\/h2>\n<p>\n\t\t\t\t\t\tC&aacute;c d&#7883;ch v&#7909; truy&#7873;n t&#7843;i IP &#273;&#432;&#7907;c &#273;&#7843;m b&#7843;o c&#7911;a ch&uacute;ng t&ocirc;i &#273;&#432;&#7907;c h&#7895; tr&#7907; b&#7857;ng c&aacute;ch s&#7917; d&#7909;ng nhi&#7873;u c&aacute;p ng&#7847;m\/m&#7863;t &#273;&#7845;t d&#7921; ph&ograve;ng. Xem b&#7843;n &#273;&#7891; <a href=\"https:\/\/www.iptp.us\/vi\/internet-access\/low-latency-routes\/\" class=\"underline --white\">c&aacute;p c&#7911;a<\/a> ch&uacute;ng t&ocirc;i &#273;&#7875; kh&aacute;m ph&aacute; c&aacute;ch c&aacute;c tuy&#7871;n &#273;&#432;&#7901;ng c&oacute; &#273;&#7897; tr&#7877; th&#7845;p &#273;a d&#7841;ng c&#7911;a ch&uacute;ng t&ocirc;i c&oacute; th&#7875; k&#7871;t n&#7889;i b&#7841;n v&#7899;i th&#7871; gi&#7899;i.\n\t\t\t\t\t<\/p>\n<p class=\"pt-3 pb-3 mb-0 text-center-mobile\">\n\t\t\t\t\t\t<a href=\"https:\/\/www.iptp.us\/vi\/request-a-quote\/?post=398\" class=\"btn-outline-primary --white-blue\">Y&ecirc;u c&#7847;u b&aacute;o gi&aacute;<\/a>\n\t\t\t\t\t<\/p>\n<\/div>\n<\/div>\n<div class=\"col-sm-12 col-lg-8 column-secondary\">\n<div class=\"inner\">\n<p>\n\t\t\t\t\t\tNh&#7919;ng lo&#7841;i c&aacute;p c&oacute; &#273;&#7897; &#273;&agrave;n h&#7891;i cao n&agrave;y cho ph&eacute;p ch&uacute;ng t&ocirc;i cung c&#7845;p k&#7871;t n&#7889;i IP tr&#7921;c ti&#7871;p &ldquo;m&#7897;t b&#432;&#7899;c&rdquo; t&#7899;i 6 ch&acirc;u l&#7909;c, bao g&#7891;m c&aacute;c th&#7883; tr&#432;&#7901;ng h&#7845;p d&#7851;n nh&#7845;t nh&#432; Trung Qu&#7889;c, Nh&#7853;t B&#7843;n, H&agrave;n Qu&#7889;c, &#272;&agrave;i Loan, &Uacute;c, H&agrave; Lan, &#272;&#7913;c, Anh, Johannesburg, M&#7929;, Brazil , v&agrave; nhi&#7873;u c&aacute;i kh&aacute;c. H&atilde;y tham kh&#7843;o c&ocirc;ng c&#7909; <a href=\"https:\/\/www.iptp.us\/vi\/iptp-tools\/best-path\/\" class=\"underline\">Best Path tool<\/a> c&#7911;a ch&uacute;ng t&ocirc;i &#273;&#7875; t&igrave;m hi&#7875;u &#273;&#7897; tr&#7877; gi&#7919;a 228 &#273;i&#7875;m hi&#7879;n di&#7879;n (POP) c&#7911;a ch&uacute;ng t&ocirc;i.\n\t\t\t\t\t<\/p>\n<p class=\"text-center pt-5 pb-5\">\n\t\t\t\t\t\t<img decoding=\"async\" loading=\"lazy\" src=\"data:image\/gif;base64,R0lGODlhAQABAIAAAAAAAP\/\/\/ywAAAAAAQABAAACAUwAOw==\" alt=\"ip-transit\" width=\"\" height=\"\" data-src=\"\/wp-content\/uploads\/ip-transit-1.png\" class=\"lazy\">\n\t\t\t\t\t<\/p>\n<p>\n\t\t\t\t\t\tCh&uacute;ng t&ocirc;i &#273;&atilde; thi&#7871;t l&#7853;p h&#417;n 1500 phi&ecirc;n BGP v&agrave; &#273;ang trao &#273;&#7893;i l&#432;u l&#432;&#7907;ng truy c&#7853;p v&#7899;i h&#417;n 1000 ISP C&#7845;p 2 v&agrave; C&#7845;p 1 th&#7921;c s&#7921; cung c&#7845;p h&#417;n 400 000 ti&#7873;n t&#7889; v&agrave; th&#7921;c t&#7871; h&#417;n 80% l&#432;u l&#432;&#7907;ng truy c&#7853;p &#273;&#7873;u &#273;i qua c&aacute;c li&ecirc;n k&#7871;t ngang h&agrave;ng. Th&ocirc;ng tin chi ti&#7871;t c&oacute; th&#7875; &#273;&#432;&#7907;c l&#7845;y th&ocirc;ng qua <a href=\"https:\/\/www.iptp.us\/vi\/iptp-tools\/lg\/\" class=\"underline\">Looking Glass tool<\/a> c&#7911;a ch&uacute;ng t&ocirc;i v&agrave; t&#7915; <a href=\"https:\/\/www.peeringdb.com\/\" target=\"_blank\" rel=\"nofollow noopener\" class=\"underline\">PeeringDB<\/a>.\n\t\t\t\t\t<\/p>\n<\/div>\n<\/div>\n<\/div>\n<\/div>\n<\/div><div class=\"section\">\n<div class=\"inner\">\n<div class=\"subtitle text-center\"><span>T&Iacute;NH N&#258;NG CH&Iacute;NH<\/span><\/div>\n<h2 class=\"text-center\">\n\t\t\tC&aacute;c t&iacute;nh n&#259;ng chuy&#7875;n ti&#7871;p IP c&#7911;a IPTP Networks<br>\n\t\t<\/h2>\n<div class=\"row row-cols-1 row-cols-md-2 row-cols-lg-3 gx-md-5 gy-md-5 gy-3 mb-3 mt-3\">\n<div class=\"col\">\n<div class=\"text-border-left\">\n                  <span class=\"common-text-20--bold\">Kh&#7843; n&#259;ng t&#7921; qu&#7843;n l&yacute; v&#7899;i c&#7897;ng &#273;&#7891;ng BGP phong ph&uacute;<\/span>\n               <\/div>\n<\/div>\n<div class=\"col\">\n<div class=\"text-border-left\">\n                  <span class=\"common-text-20--bold\">&#272;&#7897; tr&#7877; th&#7845;p v&agrave; hi&#7879;u su&#7845;t &#7893;n &#273;&#7883;nh<\/span>\n               <\/div>\n<\/div>\n<div class=\"col\">\n<div class=\"text-border-left\">\n                  <span class=\"common-text-20--bold\">&#272;&#7897; tin c&#7853;y cao h&#417;n<\/span>\n               <\/div>\n<\/div>\n<div class=\"col\">\n<div class=\"text-border-left\">\n                  <span class=\"common-text-20--bold\">Qu&#7843;n l&yacute; tuy&#7871;n &#273;&#432;&#7901;ng<\/span>\n               <\/div>\n<\/div>\n<div class=\"col\">\n<div class=\"text-border-left\">\n                  <span class=\"common-text-20--bold\">Chi ph&iacute; v&#7915;a ph&#7843;i<\/span>\n               <\/div>\n<\/div>\n<div class=\"col\">\n<div class=\"text-border-left\">\n                  <span class=\"common-text-20--bold\">QoS &#273;&#432;&#7907;c &#273;&#7843;m b&#7843;o<\/span>\n               <\/div>\n<\/div>\n<div class=\"col\">\n<div class=\"text-border-left\">\n                  <span class=\"common-text-20--bold\">B&#7843;o v&#7879; DDoS th&#7875; t&iacute;ch c&#417; b&#7843;n mi&#7877;n ph&iacute;<\/span>\n               <\/div>\n<\/div>\n<div class=\"col\">\n<div class=\"text-border-left\">\n                  <span class=\"common-text-20--bold\">C&aacute;c tuy&#7871;n &#273;&#432;&#7901;ng d&#7921; ph&ograve;ng v&agrave; &#273;a d&#7841;ng t&#7915; t&#7845;t c&#7843; c&aacute;c POP &#273;&#7875; c&oacute; t&iacute;nh s&#7861;n s&agrave;ng cao<\/span>\n               <\/div>\n<\/div>\n<\/div>\n<p class=\"pt-5 mb-0 text-center\">\n\t\t\t<a href=\"#\" class=\"btn-outline-primary --gray js_btn_request_form_all\">Y&ecirc;u c&#7847;u b&aacute;o gi&aacute;<\/a>\n\t\t<\/p>\n<\/div>\n<\/div><div class=\"section section-banner\">\r\n    <div class=\"inner text-center\">\r\n            <div class=\"subtitle\"><span>B&#7854;T &#272;&#7846;U<\/span><\/div>\r\n                <h2>S&#7861;n s&agrave;ng &#273;&#7875; &#273;&#7841;t &#273;&#432;&#7907;c Internet cao c&#7845;p K&#7871;t n&#7889;i tr&ecirc;n to&agrave;n c&#7847;u?<\/h2>\r\n                    <p class=\"pt-3 mb-0\">\r\n            <!-- <a href=\"https:\/\/www.iptp.us\/vi\/request-a-quote\/?post=398\" class=\"btn-primary-rounded-pill d-inline-block\">Y&ecirc;u c&#7847;u b&aacute;o gi&aacute;<\/a> -->\r\n            <a href=\"#\" class=\"btn-primary-rounded-pill d-inline-block js_btn_request_form_all\">Y&ecirc;u c&#7847;u b&aacute;o gi&aacute;<\/a>\r\n        <\/p>\r\n        <\/div>\r\n<\/div>\n","protected":false},"excerpt":{"rendered":"<p>IPTP Networks \u2013 Nh\u00e0 cung c\u1ea5p h\u1ea1 t\u1ea7ng m\u1ea1ng b\u0103ng th\u00f4ng si\u00eau cao v\u00e0 tin c\u1eady to\u00e0n c\u1ea7u. C\u00e1c c\u01a1 s\u1edf c\u1ee7a ch\u00fang t\u00f4i n\u1eb1m trong t\u1ea5t c\u1ea3 c\u00e1c \u0111i\u1ec3m \u0111\u1ebfn ch\u00ednh c\u1ee7a s\u1ef1 l\u1ef1a ch\u1ecdn c\u1ee7a c\u00e1c c\u00f4ng ty l\u1edbn nh\u1ea5t v\u00e0 m\u1ea1nh nh\u1ea5t tr\u00ean th\u1ebf gi\u1edbi, nh\u00e0 cung c\u1ea5p d\u1ecbch v\u1ee5 v\u00e0 c\u00f4ng ty m\u1ea1ng. &#8230;<\/p>\n","protected":false},"author":1,"featured_media":0,"parent":388,"menu_order":0,"comment_status":"closed","ping_status":"closed","template":"template-inner-page.php","meta":[],"acf":[],"aioseo_notices":[],"_links":{"self":[{"href":"https:\/\/www.iptp.us\/vi\/wp-json\/wp\/v2\/pages\/398"}],"collection":[{"href":"https:\/\/www.iptp.us\/vi\/wp-json\/wp\/v2\/pages"}],"about":[{"href":"https:\/\/www.iptp.us\/vi\/wp-json\/wp\/v2\/types\/page"}],"author":[{"embeddable":true,"href":"https:\/\/www.iptp.us\/vi\/wp-json\/wp\/v2\/users\/1"}],"replies":[{"embeddable":true,"href":"https:\/\/www.iptp.us\/vi\/wp-json\/wp\/v2\/comments?post=398"}],"version-history":[{"count":702,"href":"https:\/\/www.iptp.us\/vi\/wp-json\/wp\/v2\/pages\/398\/revisions"}],"predecessor-version":[{"id":39463,"href":"https:\/\/www.iptp.us\/vi\/wp-json\/wp\/v2\/pages\/398\/revisions\/39463"}],"up":[{"embeddable":true,"href":"https:\/\/www.iptp.us\/vi\/wp-json\/wp\/v2\/pages\/388"}],"wp:attachment":[{"href":"https:\/\/www.iptp.us\/vi\/wp-json\/wp\/v2\/media?parent=398"}],"curies":[{"name":"wp","href":"https:\/\/api.w.org\/{rel}","templated":true}]}}