{"id":396,"date":"2016-10-07T19:27:41","date_gmt":"2016-10-07T16:27:41","guid":{"rendered":"https:\/\/web-mng.iptp.com\/?page_id=396"},"modified":"2026-01-14T09:52:01","modified_gmt":"2026-01-14T06:52:01","slug":"ix-transit","status":"publish","type":"page","link":"https:\/\/www.iptp.us\/vi\/internet-access\/ix-transit\/","title":{"rendered":"IX Transit"},"content":{"rendered":"<p>IX Transit l&agrave; d&#7883;ch v&#7909; m&#7841;ng Layer 3 <span lang=\"vi\"> &#273;&#432;&#7907;c thi&#7871;t k&#7871;  cho c&aacute;c Nh&agrave; cung c&#7845;p D&#7883;ch v&#7909; Internet (ISP) v&agrave; c&aacute;c doanh nghi&#7879;p mu&#7889;n t&#7921; m&igrave;nh t&#7889;i &#432;u h&oacute;a m&#7841;ng c&#7911;a m&igrave;nh. <\/span><span lang=\"vi\"> V&#7873; c&#417; b&#7843;n, IX Transit l&agrave; m&#7897;t ph&#7847;n c&#7911;a d&#7883;ch v&#7909; IP Transit, v&#7899;i BGP community &#273;&#432;&#7907;c thi&#7871;t l&#7853;p &#273;&#7875; qu&#7843;n l&yacute; c&aacute;c th&ocirc;ng b&aacute;o g&#7917;i &#273;i v&agrave; l&#7885;c c&aacute;c prefix nh&#7853;n &#273;&#432;&#7907;c. D&#7883;ch v&#7909; n&agrave;y cung c&#7845;p h&#417;n 400,000 prefixes c&#7911;a b&#7843;ng BGP to&agrave;n c&#7847;u m&agrave; &#7903; &#273;&oacute; ch&uacute;ng ta c&oacute; th&#7875; c&#7853;p nh&#7853;t li&ecirc;n t&#7909;c th&ocirc;ng qua nhi&#7873;u s&agrave;n Internet Exchange, &#273;&#7889;i t&aacute;c peering v&agrave; c&aacute;c kh&aacute;ch h&agrave;ng kh&aacute;c nhau t&#7915; m&#7885;i n&#417;i tr&ecirc;n th&#7871; gi&#7899;i. H&#417;n 1500 BGP v&agrave; l&#432;u l&#432;&#7907;ng &#273;&#432;&#7907;c trao &#273;&#7893;i v&#7899;i h&#417;n 1000 ISP (c&#7843; Tier 2 v&agrave; Tier 1); v&igrave; th&#7871;, c&oacute; h&#417;n [prefixes] prefixes &#273;&#432;&#7907;c cung c&#7845;p v&agrave; &#273;i&#7873;u n&agrave;y &#7843;nh h&#432;&#7903;ng t&#7899;i h&#417;n 60% l&#432;u l&#432;&#7907;ng l&#432;u th&ocirc;ng qua c&aacute;c &#273;i&#7875;m li&ecirc;n k&#7871;t. Th&ocirc;ng tin c&#7909; th&#7875; c&oacute; th&#7875; &#273;&#432;&#7907;c t&igrave;m hi&#7875;u t&#7841;i <\/span><a href=\"https:\/\/www.iptp.us\/vi\/iptp-tools\/lg\/\"> Looking Glass<\/a> v&agrave; <a href=\"http:\/\/as41095.peeringdb.com\/\" target=\"_blank\" rel=\"nofollow noopener\">PeeringDB.<\/a><\/p><p><img decoding=\"async\" class=\"mt-2 mb-2 lazy\" src=\"data:image\/gif;base64,R0lGODlhAQABAIAAAAAAAP\/\/\/ywAAAAAAQABAAACAUwAOw==\" alt=\"ixtransit\" data-src=\"\/wp-content\/uploads\/ixtransit-3.svg\"><\/p><p>Ch&uacute;ng t&ocirc;i &#273;ang k&#7871;t n&#7889;i t&#7899;i c&aacute;c s&agrave;n Chuy&#7875;n &#273;&#7893;i Internet (Internet Exchange), v&#7899;i b&#259;ng th&ocirc;ng t&#7915; 100Mbps l&ecirc;n &#273;&#7871;n 10Gbps, nh&#432;: AMS-IX, CoreSite Any2, DE-CIX, EQ-IX, LINX, NetNod, Dtel-IX, BBIX, JPIX, JPNAP, JBIX, SH-IX v&agrave; c&aacute;c s&agrave;n kh&aacute;c n&#7919;a.<\/p><p><span class=\"span-mess ng-binding\">&#272;&#7889;i v&#7899;i nh&#7919;ng ng&#432;&#7901;i s&#7917; d&#7909;ng IX Transit k&#7871;t h&#7907;p v&#7899;i c&aacute;c nh&agrave; cung c&#7845;p upstream kh&aacute;c, vi&#7879;c s&#7917; d&#7909;ng d&#7883;ch v&#7909; IX Transit c&oacute; th&#7875; c&#7843;i thi&#7879;n t&#7899;i 60% l&#432;u l&#432;&#7907;ng truy c&#7853;p v&agrave; &#273;&#7897; tr&#7877; m&agrave; kh&ocirc;ng c&#7847;n thi&#7871;t l&#7853;p k&#7871;t n&#7889;i c&#7911;a ri&ecirc;ng h&#7885; v&#7899;i c&aacute;c &#273;i&#7875;m IX. D&#7883;ch v&#7909; n&agrave;y gi&uacute;p ng&#432;&#7901;i d&ugrave;ng &#273;&#7841;t &#273;&#432;&#7907;c ph&#7841;m vi ph&#7911; s&oacute;ng to&agrave;n c&#7847;u t&#7889;t h&#417;n th&ocirc;ng qua c&aacute;c IX v&agrave; kh&aacute;ch h&agrave;ng c&#361;ng nh&#432; &#273;&#7889;i t&aacute;c c&#7911;a IPTP Networks.<\/span><\/p><!-- map_contact 2 --><div class=\"box-map-contact position-relative\" id=\"map-map_contact_69d0bc5fd91f5\">\r\n                <img class=\"map_contact_69d0bc5fd91f5 text-center w-100 disabled-lazy\" src=\"https:\/\/www.iptp.us\/wp-content\/uploads\/map4.png\" alt=\"Image\">\r\n                <button style=\"z-index: 2\" class=\"btn-modal-toggle-js btn-toggle-modal-css btn btn-primary\"><i class=\"fa fa-arrows-alt\" aria-hidden=\"true\"><\/i><\/button>\r\n            <\/div><!-- add full zoom --><div class=\"pos-full-width weathermap div-toggle-js \" align=\"center\"><button class=\"btn-modal-toggle-js btn-toggle-modal-css btn btn-primary\"><i class=\"fa fa-close\" aria-hidden=\"true\"><\/i><\/button><div class=\"position-relative mx-auto\" style=\"max-width: 80vw\" align=\"center\"><img class=\"large-map_contact_69d0bc5fd91f5 lazy\" src=\"data:image\/gif;base64,R0lGODlhAQABAIAAAAAAAP\/\/\/ywAAAAAAQABAAACAUwAOw==\" alt=\"Image\" data-src=\"https:\/\/www.iptp.us\/wp-content\/uploads\/map4.png\"><\/div>\r\n\t\t\t<\/div><h2>L&#7907;i &iacute;ch t&#7915; IX Transit<\/h2><ul>\n<li>&#272;&#7897; tr&#7877; th&#7845;p h&#417;n<\/li>\n<li>Ti&#7871;t ki&#7879;m chi ph&iacute;<\/li>\n<li>L&#432;u l&#432;&#7907;ng n&#7897;i &#273;&#7883;a c&#7911;a nh&#7919;ng v&ugrave;ng nh&#7845;t &#273;&#7883;nh s&#7869; kh&ocirc;ng b&#7883; gi&aacute;m s&aacute;t t&#7915; ph&iacute;a ngo&agrave;i<\/li>\n<li>Qu&#7843;ng b&aacute; c&ocirc;ng ngh&#7879; m&#7899;i (IPv6, RPKI, etc)<\/li>\n<\/ul><h2>S&#7921; kh&aacute;c bi&#7879;t gi&#7919;a IP Transit v&agrave; IX Transit l&agrave; g&igrave;?<\/h2><p><span class=\"span-mess ng-binding\">IP Transit l&agrave; d&#7883;ch v&#7909; c&aacute;c ISP d&agrave;nh cho kh&aacute;ch h&agrave;ng c&#7911;a m&igrave;nh d&#7921;a tr&ecirc;n c&aacute;c &#273;i&#7873;u kho&#7843;n d&#7883;ch v&#7909; &#273;&#432;&#7907;c cam k&#7871;t tr&#432;&#7899;c (SLA). V&#7873; c&#417; b&#7843;n, IX Transit l&agrave; m&#7897;t th&#7887;a thu&#7853;n gi&#7919;a hai ISP trao &#273;&#7893;i d&#7919; li&#7879;u v&#7899;i nhau. Th&ocirc;ng th&#432;&#7901;ng, IP Transit l&agrave; k&#7871;t n&#7889;i gi&#7919;a c&aacute;c nh&agrave; cung c&#7845;p Tier-1 &#273;&#7889;i v&#7899;i Tier-2, c&ograve;n IX Transit l&agrave; k&#7871;t n&#7889;i gi&#7919;a c&aacute;c nh&agrave; cung c&#7845;p Tier-2 v&#7899;i nhau.<\/span><\/p><h5>REMOTE IX TRANSIT (IX TRANSIT T&#7914; XA) <\/h5><p>D&#7883;ch v&#7909; Remote IX Transit c&oacute; th&#7875; &#273;&#432;&#7907;c k&#7871;t h&#7907;p v&#7899;i IP Transit ho&#7863;c &#273;&#432;&#7907;c s&#7917; d&#7909;ng nh&#432; m&#7897;t d&#7883;ch v&#7909; IX Transit &#273;&#7897;c l&#7853;p &#273;&#7875; c&oacute; &#273;&#432;&#7907;c c&aacute;c tuy&#7871;n &#273;&#432;&#7901;ng c&#7909; th&#7875; theo khu v&#7921;c t&#7915; xa. T&#432;&#417;ng t&#7921; nh&#432; IX Transit, d&#7883;ch v&#7909; n&agrave;y c&#361;ng cung c&#7845;p x&#7845;p x&#7881; [prefixes] prefix v&agrave; c&oacute; th&#7875; &#273;&#432;&#7907;c t&ugrave;y ch&#7881;nh nh&#7901; s&#7917; d&#7909;ng ph&#7841;m vi ti&#7871;p c&#7853;n c&#7911;a b&#7897; BGP community. Trong tr&#432;&#7901;ng h&#7907;p n&agrave;y, phi&ecirc;n BGP &#273;&#432;&#7907;c b&#7855;t &#273;&#7847;u v&#7899;i m&#7897;t router t&#7915; xa th&ocirc;ng qua li&ecirc;n k&#7871;t L2 MPLS. Qu&aacute; tr&igrave;nh n&agrave;y gi&uacute;p thi&#7871;t l&#7853;p th&agrave;nh c&ocirc;ng c&aacute;c tuy&#7871;n &#273;&#432;&#7901;ng c&#7909; th&#7875; theo khu v&#7921;c mong mu&#7889;n v&agrave; t&#7841;o &#273;i&#7873;u ki&#7879;n th&#7921;c hi&#7879;n k&#7929; thu&#7853;t &#273;&#7883;nh tuy&#7871;n ph&#7913;c t&#7841;p h&#417;n tr&ecirc;n quy m&ocirc; to&agrave;n c&#7847;u.<\/p><hr><h2>Danh s&aacute;ch c&aacute;c IX c&oacute; s&#7861;n cho c&aacute;c d&#7883;ch v&#7909; Transit:<\/h2><p>IPTP Networks &#273;ang c&oacute; m&#7863;t t&#7841;i c&aacute;c s&agrave;n Internet Exchange d&#432;&#7899;i &#273;&acirc;y:<\/p><ul class=\"list-col\">\n<li><a href=\"https:\/\/www.peeringdb.com\/ix\/26\" target=\"_blank\" rel=\"nofollow noopener\">Amsterdam (AMS-IX)<\/a><\/li>\n<li><a href=\"https:\/\/www.peeringdb.com\/ix\/22\" target=\"_blank\" rel=\"nofollow noopener\">Atlanta Telx TIE <\/a><\/li>\n<li><a href=\"https:\/\/www.peeringdb.com\/ix\/1\" target=\"_blank\" rel=\"nofollow noopener\">Ashburn Equinix<\/a><\/li>\n<li><a href=\"https:\/\/www.peeringdb.com\/ix\/909\" target=\"_blank\" rel=\"nofollow noopener\">BBIX Hong Kong \/ Singapore<\/a><\/li>\n<li><a href=\"https:\/\/www.peeringdb.com\/ix\/142\" target=\"_blank\" rel=\"nofollow noopener\">California \/ CoreSite &ndash; Any2<\/a><\/li>\n<li><a href=\"https:\/\/www.peeringdb.com\/ix\/142\" target=\"_blank\" rel=\"nofollow noopener\">Los Angeles &ndash; Any2<\/a><\/li>\n<li><a href=\"https:\/\/www.peeringdb.com\/ix\/597\" target=\"_blank\" rel=\"nofollow noopener\">Cape Town &ndash; NAP Africa<\/a><\/li>\n<li><a href=\"https:\/\/www.peeringdb.com\/ix\/2\" target=\"_blank\" rel=\"nofollow noopener\">Chicago Equinix <\/a><\/li>\n<li><a href=\"https:\/\/www.peeringdb.com\/ix\/3\" target=\"_blank\" rel=\"nofollow noopener\">Dallas Equinix<\/a><\/li>\n<li><a href=\"https:\/\/www.peeringdb.com\/ix\/125\" target=\"_blank\" rel=\"nofollow noopener\">Hong Kong Equinix<\/a><\/li>\n<li><a href=\"https:\/\/www.peeringdb.com\/ix\/42\" target=\"_blank\" rel=\"nofollow noopener\">Hong Kong (HKIX)<\/a><\/li>\n<li><a href=\"https:\/\/www.peeringdb.com\/ix\/31\" target=\"_blank\" rel=\"nofollow noopener\">Frankfurt (DE-CIX)<\/a><\/li>\n<li><a href=\"https:\/\/www.peeringdb.com\/ix\/18\" target=\"_blank\" rel=\"nofollow noopener\">London (LINX)<\/a><\/li>\n<li><a href=\"https:\/\/www.peeringdb.com\/ix\/4\" target=\"_blank\" rel=\"nofollow noopener\">Los Angeles Equinix<\/a><\/li>\n<li><a href=\"https:\/\/www.peeringdb.com\/ix\/63\" target=\"_blank\" rel=\"nofollow noopener\">Madrid (ESPANIX)<\/a><\/li>\n<li><a href=\"https:\/\/www.peeringdb.com\/ix\/17\" target=\"_blank\" rel=\"nofollow noopener\">Miami &ndash; NAP Of The Americas<\/a><\/li>\n<li><a href=\"https:\/\/www.peeringdb.com\/ix\/35\" target=\"_blank\" rel=\"nofollow noopener\">Milan (MIX-IT)<\/a><\/li>\n<li><a href=\"https:\/\/www.peeringdb.com\/ix\/804\" target=\"_blank\" rel=\"nofollow noopener\">New York (DE-CIX)<\/a><\/li>\n<li><a href=\"https:\/\/www.peeringdb.com\/ix\/12\" target=\"_blank\" rel=\"nofollow noopener\">New York Equinix<\/a><\/li>\n<li><a href=\"https:\/\/www.peeringdb.com\/ix\/325\" target=\"_blank\" rel=\"nofollow noopener\">New York Telx TIE<\/a><\/li>\n<li><a href=\"https:\/\/www.peeringdb.com\/ix\/14\" target=\"_blank\" rel=\"nofollow noopener\">New York (NYIIX )<\/a><\/li>\n<li><a href=\"https:\/\/www.peeringdb.com\/ix\/255\" target=\"_blank\" rel=\"nofollow noopener\">Paris Equinix<\/a><\/li>\n<li><a href=\"https:\/\/www.peeringdb.com\/ix\/13\" target=\"_blank\" rel=\"nofollow noopener\">Seattle (SIX)<\/a><\/li>\n<li><a href=\"https:\/\/www.peeringdb.com\/ix\/158\" target=\"_blank\" rel=\"nofollow noopener\">Singapore Equinix <\/a><\/li>\n<li><a href=\"https:\/\/www.peeringdb.com\/ix\/429\" target=\"_blank\" rel=\"nofollow noopener\">Singapore (SGIX)<\/a><\/li>\n<li><a href=\"https:\/\/www.peeringdb.com\/ix\/167\" target=\"_blank\" rel=\"nofollow noopener\">Tokyo Equinix <\/a><\/li>\n<li><a href=\"https:\/\/www.peeringdb.com\/ix\/95\" target=\"_blank\" rel=\"nofollow noopener\"> JPNAP Tokyo <\/a><\/li>\n<p><!--\n \t\n\n<li><a href=\"!#\"> JPNAP Tokyo 2 <\/a><\/li>\n\n\n--><\/p>\n<li><a href=\"https:\/\/www.peeringdb.com\/fac\/365\" target=\"_blank\" rel=\"nofollow noopener\">Kiev (DTEL-IX)<\/a><\/li>\n<li><a href=\"https:\/\/www.peeringdb.com\/ix\/29\" target=\"_blank\" rel=\"nofollow noopener\">Zurich Equinix<\/a><\/li>\n<\/ul><p>Ch&uacute;ng t&ocirc;i s&#7869; s&#7899;m c&oacute; m&#7863;t &#7903; nh&#7919;ng IX sau:<\/p><ul>\n<li><a href=\"https:\/\/www.peeringdb.com\/ix\/359\" target=\"_blank\" rel=\"nofollow noopener\">Paris (France-IX)<\/a><\/li>\n<li><a href=\"https:\/\/www.peeringdb.com\/fac\/687\" target=\"_blank\" rel=\"nofollow noopener\">Turkey<\/a><\/li>\n<\/ul><hr><p>Ch&uacute;ng t&ocirc;i &#273;ang cung c&#7845;p d&#7883;ch v&#7909; Internet Exchange Transit (IX transit), v&#7899;i b&#259;ng th&ocirc;ng t&#7915; 100Mbps l&ecirc;n &#273;&#7871;n 10Gbps, t&#7915; c&aacute;c v&#7883; tr&iacute;:<\/p><p><!--\n \t\n\n<li><a href=\"https:\/\/www.peeringdb.com\/ix\/429\">SG-IX in Singapore<\/a><\/li>\n\n\n--><\/p><ul class=\"list-col\">\n<li><a href=\"https:\/\/www.peeringdb.com\/fac\/60\" target=\"_blank\" rel=\"nofollow noopener\">Ancotel Frankfurt<\/a><\/li>\n<li><a href=\"https:\/\/www.peeringdb.com\/fac\/389\" target=\"_blank\" rel=\"nofollow noopener\">CoreSite &ndash; DE1 <\/a><\/li>\n<li><a href=\"https:\/\/www.peeringdb.com\/fac\/19\" target=\"_blank\" rel=\"nofollow noopener\">CoreSite &ndash; One Wilshire (LA1)<\/a><\/li>\n<li><a href=\"https:\/\/www.peeringdb.com\/fac\/363\" target=\"_blank\" rel=\"nofollow noopener\">CoreSite &ndash; LA2 <\/a><\/li>\n<li><a href=\"https:\/\/www.peeringdb.com\/fac\/375\" target=\"_blank\" rel=\"nofollow noopener\">Equinix Amsterdam (AM1)<\/a><\/li>\n<li><a href=\"https:\/\/www.peeringdb.com\/fac\/1320\" target=\"_blank\" rel=\"nofollow noopener\">Equinix Amsterdam (AM3) <\/a><\/li>\n<li><a href=\"https:\/\/www.peeringdb.com\/fac\/1\" target=\"_blank\" rel=\"nofollow noopener\">Equinix Ashburn (DC1-DC11)<\/a><\/li>\n<li><a href=\"https:\/\/www.peeringdb.com\/fac\/7\" target=\"_blank\" rel=\"nofollow noopener\">Equinix Chicago (CH1\/CH2) <\/a><\/li>\n<li><a href=\"https:\/\/www.peeringdb.com\/fac\/4\" target=\"_blank\" rel=\"nofollow noopener\">Equinix Dallas (DA1)<\/a><\/li>\n<li><a href=\"https:\/\/www.peeringdb.com\/fac\/69\" target=\"_blank\" rel=\"nofollow noopener\">Equinix Dallas (DA3)<\/a><\/li>\n<li><a href=\"https:\/\/www.peeringdb.com\/fac\/60\" target=\"_blank\" rel=\"nofollow noopener\">Equinix Frankfurt KleyerStrasse (FR5)<\/a><\/li>\n<li><a href=\"https:\/\/www.peeringdb.com\/fac\/170\" target=\"_blank\" rel=\"nofollow noopener\">Equinix Hong Kong (HK1)<\/a><\/li>\n<li><a href=\"https:\/\/www.peeringdb.com\/fac\/399\" target=\"_blank\" rel=\"nofollow noopener\">Equinix London Slough (LD4)<\/a><\/li>\n<li><a href=\"https:\/\/www.peeringdb.com\/fac\/832\" target=\"_blank\" rel=\"nofollow noopener\">Equinix London Slough (LD5)<\/a><\/li>\n<li><a href=\"https:\/\/www.peeringdb.com\/fac\/8\" target=\"_blank\" rel=\"nofollow noopener\">Equinix Los Angeles (LA1) <\/a><\/li>\n<li><a href=\"https:\/\/www.peeringdb.com\/fac\/282\" target=\"_blank\" rel=\"nofollow noopener\">Equinix Singapore<\/a><\/li>\n<li><a href=\"https:\/\/www.peeringdb.com\/fac\/452\" target=\"_blank\" rel=\"nofollow noopener\">Equinix Tokyo (TY2)<\/a><\/li>\n<li><a href=\"https:\/\/www.peeringdb.com\/fac\/12\" target=\"_blank\" rel=\"nofollow noopener\">Equinix Toronto<\/a><\/li>\n<li><a href=\"https:\/\/www.peeringdb.com\/fac\/82\" target=\"_blank\" rel=\"nofollow noopener\">Equinix Zurich (ZH1)<\/a><\/li>\n<li><a href=\"https:\/\/www.peeringdb.com\/fac\/83\" target=\"_blank\" rel=\"nofollow noopener\">Equinix Zurich (ZH2)<\/a><\/li>\n<li><a href=\"https:\/\/www.peeringdb.com\/fac\/833\" target=\"_blank\" rel=\"nofollow noopener\">Equinix Zurich (ZH4)<\/a><\/li>\n<li><a href=\"https:\/\/www.peeringdb.com\/fac\/121\" target=\"_blank\" rel=\"nofollow noopener\">Espanix Mesena 80<\/a><\/li>\n<li><a href=\"https:\/\/www.peeringdb.com\/fac\/388\" target=\"_blank\" rel=\"nofollow noopener\">Global Switch Singapore <\/a><\/li>\n<li><a href=\"https:\/\/www.peeringdb.com\/fac\/81\" target=\"_blank\" rel=\"nofollow noopener\">InterXion Zurich \/ Glattbrugg <\/a><\/li>\n<li><a href=\"https:\/\/www.peeringdb.com\/fac\/1314\" target=\"_blank\" rel=\"nofollow noopener\">Matrix 4<\/a><\/li>\n<li><a href=\"https:\/\/www.peeringdb.com\/fac\/225\" target=\"_blank\" rel=\"nofollow noopener\">MEGA iAdvantage Hong Kong <\/a><\/li>\n<li><a href=\"https:\/\/www.peeringdb.com\/fac\/864\" target=\"_blank\" rel=\"nofollow noopener\">MIX <\/a><\/li>\n<li><a href=\"https:\/\/www.peeringdb.com\/fac\/808\" target=\"_blank\" rel=\"nofollow noopener\">NewTelco Frankfurt <\/a><\/li>\n<li><a href=\"https:\/\/www.peeringdb.com\/fac\/365\" target=\"_blank\" rel=\"nofollow noopener\">NewTelco Kiev <\/a><\/li>\n<li><a href=\"https:\/\/www.peeringdb.com\/fac\/598\" target=\"_blank\" rel=\"nofollow noopener\">NTT DATA Tokyo <\/a><\/li>\n<li><a href=\"https:\/\/www.peeringdb.com\/fac\/18\" target=\"_blank\" rel=\"nofollow noopener\">NIKHEF Amsterdam<\/a><\/li>\n<li><a href=\"https:\/\/www.peeringdb.com\/fac\/104\" target=\"_blank\" rel=\"nofollow noopener\">SARA Amsterdam<\/a><\/li>\n<li><a href=\"https:\/\/www.peeringdb.com\/fac\/226\" target=\"_blank\" rel=\"nofollow noopener\">SFR Netcenter Marseille<\/a><\/li>\n<li><a href=\"https:\/\/www.peeringdb.com\/fac\/61\" target=\"_blank\" rel=\"nofollow noopener\">TelecityGroup Amsterdam 1 (Science park)<\/a><\/li>\n<li><a href=\"https:\/\/www.peeringdb.com\/fac\/45\" target=\"_blank\" rel=\"nofollow noopener\">TelecityGroup London (Harbour Exchange)<\/a><\/li>\n<li>TelecityGroup London 2<\/li>\n<li><a href=\"https:\/\/www.peeringdb.com\/fac\/156\" target=\"_blank\" rel=\"nofollow noopener\">TelecityGroup Stockholm 1 <\/a><\/li>\n<li><a href=\"https:\/\/www.peeringdb.com\/fac\/34\" target=\"_blank\" rel=\"nofollow noopener\">Telehouse London (Docklands North)<\/a><\/li>\n<li><a href=\"https:\/\/www.peeringdb.com\/fac\/53\" target=\"_blank\" rel=\"nofollow noopener\">Telehouse Paris 2 (Voltaire)<\/a><\/li>\n<li><a href=\"https:\/\/www.peeringdb.com\/fac\/125\" target=\"_blank\" rel=\"nofollow noopener\">Telx Atlanta<\/a><\/li>\n<li><a href=\"https:\/\/www.peeringdb.com\/fac\/16\" target=\"_blank\" rel=\"nofollow noopener\">Telx New York (111 8th) <\/a><\/li>\n<li><a href=\"https:\/\/www.peeringdb.com\/fac\/850\" target=\"_blank\" rel=\"nofollow noopener\">Teraco House Johannesburg JB1<\/a><\/li>\n<li><a href=\"https:\/\/www.peeringdb.com\/fac\/71\" target=\"_blank\" rel=\"nofollow noopener\">Westin Building Seattle <\/a><\/li>\n<\/ul><p>Ch&uacute;ng t&ocirc;i s&#7869; s&#7899;m c&oacute; m&#7863;t &#7903; c&aacute;c Trung t&acirc;m d&#7919; li&#7879;u (Datacenter) sau:<\/p><ul>\n<li><a href=\"https:\/\/www.peeringdb.com\/fac\/38\" target=\"_blank\" rel=\"nofollow noopener\">Equinix New York (NY9)<\/a><\/li>\n<li><a href=\"https:\/\/www.peeringdb.com\/fac\/188\" target=\"_blank\" rel=\"nofollow noopener\">FiberNet Telecom Group &ndash; 60 Hudson St<\/a><\/li>\n<\/ul><hr><div>\r\n\t\t<button type=\"button\" class=\"btn btn-primary btn__jumboix btn-lg js-target-div mt-2 js-fixed-button-open-request-form \" data-target=\"jumboIX__modal\">\r\n\t\t\tRequest a quote\t\t<\/button>\r\n\t<\/div><script type=\"text\/javascript\">\r\n\t\tjQuery(function($){\r\n\r\n\t\t\t $(document).on('click', '#jumboIX__modal.active', function(e){\r\n\t\t        e.preventDefault();\r\n\r\n\t\t        $(this).find('.js-x-close').trigger('click');   \r\n\t\t    });\r\n\r\n\t\t    $(document).on('click', '#jumboIX__modal.active *', function(e){\r\n\t\t        e.stopPropagation();\r\n\r\n\t\t    });\r\n\r\n\t\t})\r\n\t<\/script><div id=\"jumboIX__modal\" class=\"popup-jumboIX-modal-s1 wrap-jumboix wrap-jumboix__2 v-modal\">\r\n\t\t<div class=\"modal__inner\">\r\n\t\t\t<button class=\"x-close js-x-close\">x<\/button>\r\n\r\n\t\t\t<h2 class=\"jumbolix-heading \">\r\n\t\t\t\tRequest a quote for IX Transit\t\t\t<\/h2>\r\n\r\n\t\t\t\r\n\t\t\t<form method=\"post\" class=\"js-form-ajax-request_form css-form-mod-v2 js_form_get_token\">\r\n\t\t\t\t   <input type=\"hidden\" name=\"_wp_http_referer\" value=\"https:\/\/www.iptp.us\/vi\/wp-json\/wp\/v2\/pages\/396\" class=\"no-check\">\r\n   <input type=\"hidden\" name=\"_current_title\" value=\"IPTP Networks\" class=\"no-check\">\r\n   <input type=\"hidden\" name=\"security\" value=\"8690560296\">\r\n   <input type=\"hidden\" name=\"form_time\" value=\"1775287391\">\r\n   <input type=\"text\" name=\"website\" style=\"display:none\" class=\"no-check\">\r\n   <input type=\"hidden\" name=\"js_check\" class=\"no-check\" value=\"\">\r\n   \r\n\r\n\t\t\t\t\t\t\t\t\t<input type=\"hidden\" name=\"service\" value=\"IX Transit\">\r\n\t\t\t\t\r\n\t\t\t\t<div class=\"row\">\r\n\t\t\t\t\t<div class=\"col-xs-12 col-md-6 line-group\">\r\n\t\t\t\t\t\t<input type=\"text\" name=\"your_name\" class=\"form-control form-control--border-bottom\" placeholder=\"Your name *\">\r\n\t\t\t\t\t<\/div>\r\n\t\t\t\t\t<div class=\"col-xs-12 col-md-6 line-group\">\r\n\t\t\t\t\t\t<input type=\"text\" name=\"email\" class=\"form-control form-control--border-bottom\" placeholder=\"E-mail *\">\r\n\t\t\t\t\t<\/div>\r\n\t\t\t\t\t<div class=\"clearfix\"><\/div>\r\n\t\t\t\t\t<div class=\"col-xs-12 col-md-6 line-group\">\r\n\t\t\t\t\t\t<input type=\"text\" name=\"organisation\" class=\"form-control form-control--border-bottom\" placeholder=\"Organisation *\">\r\n\t\t\t\t\t<\/div>\r\n\r\n\t\t\t\t\t<div class=\"col-xs-12 col-md-6 line-group\">\r\n\t\t\t\t\t\t<div class=\"wrap-intl-tel-input\">\r\n\t\t\t\t\t\t\t<input type=\"text\" name=\"asnumber\" class=\"form-control form-control--border-bottom intl-tel-input no-check\" placeholder=\"Phone Number\">\r\n\t\t\t\t\t\t<\/div>\r\n\t\t\t\t\t<\/div>\r\n\r\n\r\n\t\t\t\t\t\r\n\t\t\t\t\t<div class=\"clearfix\"><\/div>\r\n\t\t\t\t\t<div class=\"col-xs-12 col-md-12 line-group\">\r\n\t\t\t\t\t\t<div class=\"w-100\">\r\n\t\t\t\t\t\t\t<label style=\"font-weight: bold\" for=\"ms\">Describe your request<\/label>\r\n\t\t\t\t\t\t\t<textarea name=\"message\" id=\"ms\" cols=\"30\" rows=\"6\" class=\"form-control form-control--border-bottom\" placeholder=\"Quick overview *\"><\/textarea>\r\n\r\n\t\t\t\t\t\t<\/div>\r\n\t\t\t\t\t<\/div>\r\n\r\n\t\t\t\t\t<div class=\"col-xs-12 col-md-12 line-group\">\r\n\t\t\t\t\t\t* b&#7855;t bu&#7897;c\t\t\t\t\t<\/div>\r\n\r\n\r\n\t\t\t\t\t<div class=\"col-xs-12 col-md-12 text-center\">\r\n\t\t\t\t\t<!-- \t<div class=\"line-group captcha_md\">\r\n\t\t\t\t\t\t\t<div id=\"captchas\" class=\"captcha__label\" data-qid=\"captcha_69d0bc5fdc0c3\"><\/div>\r\n\t\t\t\t\t\t\t<span class=\"fa fa-refresh catpcha_refreshs catpcha_refresh_mod\"><\/span>\r\n\t\t\t\t\t\t\t<input id=\"cpatchaJumboIX\" type=\"text\" name=\"captcha\" class=\"line-group__input--213 captcha__input--custom\" placeholder=\"Captcha code\" \/>\r\n\t\t\t\t\t\t<\/div> -->\r\n\t\t\t\t\t\t<div class=\"line-groups\">\r\n\r\n\t\t\t\t\t\t\t<div class=\"hidden-sm hidden-xs\"><\/div>\r\n\t\t\t\t\t\t\t<button class=\"btn btn__jumboix\">\r\n\t\t\t\t\t\t\t\tRequest a quote\t\t\t\t\t\t\t<\/button>\r\n\t\t\t\t\t\t<\/div>\r\n\r\n\r\n\r\n\t\t\t\t\t\t<div class=\"jumboIX_completed js-jumboIX_completed--success \">\r\n\t\t\t\t\t\t\tThank you for your request\t\t\t\t\t\t<\/div>\r\n\r\n\t\t\t\t\t\t<div class=\"jumboIX_completed jumboIX_completed--error\"><\/div>\r\n\t\t\t\t\t<\/div>\r\n\t\t\t\t<\/div>\r\n\t\t\t<\/form>\r\n\t\t<\/div>\r\n\t<\/div><div class=\"div-overlay\"><\/div>\n","protected":false},"excerpt":{"rendered":"<p>IPTP Networks &#8211; Nh\u00e0 cung c\u1ea5p h\u1ea1 t\u1ea7ng m\u1ea1ng b\u0103ng th\u00f4ng si\u00eau cao v\u00e0 tin c\u1eady to\u00e0n c\u1ea7u. C\u00e1c c\u01a1 s\u1edf c\u1ee7a ch\u00fang t\u00f4i n\u1eb1m trong t\u1ea5t c\u1ea3 c\u00e1c \u0111i\u1ec3m \u0111\u1ebfn ch\u00ednh c\u1ee7a s\u1ef1 l\u1ef1a ch\u1ecdn c\u1ee7a c\u00e1c c\u00f4ng ty l\u1edbn nh\u1ea5t v\u00e0 m\u1ea1nh nh\u1ea5t tr\u00ean th\u1ebf gi\u1edbi, nh\u00e0 cung c\u1ea5p d\u1ecbch v\u1ee5 v\u00e0 c\u00f4ng ty m\u1ea1ng. &#8230;<\/p>\n","protected":false},"author":1,"featured_media":0,"parent":388,"menu_order":0,"comment_status":"closed","ping_status":"closed","template":"","meta":[],"acf":[],"aioseo_notices":[],"_links":{"self":[{"href":"https:\/\/www.iptp.us\/vi\/wp-json\/wp\/v2\/pages\/396"}],"collection":[{"href":"https:\/\/www.iptp.us\/vi\/wp-json\/wp\/v2\/pages"}],"about":[{"href":"https:\/\/www.iptp.us\/vi\/wp-json\/wp\/v2\/types\/page"}],"author":[{"embeddable":true,"href":"https:\/\/www.iptp.us\/vi\/wp-json\/wp\/v2\/users\/1"}],"replies":[{"embeddable":true,"href":"https:\/\/www.iptp.us\/vi\/wp-json\/wp\/v2\/comments?post=396"}],"version-history":[{"count":470,"href":"https:\/\/www.iptp.us\/vi\/wp-json\/wp\/v2\/pages\/396\/revisions"}],"predecessor-version":[{"id":38877,"href":"https:\/\/www.iptp.us\/vi\/wp-json\/wp\/v2\/pages\/396\/revisions\/38877"}],"up":[{"embeddable":true,"href":"https:\/\/www.iptp.us\/vi\/wp-json\/wp\/v2\/pages\/388"}],"wp:attachment":[{"href":"https:\/\/www.iptp.us\/vi\/wp-json\/wp\/v2\/media?parent=396"}],"curies":[{"name":"wp","href":"https:\/\/api.w.org\/{rel}","templated":true}]}}