{"id":388,"date":"2019-07-02T13:55:19","date_gmt":"2019-07-02T10:55:19","guid":{"rendered":"https:\/\/web-mng.iptp.com\/?page_id=388"},"modified":"2025-07-01T11:14:33","modified_gmt":"2025-07-01T08:14:33","slug":"internet-access","status":"publish","type":"page","link":"https:\/\/www.iptp.us\/vi\/internet-access\/","title":{"rendered":"Truy c\u1eadp Internet"},"content":{"rendered":"<p><!-- \n\n<p class=\"text-center\"><img  decoding=\"async\"  class=\"lazy img-fluid size-full wp-image-17230\" src=\"data:image\/gif;base64,R0lGODlhAQABAAD\/ACwAAAAAAQABAAACADs=\"  alt=\"internet access\" width=\"1280\"  data-src=\"\/wp-content\/uploads\/internet-access2.png\"  \/><noscript><img decoding=\"async\" src=\"\/wp-content\/uploads\/internet-access2.png\" alt=\"internet access\" width=\"1280\" class=\"img-fluid size-full wp-image-17230\" \/><\/noscript><\/p>\n\n --><br>\nIPTP Networks &ndash; m&#7897;t nh&agrave; cung c&#7845;p c&#417; s&#7903; h&#7841; t&#7847;ng m&#7841;ng b&#259;ng th&ocirc;ng c&#7921;c cao, to&agrave;n c&#7847;u. C&aacute;c c&#417; s&#7903; c&#7911;a ch&uacute;ng t&ocirc;i &#273;&#432;&#7907;c &#273;&#7863;t t&#7841;i t&#7845;t c&#7843; c&aacute;c &#273;i&#7875;m &#273;&#7871;n ch&iacute;nh &#273;&#432;&#7907;c l&#7921;a ch&#7885;n cho c&aacute;c c&ocirc;ng ty, nh&agrave; cung c&#7845;p Internet v&agrave; m&#7841;ng c&ocirc;ng ty l&#7899;n nh&#7845;t v&agrave; m&#7841;nh nh&#7845;t th&#7871; gi&#7899;i. Ch&uacute;ng t&ocirc;i v&#7853;n h&agrave;nh c&aacute;c k&ecirc;nh s&#7907;i xuy&ecirc;n &#272;&#7841;i T&acirc;y D&#432;&#417;ng v&#7899;i t&#7889;c &#273;&#7897; c&#7921;c nhanh, k&#7871;t n&#7889;i kh&aacute;ch h&agrave;ng c&#7911;a ch&uacute;ng t&ocirc;i v&#7899;i t&#7845;t c&#7843; c&aacute;c s&agrave;n giao d&#7883;ch Internet l&#7899;n v&agrave; c&aacute;c trung t&acirc;m t&agrave;i ch&iacute;nh to&agrave;n c&#7847;u. V&#7899;i c&aacute;c gi&#7843;i ph&aacute;p s&aacute;ng t&#7841;o li&ecirc;n t&#7909;c ph&aacute;t tri&#7875;n, IPTP Networks &#273;ang nhanh ch&oacute;ng m&#7903; r&#7897;ng tr&ecirc;n to&agrave;n th&#7871; gi&#7899;i, bao g&#7891;m Ch&acirc;u M&#7929; Latinh, Ch&acirc;u &#272;&#7841;i D&#432;&#417;ng v&agrave; m&#7897;t l&#7909;c &#273;&#7883;a ch&acirc;u Phi.<\/p><p>C&ocirc;ng ty ch&uacute;ng t&ocirc;i cung c&#7845;p k&#7871;t n&#7889;i Internet chuy&ecirc;n d&#7909;ng, &#273;&#7843;m b&#7843;o doanh nghi&#7879;p c&#7911;a b&#7841;n lu&ocirc;n &#273;&#432;&#7907;c k&#7871;t n&#7889;i v&#7899;i t&#7889;c &#273;&#7897; v&#432;&#7907;t tr&#7897;i v&agrave; &#273;&#7897; tin c&#7853;y tuy&#7879;t &#273;&#7889;i. V&#7899;i t&#432; c&aacute;ch l&agrave; Nh&agrave; Cung C&#7845;p D&#7883;ch V&#7909; Internet (AS 41095), ch&uacute;ng t&ocirc;i cung c&#7845;p nhi&#7873;u <a href=\"https:\/\/www.iptp.us\/vi\/business-solutions\/managed-services\/connectivity-services\/\">d&#7883;ch v&#7909; k&#7871;t n&#7889;i Internet<\/a>, <a href=\"https:\/\/www.iptp.us\/vi\/internet-access\/ix-transit\/\">IX<\/a> v&agrave; <a href=\"https:\/\/www.iptp.us\/vi\/internet-access\/ip-transit\/\">IP Transit<\/a> &#273;&#7875; &#273;&#7843;m b&#7843;o hi&#7879;u su&#7845;t m&#7841;ng t&#7889;t nh&#7845;t cho b&#7841;n. &#272;&#7889;i v&#7899;i c&aacute;c doanh nghi&#7879;p c&#7847;n k&#7871;t n&#7889;i Internet an to&agrave;n, d&#7883;ch v&#7909; c&#7911;a ch&uacute;ng t&ocirc;i &#273;&#432;&#7907;c thi&#7871;t k&#7871; &#273;&#7875; b&#7843;o v&#7879; d&#7919; li&#7879;u v&agrave; &#273;&#7843;m b&#7843;o duy tr&igrave; c&aacute;c ti&ecirc;u chu&#7849;n b&#7843;o m&#7853;t cao.<\/p><p>Ngo&agrave;i ra, g&#7847;n &#273;&acirc;y ch&uacute;ng t&ocirc;i &#273;&atilde; kh&#7903;i &#273;&#7897;ng m&#7897;t d&#7921; &aacute;n ho&agrave;n to&agrave;n m&#7899;i &mdash; <a href=\"https:\/\/www.iptp.us\/vi\/jumboix\/\">JumboIX<\/a>, m&#7897;t s&agrave;n giao d&#7883;ch internet to&agrave;n c&#7847;u cho ph&eacute;p truy&#7873;n d&#7919; li&#7879;u v&#7899;i khung d&#7919; li&#7879;u 9000 MTU. H&atilde;y tr&#7843;i nghi&#7879;m nh&#7919;ng l&#7907;i &iacute;ch c&#7911;a k&#7871;t n&#7889;i Internet chuy&ecirc;n d&#7909;ng c&#7911;a ch&uacute;ng t&ocirc;i v&agrave; n&acirc;ng c&#7845;p k&#7871;t n&#7889;i c&#7911;a b&#7841;n l&ecirc;n m&#7897;t t&#7847;m cao m&#7899;i v&#7899;i IPTP Networks.<\/p><h2>C&aacute;c d&#7883;ch v&#7909; truy c&#7853;p Internet c&#7911;a IPTP Networks<\/h2><ul>\n<li><a href=\"https:\/\/www.iptp.us\/vi\/business-solutions\/managed-services\/connectivity-services\/\">D&#7883;ch v&#7909; k&#7871;t n&#7889;i<\/a><\/li>\n<li><a href=\"https:\/\/www.iptp.us\/vi\/internet-access\/low-latency-routes\/\">&#272;&#7883;nh tuy&#7871;n &#273;&#7897; tr&#7877; th&#7845;p<\/a><\/li>\n<li><a href=\"https:\/\/www.iptp.us\/vi\/internet-access\/ip-transit\/\">IP Transit<\/a><\/li>\n<li><a href=\"https:\/\/www.iptp.us\/vi\/jumboix\/\">S&agrave;n giao d&#7883;ch Internet Jumbo IX<\/a><\/li>\n<li><a href=\"https:\/\/www.iptp.us\/vi\/internet-access\/ix-transit\/\">IX Transit<\/a><\/li>\n<li><a href=\"https:\/\/www.iptp.us\/vi\/internet-access\/remote-ix\/\">Remote IX<\/a><\/li>\n<li><a href=\"https:\/\/www.iptp.us\/vi\/direct-connection-to-cloud-providers\/\">Tr&#7921;c ti&#7871;p k&#7871;t n&#7889;i v&#7899;i c&aacute;c nh&agrave; cung c&#7845;p Cloud<\/a><\/li>\n<li><a href=\"https:\/\/www.iptp.us\/vi\/support\/legal\/peering-policy\/\">Ch&iacute;nh s&aacute;ch Peering<\/a><\/li>\n<\/ul><hr>\n","protected":false},"excerpt":{"rendered":"<p>IPTP Networks cung c\u1ea5p k\u1ebft n\u1ed1i internet chuy\u00ean d\u1ee5ng qua c\u00e1c k\u00eanh c\u00e1p quang si\u00eau t\u1ed1c \u0111\u1ed9 xuy\u00ean \u0110\u1ea1i T\u00e2y D\u01b0\u01a1ng, k\u1ebft n\u1ed1i kh\u00e1ch h\u00e0ng v\u1edbi c\u00e1c \u0111i\u1ec3m giao d\u1ecbch ch\u00ednh tr\u00ean to\u00e0n c\u1ea7u<\/p>\n","protected":false},"author":1,"featured_media":0,"parent":0,"menu_order":0,"comment_status":"closed","ping_status":"closed","template":"","meta":[],"acf":[],"aioseo_notices":[],"_links":{"self":[{"href":"https:\/\/www.iptp.us\/vi\/wp-json\/wp\/v2\/pages\/388"}],"collection":[{"href":"https:\/\/www.iptp.us\/vi\/wp-json\/wp\/v2\/pages"}],"about":[{"href":"https:\/\/www.iptp.us\/vi\/wp-json\/wp\/v2\/types\/page"}],"author":[{"embeddable":true,"href":"https:\/\/www.iptp.us\/vi\/wp-json\/wp\/v2\/users\/1"}],"replies":[{"embeddable":true,"href":"https:\/\/www.iptp.us\/vi\/wp-json\/wp\/v2\/comments?post=388"}],"version-history":[{"count":273,"href":"https:\/\/www.iptp.us\/vi\/wp-json\/wp\/v2\/pages\/388\/revisions"}],"predecessor-version":[{"id":37297,"href":"https:\/\/www.iptp.us\/vi\/wp-json\/wp\/v2\/pages\/388\/revisions\/37297"}],"wp:attachment":[{"href":"https:\/\/www.iptp.us\/vi\/wp-json\/wp\/v2\/media?parent=388"}],"curies":[{"name":"wp","href":"https:\/\/api.w.org\/{rel}","templated":true}]}}