{"id":348,"date":"2016-10-07T18:39:13","date_gmt":"2016-10-07T15:39:13","guid":{"rendered":"https:\/\/web-mng.iptp.com\/?page_id=348"},"modified":"2026-01-13T12:36:59","modified_gmt":"2026-01-13T09:36:59","slug":"video-surveillance","status":"publish","type":"page","link":"https:\/\/www.iptp.us\/vi\/business-solutions\/office-solutions\/video-surveillance\/","title":{"rendered":"Gi\u00e1m S\u00e1t Video IPTP"},"content":{"rendered":"<p>IP Surveillance l&agrave; m&#7897;t gi&#7843;i ph&aacute;p t&iacute;ch h&#7907;p ho&agrave;n to&agrave;n c&oacute; th&#7875; m&#7903; r&#7897;ng v&agrave; &#273;&aacute;ng tin c&#7853;y cao, tr&#7903; th&agrave;nh m&#7897;t y&#7871;u t&#7889; c&oacute; gi&aacute; tr&#7883; v&agrave; l&agrave; m&#7897;t s&#7921; &#273;&#7847;u t&#432; d&agrave;i h&#7841;n v&agrave;o chi&#7871;n l&#432;&#7907;c b&#7843;o m&#7853;t cho v&#259;n ph&ograve;ng v&agrave; c&#417; s&#7903; c&#7911;a b&#7841;n. D&#7883;ch v&#7909; n&agrave;y c&oacute; th&#7875; &#273;&#432;&#7907;c h&#7895; tr&#7907; b&#7903;i qu&#7843;n l&yacute;, gi&aacute;m s&aacute;t v&agrave; b&#7843;o tr&igrave; v&agrave; c&aacute;c k&#7929; s&#432; b&aacute;n h&agrave;ng c&#7911;a ch&uacute;ng t&ocirc;i, c&oacute; kinh nghi&#7879;m v&#7873; c&ocirc;ng ngh&#7879; b&#7843;o m&#7853;t v&agrave; c&ocirc;ng ngh&#7879; th&ocirc;ng tin m&#7899;i nh&#7845;t s&#7869; gi&uacute;p b&#7841;n ch&#7885;n g&oacute;i Gi&aacute;m s&aacute;t ph&ugrave; h&#7907;p v&#7899;i nhu c&#7847;u b&#7843;o m&#7853;t c&aacute; nh&acirc;n c&#7911;a b&#7841;n v&agrave; ph&ugrave; h&#7907;p v&#7899;i c&aacute;c m&ocirc; h&igrave;nh kinh doanh, r&#7911;i ro v&agrave; gi&aacute; tr&#7883;.<\/p><p><img decoding=\"async\" loading=\"lazy\" class=\"lazy aligncenter size-full wp-image-1190\" src=\"data:image\/gif;base64,R0lGODlhAQABAAD\/ACwAAAAAAQABAAACADs=\" data-src=\"\/wp-content\/uploads\/vs-1ill.jpg\" alt=\"Gi&aacute;m S&aacute;t Video IPTP\" width=\"1200\" height=\"385\" srcset=\"https:\/\/www.iptp.us\/wp-content\/uploads\/vs-1ill.jpg 1200w, https:\/\/www.iptp.us\/wp-content\/uploads\/vs-1ill-300x96.jpg 300w, https:\/\/www.iptp.us\/wp-content\/uploads\/vs-1ill-768x246.jpg 768w, https:\/\/www.iptp.us\/wp-content\/uploads\/vs-1ill-1024x329.jpg 1024w\" sizes=\"(max-width: 1200px) 100vw, 1200px\"><\/p><noscript><img decoding=\"async\" loading=\"lazy\" class=\"aligncenter size-full wp-image-1190 lazy\" src=\"data:image\/gif;base64,R0lGODlhAQABAIAAAAAAAP\/\/\/ywAAAAAAQABAAACAUwAOw==\" alt=\"Gi&aacute;m S&aacute;t Video IPTP\" width=\"1200\" height=\"385\" srcset=\"https:\/\/www.iptp.us\/wp-content\/uploads\/vs-1ill.jpg 1200w, https:\/\/www.iptp.us\/wp-content\/uploads\/vs-1ill-300x96.jpg 300w, https:\/\/www.iptp.us\/wp-content\/uploads\/vs-1ill-768x246.jpg 768w, https:\/\/www.iptp.us\/wp-content\/uploads\/vs-1ill-1024x329.jpg 1024w\" sizes=\"(max-width: 1200px) 100vw, 1200px\" data-src=\"\/wp-content\/uploads\/vs-1ill.jpg\"><\/noscript><h5>IPTP PH&#7846;N M&#7872;M GI&Aacute;M S&Aacute;T VIDEO<\/h5><p>&#272;&#7897;i ng&#7911; c&#7911;a ch&uacute;ng t&ocirc;i &#273;&atilde; ph&aacute;t tri&#7875;n ph&#7847;n m&#7873;m gi&aacute;m s&aacute;t Video &#273;&#432;&#7907;c thi&#7871;t k&#7871; &#273;&#7863;c bi&#7879;t &#273;&#7875; &#273;&aacute;p &#7913;ng nhu c&#7847;u c&#7911;a kh&aacute;ch h&agrave;ng v&#7899;i c&ocirc;ng ngh&#7879; ph&#7913;c t&#7841;p ho&#7863;c c&aacute;c y&ecirc;u c&#7847;u v&#7873; an ninh v&agrave; &#273;&#432;&#7907;c thi&#7871;t l&#7853;p &#273;&#7875; &#273;&aacute;p &#7913;ng nh&#7919;ng th&aacute;ch th&#7913;c &#273;&#7897;c &#273;&aacute;o c&#7911;a c&aacute;c doanh nghi&#7879;p v&#7915;a v&agrave; nh&#7887;. So v&#7899;i c&aacute;c h&#7879; th&#7889;ng gi&aacute;m s&aacute;t video t&#432;&#417;ng &#273;&#7889;i r&#7867; ti&#7873;n v&#7899;i c&aacute;c ch&#7913;c n&#259;ng h&#7841;n ch&#7871; nh&#432; DVR, v&agrave; c&aacute;c gi&#7843;i ph&aacute;p cao c&#7845;p ph&#7913;c t&#7841;p, nh&#432;ng th&#432;&#7901;ng xuy&ecirc;n c&oacute; gi&aacute; c&#7843; v&agrave; &#273;&#432;&#7907;c c&#7845;p ph&eacute;p cao, ph&#7847;n m&#7873;m Video Surveillance IPTP cung c&#7845;p m&#7897;t gi&#7843;i ph&aacute;p c&acirc;n b&#7857;ng v&agrave; gi&aacute; c&#7843; h&#7907;p l&yacute;.<\/p><p>Kh&ocirc;ng gi&#7889;ng nh&#432; c&aacute;c h&#7879; th&#7889;ng DVR, ph&#7847;n m&#7873;m c&#7911;a ch&uacute;ng t&ocirc;i c&oacute; m&#7897;t kho l&#432;u tr&#7919; duy nh&#7845;t &#273;&#432;&#7907;c t&#259;ng c&#432;&#7901;ng v&#7899;i s&#7921; qu&#7843;n l&yacute; t&#7853;p trung v&agrave; c&oacute; th&#7875; h&#7895; tr&#7907; t&#7915; m&#7897;t &#273;&#7871;n v&agrave;i tr&#259;m m&aacute;y camera c&#7911;a c&aacute;c lo&#7841;i kh&aacute;c nhau c&ugrave;ng m&#7897;t l&uacute;c. &#272;&#7891;ng th&#7901;i, so v&#7899;i c&aacute;c gi&#7843;i ph&aacute;p cao c&#7845;p s&#7861;n c&oacute; tr&ecirc;n th&#7883; tr&#432;&#7901;ng IPTP Networks cung c&#7845;p m&#7897;t m&#7913;c gi&aacute; c&#7841;nh tranh &#273;&aacute;ng k&#7875; h&#417;n. Ho&agrave;n to&agrave;n t&ugrave;y ch&#7881;nh &#273;&#7875; ph&ugrave; h&#7907;p v&#7899;i y&ecirc;u c&#7847;u kinh doanh c&#7911;a b&#7841;n, ph&#7847;n m&#7873;m c&#7911;a ch&uacute;ng t&ocirc;i ph&ugrave; h&#7907;p v&#7899;i ng&acirc;n s&aacute;ch c&#7911;a b&#7841;n, &#273;i&#7873;u ch&#7881;nh m&ocirc; h&igrave;nh kinh doanh c&#7911;a b&#7841;n v&agrave; b&#7893; sung &#273;&#7847;u t&#432; c&ocirc;ng ngh&#7879; hi&#7879;n t&#7841;i c&#7911;a b&#7841;n.<\/p><p><img decoding=\"async\" loading=\"lazy\" class=\"lazy aligncenter size-full wp-image-1191\" src=\"data:image\/gif;base64,R0lGODlhAQABAAD\/ACwAAAAAAQABAAACADs=\" data-src=\"\/wp-content\/uploads\/surev_screen.jpg\" alt=\"Gi&aacute;m S&aacute;t Video IPTP\" width=\"1200\" height=\"588\" srcset=\"https:\/\/www.iptp.us\/wp-content\/uploads\/surev_screen.jpg 1200w, https:\/\/www.iptp.us\/wp-content\/uploads\/surev_screen-300x147.jpg 300w, https:\/\/www.iptp.us\/wp-content\/uploads\/surev_screen-768x376.jpg 768w, https:\/\/www.iptp.us\/wp-content\/uploads\/surev_screen-1024x502.jpg 1024w\" sizes=\"(max-width: 1200px) 100vw, 1200px\"><\/p><noscript><img decoding=\"async\" loading=\"lazy\" class=\"aligncenter size-full wp-image-1191 lazy\" src=\"data:image\/gif;base64,R0lGODlhAQABAIAAAAAAAP\/\/\/ywAAAAAAQABAAACAUwAOw==\" alt=\"Gi&aacute;m S&aacute;t Video IPTP\" width=\"1200\" height=\"588\" srcset=\"https:\/\/www.iptp.us\/wp-content\/uploads\/surev_screen.jpg 1200w, https:\/\/www.iptp.us\/wp-content\/uploads\/surev_screen-300x147.jpg 300w, https:\/\/www.iptp.us\/wp-content\/uploads\/surev_screen-768x376.jpg 768w, https:\/\/www.iptp.us\/wp-content\/uploads\/surev_screen-1024x502.jpg 1024w\" sizes=\"(max-width: 1200px) 100vw, 1200px\" data-src=\"\/wp-content\/uploads\/surev_screen.jpg\"><\/noscript><p>Ph&#7847;n m&#7873;m gi&aacute;m s&aacute;t Video IPTP &#273;&atilde; &#273;&#432;&#7907;c tri&#7875;n khai th&agrave;nh c&ocirc;ng b&#7903;i IPTP Networks trong c&aacute;c trung t&acirc;m d&#7919; li&#7879;u c&#7911;a c&ocirc;ng ty c&#361;ng nh&#432; c&aacute;c v&#259;n ph&ograve;ng c&#7911;a ch&uacute;ng t&ocirc;i tr&ecirc;n to&agrave;n th&#7871; gi&#7899;i, cho th&#7845;y hi&#7879;u qu&#7843; c&#7911;a gi&#7843;i ph&aacute;p l&agrave; m&#7897;t c&aacute;ch h&#7907;p nh&#7845;t v&agrave; c&oacute; th&#7875; m&#7903; r&#7897;ng &#273;&#7875; b&#7843;o v&#7879; t&agrave;i s&#7843;n v&agrave; con ng&#432;&#7901;i c&#7911;a c&ocirc;ng ty.<\/p><h6>M&#7896;T KHO L&#431;U TR&#7918; DUY NH&#7844;T<\/h6><p>Trong c&aacute;c h&#7879; th&#7889;ng kh&aacute;c nh&#432; DVR v&agrave; c&aacute;c gi&#7843;i ph&aacute;p gi&aacute;m s&aacute;t kh&aacute;c, &#273;&#7875; tr&iacute;ch xu&#7845;t c&aacute;c b&#7843;n ghi t&#7915; m&#7897;t s&#7889; l&#432;u tr&#7919; c&aacute; nh&acirc;n, ng&#432;&#7901;i d&ugrave;ng c&#7847;n ph&#7843;i tham kh&#7843;o c&ugrave;ng m&#7897;t s&#7889; DVR ri&ecirc;ng. V&#7899;i ph&#7847;n m&#7873;m gi&aacute;m s&aacute;t Video IPTP t&#7845;t c&#7843; c&aacute;c t&#7879;p t&#7915; t&#7845;t c&#7843; c&aacute;c m&aacute;y camera v&agrave; m&aacute;y ch&#7911; c&oacute; th&#7875; &#273;&#432;&#7907;c truy c&#7853;p &#7903; m&#7897;t n&#417;i duy nh&#7845;t trong khi t&#7845;t c&#7843; d&#7919; li&#7879;u &#273;&#432;&#7907;c l&#432;u tr&#7919; trong m&#7897;t kho l&#432;u tr&#7919; th&#7889;ng nh&#7845;t d&#7877; ti&#7871;p c&#7853;n v&agrave; an to&agrave;n.<\/p><h6>H&#7894; TR&#7906; C&Aacute;C KHO D&#7918; LI&#7878;U KH&Aacute;C NHAU V&#7898;I C&Aacute;C KH&#7842; N&#258;NG KH&Aacute;C NHAU<\/h6><p>L&#432;u tr&#7919; d&#7919; li&#7879;u trong m&#7897;t h&#7879; th&#7889;ng DVR l&agrave;m t&#259;ng &#273;&aacute;ng k&#7875; nguy c&#417; m&#7845;t d&#7919; li&#7879;u do ti&#7873;m n&#259;ng l&#7895;i &#7893; &#273;&#297;a. Ph&#7847;n m&#7873;m gi&aacute;m s&aacute;t video IPTP gi&#7843;i quy&#7871;t v&#7845;n &#273;&#7873; n&agrave;y m&#7897;t l&#7847;n v&agrave; cho t&#7845;t c&#7843;, t&#7845;t c&#7843; trong khi cung c&#7845;p t&iacute;nh linh ho&#7841;t c&#7911;a b&#7897; nh&#7899; v&agrave; m&#7897;t lo&#7841;t c&aacute;c t&ugrave;y ch&#7885;n &#273;&#7875; &#273;i&#7873;u ch&#7881;nh d&#7883;ch v&#7909; theo nhu c&#7847;u c&#7911;a b&#7841;n. C&oacute; nhi&#7873;u l&#7921;a ch&#7885;n &#273;&#7875; k&#7871;t n&#7889;i m&#7897;t b&#7897; nh&#7899; b&ecirc;n ngo&agrave;i ho&#7863;c l&#432;u tr&#7919; video tr&ecirc;n m&#7897;t m&#7841;ng chia s&#7867; nh&#432; NFS, trong khi &#273;&#297;a iSCSI c&oacute; th&#7875; &#273;&#432;&#7907;c l&#432;u tr&#7919; trong m&#7897;t c&#7845;u h&igrave;nh RAID. Ngo&agrave;i ra, m&#7897;t kho l&#432;u tr&#7919; c&oacute; th&#7875; &#273;&#432;&#7907;c s&#7855;p x&#7871;p nh&#432; l&agrave; m&#7897;t t&#7853;p h&#7907;p c&aacute;c &#273;&#297;a &#273;&#7897;c l&#7853;p, &#273;&#7843;m b&#7843;o r&#7857;ng d&#7919; li&#7879;u c&#7911;a b&#7841;n v&#7851;n c&ograve;n t&#7891;n t&#7841;i ngay c&#7843; trong tr&#432;&#7901;ng h&#7907;p m&#7897;t trong nh&#7919;ng &#273;&#297;a kh&ocirc;ng &#273;&aacute;p &#7913;ng. Video c&oacute; th&#7875; &#273;&#432;&#7907;c ghi l&#7841;i nhanh tr&ecirc;n b&#7897; l&#432;u tr&#7919; c&#7909;c b&#7897; v&agrave; sau &#273;&oacute; &#273;&#432;&#7907;c l&#432;u tr&#7919; &#7903; dung l&#432;&#7907;ng l&#432;u tr&#7919; m&#7841;ng l&#7899;n. M&#7897;t kho l&#432;u tr&#7919; c&#361;ng c&oacute; th&#7875; &#273;&#432;&#7907;c l&#432;u tr&#7919; tr&ecirc;n m&#7841;ng chia s&#7867; ho&#7863;c, trong tr&#432;&#7901;ng h&#7907;p kho l&#432;u tr&#7919; l&agrave; kh&ocirc;ng c&#7847;n thi&#7871;t, c&oacute; m&#7897;t t&ugrave;y ch&#7885;n &#273;&#7875; c&agrave;i &#273;&#7863;t m&#7897;t m&aacute;y ch&#7911; kh&ocirc;ng &#273;&#297;a.<\/p><h6>S&#7888; L&#431;&#7906;NG NG&#431;&#7900;I HO&#7840;T &#272;&#7896;NG KH&Ocirc;NG GI&#7898;I H&#7840;N<\/h6><p>V&#7883; tr&iacute; c&#7911;a nh&agrave; &#273;i&#7873;u h&agrave;nh th&#432;&#7901;ng b&#7883; r&agrave;ng bu&#7897;c b&#7903;i m&#7897;t s&#7889; h&#7841;n ch&#7871;. M&#7897;t s&#7889; h&#7879; th&#7889;ng gi&aacute;m s&aacute;t b&#7857;ng video &#273;&ograve;i h&#7887;i ph&#7843;i c&oacute; gi&#7845;y ph&eacute;p c&#7911;a m&#7885;i v&#7883; tr&iacute; v&agrave; &aacute;p d&#7909;ng c&aacute;c h&#7841;n ch&#7871; kh&aacute;c, ch&#7859;ng h&#7841;n nh&#432; c&oacute; m&agrave;n h&igrave;nh k&#7871;t n&#7889;i v&#7899;i m&#7897;t DVR &#273;&#7875; kh&#7843;o s&aacute;t m&aacute;y &#7843;nh. Ph&#7847;n m&#7873;m gi&aacute;m s&aacute;t Video IPTP ch&#7881; y&ecirc;u c&#7847;u m&#7897;t nh&agrave; &#273;i&#7873;u h&agrave;nh &#273;&#7875; kh&#7843;o s&aacute;t m&aacute;y &#7843;nh t&#7915; t&#7845;t c&#7843; c&aacute;c m&aacute;y ch&#7911;, cung c&#7845;p m&#7897;t c&aacute;ch t&#7853;p trung &#273;&#7875; gi&aacute;m s&aacute;t t&agrave;i s&#7843;n c&#7911;a b&#7841;n. T&#7893;ng s&#7889; c&aacute;c v&#7883; tr&iacute; &#273;i&#7873;u h&agrave;nh ph&#7909; thu&#7897;c v&agrave;o y&ecirc;u c&#7847;u c&#7911;a kh&aacute;ch h&agrave;ng v&agrave; h&#7847;u nh&#432; kh&ocirc;ng c&oacute; gi&#7899;i h&#7841;n.<\/p><h6>GHI L&#7840;I M&#7896;T VIDEO<\/h6><p>Recoding t&#7841;o ra t&#7927; l&#7879; ch&#7845;t l&#432;&#7907;ng \/ c&ocirc;ng su&#7845;t t&#7889;i &#432;u cho kho l&#432;u tr&#7919;, cho ph&eacute;p h&#7879; th&#7889;ng l&#432;u tr&#7919; m&#7897;t kho l&#432;u tr&#7919; trong m&#7897;t n&#259;m ch&#7881; v&#7899;i 2-3 &#273;&#297;a c&#7913;ng. N&#7871;u video &#273;ang &#273;&#432;&#7907;c ghi &#7903; &#273;&#7897; ph&acirc;n gi&#7843;i cao v&agrave; chi&#7871;m qu&aacute; nhi&#7873;u kh&ocirc;ng gian, h&atilde;y ghi l&#7841;i n&oacute; cho ph&eacute;p chuy&#7875;n &#273;&#7893;i sang &#273;&#7897; ph&acirc;n gi&#7843;i th&#7845;p h&#417;n, gi&#7919; cho kho c&#7911;a b&#7841;n &#273;&#7891;ng b&#7897; v&#7899;i nhu c&#7847;u v&agrave; kh&#7843; n&#259;ng v&#7873; dung l&#432;&#7907;ng c&#7911;a b&#7841;n.<\/p><hr><h6>N&#7872;N T&#7842;NG<\/h6><ul>\n<li>Gi&aacute;m s&aacute;t c&#7917;a h&agrave;ng, v&#259;n ph&ograve;ng ho&#7863;c t&agrave;u c&#7911;a b&#7841;n s&#7917; d&#7909;ng PC, Pocket PC ho&#7863;c TV c&#7911;a b&#7841;n b&#7857;ng m&#7897;t m&#7841;ng Camera<\/li>\n<li>D&#7919; li&#7879;u &#273;&#432;&#7907;c g&#7917;i cho b&#7841;n th&ocirc;ng qua K&#7871;t n&#7889;i Internet, cho ph&eacute;p b&#7841;n gi&aacute;m s&aacute;t c&#417; s&#7903; c&#7911;a b&#7841;n t&#7915; b&#7845;t k&#7923; v&#7883; tr&iacute; n&agrave;o<\/li>\n<li>Ch&uacute;ng t&ocirc;i l&agrave;m vi&#7879;c v&#7899;i CNTT, An ninh, C&#417; s&#7903; v&#7853;t ch&#7845;t, v&agrave; c&aacute;c ph&ograve;ng ban kh&aacute;c &#273;&#7875; thi&#7871;t k&#7871; ph&#7841;m vi c&#7911;a d&#7921; &aacute;n v&agrave; k&#7871; ho&#7841;ch c&agrave;i &#273;&#7863;t<\/li>\n<li>Xem to&agrave;n b&#7897; lu&#7891;ng video ho&#7863;c h&igrave;nh &#7843;nh chuy&#7875;n &#273;&#7897;ng khi x&#7843;y ra, t&#7915; nhi&#7873;u v&#7883; tr&iacute;, do &#273;&oacute; gi&#7843;m thi&#7875;u b&#259;ng th&ocirc;ng \/ l&#432;u l&#432;&#7907;ng truy c&#7853;p<\/li>\n<li>CCTV t&#7899;i IP Video Migration<\/li>\n<li>Mobile \/ Xem t&#7915; xa<\/li>\n<li>H&igrave;nh &#7843;nh &#273;&#432;&#7907;c t&#7843;i l&ecirc;n Web Server v&agrave; c&oacute; th&#7875; &#273;&#432;&#7907;c g&#7917;i t&#7899;i m&agrave;n h&igrave;nh TV, PC, Pocket PC ho&#7863;c &#272;i&#7879;n tho&#7841;i IP c&#7911;a Cisco<\/li>\n<li>Thi&#7871;t k&#7871; m&#7841;ng c&oacute; d&acirc;y v&agrave; kh&ocirc;ng d&acirc;y<\/li>\n<li>T&iacute;ch h&#7907;p v&#7899;i &#273;i&#7879;n tho&#7841;i Cisco &#273;&#432;&#7907;c k&iacute;ch ho&#7841;t b&#7857;ng c&aacute;ch tr&iacute;ch xu&#7845;t c&aacute;c khung ri&ecirc;ng bi&#7879;t t&#7915; lu&#7891;ng video v&agrave; l&#432;u tr&#7919; ch&uacute;ng trong m&#7897;t kho l&#432;u tr&#7919; ri&ecirc;ng bi&#7879;t<\/li>\n<li>T&iacute;ch h&#7907;p v&#7899;i IP &ndash; h&#7879; th&#7889;ng ki&#7875;m so&aacute;t truy c&#7853;p v&agrave; c&#7843;nh b&aacute;o<\/li>\n<\/ul><p>Gi&aacute;m s&aacute;t Video IPTP c&oacute; th&#7875; &#273;&#432;&#7907;c c&#7845;u h&igrave;nh &#273;&#7875; giao ti&#7871;p v&#7899;i b&#7845;t k&#7923; h&#7879; th&#7889;ng CNTT ho&#7863;c b&#7843;o m&#7853;t n&agrave;o, s&#7917; d&#7909;ng t&#7889;i &#273;a ti&#7873;m n&#259;ng h&#7879; th&#7889;ng camera c&#7911;a h&#7885;. D&#7921;a tr&ecirc;n c&aacute;c y&ecirc;u c&#7847;u c&aacute; nh&acirc;n c&#7911;a kh&aacute;ch h&agrave;ng, gi&#7843;i ph&aacute;p c&oacute; th&#7875; &#273;&#432;&#7907;c ph&acirc;n ph&#7889;i tr&ecirc;n c&#417; s&#7903; Ph&#7847;n m&#7873;m gi&aacute;m s&aacute;t Video &#273;&#432;&#7907;c ph&aacute;t tri&#7875;n t&#7841;i nh&agrave; c&#7911;a IPTP v&agrave; &#273;&#432;&#7907;c tri&#7875;n khai tr&ecirc;n b&#7845;t k&#7923; ph&#7847;n c&#7913;ng n&agrave;o, v&iacute; d&#7909;: to&agrave;n b&#7897; Cisco ho&#7863;c d&#7921;a tr&ecirc;n <strong>Gi&aacute;m s&aacute;t Video Cisco.<\/strong><\/p><hr>\n","protected":false},"excerpt":{"rendered":"<p> IP Surveillance l\u00e0 m\u1ed9t gi\u1ea3i ph\u00e1p t\u00edch h\u1ee3p ho\u00e0n to\u00e0n c\u00f3 th\u1ec3 m\u1edf r\u1ed9ng v\u00e0 \u0111\u00e1ng tin c\u1eady cao, tr\u1edf th\u00e0nh m\u1ed9t y\u1ebfu t\u1ed1 c\u00f3 gi\u00e1 tr\u1ecb v\u00e0 l\u00e0 m\u1ed9t s\u1ef1 \u0111\u1ea7u t\u01b0 d\u00e0i h\u1ea1n v\u00e0o chi\u1ebfn l\u01b0\u1ee3c b\u1ea3o m\u1eadt cho v\u0103n ph\u00f2ng v\u00e0 c\u01a1 s\u1edf c\u1ee7a b\u1ea1n. D\u1ecbch v\u1ee5 n\u00e0y c\u00f3 th\u1ec3 \u0111\u01b0\u1ee3c h\u1ed7 tr\u1ee3 b\u1edfi qu\u1ea3n l\u00fd, &#8230;<\/p>\n","protected":false},"author":1,"featured_media":0,"parent":18459,"menu_order":0,"comment_status":"closed","ping_status":"closed","template":"","meta":[],"acf":[],"aioseo_notices":[],"_links":{"self":[{"href":"https:\/\/www.iptp.us\/vi\/wp-json\/wp\/v2\/pages\/348"}],"collection":[{"href":"https:\/\/www.iptp.us\/vi\/wp-json\/wp\/v2\/pages"}],"about":[{"href":"https:\/\/www.iptp.us\/vi\/wp-json\/wp\/v2\/types\/page"}],"author":[{"embeddable":true,"href":"https:\/\/www.iptp.us\/vi\/wp-json\/wp\/v2\/users\/1"}],"replies":[{"embeddable":true,"href":"https:\/\/www.iptp.us\/vi\/wp-json\/wp\/v2\/comments?post=348"}],"version-history":[{"count":97,"href":"https:\/\/www.iptp.us\/vi\/wp-json\/wp\/v2\/pages\/348\/revisions"}],"predecessor-version":[{"id":35767,"href":"https:\/\/www.iptp.us\/vi\/wp-json\/wp\/v2\/pages\/348\/revisions\/35767"}],"up":[{"embeddable":true,"href":"https:\/\/www.iptp.us\/vi\/wp-json\/wp\/v2\/pages\/18459"}],"wp:attachment":[{"href":"https:\/\/www.iptp.us\/vi\/wp-json\/wp\/v2\/media?parent=348"}],"curies":[{"name":"wp","href":"https:\/\/api.w.org\/{rel}","templated":true}]}}