{"id":32590,"date":"2024-08-19T08:39:30","date_gmt":"2024-08-19T05:39:30","guid":{"rendered":"https:\/\/web-dev.iptp.net\/?page_id=32590"},"modified":"2026-03-30T14:03:43","modified_gmt":"2026-03-30T11:03:43","slug":"private-cloud","status":"publish","type":"page","link":"https:\/\/www.iptp.us\/vi\/private-cloud\/","title":{"rendered":"Private Cloud Services"},"content":{"rendered":"<div class=\"section section-page section-dcloud-hero\" style=\"--pcloud-banner:url('\/wp-content\/uploads\/iptp-networks-private-cloud-services-banner.png')\">\n<div class=\"inner --have-img\">\n<div class=\"text-block text-start\">\n<h1><span style=\"color:#F08F1E;display:block;\">D&#7883;ch v&#7909; &#273;&aacute;m m&acirc;y ri&ecirc;ng <br>c&#7911;a IPTP Networks<\/span><\/h1>\n<p class=\"text-start mb-0\">C&aacute;c gi&#7843;i ph&aacute;p &#273;&aacute;m m&acirc;y c&ocirc;ng c&#7897;ng thi&#7871;u s&#7921; &#273;&#7897;c l&#7853;p<br> v&agrave; ki&#7875;m so&aacute;t c&#7847;n thi&#7871;t, t&#7841;o ra c&aacute;c r&#7911;i ro b&#7843;o m&#7853;t ti&#7873;m &#7849;n<br> v&agrave; s&#7921; kh&ocirc;ng nh&#7845;t qu&aacute;n v&#7873; hi&#7879;u su&#7845;t. &#272;&acirc;y ch&iacute;nh l&agrave; l&uacute;c <br>&#272;&aacute;m m&acirc;y ri&ecirc;ng c&#7911;a IPTP Networks xu&#7845;t hi&#7879;n nh&#432; m&#7897;t <br>gi&#7843;i ph&aacute;p ph&ugrave; h&#7907;p cho nh&#7919;ng th&aacute;ch th&#7913;c nh&#432; v&#7853;y<\/p>\n<\/div>\n<div class=\"--is-desktop --private-cloud\"><img decoding=\"async\" src=\"data:image\/gif;base64,R0lGODlhAQABAIAAAAAAAP\/\/\/ywAAAAAAQABAAACAUwAOw==\" alt=\"Private Cloud Services\" data-src=\"\/wp-content\/uploads\/iptp-networks-private-cloud-services-icon.png\" class=\"lazy\"><\/div>\n<\/div>\n<div class=\"--is-mobile\"><img decoding=\"async\" src=\"data:image\/gif;base64,R0lGODlhAQABAIAAAAAAAP\/\/\/ywAAAAAAQABAAACAUwAOw==\" alt=\"Private Cloud Services\" data-src=\"\/wp-content\/uploads\/iptp-networks-private-cloud-services-icon.png\" class=\"lazy\"><\/div>\n<\/div><div class=\"section\"><div class=\"inner innerbreadcrum\"><div class=\"aioseo-breadcrumbs\"><span class=\"aioseo-breadcrumb\">\n\tHome\n<\/span><\/div><\/div><\/div><div class=\"section section-pcloud\">\n<div class=\"inner\">\n<p class=\"text-center\"><img decoding=\"async\" src=\"data:image\/gif;base64,R0lGODlhAQABAIAAAAAAAP\/\/\/ywAAAAAAQABAAACAUwAOw==\" alt=\"Private Cloud Architect\" data-src=\"\/wp-content\/uploads\/private-cloud-architect.jpg\" class=\"lazy\"><\/p>\n<div class=\"row row-cols-1 row-cols-md-2 g-4 g-lg-5 mb-4 mb-lg-5 pb-lg-4\">\n<div class=\"col\">\n<div class=\"box-dcloud-bw\"><img decoding=\"async\" src=\"data:image\/gif;base64,R0lGODlhAQABAIAAAAAAAP\/\/\/ywAAAAAAQABAAACAUwAOw==\" alt=\"Leading Private Cloud Provider\" data-src=\"\/wp-content\/uploads\/why-private-cloud-with-iptp-networks.png\" class=\"lazy\"><\/div>\n<\/div>\n<div class=\"col\">\n<div>\n<h4 class=\"dcloud-heading\">IPTP Networks &ndash; Nh&agrave; cung c&#7845;p d&#7883;ch v&#7909; &#273;&aacute;m m&acirc;y ri&ecirc;ng h&agrave;ng &#273;&#7847;u<\/h4>\n<p>T&#7841;i IPTP Networks, ch&uacute;ng t&ocirc;i t&#7921; h&agrave;o l&agrave; m&#7897;t trong nh&#7919;ng nh&agrave; cung c&#7845;p d&#7883;ch v&#7909; &#273;&aacute;m m&acirc;y ri&ecirc;ng &#273;&aacute;ng tin c&#7853;y nh&#7845;t. Ch&uacute;ng t&ocirc;i c&oacute; m&#7897;t trong nh&#7919;ng <a href=\"https:\/\/www.iptp.us\/vi\/network\/\">c&#417; s&#7903; h&#7841; t&#7847;ng m&#7841;ng &#273;&aacute;ng tin c&#7853;y<\/a> v&agrave; t&#7921; s&#7903; h&#7919;u nh&#7845;t trong ng&agrave;nh. S&#7921; &#273;&#7897;c l&#7853;p nh&#432; v&#7853;y cho ph&eacute;p ch&uacute;ng t&ocirc;i c&oacute; m&#7897;t trong nh&#7919;ng t&#7927; l&#7879; &#273;&#7897; tr&#7877; th&#7845;p nh&#7845;t hi&#7879;n c&oacute; tr&ecirc;n th&#7883; tr&#432;&#7901;ng, khi&#7871;n c&aacute;c d&#7883;ch v&#7909; c&#7911;a ch&uacute;ng t&ocirc;i kh&aacute; l&yacute; t&#432;&#7903;ng cho c&aacute;c &#7913;ng d&#7909;ng nh&#7841;y c&#7843;m v&#7899;i &#273;&#7897; tr&#7877; nh&#432; giao d&#7883;ch t&#7847;n su&#7845;t cao ho&#7863;c m&#7841;ng CDN ri&ecirc;ng l&#7867;. &#272;i&#7873;u n&agrave;y cho ph&eacute;p ch&uacute;ng t&ocirc;i cung c&#7845;p c&aacute;c d&#7883;ch v&#7909; l&#432;u tr&#7919; &#273;&aacute;m m&acirc;y ri&ecirc;ng v&#7899;i gi&aacute; c&#7843; c&#7841;nh tranh m&agrave; kh&ocirc;ng vi ph&#7841;m ch&#7845;t l&#432;&#7907;ng ho&#7863;c hi&#7879;u su&#7845;t.<\/p>\n<\/div>\n<\/div>\n<\/div>\n<div class=\"row row-cols-1 row-cols-md-2 g-4 g-lg-5 flex-row-reverse mb-5\">\n<div class=\"col\">\n<div class=\"box-dcloud-bw\"><img decoding=\"async\" src=\"data:image\/gif;base64,R0lGODlhAQABAIAAAAAAAP\/\/\/ywAAAAAAQABAAACAUwAOw==\" alt=\"Gi&#7843;i ph&aacute;p t&ugrave;y ch&#7881;nh v&agrave; linh ho&#7841;t\" data-src=\"\/wp-content\/uploads\/customizable-and-flexible-solutions.png\" class=\"lazy\"><\/div>\n<\/div>\n<div class=\"col\">\n<div>\n<h4 class=\"dcloud-heading\">Gi&#7843;i ph&aacute;p t&ugrave;y ch&#7881;nh v&agrave; linh ho&#7841;t<\/h4>\n<p>M&#7895;i doanh nghi&#7879;p &#273;&#7873;u kh&aacute;c nhau v&agrave; nhu c&#7847;u c&#7911;a doanh nghi&#7879;p c&#361;ng v&#7853;y. C&aacute;c gi&#7843;i ph&aacute;p &#273;&aacute;m m&acirc;y ri&ecirc;ng c&#7911;a ch&uacute;ng t&ocirc;i c&oacute; th&#7875; t&ugrave;y ch&#7881;nh cao &#273;&#7875; cung c&#7845;p cho b&#7841;n s&#7921; linh ho&#7841;t trong vi&#7879;c &#273;i&#7873;u ch&#7881;nh ki&#7871;n tr&uacute;c, ph&#7847;n c&#7913;ng v&agrave; ph&#7847;n m&#7873;m theo nhu c&#7847;u c&#7909; th&#7875; c&#7911;a b&#7841;n. Cho d&ugrave; l&agrave; ph&#7847;n c&#7913;ng c&#7911;a kh&aacute;ch h&agrave;ng s&#7903; h&#7919;u hay s&#7917; d&#7909;ng ph&#7847;n c&#7913;ng c&#7911;a ch&uacute;ng t&ocirc;i, ch&uacute;ng t&ocirc;i &#273;&#7873;u cung c&#7845;p d&#7883;ch v&#7909; l&#432;u tr&#7919; &#273;&aacute;m m&acirc;y ri&ecirc;ng t&#7889;i &#432;u t&#7841;i c&#7843; hai n&#417;i cho m&#7885;i nhi&#7879;m v&#7909;.<\/p>\n<\/div>\n<\/div>\n<\/div>\n<h2 class=\"dcloud-heading\">C&aacute;c t&iacute;nh n&#259;ng ch&iacute;nh<\/h2>\n<div class=\"row row-cols-1 row-cols-md-3 g-4 g-md-2 g-lg-5 mb-5\">\n<div class=\"col\">\n<div class=\"box-dcloud\">\n<div class=\"box-dcloud-icon\">\n              <img decoding=\"async\" src=\"data:image\/gif;base64,R0lGODlhAQABAIAAAAAAAP\/\/\/ywAAAAAAQABAAACAUwAOw==\" width=\"72\" alt=\"Dedicated and Isolated Environment\" data-src=\"\/wp-content\/uploads\/pcloud-icon3.svg\" class=\"lazy\">\n            <\/div>\n<h3 class=\"box-dcloud-title\">M&ocirc;i tr&#432;&#7901;ng chuy&ecirc;n d&#7909;ng v&agrave; bi&#7879;t l&#7853;p<\/h3>\n<p class=\"box-dcloud-content\">D&#7883;ch v&#7909; l&#432;u tr&#7919; &#273;&aacute;m m&acirc;y ri&ecirc;ng c&#7911;a ch&uacute;ng t&ocirc;i cung c&#7845;p c&#417; s&#7903; h&#7841; t&#7847;ng &#273;&#432;&#7907;c c&ocirc; l&#7853;p c&#7843; v&#7873; m&#7863;t v&#7853;t l&yacute; v&agrave; &#7903; c&#7845;p &#273;&#7897; m&#7841;ng, &#273;&#7843;m b&#7843;o d&#7919; li&#7879;u v&agrave; &#7913;ng d&#7909;ng c&#7911;a b&#7841;n &#273;&#432;&#7907;c an to&agrave;n v&agrave; kh&ocirc;ng b&#7883; ng&#432;&#7901;i d&ugrave;ng kh&aacute;c can thi&#7879;p. Thi&#7871;t b&#7883; m&aacute;y ch&#7911; chuy&ecirc;n d&#7909;ng, c&ocirc; l&#7853;p l&#432;u l&#432;&#7907;ng m&#7841;ng &#7903; c&#7845;p &#273;&#7897; L2 v&agrave; c&aacute;c thi&#7871;t b&#7883; kh&aacute;c &#273;&atilde; &#273;&#432;&#7907;c &#273;&#432;a v&agrave;o danh s&aacute;ch.<\/p>\n<\/div>\n<\/div>\n<div class=\"col\">\n<div class=\"box-dcloud\">\n<div class=\"box-dcloud-icon\">\n              <img decoding=\"async\" src=\"data:image\/gif;base64,R0lGODlhAQABAIAAAAAAAP\/\/\/ywAAAAAAQABAAACAUwAOw==\" width=\"60\" alt=\"High-End Hardware and Software\" data-src=\"\/wp-content\/uploads\/pcloud-icon1.svg\" class=\"lazy\">\n            <\/div>\n<h3 class=\"box-dcloud-title\">Ph&#7847;n c&#7913;ng v&agrave; ph&#7847;n m&#7873;m cao c&#7845;p<\/h3>\n<p class=\"box-dcloud-content\">Ch&uacute;ng t&ocirc;i s&#7917; d&#7909;ng ph&#7847;n c&#7913;ng hi&#7879;u su&#7845;t cao, h&agrave;ng &#273;&#7847;u v&agrave; c&aacute;c gi&#7843;i ph&aacute;p ph&#7847;n m&#7873;m VMware &mdash; c&ocirc;ng ty h&agrave;ng &#273;&#7847;u v&#7873; c&ocirc;ng ngh&#7879; &#7843;o h&oacute;a. &#272;i&#7873;u n&agrave;y cho ph&eacute;p &#273;&aacute;m m&acirc;y ri&ecirc;ng c&#7911;a b&#7841;n &#273;&#432;&#7907;c x&acirc;y d&#7921;ng tr&ecirc;n m&#7897;t c&#417; s&#7903; m&#7841;nh m&#7869;, &#273;&aacute;ng tin c&#7853;y c&oacute; kh&#7843; n&#259;ng x&#7917; l&yacute; t&#7845;t c&#7843; c&aacute;c kh&#7889;i l&#432;&#7907;ng c&ocirc;ng vi&#7879;c &#273;&ograve;i h&#7887;i kh&#7855;t khe nh&#7845;t c&#7911;a b&#7841;n.<\/p>\n<\/div>\n<\/div>\n<div class=\"col\">\n<div class=\"box-dcloud\">\n<div class=\"box-dcloud-icon\">\n              <img decoding=\"async\" src=\"data:image\/gif;base64,R0lGODlhAQABAIAAAAAAAP\/\/\/ywAAAAAAQABAAACAUwAOw==\" width=\"70\" alt=\"Enhanced Control and Security\" data-src=\"\/wp-content\/uploads\/pcloud-icon2.svg\" class=\"lazy\">\n            <\/div>\n<h3 class=\"box-dcloud-title\">Ki&#7875;m so&aacute;t v&agrave; b&#7843;o m&#7853;t n&acirc;ng cao<\/h3>\n<p class=\"box-dcloud-content\">V&#7899;i IPTP Networks, b&#7841;n c&oacute; to&agrave;n quy&#7873;n ki&#7875;m so&aacute;t m&ocirc;i tr&#432;&#7901;ng &#273;&aacute;m m&acirc;y ri&ecirc;ng c&#7911;a m&igrave;nh. C&oacute; &#273;&#432;&#7907;c b&#7843;ng &#273;i&#7873;u khi&#7875;n qu&#7843;n l&yacute; m&#7841;nh m&#7869; nh&#7845;t&mdash;VMware vCenter ho&#7863;c VMware vCloud Director&mdash;&#273;&#7875; qu&#7843;n l&yacute; v&agrave; k&#7871;t n&#7889;i to&agrave;n b&#7897; c&#417; s&#7903; h&#7841; t&#7847;ng &#273;&aacute;m m&acirc;y c&#7911;a b&#7841;n ch&#7881; b&#7857;ng m&#7897;t c&uacute; nh&#7845;p chu&#7897;t. L&agrave; nh&agrave; cung c&#7845;p &#273;&aacute;m m&acirc;y ri&ecirc;ng h&agrave;ng &#273;&#7847;u, c&aacute;c d&#7883;ch v&#7909; c&#7911;a ch&uacute;ng t&ocirc;i &#273;&aacute;p &#7913;ng c&aacute;c ti&ecirc;u chu&#7849;n b&#7843;o m&#7853;t nghi&ecirc;m ng&#7863;t, khi&#7871;n ch&uacute;ng tr&#7903; n&ecirc;n l&yacute; t&#432;&#7903;ng cho c&aacute;c ng&agrave;nh c&ocirc;ng nghi&#7879;p &#273;&ograve;i h&#7887;i s&#7921; tu&acirc;n th&#7911; &#7903; m&#7913;c cao.<\/p>\n<\/div>\n<\/div>\n<\/div>\n<h2 class=\"dcloud-heading\">Ph&#432;&#417;ng th&#7913;c ho&#7841;t &#273;&#7897;ng<\/h2>\n<ul class=\"list-unstyled ps-1 mb-5\">\n<li>&ndash; N&ecirc;u r&otilde; y&ecirc;u c&#7847;u: H&atilde;y m&ocirc; t&#7843; cho ch&uacute;ng t&ocirc;i nh&#7919;ng th&aacute;ch th&#7913;c v&agrave; nhu c&#7847;u c&#7911;a b&#7841;n.<\/li>\n<li>&ndash; Thi&#7871;t k&#7871; ki&#7871;n tr&uacute;c: C&aacute;c chuy&ecirc;n gia c&#7911;a ch&uacute;ng t&ocirc;i thi&#7871;t k&#7871; v&agrave; ph&ecirc; duy&#7879;t ki&#7871;n tr&uacute;c gi&#7843;i ph&aacute;p.<\/li>\n<li>&ndash; X&acirc;y d&#7921;ng &#273;&aacute;m m&acirc;y: Ch&uacute;ng t&ocirc;i thi&#7871;t l&#7853;p m&ocirc;i tr&#432;&#7901;ng &#273;&aacute;m m&acirc;y ri&ecirc;ng c&#7911;a b&#7841;n b&#7857;ng d&#7883;ch v&#7909; l&#432;u tr&#7919; &#273;&aacute;m m&acirc;y ri&ecirc;ng &#273;&aacute;ng tin c&#7853;y c&#7911;a ch&uacute;ng t&ocirc;i.<\/li>\n<li>&ndash; Ch&#7841;y th&#7917;: Ki&#7875;m tra thi&#7871;t l&#7853;p theo y&ecirc;u c&#7847;u c&#7911;a b&#7841;n.<\/li>\n<li>&ndash; Di chuy&#7875;n kh&#7889;i l&#432;&#7907;ng c&ocirc;ng vi&#7879;c: Chuy&#7875;n &#273;&#7893;i kh&#7889;i l&#432;&#7907;ng c&ocirc;ng vi&#7879;c s&#7843;n xu&#7845;t sang m&ocirc;i tr&#432;&#7901;ng m&#7899;i.<\/li>\n<\/ul>\n<h2 class=\"dcloud-heading\">C&aacute;c tr&#432;&#7901;ng h&#7907;p s&#7917; d&#7909;ng<\/h2>\n<div class=\"row g-4 g-md-2 g-lg-4 row-cols-1 row-cols-sm-2 row-cols-md-3\">\n<div class=\"col\">\n<div class=\"box-cpoint box-pcloud-point\">\n<div class=\"box-cpoint-img\"><img decoding=\"async\" src=\"data:image\/gif;base64,R0lGODlhAQABAIAAAAAAAP\/\/\/ywAAAAAAQABAAACAUwAOw==\" alt=\"Single Private Cloud\" data-src=\"\/wp-content\/uploads\/dual-private-clouds-with-replication-1.png\" class=\"lazy\"><\/div>\n<div class=\"box-cpoint-content\">\n<h3 class=\"box-cpoint-title\">&#272;&aacute;m m&acirc;y ri&ecirc;ng duy nh&#7845;t<\/h3>\n<p class=\"box-cpoint-des\">L&yacute; t&#432;&#7903;ng cho c&aacute;c doanh nghi&#7879;p c&#7847;n m&ocirc;i tr&#432;&#7901;ng &#273;&aacute;m m&acirc;y chuy&ecirc;n d&#7909;ng trong m&#7897;t trung t&acirc;m d&#7919; li&#7879;u. Thi&#7871;t l&#7853;p n&agrave;y, &#273;&#432;&#7907;c cung c&#7845;p b&#7903;i nh&agrave; cung c&#7845;p &#273;&aacute;m m&acirc;y ri&ecirc;ng &#273;&aacute;ng tin c&#7853;y, &#273;&#7843;m b&#7843;o kh&#7843; n&#259;ng ki&#7875;m so&aacute;t v&agrave; b&#7843;o m&#7853;t t&#7889;i &#273;a &#273;&#7889;i v&#7899;i t&agrave;i nguy&ecirc;n CNTT c&#7911;a b&#7841;n.<\/p>\n<\/div>\n<\/div>\n<\/div>\n<div class=\"col\">\n<div class=\"box-cpoint box-pcloud-point\">\n<div class=\"box-cpoint-img\"><img decoding=\"async\" src=\"data:image\/gif;base64,R0lGODlhAQABAIAAAAAAAP\/\/\/ywAAAAAAQABAAACAUwAOw==\" alt=\"Dual Private Clouds with Replication\" data-src=\"\/wp-content\/uploads\/single-private-cloud-1.png\" class=\"lazy\"><\/div>\n<div class=\"box-cpoint-content\">\n<h3 class=\"box-cpoint-title\">&#272;&aacute;m m&acirc;y ri&ecirc;ng k&eacute;p v&#7899;i t&iacute;nh n&#259;ng sao ch&eacute;p<\/h3>\n<p class=\"box-cpoint-des\">B&acirc;y gi&#7901;, tri&#7875;n khai hai &#273;&aacute;m m&acirc;y ri&ecirc;ng tr&ecirc;n c&aacute;c trung t&acirc;m d&#7919; li&#7879;u kh&aacute;c nhau. Th&ocirc;ng tin trong &#273;&oacute; &#273;&#432;&#7907;c sao ch&eacute;p &#273;&#7875; &#273;&#7843;m b&#7843;o t&iacute;nh kh&#7843; d&#7909;ng c&#7911;a d&#7919; li&#7879;u tr&ecirc;n nhi&#7873;u v&#7883; tr&iacute; s&#7917; d&#7909;ng m&#7841;ng IPTP to&agrave;n c&#7847;u. Thi&#7871;t l&#7853;p n&agrave;y do &#273;&oacute; mang l&#7841;i kh&#7843; n&#259;ng ph&#7909;c h&#7891;i sau th&#7843;m h&#7885;a v&agrave; t&iacute;nh li&ecirc;n t&#7909;c c&#7911;a doanh nghi&#7879;p v&#7899;i SLA l&ecirc;n &#273;&#7871;n <strong>99,999%<\/strong><\/p>\n<\/div>\n<\/div>\n<\/div>\n<div class=\"col\">\n<div class=\"box-cpoint box-pcloud-point\">\n<div class=\"box-cpoint-img\"><img decoding=\"async\" src=\"data:image\/gif;base64,R0lGODlhAQABAIAAAAAAAP\/\/\/ywAAAAAAQABAAACAUwAOw==\" alt=\"Hybrid Cloud Solutions\" data-src=\"\/wp-content\/uploads\/hybrid-cloud-solutions-1.png\" class=\"lazy\"><\/div>\n<div class=\"box-cpoint-content\">\n<h3 class=\"box-cpoint-title\">Gi&#7843;i ph&aacute;p &#273;&aacute;m m&acirc;y lai<\/h3>\n<p class=\"box-cpoint-des\">K&#7871;t h&#7907;p Private Cloud v&#7899;i Public Cloud&mdash;AWS, Azure, v.v.&mdash;th&ocirc;ng qua <a href=\"https:\/\/www.iptp.us\/vi\/direct-connection-to-cloud-providers\/\">Direct Connect<\/a> &#273;&#7875; t&iacute;ch h&#7907;p li&#7873;n m&#7841;ch. Ki&#7875;u thi&#7871;t l&#7853;p n&agrave;y mang l&#7841;i l&#7907;i &iacute;ch t&iacute;ch l&#361;y &#273;&#432;&#7907;c trong c&#7843; hai m&ocirc;i tr&#432;&#7901;ng, do &#273;&oacute; cung c&#7845;p t&iacute;nh linh ho&#7841;t v&agrave; kh&#7843; n&#259;ng m&#7903; r&#7897;ng.<\/p>\n<\/div>\n<\/div>\n<\/div>\n<\/div>\n<\/div>\n<\/div><div class=\"sections border-bottom\">\n<div class=\"inner\" style=\"padding-bottom:30px;padding-top:0;\">\n<h2 class=\"dcloud-heading\">C&acirc;u h&#7887;i th&#432;&#7901;ng g&#7863;p<\/h2>\n<div class=\"accordion dcloud-accordion my-4\" id=\"dcloud-accordion\">\n<div class=\"accordion-item\">\n<h2 class=\"accordion-header\"><button aria-controls=\"collapseOne\" aria-expanded=\"true\" class=\"accordion-button\" data-bs-target=\"#collapseOne\" data-bs-toggle=\"collapse\" type=\"button\">Private Cloud l&agrave; g&igrave;?<\/button><\/h2>\n<div class=\"accordion-collapse collapse show\" id=\"collapseOne\">\n<div class=\"accordion-body\">&#272;&aacute;m m&acirc;y ri&ecirc;ng l&agrave; m&ocirc;i tr&#432;&#7901;ng &#273;&aacute;m m&acirc;y chuy&ecirc;n d&#7909;ng, d&agrave;nh cho m&#7897;t ng&#432;&#7901;i thu&ecirc;, cung c&#7845;p nhi&#7873;u kh&#7843; n&#259;ng ki&#7875;m so&aacute;t, b&#7843;o m&#7853;t v&agrave; t&ugrave;y ch&#7881;nh h&#417;n so v&#7899;i &#273;&aacute;m m&acirc;y c&ocirc;ng c&#7897;ng, khi&#7871;n &#273;&acirc;y tr&#7903; th&agrave;nh l&#7921;a ch&#7885;n tuy&#7879;t v&#7901;i cho c&aacute;c doanh nghi&#7879;p &#273;ang t&igrave;m ki&#7871;m gi&#7843;i ph&aacute;p t&#7915; nh&agrave; cung c&#7845;p &#273;&aacute;m m&acirc;y ri&ecirc;ng.<\/div>\n<\/div>\n<\/div>\n<div class=\"accordion-item\">\n<h2 class=\"accordion-header\"><button aria-controls=\"collapseTwo\" aria-expanded=\"false\" class=\"accordion-button collapsed\" data-bs-target=\"#collapseTwo\" data-bs-toggle=\"collapse\" type=\"button\">Private Cloud c&#7911;a IPTP Networks kh&aacute;c bi&#7879;t nh&#432; th&#7871; n&agrave;o so v&#7899;i c&aacute;c d&#7883;ch v&#7909; kh&aacute;c?<\/button><\/h2>\n<div class=\"accordion-collapse collapse\" id=\"collapseTwo\">\n<div class=\"accordion-body\">D&#7883;ch v&#7909; l&#432;u tr&#7919; &#273;&aacute;m m&acirc;y ri&ecirc;ng c&#7911;a ch&uacute;ng t&ocirc;i d&#7921;a tr&ecirc;n c&#417; s&#7903; h&#7841; t&#7847;ng c&#7911;a ri&ecirc;ng ch&uacute;ng t&ocirc;i, cung c&#7845;p c&aacute;c gi&#7843;i ph&aacute;p c&oacute; &#273;&#7897; tr&#7877; th&#7845;p, &#273;&#7897; tin c&#7853;y cao v&agrave; ti&#7871;t ki&#7879;m chi ph&iacute;. Ch&uacute;ng t&ocirc;i c&#361;ng cung c&#7845;p c&aacute;c t&ugrave;y ch&#7885;n c&oacute; th&#7875; t&ugrave;y ch&#7881;nh cao &#273;&#7875; &#273;&aacute;p &#7913;ng c&aacute;c nhu c&#7847;u kinh doanh c&#7909; th&#7875;, gi&uacute;p ch&uacute;ng t&ocirc;i kh&aacute;c bi&#7879;t so v&#7899;i c&aacute;c nh&agrave; cung c&#7845;p d&#7883;ch v&#7909; ri&ecirc;ng kh&aacute;c.<\/div>\n<\/div>\n<\/div>\n<div class=\"accordion-item\">\n<h2 class=\"accordion-header\"><button aria-controls=\"collapseThree\" aria-expanded=\"false\" class=\"accordion-button collapsed\" data-bs-target=\"#collapseThree\" data-bs-toggle=\"collapse\" type=\"button\">D&#7883;ch v&#7909; Private Cloud c&#7911;a IPTP Networks c&oacute; an to&agrave;n kh&ocirc;ng?<\/button><\/h2>\n<div class=\"accordion-collapse collapse\" id=\"collapseThree\">\n<div class=\"accordion-body\">C&oacute;, d&#7883;ch v&#7909; l&#432;u tr&#7919; &#273;&aacute;m m&acirc;y ri&ecirc;ng c&#7911;a ch&uacute;ng t&ocirc;i cung c&#7845;p m&#7897;t m&ocirc;i tr&#432;&#7901;ng t&aacute;ch bi&#7879;t &#7903; c&#7843; c&#7845;p &#273;&#7897; v&#7853;t l&yacute; v&agrave; m&#7841;ng, &#273;&aacute;p &#7913;ng ngay c&#7843; c&aacute;c y&ecirc;u c&#7847;u nghi&ecirc;m ng&#7863;t nh&#7845;t v&#7873; b&#7843;o m&#7853;t v&agrave; tu&acirc;n th&#7911; c&#7911;a c&aacute;c ng&agrave;nh c&ocirc;ng nghi&#7879;p c&oacute; y&ecirc;u c&#7847;u cao.<\/div>\n<\/div>\n<\/div>\n<\/div>\n<p>S&#7917; d&#7909;ng <strong>IPTP Networks<\/strong> c&oacute; ngh&#297;a l&agrave; b&#7841;n kh&ocirc;ng ch&#7881; x&acirc;y d&#7921;ng m&#7897;t &#273;&aacute;m m&acirc;y ri&ecirc;ng m&agrave; c&ograve;n x&acirc;y d&#7921;ng m&#7897;t c&#417; s&#7903; h&#7841; t&#7847;ng CNTT hi&#7879;u su&#7845;t cao, b&#7873;n v&#7919;ng v&#7899;i t&#432;&#417;ng lai v&#7899;i m&#7897;t trong nh&#7919;ng nh&agrave; cung c&#7845;p d&#7883;ch v&#7909; &#273;&aacute;m m&acirc;y ri&ecirc;ng &#273;&aacute;ng tin c&#7853;y nh&#7845;t.<\/p><\/div>\n<\/div><div class=\"sections section-dcloud-hotline\" style=\"background-image:url('\/wp-content\/uploads\/dcloud-support-hotline-scaled.jpg');\">\n<div class=\"inner\" style=\"padding-bottom: 30px;\">\n<div class=\"box-hotline\">\n<h2 class=\"dcloud-heading\">B&#7841;n &#273;&atilde; s&#7861;n s&agrave;ng chuy&#7875;n &#273;&#7893;i c&#417; s&#7903; h&#7841; t&#7847;ng CNTT?<\/h2>\n<p class=\"box-hotline-des\">Tham gia c&ugrave;ng nh&#7919;ng ng&#432;&#7901;i d&#7851;n &#273;&#7847;u ng&agrave;nh tin t&#432;&#7903;ng <strong>IPTP Networks<\/strong> cho c&aacute;c gi&#7843;i ph&aacute;p &#273;&aacute;m m&acirc;y ri&ecirc;ng c&#7911;a h&#7885;. B&#7841;n &#273;ang t&igrave;m ki&#7871;m b&#7843;o m&#7853;t n&acirc;ng cao, hi&#7879;u su&#7845;t t&#7889;t h&#417;n ho&#7863;c c&#417; s&#7903; h&#7841; t&#7847;ng linh ho&#7841;t? Ch&uacute;ng t&ocirc;i h&#7895; tr&#7907; b&#7841;n.<\/p>\n<p class=\"box-hotline-des mb-4 pb-3\">H&atilde;y li&ecirc;n h&#7879; ngay h&ocirc;m nay &#273;&#7875; t&igrave;m hi&#7875;u th&ecirc;m v&#7873; c&aacute;ch <strong>IPTP Networks<\/strong>, m&#7897;t trong nh&#7919;ng nh&agrave; cung c&#7845;p d&#7883;ch v&#7909; &#273;&aacute;m m&acirc;y ri&ecirc;ng h&agrave;ng &#273;&#7847;u, c&oacute; th&#7875; n&acirc;ng cao chi&#7871;n l&#432;&#7907;c &#273;&aacute;m m&acirc;y c&#7911;a b&#7841;n. &#272;&#7897;i ng&#361; chuy&ecirc;n gia c&#7911;a ch&uacute;ng t&ocirc;i s&#7861;n s&agrave;ng thi&#7871;t k&#7871; gi&#7843;i ph&aacute;p ph&ugrave; h&#7907;p v&#7899;i y&ecirc;u c&#7847;u kinh doanh c&#7911;a b&#7841;n. &#272;&#7897;i ng&#361; chuy&ecirc;n gia c&#7911;a ch&uacute;ng t&ocirc;i lu&ocirc;n s&#7861;n s&agrave;ng ph&#7909;c v&#7909; b&#7841;n, s&#7861;n s&agrave;ng thi&#7871;t k&#7871; gi&#7843;i ph&aacute;p ph&ugrave; h&#7907;p v&#7899;i nhu c&#7847;u c&#7911;a b&#7841;n.<\/p>\n<div><a href=\"#\" class=\"btn-primary-rounded-pill d-inline-block js_btn_request_form_all\">Y&ecirc;u c&#7847;u b&aacute;o gi&aacute;<\/a><\/div>\n<\/div>\n<\/div>\n<\/div>\n","protected":false},"excerpt":{"rendered":"<p>C\u00e1c gi\u1ea3i ph\u00e1p \u0111\u00e1m m\u00e2y c\u00f4ng c\u1ed9ng thi\u1ebfu s\u1ef1 \u0111\u1ed9c l\u1eadp v\u00e0 ki\u1ec3m so\u00e1t c\u1ea7n thi\u1ebft, t\u1ea1o ra c\u00e1c r\u1ee7i ro b\u1ea3o m\u1eadt ti\u1ec1m \u1ea9n v\u00e0 s\u1ef1 kh\u00f4ng nh\u1ea5t qu\u00e1n v\u1ec1 hi\u1ec7u su\u1ea5t. \u0110\u00e2y ch\u00ednh l\u00e0 l\u00fac \u0110\u00e1m m\u00e2y ri\u00eang c\u1ee7a IPTP Networks xu\u1ea5t hi\u1ec7n nh\u01b0 m\u1ed9t gi\u1ea3i ph\u00e1p ph\u00f9 h\u1ee3p cho nh\u1eefng th\u00e1ch th\u1ee9c nh\u01b0 v\u1eady.<\/p>\n","protected":false},"author":14,"featured_media":0,"parent":0,"menu_order":0,"comment_status":"closed","ping_status":"closed","template":"template-inner-page.php","meta":[],"acf":[],"aioseo_notices":[],"_links":{"self":[{"href":"https:\/\/www.iptp.us\/vi\/wp-json\/wp\/v2\/pages\/32590"}],"collection":[{"href":"https:\/\/www.iptp.us\/vi\/wp-json\/wp\/v2\/pages"}],"about":[{"href":"https:\/\/www.iptp.us\/vi\/wp-json\/wp\/v2\/types\/page"}],"author":[{"embeddable":true,"href":"https:\/\/www.iptp.us\/vi\/wp-json\/wp\/v2\/users\/14"}],"replies":[{"embeddable":true,"href":"https:\/\/www.iptp.us\/vi\/wp-json\/wp\/v2\/comments?post=32590"}],"version-history":[{"count":139,"href":"https:\/\/www.iptp.us\/vi\/wp-json\/wp\/v2\/pages\/32590\/revisions"}],"predecessor-version":[{"id":39418,"href":"https:\/\/www.iptp.us\/vi\/wp-json\/wp\/v2\/pages\/32590\/revisions\/39418"}],"wp:attachment":[{"href":"https:\/\/www.iptp.us\/vi\/wp-json\/wp\/v2\/media?parent=32590"}],"curies":[{"name":"wp","href":"https:\/\/api.w.org\/{rel}","templated":true}]}}