{"id":31423,"date":"2024-03-28T06:12:59","date_gmt":"2024-03-28T03:12:59","guid":{"rendered":"https:\/\/web-dev.iptp.net\/?page_id=31423"},"modified":"2026-01-13T12:14:09","modified_gmt":"2026-01-13T09:14:09","slug":"products-and-services-ecosystem","status":"publish","type":"page","link":"https:\/\/www.iptp.us\/vi\/products-and-services-ecosystem\/","title":{"rendered":"H\u1ec7 sinh th\u00e1i s\u1ea3n ph\u1ea9m v\u00e0 d\u1ecbch v\u1ee5"},"content":{"rendered":"<div class=\"section section-hero section-page section-products\" style=\"--background:url('\/wp-content\/uploads\/bg-ecosystem.png')\">\n<div class=\"inner\">\n<div class=\"text-block\">\n<h1>KH&Aacute;M PH&Aacute;<br>C&Aacute;C GI&#7842;I PH&Aacute;P M&#7840;NG IPTP<\/h1>\n<h2>Ch&uacute;ng t&ocirc;i l&agrave; Nh&agrave; cung c&#7845;p d&#7883;ch v&#7909; Qu&#7843;n l&yacute; h&agrave;ng &#273;&#7847;u, T&iacute;ch h&#7907;p h&#7879; th&#7889;ng,<br> M&#7841;ng &#273;&#417;n l&#7867; Tier-1, <br>Nh&agrave; cung c&#7845;p d&#7883;ch v&#7909; Internet v&agrave; T&#7853;p &#273;o&agrave;n ph&aacute;t tri&#7875;n ph&#7847;n m&#7873;m to&agrave;n c&#7847;u<\/h2>\n<p class=\"pt-3\">\n        <a href=\"https:\/\/www.iptp.us\/vi\/request-a-quote\/?post=31423\" class=\"btn-primary-rounded-pill d-inline-block\">Y&ecirc;u c&#7847;u b&aacute;o gi&aacute;<\/a>\n      <\/p>\n<\/div>\n<\/div>\n<div class=\"img-block\">\n      <img decoding=\"async\" loading=\"lazy\" class=\"lazy aligncenter size-full wp-image-30054\" src=\"data:image\/gif;base64,R0lGODlhAQABAAD\/ACwAAAAAAQABAAACADs=\" alt=\"ecosystem\" width=\"752\" height=\"360\" data-src=\"\/wp-content\/uploads\/ecosystem.png\"><noscript><img decoding=\"async\" loading=\"lazy\" src=\"data:image\/gif;base64,R0lGODlhAQABAIAAAAAAAP\/\/\/ywAAAAAAQABAAACAUwAOw==\" alt=\"ecosystem\" width=\"752\" height=\"360\" class=\"aligncenter size-full wp-image-30054 lazy\" data-src=\"\/wp-content\/uploads\/ecosystem.png\"><\/noscript>\n    <\/div>\n<\/div><div class=\"section\"><div class=\"inner innerbreadcrum\"><div class=\"aioseo-breadcrumbs\"><span class=\"aioseo-breadcrumb\">\n\tHome\n<\/span><\/div><\/div><\/div><div class=\"section\">\n<div class=\"inner\">\n<div class=\"d-none d-xl-block\">\n<div id=\"productsheader\" class=\"products-header\">\n<div class=\"--logo\">\n            <img decoding=\"async\" src=\"data:image\/gif;base64,R0lGODlhAQABAIAAAAAAAP\/\/\/ywAAAAAAQABAAACAUwAOw==\" alt=\"Logo\" data-src=\"\/wp-content\/themes\/iptp-theme\/images\/iptplogo.svg\" class=\"lazy\">\n          <\/div>\n<div class=\"--title\">S&#7842;N PH&#7848;M V&Agrave; D&#7882;CH V&#7908; <strong>INFOGRAPHIC<\/strong>\n          <\/div>\n<\/div>\n<div id=\"productsrow\" class=\"products-row\">\n<div class=\"products-item-content1\">\n<ul>\n<li data-bs-toggle=\"tooltip\" data-bs-custom-class=\"custom-tooltip\" data-bs-title=\"Remote DIA (hay Remote Direct Internet Access) l&agrave; d&#7883;ch v&#7909; Truy c&#7853;p Internet tr&#7921;c ti&#7871;p trong c&aacute;c &#273;&#7883;a &#273;i&#7875;m t&#7915; xa th&ocirc;ng qua m&#7841;ng x&#432;&#417;ng s&#7889;ng EoMPLS L2 &#273;&#432;&#7907;c b&#7843;o v&#7879;, mang l&#7841;i t&iacute;nh linh ho&#7841;t t&#7889;i &#432;u gi&uacute;p ti&#7871;p c&#7853;n c&aacute;c doanh nghi&#7879;p t&#7915; m&#7897;t khu v&#7921;c ho&agrave;n to&agrave;n kh&aacute;c m&agrave; kh&ocirc;ng &#7843;nh h&#432;&#7903;ng &#273;&#7871;n &#273;&#7897; tr&#7877; v&agrave; b&#259;ng th&ocirc;ng.\" title=\"\" style=\"font-size:12px;\"><a href=\"https:\/\/www.iptp.us\/vi\/internet-access\/remote-dia\/\" target=\"_blank\" rel=\"noopener\">Truy c&#7853;p Internet tr&#7921;c ti&#7871;p t&#7915; xa<\/a><\/li>\n<li data-bs-toggle=\"tooltip\" data-bs-custom-class=\"custom-tooltip\" data-bs-title=\"Remote IX Transit l&agrave; lo&#7841;i d&#7883;ch v&#7909; k&#7871;t n&#7889;i khi kh&aacute;ch h&agrave;ng thi&#7871;t l&#7853;p phi&ecirc;n BGP tr&#7921;c ti&#7871;p v&#7899;i b&#7897; &#273;&#7883;nh tuy&#7871;n IPTP Networks &#7903; c&aacute;c v&ugrave;ng kh&aacute;c, thay v&igrave; v&#7883; tr&iacute; k&#7871;t n&#7889;i, cho m&#7897;t b&#7843;ng BGP m&#7897;t ph&#7847;n.\" title=\"\"><a href=\"https:\/\/www.iptp.us\/vi\/internet-access\/remote-ix-transit\/\" target=\"_blank\" rel=\"noopener\">Remote IX Transit<\/a><\/li>\n<li data-bs-toggle=\"tooltip\" data-bs-title=\"S&#7855;p ra m&#7855;t!\" title=\"\"><a href=\"https:\/\/www.iptp.us\/vi\/internet-access\/\" target=\"_blank\" rel=\"noopener\">Remote IP Transit<\/a><\/li>\n<li data-bs-toggle=\"tooltip\" data-bs-custom-class=\"custom-tooltip\" data-bs-title=\"Gi&#7843;i ph&aacute;p th&ocirc;ng minh chuy&ecirc;n x&oacute;a &#273;&#7897; tr&#7877; &#273;&#7875; c&oacute; tr&#7843;i nghi&#7879;m H&#7897;i ngh&#7883; truy&#7873;n h&igrave;nh, Ph&aacute;t tr&#7921;c ti&#7871;p, Ph&aacute;t s&oacute;ng 4K v&agrave; Giao d&#7883;ch FOREX m&#432;&#7907;t m&agrave; nh&#7845;t.\" title=\"\"><a href=\"https:\/\/www.iptp.us\/vi\/business-solutions\/office-solutions\/lagblaster\/\" target=\"_blank\" rel=\"noopener\">LagBlaster (B2C)<\/a><\/li>\n<\/ul><\/div>\n<div class=\"products-item-content2\">\n<ul>\n<li data-bs-toggle=\"tooltip\" data-bs-custom-class=\"custom-tooltip\" data-bs-title=\"\" title=\"\"><a href=\"https:\/\/www.iptp.us\/vi\/business-solutions\/integration-services\/sd-wan-enabler\/\" target=\"_blank\" rel=\"noopener\">SDWAN\/CDN Enabler<\/a><\/li>\n<li data-bs-toggle=\"tooltip\" data-bs-title=\"\" title=\"\"><a href=\"https:\/\/www.iptp.us\/vi\/network\/connectivity-services\/\" target=\"_blank\" rel=\"noopener\">Cloud Enabler<\/a><\/li>\n<li data-bs-toggle=\"tooltip\" data-bs-custom-class=\"custom-tooltip\" data-bs-title=\"Remote Desktop gi&uacute;p c&ocirc;ng ty c&#7911;a b&#7841;n tri&#7875;n khai m&ocirc;i tr&#432;&#7901;ng &#273;&#432;&#7907;c l&#432;u tr&#7919; tr&ecirc;n c&#417; s&#7903; h&#7841; t&#7847;ng b&#7843;o m&#7853;t chuy&ecirc;n d&#7909;ng m&agrave; b&#7841;n c&oacute; th&#7875; s&#7917; d&#7909;ng tr&ecirc;n b&#7845;t k&#7923; thi&#7871;t b&#7883; n&agrave;o c&#7911;a m&igrave;nh.\" title=\"\"><a href=\"https:\/\/www.iptp.us\/vi\/business-solutions\/office-solutions\/remote-office\/\" target=\"_blank\" rel=\"noopener\">Remote Office<\/a><\/li>\n<li data-bs-toggle=\"tooltip\" data-bs-custom-class=\"custom-tooltip\" data-bs-title=\"IPTP XRM(ERP+CRM) l&agrave; gi&#7843;i ph&aacute;p qu&#7843;n l&yacute; doanh nghi&#7879;p &#273;&aacute;m m&acirc;y tr&#7885;n g&oacute;i gi&uacute;p c&aacute;c c&ocirc;ng ty ho&#7841;t &#273;&#7897;ng hi&#7879;u qu&#7843; h&#417;n b&#7857;ng c&aacute;ch t&#7921; &#273;&#7897;ng h&oacute;a c&aacute;c ho&#7841;t &#273;&#7897;ng kinh doanh ch&iacute;nh v&agrave; cung c&#7845;p c&aacute;i nh&igrave;n to&agrave;n di&#7879;n theo th&#7901;i gian th&#7921;c v&#7873; hi&#7879;u su&#7845;t ho&#7841;t &#273;&#7897;ng v&agrave; t&agrave;i ch&iacute;nh.\" title=\"\"><a href=\"https:\/\/www.iptp.us\/vi\/xrm\/\" target=\"_blank\" rel=\"noopener\">ERP\/ XM<\/a><\/li>\n<\/ul><\/div>\n<div class=\"products-item-content3\">\n<ul style=\"font-size: 12px;\">\n<li data-bs-toggle=\"tooltip\" data-bs-title=\"Comming soon!                                                                                       \" title=\"\"><a href=\"https:\/\/www.iptp.us\/vi\/internet-access\/\" target=\"_blank\" rel=\"noopener\">Truy c&#7853;p Internet tr&#7921;c ti&#7871;p OOB<\/a><\/li>\n<li data-bs-toggle=\"tooltip\" data-bs-custom-class=\"custom-tooltip\" data-bs-title=\"T&#7889;c &#273;&#7897; c&#7909;c b&#7897;, ph&#7841;m vi to&agrave;n c&#7847;u: Gi&#7843;i ph&aacute;p l&#432;u tr&#7919; chuy&ecirc;n d&#7909;ng t&#7841;i c&aacute;c trung t&acirc;m d&#7919; li&#7879;u h&agrave;ng &#273;&#7847;u.\" title=\"\"><a href=\"https:\/\/www.iptp.us\/vi\/network\/datacenter-services\/dedicated-hosting\/\" target=\"_blank\" rel=\"noopener\">L&#432;u tr&#7919; chuy&ecirc;n d&#7909;ng<\/a><\/li>\n<\/ul><\/div>\n<div class=\"products-item-content4\">\n<ul>\n<li data-bs-toggle=\"tooltip\" data-bs-custom-class=\"custom-tooltip\" data-bs-title=\"JumboIX cung c&#7845;p d&#7883;ch v&#7909; trao &#273;&#7893;i Internet c&ocirc;ng c&#7897;ng to&agrave;n c&#7847;u v&#7899;i c&#7845;u tr&uacute;c m&#7841;ng lai L2\/L3 c&oacute; kh&#7843; n&#259;ng khung jumbo (t&#7889;i &#273;a 9000 byte MTU).\" title=\"\"><a href=\"https:\/\/www.iptp.us\/vi\/jumbo-internet-exchange\/\" target=\"_blank\" rel=\"noopener\">JumboIX<\/a><\/li>\n<li data-bs-toggle=\"tooltip\" data-bs-title=\"Comming soon!                                                                                       \" title=\"\" style=\"font-size:12px;\"><a href=\"https:\/\/www.iptp.us\/vi\/network\/connectivity-services\/\" target=\"_blank\" rel=\"noopener\">K&#7871;t n&#7889;i li&ecirc;n trung t&acirc;m d&#7919; li&#7879;u<\/a><\/li>\n<li data-bs-toggle=\"tooltip\" data-bs-custom-class=\"custom-tooltip\" data-bs-title=\"K&#7871;t n&#7889;i tr&#7921;c ti&#7871;p v&#7899;i nh&agrave; cung c&#7845;p d&#7883;ch v&#7909; &#273;&aacute;m m&acirc;y gi&uacute;p b&#7841;n c&#7843;i thi&#7879;n m&#7913;c &#273;&#7897; b&#7843;o m&#7853;t v&agrave; gi&#7843;m thi&#7875;u c&aacute;c m&#7889;i &#273;e d&#7885;a khi s&#7917; d&#7909;ng Internet c&ocirc;ng c&#7897;ng, &#273;&#7891;ng th&#7901;i gi&uacute;p b&#7841;n ki&#7875;m so&aacute;t t&#7889;t h&#417;n c&aacute;c k&#7871;t n&#7889;i c&#7911;a m&igrave;nh v&#7899;i c&aacute;c t&ugrave;y ch&#7885;n b&#259;ng th&ocirc;ng linh ho&#7841;t.\" title=\"\"><a href=\"https:\/\/www.iptp.us\/vi\/direct-connection-to-cloud-providers\/\" target=\"_blank\" rel=\"noopener\">K&#7871;t n&#7889;i &#273;&aacute;m m&acirc;y<\/a><\/li>\n<li data-bs-toggle=\"tooltip\" data-bs-custom-class=\"custom-tooltip\" data-bs-title=\"\" title=\"\"><a href=\"https:\/\/www.iptp.us\/vi\/private-cloud\/\" target=\"_blank\" rel=\"noopener\">L&#7919;u tr&#7919; &#272;&aacute;m m&acirc;y ri&ecirc;ng<\/a><\/li>\n<li data-bs-toggle=\"tooltip\" data-bs-title=\"Comming soon!                                                                                            \" title=\"\"><a href=\"https:\/\/www.iptp.us\/vi\/network\/connectivity-services\/\" target=\"_blank\" rel=\"noopener\">Metro Connect<\/a><\/li>\n<\/ul><\/div>\n<div id=\"product1\" class=\"products-item targetDiv\">\n<div class=\"--heading\">\n<div>\n                <img decoding=\"async\" src=\"data:image\/gif;base64,R0lGODlhAQABAIAAAAAAAP\/\/\/ywAAAAAAQABAAACAUwAOw==\" width=\"50\" alt=\"bestpath2\" data-src=\"\/wp-content\/uploads\/bestpath2.svg\" class=\"lazy\">\n              <\/div>\n<h4 class=\"--title\"><a href=\"https:\/\/www.iptp.us\/vi\/internet-access\/\" class=\"text-white\" target=\"_blank\" rel=\"noopener\">INTERNET<\/a><\/h4>\n<\/div>\n<div class=\"--content1 fs-5\">\n              <strong>Qu&#7889;c n&#7897;i<\/strong><br>\n              <strong>Qu&#7889;c t&#7871;<\/strong>\n            <\/div>\n<div class=\"--content2\">\n<ul>\n<li data-bs-toggle=\"tooltip\" data-bs-custom-class=\"custom-tooltip\" data-bs-title=\"B&#7843;ng internet BGP b&#259;ng th&ocirc;ng r&#7897;ng c&oacute; kh&#7843; n&#259;ng ph&#7909;c h&#7891;i cao d&agrave;nh cho c&aacute;c ISP, ASP, CP, nh&agrave; khai th&aacute;c vi&#7877;n th&ocirc;ng v&agrave; trung t&acirc;m d&#7919; li&#7879;u c&#361;ng nh&#432; c&aacute;c doanh nghi&#7879;p.\" title=\"\"><a href=\"https:\/\/www.iptp.us\/vi\/internet-access\/ip-transit\/\" target=\"_blank\" rel=\"noopener\">IP Transit (IPT)<\/a><\/li>\n<li data-bs-toggle=\"tooltip\" data-bs-custom-class=\"custom-tooltip\" data-bs-title=\"Truy c&#7853;p Internet tr&#7921;c ti&#7871;p (DIA) ho&#7863;c &#273;&#432;&#7901;ng truy&#7873;n thu&ecirc; ri&ecirc;ng Internet l&agrave; k&#7871;t n&#7889;i Internet v&#7899;i IP t&#297;nh. DIA cung c&#7845;p k&#7871;t n&#7889;i trong n&#432;&#7899;c v&agrave; qu&#7889;c t&#7871; &ndash; L&#7921;a ch&#7885;n l&yacute; t&#432;&#7903;ng cho b&#7845;t k&#7923; doanh nghi&#7879;p n&agrave;o mu&#7889;n c&oacute; s&#7921; hi&#7879;n di&#7879;n tr&#7921;c tuy&#7871;n ho&#7863;c truy c&#7853;p Internet.\" title=\"\"><a href=\"https:\/\/www.iptp.us\/vi\/internet-access\/direct-internet-access\/\" target=\"_blank\" rel=\"noopener\">Truy c&#7853;p Internet tr&#7921;c ti&#7871;p (DIA)<\/a><\/li>\n<li data-bs-toggle=\"tooltip\" data-bs-custom-class=\"custom-tooltip\" data-bs-title=\"D&#7883;ch v&#7909; cho ph&eacute;p k&#7871;t n&#7889;i v&#7899;i c&aacute;c th&agrave;nh vi&ecirc;n c&#7911;a Internet Exchanges th&ocirc;ng qua m&#7841;ng l&#432;&#7899;i c&#7911;a ch&uacute;ng t&ocirc;i v&agrave; &#273;&#432;&#7907;c h&#432;&#7903;ng l&#7907;i v&#7873; chi ph&iacute;, &#273;&#7897; tr&#7877; v&agrave; b&#259;ng th&ocirc;ng.\" title=\"\"><a href=\"https:\/\/www.iptp.us\/vi\/internet-access\/ix-transit\/\" target=\"_blank\" rel=\"noopener\">IX Transit (IXT)<\/a><\/li>\n<li data-bs-toggle=\"tooltip\" data-bs-title=\"Internet Exchange (IX) l&agrave; m&#7897;t trung t&acirc;m k&#7871;t n&#7889;i n&#417;i c&aacute;c m&#7841;ng k&#7871;t h&#7907;p l&#7841;i v&#7899;i nhau &#273;&#7875; trao &#273;&#7893;i l&#432;u l&#432;&#7907;ng. IX c&#7843;i thi&#7879;n hi&#7879;u su&#7845;t m&#7841;ng, gi&#7843;m &#273;&#7897; tr&#7877; v&agrave; gi&uacute;p &#273;&#7843;m b&#7843;o k&#7871;t n&#7889;i c&oacute; th&#7875; m&#7903; r&#7897;ng. IX s&#7917; d&#7909;ng c&aacute;c b&#7897; chuy&#7875;n m&#7841;ch Ethernet, gi&#7889;ng nh&#432; c&aacute;c b&#7897; chuy&#7875;n m&#7841;ch Ethernet k&#7871;t n&#7889;i m&aacute;y t&iacute;nh trong m&#7841;ng v&#259;n ph&ograve;ng.\" title=\"\"><a href=\"https:\/\/www.iptp.us\/vi\/internet-access\/\" target=\"_blank\" rel=\"noopener\">Trao &#273;&#7893;i Internet (IX)<\/a><\/li>\n<li data-bs-toggle=\"tooltip\" data-bs-title=\"&#272;&#7883;a ch&#7881; Giao th&#7913;c Internet (IP) l&agrave; s&#7889; nh&#7853;n d&#7841;ng duy nh&#7845;t &#273;&#432;&#7907;c g&aacute;n cho m&#7885;i thi&#7871;t b&#7883; &#273;&#432;&#7907;c k&#7871;t n&#7889;i v&#7899;i internet. &#272;&#7883;nh ngh&#297;a &#273;&#7883;a ch&#7881; IP l&agrave; nh&atilde;n s&#7889; &#273;&#432;&#7907;c g&aacute;n cho c&aacute;c thi&#7871;t b&#7883; s&#7917; d&#7909;ng internet &#273;&#7875; giao ti&#7871;p.\" title=\"\"><a href=\"https:\/\/www.iptp.us\/vi\/internet-access\/\" target=\"_blank\" rel=\"noopener\">IP Address IPv4\/ IPv6<\/a><\/li>\n<li data-bs-toggle=\"tooltip\" data-bs-title=\"Comming soon!                                                                                            \" title=\"\"><a href=\"https:\/\/www.iptp.us\/vi\/business-solutions\/managed-services\/dmms\/\" target=\"_blank\" rel=\"noopener\">Gi&#7843;m ph&acirc;n t&aacute;n<br> v&agrave; ch&#7889;ng DDoS<\/a><\/li>\n<li data-bs-toggle=\"tooltip\" title=\"\"><a href=\"https:\/\/www.iptp.us\/vi\/business-solutions\/managed-services\/ip-telephony\/\" target=\"_blank\" rel=\"noopener\">VoIP<\/a><\/li>\n<\/ul><\/div>\n<\/div>\n<div id=\"product2\" class=\"products-item targetDiv\">\n<div class=\"--heading\">\n<div>\n                <img decoding=\"async\" src=\"data:image\/gif;base64,R0lGODlhAQABAIAAAAAAAP\/\/\/ywAAAAAAQABAAACAUwAOw==\" width=\"50\" alt=\"connectivity\" data-src=\"\/wp-content\/uploads\/connectivity-icon-w.svg\" class=\"lazy\">\n              <\/div>\n<h4 class=\"--title\"><a href=\"https:\/\/www.iptp.us\/vi\/network\/connectivity-services\/\" class=\"text-white\" target=\"_blank\" rel=\"noopener\">K&#7870;T N&#7888;I<\/a><\/h4>\n<\/div>\n<div class=\"--content1 fs-6\">\n              <strong>C&oacute; d&#7921; ph&ograve;ng<\/strong><br>\n              <strong>Kh&ocirc;ng c&oacute; d&#7921; ph&ograve;ng<\/strong>\n            <\/div>\n<div class=\"--pr-content\">\n<div class=\"--content2\">\n<ul>\n<li data-bs-toggle=\"tooltip\" data-bs-custom-class=\"custom-tooltip\" data-bs-title=\"Th&ocirc;ng qua d&#7883;ch v&#7909; Managed MPLS, ch&uacute;ng t&ocirc;i cung c&#7845;p cho b&#7841;n m&#7841;ng IP ri&ecirc;ng &#273;&#432;&#7907;c t&#259;ng c&#432;&#7901;ng k&#7871;t n&#7889;i an to&agrave;n ch&#7845;t l&#432;&#7907;ng cao. D&#7883;ch v&#7909; n&agrave;y cung c&#7845;p c&aacute;c m&#7913;c &#273;&#7897; &#273;&#7897; tr&#7877;, &#273;&#7897; tr&#7877; v&agrave; m&#7845;t g&oacute;i tin ph&ugrave; h&#7907;p &#273;&#7875; &#273;&#7843;m b&#7843;o x&#7917; l&yacute; th&agrave;nh c&ocirc;ng, &#273;&#7891;ng th&#7901;i nhi&#7873;u lo&#7841;i l&#432;u l&#432;&#7907;ng, &#273;&#7863;c bi&#7879;t l&agrave; tho&#7841;i v&agrave; video.\" title=\"\"><a href=\"https:\/\/www.iptp.us\/vi\/blog\/what-is-mpls-multiprotocol-label-switching\/\" target=\"_blank\" rel=\"noopener\">MPLS<\/a><\/li>\n<li data-bs-toggle=\"tooltip\" data-bs-custom-class=\"custom-tooltip\" data-bs-title=\"&#272;&#432;&#7901;ng truy&#7873;n ri&ecirc;ng Ethernet, c&ograve;n &#273;&#432;&#7907;c g&#7885;i l&agrave; EPL ho&#7863;c E-line, l&agrave; k&#7871;t n&#7889;i &#273;i&#7875;m t&#7899;i &#273;i&#7875;m (P2P) ri&ecirc;ng t&#432; gi&#7919;a hai ho&#7863;c nhi&#7873;u &#273;&#7883;a &#273;i&#7875;m.\" title=\"\"><a href=\"https:\/\/www.iptp.us\/vi\/blog\/what-is-epl\/\" target=\"_blank\" rel=\"noopener\">EPL\/ IEPL<\/a><\/li>\n<li data-bs-toggle=\"tooltip\" data-bs-custom-class=\"custom-tooltip\" data-bs-title=\"M&#7897;t k&#7871;t n&#7889;i &#273;&aacute;ng tin c&#7853;y v&agrave; ch&#7845;t l&#432;&#7907;ng cao l&agrave; &#273;i&#7873;u c&#7847;n thi&#7871;t cho b&#7845;t k&#7923; c&ocirc;ng ty n&agrave;o c&oacute; m&#7909;c ti&ecirc;u to&agrave;n c&#7847;u. C&aacute;c c&ocirc;ng ty qu&#7889;c t&#7871; c&#7847;n m&#7897;t k&#7871;t n&#7889;i chuy&ecirc;n d&#7909;ng &#273;&#7875; k&#7871;t n&#7889;i t&#7845;t c&#7843; c&aacute;c v&#259;n ph&ograve;ng khu v&#7921;c, trung t&acirc;m d&#7919; li&#7879;u v&agrave; m&aacute;y ch&#7911; &#273;&aacute;m m&acirc;y c&#7911;a h&#7885;.\" title=\"\"><a href=\"https:\/\/www.iptp.us\/vi\/blog\/what-is-iplc\/\" target=\"_blank\" rel=\"noopener\">IPLC<\/a><\/li>\n<li data-bs-toggle=\"tooltip\" data-bs-title=\"Comming soon!                                                                                            \" title=\"\"><a href=\"https:\/\/www.iptp.us\/vi\/network\/connectivity-services\/\" target=\"_blank\" rel=\"noopener\">K&ecirc;nh thu&ecirc; ri&ecirc;ng<\/a><\/li>\n<\/ul><\/div>\n<div class=\"--content3\">\n<ul>\n<li data-bs-toggle=\"tooltip\" data-bs-title=\"Comming soon!                                                                                            \" title=\"\"><a href=\"https:\/\/www.iptp.us\/vi\/network\/connectivity-services\/\" target=\"_blank\" rel=\"noopener\">xWDM<\/a><\/li>\n<li data-bs-toggle=\"tooltip\" data-bs-title=\"Comming soon!                                                                                            \" title=\"\"><a href=\"https:\/\/www.iptp.us\/vi\/network\/connectivity-services\/\" target=\"_blank\" rel=\"noopener\">Dark Fiber (DF)<\/a><\/li>\n<li data-bs-toggle=\"tooltip\" data-bs-title=\"Comming soon!                                                                                            \" title=\"\" style=\"font-size:11px;\"><a href=\"https:\/\/www.iptp.us\/vi\/network\/connectivity-services\/\" target=\"_blank\" rel=\"noopener\">C&aacute;c d&#7883;ch v&#7909; truy&#7873;n d&#7851;n l&#7899;p 2 kh&aacute;c<\/a><\/li>\n<li data-bs-toggle=\"tooltip\" data-bs-title=\"Comming soon!                                                                                            \" title=\"\"><a href=\"https:\/\/www.iptp.us\/vi\/network\/connectivity-services\/\" target=\"_blank\" rel=\"noopener\">S&oacute;ng quang<\/a><\/li>\n<li data-bs-toggle=\"tooltip\" data-bs-title=\"\" title=\"Low Latency Routes\" style=\"font-size:11px;\"><a href=\"https:\/\/www.iptp.us\/vi\/internet-access\/low-latency-routes\/\" target=\"_blank\" rel=\"noopener\">Tuy&#7871;n &#273;&#432;&#7901;ng &#273;&#7897; tr&#7877; th&#7845;p<\/a><\/li>\n<\/ul><\/div>\n<\/div>\n<\/div>\n<div id=\"product3\" class=\"products-item targetDiv\">\n<div class=\"--heading\">\n<div>\n                <img decoding=\"async\" src=\"data:image\/gif;base64,R0lGODlhAQABAIAAAAAAAP\/\/\/ywAAAAAAQABAAACAUwAOw==\" width=\"50\" alt=\"data-center\" data-src=\"\/wp-content\/uploads\/data-center-icon.svg\" class=\"lazy\">\n              <\/div>\n<h4 class=\"--title\"><a href=\"https:\/\/www.iptp.us\/vi\/network\/datacenter-services\/\" class=\"text-white\" target=\"_blank\" rel=\"noopener\">TRUNG T&Acirc;M D&#7918; LI&#7878;U<\/a><\/h4>\n<\/div>\n<div class=\"--content4\">\n<ul>\n<li data-bs-toggle=\"tooltip\" data-bs-custom-class=\"custom-tooltip\" data-bs-title=\"Our colocation hosting in top-tier data centers offers the perfect blend of high-speed connectivity and low latency, ideal for businesses seeking advanced IT performance.                                                                                                  \" title=\"\"><a href=\"https:\/\/www.iptp.us\/vi\/network\/datacenter-services\/colocation\/\" target=\"_blank\" rel=\"noopener\">Cho thu&ecirc; v&#7883; tr&iacute; &#273;&#7863;t m&aacute;y ch&#7911;<\/a><\/li>\n<li data-bs-toggle=\"tooltip\" data-bs-title=\"\" title=\"\"><a href=\"https:\/\/www.iptp.us\/vi\/network\/datacenter-services\/\" target=\"_blank\" rel=\"noopener\">AI, GPU v&agrave; l&agrave;m m&aacute;t ch&#7845;t l&#7887;ng<\/a><\/li>\n<li data-bs-toggle=\"tooltip\" data-bs-custom-class=\"custom-tooltip\" data-bs-title=\"\" title=\"\"><a href=\"https:\/\/www.iptp.us\/vi\/global-logistics\/ior-eor\/\" target=\"_blank\" rel=\"noopener\">Logistic\/Xu&#7845;t nh&#7853;p kh&#7849;u<\/a><\/li>\n<li data-bs-toggle=\"tooltip\" data-bs-custom-class=\"custom-tooltip\" data-bs-title=\"\" title=\"\"><a href=\"https:\/\/www.iptp.us\/vi\/network\/datacenter-services\/remote-hands\/\" target=\"_blank\" rel=\"noopener\">H&#7895; tr&#7907; k&#7929; thu&#7853;t t&#7915; xa<\/a><\/li>\n<li data-bs-toggle=\"tooltip\" data-bs-title=\"\" title=\"\"><a href=\"https:\/\/www.iptp.us\/vi\/network\/datacenter-services\/\" target=\"_blank\" rel=\"noopener\">K&#7871;t n&#7889;i ch&eacute;o (Xconn)<\/a><\/li>\n<li data-bs-toggle=\"tooltip\" data-bs-custom-class=\"custom-tooltip\" data-bs-title=\"\" title=\"\"><a href=\"https:\/\/www.iptp.us\/vi\/internet-access\/virtual-pop\/\" target=\"_blank\" rel=\"noopener\">VPoP\/PoP<\/a><\/li>\n<\/ul><\/div>\n<\/div>\n<\/div>\n<div class=\"products-tabs\">\n          <a href=\"#productsheader\" class=\"products-tabs-item showDivButton lift\" data-target=\"product1\">INTERNET<\/a><br>\n          <a href=\"#productsheader\" class=\"products-tabs-item showDivButton lift\" data-target=\"product2\">K&#7870;T N&#7888;I<\/a><br>\n          <a href=\"#productsheader\" class=\"products-tabs-item showDivButton lift\" data-target=\"product3\">TRUNG T&Acirc;M D&#7918; LI&#7878;U<\/a>\n        <\/div>\n<\/div>\n<\/div>\n<div class=\"d-block d-xl-none text-center\">\n<div class=\"text-center mb-4\">\n        <img decoding=\"async\" src=\"data:image\/gif;base64,R0lGODlhAQABAIAAAAAAAP\/\/\/ywAAAAAAQABAAACAUwAOw==\" alt=\"product-diagram\" data-src=\"\/wp-content\/uploads\/product-diagram-vi-v3.jpg\" class=\"lazy\">\n      <\/div>\n<div class=\"products-mode-view\">Hi&#7875;n th&#7883; t&#7889;t &#7903; ch&#7871; &#273;&#7897; m&agrave;n h&igrave;nh l&#7899;n(Desktop)<\/div>\n<\/div>\n<\/div><p><!--[PRODUCTS_AND_SERVICES_ECOSYSTEM hide_quote=\"yes\"]--><br>\n<\/p><div class=\"section section-banner\">\r\n    <div class=\"inner text-center\">\r\n            <div class=\"subtitle\"><span>Y&ecirc;u c&#7847;u b&aacute;o gi&aacute;<\/span><\/div>\r\n                <h2>S&#7861;n s&agrave;ng &#273;&#7875; b&#7855;t &#273;&#7847;u ch&#432;a?<\/h2>\r\n                    <p class=\"pt-3 mb-0\">\r\n            <!-- <a href=\"https:\/\/www.iptp.us\/vi\/request-a-quote\/?post=31423\" class=\"btn-primary-rounded-pill d-inline-block\">Y&ecirc;u c&#7847;u b&aacute;o gi&aacute;<\/a> -->\r\n            <a href=\"#\" class=\"btn-primary-rounded-pill d-inline-block js_btn_request_form_all\">Y&ecirc;u c&#7847;u b&aacute;o gi&aacute;<\/a>\r\n        <\/p>\r\n        <\/div>\r\n<\/div><br><script>document.addEventListener(\"click\",function(e){if(e.target.classList.contains(\"showDivButton\")){let t=e.target.getAttribute(\"data-target\"),s=document.getElementById(t),c=document.querySelector(\".products-row\"),i=document.querySelectorAll(\".products-item\");c.classList.add(\"is-active\"),s.classList.add(\"is-active\"),c.querySelectorAll(\"button\").forEach(e=>{e.remove()});let a=document.createElement(\"button\");a.classList.add(\"btn-close\"),s.appendChild(a),a.addEventListener(\"click\",function(){s.classList.remove(\"is-active\"),c.classList.remove(\"is-active\"),i.forEach(e=>{e.classList.remove(\"d-none\"),this.remove()})}),i.forEach(e=>{e.id!==t?(e.classList.remove(\"is-active\"),e.classList.add(\"d-none\")):e.classList.remove(\"d-none\")}),document.querySelectorAll(\".btn-close\")}});<\/script><style>.products-item-content3{top: 435px;}.products-item:nth-child(7) .--content4{top: 235px;}<\/style>\n","protected":false},"excerpt":{"rendered":"\n<p>      KH\u00c1M PH\u00c1 C\u00c1C GI\u1ea2I PH\u00c1P M\u1ea0NG IPTP<br \/>\n       Ch\u00fan&#8230;<\/p>\n","protected":false},"author":14,"featured_media":0,"parent":0,"menu_order":0,"comment_status":"closed","ping_status":"closed","template":"template-inner-page.php","meta":[],"acf":[],"aioseo_notices":[],"_links":{"self":[{"href":"https:\/\/www.iptp.us\/vi\/wp-json\/wp\/v2\/pages\/31423"}],"collection":[{"href":"https:\/\/www.iptp.us\/vi\/wp-json\/wp\/v2\/pages"}],"about":[{"href":"https:\/\/www.iptp.us\/vi\/wp-json\/wp\/v2\/types\/page"}],"author":[{"embeddable":true,"href":"https:\/\/www.iptp.us\/vi\/wp-json\/wp\/v2\/users\/14"}],"replies":[{"embeddable":true,"href":"https:\/\/www.iptp.us\/vi\/wp-json\/wp\/v2\/comments?post=31423"}],"version-history":[{"count":293,"href":"https:\/\/www.iptp.us\/vi\/wp-json\/wp\/v2\/pages\/31423\/revisions"}],"predecessor-version":[{"id":38848,"href":"https:\/\/www.iptp.us\/vi\/wp-json\/wp\/v2\/pages\/31423\/revisions\/38848"}],"wp:attachment":[{"href":"https:\/\/www.iptp.us\/vi\/wp-json\/wp\/v2\/media?parent=31423"}],"curies":[{"name":"wp","href":"https:\/\/api.w.org\/{rel}","templated":true}]}}