{"id":299,"date":"2016-10-07T17:57:54","date_gmt":"2016-10-07T14:57:54","guid":{"rendered":"https:\/\/web-mng.iptp.com\/?page_id=299"},"modified":"2026-01-13T06:09:26","modified_gmt":"2026-01-13T03:09:26","slug":"file-repository","status":"publish","type":"page","link":"https:\/\/www.iptp.us\/vi\/help\/file-repository\/","title":{"rendered":"File th\u01b0 m\u1ee5c"},"content":{"rendered":"<h5>C&agrave;i &#273;&#7863;t file th&#432; m&#7909;c (WebDAVS SVN)<\/h5><p>C&oacute; nhi&#7873;u c&aacute;ch &#273;&#7875; &#273;&#7841;t &#273;&#432;&#7907;c truy c&#7853;p t&#7899;i kho d&#7919; li&#7879;u c&#7911;a b&#7841;n:<\/p><h6>1) T&#7915; b&#7845;t k&#7923; h&#7879; &#273;i&#7873;u h&agrave;nh n&agrave;o v&#7899;i SVN client<\/h6><p>Thi&#7871;t l&#7853;p Subversion tr&ecirc;n m&aacute;y t&iacute;nh c&#7911;a b&#7841;n, v&agrave; b&#7841;n c&oacute; th&#7875; l&agrave;m b&#7845;t k&#7923; ho&#7841;t &#273;&#7897;ng b&#7857;ng c&aacute;ch s&#7917; d&#7909;ng giao di&#7879;n d&ograve;ng l&#7879;nh.<br>\nV&iacute; d&#7909;:<br>\nNh&#7853;p file t&#7899;i th&#432; m&#7909;c l&#432;u tr&#7919;:<br>\nnh&#7853;p svn {&#273;&#432;&#7901;ng d&#7851;n t&#7899;i th&#432; m&#7909;c &#273;&#7875; nh&#7853;p v&agrave;o} https:\/\/webshare.iptp.net\/svn\/{ t&ecirc;n th&#432; m&#7909;c c&#7911;a b&#7841;n}<br>\nT&#7841;o b&#7843;n sao cho th&#432; m&#7909;c l&#432;u tr&#7919;:<\/p><p><code>check svn https:\/\/webshare.iptp.net\/svn\/{t&ecirc;n th&#432; m&#7909;c l&#432;u tr&#7919; c&#7911;a b&#7841;n}<\/code><\/p><p>&#272;&#7875; cam k&#7871;t thay &#273;&#7893;i v&agrave;o th&#432; m&#7909;c l&#432;u tr&#7919; , cung c&#7845;p cho b&#7841;n quy&#7873;n user root :<\/p><p><code>svn commit -m \"{nh&#7853;p v&agrave;o nh&#7919;ng thay &#273;&#7893;i}\"<\/code><\/p><h6>2) T&#7915; Microsoft Windows v&#7899;i m&#7897;t th&#432; m&#7909;c Web<\/h6><p>M&#7903; Network Neighborhood Folder v&agrave; t&#7841;o m&#7897;t WebFolder m&#7899;i v&#7899;i &#273;&#432;&#7901;ng d&#7851;n:<br>\nhttps:\/\/webshare.iptp.net\/svn\/{t&ecirc;n th&#432; m&#7909;c l&#432;u tr&#7919; c&#7911;a b&#7841;n}<\/p><h6>3)&nbsp;T&#7915; Linux\/Unix trong m&agrave;n h&igrave;nh Gnome v&#7899;i Nautilus<\/h6><p>M&#7903; Nautilus v&agrave; trong &ldquo;Menu&rdquo; ch&#7885;n Fail option Connect Server. Trong c&#7917;a s&#7893; m&#7899;i, l&#7921;a ch&#7885;n Service Type Secure WebDAV (HTTPS) v&agrave; v&#7899;i m&aacute;y ch&#7911; webshare.iptp.net, nh&#7853;p trong tr&#432;&#7901;ng &ldquo;Th&#432; m&#7909;c&rdquo; \/svn\/{t&ecirc;n th&#432; m&#7909;c l&#432;u tr&#7919; c&#7911;a b&#7841;n}, v&agrave; tr&#432;&#7901;ng &ldquo;User&rdquo; t&ecirc;n &#273;&#259;ng nh&#7853;p c&#7911;a b&#7841;n.<\/p><h6>4) Truy c&#7853;p ch&#7881; &#273;&#7885;c t&#7915; b&#7845;t k&#7923; m&aacute;y t&iacute;nh c&oacute; tr&igrave;nh duy&#7879;t<\/h6><p>M&#7903; &#273;&#432;&#7901;ng d&#7851;n sau trong tr&igrave;nh duy&#7879;t Internet c&#7911;a b&#7841;n &#273;&#7875; truy c&#7853;p ch&#7881; &#273;&#7885;c c&#7911;a th&#432; m&#7909;c l&#432;u tr&#7919;.<br>\nhttps:\/\/webshare.iptp.net\/svn\/{t&ecirc;n th&#432; m&#7909;c l&#432;u tr&#7919; c&#7911;a b&#7841;n}<\/p><hr>\n","protected":false},"excerpt":{"rendered":"<p> C\u00e0i \u0111\u1eb7t file th\u01b0 m\u1ee5c (WebDAVS SVN)<br \/>\nC\u00f3 nhi\u1ec1u c\u00e1ch \u0111\u1ec3 \u0111\u1ea1t \u0111\u01b0\u1ee3c truy c\u1eadp t\u1edbi kho d\u1eef li\u1ec7u c\u1ee7a b\u1ea1n:<br \/>\n1)  T\u1eeb b\u1ea5t k\u1ef3 h\u1ec7 \u0111i\u1ec1u h\u00e0nh n\u00e0o v\u1edbi SVN client<br \/>\n  Thi\u1ebft l\u1eadp Subversion tr\u00ean m\u00e1y t\u00edn&#8230;<\/p>\n","protected":false},"author":1,"featured_media":0,"parent":293,"menu_order":0,"comment_status":"closed","ping_status":"closed","template":"","meta":[],"acf":[],"aioseo_notices":[],"_links":{"self":[{"href":"https:\/\/www.iptp.us\/vi\/wp-json\/wp\/v2\/pages\/299"}],"collection":[{"href":"https:\/\/www.iptp.us\/vi\/wp-json\/wp\/v2\/pages"}],"about":[{"href":"https:\/\/www.iptp.us\/vi\/wp-json\/wp\/v2\/types\/page"}],"author":[{"embeddable":true,"href":"https:\/\/www.iptp.us\/vi\/wp-json\/wp\/v2\/users\/1"}],"replies":[{"embeddable":true,"href":"https:\/\/www.iptp.us\/vi\/wp-json\/wp\/v2\/comments?post=299"}],"version-history":[{"count":76,"href":"https:\/\/www.iptp.us\/vi\/wp-json\/wp\/v2\/pages\/299\/revisions"}],"predecessor-version":[{"id":35696,"href":"https:\/\/www.iptp.us\/vi\/wp-json\/wp\/v2\/pages\/299\/revisions\/35696"}],"up":[{"embeddable":true,"href":"https:\/\/www.iptp.us\/vi\/wp-json\/wp\/v2\/pages\/293"}],"wp:attachment":[{"href":"https:\/\/www.iptp.us\/vi\/wp-json\/wp\/v2\/media?parent=299"}],"curies":[{"name":"wp","href":"https:\/\/api.w.org\/{rel}","templated":true}]}}