{"id":276,"date":"2019-09-04T10:00:16","date_gmt":"2019-09-04T07:00:16","guid":{"rendered":"https:\/\/web-mng.iptp.com\/?page_id=276"},"modified":"2026-01-12T13:51:14","modified_gmt":"2026-01-12T10:51:14","slug":"iptp-tools","status":"publish","type":"page","link":"https:\/\/www.iptp.us\/vi\/iptp-tools\/","title":{"rendered":"C\u00f4ng c\u1ee5 m\u1ea1ng c\u1ee7a IPTP Networks"},"content":{"rendered":"<div class=\"section\">\n<div class=\"inner\" style=\"padding-bottom: 30px;\">\n<div class=\"subtitle text-center\"><span>Kh&aacute;m Ph&aacute; C&aacute;c C&ocirc;ng C&#7909; C&#7911;a Ch&uacute;ng T&ocirc;i<\/span><\/div>\n<h1 class=\"text-center\">C&ocirc;ng c&#7909; m&#7841;ng c&#7911;a IPTP Networks<\/h1>\n<p class=\"text-center\">\n\t\t\tC&ocirc;ng c&#7909; b&#7893; tr&#7907; c&#7911;a IPTP Networks &#273;&#432;&#7907;c c&#7843;i ti&#7871;n th&#432;&#7901;ng xuy&ecirc;n b&#7903;i &#273;&#7897;i ng&#361; k&#7929;<br>\n\t\t\tthu&#7853;t vi&ecirc;n chuy&ecirc;n nghi&#7879;p &#273;&#7875; cung c&#7845;p th&ocirc;ng s&#7889; ch&iacute;nh x&aacute;c cho Qu&yacute; &#273;&#7889;i t&aacute;c v&agrave; kh&aacute;ch h&agrave;ng\n\t\t<\/p>\n<\/div>\n<p>\t<!--\n\t\n\n<div class=\"row row-cols-2 row-cols-md-3 row-cols-lg-4 g-3 g-lg-4 justify-content-center iptp-tool-list pb-5\">\n\t\t\n\n<div class=\"col\">\n\t\t\t\n\n<div class=\"iptp-tool\">\n\t\t\t\t\n\n<div class=\"iptp-tool--top\">\n\t\t\t\t\t<a href=\"https:\/\/www.iptp.us\/vi\/iptp-tools\/ip-calculator\/\" class=\"detail\">&nbsp;<\/a>\n\t\t\t\t<\/div>\n\n\n\t\t\t\t\n\n<div class=\"iptp-tool--body\">\n\t\t\t\t\t\n\n<div class=\"iptp-tool-title\">M&aacute;y t&iacute;nh m&#7841;ng con IP<\/div>\n\n\n\t\t\t\t\t\n\n<div class=\"iptp-tool-desc\">M&#7897;t c&ocirc;ng c&#7909; l&#7845;y &#273;&#7883;a ch&#7881; IP v&agrave; m&#7863;t n&#7841; m&#7841;ng r&#7891;i t&iacute;nh to&aacute;n k&#7871;t qu&#7843; ph&aacute;t s&oacute;ng, m&#7841;ng, m&#7863;t n&#7841; k&yacute; t&#7921; &#273;&#7841;i di&#7879;n v&agrave; ph&#7841;m vi m&aacute;y ch&#7911;<\/div>\n\n\n\t\t\t\t<\/div>\n\n\n\t\t\t\t\n\n<div class=\"iptp-tool--bottom\">\n\t\t\t\t\t<a href=\"https:\/\/www.iptp.us\/vi\/iptp-tools\/ip-calculator\/\" class=\"underline --gray\">Calculate<\/a>\n\t\t\t\t<\/div>\n\n\n\t\t\t<\/div>\n\n\n\t\t<\/div>\n\n\n\t\t\n\n<div class=\"col\">\n\t\t\t\n\n<div class=\"iptp-tool\">\n\t\t\t\t\n\n<div class=\"iptp-tool--top\">\n\t\t\t\t\t<a href=\"https:\/\/www.iptp.us\/vi\/iptp-tools\/best-path\/\" class=\"detail\">&nbsp;<\/a>\n\t\t\t\t<\/div>\n\n\n\t\t\t\t\n\n<div class=\"iptp-tool--body\">\n\t\t\t\t\t\n\n<div class=\"iptp-tool-title\">Con &#273;&#432;&#7901;ng t&#7889;t nh&#7845;t<\/div>\n\n\n\t\t\t\t\t\n\n<div class=\"iptp-tool-desc\">C&ocirc;ng c&#7909; n&agrave;y s&#7869; hi&#7875;n th&#7883; cho b&#7841;n &#273;&#7897; tr&#7877; v&agrave; &#273;&#432;&#7901;ng d&#7851;n &#273;&#7883;nh tuy&#7871;n t&#7889;t nh&#7845;t gi&#7919;a c&aacute;c &#273;i&#7875;m hi&#7879;n di&#7879;n c&#7911;a ch&uacute;ng t&ocirc;i<\/div>\n\n\n\t\t\t\t<\/div>\n\n\n\t\t\t\t\n\n<div class=\"iptp-tool--bottom\">\n\t\t\t\t\t<a href=\"https:\/\/www.iptp.us\/vi\/iptp-tools\/best-path\/\" class=\"underline --gray\">Calculate<\/a>\n\t\t\t\t<\/div>\n\n\n\t\t\t<\/div>\n\n\n\t\t<\/div>\n\n\n\t\t\n\n<div class=\"col\">\n\t\t\t\n\n<div class=\"iptp-tool\">\n\t\t\t\t\n\n<div class=\"iptp-tool--top\">\n\t\t\t\t\t<a href=\"https:\/\/www.iptp.us\/vi\/iptp-tools\/uptime-calculator\/\" class=\"detail\">&nbsp;<\/a>\n\t\t\t\t<\/div>\n\n\n\t\t\t\t\n\n<div class=\"iptp-tool--body\">\n\t\t\t\t\t\n\n<div class=\"iptp-tool-title\">T&iacute;nh to&aacute;n th&#7901;i gian ho&#7841;t &#273;&#7897;ng<\/div>\n\n\n\t\t\t\t\t\n\n<div class=\"iptp-tool-desc\">Cung c&#7845;p m&#7897;t c&aacute;ch d&#7877; d&agrave;ng &#273;&#7875; t&iacute;nh to&aacute;n m&#7913;c cho ph&eacute;p th&#7901;i gian ng&#7915;ng ho&#7841;t &#273;&#7897;ng tr&ecirc;n t&#7927; l&#7879; ph&#7847;n tr&#259;m th&#7901;i gian ho&#7841;t &#273;&#7897;ng &#273;&#432;&#7907;c cung c&#7845;p<\/div>\n\n\n\t\t\t\t<\/div>\n\n\n\t\t\t\t\n\n<div class=\"iptp-tool--bottom\">\n\t\t\t\t\t<a href=\"https:\/\/www.iptp.us\/vi\/iptp-tools\/uptime-calculator\/\" class=\"underline --gray\">Calculate<\/a>\n\t\t\t\t<\/div>\n\n\n\t\t\t<\/div>\n\n\n\t\t<\/div>\n\n\n\t\t\n\n<div class=\"col\">\n\t\t\t\n\n<div class=\"iptp-tool\">\n\t\t\t\t\n\n<div class=\"iptp-tool--top\">\n\t\t\t\t\t<a href=\"https:\/\/www.iptp.us\/vi\/iptp-tools\/ixp-compare\/\" class=\"detail\">&nbsp;<\/a>\n\t\t\t\t<\/div>\n\n\n\t\t\t\t\n\n<div class=\"iptp-tool--body\">\n\t\t\t\t\t\n\n<div class=\"iptp-tool-title\">So s&aacute;nh IXP<\/div>\n\n\n\t\t\t\t\t\n\n<div class=\"iptp-tool-desc\">T&#7841;o so s&aacute;nh &#273;&#7891; h&#7885;a chi ti&#7871;t gi&#7919;a hai S&agrave;n giao d&#7883;ch Internet<\/div>\n\n\n\t\t\t\t<\/div>\n\n\n\t\t\t\t\n\n<div class=\"iptp-tool--bottom\">\n\t\t\t\t\t<a href=\"https:\/\/www.iptp.us\/vi\/iptp-tools\/ixp-compare\/\" class=\"underline --gray\">Get compared<\/a>\n\t\t\t\t<\/div>\n\n\n\t\t\t<\/div>\n\n\n\t\t<\/div>\n\n\n\t\t\n\n<div class=\"col\">\n\t\t\t\n\n<div class=\"iptp-tool\">\n\t\t\t\t\n\n<div class=\"iptp-tool--top\">\n\t\t\t\t\t<a href=\"https:\/\/www.iptp.us\/vi\/iptp-tools\/lg\/\" class=\"detail\">&nbsp;<\/a>\n\t\t\t\t<\/div>\n\n\n\t\t\t\t\n\n<div class=\"iptp-tool--body\">\n\t\t\t\t\t\n\n<div class=\"iptp-tool-title\">Looking Glass<\/div>\n\n\n\t\t\t\t\t\n\n<div class=\"iptp-tool-desc\">D&#7883;ch v&#7909; truy c&#7853;p th&ocirc;ng tin &#273;&#7883;nh tuy&#7871;n c&#7911;a ch&uacute;ng t&ocirc;i<\/div>\n\n\n\t\t\t\t<\/div>\n\n\n\t\t\t\t\n\n<div class=\"iptp-tool--bottom\">\n\t\t\t\t\t<a href=\"https:\/\/www.iptp.us\/vi\/iptp-tools\/lg\/\" class=\"underline --gray\">Learn more<\/a>\n\t\t\t\t<\/div>\n\n\n\t\t\t<\/div>\n\n\n\t\t<\/div>\n\n\n\t\t\n\n<div class=\"col\">\n\t\t\t\n\n<div class=\"iptp-tool\">\n\t\t\t\t\n\n<div class=\"iptp-tool--top\">\n\t\t\t\t\t<a href=\"https:\/\/www.iptp.us\/vi\/iptp-tools\/bandwidth-test\/\" class=\"detail\">&nbsp;<\/a>\n\t\t\t\t<\/div>\n\n\n\t\t\t\t\n\n<div class=\"iptp-tool--body\">\n\t\t\t\t\t\n\n<div class=\"iptp-tool-title\">Ki&#7875;m tra b&#259;ng th&ocirc;ng<\/div>\n\n\n\t\t\t\t\t\n\n<div class=\"iptp-tool-desc\">T&#7841;i &#273;&acirc;y b&#7841;n c&oacute; th&#7875; t&igrave;m hi&#7875;u v&#7873; b&#259;ng th&ocirc;ng m&#7841;ng c&#7911;a ch&uacute;ng t&ocirc;i<\/div>\n\n\n\t\t\t\t<\/div>\n\n\n\t\t\t\t\n\n<div class=\"iptp-tool--bottom\">\n\t\t\t\t\t<a href=\"https:\/\/www.iptp.us\/vi\/iptp-tools\/bandwidth-test\/\" class=\"underline --gray\">Check out<\/a>\n\t\t\t\t<\/div>\n\n\n\t\t\t<\/div>\n\n\n\t\t<\/div>\n\n\n\t\t\n\n<div class=\"col\">\n\t\t\t\n\n<div class=\"iptp-tool\">\n\t\t\t\t\n\n<div class=\"iptp-tool--top\">\n\t\t\t\t\t<a href=\"https:\/\/www.iptp.us\/vi\/iptp-tools\/weathermap\/\" class=\"detail\">&nbsp;<\/a>\n\t\t\t\t<\/div>\n\n\n\t\t\t\t\n\n<div class=\"iptp-tool--body\">\n\t\t\t\t\t\n\n<div class=\"iptp-tool-title\">Weathermap<\/div>\n\n\n\t\t\t\t\t\n\n<div class=\"iptp-tool-desc\">B&#7843;n &#273;&#7891; tr&#7921;c ti&#7871;p v&#7873; m&#7841;ng c&#7911;a ch&uacute;ng t&ocirc;i<\/div>\n\n\n\t\t\t\t<\/div>\n\n\n\t\t\t\t\n\n<div class=\"iptp-tool--bottom\">\n\t\t\t\t\t<a href=\"https:\/\/www.iptp.us\/vi\/iptp-tools\/weathermap\/\" class=\"underline --gray\">Check<\/a>\n\t\t\t\t<\/div>\n\n\n\t\t\t<\/div>\n\n\n\t\t<\/div>\n\n\n\t<\/div>\n\n\n\t--><\/p>\n<div class=\"row row-cols-2 row-cols-md-3 row-cols-lg-4 g-3 g-lg-4 justify-content-center iptp-tool-list pb-5\">\n<div class=\"col\">\n<div class=\"iptp-tool lift\">\n<div class=\"iptp-tool--body\">\n<div class=\"iptp-tool-title\">M&aacute;y t&iacute;nh m&#7841;ng con IP \n<div class=\"iptp-tool-icon\"><img decoding=\"async\" src=\"data:image\/gif;base64,R0lGODlhAQABAIAAAAAAAP\/\/\/ywAAAAAAQABAAACAUwAOw==\" alt=\"\" data-src=\"\/wp-content\/uploads\/ipcalc.svg\" class=\"lazy\"><\/div>\n<\/div>\n<div class=\"iptp-tool-desc\">\n             M&#7897;t c&ocirc;ng c&#7909; l&#7845;y &#273;&#7883;a ch&#7881; IP v&agrave; m&#7863;t n&#7841; m&#7841;ng r&#7891;i t&iacute;nh to&aacute;n k&#7871;t qu&#7843; ph&aacute;t s&oacute;ng, m&#7841;ng, m&#7863;t n&#7841; k&yacute; t&#7921; &#273;&#7841;i di&#7879;n v&agrave; ph&#7841;m vi m&aacute;y ch&#7911;         <\/div>\n<\/div>\n<div class=\"iptp-tool--bottom\">\n          <a href=\"https:\/\/www.iptp.us\/vi\/iptp-tools\/ip-calculator\/\" class=\"--gray stretched-link\">T&iacute;nh to&aacute;n<\/a>\n        <\/div>\n<\/div>\n<\/div>\n<div class=\"col\">\n<div class=\"iptp-tool lift\">\n        <!-- \n\n<div class=\"iptp-tool--top\">\n          <a href=\"https:\/\/www.iptp.us\/vi\/iptp-tools\/best-path\/\" class=\"detail stretched-link\"> <\/a>\n        <\/div>\n\n -->\n<div class=\"iptp-tool--body\">\n<div class=\"iptp-tool-title\">Con &#273;&#432;&#7901;ng t&#7889;t nh&#7845;t \n<div class=\"iptp-tool-icon\"><img decoding=\"async\" src=\"data:image\/gif;base64,R0lGODlhAQABAIAAAAAAAP\/\/\/ywAAAAAAQABAAACAUwAOw==\" alt=\"Best Path\" data-src=\"\/wp-content\/uploads\/bestpath.svg\" class=\"lazy\"><\/div>\n<\/div>\n<div class=\"iptp-tool-desc\">\n             C&ocirc;ng c&#7909; n&agrave;y s&#7869; hi&#7875;n th&#7883; cho b&#7841;n &#273;&#7897; tr&#7877; v&agrave; &#273;&#432;&#7901;ng d&#7851;n &#273;&#7883;nh tuy&#7871;n t&#7889;t nh&#7845;t gi&#7919;a c&aacute;c &#273;i&#7875;m hi&#7879;n di&#7879;n c&#7911;a ch&uacute;ng t&ocirc;i        <\/div>\n<\/div>\n<div class=\"iptp-tool--bottom\">\n          <a href=\"https:\/\/www.iptp.us\/vi\/iptp-tools\/best-path\/\" class=\"stretched-link --gray\">T&iacute;nh to&aacute;n<\/a>\n        <\/div>\n<\/div>\n<\/div>\n<div class=\"col\">\n<div class=\"iptp-tool lift\">\n<div class=\"iptp-tool--body\">\n<div class=\"iptp-tool-title\">T&iacute;nh to&aacute;n th&#7901;i gian ho&#7841;t &#273;&#7897;ng \n<div class=\"iptp-tool-icon\"><img decoding=\"async\" src=\"data:image\/gif;base64,R0lGODlhAQABAIAAAAAAAP\/\/\/ywAAAAAAQABAAACAUwAOw==\" alt=\"Uptime Calculator\" data-src=\"\/wp-content\/uploads\/uptime.svg\" class=\"lazy\"><\/div>\n<\/div>\n<div class=\"iptp-tool-desc\">\n              Cung c&#7845;p m&#7897;t c&aacute;ch d&#7877; d&agrave;ng &#273;&#7875; t&iacute;nh to&aacute;n tr&#7907; c&#7845;p th&#7901;i gian ng&#7915;ng ho&#7841;t &#273;&#7897;ng theo t&#7927; l&#7879; ph&#7847;n tr&#259;m th&#7901;i gian ho&#7841;t &#273;&#7897;ng &#273;&#432;&#7907;c cung c&#7845;p        <\/div>\n<\/div>\n<div class=\"iptp-tool--bottom\">\n          <a href=\"https:\/\/www.iptp.us\/vi\/iptp-tools\/uptime-calculator\/\" class=\"stretched-link --gray\">T&iacute;nh to&aacute;n<\/a>\n        <\/div>\n<\/div>\n<\/div>\n<div class=\"col\">\n<div class=\"iptp-tool lift\">\n<div class=\"iptp-tool--body\">\n<div class=\"iptp-tool-title\">So s&aacute;nh IXP \n<div class=\"iptp-tool-icon\"><img decoding=\"async\" src=\"data:image\/gif;base64,R0lGODlhAQABAIAAAAAAAP\/\/\/ywAAAAAAQABAAACAUwAOw==\" alt=\"IXP Compare\" data-src=\"\/wp-content\/uploads\/ixs.svg\" class=\"lazy\"><\/div>\n<\/div>\n<div class=\"iptp-tool-desc\">\n            T&#7841;o so s&aacute;nh &#273;&#7891; h&#7885;a chi ti&#7871;t gi&#7919;a hai S&agrave;n giao d&#7883;ch Internet        <\/div>\n<\/div>\n<div class=\"iptp-tool--bottom\">\n          <a href=\"https:\/\/www.iptp.us\/vi\/iptp-tools\/ixp-compare\/\" class=\"stretched-link --gray\">Nh&#7853;n k&#7871;t qu&#7843;<\/a>\n        <\/div>\n<\/div>\n<\/div>\n<div class=\"col\">\n<div class=\"iptp-tool lift\">\n<div class=\"iptp-tool--body\">\n<div class=\"iptp-tool-title\">Common IXes \n<div class=\"iptp-tool-icon\"><img decoding=\"async\" src=\"data:image\/gif;base64,R0lGODlhAQABAIAAAAAAAP\/\/\/ywAAAAAAQABAAACAUwAOw==\" alt=\"Common IXes\" data-src=\"\/wp-content\/uploads\/common-ixes.svg\" class=\"lazy\"><\/div>\n<\/div>\n<div class=\"iptp-tool-desc\">C&ocirc;ng c&#7909; mi&#7877;n ph&iacute; &#273;&#7875; t&igrave;m &#272;i&#7875;m trao &#273;&#7893;i ngang h&agrave;ng c&ocirc;ng khai chung gi&#7919;a hai S&#7889; AS<\/div>\n<\/div>\n<div class=\"iptp-tool--bottom\">\n          <a href=\"https:\/\/www.iptp.us\/vi\/iptp-tools\/common-ixes\/\" class=\"stretched-link --gray\">Nh&#7853;n k&#7871;t qu&#7843;<\/a>\n        <\/div>\n<\/div>\n<\/div>\n<div class=\"col\">\n<div class=\"iptp-tool lift\">\n<div class=\"iptp-tool--body\">\n<div class=\"iptp-tool-title\">Looking Glass \n<div class=\"iptp-tool-icon\"><img decoding=\"async\" src=\"data:image\/gif;base64,R0lGODlhAQABAIAAAAAAAP\/\/\/ywAAAAAAQABAAACAUwAOw==\" alt=\"Looking Glass\" data-src=\"\/wp-content\/uploads\/lookingglass.svg\" class=\"lazy\"><\/div>\n<\/div>\n<div class=\"iptp-tool-desc\">\n            D&#7883;ch v&#7909; truy c&#7853;p th&ocirc;ng tin &#273;&#7883;nh tuy&#7871;n c&#7911;a ch&uacute;ng t&ocirc;i        <\/div>\n<\/div>\n<div class=\"iptp-tool--bottom\">\n          <a href=\"https:\/\/www.iptp.us\/vi\/iptp-tools\/lg\/\" class=\"stretched-link --gray\">T&igrave;m hi&#7875;u th&ecirc;m<\/a>\n        <\/div>\n<\/div>\n<\/div>\n<div class=\"col\">\n<div class=\"iptp-tool lift\">\n<div class=\"iptp-tool--body\">\n<div class=\"iptp-tool-title\">Ki&#7875;m tra b&#259;ng th&ocirc;ng \n<div class=\"iptp-tool-icon\"><img decoding=\"async\" src=\"data:image\/gif;base64,R0lGODlhAQABAIAAAAAAAP\/\/\/ywAAAAAAQABAAACAUwAOw==\" alt=\"Bandwidth Test\" data-src=\"\/wp-content\/uploads\/bandwidth.svg\" class=\"lazy\"><\/div>\n<\/div>\n<div class=\"iptp-tool-desc\">\n            T&#7841;i &#273;&acirc;y b&#7841;n c&oacute; th&#7875; t&igrave;m hi&#7875;u v&#7873; b&#259;ng th&ocirc;ng m&#7841;ng c&#7911;a ch&uacute;ng t&ocirc;i        <\/div>\n<\/div>\n<div class=\"iptp-tool--bottom\">\n          <a href=\"https:\/\/www.iptp.us\/vi\/iptp-tools\/bandwidth-test\/\" class=\"stretched-link --gray\">Th&#7911; t&#7909;c thanh to&aacute;n<\/a>\n        <\/div>\n<\/div>\n<\/div>\n<div class=\"col\">\n<div class=\"iptp-tool lift\">\n<div class=\"iptp-tool--body\">\n<div class=\"iptp-tool-title\">Weathermap \n<div class=\"iptp-tool-icon\"><img decoding=\"async\" src=\"data:image\/gif;base64,R0lGODlhAQABAIAAAAAAAP\/\/\/ywAAAAAAQABAAACAUwAOw==\" alt=\"Weathermap\" data-src=\"\/wp-content\/uploads\/weatherm.svg\" class=\"lazy\"><\/div>\n<\/div>\n<div class=\"iptp-tool-desc\">\n            B&#7843;n &#273;&#7891; tr&#7921;c ti&#7871;p c&#7911;a m&#7841;ng l&#432;&#7899;i c&#7911;a ch&uacute;ng t&ocirc;i        <\/div>\n<\/div>\n<div class=\"iptp-tool--bottom\">\n          <a href=\"https:\/\/www.iptp.us\/vi\/iptp-tools\/weathermap\/\" class=\"stretched-link --gray\">Ki&#7875;m tra<\/a>\n        <\/div>\n<\/div>\n<\/div>\n<\/div>\n<\/div><div class=\"section section-banner\">\r\n    <div class=\"inner text-center\">\r\n            <div class=\"subtitle\"><span>Y&ecirc;u c&#7847;u b&aacute;o gi&aacute;<\/span><\/div>\r\n                <h2>S&#7861;n s&agrave;ng &#273;&#7875; b&#7855;t &#273;&#7847;u?<\/h2>\r\n                <p>C&aacute;c chuy&ecirc;n gia c&#7911;a ch&uacute;ng t&ocirc;i s&#7869; s&#7899;m li&ecirc;n h&#7879;<\/p>\r\n                <p class=\"pt-3 mb-0\">\r\n            <!-- <a href=\"https:\/\/www.iptp.us\/vi\/request-a-quote\/?post=276\" class=\"btn-primary-rounded-pill d-inline-block\">Y&ecirc;u c&#7847;u b&aacute;o gi&aacute;<\/a> -->\r\n            <a href=\"#\" class=\"btn-primary-rounded-pill d-inline-block js_btn_request_form_all\">Y&ecirc;u c&#7847;u b&aacute;o gi&aacute;<\/a>\r\n        <\/p>\r\n        <\/div>\r\n<\/div>\n","protected":false},"excerpt":{"rendered":"<p>  Nh\u00f3m c\u00e1c k\u1ef9 s\u01b0 c\u1ee7a ch\u00fang t\u00f4i li\u00ean t\u1ee5c ph\u00e1t tri\u1ec3n c\u00e1c m\u1ea1ng c\u00f4ng c\u1ee5 kh\u00e1c nhau \u0111\u1ec3 gi\u00fap kh\u00e1ch h\u00e0ng v\u00e0 \u0111\u1ed1i t\u00e1c c\u1ee7a ch\u00fang t\u00f4i:  <\/p>\n","protected":false},"author":1,"featured_media":0,"parent":0,"menu_order":0,"comment_status":"closed","ping_status":"closed","template":"template-inner-page.php","meta":[],"acf":[],"aioseo_notices":[],"_links":{"self":[{"href":"https:\/\/www.iptp.us\/vi\/wp-json\/wp\/v2\/pages\/276"}],"collection":[{"href":"https:\/\/www.iptp.us\/vi\/wp-json\/wp\/v2\/pages"}],"about":[{"href":"https:\/\/www.iptp.us\/vi\/wp-json\/wp\/v2\/types\/page"}],"author":[{"embeddable":true,"href":"https:\/\/www.iptp.us\/vi\/wp-json\/wp\/v2\/users\/1"}],"replies":[{"embeddable":true,"href":"https:\/\/www.iptp.us\/vi\/wp-json\/wp\/v2\/comments?post=276"}],"version-history":[{"count":455,"href":"https:\/\/www.iptp.us\/vi\/wp-json\/wp\/v2\/pages\/276\/revisions"}],"predecessor-version":[{"id":38800,"href":"https:\/\/www.iptp.us\/vi\/wp-json\/wp\/v2\/pages\/276\/revisions\/38800"}],"wp:attachment":[{"href":"https:\/\/www.iptp.us\/vi\/wp-json\/wp\/v2\/media?parent=276"}],"curies":[{"name":"wp","href":"https:\/\/api.w.org\/{rel}","templated":true}]}}