{"id":18441,"date":"2020-08-05T15:25:05","date_gmt":"2020-08-05T12:25:05","guid":{"rendered":"https:\/\/web-dev.iptp.net\/?page_id=18441"},"modified":"2025-12-01T06:55:27","modified_gmt":"2025-12-01T03:55:27","slug":"connectivity-services","status":"publish","type":"page","link":"https:\/\/www.iptp.us\/vi\/network\/connectivity-services\/","title":{"rendered":"D\u1ecbch v\u1ee5 k\u1ebft n\u1ed1i"},"content":{"rendered":"<p>D&#7883;ch v&#7909; qu&#7843;n l&yacute; k&#7871;t n&#7889;i gi&uacute;p b&#7841;n c&oacute; th&#7875; k&#7871;t n&#7889;i m&#7841;ng to&agrave;n c&#7847;u v&#7899;i c&#417; s&#7903; h&#7841; t&#7847;ng an to&agrave;n v&agrave; &#273;&aacute;ng tin c&#7853;y. Danh m&#7909;c d&#7883;ch v&#7909; c&#7911;a IPTP Networks r&#7845;t linh ho&#7841;t, ngo&agrave;i tri&#7875;n khai d&#7883;ch v&#7909; k&#7871;t n&#7889;i m&#7841;ng &#273;&#7871;n c&aacute;c c&#417; s&#7903; tr&#7921;c thu&#7897;c c&#7911;a ch&uacute;ng t&ocirc;i, ho&#7863;c b&#7841;n c&#361;ng c&oacute; th&#7875; l&#7921;a ch&#7885;n k&#7871;t n&#7889;i v&#7899;i c&#417; s&#7903; c&#7911;a c&aacute;c b&ecirc;n th&#7913; ba.<\/p><p>B&#7841;n c&oacute; th&#7875; ch&#7885;n d&#7883;ch v&#7909; c&#7909; th&#7875; hay k&#7871;t h&#7907;p v&#7899;i m&#7897;t d&#7883;ch v&#7909; Qu&#7843;n l&yacute; K&#7871;t n&#7889;i kh&aacute;c. &#272;&#7875; bi&#7871;t th&ecirc;m th&ocirc;ng tin, vui l&ograve;ng tham kh&#7843;o <a href=\"https:\/\/www.iptp.us\/vi\/internet-access\/network-map\/\">b&#7843;n &#273;&#7891; ph&#7911; s&oacute;ng m&#7841;ng<\/a> c&#7911;a ch&uacute;ng t&ocirc;i hay li&ecirc;n h&#7879; v&#7899;i &#273;&#7841;i di&#7879;n c&#7911;a ch&uacute;ng t&ocirc;i qua <a onclick=\"popupchat()\">Live Assistant<\/a>.<\/p><!-- \r\n<link rel=\"stylesheet\" target=\"_blank\" href=\"\/wp-content\/themes\/benevolent\/lib\/leaflet\/leaflet.css\" \/>\r\n<script src=\"\/wp-content\/themes\/benevolent\/lib\/leaflet\/leaflet.js\"><\/script>\r\n<script type=\"text\/javascript\" src=\"\/wp-content\/themes\/benevolent\/lib\/jquery-ui.min.js\"><\/script>\r\n<script type=\"text\/javascript\" src=\"\/wp-content\/themes\/benevolent\/lib\/leaflet\/imgViewer2.js\"><\/script> --><!-- <div class=\"wrap-img zoom-magnify\"> --><div class=\"wrap-img\">\r\n\t\t\t\t<button class=\"btn-modal-toggle-js btn-toggle-modal-css btn btn-primary\"><i class=\"fa fa-arrows-alt\" aria-hidden=\"true\"><\/i><\/button><img class=\"img-zooms img-zoom-small lazy\" src=\"data:image\/gif;base64,R0lGODlhAQABAIAAAAAAAP\/\/\/ywAAAAAAQABAAACAUwAOw==\" alt=\"Global Network and Points of Presence Map\" data-src=\"\/map\/\">\r\n\t\t\t\t<div class=\"zoom-large\" style=\"--background: url('\/map\/')\"><\/div>\r\n\t\t\t<\/div><div class=\"pos-full-width div-toggle-js \" align=\"center\">\r\n\t\t\t\t<button class=\"btn-modal-toggle-js btn-toggle-modal-css btn btn-primary\"><i class=\"fa fa-close\" aria-hidden=\"true\"><\/i><\/button> <img class=\"img-zoom-large lazy\" src=\"data:image\/gif;base64,R0lGODlhAQABAIAAAAAAAP\/\/\/ywAAAAAAQABAAACAUwAOw==\" alt=\"Global Network and Points of Presence Map\" data-src=\"\/map\/\">\r\n\t\t\t<\/div><script>\r\n\t\t\t\tjQuery(function($){\r\n\t\t\t\t$(document).ready(function () {\r\n\t\t\t\t\tvar native_width = 0;\r\n\r\n\t\t\t\t\tvar native_height = 0;\r\n\r\n\t\t\t\t\t\/\/Now the mousemove function\r\n\r\n\t\t\t\t\t$(\".zoom-magnify\").mousemove(function (e) {\r\n\t\t\t\t\t\/\/When the user hovers on the image, the script will first calculate\r\n\r\n\t\t\t\t\t\/\/the native dimensions if they don't exist. Only after the native dimensions\r\n\r\n\t\t\t\t\t\/\/are available, the script will show the zoomed version.\r\n\r\n\t\t\t\t\tif (!native_width && !native_height) {\r\n\t\t\t\t\t\t\/\/This will create a new image object with the same image as that in .small\r\n\r\n\t\t\t\t\t\t\/\/We cannot directly get the dimensions from .small because of the\r\n\r\n\t\t\t\t\t\t\/\/width specified to 200px in the html. To get the actual dimensions we have\r\n\r\n\t\t\t\t\t\t\/\/created this image object.\r\n\r\n\t\t\t\t\t\tvar image_object = new Image();\r\n\r\n\t\t\t\t\t\timage_object.src = $(\".img-zoom-small\").attr(\"src\");\r\n\r\n\t\t\t\t\t\t\/\/This code is wrapped in the .load function which is important.\r\n\r\n\t\t\t\t\t\t\/\/width and height of the object would return 0 if accessed before\r\n\r\n\t\t\t\t\t\t\/\/the image gets loaded.\r\n\r\n\t\t\t\t\t\tnative_width = image_object.width;\r\n\r\n\t\t\t\t\t\tnative_height = image_object.height;\r\n\t\t\t\t\t} else {\r\n\t\t\t\t\t\t\/\/x\/y coordinates of the mouse\r\n\r\n\t\t\t\t\t\t\/\/This is the position of .magnify with respect to the document.\r\n\r\n\t\t\t\t\t\tvar magnify_offset = $(this).offset();\r\n\r\n\t\t\t\t\t\t\/\/We will deduct the positions of .magnify from the mouse positions with\r\n\r\n\t\t\t\t\t\t\/\/respect to the document to get the mouse positions with respect to the\r\n\r\n\t\t\t\t\t\t\/\/container(.magnify)\r\n\r\n\t\t\t\t\t\tvar mx = e.pageX - magnify_offset.left;\r\n\r\n\t\t\t\t\t\tvar my = e.pageY - magnify_offset.top;\r\n\r\n\t\t\t\t\t\t\/\/Finally the code to fade out the glass if the mouse is outside the container\r\n\r\n\t\t\t\t\t\tif (mx < $(this).width() && my < $(this).height() && mx > 0 && my > 0) {\r\n\t\t\t\t\t\t$(\".zoom-large\").fadeIn(100);\r\n\t\t\t\t\t\t} else {\r\n\t\t\t\t\t\t$(\".zoom-large\").fadeOut(100);\r\n\t\t\t\t\t\t}\r\n\r\n\t\t\t\t\t\tif ($(\".zoom-large\").is(\":visible\")) {\r\n\t\t\t\t\t\t\/\/The background position of .large will be changed according to the position\r\n\r\n\t\t\t\t\t\t\/\/of the mouse over the .small image. So we will get the ratio of the pixel\r\n\r\n\t\t\t\t\t\t\/\/under the mouse pointer with respect to the image and use that to position the\r\n\r\n\t\t\t\t\t\t\/\/large image inside the magnifying glass\r\n\r\n\t\t\t\t\t\tvar rx = Math.round((mx \/ $(\".img-zoom-small\").width()) * native_width - $(\".zoom-large\").width() \/ 2) * -1;\r\n\r\n\t\t\t\t\t\tvar ry = Math.round((my \/ $(\".img-zoom-small\").height()) * native_height - $(\".zoom-large\").height() \/ 2) * -1;\r\n\r\n\t\t\t\t\t\tvar bgp = rx + \"px \" + ry + \"px\";\r\n\r\n\t\t\t\t\t\t\/\/Time to move the magnifying glass with the mouse\r\n\r\n\t\t\t\t\t\tvar px = mx - $(\".zoom-large\").width() \/ 2;\r\n\r\n\t\t\t\t\t\tvar py = my - $(\".zoom-large\").height() \/ 2;\r\n\r\n\t\t\t\t\t\t\/\/Now the glass moves with the mouse\r\n\r\n\t\t\t\t\t\t\/\/The logic is to deduct half of the glass's width and height from the\r\n\r\n\t\t\t\t\t\t\/\/mouse coordinates to place it with its center at the mouse coordinates\r\n\r\n\t\t\t\t\t\t\/\/If you hover on the image now, you should see the magnifying glass in action\r\n\r\n\t\t\t\t\t\t$(\".zoom-large\").css({ left: px, top: py, backgroundPosition: bgp });\r\n\t\t\t\t\t\t}\r\n\t\t\t\t\t}\r\n\t\t\t\t\t});\r\n\t\t\t\t});\r\n\t\t\t});\r\n\t\t\t<\/script><h2>L&#7907;i &iacute;ch:<\/h2><ul>\n<li>H&#7907;p nh&#7845;t nhi&#7873;u &#7913;ng d&#7909;ng v&agrave; l&#432;u l&#432;&#7907;ng v&agrave;o c&ugrave;ng m&#7897;t m&#7841;ng th&#7889;ng nh&#7845;t.<\/li>\n<li>Nhi&#7873;u l&#7921;a ch&#7885;n k&#7871;t n&#7889;i Internet &#273;&aacute;p &#7913;ng c&aacute;c y&ecirc;u c&#7847;u kinh doanh kh&aacute;c nhau.<\/li>\n<li>C&#417; s&#7903; h&#7841; t&#7847;ng ho&agrave;n thi&#7879;n, d&#7851;n &#273;&#7847;u trong ng&agrave;nh &#273;&#7843;m b&#7843;o vi&#7879;c giao ti&#7871;p n&#7897;i b&#7897; v&agrave; v&#7899;i kh&aacute;ch h&agrave;ng.<\/li>\n<li>D&#7883;ch v&#7909; k&#7871;t n&#7889;i linh ho&#7841;t, &#273;&aacute;p &#7913;ng nhu c&#7847;u ph&aacute;t tri&#7875;n kinh doanh &#7903; m&#7885;i th&#7901;i &#273;i&#7875;m.<\/li>\n<\/ul><div class=\"row mt-5\">\n<div class=\"col-12 col-md-6 p-mb-20\">\n<div class=\"k1-div-wrap\" data-matchheight=\".k1-div-wrap\">\n<div>\n<div class=\"k1-div-st1-left\"><img decoding=\"async\" src=\"data:image\/gif;base64,R0lGODlhAQABAIAAAAAAAP\/\/\/ywAAAAAAQABAAACAUwAOw==\" alt=\"MULTI PROTOCOL LABEL SWITCHING (MPLS) VPN\" data-src=\"\/wp-content\/uploads\/mpls-icon.svg\" class=\"lazy\"><\/div>\n<div class=\"k1-div-st1-right\">\n<h3 class=\"mt-0\"><a href=\"https:\/\/www.iptp.us\/vi\/blog\/what-is-mpls-multiprotocol-label-switching\/\" target=\"_blank\" rel=\"noopener\">Chuy&#7875;n m&#7841;ch nh&atilde;n &#273;a giao th&#7913;c (MPLS) VPN<\/a><\/h3>\n<\/div>\n<\/div>\n<div class=\"k1-div-st2-wrap\">\n        Th&ocirc;ng qua d&#7883;ch v&#7909; qu&#7843;n l&yacute; MPLS, ch&uacute;ng t&ocirc;i cung c&#7845;p m&#7897;t h&#7879; th&#7889;ng IP ri&ecirc;ng v&#7899;i t&iacute;nh n&#259;ng t&#259;ng c&#432;&#7901;ng k&#7871;t n&#7889;i an to&agrave;n ch&#7845;t l&#432;&#7907;ng cao. D&#7883;ch v&#7909; n&agrave;y cung &#7913;ng kh&#7843; n&#259;ng kh&#7889;ng ch&#7871; m&#7913;c ti&ecirc;u chu&#7849;n v&#7873; &#273;&#7897; tr&#7877; (latency), m&#7845;t g&oacute;i tin m&#7841;ng (packet loss) v&agrave; Jitter; t&#7915; &#273;&oacute;, &#273;&#7843;m b&#7843;o c&ugrave;ng l&uacute;c c&oacute; th&#7875; x&#7917; l&yacute; &#273;a d&#7841;ng c&aacute;c l&#432;u l&#432;&#7907;ng truy c&#7853;p, &#273;&#7863;c bi&#7879;t v&#7873; tho&#7841;i (voice) v&agrave; video. D&#7883;ch v&#7909; s&#7869; s&#417; l&#432;&#7907;c l&#432;u l&#432;&#7907;ng t&#7915; &#273;&#7847;u &#273;&#7871;n cu&#7889;i r&#7891;i th&#7921;c hi&#7879;n ph&acirc;n lo&#7841;i v&agrave; s&#7855;p x&#7871;p tr&igrave;nh t&#7921; &#432;u ti&ecirc;n, k&iacute;ch ho&#7841;t Th&#7887;a thu&#7853;n m&#7913;c d&#7883;ch v&#7909; (SLAs) ph&ugrave; h&#7907;p cho nhi&#7873;u l&#7899;p d&#7883;ch v&#7909;. Ch&uacute;ng t&ocirc;i c&oacute; th&#7875; cung c&#7845;p d&#7883;ch v&#7909; VPN cho to&agrave;n m&#7841;ng l&#432;&#7899;i t&#7915; &#273;i&#7875;m-&#273;i&#7875;m, b&#7841;n c&oacute; th&#7875; t&#7921; do ch&#7885;n thi&#7871;t k&#7871; c&#7845;u h&igrave;nh &#273;&aacute;p &#7913;ng nhu c&#7847;u c&#7911;a m&igrave;nh.\n      <\/div>\n<\/div>\n<\/div>\n<div class=\"col-12 col-md-6 p-mb-20\">\n<div class=\"k1-div-wrap\">\n<div>\n<div class=\"k1-div-st1-left\"><img decoding=\"async\" src=\"data:image\/gif;base64,R0lGODlhAQABAIAAAAAAAP\/\/\/ywAAAAAAQABAAACAUwAOw==\" alt=\"MANAGED LAN\" data-src=\"\/wp-content\/uploads\/mlan.svg\" class=\"lazy\"><\/div>\n<div class=\"k1-div-st1-right\">\n<h3 class=\"mt-0\"><a href=\"https:\/\/www.iptp.us\/vi\/business-solutions\/office-solutions\/ip-telephony\/\" target=\"_blank\" rel=\"noopener\">Qu&#7843;n l&yacute; m&#7841;ng c&#7909;c b&#7897; LAN<\/a><\/h3>\n<\/div>\n<\/div>\n<div class=\"k1-div-st2-wrap\">\n        D&#7883;ch v&#7909; qu&#7843;n l&yacute; m&#7841;ng m&aacute;y t&iacute;nh c&#7909;c b&#7897; (LAN) &#273;&#432;&#7907;c thi&#7871;t k&#7871; &#273;&#7875; cung c&#7845;p c&#7845;u h&igrave;nh, qu&#7843;n l&yacute; v&agrave; b&#7843;o tr&igrave; b&#7897; chuy&#7875;n m&#7841;ch (switch) LAN t&#7915; xa, k&#7871;t h&#7907;p v&#7899;i qu&#7843;n l&yacute; b&#7843;n v&aacute; l&#7895;i. Kinh nghi&#7879;m chuy&ecirc;n s&acirc;u c&#7911;a ch&uacute;ng t&ocirc;i gi&uacute;p b&#7841;n ti&#7871;t ki&#7879;m chi ph&iacute; t&#7915; b&#7897; ph&#7853;n IT n&#7897;i b&#7897;. Gi&#7843;i ph&aacute;p t&#7915; ch&uacute;ng t&ocirc;i &#273;&#432;&#7907;c x&acirc;y d&#7921;ng &#273;&#7875; &#273;&aacute;p &#7913;ng c&aacute;c y&ecirc;u c&#7847;u &#273;&#7863;c bi&#7879;t &#7903; m&#7885;i c&#7845;p &#273;&#7897; hi&#7879;u su&#7845;t d&#7883;ch v&#7909; v&agrave; c&oacute; th&#7875; b&#7893; sung c&aacute;c d&#7883;ch v&#7909; k&#7871;t n&#7889;i kh&aacute;c nh&#432; IP Telephony.\n      <\/div>\n<\/div>\n<\/div>\n<div class=\"col-12 col-md-6 p-mb-20\">\n<div class=\"k1-div-wrap\">\n<div>\n<div class=\"k1-div-st1-left\"><img decoding=\"async\" src=\"data:image\/gif;base64,R0lGODlhAQABAIAAAAAAAP\/\/\/ywAAAAAAQABAAACAUwAOw==\" alt=\"IX TRANSIT\" data-src=\"\/wp-content\/uploads\/ixtransitico.svg\" class=\"lazy\"><\/div>\n<div class=\"k1-div-st1-right\">\n<h3 class=\"mt-0\"><a href=\"https:\/\/www.iptp.us\/vi\/internet-access\/ix-transit\/\" target=\"_blank\" rel=\"noopener\">IX TRANSIT<\/a><\/h3>\n<\/div>\n<\/div>\n<div class=\"k1-div-st2-wrap\">\n        T&#7853;n h&#432;&#7903;ng chi ph&iacute; c&ugrave;ng &#273;&#7897; tr&#7877; th&#7845;p v&agrave; b&#259;ng th&ocirc;ng &#273;&aacute;ng tin c&#7853;y qua k&#7871;t n&#7889;i v&#7899;i c&aacute;c S&agrave;n trao &#273;&#7893;i Internet(IX) l&#7899;n c&#7911;a th&#7871; gi&#7899;i th&ocirc;ng qua m&#7841;ng c&#7911;a ch&uacute;ng t&ocirc;i. B&#7841;n c&oacute; th&#7875; ch&#7881; c&#7847;n th&ocirc;ng qua m&#7897;t c&#7893;ng port &#273;&#7875; truy c&#7853;p t&#7845;t c&#7843; c&aacute;c s&agrave;n IX ch&iacute;nh v&#7899;i 1.500+ phi&ecirc;n BGP v&agrave; l&#432;u l&#432;&#7907;ng truy c&#7853;p &#273;&#432;&#7907;c trao &#273;&#7893;i v&#7899;i g&#7847;n 1.000 ISP Tier 2 v&agrave; Tier 1, c&ugrave;ng 250,000+ prefix. Danh s&aacute;ch c&aacute;c trung t&acirc;m IX bao g&#7891;m: AMS-IX, DE-CIX, Equinix Exchange, HKIX, , LINX, SIX, , DTEL-IX, Digital Realty, TIE, Any2, v.v. D&#7883;ch v&#7909; k&#7871;t n&#7889;i c&#7911;a ch&uacute;ng t&ocirc;i &#273;&#7843;m b&#7843;o m&#7897;t k&#7871;t n&#7889;i li&#7873;n m&#7841;ch &#273;&#7871;n c&aacute;c s&agrave;n giao d&#7883;ch n&agrave;y.\n      <\/div>\n<\/div>\n<\/div>\n<div class=\"col-12 col-md-6 p-mb-20\">\n<div class=\"k1-div-wrap\">\n<div>\n<div class=\"k1-div-st1-left\"><img decoding=\"async\" src=\"data:image\/gif;base64,R0lGODlhAQABAIAAAAAAAP\/\/\/ywAAAAAAQABAAACAUwAOw==\" alt=\"IP TRANSIT\" data-src=\"\/wp-content\/uploads\/iptransitico.svg\" class=\"lazy\"><\/div>\n<div class=\"k1-div-st1-right\">\n<h3 class=\"mt-0\"><a href=\"https:\/\/www.iptp.us\/vi\/internet-access\/ip-transit\/\" target=\"_blank\" rel=\"noopener\">IP TRANSIT<\/a><\/h3>\n<\/div>\n<\/div>\n<div class=\"k1-div-st2-wrap\">\n        IP Transit l&agrave; l&#7921;a ch&#7885;n ph&ugrave; h&#7907;p cho c&aacute;c ISP, ASP, CP, doanh nghi&#7879;p vi&#7877;n th&ocirc;ng v&agrave; trung t&acirc;m d&#7919; li&#7879;u v&#7899;i B&#7843;ng &#273;&#7883;nh tuy&#7871;n BGP full b&#259;ng th&ocirc;ng r&#7897;ng t&#7889;c &#273;&#7897; cao v&#7899;i kh&#7843; n&#259;ng ph&#7909;c h&#7891;i t&#7889;t. S&#7921; h&#7907;p t&aacute;c ch&#7863;t ch&#7869; v&#7899;i Level 3 cho ph&eacute;p ch&uacute;ng t&ocirc;i &#273;&#7841;t &#273;&#432;&#7907;c k&#7871;t n&#7889;i tr&#7921;c ti&#7871;p th&ocirc;ng qua giao th&#7913;c HSIP v&agrave; k&#7871;t n&#7889;i peering v&#7899;i c&aacute;c &#273;&#7889;i t&aacute;c, thi&#7871;t l&#7853;p c&aacute;c phi&ecirc;n l&agrave;m vi&#7879;c v&#432;&#7907;t tr&#7897;i h&#417;n c&aacute;c h&#7879; th&#7889;ng t&#7921; tr&#7883; (AS) kh&aacute;c. K&#7871;t n&#7889;i tr&#7921;c ti&#7871;p m&#7903; r&#7897;ng v&agrave; m&#7889;i quan h&#7879; song ph&#432;&#417;ng b&#7873;n v&#7919;ng v&#7899;i nhi&#7873;u nh&agrave; cung c&#7845;p tr&ecirc;n kh&#7855;p th&#7871; gi&#7899;i gi&uacute;p ch&uacute;ng t&ocirc;i c&oacute; &#273;&#432;&#7907;c ph&#7841;m vi ph&#7911; s&oacute;ng to&agrave;n c&#7847;u v&agrave; khu v&#7921;c tuy&#7879;t v&#7901;i c&ugrave;ng c&aacute;c tuy&#7871;n &#273;&#432;&#7901;ng t&#7889;i &#432;u h&oacute;a v&agrave; c&acirc;n b&#7857;ng t&#7843;i. Hi&#7879;n &#273;&atilde; c&oacute; nh&#7919;ng l&#7921;a ch&#7885;n c&#7893;ng 100FE, 1GE v&agrave; 10GE trong c&aacute;c trung t&acirc;m d&#7919; li&#7879;u l&#7899;n tr&ecirc;n to&agrave;n th&#7871; gi&#7899;i v&agrave; t&#7841;i c&#417; s&#7903; kh&aacute;ch h&agrave;ng v&#7899;i &#273;&#432;&#7901;ng truy&#7873;n local loop. &#272;&acirc;y l&agrave; y&#7871;u t&#7889; then ch&#7889;t trong d&#7883;ch v&#7909; k&#7871;t n&#7889;i c&#7911;a ch&uacute;ng t&ocirc;i.\n      <\/div>\n<\/div>\n<\/div>\n<div class=\"col-12 col-md-6 p-mb-20\">\n<div class=\"k1-div-wrap\">\n<div>\n<div class=\"k1-div-st1-left\"><img decoding=\"async\" src=\"data:image\/gif;base64,R0lGODlhAQABAIAAAAAAAP\/\/\/ywAAAAAAQABAAACAUwAOw==\" alt=\"INTERNATIONAL PRIVATE LEASED CIRCUIT\" data-src=\"\/wp-content\/uploads\/iplc.svg\" class=\"lazy\"><\/div>\n<div class=\"k1-div-st1-right\">\n<h3 class=\"mt-0\"><a href=\"https:\/\/www.iptp.us\/vi\/blog\/what-is-iplc\/\" target=\"_blank\" rel=\"noopener\">M&#7841;ch ri&ecirc;ng qu&#7889;c t&#7871; (IPLC)<\/a><\/h3>\n<\/div>\n<\/div>\n<div class=\"k1-div-st2-wrap\">\n        D&#7883;ch v&#7909; k&ecirc;nh thu&ecirc; ri&ecirc;ng qu&#7889;c t&#7871; cung c&#7845;p gi&#7843;i ph&aacute;p k&#7871;t n&#7889;i m&#7841;ng chuy&ecirc;n d&#7909;ng &#273;i&#7875;m-&#273;i&#7875;m (P2P) &#273;&aacute;ng tin c&#7853;y v&agrave; an to&agrave;n &#7903; c&aacute;c c&#417; s&#7903; c&#7911;a kh&aacute;ch h&agrave;ng v&agrave; v&#7899;i to&agrave;n th&#7871; gi&#7899;i. IPLC h&#7895; tr&#7907; m&#7885;i lo&#7841;i l&#432;u l&#432;&#7907;ng (voice, data, video ho&#7863;c b&#7845;t k&#7923; media nh&#7841;y c&#7843;m v&#7899;i &#273;&#7897; tr&#7877; ), cung c&#7845;p &#273;a d&#7841;ng b&#259;ng th&ocirc;ng v&agrave; kh&#7843; n&#259;ng m&#7903; r&#7897;ng v&agrave; &#273;&#7897; linh ho&#7841;t &#273;&#7875; &#273;&aacute;p &#7913;ng nhu c&#7847;u li&ecirc;n l&#7841;c hi&#7879;n t&#7841;i v&agrave; t&#432;&#417;ng lai c&#7911;a b&#7841;n. D&#7883;ch v&#7909; IPLC c&#7911;a ch&uacute;ng t&ocirc;i l&yacute; t&#432;&#7903;ng cho c&aacute;c m&ocirc; h&igrave;nh kinh doanh &#273;a d&#7841;ng v&agrave; gi&uacute;p b&#7843;o v&#7879; ch&#7889;ng l&#7841;i c&aacute;c m&#7889;i &#273;e d&#7885;a an ninh.\n      <\/div>\n<\/div>\n<\/div>\n<div class=\"col-12 col-md-6 p-mb-20\">\n<div class=\"k1-div-wrap\">\n<div>\n<div class=\"k1-div-st1-left\"><img decoding=\"async\" src=\"data:image\/gif;base64,R0lGODlhAQABAIAAAAAAAP\/\/\/ywAAAAAAQABAAACAUwAOw==\" alt=\"ETHERNET PRIVATE LINE\" data-src=\"\/wp-content\/uploads\/ethernet.svg\" class=\"lazy\"><\/div>\n<div class=\"k1-div-st1-right\">\n<h3 class=\"mt-0\"><a href=\"https:\/\/www.iptp.us\/vi\/blog\/what-is-epl\/\" target=\"_blank\" rel=\"noopener\">&#272;&#432;&#7901;ng d&acirc;y Internet ri&ecirc;ng EPL<\/a><\/h3>\n<\/div>\n<\/div>\n<div class=\"k1-div-st2-wrap\">\n        M&#7897;t gi&#7843;i ph&aacute;p k&#7871;t n&#7889;i m&#7841;ng v&#7899;i chi ph&iacute; hi&#7879;u qu&#7843; &#273;&aacute;p &#7913;ng nhu c&#7847;u c&#7911;a c&aacute;c &#7913;ng d&#7909;ng &#273;&ograve;i h&#7887;i l&#432;&#7907;ng b&#259;ng th&ocirc;ng l&#7899;n th&ocirc;ng qua c&#7845;u h&igrave;nh P2P &#273;&aacute;ng tin c&#7853;y, linh ho&#7841;t, t&#7915; &#273;&oacute; cung c&#7845;p k&#7871;t n&#7889;i s&#7907;i dung l&#432;&#7907;ng cao gi&#7919;a c&aacute;c site. D&#7883;ch v&#7909; ELP gi&uacute;p b&#7841;n k&#7871;t n&#7889;i c&aacute;c trang thi&#7871;t b&#7883; (CPE) b&#7857;ng Ethernet v&#7899;i chi ph&iacute; hi&#7879;u qu&#7843; v&agrave; cho ph&eacute;p m&#7885;i giao th&#7913;c &#273;i&#7873;u khi&#7875;n VLAN ho&#7863;c Ethernet &#273;&#432;&#7907;c s&#7917; d&#7909;ng trong su&#7889;t d&#7883;ch v&#7909; m&agrave; kh&ocirc;ng c&#7847;n ph&#7889;i h&#7907;p v&#7899;i <a href=\"https:\/\/www.iptp.us\/vi\/\">IPTP Networks<\/a>. Ch&#7845;t l&#432;&#7907;ng d&#7883;ch v&#7909; EPL cho ph&eacute;p s&#7917; d&#7909;ng voice, data, video ho&#7863;c b&#7845;t k&#7923; media n&agrave;o kh&aacute;c.\n      <\/div>\n<\/div>\n<\/div>\n<div class=\"col-12 col-md-6 p-mb-20\">\n<div class=\"k1-div-wrap\">\n<div>\n<div class=\"k1-div-st1-left\"><img decoding=\"async\" src=\"data:image\/gif;base64,R0lGODlhAQABAIAAAAAAAP\/\/\/ywAAAAAAQABAAACAUwAOw==\" alt=\"EoMPLS Pseudo-wire\" data-src=\"\/wp-content\/uploads\/pseudowire.svg\" class=\"lazy\"><\/div>\n<div class=\"k1-div-st1-right\">\n<h3 class=\"mt-0\"><a href=\"https:\/\/www.iptp.us\/vi\/network\/connectivity-services\/eompls-pseudowire-service\/\" target=\"_blank\" rel=\"noopener\">EoMPLS Pseudowire<\/a><\/h3>\n<\/div>\n<\/div>\n<div class=\"k1-div-st2-wrap\">\n        Ch&uacute;ng t&ocirc;i cung c&#7845;p cho b&#7841;n k&#7871;t n&#7889;i xuy&ecirc;n d&#7909;ng, s&#7917; d&#7909;ng giao th&#7913;c Ethernet, h&#7879;t nh&#432; d&#7883;ch v&#7909; c&oacute; d&acirc;y. Pseudowire (d&acirc;y gi&#7843;) c&oacute; th&#7875; k&#7871;t n&#7889;i c&aacute;c lo&#7841;i media kh&aacute;c nhau, nh&#432; Ethernet &#273;&#7871;n Frame Relay. Th&ocirc;ng qua m&#7841;ng MPLS, Pseudowire cung c&#7845;p k&#7871;t n&#7889;i end-to-end cho ph&eacute;p li&ecirc;n k&#7871;t c&aacute;c v&#7883; tr&iacute; t&#7915; xa chia s&#7867; trong c&ugrave;ng m&#7897;t m&#7841;ng LAN Ethernet. EoMPLS Pseudowire cung c&#7845;p cho b&#7841;n m&#7897;t m&#7841;ng linh ho&#7841;t v&#7899;i t&#7889;c &#273;&#7897; v&agrave; hi&#7879;u su&#7845;t cao h&#417;n cho c&aacute;c d&#7883;ch v&#7909; c&#361;; m&agrave; kh&ocirc;ng c&#7847;n ph&#7843;i thay &#273;&#7893;i to&agrave;n b&#7897; h&#7879; th&#7889;ng ho&#7863;c l&agrave;m gi&aacute;n &#273;o&#7841;n ho&#7841;t &#273;&#7897;ng kinh doanh c&#7911;a b&#7841;n. H&#417;n n&#7919;a, &#273;i k&egrave;m theo m&#7841;ng L2 xuy&ecirc;n d&#7909;ng v&agrave; linh &#273;&#7897;ng n&agrave;y l&agrave; k&#7929; thu&#7853;t &#273;i&#7873;u khi&#7875;n l&#432;u l&#432;&#7907;ng (traffic engineering), &#273;&#7843;m b&#7843;o r&#7857;ng d&#7883;ch v&#7909; k&#7871;t n&#7889;i c&#7911;a ch&uacute;ng t&ocirc;i cung c&#7845;p m&#7897;t k&#7871;t n&#7889;i v&#7899;i &#273;&#7897; tr&#7877; th&#7845;p.\n      <\/div>\n<\/div>\n<\/div>\n<div class=\"clearfix\"><\/div>\n<\/div><hr><div>\r\n\t\t<button type=\"button\" class=\"btn btn-primary btn__jumboix btn-lg js-target-div mt-2 js-fixed-button-open-request-form \" data-target=\"jumboIX__modal\">\r\n\t\t\tY&ecirc;u c&#7847;u b&aacute;o gi&aacute;\t\t<\/button>\r\n\t<\/div><script type=\"text\/javascript\">\r\n\t\tjQuery(function($){\r\n\r\n\t\t\t $(document).on('click', '#jumboIX__modal.active', function(e){\r\n\t\t        e.preventDefault();\r\n\r\n\t\t        $(this).find('.js-x-close').trigger('click');   \r\n\t\t    });\r\n\r\n\t\t    $(document).on('click', '#jumboIX__modal.active *', function(e){\r\n\t\t        e.stopPropagation();\r\n\r\n\t\t    });\r\n\r\n\t\t})\r\n\t<\/script><div id=\"jumboIX__modal\" class=\"popup-jumboIX-modal-s1 wrap-jumboix wrap-jumboix__2 v-modal\">\r\n\t\t<div class=\"modal__inner\">\r\n\t\t\t<button class=\"x-close js-x-close\">x<\/button>\r\n\r\n\t\t\t<h2 class=\"jumbolix-heading \">\r\n\t\t\t\tY&ecirc;u c&#7847;u b&aacute;o gi&aacute; cho D&#7883;ch v&#7909; k&#7871;t n&#7889;i\t\t\t<\/h2>\r\n\r\n\t\t\t\r\n\t\t\t<form method=\"post\" class=\"js-form-ajax-request_form css-form-mod-v2 js_form_get_token\">\r\n\t\t\t\t   <input type=\"hidden\" name=\"_wp_http_referer\" value=\"https:\/\/www.iptp.us\/vi\/wp-json\/wp\/v2\/pages\/18441\" class=\"no-check\">\r\n   <input type=\"hidden\" name=\"_current_title\" value=\"IPTP Networks\" class=\"no-check\">\r\n   <input type=\"hidden\" name=\"security\" value=\"8690560296\">\r\n   <input type=\"hidden\" name=\"form_time\" value=\"1775287567\">\r\n   <input type=\"text\" name=\"website\" style=\"display:none\" class=\"no-check\">\r\n   <input type=\"hidden\" name=\"js_check\" class=\"no-check\" value=\"\">\r\n   \r\n\r\n\t\t\t\t\t\t\t\t\t<input type=\"hidden\" name=\"service\" value=\"D&#7883;ch v&#7909; k&#7871;t n&#7889;i\">\r\n\t\t\t\t\r\n\t\t\t\t<div class=\"row\">\r\n\t\t\t\t\t<div class=\"col-xs-12 col-md-6 line-group\">\r\n\t\t\t\t\t\t<input type=\"text\" name=\"your_name\" class=\"form-control form-control--border-bottom\" placeholder=\"Your name *\">\r\n\t\t\t\t\t<\/div>\r\n\t\t\t\t\t<div class=\"col-xs-12 col-md-6 line-group\">\r\n\t\t\t\t\t\t<input type=\"text\" name=\"email\" class=\"form-control form-control--border-bottom\" placeholder=\"E-mail *\">\r\n\t\t\t\t\t<\/div>\r\n\t\t\t\t\t<div class=\"clearfix\"><\/div>\r\n\t\t\t\t\t<div class=\"col-xs-12 col-md-6 line-group\">\r\n\t\t\t\t\t\t<input type=\"text\" name=\"organisation\" class=\"form-control form-control--border-bottom\" placeholder=\"Organisation *\">\r\n\t\t\t\t\t<\/div>\r\n\r\n\t\t\t\t\t<div class=\"col-xs-12 col-md-6 line-group\">\r\n\t\t\t\t\t\t<div class=\"wrap-intl-tel-input\">\r\n\t\t\t\t\t\t\t<input type=\"text\" name=\"asnumber\" class=\"form-control form-control--border-bottom intl-tel-input no-check\" placeholder=\"Phone Number\">\r\n\t\t\t\t\t\t<\/div>\r\n\t\t\t\t\t<\/div>\r\n\r\n\r\n\t\t\t\t\t\r\n\t\t\t\t\t<div class=\"clearfix\"><\/div>\r\n\t\t\t\t\t<div class=\"col-xs-12 col-md-12 line-group\">\r\n\t\t\t\t\t\t<div class=\"w-100\">\r\n\t\t\t\t\t\t\t<label style=\"font-weight: bold\" for=\"ms\">Describe your request<\/label>\r\n\t\t\t\t\t\t\t<textarea name=\"message\" id=\"ms\" cols=\"30\" rows=\"6\" class=\"form-control form-control--border-bottom\" placeholder=\"Quick overview *\"><\/textarea>\r\n\r\n\t\t\t\t\t\t<\/div>\r\n\t\t\t\t\t<\/div>\r\n\r\n\t\t\t\t\t<div class=\"col-xs-12 col-md-12 line-group\">\r\n\t\t\t\t\t\t* b&#7855;t bu&#7897;c\t\t\t\t\t<\/div>\r\n\r\n\r\n\t\t\t\t\t<div class=\"col-xs-12 col-md-12 text-center\">\r\n\t\t\t\t\t<!-- \t<div class=\"line-group captcha_md\">\r\n\t\t\t\t\t\t\t<div id=\"captchas\" class=\"captcha__label\" data-qid=\"captcha_69d0bd0fa15d5\"><\/div>\r\n\t\t\t\t\t\t\t<span class=\"fa fa-refresh catpcha_refreshs catpcha_refresh_mod\"><\/span>\r\n\t\t\t\t\t\t\t<input id=\"cpatchaJumboIX\" type=\"text\" name=\"captcha\" class=\"line-group__input--213 captcha__input--custom\" placeholder=\"Captcha code\" \/>\r\n\t\t\t\t\t\t<\/div> -->\r\n\t\t\t\t\t\t<div class=\"line-groups\">\r\n\r\n\t\t\t\t\t\t\t<div class=\"hidden-sm hidden-xs\"><\/div>\r\n\t\t\t\t\t\t\t<button class=\"btn btn__jumboix\">\r\n\t\t\t\t\t\t\t\tY&ecirc;u c&#7847;u b&aacute;o gi&aacute;\t\t\t\t\t\t\t<\/button>\r\n\t\t\t\t\t\t<\/div>\r\n\r\n\r\n\r\n\t\t\t\t\t\t<div class=\"jumboIX_completed js-jumboIX_completed--success \">\r\n\t\t\t\t\t\t\tC&aacute;m &#417;n &#273;&atilde; g&#7917;i y&ecirc;u c&#7847;u!\t\t\t\t\t\t<\/div>\r\n\r\n\t\t\t\t\t\t<div class=\"jumboIX_completed jumboIX_completed--error\"><\/div>\r\n\t\t\t\t\t<\/div>\r\n\t\t\t\t<\/div>\r\n\t\t\t<\/form>\r\n\t\t<\/div>\r\n\t<\/div><div class=\"div-overlay\"><\/div>\n","protected":false},"excerpt":{"rendered":"<p>Cung c\u1ea5p d\u1ecbch v\u1ee5 k\u1ebft n\u1ed1i m\u1ea1ng Internet to\u00e0n c\u1ea7u, gi\u00fap b\u1ea1n giao ti\u1ebfp v\u1edbi c\u00e1c t\u1ed5 ch\u1ee9c v\u00e0 kh\u00e1ch h\u00e0ng c\u1ee7a m\u00ecnh m\u1ed9t c\u00e1ch li\u1ec1n m\u1ea1ch tr\u00ean n\u1ec1n t\u1ea3ng h\u1ea1 t\u1ea7ng an to\u00e0n v\u00e0 \u0111\u00e1ng tin c\u1eady.<\/p>\n","protected":false},"author":1,"featured_media":0,"parent":90,"menu_order":0,"comment_status":"closed","ping_status":"closed","template":"","meta":[],"acf":[],"aioseo_notices":[],"_links":{"self":[{"href":"https:\/\/www.iptp.us\/vi\/wp-json\/wp\/v2\/pages\/18441"}],"collection":[{"href":"https:\/\/www.iptp.us\/vi\/wp-json\/wp\/v2\/pages"}],"about":[{"href":"https:\/\/www.iptp.us\/vi\/wp-json\/wp\/v2\/types\/page"}],"author":[{"embeddable":true,"href":"https:\/\/www.iptp.us\/vi\/wp-json\/wp\/v2\/users\/1"}],"replies":[{"embeddable":true,"href":"https:\/\/www.iptp.us\/vi\/wp-json\/wp\/v2\/comments?post=18441"}],"version-history":[{"count":82,"href":"https:\/\/www.iptp.us\/vi\/wp-json\/wp\/v2\/pages\/18441\/revisions"}],"predecessor-version":[{"id":38360,"href":"https:\/\/www.iptp.us\/vi\/wp-json\/wp\/v2\/pages\/18441\/revisions\/38360"}],"up":[{"embeddable":true,"href":"https:\/\/www.iptp.us\/vi\/wp-json\/wp\/v2\/pages\/90"}],"wp:attachment":[{"href":"https:\/\/www.iptp.us\/vi\/wp-json\/wp\/v2\/media?parent=18441"}],"curies":[{"name":"wp","href":"https:\/\/api.w.org\/{rel}","templated":true}]}}