{"id":167,"date":"2016-08-31T15:03:41","date_gmt":"2016-08-31T12:03:41","guid":{"rendered":"https:\/\/web-mng.iptp.com\/?page_id=167"},"modified":"2025-07-21T07:11:10","modified_gmt":"2025-07-21T04:11:10","slug":"dmms","status":"publish","type":"page","link":"https:\/\/www.iptp.us\/vi\/business-solutions\/managed-services\/dmms\/","title":{"rendered":"D\u1ecbch v\u1ee5 qu\u1ea3n l\u00fd gi\u1ea3m ph\u00e2n t\u00e1n v\u00e0 ch\u1ed1ng DDoS"},"content":{"rendered":"<h2>C&Aacute;C CU&#7896;C T&#7844;N C&Ocirc;NG M&#7840;NG L&Agrave; M&#7896;T V&#7844;N &#272;&#7872; NH&#7912;C NH&#7888;I CHO C&Aacute;C DOANH NGHI&#7878;P TR&#7920;C TUY&#7870;N.<\/h2><p>C&aacute;c cu&#7897;c t&#7845;n c&ocirc;ng m&#7841;ng ng&agrave;y c&agrave;ng tr&#7903; th&agrave;nh v&#7845;n &#273;&#7873; nan gi&#7843;i &#273;&#7889;i v&#7899;i c&aacute;c t&#7893; ch&#7913;c kinh doanh tr&#7921;c tuy&#7871;n. M&#7889;i quan t&acirc;m l&#7899;n hi&#7879;n nay l&agrave; c&aacute;c cu&#7897;c t&#7845;n c&ocirc;ng t&#7915; ch&#7889;i d&#7883;ch v&#7909; ph&acirc;n t&aacute;n (DDoS). DDoS l&agrave; m&#7897;t ki&#7875;u t&#7845;n c&ocirc;ng ph&acirc;n t&aacute;n cho ph&eacute;p t&#7841;o ra l&#432;u l&#432;&#7907;ng &#273;&#7897;c h&#7841;i l&agrave;m t&#7855;c ngh&#7869;n c&aacute;c &#273;&#432;&#7901;ng truy&#7873;n truy c&#7853;p Internet. Vi&#7879;c ngh&#7869;n &#273;&#432;&#7901;ng truy&#7873;n d&#7851;n &#273;&#7871;n vi&#7879;c t&#7915; ch&#7889;i d&#7883;ch v&#7909;, l&agrave;m t&#7893;n h&#7841;i danh ti&#7871;ng v&agrave; &#7843;nh h&#432;&#7903;ng &#273;&#7871;n doanh thu c&#7911;a c&ocirc;ng ty, khi&#7871;n m&#7845;t kh&aacute;ch h&agrave;ng v&agrave; uy t&iacute;n th&#7883; tr&#432;&#7901;ng. M&#7895;i ng&agrave;y, c&aacute;c cu&#7897;c t&#7845;n c&ocirc;ng n&agrave;y tr&#7903; n&ecirc;n tinh vi h&#417;n, y&ecirc;u c&#7847;u c&aacute;c gi&#7843;i ph&aacute;p b&#7843;o m&#7853;t ng&agrave;y c&agrave;ng v&#432;&#7907;t tr&#7897;i h&#417;n.\n<\/p><p><a href=\"\/wp-content\/uploads\/DMMSscheme.png\"><img decoding=\"async\" loading=\"lazy\" class=\"lazy aligncenter size-full wp-image-1463\" src=\"data:image\/gif;base64,R0lGODlhAQABAAD\/ACwAAAAAAQABAAACADs=\" data-src=\"\/wp-content\/uploads\/DMMSscheme.png\" alt=\"DMMS\" width=\"1146\" height=\"595\" srcset=\"https:\/\/www.iptp.us\/wp-content\/uploads\/DMMSscheme.png 1146w, https:\/\/www.iptp.us\/wp-content\/uploads\/DMMSscheme-300x156.png 300w, https:\/\/www.iptp.us\/wp-content\/uploads\/DMMSscheme-768x399.png 768w, https:\/\/www.iptp.us\/wp-content\/uploads\/DMMSscheme-1024x532.png 1024w\" sizes=\"(max-width: 1146px) 100vw, 1146px\"><noscript><img decoding=\"async\" loading=\"lazy\" class=\"aligncenter size-full wp-image-1463 lazy\" src=\"data:image\/gif;base64,R0lGODlhAQABAIAAAAAAAP\/\/\/ywAAAAAAQABAAACAUwAOw==\" alt=\"DMMS\" width=\"1146\" height=\"595\" srcset=\"https:\/\/www.iptp.us\/wp-content\/uploads\/DMMSscheme.png 1146w, https:\/\/www.iptp.us\/wp-content\/uploads\/DMMSscheme-300x156.png 300w, https:\/\/www.iptp.us\/wp-content\/uploads\/DMMSscheme-768x399.png 768w, https:\/\/www.iptp.us\/wp-content\/uploads\/DMMSscheme-1024x532.png 1024w\" sizes=\"(max-width: 1146px) 100vw, 1146px\" data-src=\"\/wp-content\/uploads\/DMMSscheme.png\"><\/noscript><\/a><\/p><h2>V&#7873; DMMS ch&#7889;ng DDoS c&#7911;a IPTP Networks<\/h2><p>D&#7883;ch v&#7909; qu&#7843;n l&yacute; gi&#7843;m ph&acirc;n t&aacute;n v&agrave; ch&#7889;ng DDoS (DMMS) l&agrave; c&ocirc;ng ngh&#7879; gi&#7843;m thi&#7875;u c&aacute;c cu&#7897;c t&#7845;n c&ocirc;ng DDoS b&#7857;ng c&aacute;ch s&#7917; d&#7909;ng m&#7897;t v&agrave;nh &#273;ai m&#7841;ng &#273;&#432;&#7907;c trang b&#7883; m&#7897;t d&atilde;y t&#432;&#7901;ng l&#7917;a &#273;&atilde; &#273;&#432;&#7907;c tinh ch&#7881;nh m&#7841;nh m&#7869;. Gi&#7843;i ph&aacute;p c&#7911;a ch&uacute;ng t&ocirc;i c&oacute; 4 &#432;u &#273;i&#7875;m ch&iacute;nh so v&#7899;i k&#7929; thu&#7853;t gi&#7843;m thi&#7875;u DDoS th&ocirc;ng th&#432;&#7901;ng nh&#432; &ldquo;&#272;&#432;&#7901;ng &#7889;ng s&#7841;ch&rdquo; (Cleaning Pipe) ho&#7863;c &ldquo;Trung t&acirc;m l&agrave;m s&#7841;ch&rdquo; (Cleaning Center).<\/p><p> &#272;&#7847;u ti&ecirc;n l&agrave; &#273;&#7897; tr&#7877; &ndash; l&#432;u l&#432;&#7907;ng truy c&#7853;p &#273;&#432;&#7907;c gi&#7843;m thi&#7875;u tr&#7921;c ti&#7871;p tr&ecirc;n v&agrave;nh &#273;ai m&#7841;ng, tr&aacute;nh ph&#7843;i chuy&#7875;n h&#432;&#7899;ng l&#432;u l&#432;&#7907;ng truy c&#7853;p &#273;&#7871;n &ldquo;Trung t&acirc;m l&agrave;m s&#7841;ch&rdquo;. <\/p><p> Kh&iacute;a c&#7841;nh ti&#7871;p theo l&agrave; th&#7901;i gian ph&#7843;n &#7913;ng &ndash; t&#432;&#7901;ng l&#7917;a &#273;&#432;&#7907;c tinh ch&#7881;nh t&#7921; &#273;&#7897;ng ph&aacute;t hi&#7879;n h&#7847;u h&#7871;t c&aacute;c lo&#7841;i h&igrave;nh t&#7845;n c&ocirc;ng &ldquo;flooding&rdquo; s&#7855;p &#7891; &#7841;t t&#7899;i, v&agrave; l&#7853;p t&#7913;c b&#7855;t &#273;&#7847;u qu&aacute; tr&igrave;nh gi&#7843;m thi&#7875;u. Gi&#7843;i ph&aacute;p nhanh nh&#7841;y n&agrave;y khi&#7871;n th&#7901;i gian ph&#7843;n &#7913;ng g&#7847;n nh&#432; b&#7857;ng kh&ocirc;ng. <\/p><p> M&#7897;t &#432;u &#273;i&#7875;m kh&aacute;c c&#7911;a d&#7883;ch v&#7909; DMMS c&#7911;a IPTP l&agrave; dung l&#432;&#7907;ng m&#7841;ng kh&#7893;ng l&#7891; &ndash; tr&ecirc;n 35 Tb \/ gi&acirc;y &ndash; cho ph&eacute;p ch&#7889;ng l&#7841;i c&aacute;c cu&#7897;c t&#7845;n c&ocirc;ng DDoS b&#259;ng th&ocirc;ng l&#7899;n m&agrave; kh&ocirc;ng s&#7907; nguy c&#417; l&agrave;m gi&#7843;m ch&#7845;t l&#432;&#7907;ng d&#7883;ch v&#7909;. <\/p><p> &#431;u &#273;i&#7875;m cu&#7889;i c&ugrave;ng ch&iacute;nh l&agrave; chi ph&iacute;. Gi&#7843;m thi&#7875;u b&#7857;ng gi&#7843;i ph&aacute;p &ldquo;Trung t&acirc;m l&agrave;m s&#7841;ch \/ &#272;&#432;&#7901;ng &#7889;ng s&#7841;ch&rdquo; th&#432;&#7901;ng c&#7847;n mua th&ecirc;m b&#259;ng th&ocirc;ng &#273;&#7875; t&#7853;p trung c&aacute;c l&#432;u l&#432;&#7907;ng truy c&#7853;p cao v&agrave;o m&#7897;t &#273;i&#7875;m. Ch&uacute;ng t&ocirc;i gi&uacute;p kh&aacute;ch h&agrave;ng tr&aacute;nh &#273;&#432;&#7907;c nh&#7919;ng chi ph&iacute; kh&ocirc;ng mong mu&#7889;n n&agrave;y b&#7857;ng c&aacute;ch ph&acirc;n t&aacute;n l&#432;u l&#432;&#7907;ng gi&#7919;a nhi&#7873;u &#273;i&#7875;m trong m&#7841;ng c&#7911;a IPTP v&agrave; lo&#7841;i b&#7887; t&#7843;i cao tr&ecirc;n m&#7897;t n&uacute;t duy nh&#7845;t. &#272;i&#7873;u n&agrave;y &#273;&#432;&#7907;c th&#7921;c hi&#7879;n nh&#7901; m&#7841;ng ph&acirc;n t&aacute;n tr&ecirc;n to&agrave;n th&#7871; gi&#7899;i v&agrave; t&#432;&#7901;ng l&#7917;a DMMS c&#7911;a IPTP. <\/p><p><img decoding=\"async\" loading=\"lazy\" class=\"lazy alignleft size-full wp-image-10861\" src=\"data:image\/gif;base64,R0lGODlhAQABAAD\/ACwAAAAAAQABAAACADs=\" alt=\"DMMS\" width=\"1074\" height=\"248\" data-src=\"\/wp-content\/uploads\/DMMS_icons.png\" srcset=\"https:\/\/www.iptp.us\/wp-content\/uploads\/DMMS_icons.png 1074w, https:\/\/www.iptp.us\/wp-content\/uploads\/DMMS_icons-300x69.png 300w, https:\/\/www.iptp.us\/wp-content\/uploads\/DMMS_icons-768x177.png 768w, https:\/\/www.iptp.us\/wp-content\/uploads\/DMMS_icons-1024x236.png 1024w\" sizes=\"(max-width: 1074px) 100vw, 1074px\"><\/p><noscript><img decoding=\"async\" loading=\"lazy\" src=\"data:image\/gif;base64,R0lGODlhAQABAIAAAAAAAP\/\/\/ywAAAAAAQABAAACAUwAOw==\" alt=\"DMMS\" width=\"1074\" height=\"248\" class=\"alignleft size-full wp-image-10861 lazy\" srcset=\"https:\/\/www.iptp.us\/wp-content\/uploads\/DMMS_icons.png 1074w, https:\/\/www.iptp.us\/wp-content\/uploads\/DMMS_icons-300x69.png 300w, https:\/\/www.iptp.us\/wp-content\/uploads\/DMMS_icons-768x177.png 768w, https:\/\/www.iptp.us\/wp-content\/uploads\/DMMS_icons-1024x236.png 1024w\" sizes=\"(max-width: 1074px) 100vw, 1074px\" data-src=\"\/wp-content\/uploads\/DMMS_icons.png\"><\/noscript><h2> L&#7907;i th&#7871; c&#7911;a D&#7883;ch v&#7909; qu&#7843;n l&yacute; gi&#7843;m ph&acirc;n t&aacute;n v&agrave; ch&#7889;ng DDoS &ndash; IPTP DMMS <\/h2><h3> Kh&ocirc;ng th&ecirc;m &#273;&#7897; tr&#7877; (latency)<\/h3><p>L&#432;u l&#432;&#7907;ng truy c&#7853;p &#273;&#432;&#7907;c gi&#7843;m thi&#7875;u tr&#7921;c ti&#7871;p tr&ecirc;n v&agrave;nh &#273;ai m&#7841;ng (network perimeter), tr&aacute;nh ph&#7843;i chuy&#7875;n h&#432;&#7899;ng &#273;&#7871;n &ldquo;Trung t&acirc;m l&agrave;m s&#7841;ch&rdquo;.<\/p><h3>Kh&ocirc;ng th&#7901;i gian ph&#7843;n &#7913;ng<\/h3><p>T&#432;&#7901;ng l&#7917;a &#273;&#432;&#7907;c tinh ch&#7881;nh &#273;&#7875; t&#7921; &#273;&#7897;ng ph&aacute;t hi&#7879;n h&#7847;u h&#7871;t c&aacute;c lo&#7841;i t&#7845;n c&ocirc;ng t&#7915; ch&#7889;i d&#7883;ch v&#7909; (flood), v&agrave; l&#7853;p t&#7913;c ti&#7871;n h&agrave;nh qu&aacute; tr&igrave;nh gi&#7843;m thi&#7875;u khi&#7871;n th&#7901;i gian ph&#7843;n &#7913;ng g&#7847;n b&#7857;ng kh&ocirc;ng.<\/p><h3> Gi&#7899;i h&#7841;n b&#259;ng th&ocirc;ng cao h&#417;n b&#7903;i th&#7913; t&#7921; c&#432;&#7901;ng &#273;&#7897;.<\/h3><p>Nh&#7919;ng c&ocirc;ng ty kh&aacute;c th&#432;&#7901;ng b&#7883; gi&#7899;i h&#7841;n b&#7903;i bi&#7879;n ph&aacute;p &ldquo;Trung t&acirc;m l&agrave;m s&#7841;ch&rdquo; khi cung c&#7845;p d&#7883;ch v&#7909; ch&#7889;ng DDoS. Ch&uacute;ng t&ocirc;i kh&ocirc;ng g&#7863;p ph&#7843;i v&#7845;n &#273;&#7873; n&agrave;y nh&#7901; v&#7853;n h&agrave;nh m&#7841;ng l&#432;&#7899;i to&agrave;n c&#7847;u &#273;&#7875; &ldquo;l&agrave;m s&#7841;ch&rdquo;. Do &#273;&oacute; nh&#7919;ng l&#432;u l&#432;&#7907;ng &#273;&#7897;c h&#7841;i kh&ocirc;ng bao gi&#7901; t&#7909; t&#7853;p v&agrave; &#273;&#432;&#7907;c l&agrave;m s&#7841;ch ngay l&#7853;p t&#7913;c. Ch&uacute;ng t&ocirc;i c&oacute; th&#7875; ch&#7883;u &#273;&#7921;ng c&aacute;c cu&#7897;c t&#7845;n c&ocirc;ng b&#259;ng th&ocirc;ng n&#7863;ng nh&#7901; v&agrave;o 1500 c&#7893;ng 10Gbps &#273;&#432;&#7907;c ph&acirc;n ph&#7889;i tr&ecirc;n to&agrave;n c&#7847;u v&#7899;i t&#7893;ng c&#7897;ng c&ocirc;ng su&#7845;t m&#7841;ng v&#432;&#7907;t tr&ecirc;n 30 Tb\/s. <\/p><p>Gi&#7843;i ph&aacute;p DMMS c&#7911;a IPTP Networks l&agrave; gi&#7843;i ph&aacute;p t&#7889;i &#432;u nh&#7845;t cho vi&#7879;c b&#7843;o v&#7879; nh&#7919;ng t&agrave;i nguy&ecirc;n c&#7911;a b&#7841;n ch&#7889;ng l&#7841;i h&#7847;u h&#7871;t c&aacute;c lo&#7841;i t&#7845;n c&ocirc;ng DDoS.<\/p><h3>Kh&ocirc;ng tr&#7843; th&ecirc;m ph&iacute; cho b&#259;ng th&ocirc;ng qu&aacute; t&#7843;i.<\/h3><p>Ch&uacute;ng t&ocirc;i lo&#7841;i b&#7887; t&#7843;i cao tr&ecirc;n m&#7897;t n&uacute;t duy nh&#7845;t nh&#7901; v&agrave;o quy tr&igrave;nh ph&acirc;n t&aacute;n l&#432;u l&#432;&#7907;ng gi&#7919;a nhi&#7873;u &#273;i&#7875;m trong m&#7841;ng l&#432;&#7899;i. M&#7897;t &#432;u &#273;i&#7875;m ch&iacute;nh c&#7911;a gi&#7843;i ph&aacute;p n&agrave;y l&agrave; b&#7841;n kh&ocirc;ng ph&#7843;i tr&#7843; th&ecirc;m chi ph&iacute; cho vi&#7879;c th&ecirc;m b&#259;ng th&ocirc;ng do c&aacute;c l&#432;u l&#432;&#7907;ng &#273;&#7897;c h&#7841;i &#273;&#432;&#7907;c l&agrave;m s&#7841;ch tr&#432;&#7899;c khi ti&#7871;n &#273;&#7871;n m&#7841;ng l&#432;&#7899;i c&#7911;a IPTP.<\/p><h3>Gi&#7843;i ph&aacute;p ch&#7889;ng DDoS cao c&#7845;p.<\/h3><p>Gi&#7843;i ph&aacute;p DMMS c&#7911;a IPTP Networks tinh ch&#7881;nh t&#432;&#7901;ng l&#7917;a &#273;&#7875; x&#7917; l&yacute; b&#7845;t k&#7923; lo&#7841;i giao th&#7913;c g&igrave;, t&#7915; HTTP t&#7899;i TCP v&agrave; th&#7853;m ch&iacute; giao th&#7913;c m&atilde; h&oacute;a UDP &#273;&#432;&#7907;c s&#7917; d&#7909;ng trong ng&agrave;nh t&agrave;i ch&iacute;nh. T&#432;&#7901;ng l&#7917;a cao c&#7845;p trong m&#7841;ng l&#432;&#7899;i DMMS c&#7911;a IPTP Networks c&oacute; th&#7875; x&#7917; l&yacute; nhi&#7873;u gigabits v&agrave; l&#7885;c ra t&#7845;t c&#7843; c&aacute;c lo&#7841;i l&#432;u l&#432;&#7907;ng c&#7921;c l&#7899;n, bao g&#7891;m nh&#432;ng kh&ocirc;ng gi&#7899;i h&#7841;n t&#7899;i ICMP, UDP v&agrave; SYN. Chuy&ecirc;n gia c&#7911;a ch&uacute;ng t&ocirc;i gi&#7843;i quy&#7871;t t&#7843;i l&#432;&#7907;ng cao m&#7895;i ng&agrave;y v&agrave; v&#7853;n h&agrave;nh tr&ecirc;n thi&#7871;t b&#7883; m&#7841;ng cao c&#7845;p t&#7915; Cisco, &#273;&#7875; ch&#7855;c r&#7857;ng c&ocirc;ng ty b&#7841;n nh&#7853;n &#273;&#432;&#7907;c hi&#7879;u su&#7845;t v&ocirc; song v&agrave; b&#7843;o m&#7853;t li&ecirc;n t&#7909;c.<\/p><div>\r\n\t\t<button type=\"button\" class=\"btn btn-primary btn__jumboix btn-lg js-target-div mt-2 js-fixed-button-open-request-form \" data-target=\"jumboIX__modal\">\r\n\t\t\tRequest a quote\t\t<\/button>\r\n\t<\/div><script type=\"text\/javascript\">\r\n\t\tjQuery(function($){\r\n\r\n\t\t\t $(document).on('click', '#jumboIX__modal.active', function(e){\r\n\t\t        e.preventDefault();\r\n\r\n\t\t        $(this).find('.js-x-close').trigger('click');   \r\n\t\t    });\r\n\r\n\t\t    $(document).on('click', '#jumboIX__modal.active *', function(e){\r\n\t\t        e.stopPropagation();\r\n\r\n\t\t    });\r\n\r\n\t\t})\r\n\t<\/script><div id=\"jumboIX__modal\" class=\"popup-jumboIX-modal-s1 wrap-jumboix wrap-jumboix__2 v-modal\">\r\n\t\t<div class=\"modal__inner\">\r\n\t\t\t<button class=\"x-close js-x-close\">x<\/button>\r\n\r\n\t\t\t<h2 class=\"jumbolix-heading \">\r\n\t\t\t\tRequest a quote for DDoS mitigation service\t\t\t<\/h2>\r\n\r\n\t\t\t\r\n\t\t\t<form method=\"post\" class=\"js-form-ajax-request_form css-form-mod-v2 js_form_get_token\">\r\n\t\t\t\t   <input type=\"hidden\" name=\"_wp_http_referer\" value=\"https:\/\/www.iptp.us\/vi\/wp-json\/wp\/v2\/pages\/167\" class=\"no-check\">\r\n   <input type=\"hidden\" name=\"_current_title\" value=\"IPTP Networks\" class=\"no-check\">\r\n   <input type=\"hidden\" name=\"security\" value=\"8690560296\">\r\n   <input type=\"hidden\" name=\"form_time\" value=\"1775292801\">\r\n   <input type=\"text\" name=\"website\" style=\"display:none\" class=\"no-check\">\r\n   <input type=\"hidden\" name=\"js_check\" class=\"no-check\" value=\"\">\r\n   \r\n\r\n\t\t\t\t\t\t\t\t\t<input type=\"hidden\" name=\"service\" value=\"DDoS mitigation service\">\r\n\t\t\t\t\r\n\t\t\t\t<div class=\"row\">\r\n\t\t\t\t\t<div class=\"col-xs-12 col-md-6 line-group\">\r\n\t\t\t\t\t\t<input type=\"text\" name=\"your_name\" class=\"form-control form-control--border-bottom\" placeholder=\"Your name *\">\r\n\t\t\t\t\t<\/div>\r\n\t\t\t\t\t<div class=\"col-xs-12 col-md-6 line-group\">\r\n\t\t\t\t\t\t<input type=\"text\" name=\"email\" class=\"form-control form-control--border-bottom\" placeholder=\"E-mail *\">\r\n\t\t\t\t\t<\/div>\r\n\t\t\t\t\t<div class=\"clearfix\"><\/div>\r\n\t\t\t\t\t<div class=\"col-xs-12 col-md-6 line-group\">\r\n\t\t\t\t\t\t<input type=\"text\" name=\"organisation\" class=\"form-control form-control--border-bottom\" placeholder=\"Organisation *\">\r\n\t\t\t\t\t<\/div>\r\n\r\n\t\t\t\t\t<div class=\"col-xs-12 col-md-6 line-group\">\r\n\t\t\t\t\t\t<div class=\"wrap-intl-tel-input\">\r\n\t\t\t\t\t\t\t<input type=\"text\" name=\"asnumber\" class=\"form-control form-control--border-bottom intl-tel-input no-check\" placeholder=\"Phone Number\">\r\n\t\t\t\t\t\t<\/div>\r\n\t\t\t\t\t<\/div>\r\n\r\n\r\n\t\t\t\t\t\r\n\t\t\t\t\t<div class=\"clearfix\"><\/div>\r\n\t\t\t\t\t<div class=\"col-xs-12 col-md-12 line-group\">\r\n\t\t\t\t\t\t<div class=\"w-100\">\r\n\t\t\t\t\t\t\t<label style=\"font-weight: bold\" for=\"ms\">Describe your request<\/label>\r\n\t\t\t\t\t\t\t<textarea name=\"message\" id=\"ms\" cols=\"30\" rows=\"6\" class=\"form-control form-control--border-bottom\" placeholder=\"Quick overview *\"><\/textarea>\r\n\r\n\t\t\t\t\t\t<\/div>\r\n\t\t\t\t\t<\/div>\r\n\r\n\t\t\t\t\t<div class=\"col-xs-12 col-md-12 line-group\">\r\n\t\t\t\t\t\t* b&#7855;t bu&#7897;c\t\t\t\t\t<\/div>\r\n\r\n\r\n\t\t\t\t\t<div class=\"col-xs-12 col-md-12 text-center\">\r\n\t\t\t\t\t<!-- \t<div class=\"line-group captcha_md\">\r\n\t\t\t\t\t\t\t<div id=\"captchas\" class=\"captcha__label\" data-qid=\"captcha_69d0d18167a26\"><\/div>\r\n\t\t\t\t\t\t\t<span class=\"fa fa-refresh catpcha_refreshs catpcha_refresh_mod\"><\/span>\r\n\t\t\t\t\t\t\t<input id=\"cpatchaJumboIX\" type=\"text\" name=\"captcha\" class=\"line-group__input--213 captcha__input--custom\" placeholder=\"Captcha code\" \/>\r\n\t\t\t\t\t\t<\/div> -->\r\n\t\t\t\t\t\t<div class=\"line-groups\">\r\n\r\n\t\t\t\t\t\t\t<div class=\"hidden-sm hidden-xs\"><\/div>\r\n\t\t\t\t\t\t\t<button class=\"btn btn__jumboix\">\r\n\t\t\t\t\t\t\t\tRequest a quote\t\t\t\t\t\t\t<\/button>\r\n\t\t\t\t\t\t<\/div>\r\n\r\n\r\n\r\n\t\t\t\t\t\t<div class=\"jumboIX_completed js-jumboIX_completed--success \">\r\n\t\t\t\t\t\t\tThank you for your request\t\t\t\t\t\t<\/div>\r\n\r\n\t\t\t\t\t\t<div class=\"jumboIX_completed jumboIX_completed--error\"><\/div>\r\n\t\t\t\t\t<\/div>\r\n\t\t\t\t<\/div>\r\n\t\t\t<\/form>\r\n\t\t<\/div>\r\n\t<\/div><div class=\"div-overlay\"><\/div>\n","protected":false},"excerpt":{"rendered":"<p> D  \u1ecbch v\u1ee5 DDoS l\u00e0 m\u1ed9t trong nh\u1eefng m\u1ed1i \u0111e d\u1ecda quan tr\u1ecdng nh\u1ea5t \u0111\u1ed1i v\u1edbi b\u1ea5t k\u1ef3 t\u1ed5 ch\u1ee9c n\u00e0o ti\u1ebfn h\u00e0nh kinh doanh tr\u1ef1c tuy\u1ebfn.<br \/>\n T\u1ea5n c\u00f4ng m\u1ea1ng \u0111&#8230;<\/p>\n","protected":false},"author":1,"featured_media":0,"parent":157,"menu_order":0,"comment_status":"closed","ping_status":"closed","template":"","meta":[],"acf":[],"aioseo_notices":[],"_links":{"self":[{"href":"https:\/\/www.iptp.us\/vi\/wp-json\/wp\/v2\/pages\/167"}],"collection":[{"href":"https:\/\/www.iptp.us\/vi\/wp-json\/wp\/v2\/pages"}],"about":[{"href":"https:\/\/www.iptp.us\/vi\/wp-json\/wp\/v2\/types\/page"}],"author":[{"embeddable":true,"href":"https:\/\/www.iptp.us\/vi\/wp-json\/wp\/v2\/users\/1"}],"replies":[{"embeddable":true,"href":"https:\/\/www.iptp.us\/vi\/wp-json\/wp\/v2\/comments?post=167"}],"version-history":[{"count":128,"href":"https:\/\/www.iptp.us\/vi\/wp-json\/wp\/v2\/pages\/167\/revisions"}],"predecessor-version":[{"id":37489,"href":"https:\/\/www.iptp.us\/vi\/wp-json\/wp\/v2\/pages\/167\/revisions\/37489"}],"up":[{"embeddable":true,"href":"https:\/\/www.iptp.us\/vi\/wp-json\/wp\/v2\/pages\/157"}],"wp:attachment":[{"href":"https:\/\/www.iptp.us\/vi\/wp-json\/wp\/v2\/media?parent=167"}],"curies":[{"name":"wp","href":"https:\/\/api.w.org\/{rel}","templated":true}]}}