{"id":159,"date":"2016-08-31T15:00:44","date_gmt":"2016-08-31T12:00:44","guid":{"rendered":"https:\/\/web-mng.iptp.com\/?page_id=159"},"modified":"2026-01-13T06:54:07","modified_gmt":"2026-01-13T03:54:07","slug":"connectivity-services","status":"publish","type":"page","link":"https:\/\/www.iptp.us\/vi\/business-solutions\/managed-services\/connectivity-services\/","title":{"rendered":"D\u1ecbch V\u1ee5 Qu\u1ea3n L\u00fd K\u1ebft N\u1ed1i"},"content":{"rendered":"<div class=\"col_02\">\nD&#7883;ch v&#7909; qu&#7843;n l&yacute; k&#7871;t n&#7889;i cung c&#7845;p cho b&#7841;n kh&#7843; n&#259;ng k&#7871;t n&#7889;i m&#7841;ng to&agrave;n c&#7847;u v&#7899;i c&#417; s&#7903; h&#7841; t&#7847;ng an to&agrave;n v&agrave; &#273;&aacute;ng tin c&#7853;y. Danh m&#7909;c d&#7883;ch v&#7909; c&#7911;a IPTP Networks r&#7845;t linh ho&#7841;t, ngo&agrave;i tri&#7875;n khai d&#7883;ch v&#7909; &#273;&#7871;n c&aacute;c c&#417; s&#7903; tr&#7921;c thu&#7897;c c&#7911;a ch&uacute;ng t&ocirc;i, b&#7841;n c&ograve;n c&oacute; th&#7875;  l&#7921;a ch&#7885;n k&#7871;t n&#7889;i v&#7899;i c&#417; s&#7903; c&#7911;a c&aacute;c b&ecirc;n th&#7913; ba. B&#7841;n c&oacute; th&#7875; ch&#7885;n d&#7883;ch v&#7909; c&#7909; th&#7875; hay k&#7871;t h&#7907;p v&#7899;i m&#7897;t d&#7883;ch v&#7909; Qu&#7843;n l&yacute; K&#7871;t n&#7889;i kh&aacute;c. &#272;&#7875; bi&#7871;t th&ecirc;m th&ocirc;ng tin, vui l&ograve;ng tham kh&#7843;o <a href=\"\/wp-content\/uploads\/IPTP_Networks_Global_Map.png\" target=\"_blank\" rel=\"noopener noreferrer\">b&#7843;n &#273;&#7891; ph&#7911; s&oacute;ng m&#7841;ng c&#7911;a ch&uacute;ng t&ocirc;i<\/a> ho&#7863;c li&ecirc;n h&#7879; v&#7899;i &#273;&#7841;i di&#7879;n c&#7911;a ch&uacute;ng t&ocirc;i qua <a target=\"_top\" rel=\"noopener noreferrer\">Live Assistant<\/a>\n<h2 class=\"western\"><span style=\"font-size: medium;\">L&#7906;I &Iacute;CH:<\/span><\/h2>\n<ul>\n<li>H&#7907;p nh&#7845;t nhi&#7873;u &#7913;ng d&#7909;ng v&agrave; l&#432;u l&#432;&#7907;ng v&agrave;o c&ugrave;ng m&#7897;t m&#7841;ng th&#7889;ng nh&#7845;t.<\/li>\n<\/ul>\n<div class=\"cuprum\">\n<hr style=\"margin: 6px 0px 6px 0px; border-top: 1px dotted #ccc;\">\n<ul>\n<li>Nhi&#7873;u l&#7921;a ch&#7885;n k&#7871;t n&#7889;i Internet &#273;&aacute;p &#7913;ng c&aacute;c y&ecirc;u c&#7847;u kinh doanh kh&aacute;c nhau.<\/li>\n<\/ul>\n<hr style=\"margin: 6px 0px 6px 0px; border-top: 1px dotted #ccc;\">\n<ul>\n<li>C&#417; s&#7903; h&#7841; t&#7847;ng ho&agrave;n thi&#7879;n, d&#7851;n &#273;&#7847;u trong ng&agrave;nh &#273;&#7843;m b&#7843;o vi&#7879;c giao ti&#7871;p n&#7897;i b&#7897; v&agrave; v&#7899;i kh&aacute;ch h&agrave;ng.<\/li>\n<\/ul>\n<hr style=\"margin: 6px 0px 6px 0px; border-top: 1px dotted #ccc;\">\n<ul>\n<li>D&#7883;ch v&#7909; k&#7871;t n&#7889;i linh ho&#7841;t, &#273;&aacute;p &#7913;ng nhu c&#7847;u ph&aacute;t tri&#7875;n kinh doanh &#7903; m&#7885;i th&#7901;i &#273;i&#7875;m.<\/li>\n<\/ul>\n<hr style=\"margin: 6px 0px 6px 0px; border-top: 1px dotted #ccc;\">\n<\/div>\n<h3>Chuy&#7875;n m&#7841;ch nh&atilde;n &#273;a giao th&#7913;c (MPLS) VPN<\/h3>\n<p><a name=\"tw-target-text2\"><\/a><\/p>\n<p>Th&ocirc;ng qua d&#7883;ch v&#7909; qu&#7843;n l&yacute; MPLS, ch&uacute;ng t&ocirc;i cung c&#7845;p m&#7897;t h&#7879; th&#7889;ng IP ri&ecirc;ng v&#7899;i t&iacute;nh n&#259;ng t&#259;ng c&#432;&#7901;ng k&#7871;t n&#7889;i an to&agrave;n ch&#7845;t l&#432;&#7907;ng cao. D&#7883;ch v&#7909; n&agrave;y cung &#7913;ng kh&#7843; n&#259;ng kh&#7889;ng ch&#7871; m&#7913;c ti&ecirc;u chu&#7849;n v&#7873; &#273;&#7897; tr&#7877; (latency), m&#7845;t g&oacute;i tin m&#7841;ng (packet loss) v&agrave; jitter; t&#7915; &#273;&oacute;, &#273;&#7843;m b&#7843;o c&ugrave;ng l&uacute;c c&oacute; th&#7875; x&#7917; l&yacute; &#273;a d&#7841;ng c&aacute;c l&#432;u l&#432;&#7907;ng truy c&#7853;p, &#273;&#7863;c bi&#7879;t v&#7873; voice v&agrave; video. D&#7883;ch v&#7909; s&#7869; s&#417; l&#432;&#7907;c l&#432;u l&#432;&#7907;ng t&#7915; &#273;&#7847;u &#273;&#7871;n cu&#7889;i r&#7891;i th&#7921;c hi&#7879;n ph&acirc;n lo&#7841;i v&agrave; s&#7855;p x&#7871;p tr&igrave;nh t&#7921; &#432;u ti&ecirc;n, k&iacute;ch ho&#7841;t Th&#7887;a thu&#7853;n m&#7913;c d&#7883;ch v&#7909; (SLAs) ph&ugrave; h&#7907;p cho nhi&#7873;u l&#7899;p d&#7883;ch v&#7909;. Ch&uacute;ng t&ocirc;i c&oacute; th&#7875; cung c&#7845;p d&#7883;ch v&#7909; VPN cho to&agrave;n m&#7841;ng l&#432;&#7899;i site &ndash; site, b&#7841;n c&oacute; th&#7875; t&#7921; do ch&#7885;n thi&#7871;t k&#7871; c&#7845;u h&igrave;nh &#273;&aacute;p &#7913;ng nhu c&#7847;u c&#7911;a m&igrave;nh.<\/p>\n<h3>Qu&#7843;n l&yacute; Metro Ethernet<\/h3>\n<p class=\"main_text_15\">C&aacute;c d&#7883;ch v&#7909; Ethernet c&#7911;a ch&uacute;ng t&ocirc;i &#273;&#432;&#7907;c x&acirc;y d&#7921;ng tr&ecirc;n h&#7879; &#273;i&#7873;u h&agrave;nh c&#7911;a Cisco &ndash; cung c&#7845;p cho b&#7841;n c&aacute;c k&#7871;t n&#7889;i site-site t&#7889;c &#273;&#7897; cao h&#7895; tr&#7907; vi&#7879;c truy&#7873;n tho&#7841;i, video v&agrave; c&aacute;c lo&#7841;i l&#432;u l&#432;&#7907;ng quan tr&#7885;ng kh&aacute;c. Ch&uacute;ng t&ocirc;i cung c&#7845;p &#273;a d&#7841;ng c&aacute;c d&#7883;ch v&#7909; Ethernet g&#7891;m &#273;i&#7875;m-&#273;i&#7875;m &amp; &#273;a &#273;i&#7875;m qua qua Layer 1, Layer 2 v&agrave; Layer 3 d&#7921;a tr&ecirc;n c&aacute;c c&#7845;u tr&uacute;c li&ecirc;n k&#7871;t (topologies) &amp; t&iacute;ch h&#7907;p li&#7873;n m&#7841;ch (seamless integration); d&#7883;ch v&#7909; c&ograve;n cung c&#7845;p ch&#7913;c n&#259;ng QoS (Quality of Service)- k&#7929; thu&#7853;t &#273;i&#7873;u ch&#7881;nh v&agrave; s&#7855;p x&#7871;p l&#432;u l&#432;&#7907;ng b&#259;ng th&ocirc;ng. Ngo&agrave;i ra, ch&uacute;ng t&ocirc;i th&#7921;c hi&#7879;n Cam k&#7871;t ch&#7845;t l&#432;&#7907;ng d&#7883;ch v&#7909; (SLA) to&agrave;n di&#7879;n, &aacute;p d&#7909;ng cho hi&#7879;u su&#7845;t d&#7883;ch v&#7909; to&agrave;n c&#7909;c, &#273;&#7891;ng th&#7901;i cung c&#7845;p quy&#7873;n truy c&#7853;p c&aacute;c b&aacute;o c&aacute;o chi ti&#7871;t v&#7873; hi&#7879;u su&#7845;t.\n<\/p>\n<h3>Qu&#7843;n l&yacute; Internet<\/h3>\n<p class=\"main_text_15\">Th&ocirc;ng qua d&#7883;ch v&#7909; qu&#7843;n l&yacute; Internet, ch&uacute;ng t&ocirc;i cung c&#7845;p cho b&#7841;n k&#7871;t n&#7889;i Internet an to&agrave;n d&#7921;a tr&ecirc;n ki&#7871;n tr&uacute;c m&#7841;ng t&#7921; b&#7843;o v&#7879; c&#7911;a Cisco, x&acirc;y d&#7921;ng tr&ecirc;n c&#417; s&#7903; h&#7841; t&#7847;ng &#273;&aacute;ng tin c&#7853;y. K&#7871;t n&#7889;i &#273;&#432;&#7907;c cung c&#7845;p &#273;&#7871;n b&#7841;n b&#7845;t k&#7875; v&#7883; tr&iacute; v&agrave; ph&#432;&#417;ng ph&aacute;p truy c&#7853;p, v&#7899;i cam k&#7871;t cho hi&#7879;u su&#7845;t m&#7841;ng v&agrave; &#273;&#7897; kh&#7843; d&#7909;ng c&#7911;a d&#7883;ch v&#7909;. D&#7883;ch v&#7909; &#273;&#432;&#7907;c &#273;&#7843;m nhi&#7879;m v&#7899;i SLAs to&agrave;n di&#7879;n bao g&#7891;m: truy c&#7853;p online th&#7901;i gian th&#7921;c (real-time), l&#7883;ch s&#7917; hi&#7879;u su&#7845;t, ki&#7875;m so&aacute;t truy c&#7853;p server, &#273;&#7891; th&#7883; s&#7917; d&#7909;ng c&#7893;ng port, s&#7889; d&#432; t&agrave;i kho&#7843;n v&agrave; d&#7883;ch v&#7909; k&#7929; thu&#7853;t, danh s&aacute;ch truy c&#7853;p v&agrave; c&aacute;c t&iacute;nh n&#259;ng li&ecirc;n quan trong ng&agrave;nh.<\/p>\n<h3>IPSec VPN<\/h3>\n<p class=\"main_text_15\">D&#7883;ch v&#7909; qu&#7843;n l&yacute; b&#7843;o m&#7853;t VPN IPSec c&#7911;a ch&uacute;ng t&ocirc;i cung c&#7845;p cho b&#7841;n k&#7871;t n&#7889;i site-site an to&agrave;n th&ocirc;ng qua lu&#7891;ng d&#7919; li&#7879;u &#273;&#432;&#7907;c m&atilde; h&oacute;a trong m&#7841;ng ri&ecirc;ng ho&#7863;c m&#7841;ng c&ocirc;ng c&#7897;ng. N&oacute; d&#7921;a tr&ecirc;n th&ocirc;ng s&#7889; k&#7929; thu&#7853;t RFC v&agrave; giao th&#7913;c IPSec &ndash; m&#7897;t n&#7873;n t&#7843;ng c&#7911;a c&aacute;c ti&ecirc;u chu&#7849;n m&#7903;, gi&uacute;p truy&#7873;n t&#7843;i IPSec m&atilde; h&oacute;a v&agrave; giao th&#7913;c &#273;&#432;&#7901;ng h&#7847;m (tunneling), t&iacute;nh b&#7843;o m&#7853;t, t&iacute;nh to&agrave;n v&#7865;n v&agrave; c&ocirc;ng t&aacute;c ch&#7913;ng th&#7921;c d&#7919; li&#7879;u nh&#7919;ng k&#7871;t n&#7889;i kh&ocirc;ng an to&agrave;n nh&#432; Internet. D&#7883;ch v&#7909; n&agrave;y cung &#7913;ng m&atilde; h&oacute;a DES, 3DES v&agrave; AES v&agrave; c&oacute; th&#7875; &#273;&#432;&#7907;c cung c&#7845;p chung v&#7899;i c&ocirc;ng t&aacute;c qu&#7843;n l&yacute; t&#432;&#7901;ng l&#7917;a.<\/p>\n<h3>Qu&#7843;n l&yacute; router<\/h3>\n<p class=\"subtitle_semibold\">D&#7883;ch v&#7909; qu&#7843;n l&yacute; router cung c&#7845;p cho b&#7841;n c&#7845;u h&igrave;nh, qu&#7843;n l&yacute; v&agrave; b&#7843;o tr&igrave; b&#7897; &#273;&#7883;nh tuy&#7871;n t&#7915; xa &#273;&#7875; &#273;&#7843;m b&#7843;o b&#7841;n c&oacute; th&#7875; gi&aacute;m s&aacute;t router 24\/7. Ch&uacute;ng t&ocirc;i c&#361;ng th&#432;&#7901;ng xuy&ecirc;n &#273;&#7883;nh k&#7923; th&#7921;c hi&#7879;n sao l&#432;u c&#7845;u h&igrave;nh router v&agrave; qu&#7843;n l&yacute; c&aacute;c b&#7843;n v&aacute; l&#7895;i ph&#7847;n m&#7873;m.<\/p>\n<h3>IP Trung k&#7871;<\/h3>\n<p class=\"main_text_15\">D&#7883;ch v&#7909; IP trung k&#7871; (IP Trunking) &#273;&#432;&#7907;c ch&#7913;ng th&#7921;c b&#7903;i Cisco l&agrave; giao th&#7913;c kh&#7903;i t&#7841;o phi&ecirc;n (SIP)-d&#7921;a tr&ecirc;n trung k&#7871; t&#7915; ch&uacute;ng t&ocirc;i t&#7899;i m&#7897;t IP PBX hay h&#7879; th&#7889;ng ch&iacute;nh, truy&#7873;n t&#7843;i tho&#7841;i, &#273;a ph&#432;&#417;ng ti&#7879;n v&agrave; l&#432;u l&#432;&#7907;ng d&#7919; li&#7879;u. Ch&uacute;ng t&ocirc;i cung c&#7845;p k&#7871;t n&#7889;i c&#417; b&#7843;n, d&#7883;ch v&#7909; kh&#7849;n c&#7845;p, qu&#7843;n l&yacute; quay s&#7889; v&agrave; d&#7883;ch v&#7909; v&#7853;n h&agrave;nh, c&#361;ng nh&#432; k&#7871;t n&#7889;i &#273;i&#7879;n tho&#7841;i &#273;&#432;&#7901;ng d&agrave;i v&agrave; c&#7909;c b&#7897;. Ch&uacute;ng t&ocirc;i cung c&#7845;p d&#7883;ch v&#7909; lo&#7841;i b&#7887; IP, t&iacute;nh n&#259;ng T&#7893;ng &#273;&agrave;i nh&aacute;nh ri&ecirc;ng (PBX) v&#7899;i 1 thi&#7871;t b&#7883; c&#7893;ng gateway, m&#7897;t Thi&#7871;t b&#7883; truy c&#7853;p t&iacute;ch h&#7907;p (IAD) hay m&#7897;t IP PBX. Cam k&#7871;t SLAs to&agrave;n di&#7879;n v&#7899;i t&#7893;ng quan hi&#7879;u su&#7845;t d&#7883;ch v&#7909; v&agrave; quy&#7873;n truy c&#7853;p tr&#7921;c tuy&#7871;n v&agrave;o b&aacute;o c&aacute;o chi ti&#7871;t.<\/p>\n<h3>Frame Relay &amp; ATM<\/h3>\n<p class=\"main_text_15\">D&#7883;ch v&#7909; qu&#7843;n l&yacute; Frame Relay\/ATM c&#7911;a ch&uacute;ng t&ocirc;i truy&#7873;n t&#7843;i k&#7871;t n&#7889;i site-site Layer 2 qua 1 Frame Relay hay m&#7841;ng ATM, v&agrave; &#273;&#7875; qu&#7843;n l&yacute; v&agrave; gi&aacute;m s&aacute;t 24\/7, b&#7843;o tr&igrave; router t&#7841;i site c&#7911;a b&#7841;n trong m&#7841;ng WAN. D&#7883;ch v&#7909; c&#361;ng bao g&#7891;m c&#7853;p nh&#7853;t th&#432;&#7901;ng xuy&ecirc;n b&#7843;ng c&#7845;u h&igrave;nh &#273;&#7883;nh tuy&#7871;n v&agrave; qu&#7843;n l&yacute; ph&#7847;n m&#7873;m v&aacute; l&#7895;i.<\/p>\n<h3>Qu&#7843;n l&yacute; m&#7841;ng c&#7909;c b&#7897; LAN<\/h3>\n<p class=\"main_text_15\">D&#7883;ch v&#7909; qu&#7843;n l&yacute; m&#7841;ng m&aacute;y t&iacute;nh c&#7909;c b&#7897; (LAN) mang &#273;&#7871;n cho b&#7841;n c&#7845;u h&igrave;nh b&#7897; switch LAN t&#7915; xa, qu&#7843;n l&yacute;, b&#7843;o tr&igrave;, k&#7871;t h&#7907;p v&#7899;i qu&#7843;n l&yacute; c&aacute;c b&#7843;n v&aacute; l&#7895;i ph&#7847;n m&#7873;m. Theo &#273;&oacute;, b&#7841;n c&oacute; th&#7875; ti&#7871;t ki&#7879;m chi ph&iacute; t&#7915; &#273;&#7897;i ng&#361; IT n&#7897;i b&#7897; nh&#7901; h&#7895; tr&#7907; b&#7903;i kinh nghi&#7879;m v&agrave; kh&#7843; n&#259;ng chuy&ecirc;n s&acirc;u t&#7915; ph&iacute;a IPTP. Gi&#7843;i ph&aacute;p c&#7911;a ch&uacute;ng t&ocirc;i &#273;&#432;&#7907;c thi&#7871;t k&#7871; &#273;&#7875; &#273;&aacute;p &#7913;ng c&aacute;c y&ecirc;u c&#7847;u ri&ecirc;ng bi&#7879;t &#7903; m&#7885;i c&#7845;p &#273;&#7897; hi&#7879;u su&#7845;t d&#7883;ch v&#7909; v&agrave; c&oacute; th&#7875; &#273;&#432;&#7907;c b&#7893; sung v&#7899;i c&aacute;c d&#7883;ch v&#7909; kh&aacute;c nh&#432; IP Telephony.\n<\/p>\n<h3>IX Transit<\/h3>\n<p class=\"main_text_15\">K&#7871;t n&#7889;i v&#7899;i c&aacute;c S&agrave;n trao &#273;&#7893;i Internet (Internet Exchange) l&#7899;n c&#7911;a th&#7871; gi&#7899;i th&ocirc;ng qua m&#7841;ng l&#432;&#7899;i IPTP v&#7899;i chi ph&iacute; th&#7845;p, &#273;&#7897; tr&#7877; th&#7845;p v&agrave; b&#259;ng th&ocirc;ng &#273;&aacute;ng tin c&#7853;y. B&#7841;n c&oacute; th&#7875; ch&#7881; c&#7847;n th&ocirc;ng qua m&#7897;t c&#7893;ng port truy c&#7853;p t&#7845;t c&#7843; c&aacute;c S&agrave;n trao &#273;&#7893;i Internet ch&iacute;nh, h&#417;n 1.500 phi&ecirc;n BGP v&agrave; l&#432;u l&#432;&#7907;ng truy c&#7853;p &#273;&#432;&#7907;c trao &#273;&#7893;i v&#7899;i g&#7847;n 1.000 nh&agrave; cung c&#7845;p m&#7841;ng (ISP) Tier 2 v&agrave; Tier 1, cung &#7913;ng h&#417;n 250,000 ti&#7873;n t&#7889; &#273;&#7883;nh tuy&#7871;n (prefix). Danh s&aacute;ch c&aacute;c S&agrave;n trao &#273;&#7893;i Internet bao g&#7891;m: AMS-IX, DE-CIX, Equinix Exchange, HKIX, , LINX, SIX, , DTEL-IX, Digital Realty, TIE, Any2, v,v.\n<\/p>\n<h3>IP Transit<\/h3>\n<p class=\"main_text_15\">L&#7921;a ch&#7885;n ph&ugrave; h&#7907;p cho c&aacute;c nh&agrave; khai th&aacute;c ISP, ASP, CP, doanh nghi&#7879;p vi&#7877;n th&ocirc;ng v&agrave; trung t&acirc;m d&#7919; li&#7879;u v&#7899;i B&#7843;ng &#273;&#7883;nh tuy&#7871;n full BGP b&#259;ng th&ocirc;ng r&#7897;ng t&#7889;c &#273;&#7897; cao, kh&#7843; n&#259;ng ph&#7909;c h&#7891;i t&#7889;t. S&#7921; h&#7907;p t&aacute;c v&#7899;i Level3 (Lumen) cho ph&eacute;p ch&uacute;ng t&ocirc;i &#273;&#7841;t &#273;&#432;&#7907;c k&#7871;t n&#7889;i tr&#7921;c ti&#7871;p th&ocirc;ng qua giao th&#7913;c HSIP v&agrave; k&#7871;t n&#7889;i t&#432;&#417;ng &#273;&#432;&#417;ng (peering) v&#7899;i c&aacute;c &#273;&#7889;i t&aacute;c, thi&#7871;t l&#7853;p c&aacute;c phi&ecirc;n l&agrave;m vi&#7879;c v&#432;&#7907;t tr&#7897;i h&#417;n c&aacute;c h&#7879; th&#7889;ng t&#7921; tr&#7883; (AS) kh&aacute;c. K&#7871;t n&#7889;i tr&#7921;c ti&#7871;p m&#7903; r&#7897;ng v&agrave; m&#7889;i quan h&#7879; song ph&#432;&#417;ng b&#7873;n v&#7919;ng v&#7899;i nhi&#7873;u nh&agrave; cung c&#7845;p tr&ecirc;n kh&#7855;p th&#7871; gi&#7899;i gi&uacute;p ch&uacute;ng t&ocirc;i &#273;&#7841;t &#273;&#432;&#7907;c c&acirc;n b&#7857;ng t&#7843;i, t&#7889;i &#432;u h&oacute;a tuy&#7871;n &#273;&#432;&#7901;ng v&agrave; ph&#7841;m vi ph&#7911; s&oacute;ng to&agrave;n c&#7847;u. Hi&#7879;n &#273;&atilde; c&oacute; nh&#7919;ng l&#7921;a ch&#7885;n c&#7893;ng 100FE, 1GE v&agrave; 10GE trong c&aacute;c trung t&acirc;m d&#7919; li&#7879;u l&#7899;n tr&ecirc;n to&agrave;n th&#7871; gi&#7899;i v&agrave; t&#7841;i c&#417; s&#7903; kh&aacute;ch h&agrave;ng v&#7899;i &#273;&#432;&#7901;ng truy&#7873;n n&#7897;i h&#7841;t (local loop).<\/p>\n<h3>IPLC (International Private Leased Circuit)<\/h3>\n<p class=\"main_text_15\">D&#7883;ch v&#7909; k&ecirc;nh thu&ecirc; ri&ecirc;ng qu&#7889;c t&#7871; cung c&#7845;p gi&#7843;i ph&aacute;p k&#7871;t n&#7889;i chuy&ecirc;n d&#7909;ng &#273;i&#7875;m-&#273;i&#7875;m (P2P) &#273;&aacute;ng tin c&#7853;y v&agrave; an to&agrave;n &#7903; c&aacute;c c&#417; s&#7903; c&#7911;a kh&aacute;ch h&agrave;ng v&agrave; v&#7899;i to&agrave;n th&#7871; gi&#7899;i. N&oacute; h&#7895; tr&#7907; t&#7845;t c&#7843; c&aacute;c lo&#7841;i l&#432;u l&#432;&#7907;ng (voice, data, video ho&#7863;c b&#7845;t k&#7923; &#273;&#7897; tr&#7877; v&agrave; jitter n&agrave;o kh&aacute;c), cung c&#7845;p &#273;a d&#7841;ng b&#259;ng th&ocirc;ng v&agrave; kh&#7843; n&#259;ng m&#7903; r&#7897;ng v&agrave; &#273;&#7897; linh ho&#7841;t &#273;&#7875; &#273;&aacute;p &#7913;ng nhu c&#7847;u li&ecirc;n l&#7841;c hi&#7879;n t&#7841;i v&agrave; t&#432;&#417;ng lai c&#7911;a b&#7841;n..<br>\n.<\/p>\n<h3>EPL (Ethernet Private Line)<\/h3>\n<p class=\"main_text_15\">M&#7897;t gi&#7843;i ph&aacute;p kinh t&#7871; cho c&aacute;c &#7913;ng d&#7909;ng &#273;&ograve;i h&#7887;i l&#432;&#7907;ng b&#259;ng th&ocirc;ng l&#7899;n th&ocirc;ng qua c&#7845;u h&igrave;nh P2P &#273;&aacute;ng tin c&#7853;y, linh ho&#7841;t, b&#259;ng th&ocirc;ng cao, t&#7915; &#273;&oacute; cung c&#7845;p k&#7871;t n&#7889;i s&#7907;i dung l&#432;&#7907;ng cao gi&#7919;a site-site. D&#7883;ch v&#7909; ELP gi&uacute;p b&#7841;n k&#7871;t n&#7889;i c&aacute;c trang thi&#7871;t b&#7883; (CPE) b&#7857;ng giao di&#7879;n Ethernet v&#7899;i chi ph&iacute; hi&#7879;u qu&#7843; v&agrave; cho ph&eacute;p m&#7885;i giao th&#7913;c &#273;i&#7873;u khi&#7875;n VLAN ho&#7863;c Ethernet &#273;&#432;&#7907;c s&#7917; d&#7909;ng trong su&#7889;t d&#7883;ch v&#7909; m&agrave; kh&ocirc;ng c&#7847;n ph&#7889;i h&#7907;p v&#7899;i IPTP. Ch&#7845;t l&#432;&#7907;ng d&#7883;ch v&#7909; EPL cho ph&eacute;p s&#7917; d&#7909;ng voice, data, video ho&#7863;c b&#7845;t k&#7923; media n&agrave;o kh&aacute;c.<\/p>\n<\/div>\n","protected":false},"excerpt":{"rendered":"<p>\n   D\u1ecbch v\u1ee5 K\u1ebft n\u1ed1i \u0111\u01b0\u1ee3c Qu\u1ea3n l\u00fd cung c\u1ea5p k\u1ebft n\u1ed1i m\u1ea1ng to\u00e0n c\u1ea7u gi\u00fap b\u1ea1n giao ti\u1ebfp v\u1edbi c\u00e1c t\u1ed5 ch\u1ee9c v\u00e0 kh\u00e1ch h\u00e0ng c\u1ee7a b\u1ea1n qua m\u1ed9t c\u01a1 s\u1edf h\u1ea1 t\u1ea7ng an to\u00e0n v\u00e0 \u0111\u00e1ng &#8230;<\/p>\n","protected":false},"author":1,"featured_media":0,"parent":157,"menu_order":0,"comment_status":"closed","ping_status":"closed","template":"","meta":[],"acf":[],"aioseo_notices":[],"_links":{"self":[{"href":"https:\/\/www.iptp.us\/vi\/wp-json\/wp\/v2\/pages\/159"}],"collection":[{"href":"https:\/\/www.iptp.us\/vi\/wp-json\/wp\/v2\/pages"}],"about":[{"href":"https:\/\/www.iptp.us\/vi\/wp-json\/wp\/v2\/types\/page"}],"author":[{"embeddable":true,"href":"https:\/\/www.iptp.us\/vi\/wp-json\/wp\/v2\/users\/1"}],"replies":[{"embeddable":true,"href":"https:\/\/www.iptp.us\/vi\/wp-json\/wp\/v2\/comments?post=159"}],"version-history":[{"count":98,"href":"https:\/\/www.iptp.us\/vi\/wp-json\/wp\/v2\/pages\/159\/revisions"}],"predecessor-version":[{"id":38814,"href":"https:\/\/www.iptp.us\/vi\/wp-json\/wp\/v2\/pages\/159\/revisions\/38814"}],"up":[{"embeddable":true,"href":"https:\/\/www.iptp.us\/vi\/wp-json\/wp\/v2\/pages\/157"}],"wp:attachment":[{"href":"https:\/\/www.iptp.us\/vi\/wp-json\/wp\/v2\/media?parent=159"}],"curies":[{"name":"wp","href":"https:\/\/api.w.org\/{rel}","templated":true}]}}