{"id":1164,"date":"2020-02-06T10:52:43","date_gmt":"2020-02-06T07:52:43","guid":{"rendered":"https:\/\/web-mng.iptp.com\/?page_id=1164"},"modified":"2025-05-19T07:04:08","modified_gmt":"2025-05-19T04:04:08","slug":"low-latency-routes","status":"publish","type":"page","link":"https:\/\/www.iptp.us\/vi\/internet-access\/low-latency-routes\/","title":{"rendered":"\u0110\u01b0\u1eddng truy\u1ec1n L2 v\u1edbi \u0111\u1ed9 tr\u1ec5 si\u00eau t\u1ed1i \u01b0u"},"content":{"rendered":"<p class=\"fw-bold mb-4 text-primary\">H&#7879; th&#7889;ng m&#7841;ng internet to&agrave;n c&#7847;u v&#7899;i c&aacute;c tuy&#7871;n c&aacute;p tr&#7921;c ti&#7871;p, si&ecirc;u t&#7889;i &#432;u v&agrave; b&#7843;o m&#7853;t.<\/p><p class=\"mb-4\">\nB&#7841;n &#273;ang t&igrave;m ki&#7871;m k&ecirc;nh thu&ecirc; ri&ecirc;ng L2 MPLS t&#7889;c &#273;&#7897; c&#7921;c nhanh t&#7899;i c&aacute;c th&#7883; tr&#432;&#7901;ng qu&#7889;c t&#7871;?<\/p><p>H&#7879; th&#7889;ng m&#7841;ng l&otilde;i c&#7911;a IPTP Networks &#273;&#432;&#7907;c x&acirc;y d&#7921;ng ph&ugrave; h&#7907;p cho c&aacute;c ho&#7841;t &#273;&#7897;ng truy&#7873;n t&#7843;i d&#7919; li&#7879;u b&#7843;o m&#7853;t to&agrave;n c&#7847;u v&#7899;i t&#7889;c &#273;&#7897; cao c&ugrave;ng &#273;&#7897; tr&#7877; th&#7845;p nh&#7845;t.<\/p><p>V&#7899;i h&#7879; th&#7889;ng m&#7841;ng tr&#7909;c to&agrave;n c&#7847;u, ch&uacute;ng t&ocirc;i c&oacute; kh&#7843; n&#259;ng cung c&#7845;p d&#7883;ch v&#7909; k&#7871;t n&#7889;i v&#7899;i &#273;&#7897; tr&#7877;  t&#7889;i &#432;u nh&#7845;t cho c&aacute;c d&#7919; li&#7879;u quan tr&#7885;ng c&#7911;a doanh nghi&#7879;p b&#7841;n. D&#7877; d&agrave;ng ti&#7871;p c&#7853;n c&aacute;c th&#7883; tr&#432;&#7901;ng v&agrave; trung t&acirc;m t&agrave;i ch&iacute;nh l&#7899;n tr&ecirc;n to&agrave;n th&#7871; gi&#7899;i th&ocirc;ng qua c&aacute;c h&#7879; th&#7889;ng &#273;&#432;&#7901;ng truy&#7873;n k&#7871;t n&#7889;i t&#7899;i t&#7845;t c&#7843; c&aacute;c &#273;i&#7875;m hi&#7879;n di&#7879;n c&#7911;a IPTP Networks tr&ecirc;n to&agrave;n th&#7871; gi&#7899;i.<\/p><p>B&#7841;n kh&ocirc;ng t&igrave;m th&#7845;y &#273;&#7883;a &#273;i&#7875;m mong mu&#7889;n trong danh s&aacute;ch POP hi&#7879;n t&#7841;i c&#7911;a ch&uacute;ng t&ocirc;i?<\/p><p>Ngo&agrave;i vi&#7879;c v&#7853;n h&agrave;nh c&aacute;c tuy&#7871;n &#273;&#432;&#7901;ng c&oacute; &#273;&#7897; tr&#7877; th&#7845;p v&#7899;i c&aacute;c &#273;i&#7875;m hi&#7879;n di&#7879;n &#273;ang c&oacute;, ch&uacute;ng t&ocirc;i c&#361;ng c&oacute; th&#7875; x&acirc;y d&#7921;ng c&aacute;c tuy&#7871;n m&#7899;i d&#7921;a tr&ecirc;n m&#7913;c &#273;&#7897; y&ecirc;u c&#7847;u. D&#7851;n tr&#432;&#7899;c &#273;&#7889;i th&#7911; v&#7899;i t&#7889;c &#273;&#7897; truy c&#7853;p nhanh nh&#7845;t v&#7899;i &#273;&#7897; tr&#7877; th&#7845;p nh&#7845;t.\n<\/p><style type=\"text\/css\" id=\"gmpMapStyles_17_99552\">\r\n\t#google_map_easy_17_99552 {\r\n        width: 100%;\r\n        height: 950px;\r\n\t\t\t\t\t\t    }\r\n\t#gmapControlsNum_17_99552 {\r\n\t\twidth:100%\t}\r\n\t.gmpMapDetailsContainer#gmpMapDetailsContainer_17_99552 {\r\n\t\theight:950px;\r\n\t}\r\n\t.gmp_MapPreview#google_map_easy_17_99552 {\r\n\t\t\/*position:absolute;*\/\r\n\t\twidth: 100%;\r\n\t}\r\n\t#mapConElem_17_99552{\r\n\t\twidth: 100%\t}\r\n    .gm-style .gm-style-iw-c{\r\n        padding: 12px!important;\r\n    }\r\n\t    <\/style><div class=\"gmp_map_opts\" id=\"mapConElem_17_99552\" data-id=\"17\" data-view-id=\"17_99552\"> <div class=\"gmpLeft\"> <div class=\"gmpMapDetailsContainer\" id=\"gmpMapDetailsContainer_17_99552\"> <i class=\"gmpKMLLayersPreloader fa fa-spinner fa-spin\" aria-hidden=\"true\" style=\"display: none;\"><\/i> <div class=\"gmp_MapPreview \" id=\"google_map_easy_17_99552\"><\/div> <\/div> <\/div> <div class=\"filterRight\"> <div class=\"gmpMapMarkerFilters\" id=\"gmpMapMarkerFilters_17_99552\"> <\/div> <\/div> <div class=\"gmpMapProControlsCon\" id=\"gmpMapProControlsCon_17_99552\"> <\/div> <div class=\"gmpMapProDirectionsCon\" id=\"gmpMapProDirectionsCon_17_99552\"> <\/div> <div class=\"gmpMapProKmlFilterCon\" id=\"gmpMapProKmlFilterCon_17_99552\"> <div id=\"gmpKmlFilterShell_17_99552\" class=\"gmpKmlFilterShell\" data-map-id=\"17\" data-map-viewid=\"17_99552\" style=\"display: none;\"> <div class=\"gmpKmlFilterTitle\"> &#272;&#432;&#7901;ng truy&#7873;n L2 v&#7899;i &#273;&#7897; tr&#7877; si&ecirc;u t&#7889;i &#432;u <\/div> <div class=\"gmpKmlLoading\"> KML data loading <i class=\"fa fa-spinner fa-spin\" aria-hidden=\"true\"><\/i> <\/div> <div class=\"div-node-all\" style=\"display:none;\"> <div> <ul class=\"list-group-node-all list-unstyled\"> <li class=\"node-alls node-w-search actives\"> <input type=\"search\" placeholder=\"Search\"> <\/li> <li class=\"node-all active\"> <!-- <span class=\"icon glyphicon\"><\/span><span class=\"icon node-icon\"><\/span> --> <span class=\"icon check-icon fa fa-check-square-o p-cur\" style=\"\"><\/span> <span class=\"icon check-icon fa fa-square-o p-cur\"><\/span> <span class=\"span-node-all-text\">Show all<\/span> <\/li> <\/ul> <\/div> <\/div> <div class=\"gmpKmlFilterRowsShell\" style=\"display: none;\"><\/div> <\/div> <script type=\"text\/javascript\"> jQuery(document).ready(function($) { function clear_tag( v = \"\"){ if ( !v ) return; return v.replace(\/(<([^>]+)>)\/gi, \"\"); } $(document).on('input', '.node-w-search input', function(){ var v = $(this).val().toLowerCase(); if ( v ) { if ( $('.node-all').hasClass('active') ) { $('.node-all').trigger('click'); $('.node-all').removeClass('active'); $('.node-all').css('display','none'); } } else { $('.node-all').trigger('click'); $('.node-all').css('display','block'); } console.log('search:'); console.log(v); $('.list-group-item').each(function(e){ var e = $(this).find('.map-where').html().toLowerCase(); var i = $(this).data('nodeid'); console.log(e); console.log(v); if ( e.indexOf( v ) > -1 ){ $('[data-nodeid=\"'+i+'\"]').css('display','block'); $('[data-nodeid=\"'+i+'\"]').addClass('search-active'); console.log('th-1'); } else { $('[data-nodeid=\"'+i+'\"]').css('display','none'); $('[data-nodeid=\"'+i+'\"]').removeClass('search-active'); console.log('th-2'); } }); }); $('.list-group-item .map-where').on('click', function(event) { event.preventDefault(); event.stopPropagation(); return false; }); }); <\/script> <\/div> <div class=\"gmpSocialSharingShell gmpSocialSharingShell_17_99552\"> <\/div> <div style=\"clear: both;\"><\/div> <\/div><p><!-- [wce_code id=9] --><\/p><h2 class=\"text-normal text-center fw-bold fs-4 mb-5 text-secondary mt-5\">Ti&#7871;p c&#7853;n m&#7885;i ng&oacute;c ng&aacute;ch b&#7857;ng k&#7871;t n&#7889;i xuy&ecirc;n l&#7909;c &#273;&#7883;a c&#7911;a ch&uacute;ng t&ocirc;i.<\/h2><div class=\"row gy-3 row-cols-lg-3 row-cols-md-2 row-cols-1 mb-5\">\n<div class=\"col\">\n<div class=\"box1 box-llr p-0 rounded border-0 h-100\">\n<div class=\"position-relative rounded-top overflow-hidden\">\n<div><img decoding=\"async\" class=\"w-100 lazy\" src=\"data:image\/gif;base64,R0lGODlhAQABAIAAAAAAAP\/\/\/ywAAAAAAQABAAACAUwAOw==\" alt=\"ull-emea\" data-src=\"\/wp-content\/uploads\/ull-amer.jpg\"><\/div>\n<h3 class=\"box-llr-title position-center text-white fw-bold m-0\">CH&Acirc;U M&#7928;<\/h3>\n<\/div>\n<p class=\"p-4\">K&#7871;t n&#7889;i &#7893;n &#273;&#7883;nh gi&#7919;a t&#7845;t c&#7843; c&aacute;c &#273;i&#7875;m hi&#7879;n di&#7879;n (POP) n&#417;i ch&uacute;ng t&ocirc;i ho&#7841;t &#273;&#7897;ng &#7903; Hoa K&#7923; &amp; M&#7929; Latin (LATAM).<\/p>\n<\/div><\/div>\n<div class=\"col\">\n<div class=\"box1 box-llr p-0 rounded border-0 h-100\">\n<div class=\"position-relative rounded-top overflow-hidden\">\n<div><img decoding=\"async\" class=\"w-100 lazy\" src=\"data:image\/gif;base64,R0lGODlhAQABAIAAAAAAAP\/\/\/ywAAAAAAQABAAACAUwAOw==\" alt=\"ull-emea\" data-src=\"\/wp-content\/uploads\/ull-emea.jpg\"><\/div>\n<h3 class=\"box-llr-title position-center text-white fw-bold m-0\">EMEA<\/h3>\n<\/div>\n<p class=\"p-4\">Hi&#7879;n di&#7879;n t&#7841;i c&aacute;c trung t&acirc;m d&#7919; li&#7879;u kh&aacute;c nhau: London, Amsterdam, Marseilles, Frankfurt, Zurich, Stockholm, Dubai, Johannesburg v&agrave; nhi&#7873;u &#273;&#7883;a &#273;i&#7875;m kh&aacute;c t&#7841;i khu v&#7921;c ch&acirc;u &Acirc;u, Trung &#272;&ocirc;ng v&agrave; ch&acirc;u Phi (EMEA)\n<\/p>\n<\/div>\n<\/div>\n<div class=\"col\">\n<div class=\"box1 box-llr p-0 rounded border-0 h-100\">\n<div class=\"position-relative rounded-top overflow-hidden\">\n<div><img decoding=\"async\" class=\"w-100 lazy\" src=\"data:image\/gif;base64,R0lGODlhAQABAIAAAAAAAP\/\/\/ywAAAAAAQABAAACAUwAOw==\" alt=\"ull-emea\" data-src=\"\/wp-content\/uploads\/ull-apac.jpg\"><\/div>\n<h3 class=\"box-llr-title position-center text-white fw-bold m-0\">APAC<\/h3>\n<\/div>\n<p class=\"p-4\">Hi&#7879;n di&#7879;n t&#7841;i c&aacute;c trung t&acirc;m t&agrave;i ch&iacute;nh &#7903; Tokyo, Singapore, H&#7891;ng K&ocirc;ng, &#272;&agrave;i B&#7855;c, Seoul v&agrave; Sydney ho&#7863;c ti&#7871;p c&#7853;n c&aacute;c th&#7883; tr&#432;&#7901;ng &#273;ang ph&aacute;t tri&#7875;n &#7903; &#272;&ocirc;ng Nam &Aacute; nh&#432; Indonesia, Malaysia, Vi&#7879;t Nam ho&#7863;c Th&aacute;i Lan.<\/p>\n<\/div>\n<\/div>\n<\/div><div class=\"bg-secondary p-4 rounded mb-5\">\n<h2 class=\"text-normal text-center fw-bold fs-4 mb-4 text-white mt-3\">&#272;&#7897; tr&#7877; th&#7845;p &ndash; B&#7855;t tr&#7885;n t&#7915;ng mili gi&acirc;y.<\/h2>\n<div class=\"row gy-3 row-cols-lg-4 row-cols-md-3 row-cols-sm-2 row-cols-1\">\n<div class=\"col\">\n<div class=\"bg-white p-4 rounded border-0 h-100\">\n<p>T&#259;ng b&#259;ng th&ocirc;ng t&#7915; 10Mbps &#273;&#7871;n 100Gbps m&agrave; kh&ocirc;ng lo gi&aacute;n &#273;o&#7841;n d&#7883;ch v&#7909;.<\/p>\n<\/div>\n<\/div>\n<div class=\"col\">\n<div class=\"bg-white p-4 rounded border-0 h-100\">\n<p>T&#7853;n h&#432;&#7903;ng th&#7901;i gian uptime ho&#7841;t &#273;&#7897;ng m&#7841;ng t&#7889;i &#273;a v&#7899;i &#273;&#7847;y &#273;&#7911; &#273;&#432;&#7901;ng truy&#7873;n d&#7921; ph&ograve;ng (link protection &ndash; Tr&aacute;nh tr&ugrave;ng c&aacute;p &amp; node protection &ndash; Tr&aacute;nh tr&ugrave;ng POP) &#273;&#432;&#7907;c gi&aacute;m s&aacute;t v&agrave; backup li&ecirc;n t&#7909;c.<\/p>\n<\/div>\n<\/div>\n<div class=\"col\">\n<div class=\"bg-white p-4 rounded border-0 h-100\">\n<p>Ch&uacute;ng t&ocirc;i li&ecirc;n t&#7909;c &#273;&aacute;nh gi&aacute; l&#7841;i th&#7883; tr&#432;&#7901;ng &#273;&#7875; &#273;&#7843;m b&#7843;o IPTP lu&ocirc;n s&#7903; h&#7919;u nh&#7919;ng <a class=\"text-decoration-underline\" href=\"https:\/\/www.iptp.us\/vi\/iptp-tools\/best-path\/\">&#273;&#432;&#7901;ng truy&#7873;n t&#7889;t nh&#7845;t<\/a> v&#7899;i &#273;&#7897; tr&#7877; th&#7845;p nh&#7845;t.<\/p>\n<\/div>\n<\/div>\n<div class=\"col\">\n<div class=\"bg-white p-4 rounded border-0 h-100\">\n<p>&#272;&#7897;i ng&#361; chuy&ecirc;n gia m&#7841;ng to&agrave;n c&#7847;u lu&ocirc;n s&#7861;n s&agrave;ng h&#7895; tr&#7907; b&#7841;n 24&times;7 v&agrave; cam k&#7871;t ch&#7845;t l&#432;&#7907;ng SLA v&#7899;i hi&#7879;u su&#7845;t tuy&#7879;t v&#7901;i.<\/p>\n<\/div>\n<\/div>\n<\/div>\n<\/div><p class=\"text-center\">&#272;&#7875; ki&#7875;m tra &#273;&#7897; tr&#7877; v&agrave; &#273;&#432;&#7901;ng truy&#7873;n gi&#7919;a c&aacute;c &#273;i&#7875;m hi&#7879;n di&#7879;n, vui l&ograve;ng s&#7917; d&#7909;ng c&ocirc;ng c&#7909; <a href=\"https:\/\/www.iptp.us\/vi\/iptp-tools\/best-path\/\">Best Path<\/a><\/p>\n","protected":false},"excerpt":{"rendered":"[wce_code id=9]\n<p>M\u1ea1ng IPTP v\u1eadn h\u00e0nh c\u00e1c k\u00eanh c\u00f3 \u0111\u1ed9 tr\u1ec5 th\u1ea5p sau \u0111\u00e2y:<\/p>\n<p> PACIFIC CABLE SYSTEMS <\/p>\n<p> The RJCN or (-Japan Cable Network)<br \/>\n Chi\u1ec1u d\u00e0i:  18&#8230;<\/p>\n","protected":false},"author":1,"featured_media":0,"parent":388,"menu_order":0,"comment_status":"closed","ping_status":"closed","template":"","meta":[],"acf":[],"aioseo_notices":[],"_links":{"self":[{"href":"https:\/\/www.iptp.us\/vi\/wp-json\/wp\/v2\/pages\/1164"}],"collection":[{"href":"https:\/\/www.iptp.us\/vi\/wp-json\/wp\/v2\/pages"}],"about":[{"href":"https:\/\/www.iptp.us\/vi\/wp-json\/wp\/v2\/types\/page"}],"author":[{"embeddable":true,"href":"https:\/\/www.iptp.us\/vi\/wp-json\/wp\/v2\/users\/1"}],"replies":[{"embeddable":true,"href":"https:\/\/www.iptp.us\/vi\/wp-json\/wp\/v2\/comments?post=1164"}],"version-history":[{"count":205,"href":"https:\/\/www.iptp.us\/vi\/wp-json\/wp\/v2\/pages\/1164\/revisions"}],"predecessor-version":[{"id":36306,"href":"https:\/\/www.iptp.us\/vi\/wp-json\/wp\/v2\/pages\/1164\/revisions\/36306"}],"up":[{"embeddable":true,"href":"https:\/\/www.iptp.us\/vi\/wp-json\/wp\/v2\/pages\/388"}],"wp:attachment":[{"href":"https:\/\/www.iptp.us\/vi\/wp-json\/wp\/v2\/media?parent=1164"}],"curies":[{"name":"wp","href":"https:\/\/api.w.org\/{rel}","templated":true}]}}