{"id":9790,"date":"2019-06-19T12:02:38","date_gmt":"2019-06-19T09:02:38","guid":{"rendered":"https:\/\/web-dev.iptp.com\/?page_id=9790"},"modified":"2026-03-30T13:34:10","modified_gmt":"2026-03-30T10:34:10","slug":"direct-connection-to-cloud-providers","status":"publish","type":"page","link":"https:\/\/www.iptp.us\/pt_PT\/direct-connection-to-cloud-providers\/","title":{"rendered":"Conex\u00e3o direta a servi\u00e7os em nuvem com redes IPTP"},"content":{"rendered":"<div class=\"section section-page section-dcloud-hero\" style=\"--pcloud-banner:url('\/wp-content\/uploads\/direct-cloud-2.png')\">\n<div class=\"inner\">\n<div class=\"text-block text-start\">\n<h1>Conex&atilde;o direta a servi&ccedil;os em nuvem com redes IPTP<\/h1>\n<p class=\"text-start mb-0\">Obtenha vantagem na conectividade utilizando o nosso servi&ccedil;o Direct Connect. Na computa&ccedil;&atilde;o em nuvem, milissegundos significam milh&otilde;es, e escolher a solu&ccedil;&atilde;o certa para uma conectividade fi&aacute;vel e garantida &eacute; essencial.<\/p>\n<\/div>\n<\/div>\n<div class=\"--is-mobile\"><img decoding=\"async\" src=\"data:image\/gif;base64,R0lGODlhAQABAIAAAAAAAP\/\/\/ywAAAAAAQABAAACAUwAOw==\" alt=\"cloud\" data-src=\"\/wp-content\/uploads\/cloud.png\" class=\"lazy\"><\/div>\n<\/div><div class=\"section\"><div class=\"inner innerbreadcrum\"><div class=\"aioseo-breadcrumbs\"><span class=\"aioseo-breadcrumb\">\n\tHome\n<\/span><\/div><\/div><\/div><div class=\"inner\">\nIPTP Networks ajudar&aacute; voc&ecirc; a estabelecer conectividade privada direta entre o provedor de nuvem escolhido e o seu datacenter, escrit&oacute;rio ou ambiente de colocation, que em muitos casos pode reduzir os custos de rede, aumentar o rendimento da largura de banda e fornecer uma experi&ecirc;ncia de rede mais consistente do que as conex&otilde;es baseadas na Internet. Use portas &uacute;nicas ou m&uacute;ltiplas em qualquer local do mundo para implantar uma conex&atilde;o direta segura de sua infraestrutura digital a mais de 2500 provedores de nuvem, incluindo Amazon Web Services (AWS), Microsoft Azure, Alibaba Cloud, Oracle Cloud, SAP Cloud, Salesforce, Google Cloud Platform e muitos outros.\n<p><img decoding=\"async\" loading=\"lazy\" width=\"1410\" height=\"408\" class=\"lazy alignleft size-full wp-image-10317\" src=\"data:image\/gif;base64,R0lGODlhAQABAAD\/ACwAAAAAAQABAAACADs=\" data-src=\"\/wp-content\/uploads\/cloudproviders.png\" alt=\"Direct connection to cloud providers\" srcset=\"https:\/\/www.iptp.us\/wp-content\/uploads\/cloudproviders.png 1410w, https:\/\/www.iptp.us\/wp-content\/uploads\/cloudproviders-300x87.png 300w, https:\/\/www.iptp.us\/wp-content\/uploads\/cloudproviders-768x222.png 768w, https:\/\/www.iptp.us\/wp-content\/uploads\/cloudproviders-1024x296.png 1024w\" sizes=\"(max-width: 1410px) 100vw, 1410px\"><\/p><noscript><img decoding=\"async\" loading=\"lazy\" width=\"1410\" height=\"408\" class=\"alignleft size-full wp-image-10317 lazy\" src=\"data:image\/gif;base64,R0lGODlhAQABAIAAAAAAAP\/\/\/ywAAAAAAQABAAACAUwAOw==\" alt=\"Direct connection to cloud providers\" srcset=\"https:\/\/www.iptp.us\/wp-content\/uploads\/cloudproviders.png 1410w, https:\/\/www.iptp.us\/wp-content\/uploads\/cloudproviders-300x87.png 300w, https:\/\/www.iptp.us\/wp-content\/uploads\/cloudproviders-768x222.png 768w, https:\/\/www.iptp.us\/wp-content\/uploads\/cloudproviders-1024x296.png 1024w\" sizes=\"(max-width: 1410px) 100vw, 1410px\" data-src=\"\/wp-content\/uploads\/cloudproviders.png\"><\/noscript>\n<h2>BENEF&Iacute;CIOS:<\/h2>\n<p>&bull; Menores custos de largura de banda<br>\n&bull; Desempenho consistente da rede<br>\n&bull; Conex&atilde;o el&aacute;stica<br>\n&bull; Amea&ccedil;as de seguran&ccedil;a minimizadas<br>\n&bull; Melhor controle dos seus dados<\/p>\n<p>A conex&atilde;o direta com os provedores de nuvem ajuda a melhorar o n&iacute;vel de seguran&ccedil;a e a minimizar as amea&ccedil;as que ultrapassam a Internet p&uacute;blica, al&eacute;m de oferecer um melhor controle sobre suas conex&otilde;es com op&ccedil;&otilde;es de largura de banda flex&iacute;veis. As empresas, que est&atilde;o armazenando seus dados na nuvem, podem ter certeza de que seus dados n&atilde;o apenas ser&atilde;o armazenados em backup, mas tamb&eacute;m mais protegidos. IPTP Networks pode garantir uma conex&atilde;o perfeitamente segura e est&aacute;vel nos termos do SLA, atrav&eacute;s das rotas mais ideais com a menor lat&ecirc;ncia poss&iacute;vel, o que tamb&eacute;m &eacute; livre de tremula&ccedil;&atilde;o.\n<\/p><\/div>\n","protected":false},"excerpt":{"rendered":"<p>IPTP Networks ajudar\u00e1 voc\u00ea a estabelecer conectividade privada direta entre o provedor de nuvem escolhido e o seu datacenter, escrit\u00f3rio ou ambiente de colocation, que em muitos casos pode reduzir os custos de rede, aumentar o rendimento da largura d&#8230;<\/p>\n","protected":false},"author":1,"featured_media":0,"parent":0,"menu_order":0,"comment_status":"closed","ping_status":"closed","template":"template-inner-page.php","meta":[],"acf":[],"aioseo_notices":[],"_links":{"self":[{"href":"https:\/\/www.iptp.us\/pt_PT\/wp-json\/wp\/v2\/pages\/9790"}],"collection":[{"href":"https:\/\/www.iptp.us\/pt_PT\/wp-json\/wp\/v2\/pages"}],"about":[{"href":"https:\/\/www.iptp.us\/pt_PT\/wp-json\/wp\/v2\/types\/page"}],"author":[{"embeddable":true,"href":"https:\/\/www.iptp.us\/pt_PT\/wp-json\/wp\/v2\/users\/1"}],"replies":[{"embeddable":true,"href":"https:\/\/www.iptp.us\/pt_PT\/wp-json\/wp\/v2\/comments?post=9790"}],"version-history":[{"count":265,"href":"https:\/\/www.iptp.us\/pt_PT\/wp-json\/wp\/v2\/pages\/9790\/revisions"}],"predecessor-version":[{"id":39365,"href":"https:\/\/www.iptp.us\/pt_PT\/wp-json\/wp\/v2\/pages\/9790\/revisions\/39365"}],"wp:attachment":[{"href":"https:\/\/www.iptp.us\/pt_PT\/wp-json\/wp\/v2\/media?parent=9790"}],"curies":[{"name":"wp","href":"https:\/\/api.w.org\/{rel}","templated":true}]}}