{"id":9681,"date":"2019-06-18T18:44:36","date_gmt":"2019-06-18T15:44:36","guid":{"rendered":"https:\/\/web-dev.iptp.com\/?page_id=9681"},"modified":"2026-04-02T12:59:46","modified_gmt":"2026-04-02T09:59:46","slug":"business-solutions","status":"publish","type":"page","link":"https:\/\/www.iptp.us\/pt_PT\/business-solutions\/","title":{"rendered":"Solu\u00e7\u00e3o de neg\u00f3cio"},"content":{"rendered":"<p>IPTP Networks &eacute; uma provedora de solu&ccedil;&otilde;es de neg&oacute;cios abrangentes. Nossos servi&ccedil;os abrangem uma ampla gama de &aacute;reas, incluindo redes, conectividade, servi&ccedil;os em nuvem e solu&ccedil;&otilde;es de data center. Com foco no fornecimento de solu&ccedil;&otilde;es seguras e confi&aacute;veis, a IPTP Networks oferece servi&ccedil;os personalizados para atender &agrave;s necessidades exclusivas das empresas. Seja aprimorando a infraestrutura de rede, otimizando a conectividade ou aproveitando as tecnologias de nuvem, a IPTP Networks fornece solu&ccedil;&otilde;es inovadoras para impulsionar o crescimento e a efici&ecirc;ncia dos neg&oacute;cios.<\/p><div class=\"row-flex wrap-remote-ix\">\n<div class=\"w-30 w-30--col\">\n<div class=\"box1\" data-matchheight=\".box1\">\n<div class=\"text-center pt-4\">\n<p><img decoding=\"async\" src=\"data:image\/gif;base64,R0lGODlhAQABAIAAAAAAAP\/\/\/ywAAAAAAQABAAACAUwAOw==\" alt=\"netadvis\" width=\"50\" data-src=\"\/wp-content\/uploads\/netadvis.svg\" class=\"lazy\"><\/p>\n<h2><a href=\"https:\/\/www.iptp.us\/pt_PT\/business-solutions\/network-advisory-services\/\">Network Advisory Services<\/a><\/h2>\n<\/div>\n<ul>\n<li>Network Advisory By Services<\/li>\n<li>Network Advisory By Industry<\/li>\n<li>Network Advisory By Region<\/li>\n<\/ul>\n<\/div>\n<\/div>\n<div class=\"w-30 w-30--col\">\n<div class=\"box1\" data-matchheight=\".box1\">\n<div class=\"text-center pt-4\">\n<p><img decoding=\"async\" src=\"data:image\/gif;base64,R0lGODlhAQABAIAAAAAAAP\/\/\/ywAAAAAAQABAAACAUwAOw==\" alt=\"Integration Services\" data-src=\"\/wp-content\/uploads\/integration.svg\" class=\"lazy\"><\/p>\n<h2><a href=\"https:\/\/www.iptp.us\/pt_PT\/business-solutions\/integration-services\/\">Servi&ccedil;os De Integra&ccedil;&atilde;o<br>\n<\/a><\/h2>\n<\/div>\n<ul>\n<li><a href=\"https:\/\/www.iptp.us\/pt_PT\/business-solutions\/integration-services\/xaas\/\">XAAS<\/a><\/li>\n<li><a href=\"https:\/\/www.iptp.us\/pt_PT\/business-solutions\/integration-services\/sd-wan-enabler\/\">SD-WAN Enabler<\/a><\/li>\n<\/ul>\n<\/div>\n<\/div>\n<div class=\"w-30 w-30--col\">\n<div class=\"box1\" data-matchheight=\".box1\">\n<div class=\"text-center pt-4\">\n<p><img decoding=\"async\" src=\"data:image\/gif;base64,R0lGODlhAQABAIAAAAAAAP\/\/\/ywAAAAAAQABAAACAUwAOw==\" alt=\"Managed Services\" data-src=\"\/wp-content\/uploads\/managed.svg\" class=\"lazy\"><\/p>\n<h2><a href=\"https:\/\/www.iptp.us\/pt_PT\/business-solutions\/managed-services\/\">Servi&ccedil;os Gerenciados<br>\n<\/a><\/h2>\n<\/div>\n<ul>\n<li><a href=\"https:\/\/www.iptp.us\/pt_PT\/business-solutions\/managed-services\/connectivity-services\/\">Servi&ccedil;os De Conectividade Gerenciados<\/a><\/li>\n<li><a href=\"https:\/\/www.iptp.us\/pt_PT\/business-solutions\/managed-services\/unified-communication\/\">Servi&ccedil;os De Comunica&ccedil;&atilde;o Unificada Gerenciada<\/a><\/li>\n<li><a href=\"https:\/\/www.iptp.us\/pt_PT\/business-solutions\/managed-services\/security-services\/\">Servi&ccedil;os De Seguran&ccedil;a Gerenciados<\/a><\/li>\n<li><a href=\"https:\/\/www.iptp.us\/pt_PT\/dmms\/\">Servi&ccedil;o Gerenciado De Mitiga&ccedil;&atilde;o Distribu&iacute;da De Iptp Contra DDOS (DMMS)<\/a><\/li>\n<\/ul>\n<\/div>\n<\/div>\n<div class=\"w-30 w-30--col\">\n<div class=\"box1\" data-matchheight=\".box1\">\n<div class=\"text-center pt-4\">\n<p><img decoding=\"async\" src=\"data:image\/gif;base64,R0lGODlhAQABAIAAAAAAAP\/\/\/ywAAAAAAQABAAACAUwAOw==\" alt=\"Office solutions\" data-src=\"\/wp-content\/uploads\/office.svg\" class=\"lazy\"><\/p>\n<h2><a href=\"https:\/\/www.iptp.us\/pt_PT\/business-solutions\/office-solutions\/\">Solu&ccedil;&otilde;es De Escrit&oacute;rio<\/a><\/h2>\n<\/div>\n<ul>\n<li><a href=\"https:\/\/www.iptp.us\/pt_PT\/careers\/erp-manager\/\">IPTP ERP e CRM<\/a><\/li>\n<li><a href=\"https:\/\/www.iptp.us\/pt_PT\/business-solutions\/office-solutions\/cross-messenger\/\">Cross Messenger (XM)<\/a><\/li>\n<li><a href=\"https:\/\/www.iptp.us\/pt_PT\/business-solutions\/office-solutions\/ip-telephony\/\">Telefonia IP<\/a><\/li>\n<li><a href=\"https:\/\/www.iptp.us\/pt_PT\/business-solutions\/office-solutions\/remote-office\/\">Escrit&oacute;rio Remoto<\/a><\/li>\n<li><a href=\"https:\/\/www.iptp.us\/pt_PT\/business-solutions\/office-solutions\/cisco-telepresence\/\">Cisco TelePresence<\/a><\/li>\n<li><a href=\"https:\/\/www.iptp.us\/pt_PT\/business-solutions\/office-solutions\/video-surveillance\/\">Vigil&acirc;ncia por V&iacute;deo IPTP<\/a><\/li>\n<\/ul>\n<\/div>\n<\/div>\n<div class=\"w-30 w-30--col\">\n<div class=\"box1\" data-matchheight=\".box1\">\n<div class=\"text-center pt-4\">\n<p><img decoding=\"async\" src=\"data:image\/gif;base64,R0lGODlhAQABAIAAAAAAAP\/\/\/ywAAAAAAQABAAACAUwAOw==\" alt=\"Global Logistics\" height=\"60\" data-src=\"\/wp-content\/uploads\/shippingico.svg\" class=\"lazy\"><\/p>\n<h2><a href=\"https:\/\/www.iptp.us\/pt_PT\/global-logistics\/\">Log&iacute;stica Global<\/a><\/h2>\n<\/div>\n<ul>\n<li><a href=\"https:\/\/www.iptp.us\/pt_PT\/global-logistics\/purchasing\/\">Purchasing<\/a><\/li>\n<li><a href=\"https:\/\/www.iptp.us\/pt_PT\/global-logistics\/shipping\/\">Shipping<\/a><\/li>\n<li><a href=\"https:\/\/www.iptp.us\/pt_PT\/global-logistics\/warehouse-storage\/\">Warehouse storage<\/a><\/li>\n<li><a href=\"https:\/\/www.iptp.us\/pt_PT\/global-logistics\/ior-eor\/\">IOR &amp; EOR<\/a><\/li>\n<\/ul>\n<\/div>\n<\/div>\n<\/div>\n","protected":false},"excerpt":{"rendered":"<p>&#8230;<\/p>\n","protected":false},"author":1,"featured_media":0,"parent":0,"menu_order":0,"comment_status":"closed","ping_status":"closed","template":"","meta":[],"acf":[],"aioseo_notices":[],"_links":{"self":[{"href":"https:\/\/www.iptp.us\/pt_PT\/wp-json\/wp\/v2\/pages\/9681"}],"collection":[{"href":"https:\/\/www.iptp.us\/pt_PT\/wp-json\/wp\/v2\/pages"}],"about":[{"href":"https:\/\/www.iptp.us\/pt_PT\/wp-json\/wp\/v2\/types\/page"}],"author":[{"embeddable":true,"href":"https:\/\/www.iptp.us\/pt_PT\/wp-json\/wp\/v2\/users\/1"}],"replies":[{"embeddable":true,"href":"https:\/\/www.iptp.us\/pt_PT\/wp-json\/wp\/v2\/comments?post=9681"}],"version-history":[{"count":166,"href":"https:\/\/www.iptp.us\/pt_PT\/wp-json\/wp\/v2\/pages\/9681\/revisions"}],"predecessor-version":[{"id":37542,"href":"https:\/\/www.iptp.us\/pt_PT\/wp-json\/wp\/v2\/pages\/9681\/revisions\/37542"}],"wp:attachment":[{"href":"https:\/\/www.iptp.us\/pt_PT\/wp-json\/wp\/v2\/media?parent=9681"}],"curies":[{"name":"wp","href":"https:\/\/api.w.org\/{rel}","templated":true}]}}