{"id":75,"date":"2019-08-29T10:00:29","date_gmt":"2019-08-29T07:00:29","guid":{"rendered":"https:\/\/web-mng.iptp.com\/?page_id=75"},"modified":"2026-02-04T06:34:58","modified_gmt":"2026-02-04T03:34:58","slug":"careers","status":"publish","type":"page","link":"https:\/\/www.iptp.us\/pt_PT\/careers\/","title":{"rendered":"Carreiras"},"content":{"rendered":"<p>Os escrit&oacute;rios da IPTP Networks est&atilde;o localizados em todo o mundo &ndash; regi&atilde;o das Am&eacute;ricas, &Aacute;sia-Pac&iacute;fico e Uni&atilde;o Europ&eacute;ia. Estamos &agrave; procura de especialistas com paix&atilde;o pelo Networking para se juntar &agrave; nossa equipe de profissionais dedicados e nos ajudar a elevar nossa empresa a um novo patamar.<\/p><p>Se voc&ecirc; tem experi&ecirc;ncia anterior na ind&uacute;stria ou se voc&ecirc; &eacute; um estagi&aacute;rio que quer aprender mais sobre solu&ccedil;&otilde;es de rede, &eacute; o seu sucesso para a perfei&ccedil;&atilde;o e vontade de aprender que estamos procurando.<\/p><p>&nbsp;<img decoding=\"async\" loading=\"lazy\" class=\"lazy size-full wp-image-845 aligncenter\" src=\"data:image\/gif;base64,R0lGODlhAQABAAD\/ACwAAAAAAQABAAACADs=\" data-src=\"\/wp-content\/uploads\/career_header.png\" alt=\"career_header\" width=\"1024\" height=\"200\" srcset=\"https:\/\/www.iptp.us\/wp-content\/uploads\/career_header.png 1024w, https:\/\/www.iptp.us\/wp-content\/uploads\/career_header-300x59.png 300w, https:\/\/www.iptp.us\/wp-content\/uploads\/career_header-768x150.png 768w\" sizes=\"(max-width: 1024px) 100vw, 1024px\"><\/p><noscript><img decoding=\"async\" loading=\"lazy\" class=\"size-full wp-image-845 aligncenter lazy\" src=\"data:image\/gif;base64,R0lGODlhAQABAIAAAAAAAP\/\/\/ywAAAAAAQABAAACAUwAOw==\" alt=\"career_header\" width=\"1024\" height=\"200\" srcset=\"https:\/\/www.iptp.us\/wp-content\/uploads\/career_header.png 1024w, https:\/\/www.iptp.us\/wp-content\/uploads\/career_header-300x59.png 300w, https:\/\/www.iptp.us\/wp-content\/uploads\/career_header-768x150.png 768w\" sizes=\"(max-width: 1024px) 100vw, 1024px\" data-src=\"\/wp-content\/uploads\/career_header.png\"><\/noscript><h5>Trabalhar no IPTP Networks<\/h5><p>Portf&oacute;lio extenso e vasta experi&ecirc;ncia em rede em todo o mundo. Pr&aacute;ticas de neg&oacute;cios din&acirc;micas e inovadoras, tecnologias de ponta, tarefas complexas e solu&ccedil;&otilde;es flex&iacute;veis.<\/p><p>Trabalhe com uma equipe de especialistas de alto n&iacute;vel<\/p><p>Quer realizar seu potencial e ter a chance de aplicar suas habilidades? Junte-se ao IPTP!<\/p><h6>Temos as seguintes vagas:<\/h6><p><strong>Amsterd&atilde;, Holanda (e-mail: <span class=\"email\">ten.ptpi@rh<\/span> phone: +31 207 147 499)<\/strong><\/p><ul>\n<\/ul><hr style=\"margin: 6px 0px 6px 0px; border-top: 1px dotted #ccc;\"><p><strong>Chipre (e-mail: <span class=\"email\">ten.ptpi@rh<\/span>Telefone: +357 25 878860)<\/strong><\/p><ul>\n<\/ul><hr style=\"margin: 6px 0px 6px 0px; border-top: 1px dotted #ccc;\"><p><strong>Lima, Per&uacute; (e-mail: <span class=\"email\">ep.ptpi@rh<\/span> Tel&eacute;fono: +51 1 642 00 61)<\/strong><\/p><ul>\n<li><a href=\"https:\/\/www.iptp.us\/pt_PT\/careers\/java-developer\/\">Java developer<\/a><\/li>\n<li><a href=\"https:\/\/www.iptp.us\/pt_PT\/careers\/qa-engineer-software-testing\/\">QA Engineer (Software Testing)<\/a><\/li>\n<li><a href=\"https:\/\/www.iptp.us\/pt_PT\/careers\/peering-engineers\/\">Peering Engineers<\/a><\/li>\n<li><a href=\"https:\/\/www.iptp.us\/pt_PT\/careers\/junior-system-network-engineer\/\">Junior System\/Network Engineer<\/a><\/li>\n<li><a href=\"https:\/\/www.iptp.us\/pt_PT\/careers\/javascript-developer\/\">Javascript developer<\/a><\/li>\n<p>\t<!--\t\n\n<li><a href=\"https:\/\/www.iptp.us\/pt_PT\/careers\/graphic-designer\/\">Designer gr&aacute;fico<\/a><\/li>\n\n -->\n<\/p><\/ul><hr style=\"margin: 6px 0px 6px 0px; border-top: 1px dotted #ccc;\"><p><strong>Nova York (e-mail: <span class=\"email\">ten.ptpi@rh<\/span> Telefone: +1 302 407 4023)<\/strong><\/p><hr style=\"margin: 6px 0px 6px 0px; border-top: 1px dotted #ccc;\"><p><strong>Hong Kong (e-mail: <span class=\"email\">kh.ptpi@rh<\/span> Telefone: +852 24 383 217)<\/strong><\/p><ul>\n<li><a href=\"https:\/\/www.iptp.us\/pt_PT\/careers\/project-assistant\/\">Project Assistant<\/a><\/li>\n<li><a href=\"https:\/\/www.iptp.us\/pt_PT\/careers\/junior-engineer\/\">Junior Engineer<\/a><\/li>\n<li><a href=\"https:\/\/www.iptp.us\/pt_PT\/careers\/purchasing-warehouse-coordinator\/\">Purchasing and Warehouse Coordinator<\/a><\/li>\n<li><a href=\"https:\/\/www.iptp.us\/pt_PT\/careers\/accounting-and-administrative-assistant\/\">Accounting and Administrative Assistant<\/a><\/li>\n<li><a href=\"https:\/\/www.iptp.us\/pt_PT\/careers\/chief-revenue-officer\/\">Chief Revenue Officer<\/a><\/li>\n<\/ul><hr style=\"margin: 6px 0px 6px 0px; border-top: 1px dotted #ccc;\"><p><strong>Ho Chi Minh, Vietnam (e-mail: <span class=\"email\">nv.ptpi@rh<\/span>, Telefone:+84 871 099 858)<\/strong><\/p><ul>\n<!--      \n\n<li><a href=\"https:\/\/www.iptp.us\/pt_PT\/careers\/qa-specialist\/\">QA Specialist<\/a><\/li>\n\n\n\t \n\n<li><a href=\"https:\/\/www.iptp.us\/pt_PT\/careers\/qa-engineer-software-testing\/\">QA Engineer (Software Testing)<\/a><\/li>\n\n\n\t \n\n<li><a href=\"https:\/\/www.iptp.us\/pt_PT\/careers\/customer-care-engineer\/\">Customer Care Engineer<\/a><\/li>\n\n\n\t \n\n<li><a href=\"https:\/\/www.iptp.us\/pt_PT\/careers\/digital-marketing-specialist\/\">Digital Marketing Specialist<\/a><\/li>\n\n -->\n<li><a href=\"https:\/\/www.iptp.us\/pt_PT\/careers\/frontend-software-developer\/\">Frontend Software Developer<\/a><\/li>\n<\/ul><hr><p><strong>Da Nang, Vietnam (e-mail: <span class=\"email\">nv.ptpi@rh<\/span> , phone:+84 871 099 858)<\/strong><\/p><ul>\n<!-- \t\n\n<li><a href=\"https:\/\/www.iptp.us\/pt_PT\/careers\/java-developer\/\">Java developer<\/a><\/li>\n\n\n\t\n\n<li><a href=\"https:\/\/www.iptp.us\/pt_PT\/careers\/qa-engineer-software-testing\/\">QA Engineer (Software Testing)<\/a><\/li>\n\n\n    \n\n<li><a href=\"https:\/\/www.iptp.us\/pt_PT\/careers\/peering-engineers\/\">Peering Engineers<\/a><\/li>\n\n\n    \n\n<li><a href=\"\/\/careers\/junior-systemnetwork-engineer\/\">Network\/System Engineer (Junior-Senior level)<\/a><\/li>\n\n\n\t\n\n<li><a href=\"https:\/\/www.iptp.us\/pt_PT\/careers\/javascript-developer\/\">Javascript developer<\/a><\/li>\n\n\n\t\n\n<li><a href=\"https:\/\/www.iptp.us\/pt_PT\/careers\/customer-care-engineer\/\">Customer Care Engineer<\/a><\/li>\n\n\n\t\n\n<li><a href=\"https:\/\/www.iptp.us\/pt_PT\/careers\/digital-marketing-specialist\/\">Digital Marketing Specialist<\/a><\/li>\n\n -->\n<li><a href=\"https:\/\/www.iptp.us\/pt_PT\/careers\/frontend-software-developer\/\">Frontend Software Developer<\/a><\/li>\n<\/ul><hr style=\"margin: 6px 0px 6px 0px; border-top: 1px dotted #ccc;\"><h6>Carreiras de aluguer experiente dispon&iacute;veis:<\/h6><p><strong>Vendas<\/strong><\/p><p>Apenas palestrantes diretos orientados para equipe precisam ser aplicados. Mentes anal&iacute;ticas necess&aacute;rias para tratar de casos de desenvolvimento de neg&oacute;cios.<\/p><p>Experi&ecirc;ncia na condu&ccedil;&atilde;o de negocia&ccedil;&otilde;es por telefone, conhecimento da &eacute;tica da comunica&ccedil;&atilde;o empresarial e correspond&ecirc;ncia comercial, habilidades t&eacute;cnicas em telecomunica&ccedil;&otilde;es (ensino t&eacute;cnico &eacute; bem-vindo).<\/p><hr style=\"margin: 6px 0px 6px 0px; border-top: 1px dotted #ccc;\"><p><strong>Administradores \/ Engenheiros de Sistema<\/strong><\/p><p>Possuir um vasto conhecimento no campo da tecnologia da informa&ccedil;&atilde;o e capaz de resolver problemas de forma r&aacute;pida e eficiente. A capacidade de usar sua pr&oacute;pria iniciativa, &agrave;s vezes sob press&atilde;o, mantendo uma sa&iacute;da de alta qualidade &eacute; um pr&eacute;-requisito.<\/p><hr style=\"margin: 6px 0px 6px 0px; border-top: 1px dotted #ccc;\"><p><strong>Servi&ccedil;os Internos<\/strong><\/p><p>Pessoal administrativo qualificado necess&aacute;rio. Experi&ecirc;ncia em Rela&ccedil;&otilde;es P&uacute;blicas, habilidades b&aacute;sicas em TI, conhecimento de idiomas &eacute; uma vantagem. O candidato ideal deve ter fortes habilidades administrativas e estar atento aos detalhes. Deve ter boas habilidades anal&iacute;ticas e de resolu&ccedil;&atilde;o de problemas, ser pr&oacute;-ativo e ter uma abordagem &lsquo;pode fazer&rsquo; em rela&ccedil;&atilde;o ao seu trabalho.<\/p><h6>Carreira Estudantil\n<h6><\/h6>\n<\/h6><p><strong>Est&aacute;gios<\/strong><br>\nCongratulamo-nos com os alunos tamb&eacute;m.<\/p><hr style=\"margin: 6px 0px 6px 0px; border-top: 1px dotted #ccc;\"><p><strong>Universit&aacute;rios<\/strong><\/p><p>Oferecemos muitas oportunidades colaborativas para atender os clientes enquanto voc&ecirc; cresce.<\/p><h6>Contato<\/h6><p>Voc&ecirc; pode enviar seu curr&iacute;culo para um dos endere&ccedil;os na p&aacute;gina de <a href=\"https:\/\/www.iptp.us\/pt_PT\/company\/contacts\/\">contatos<\/a>.<br>\nTodos os candidatos ser&atilde;o considerados e o feedback apropriado ser&aacute; fornecido.<\/p><p>Os candidatos selecionados ser&atilde;o contatados logo em seguida para marcar uma entrevista.<\/p><hr>\n","protected":false},"excerpt":{"rendered":"<p>\n  Os escrit\u00f3rios da IPTP Networks est\u00e3o localizados em todo o mundo &#8211; regi\u00e3o das Am\u00e9ricas, \u00c1sia-Pac\u00edfico, Uni\u00e3o Europ\u00e9ia e . Estamos \u00e0 procura de especialistas com paix\u00e3&#8230;<\/p>\n","protected":false},"author":1,"featured_media":0,"parent":0,"menu_order":0,"comment_status":"closed","ping_status":"closed","template":"","meta":[],"acf":[],"aioseo_notices":[],"_links":{"self":[{"href":"https:\/\/www.iptp.us\/pt_PT\/wp-json\/wp\/v2\/pages\/75"}],"collection":[{"href":"https:\/\/www.iptp.us\/pt_PT\/wp-json\/wp\/v2\/pages"}],"about":[{"href":"https:\/\/www.iptp.us\/pt_PT\/wp-json\/wp\/v2\/types\/page"}],"author":[{"embeddable":true,"href":"https:\/\/www.iptp.us\/pt_PT\/wp-json\/wp\/v2\/users\/1"}],"replies":[{"embeddable":true,"href":"https:\/\/www.iptp.us\/pt_PT\/wp-json\/wp\/v2\/comments?post=75"}],"version-history":[{"count":1328,"href":"https:\/\/www.iptp.us\/pt_PT\/wp-json\/wp\/v2\/pages\/75\/revisions"}],"predecessor-version":[{"id":38957,"href":"https:\/\/www.iptp.us\/pt_PT\/wp-json\/wp\/v2\/pages\/75\/revisions\/38957"}],"wp:attachment":[{"href":"https:\/\/www.iptp.us\/pt_PT\/wp-json\/wp\/v2\/media?parent=75"}],"curies":[{"name":"wp","href":"https:\/\/api.w.org\/{rel}","templated":true}]}}