{"id":5179,"date":"2018-12-03T11:05:49","date_gmt":"2018-12-03T08:05:49","guid":{"rendered":"https:\/\/web-dev.iptp.com\/?page_id=5179"},"modified":"2025-05-14T07:09:56","modified_gmt":"2025-05-14T04:09:56","slug":"cookie-policy","status":"publish","type":"page","link":"https:\/\/www.iptp.us\/pt_PT\/support\/legal\/cookie-policy\/","title":{"rendered":"Pol\u00edtica de Cookies"},"content":{"rendered":"<p>Como a maioria dos sites, este site usa cookies para oferecer aos visitantes a melhor experi&ecirc;ncia de usu&aacute;rio poss&iacute;vel. Ao usar este site, voc&ecirc; confirma que leu e aceitou nossa pol&iacute;tica de cookies descrita nesta p&aacute;gina.<\/p><h5>Como usamos cookies em nosso site?<\/h5><p>Cookies s&atilde;o pequenos arquivos armazenados no computador do usu&aacute;rio. Eles s&atilde;o projetados para armazenar uma quantidade modesta de dados espec&iacute;ficos de um determinado cliente e site, e podem ser acessados pelo servidor da Web ou pelo computador cliente. Isso permite que o servidor entregue uma p&aacute;gina sob medida para um usu&aacute;rio espec&iacute;fico, ou a pr&oacute;pria p&aacute;gina pode conter algum script que esteja ciente da data no cookie e seja capaz de transportar informa&ccedil;&otilde;es de um para o site (ou site relacionado) para o pr&oacute;ximo .<\/p><p>Seguimos uma pol&iacute;tica de cookies muito simples: De muitas fun&ccedil;&otilde;es que os cookies podem reproduzir (cookies estritamente necess&aacute;rios para navegar no site e usar todos os recursos, cookies de desempenho para coletar informa&ccedil;&otilde;es sobre como o site &eacute; usado, obter o idioma do navegador, etc .), este site usa apenas aqueles que s&atilde;o essenciais para a funcionalidade adequada do site e que nos ajuda a melhorar o desempenho do site ea experi&ecirc;ncia do usu&aacute;rio do site. Por exemplo, podemos usar cookies para coletar informa&ccedil;&otilde;es que permitem que voc&ecirc; acompanhe quais partes do site s&atilde;o mais populares e destacar os t&oacute;picos e itens mais populares ou usar o c&oacute;digo de idioma do seu navegador para abrir a vers&atilde;o adequada do idioma do site para voc&ecirc;.<br>\nEsses cookies apenas agregam informa&ccedil;&otilde;es estat&iacute;sticas que podemos usar apenas para fins de an&aacute;lise e n&atilde;o s&atilde;o armazenadas no sistema, para que os usu&aacute;rios permane&ccedil;am an&ocirc;nimos. Um cookie no caminho d&aacute; acesso ao seu computador ou a qualquer informa&ccedil;&atilde;o sobre voc&ecirc;, al&eacute;m da data que voc&ecirc; decidiu compartilhar conosco.<\/p><p>Suas informa&ccedil;&otilde;es pessoais (nome, sobrenome, empresa e e-mail) s&atilde;o coletadas apenas quando voc&ecirc; preenche um dos formul&aacute;rios dispon&iacute;veis neste site. N&oacute;s nunca transferimos seus dados pessoais para terceiros. Reservamo-nos o direito de usar qualquer informa&ccedil;&atilde;o fornecida a voc&ecirc; com mais detalhes sobre nossos servi&ccedil;os ou para ajud&aacute;-lo a responder a quaisquer d&uacute;vidas ou consultas que voc&ecirc; tenha enviado. N&oacute;s o incluiremos em nossa lista de marketing por e-mail somente se voc&ecirc; expressar seu consentimento para receber atualiza&ccedil;&otilde;es sobre nossos servi&ccedil;os, rede e eventos. N&atilde;o enviaremos e-mails de spam e daremos a voc&ecirc; a oportunidade de cancelar a inscri&ccedil;&atilde;o a qualquer momento por meio de um sistema automatizado: se n&atilde;o desejar receber nossos e-mails de marketing direto, poder&aacute; cancelar a inscri&ccedil;&atilde;o facilmente na lista de e-mails usando um link para cancelar o formul&aacute;rio fornecido no rodap&eacute; de cada campanha de email.<\/p><p>N&atilde;o controlamos cookies de terceiros e n&atilde;o podemos acess&aacute;-los devido &agrave; maneira como os cookies funcionam, os cookies s&oacute; podem ser acessados &#8203;&#8203;pela parte que originalmente os definiu. A maioria dos navegadores aceita cookies automaticamente, mas voc&ecirc; pode modificar a configura&ccedil;&atilde;o do seu navegador para recusar os cookies, se preferir. Lembre-se de que a desativa&ccedil;&atilde;o dos cookies pode afetar o funcionamento do site e afetar negativamente a qualidade de sua experi&ecirc;ncia no site.<\/p>\n","protected":false},"excerpt":{"rendered":"<p>Como a maioria dos sites, este site usa cookies para oferecer aos visitantes a melhor experi\u00eancia de usu\u00e1rio poss\u00edvel. Ao usar este site, voc\u00ea confirma que leu e aceitou nossa pol\u00edtica de cookies descrita nesta p\u00e1gina.<\/p>\n<p><span style=\"color: #ff6600;...\n<\/p>\n","protected":false},"author":1,"featured_media":0,"parent":4609,"menu_order":0,"comment_status":"closed","ping_status":"closed","template":"","meta":[],"acf":[],"aioseo_notices":[],"_links":{"self":[{"href":"https:\/\/www.iptp.us\/pt_PT\/wp-json\/wp\/v2\/pages\/5179"}],"collection":[{"href":"https:\/\/www.iptp.us\/pt_PT\/wp-json\/wp\/v2\/pages"}],"about":[{"href":"https:\/\/www.iptp.us\/pt_PT\/wp-json\/wp\/v2\/types\/page"}],"author":[{"embeddable":true,"href":"https:\/\/www.iptp.us\/pt_PT\/wp-json\/wp\/v2\/users\/1"}],"replies":[{"embeddable":true,"href":"https:\/\/www.iptp.us\/pt_PT\/wp-json\/wp\/v2\/comments?post=5179"}],"version-history":[{"count":36,"href":"https:\/\/www.iptp.us\/pt_PT\/wp-json\/wp\/v2\/pages\/5179\/revisions"}],"predecessor-version":[{"id":36031,"href":"https:\/\/www.iptp.us\/pt_PT\/wp-json\/wp\/v2\/pages\/5179\/revisions\/36031"}],"up":[{"embeddable":true,"href":"https:\/\/www.iptp.us\/pt_PT\/wp-json\/wp\/v2\/pages\/4609"}],"wp:attachment":[{"href":"https:\/\/www.iptp.us\/pt_PT\/wp-json\/wp\/v2\/media?parent=5179"}],"curies":[{"name":"wp","href":"https:\/\/api.w.org\/{rel}","templated":true}]}}