{"id":4571,"date":"2018-10-31T15:55:07","date_gmt":"2018-10-31T12:55:07","guid":{"rendered":"https:\/\/web-dev.iptp.com\/?page_id=4571"},"modified":"2026-01-14T07:28:03","modified_gmt":"2026-01-14T04:28:03","slug":"edge-computing","status":"publish","type":"page","link":"https:\/\/www.iptp.us\/pt_PT\/network\/datacenter-services\/edge-computing\/","title":{"rendered":"Edge Computing(Computa\u00e7\u00e3o de Borda)"},"content":{"rendered":"<div class=\"section section-page section-dcloud-hero\" style=\"--pcloud-banner:url('\/wp-content\/uploads\/edge-omputing-banner.png')\">\n<div class=\"inner --have-img\">\n<div class=\"text-block text-start\">\n<h1><span style=\"color:#F08F1E;display:block;\">Computa&ccedil;&atilde;o de Borda<\/span><\/h1>\n<p class=\"text-start mb-0\">Calcule os seus dados rapidamente,<br>agora mesmo! <\/p>\n<\/div>\n<div class=\"--is-desktop\"><img decoding=\"async\" src=\"data:image\/gif;base64,R0lGODlhAQABAIAAAAAAAP\/\/\/ywAAAAAAQABAAACAUwAOw==\" alt=\"Edge Computing(Computa&ccedil;&atilde;o de Borda)\" data-src=\"\/wp-content\/uploads\/edge-omputing-icon.png\" class=\"lazy\"><\/div>\n<\/div>\n<div class=\"--is-mobile\"><img decoding=\"async\" src=\"data:image\/gif;base64,R0lGODlhAQABAIAAAAAAAP\/\/\/ywAAAAAAQABAAACAUwAOw==\" alt=\"Edge Computing(Computa&ccedil;&atilde;o de Borda)\" data-src=\"\/wp-content\/uploads\/edge-omputing-icon.png\" class=\"lazy\"><\/div>\n<\/div><div class=\"section\"><div class=\"inner innerbreadcrum\"><div class=\"aioseo-breadcrumbs\"><span class=\"aioseo-breadcrumb\">\n\tHome\n<\/span><\/div><\/div><\/div><div class=\"inner\">\n<h2>POR QUE EDGE COMPUTING(Computa&ccedil;&atilde;o de Borda)?<\/h2>\n<p>Se voc&ecirc; j&aacute; trabalhou com um servidor gerenciando dispositivos distribu&iacute;dos (por exemplo, grade de IoT) ou uma unidade de nuvem centralizada, provavelmente notou algumas tarefas simples que levam um tempo consideravelmente maior para serem conclu&iacute;das. Geralmente, a primeira coisa a se culpar &eacute; a conex&atilde;o com a internet, depois o hardware. Mas se o seu servidor principal (o &ldquo;c&eacute;rebro&rdquo; da computa&ccedil;&atilde;o) precisa se comunicar com centenas de dispositivos simultaneamente em v&aacute;rios locais, como isso pode ser eficaz? O servidor principal ou a nuvem central deve constantemente computar, coordenar, processar dados de entrada e sa&iacute;da para v&aacute;rias conex&otilde;es. Com o n&uacute;mero de dispositivos de rede ligados &agrave; unidade central aumentando constantemente, enfrentaremos a significativa degrada&ccedil;&atilde;o do servi&ccedil;o. Para combater isso e outros problemas, a Edge Computing foi inventada.<\/p>\n<h2>SOLU&Ccedil;&Otilde;ES PR&Aacute;TICAS<\/h2>\n<p>Os Edge Servers est&atilde;o posicionados entre os usu&aacute;rios finais e o servidor principal. O Edge Server cria um fluxo de dados simplificado e limpo entre a nuvem principal e os usu&aacute;rios, o que alivia a sobrecarga do servidor. Ao mesmo tempo, os usu&aacute;rios aproveitar&atilde;o um desempenho muito mais r&aacute;pido, pois o tempo de resposta de um Edge Server local &eacute; reduzido significativamente. Abaixo vamos ilustrar isso com dois exemplos:<\/p>\n<p><img decoding=\"async\" loading=\"lazy\" class=\"lazy alignleft size-full wp-image-4576\" src=\"data:image\/gif;base64,R0lGODlhAQABAAD\/ACwAAAAAAQABAAACADs=\" data-src=\"\/wp-content\/uploads\/EdgeCloud.png\" alt=\"\" width=\"800\" height=\"438\" srcset=\"https:\/\/www.iptp.us\/wp-content\/uploads\/EdgeCloud.png 800w, https:\/\/www.iptp.us\/wp-content\/uploads\/EdgeCloud-300x164.png 300w, https:\/\/www.iptp.us\/wp-content\/uploads\/EdgeCloud-768x420.png 768w\" sizes=\"(max-width: 800px) 100vw, 800px\"><\/p><noscript><img decoding=\"async\" loading=\"lazy\" class=\"alignleft size-full wp-image-4576 lazy\" src=\"data:image\/gif;base64,R0lGODlhAQABAIAAAAAAAP\/\/\/ywAAAAAAQABAAACAUwAOw==\" alt=\"\" width=\"800\" height=\"438\" srcset=\"https:\/\/www.iptp.us\/wp-content\/uploads\/EdgeCloud.png 800w, https:\/\/www.iptp.us\/wp-content\/uploads\/EdgeCloud-300x164.png 300w, https:\/\/www.iptp.us\/wp-content\/uploads\/EdgeCloud-768x420.png 768w\" sizes=\"(max-width: 800px) 100vw, 800px\" data-src=\"\/wp-content\/uploads\/EdgeCloud.png\"><\/noscript>\n<h3>Exemplo 1:<\/h3>\n<p>Um bom exemplo de Edge Computing pode ser um aplicativo de contrata&ccedil;&atilde;o de t&aacute;xi global. Imagine que todas as solicita&ccedil;&otilde;es sejam enviadas para um &uacute;nico servidor centralizado ou nuvem, que precisa calcular todas as solu&ccedil;&otilde;es poss&iacute;veis, combinando as solicita&ccedil;&otilde;es recebidas com a frota de provedores de servi&ccedil;o ao vivo, bem como controlando cada pequena altera&ccedil;&atilde;o no banco de dados. Claramente esta solu&ccedil;&atilde;o n&atilde;o funcionar&aacute; corretamente. Al&eacute;m da resposta lenta devido &agrave; dist&acirc;ncia e lat&ecirc;ncia associada, a capacidade do servidor atingir&aacute; em breve seu limite e todo o sistema ser&aacute; interrompido. Qualquer mercado competitivo, especialmente similar aos agregadores de t&aacute;xis, n&atilde;o tolerar&aacute; tal comportamento. Cada cliente insatisfeito pode significar milhares de d&oacute;lares em lucros perdidos! Edge Computing seria uma economia de vida nessa situa&ccedil;&atilde;o. Nosso servi&ccedil;o gerenciar&aacute; todas as solicita&ccedil;&otilde;es, calcular&aacute; os movimentos dos t&aacute;xis e reportar&aacute; apenas dados essenciais ao n&uacute;cleo ou aos usu&aacute;rios. Isso ajudaria a melhorar significativamente o desempenho, reduzir a carga na nuvem \/ servi&ccedil;o central e oferecer a melhor experi&ecirc;ncia de usu&aacute;rio poss&iacute;vel.<\/p>\n<h3>Exemplo 2:<\/h3>\n<p>Para empresas com presen&ccedil;a global, &eacute; um desafio gerenciar todos os recursos: funcion&aacute;rios, instala&ccedil;&otilde;es, equipamentos ou quantas garrafas de vinho devem ser guardadas na despensa do escrit&oacute;rio. &Eacute; claro que a nuvem &eacute; a melhor solu&ccedil;&atilde;o para manter um controle total sobre a sua pegada digital. Pode ajudar com seguran&ccedil;a, redu&ccedil;&atilde;o de custos e efici&ecirc;ncia de energia. Mas o que acontece se o seu escrit&oacute;rio remoto estiver no Brasil e no n&uacute;cleo de seus servidores em nuvem na Europa? O desempenho do thin client conectado ao escrit&oacute;rio virtual na Europa ser&aacute; extremamente lento devido &agrave; alta lat&ecirc;ncia e conectividade deficiente entre a Europa e a Am&eacute;rica Latina. Esta &eacute; exatamente a raz&atilde;o pela qual voc&ecirc; precisa de servidores de Edge Computing! Eles fornecer&atilde;o melhor conectividade e desempenho para usu&aacute;rios remotos, ao mesmo tempo em que permitem o controle total das instala&ccedil;&otilde;es digitais para usu&aacute;rios em locais centralizados.<\/p>\n<h2>NOSSA REDE AO SEU SERVI&Ccedil;O<\/h2>\n<p>Os servidores Edge apresentam o melhor desempenho quando combinados com a rede global IPTP. Nossa infraestrutura implantada em pelo menos 36 canais de baixa lat&ecirc;ncia(<a href=\"\/wp-content\/uploads\/IPTPMap_2017_1000x700-small.pdf\" target=\"_blank\" rel=\"noopener noreferrer\">por favor verifique o mapa<\/a>), com presen&ccedil;a em 64 cidades e 37 pa&iacute;ses em todo o mundo. Essa ampla distribui&ccedil;&atilde;o geogr&aacute;fica nos permite implantar servidores de ponta mais pr&oacute;ximos de seus usu&aacute;rios finais, al&eacute;m de obter a melhor conectividade em todo o mundo.<\/p>\n<p>Obtenha seus dados processados rapidamente, aqui e agora! Organize escrit&oacute;rios virtuais r&aacute;pidos, servi&ccedil;os distribu&iacute;dos em todo o mundo; crie grades de dispositivos IoT em escala global com velocidade de uma conectividade local usando os benef&iacute;cios do IPTP Networks dos servidores de Edge Computing!<\/p>\n<hr>\n<\/div>\n","protected":false},"excerpt":{"rendered":"<p> POR QUE EDGE COMPUTING(Computa\u00e7\u00e3o de Borda)?<br \/>\n Se voc\u00ea j\u00e1 trabalhou com um servidor gerenciando dispositivos distribu\u00eddos (por exemplo, grade de IoT) ou uma unidade de nuvem centralizada, provavelmente notou algumas tarefas simples que lev&#8230;<\/p>\n","protected":false},"author":1,"featured_media":5006,"parent":18393,"menu_order":0,"comment_status":"closed","ping_status":"closed","template":"template-inner-page.php","meta":[],"acf":[],"aioseo_notices":[],"_links":{"self":[{"href":"https:\/\/www.iptp.us\/pt_PT\/wp-json\/wp\/v2\/pages\/4571"}],"collection":[{"href":"https:\/\/www.iptp.us\/pt_PT\/wp-json\/wp\/v2\/pages"}],"about":[{"href":"https:\/\/www.iptp.us\/pt_PT\/wp-json\/wp\/v2\/types\/page"}],"author":[{"embeddable":true,"href":"https:\/\/www.iptp.us\/pt_PT\/wp-json\/wp\/v2\/users\/1"}],"replies":[{"embeddable":true,"href":"https:\/\/www.iptp.us\/pt_PT\/wp-json\/wp\/v2\/comments?post=4571"}],"version-history":[{"count":107,"href":"https:\/\/www.iptp.us\/pt_PT\/wp-json\/wp\/v2\/pages\/4571\/revisions"}],"predecessor-version":[{"id":38867,"href":"https:\/\/www.iptp.us\/pt_PT\/wp-json\/wp\/v2\/pages\/4571\/revisions\/38867"}],"up":[{"embeddable":true,"href":"https:\/\/www.iptp.us\/pt_PT\/wp-json\/wp\/v2\/pages\/18393"}],"wp:featuredmedia":[{"embeddable":true,"href":"https:\/\/www.iptp.us\/pt_PT\/wp-json\/wp\/v2\/media\/5006"}],"wp:attachment":[{"href":"https:\/\/www.iptp.us\/pt_PT\/wp-json\/wp\/v2\/media?parent=4571"}],"curies":[{"name":"wp","href":"https:\/\/api.w.org\/{rel}","templated":true}]}}