{"id":437,"date":"2016-10-12T13:49:33","date_gmt":"2016-10-12T10:49:33","guid":{"rendered":"https:\/\/web-mng.iptp.com\/?page_id=437"},"modified":"2026-01-13T12:01:11","modified_gmt":"2026-01-13T09:01:11","slug":"unified-communication","status":"publish","type":"page","link":"https:\/\/www.iptp.us\/pt_PT\/business-solutions\/managed-services\/unified-communication\/","title":{"rendered":"Servi\u00e7os de Comunica\u00e7\u00e3o Unificada Gerenciada"},"content":{"rendered":"<p>Os Servi&ccedil;os de Comunica&ccedil;&atilde;o Unificada Gerenciada s&atilde;o um conjunto abrangente de solu&ccedil;&otilde;es IP seguras e comprovadas pelo setor que oferecem telefonia IP para mais empresas do que qualquer outra. As solu&ccedil;&otilde;es incluem produtos de dados, voz, v&iacute;deo e mobilidade que nos s&atilde;o fornecidos pelos parceiros da Cisco como um servi&ccedil;o finalizado, facilitando a comunica&ccedil;&atilde;o.<\/p><h5>BENEF&Iacute;CIOS:<\/h5><ul>\n<li>Projetado para auxiliar sua empresa na implanta&ccedil;&atilde;o de tecnologias avan&ccedil;adas com menos riscos e custos menores<\/li>\n<li>Oferece amplos recursos projetados para qualquer tipo de neg&oacute;cio, independentemente da escala<\/li>\n<li>Integra de perto as comunica&ccedil;&otilde;es com os processos de neg&oacute;cios<\/li>\n<li>Conecta pessoas em vez de dispositivos<\/li>\n<li>Forne&ccedil;a informa&ccedil;&otilde;es de presen&ccedil;a e prefer&ecirc;ncia, ajudando a garantir que as comunica&ccedil;&otilde;es cheguem aos destinat&aacute;rios da maneira mais r&aacute;pida poss&iacute;vel por meio do meio mais eficaz<\/li>\n<\/ul><hr><h6>COMUNICA&Ccedil;&Otilde;ES UNIFICADAS DE NEG&Oacute;CIOS:<\/h6><p>Por meio desse servi&ccedil;o, fornecemos comunica&ccedil;&otilde;es unificadas de voz, v&iacute;deo, dados e mobilidade para o ambiente de neg&oacute;cios. Conectamos dispositivos de comunica&ccedil;&atilde;o (PCs, telefones) e aplicativos (videoconfer&ecirc;ncia, calend&aacute;rio) para que eles possam ser acessados &#8203;&#8203;a qualquer momento, em qualquer lugar e suportem interfaces abertas para que outros tipos de aplicativos possam ser adicionados. Todos os aspectos deste servi&ccedil;o s&atilde;o fornecidos pela Cisco e oferecem um servi&ccedil;o de alta qualidade que garante experi&ecirc;ncia e seguran&ccedil;a consistentes.<\/p><h6>COMUNICA&Ccedil;&Otilde;ES UNIFICADAS HOSPEDADAS:<\/h6><p>Por meio do nosso servi&ccedil;o de comunica&ccedil;&otilde;es unificadas hospedadas pela Cisco, voc&ecirc; obt&eacute;m os benef&iacute;cios de uma rede de comunica&ccedil;&otilde;es IP convergentes sem precisar de sua propriedade, gerenciamento ou manuten&ccedil;&atilde;o. Oferecemos a voc&ecirc; uma nova maneira de usar sua infraestrutura de rede para obter receita sem qualquer custo adicional. Nosso servi&ccedil;o tamb&eacute;m suporta recursos extensivos de telefonia IP. Fornecemos um plano de discagem exclusivo, um conjunto de n&uacute;meros de telefone, correio de voz e outros recursos que ajudam a economizar tempo e dinheiro, permitindo que voc&ecirc; se concentre em gerenciar sua empresa, o que nos permite cuidar da tecnologia da informa&ccedil;&atilde;o.<\/p><h6>CENTRO DE CONTATO UNIFICADO:<\/h6><p>Nosso servi&ccedil;o de Contact Center Unificado Gerenciado da Cisco fornece uma infraestrutura centralizada baseada em IP que pode suportar v&aacute;rios sites distribu&iacute;dos. Oferecemos um conjunto completo de servi&ccedil;os de gerenciamento de contatos, fornecemos op&ccedil;&otilde;es de controle administrativo para o seu ambiente, al&eacute;m de oferecer op&ccedil;&otilde;es para ferramentas integradas de colabora&ccedil;&atilde;o na Web, pop-ups de tela CTI e muitos outros recursos.<\/p><hr>\n","protected":false},"excerpt":{"rendered":"<p> Os Servi\u00e7os de Comunica\u00e7\u00e3o Unificada Gerenciada s\u00e3o um conjunto abrangente de solu\u00e7\u00f5es IP seguras e comprovadas pelo setor que oferecem telefonia IP para mais empresas do que qualquer outra. As solu\u00e7\u00f5es incluem produtos de dados,&#8230;<\/p>\n","protected":false},"author":1,"featured_media":0,"parent":157,"menu_order":0,"comment_status":"closed","ping_status":"closed","template":"","meta":[],"acf":[],"aioseo_notices":[],"_links":{"self":[{"href":"https:\/\/www.iptp.us\/pt_PT\/wp-json\/wp\/v2\/pages\/437"}],"collection":[{"href":"https:\/\/www.iptp.us\/pt_PT\/wp-json\/wp\/v2\/pages"}],"about":[{"href":"https:\/\/www.iptp.us\/pt_PT\/wp-json\/wp\/v2\/types\/page"}],"author":[{"embeddable":true,"href":"https:\/\/www.iptp.us\/pt_PT\/wp-json\/wp\/v2\/users\/1"}],"replies":[{"embeddable":true,"href":"https:\/\/www.iptp.us\/pt_PT\/wp-json\/wp\/v2\/comments?post=437"}],"version-history":[{"count":79,"href":"https:\/\/www.iptp.us\/pt_PT\/wp-json\/wp\/v2\/pages\/437\/revisions"}],"predecessor-version":[{"id":38843,"href":"https:\/\/www.iptp.us\/pt_PT\/wp-json\/wp\/v2\/pages\/437\/revisions\/38843"}],"up":[{"embeddable":true,"href":"https:\/\/www.iptp.us\/pt_PT\/wp-json\/wp\/v2\/pages\/157"}],"wp:attachment":[{"href":"https:\/\/www.iptp.us\/pt_PT\/wp-json\/wp\/v2\/media?parent=437"}],"curies":[{"name":"wp","href":"https:\/\/api.w.org\/{rel}","templated":true}]}}