{"id":435,"date":"2019-09-26T13:10:11","date_gmt":"2019-09-26T10:10:11","guid":{"rendered":"https:\/\/web-mng.iptp.com\/?page_id=435"},"modified":"2026-03-11T12:26:09","modified_gmt":"2026-03-11T09:26:09","slug":"managed-connectivity","status":"publish","type":"page","link":"https:\/\/www.iptp.us\/pt_PT\/business-solutions\/managed-services\/managed-connectivity\/","title":{"rendered":"Servi\u00e7os de Conectividade Gerenciados"},"content":{"rendered":"<p class=\"text-center\"><img decoding=\"async\" loading=\"lazy\" class=\"lazy alignleft size-full wp-image-10762 mb-5\" src=\"data:image\/gif;base64,R0lGODlhAQABAAD\/ACwAAAAAAQABAAACADs=\" data-src=\"\/wp-content\/uploads\/managed-connectivity-services-po.png\" alt=\"Servi&ccedil;os de gerenciamento de conectividade\" width=\"1473\" height=\"768\"><\/p><noscript><img decoding=\"async\" loading=\"lazy\" class=\"alignleft size-full wp-image-10762 mb-5 lazy\" src=\"data:image\/gif;base64,R0lGODlhAQABAIAAAAAAAP\/\/\/ywAAAAAAQABAAACAUwAOw==\" alt=\"Servi&ccedil;os de gerenciamento de conectividade\" width=\"1473\" height=\"768\" data-src=\"\/wp-content\/uploads\/managed-connectivity-services-po.png\"><\/noscript><p>De empresas de m&iacute;dia e jogos para provedores de telecomunica&ccedil;&otilde;es e grandes e pequenas sociedades financeiras, todas as empresas t&ecirc;m o seu for&ccedil;ado pela necessidade de manter e gerenciar as opera&ccedil;&otilde;es de conectividade de rede seguras. Desafios e custos associados com a compra de equipamentos, seguran&ccedil;a, backup e configura&ccedil;&atilde;o de seu plano de conectividade para ajustar seu modelo de neg&oacute;cios individuais s&atilde;o muitas vezes al&eacute;m do controle de uma empresa que n&atilde;o tem departamento de TI.<\/p><p>Nossa conectividade de rede global est&aacute; baseado em solu&ccedil;&otilde;es especializadas e personalizadas, permitindo que voc&ecirc; escolha um servi&ccedil;o espec&iacute;fico de acordo com as suas necessidades ou combin&aacute;-lo com outra conectividade servi&ccedil;os gerenciados.<br>\nVoc&ecirc; pode escolher um servi&ccedil;o espec&iacute;fico de acordo com suas necessidades ou combin&aacute;-lo com outros Servi&ccedil;os de Conectividade Gerenciados. Para mais informa&ccedil;&otilde;es, consulte <a href=\"\/map\/\" target=\"_blank\" rel=\"noopener noreferrer\"><b>o nosso mapa de cobertura de rede<\/b><\/a> ou entre em contato com nosso representante atrav&eacute;s do <a onclick=\"popupchat()\" class=\"c-cursor\">Live Assistant<\/a><\/p><h5>PARA FORNECEDORES DE SERVI&Ccedil;OS DE RED<\/h5><h6>IP TRANSIT<\/h6><p>Tabela BGP Internet de banda larga completa e alta resist&ecirc;ncia ao ISP, ASP, CP, telecomunica&ccedil;&otilde;es e operadores de data centers e empresas. A parceria com Level3 nos ajuda a alcan&ccedil;ar o m&aacute;ximo de conectividade via HSIP e diretamente atrav&eacute;s de parceiros de liga&ccedil;&atilde;o, estabelecer sess&otilde;es que impedem que outros sistemas aut&ocirc;nomos, interconex&otilde;es diretas extensas e bem estabelecidos contactos bilaterais com v&aacute;rios fornecedores em todo o mundo permitem que o balanceamento de carga, otimiza&ccedil;&atilde;o de rotas e excelente cobertura global e regional. Dispon&iacute;vel nas portas 100FE, 1GE e 10GE nos principais data centers em todo o mundo ou nas instala&ccedil;&otilde;es do cliente com loop local estendido.<\/p><h6>INTERFACES<\/h6><ul>\n<li>Fast Ethernet (100 Mbps)<\/li>\n<li>Gigabit Ethernet (1 Gbits)<\/li>\n<li>10 Gigabit Ethernet (10 Gbps)<\/li>\n<li>100 Gigabit Ethernet (100 Gbps)<\/li>\n<li>STM (1\/4\/16\/64)<\/li>\n<\/ul><h6>OP&Ccedil;&Otilde;ES<\/h6><ul>\n<li>BGP ou configura&ccedil;&atilde;o de roteamento est&aacute;tico<\/li>\n<li>Suporte &agrave; comunidade do BGP Black Hole<\/li>\n<li>IPv6 nativo\/dual stack<\/li>\n<li>V&aacute;rios servi&ccedil;os em uma &uacute;nica porta<\/li>\n<li>Adicione um link<\/li>\n<li>Faturamento agregado em v&aacute;rias portas<\/li>\n<li>DNS prim&aacute;rio\/secund&aacute;rio<\/li>\n<\/ul><hr><h6>Comuta&ccedil;&atilde;o de Etiquetas Multiprotocolo(MPLS)<\/h6><p>A Comuta&ccedil;&atilde;o de Etiquetas Multiprotocolo(MPLS) &eacute; uma tecnologia de destaque que mantemos para in&uacute;meras empresas de v&aacute;rios locais em todo o mundo. Esse servi&ccedil;o &eacute; ideal para empresas que executam aplicativos como transa&ccedil;&otilde;es com cart&atilde;o de cr&eacute;dito (PCI DSS), pacotes de contabilidade e \/ ou informa&ccedil;&otilde;es sobre a&ccedil;&otilde;es ou outros servi&ccedil;os que exigem conectividade r&aacute;pida e segura.<\/p><p><strong>&bull; VPLS:<\/strong> &eacute; o servi&ccedil;o de comuta&ccedil;&atilde;o multiponto baseado em Ethernet (Rede Privada Virtual de Camada 2) que permite conectar sites de LAN Ethernet dispersos geograficamente entre si atrav&eacute;s de um backbone MPLS. Para o usu&aacute;rio VPLS, todos os sites parecem estar na mesma LAN Ethernet, mesmo que o tr&aacute;fego circule pelo mundo,os caminhos que transportam o tr&aacute;fego VPLS entre cada roteador de borda do provedor pela sess&atilde;o BGP.<\/p><p><strong>&bull; EoMPLS: <\/strong> Ethernet over MPLS &eacute; uma solu&ccedil;&atilde;o da Cisco que estende o MPLS ao tunelizar quadros Ethernet da Camada 2 atrav&eacute;s de um n&uacute;cleo da Camada 3 e permite o controle sobre o tr&aacute;fego. O EoMPLS funciona encapsulando PDUs Ethernet em pacotes MPLS e encaminhando-os pela rede MPLS. O EoMPLS suporta mais de 4.096 VLANs pelo provedor de servi&ccedil;os.<\/p><p><strong>&bull; L2MPLS\/VPN Pseudowire:<\/strong>O Pseudowire &eacute; um mecanismo para emular v&aacute;rios servi&ccedil;os de rede ou de telecomunica&ccedil;&otilde;es em redes comutadas por pacotes entregues por MPLS. Essa tecnologia pode ser usada para interconectar diferentes tipos de m&iacute;dia, como Ethernet para Frame Relay. Esses L2VPNs fornecem uma alternativa &agrave;s redes privadas provisionadas por linhas alugadas dedicadas ou por circuitos virtuais L2. O servi&ccedil;o mantido com esses L2VPNs &eacute; conhecido como Servi&ccedil;o de Fio Virtual Privado (VPWS)\n<\/p><hr><h6>IPLC (International Private Leased Circuit: circuito privado internacional alugado)<\/h6><p>Um ponto internacional para apontar linha alugada fornece um ponto de solu&ccedil;&atilde;o para apontar conectividade 24\/7 dedicado, confi&aacute;vel e segura entre os sites de clientes e locais em todo o mundo, e permite que as organiza&ccedil;&otilde;es para a comunica&ccedil;&atilde;o entre escrit&oacute;rios que est&atilde;o geograficamente espalhados pelo mundo. IPLC &eacute; compat&iacute;vel com todos os tipos de tr&aacute;fego (voz, dados, v&iacute;deo ou qualquer outro lat&ecirc;ncia aplica&ccedil;&atilde;o multim&eacute;dia e vibra&ccedil;&atilde;o), oferece uma ampla gama de largura de banda e oferece escalabilidade e flexibilidade para atender &agrave;s suas necessidades de comunica&ccedil;&atilde;o hoje e amanh&atilde;. As vantagens incluem o apoio seguro e confidencial para v&aacute;rias interfaces, as taxas de dados e protocolos, liga&ccedil;&atilde;o com o mundo atrav&eacute;s de cabos submarinos, de alta capacidade, for&ccedil;a total, suporte para o modo de transfer&ecirc;ncia ass&iacute;ncrona (ATM) e suporte para qualquer aplica&ccedil;&atilde;o. N&oacute;s podemos fazer uma &uacute;nica ordem com uma &uacute;nica transportadora por dois circuitos privados para dois escrit&oacute;rios em dois pa&iacute;ses diferentes e permite que a organiza&ccedil;&atilde;o para relatar todos os problemas em qualquer um dos circuitos a uma &uacute;nica transportadora.<\/p><hr><h6>GEO DNS<\/h6><p>Solu&ccedil;&atilde;o GeoDNS &eacute; um DNS (Domain Name System), que pode distribuir a carga de um nome de host para &lsquo;espelho&rsquo; mais perto (geograficamente definida, no pa&iacute;s \/ continente). GeoDNS ser denominado como um dos seguintes procedimentos: geolocaliza&ccedil;&atilde;o balanceamento de carga, DNS compat&iacute;vel geolocaliza&ccedil;&atilde;o ou GSLB (balanceamento de carga global Server). O servi&ccedil;o n&atilde;o requer qualquer ISP apoio e n&atilde;o vai quebrar conex&otilde;es existentes quando voc&ecirc; alterar o servidor selecionado para um determinado cliente. Se voc&ecirc; tem servidores em v&aacute;rios locais, GeoDNS fornece uma maneira de direcionar os usu&aacute;rios para o servidor mais pr&oacute;ximo, o que significa que os visitantes chegam ao seu site mais r&aacute;pido.<\/p><hr><h6>EPL (Ethernet Private Line)<\/h6><p>Solu&ccedil;&atilde;o de conectividade de baixo custo que permite que sua organiza&ccedil;&atilde;o atender a demanda de aplica&ccedil;&otilde;es intensivas de largura de banda com conex&otilde;es confi&aacute;veis, flex&iacute;veis e de alta largura de banda que fornecem fibra de alta capacidade entre sites P2P duas configura&ccedil;&otilde;es. Ele permite que voc&ecirc; conecte seu CPE atrav&eacute;s da interface Ethernet a um custo menor e permite que voc&ecirc; use qualquer protocolo de controle de VLAN ou Ethernet em todo o servi&ccedil;o sem coordena&ccedil;&atilde;o com o IPTP. O EPL para QoS permite entregar voz, dados, v&iacute;deo e qualquer outra transmiss&atilde;o de m&iacute;dia.<\/p><hr><h6>FACILITADOR CLOUD\/CDN<\/h6><p>Nossa empresa atua como a espinha dorsal de v&aacute;rios produtos e servi&ccedil;os de computa&ccedil;&atilde;o em nuvem e CDN, permitindo-nos construir, implementar, integrar e fornecer solu&ccedil;&otilde;es de computa&ccedil;&atilde;o em nuvem \/ CDN. O servi&ccedil;o permite reduzir os custos de TI para aplicativos e infraestrutura, otimizar as opera&ccedil;&otilde;es e acelerar significativamente o processo de acesso ao mercado.<\/p><hr><h6>BGP ANYCAST<\/h6><p>O BGP (Border Gateway Protocol) Anycast permite failover no n&iacute;vel da rede do espa&ccedil;o de endere&ccedil;o IP. Isso &eacute; conseguido anunciando o mesmo prefixo na tabela de roteamento global de v&aacute;rios locais. No caso de um local ser desconectado, a tabela de roteamento global se ajusta automaticamente e direciona o tr&aacute;fego para o pr&oacute;ximo local mais pr&oacute;ximo, anunciando o mesmo prefixo. Al&eacute;m do failover, o Anycast fornece a &ldquo;melhor rota&rdquo; para acessar o conte&uacute;do, o que significa que o usu&aacute;rio se conecta automaticamente a um local do Anycast mais pr&oacute;ximo a ele, de acordo com a rede.<\/p><hr><h6>COMUTA&Ccedil;&Atilde;O DE ETIQUETAS MULTIPROTOCOLO(MPLS) VPN<\/h6><p>Uma rede IP privada foi aprimorada com conectividade segura e de alta qualidade que classifica e prioriza os fluxos de tr&aacute;fego, de ponta a ponta. Baixos n&iacute;veis de lat&ecirc;ncia, jitter e perda de pacotes garantem o sucesso e o processamento simult&acirc;neo de v&aacute;rios tipos de tr&aacute;fego. Al&eacute;m disso, voc&ecirc; pode selecionar uma op&ccedil;&atilde;o VPN de malha completa para passar o tr&aacute;fego diretamente de um site para outro e selecionar a configura&ccedil;&atilde;o de projeto que atenda &agrave;s suas necessidades.<\/p><hr><h6>IX TRANSIT<\/h6><p>&Eacute; um produto exclusivo da Camada 3, desenvolvido para aqueles que desejam otimizar suas redes sozinhos. O IX Transit &eacute; basicamente um IP Transit parcial, com alcance para a comunidade BGP definida para an&uacute;ncios de sa&iacute;da de gerenciamento e filtragem flex&iacute;vel dos prefixos recebidos. Ele fornece aproximadamente 350.000 prefixos da tabela BGP global que estamos obtendo constantemente por meio de v&aacute;rias trocas na Internet, parceiros e clientes em todo o mundo. A forte lista de comunidades BGP que apoiamos nas duas dire&ccedil;&otilde;es permite que voc&ecirc; experimente as trocas de Internet mais populares uma por uma ou em qualquer uma de suas combina&ccedil;&otilde;es preferidas; assim como alguns ASNs espec&iacute;ficos podem ser exclu&iacute;dos \/ inclu&iacute;dos para ajustes adicionais.<\/p><p>Para aqueles que usam o IX Transit em combina&ccedil;&atilde;o com outros provedores de upstream, pode ser at&eacute; 60% do desempenho e da lat&ecirc;ncia de melhoria de tr&aacute;fego sem criar suas pr&oacute;prias interconex&otilde;es com os IXPs. Ele trar&aacute; valor para obter uma maior cobertura global por meio dos principais clientes e parceiros da IXPs e da IPTP Networks.<\/p><blockquote><p><strong>Qual &eacute; a diferen&ccedil;a entre IP e IX Transit? <\/strong><br>\n O IP Transit &eacute; realizado no n&iacute;vel de um contrato formal (SLA) entre o ISP e o provedor de tr&acirc;nsito, que fornece os servi&ccedil;os ao ISP aos custos que eles definiram anteriormente. Com o IX Transit, estamos basicamente falando de um acordo entre dois ISPs, que est&atilde;o obtendo troca m&uacute;tua de dados. No geral, podemos simplificar que, enquanto o IP Transit &eacute; a conex&atilde;o entre os fornecedores cl&aacute;ssicos de N&iacute;vel 1 e 2, o IX Transit &eacute; a conex&atilde;o apenas entre os fornecedores cl&aacute;ssicos de N&iacute;vel 2.\n<\/p><\/blockquote><hr><h5>PARA EMPRESAS<\/h5><h6>CONECTIVIDADE DIRETA A FORNECEDORES DE LIQUIDEZ FOREX<\/h6><p>A presen&ccedil;a em um grande n&uacute;mero de datacenters conectados a uma variedade de institui&ccedil;&otilde;es financeiras nos permite organizar conex&otilde;es cruzadas de baixa lat&ecirc;ncia direta com os principais provedores de liquidez e transmitir esse tr&aacute;fego para a infraestrutura de um cliente.<\/p><hr><h6>INTERNET GERENCIADA<\/h6><p>Oferecemos um servi&ccedil;o que oferece conectividade independentemente de sua localiza&ccedil;&atilde;o e m&eacute;todos de acesso. Apoiado por SLAs abrangentes, o acesso on-line a relat&oacute;rios hist&oacute;ricos e em tempo real do desempenho do servi&ccedil;o apresenta qualidade de servi&ccedil;o superior, listas de controle de acesso e outras pr&aacute;ticas l&iacute;deres do setor. Como resultado, voc&ecirc; recebe uma conex&atilde;o segura com a Internet com base na linha de produtos da Rede de Autodefesa da Cisco, complementada pelo desenvolvimento e arquitetura do IPTP, todos constru&iacute;dos em uma infraestrutura altamente confi&aacute;vel.<\/p><hr><h6>SIP TRUNKING<\/h6><p>N&oacute;s fornecemos conectividade central, servi&ccedil;os de emerg&ecirc;ncia, gerenciamento de planos de discagem e servi&ccedil;os de opera&ccedil;&atilde;o, bem como a execu&ccedil;&atilde;o de todas as suas conex&otilde;es locais e de longa dist&acirc;ncia. O servi&ccedil;o de backbone IP administrado pela Cisco &eacute; um backbone baseado no SIP (Session Initiation Protocol) que nos leva a um PBX IP ou qualquer outro sistema de telefonia IP, que fornece tr&aacute;fego de voz. , multim&iacute;dia e dados. Al&eacute;m disso, fornecemos um servi&ccedil;o de termina&ccedil;&atilde;o IP que possui um PBX com um gateway, um IAD ou um IP PBX. Os SLAs abrangentes cobrem o desempenho geral do servi&ccedil;o e sempre t&ecirc;m acesso on-line a relat&oacute;rios detalhados de desempenho do servi&ccedil;o.<\/p><hr><h6>IPsec VPN<\/h6><p>Para garantir o bom andamento das opera&ccedil;&otilde;es, todo empreendimento exige conectividade segura de site a site. Oferecemos um servi&ccedil;o que possui criptografia DES, 3DES e AES e pode ser fornecido junto com o Firewall gerenciado. Nossa estrutura de padr&otilde;es abertos (baseada em especifica&ccedil;&otilde;es RFC e protocolo IPsec) oferece criptografia IPsec e fornece protocolos de encapsulamento, confidencialidade de dados, integridade de dados e autentica&ccedil;&atilde;o de dados em redes n&atilde;o protegidas (como a Internet), atrav&eacute;s de fluxos de dados criptografados em um ambiente privado ou rede p&uacute;blica.<\/p><hr><h6>LAN GERENCIADA<\/h6><p>Nosso servi&ccedil;o de rede local gerenciado &eacute; projetado para fornecer a configura&ccedil;&atilde;o, o gerenciamento e a manuten&ccedil;&atilde;o de switches de LAN remotos, combinados com o gerenciamento de patches de software. Voc&ecirc; se beneficia da redu&ccedil;&atilde;o de custos para o departamento de TI interno e de um gerenciamento profissional sofisticado &ndash; tudo apoiado por nossa experi&ecirc;ncia e amplos recursos. Nosso design de solu&ccedil;&atilde;o &eacute; constru&iacute;do com precis&atilde;o para atender &agrave;s suas necessidades espec&iacute;ficas para todos os n&iacute;veis de desempenho do servi&ccedil;o e pode ser complementado por outros servi&ccedil;os, como Telefonia IP.<\/p><hr><h6>WAAS GERENCIADA<\/h6><p>Por meio do WAAS (Managed Wide Area Application Services) qualificado pela Cisco, fornecemos a voc&ecirc; os meios para fornecer uma poderosa solu&ccedil;&atilde;o de acelera&ccedil;&atilde;o de aplicativos e otimiza&ccedil;&atilde;o de WAN para a filial e melhorar o desempenho de qualquer aplicativo baseado em TCP operando em um ambiente WAN. Sua organiza&ccedil;&atilde;o poder&aacute; consolidar servidores e armazenamentos dispendiosos de escrit&oacute;rios remotos em data centers gerenciados centralmente, implantar novos aplicativos diretamente de um data center e oferecer desempenho de aplicativos semelhantes a LAN para seus usu&aacute;rios remotos.<\/p><p>Tamb&eacute;m oferecemos o WAAS gerenciado com uma designa&ccedil;&atilde;o estrat&eacute;gica, que inclui um conjunto completo de servi&ccedil;os habilitados para WAAS que podem ser implementados de forma incremental ou imediata e combinados com outros servi&ccedil;os, como o Roteador gerenciado e o Firewall gerenciado. O servi&ccedil;o inclui gerenciamento, monitoramento e manuten&ccedil;&atilde;o 24 horas por dia, 7 dias por semana, SLAs abrangentes e acesso a um portal de clientes on-line que fornece estat&iacute;sticas em tempo real.<\/p><hr><h6>ROUTER GERENCIADO<\/h6><p>Nosso servi&ccedil;o Router gerenciado fornece a configura&ccedil;&atilde;o, gerenciamento e manuten&ccedil;&atilde;o remotos do roteador, resultando na supervis&atilde;o 24\/7 dos seus roteadores em uma rede de longa dist&acirc;ncia. Para garantir que voc&ecirc; receba uma conectividade superior, esse servi&ccedil;o &eacute; aprimorado com backups regulares da configura&ccedil;&atilde;o do roteador e do gerenciamento de patches de software.<\/p><hr><h6>METRO ETHERNET GERENCIADO<\/h6><p>O Metro Ethernet gerenciado pela Cisco fornece conectividade de site a site de alta velocidade, suportando a entrega de voz, v&iacute;deo e outros aplicativos de miss&atilde;o cr&iacute;tica. Oferecemos funcionalidade de QoS, incluindo t&eacute;cnicas de classifica&ccedil;&atilde;o e prioriza&ccedil;&atilde;o, e fornecemos uma variedade de servi&ccedil;os Ethernet ponto-a-ponto e multiponto sobre topologias de Camada 1, Camada 2 e Camada 3 com integra&ccedil;&atilde;o perfeita.<\/p>\n","protected":false},"excerpt":{"rendered":"\n<p> De empresas de m\u00eddia e jogos para provedores de telecomunica\u00e7\u00f5es e grandes e pequenas socie&#8230;<\/p>\n","protected":false},"author":1,"featured_media":0,"parent":157,"menu_order":0,"comment_status":"closed","ping_status":"closed","template":"","meta":[],"acf":[],"aioseo_notices":[],"_links":{"self":[{"href":"https:\/\/www.iptp.us\/pt_PT\/wp-json\/wp\/v2\/pages\/435"}],"collection":[{"href":"https:\/\/www.iptp.us\/pt_PT\/wp-json\/wp\/v2\/pages"}],"about":[{"href":"https:\/\/www.iptp.us\/pt_PT\/wp-json\/wp\/v2\/types\/page"}],"author":[{"embeddable":true,"href":"https:\/\/www.iptp.us\/pt_PT\/wp-json\/wp\/v2\/users\/1"}],"replies":[{"embeddable":true,"href":"https:\/\/www.iptp.us\/pt_PT\/wp-json\/wp\/v2\/comments?post=435"}],"version-history":[{"count":373,"href":"https:\/\/www.iptp.us\/pt_PT\/wp-json\/wp\/v2\/pages\/435\/revisions"}],"predecessor-version":[{"id":38412,"href":"https:\/\/www.iptp.us\/pt_PT\/wp-json\/wp\/v2\/pages\/435\/revisions\/38412"}],"up":[{"embeddable":true,"href":"https:\/\/www.iptp.us\/pt_PT\/wp-json\/wp\/v2\/pages\/157"}],"wp:attachment":[{"href":"https:\/\/www.iptp.us\/pt_PT\/wp-json\/wp\/v2\/media?parent=435"}],"curies":[{"name":"wp","href":"https:\/\/api.w.org\/{rel}","templated":true}]}}