{"id":431,"date":"2016-10-12T13:48:25","date_gmt":"2016-10-12T10:48:25","guid":{"rendered":"https:\/\/web-mng.iptp.com\/?page_id=431"},"modified":"2025-06-12T13:53:40","modified_gmt":"2025-06-12T10:53:40","slug":"wlan","status":"publish","type":"page","link":"https:\/\/www.iptp.us\/pt_PT\/business-solutions\/integration-services\/wlan\/","title":{"rendered":"WLAN"},"content":{"rendered":"<h2>VARIEDADE DE SOLU&Ccedil;&Otilde;ES SEM FIO<\/h2><hr><p class=\"main_text\">Pontos de acesso s&atilde;o elementos cr&iacute;ticos da rede sem fio unificada da Cisco&reg;. Os pontos de acesso de banda &uacute;nica e dupla da Cisco s&atilde;o projetados para escrit&oacute;rios e ambientes semelhantes, desafiando ambientes de RF e atividades ao ar livre. Os dispositivos est&atilde;o dispon&iacute;veis em duas vers&otilde;es: unificada ou aut&ocirc;noma. Os pontos de acesso unificados operam com o Lightweight Access Point Protocol (LWAPP) e funcionam em conjunto com os controladores de LAN sem fio da Cisco e com o Wireless Control System (WCS). Os pontos de acesso aut&ocirc;nomos s&atilde;o baseados no software Cisco IOS&reg; e, opcionalmente, podem operar com o mecanismo de solu&ccedil;&atilde;o de LAN sem fio da Cisco (WLSE). Os pontos de acesso aut&ocirc;nomos, juntamente com o WLSE, oferecem um conjunto central de recursos e podem ser atualizados no campo para aproveitar todos os benef&iacute;cios da rede sem fio unificada da Cisco &agrave; medida que os requisitos evoluem.<\/p><p class=\"main_text_15\">Para tomar as melhores decis&otilde;es para suas aplica&ccedil;&otilde;es particulares, &eacute; importante entender os recursos e benef&iacute;cios dos diferentes pontos de acesso do Cisco Aironet&reg;.<\/p><h3>BENEF&Iacute;CIOS:<\/h3><div class=\"cuprum\">\n<ul>\n<li>Menor custo total de propriedade devido &agrave; administra&ccedil;&atilde;o centralizada, implementa&ccedil;&atilde;o simplificada e arquitetura unificada com e sem fio;<\/li>\n<li>Reduz custos operacionais e treinamento de pessoal porque a interface de gerenciamento de rede &eacute; simplificada e f&aacute;cil de usar;<\/li>\n<li>Maior seguran&ccedil;a de rede gra&ccedil;as a alertas de seguran&ccedil;a integrados e monitoramento em tempo real de poss&iacute;veis ataques, amea&ccedil;as e infra&ccedil;&otilde;es;<\/li>\n<li>Detec&ccedil;&atilde;o, localiza&ccedil;&atilde;o e conten&ccedil;&atilde;o em tempo real de pontos de acesso n&atilde;o autorizados e dispositivos clientes;<\/li>\n<li>Gerenciamento integrado para WLANs internas e redes mesh sem fio externas;<\/li>\n<li>Acelera&ccedil;&atilde;o da colabora&ccedil;&atilde;o e produtividade de neg&oacute;cios atrav&eacute;s de servi&ccedil;os de mobilidade que suportam aplicativos de neg&oacute;cios inovadores.<\/li>\n<\/ul>\n<hr>\n<h3>EMPREGO:<\/h3>\n<p class=\"subtitle_semibold\"><img decoding=\"async\" loading=\"lazy\" class=\"lazy alignnone size-full wp-image-713\" src=\"data:image\/gif;base64,R0lGODlhAQABAAD\/ACwAAAAAAQABAAACADs=\" data-src=\"\/wp-content\/uploads\/aapd.jpg\" alt=\"aapd\" width=\"688\" height=\"651\" srcset=\"https:\/\/www.iptp.us\/wp-content\/uploads\/aapd.jpg 688w, https:\/\/www.iptp.us\/wp-content\/uploads\/aapd-300x284.jpg 300w\" sizes=\"(max-width: 688px) 100vw, 688px\"><\/p><noscript><img decoding=\"async\" loading=\"lazy\" class=\"alignnone size-full wp-image-713 lazy\" src=\"data:image\/gif;base64,R0lGODlhAQABAIAAAAAAAP\/\/\/ywAAAAAAQABAAACAUwAOw==\" alt=\"aapd\" width=\"688\" height=\"651\" srcset=\"https:\/\/www.iptp.us\/wp-content\/uploads\/aapd.jpg 688w, https:\/\/www.iptp.us\/wp-content\/uploads\/aapd-300x284.jpg 300w\" sizes=\"(max-width: 688px) 100vw, 688px\" data-src=\"\/wp-content\/uploads\/aapd.jpg\"><\/noscript>\n<p class=\"subtitle_semibold\" style=\"text-align: center;\"><strong>Foto. 1.<\/strong> Implanta&ccedil;&atilde;o Aut&ocirc;noma de Pontos de Acesso<\/p>\n<p class=\"subtitle_semibold\"><img decoding=\"async\" loading=\"lazy\" class=\"lazy alignnone size-full wp-image-714\" src=\"data:image\/gif;base64,R0lGODlhAQABAAD\/ACwAAAAAAQABAAACADs=\" data-src=\"\/wp-content\/uploads\/uapd.jpg\" alt=\"uapd\" width=\"674\" height=\"547\" srcset=\"https:\/\/www.iptp.us\/wp-content\/uploads\/uapd.jpg 674w, https:\/\/www.iptp.us\/wp-content\/uploads\/uapd-300x243.jpg 300w\" sizes=\"(max-width: 674px) 100vw, 674px\"><\/p><noscript><img decoding=\"async\" loading=\"lazy\" class=\"alignnone size-full wp-image-714 lazy\" src=\"data:image\/gif;base64,R0lGODlhAQABAIAAAAAAAP\/\/\/ywAAAAAAQABAAACAUwAOw==\" alt=\"uapd\" width=\"674\" height=\"547\" srcset=\"https:\/\/www.iptp.us\/wp-content\/uploads\/uapd.jpg 674w, https:\/\/www.iptp.us\/wp-content\/uploads\/uapd-300x243.jpg 300w\" sizes=\"(max-width: 674px) 100vw, 674px\" data-src=\"\/wp-content\/uploads\/uapd.jpg\"><\/noscript>\n<p id=\"main_text_15\" align=\"CENTER\"><span class=\"text\"><strong>Foto. 2:<\/strong>&nbsp;Implanta&ccedil;&atilde;o do Ponto de Acesso Unificado<\/span><\/p>\n<p class=\"main_text_15\">The main challenge of Unified Access Point Deployment (Pic2) is the ability to manage and secure wireless networks with limited IT staff across hundreds of remote sites. The Cisco Wireless LAN Controller Modules, along with LWAPP-enabled Cisco Aironet access points, address the deployment and operational challenges of enterprise wireless networking at remote sites by eliminating the need to configure and manage each individual access point. In addition, the Cisco WCS can be used to manage hundreds of remote sites with Cisco wireless LAN controller modules.O principal desafio da Implementa&ccedil;&atilde;o de Ponto de Acesso Unificado (Foto 2) &eacute; a capacidade de gerenciar e proteger redes sem fio com uma equipe de TI limitada em centenas de locais remotos. Os m&oacute;dulos do controlador de rede local sem fio da Cisco, juntamente com os pontos de acesso Cisco Aironet habilitados para o LWAPP, abordam os desafios operacionais e operacionais das redes sem fio corporativas em locais remotos, eliminando a necessidade de configurar e gerenciar cada ponto de acesso individual Al&eacute;m disso, o Cisco WCS pode ser usado para gerenciar centenas de sites remotos com os m&oacute;dulos do driver de LAN sem fio da Cisco.<\/p>\n<p>A implanta&ccedil;&atilde;o de um ponto de acesso unificado &eacute; essencial para o&nbsp;Cisco IP Telephony e oNokia Call Connect.<\/p>\n<\/div>\n","protected":false},"excerpt":{"rendered":"<p> VARIEDADE DE SOLU\u00c7\u00d5ES SEM FIO <\/p>\n<p> Pontos de acesso s\u00e3o elementos cr\u00edticos da rede sem fio unificada da Cisco\u00ae. Os pontos de acesso de banda \u00fanica e dupla da Cisco s\u00e3o projetados para escrit\u00f3rios e ambientes seme&#8230;<\/p>\n","protected":false},"author":1,"featured_media":0,"parent":417,"menu_order":0,"comment_status":"closed","ping_status":"closed","template":"","meta":[],"acf":[],"aioseo_notices":[],"_links":{"self":[{"href":"https:\/\/www.iptp.us\/pt_PT\/wp-json\/wp\/v2\/pages\/431"}],"collection":[{"href":"https:\/\/www.iptp.us\/pt_PT\/wp-json\/wp\/v2\/pages"}],"about":[{"href":"https:\/\/www.iptp.us\/pt_PT\/wp-json\/wp\/v2\/types\/page"}],"author":[{"embeddable":true,"href":"https:\/\/www.iptp.us\/pt_PT\/wp-json\/wp\/v2\/users\/1"}],"replies":[{"embeddable":true,"href":"https:\/\/www.iptp.us\/pt_PT\/wp-json\/wp\/v2\/comments?post=431"}],"version-history":[{"count":124,"href":"https:\/\/www.iptp.us\/pt_PT\/wp-json\/wp\/v2\/pages\/431\/revisions"}],"predecessor-version":[{"id":37064,"href":"https:\/\/www.iptp.us\/pt_PT\/wp-json\/wp\/v2\/pages\/431\/revisions\/37064"}],"up":[{"embeddable":true,"href":"https:\/\/www.iptp.us\/pt_PT\/wp-json\/wp\/v2\/pages\/417"}],"wp:attachment":[{"href":"https:\/\/www.iptp.us\/pt_PT\/wp-json\/wp\/v2\/media?parent=431"}],"curies":[{"name":"wp","href":"https:\/\/api.w.org\/{rel}","templated":true}]}}