{"id":423,"date":"2016-10-12T13:47:21","date_gmt":"2016-10-12T10:47:21","guid":{"rendered":"https:\/\/web-mng.iptp.com\/?page_id=423"},"modified":"2025-05-14T07:00:15","modified_gmt":"2025-05-14T04:00:15","slug":"cisco-unified-communication","status":"publish","type":"page","link":"https:\/\/www.iptp.us\/pt_PT\/business-solutions\/integration-services\/cisco-unified-communication\/","title":{"rendered":"Servi\u00e7os de Comunica\u00e7\u00f5es Unificadas da Cisco"},"content":{"rendered":"<h2>BENEF&Iacute;CIOS DA IMPLEMENTA&Ccedil;&Atilde;O DE COMUNICA&Ccedil;&Otilde;ES UNIFICADAS DA CISCO<\/h2><hr><p>A ado&ccedil;&atilde;o de Comunica&ccedil;&otilde;es Unificadas continua acelerando, pois muitas empresas e organiza&ccedil;&otilde;es adotam essa poderosa tecnologia como uma ferramenta essencial para atingir seus objetivos corporativos. Tamb&eacute;m &eacute; evidente no mercado que os sistemas PBX herdados est&atilde;o chegando ao fim de seu ciclo de vida (mesmo os provedores tradicionais de PBX est&atilde;o mudando suas solu&ccedil;&otilde;es para telefonia IP), tornando o Cisco Unified Communications um investimento cada vez mais vantajoso.<\/p><h2>As empresas que aproveitam as solu&ccedil;&otilde;es Cisco Unified Communications podem obter benef&iacute;cios irresist&iacute;veis, como:<\/h2><ul>\n<li>Redu&ccedil;&atilde;o do Custo Total de Propriedade (CTP))<\/li>\n<li>Melhoria da produtividade do neg&oacute;cio<\/li>\n<\/ul><hr><h3>A redu&ccedil;&atilde;o do Custo Total de Propriedade (CTP) &eacute; alcan&ccedil;ada por:<\/h3><ul>\n<li>A arquitetura do Cisco Unified Communications, que fornece gerenciamento centralizado e processamento de chamadas (um IP PBX para v&aacute;rios sites).<\/li>\n<li>A capacidade de integra&ccedil;&atilde;o com roteadores Cisco em sites remotos para fins de backup (sem a necessidade de uma caixa adicional em sites remotos).<\/li>\n<li>A capacidade de integrar servi&ccedil;os de telefonia ao Diret&oacute;rio Corporativo.<\/li>\n<li>A complementa&ccedil;&atilde;o mais simples de novos sites e novos recursos em toda a organiza&ccedil;&atilde;o, a realoca&ccedil;&atilde;o de todo um departamento e o desempenho geral de a&ccedil;&otilde;es \/ adi&ccedil;&otilde;es \/ ajustes di&aacute;rios.<\/li>\n<li>A fun&ccedil;&atilde;o de mobilidade de extens&atilde;o: a capacidade de efetuar login em um telefone IP com seu perfil completo (restri&ccedil;&otilde;es de chamadas, discagens r&aacute;pidas, etc.) dispon&iacute;vel em qualquer lugar da empresa. A mobilidade de extens&atilde;o pode ser usada para pol&iacute;ticas de compartilhamento de &aacute;rea de trabalho e trabalhadores m&oacute;veis (o que reduz a necessidade de empregos) e oferece economia significativa em im&oacute;veis.<\/li>\n<li>A redu&ccedil;&atilde;o de custos de PSTN para comunica&ccedil;&otilde;es internas. A telefonia IP oferece servi&ccedil;os de telefonia VoIP \/ bypass, usando a rede IP corporativa da WAN. Portanto, n&atilde;o h&aacute; necessidade de placas de voz back-to-back em PBX e roteadores, ou adicionar m&oacute;dulos VoIP h&iacute;bridos com tempo de vida limitado. A capacidade de se conectar nativamente com os provedores de VoIP para chamadas externas mais baratas.<\/li>\n<li>A solu&ccedil;&atilde;o Cisco Unified Communications, uma vez que mantemos e suportamos uma rede convergente para Dados, V&iacute;deo, Voz e &amp; amp; A solu&ccedil;&atilde;o end-to-end da Cisco oferece integra&ccedil;&atilde;o integrada e recursos de colabora&ccedil;&atilde;o entre a infraestrutura de rede de dados (switches, roteadores, dispositivos de seguran&ccedil;a) e componentes de comunica&ccedil;&otilde;es unificadas (telefones e aplicativos IP).<\/li>\n<li>Custos de fia&ccedil;&atilde;o menores no caso de um novo edif&iacute;cio: os telefones IP oferecem um comutador integrado ao qual o PC do usu&aacute;rio pode se conectar para usar o mesmo cabo UTP para se conectar &agrave; rede local.<\/li>\n<\/ul><hr><h3>Transforme os neg&oacute;cios e melhore a produtividade:<\/h3><p>Uma vantagem muito importante da solu&ccedil;&atilde;o Cisco Unified Communications (em compara&ccedil;&atilde;o com os sistemas de PBX) &eacute; que ele pode ser integrado facilmente e de forma rent&aacute;vel com aplica&ccedil;&otilde;es de dados corporativos existentes, usando as suas capacidades de CTI \/ XML. Estes s&atilde;o alguns exemplos de aplicativos:<\/p><ul>\n<li>Integra&ccedil;&atilde;o de CRM (ID de chamada pop tela do seu telefone ou PC, clique para discar, comprimento da pista).<\/li>\n<li> Directory Services (pode ser acessado diret&oacute;rios clientes \/ parceiros ou lojas de telefones IP, as fun&ccedil;&otilde;es de &lsquo;ver informa&ccedil;&atilde;o &uacute;til&rsquo; e &lsquo;clique para ligar&rsquo; inclu&iacute;do). Por exemplo, um usu&aacute;rio corporativo pode fornecer informa&ccedil;&otilde;es tais como o papel, o edif&iacute;cio, a caixa de correio, n&uacute;meros de telefone, e-mail, departamento, etc.<\/li>\n<li>&nbsp;Diret&oacute;rios pessoais no telefone (incluindo uma op&ccedil;&atilde;o para sincronizar com o Outlook).<\/li>\n<li>Integra&ccedil;&atilde;o com clientes de terceiros, como MS Outlook e IBM Lotus ao mesmo tempo.<\/li>\n<li>Not&iacute;cias e an&uacute;ncios corporativos no telefone IP.<\/li>\n<li>Consultas de banco de dados de telefone IP (por exemplo, verifica&ccedil;&atilde;o de invent&aacute;rio).<\/li>\n<li> Possibilidade de programar salas de confer&ecirc;ncia e reuni&atilde;o do telefone IP.<\/li>\n<\/ul><hr><h2>Alguns exemplos de tais recursos e aplicativos s&atilde;o:<\/h2><h3>VIDEOTELEFONIA<\/h3><p>Videotelefonia (capacidades de v&iacute;deo integrado com recursos de telefonia) fornece comunica&ccedil;&otilde;es para funcion&aacute;rios, redu&ccedil;&atilde;o dos custos de viagem e economizando tempo a um custo m&iacute;nimo melhorado, sem a necessidade de treinamento do usu&aacute;rio (uma chamada de v&iacute;deo pode ser feita exatamente da mesma forma que uma chamada de voz), esfor&ccedil;os m&iacute;nimos de gerenciamento (mesmo plano de discagem da voz). A solu&ccedil;&atilde;o Cisco oferece uma ampla gama de pontos finais de videoconfer&ecirc;ncia, ea capacidade de integra&ccedil;&atilde;o com solu&ccedil;&otilde;es H320 e H323 existentes.<\/p><h3>MENSAGENS UNIFICADAS<\/h3><p>Solu&ccedil;&otilde;es de Unified Messaging fornece a capacidade de receber mensagens de voz em MS Outlook, Lotus Notes ou cliente IMAP, ou mesmo atrav&eacute;s de um navegador web. Voc&ecirc; tamb&eacute;m pode fornecer integra&ccedil;&atilde;o de fax com o Outlook ou o Lotus Notes. As mensagens unificadas aumentam a produtividade, pois os usu&aacute;rios podem acessar suas mensagens com rapidez e independentemente de sua localiza&ccedil;&atilde;o.<\/p><h3>SERVI&Ccedil;OS DE MOBILIDADE<\/h3><p>Teletrabalhadores: usu&aacute;rios conectados &agrave; rede corporativa atrav&eacute;s de uma conex&atilde;o VPN, voc&ecirc; pode usar aplicativos de telefone virtual para manter seus servi&ccedil;os de telefonia da mesma forma como em sua mesa de escrit&oacute;rio. Os trabalhadores m&oacute;veis que viajam com freq&uuml;&ecirc;ncia pelo campus corporativo ou at&eacute; mesmo em sites, pode usar a extens&atilde;o recursos de mobilidade (descrito acima), softphones ou telefones sem fio para manter os servi&ccedil;os de telefonia abrangentes a qualquer momento. Softphones est&atilde;o dispon&iacute;veis para PC, laptops, Pocket PC, PDA e at&eacute; mesmo telefones GSM. Aplica&ccedil;&otilde;es Cisco Unified Communications, Cisco Mobile Connect e Mobility Manager fornece integra&ccedil;&atilde;o entre o GSM mundo e servi&ccedil;os de telefonia corporativos.<\/p><p>Cisco Mobile Connect oferece a possibilidade de estender as chamadas selecionadas que chegam ao seu ambiente de trabalho de um usu&aacute;rio para os n&uacute;meros GSM (ou destinos alternativos, se desejar). A chamada tocar&aacute; simultaneamente em todos os alvos (telefone fixo, telefone celular, outros) para o usu&aacute;rio, dependendo da sua localiza&ccedil;&atilde;o, pode responder usando o dispositivo preferido. Isso melhora significativamente a acessibilidade do usu&aacute;rio atrav&eacute;s de um &uacute;nico n&uacute;mero (telefone de mesa).<\/p><p>Cisco Mobility Manager oferece aos usu&aacute;rios que usam um telefone GPRS \/ 3G a capacidade de verificar as informa&ccedil;&otilde;es de presen&ccedil;a de colegas, conversar com eles, ouvir mensagens de correio de voz e confer&ecirc;ncias de revis&atilde;o chamadas programadas. Em outras palavras, o usu&aacute;rio fornece algumas das funcionalidades do seu desktop enquanto voc&ecirc; estiver fora do escrit&oacute;rio e usa uma conex&atilde;o GPRS \/ 3G.<\/p><h3>SERVI&Ccedil;OS DE PAGING DE TEXTO E &Aacute;UDIO<\/h3><p>Os usu&aacute;rios podem enviar mensagens de &aacute;udio ou texto para telefones IP selecionados (isso inclui not&iacute;cias, an&uacute;ncios, alertas de seguran&ccedil;a, etc.). Por exemplo, um usu&aacute;rio pode digitar uma mensagem usando o seu navegador web e envi&aacute;-lo para todos os usu&aacute;rios no departamento de finan&ccedil;as ou para todos os usu&aacute;rios no primeiro andar do Edif&iacute;cio A.<\/p><h3>CLIENTE COMUNICADOR PESSOAL UNIFICADO DA CISCO<\/h3><p>Cisco Unified Personal Communicator oferece softphone, videofone, mensagens instant&acirc;neas, informa&ccedil;&otilde;es de presen&ccedil;a e m&eacute;todo preferido de contato, bem como servi&ccedil;os de diret&oacute;rio, o acesso aos servi&ccedil;os de voz e confer&ecirc;ncia web, tudo a partir de uma &uacute;nica aplica&ccedil;&atilde;o no PC \/ laptop do usu&aacute;rio. Pesquisas indicam que os usu&aacute;rios usam cada vez mais servi&ccedil;os de videotelefonia, mensagens instant&acirc;neas e confer&ecirc;ncia de &aacute;udio \/ web quando esses servi&ccedil;os podem ser oferecidos de maneira f&aacute;cil para o usu&aacute;rio. user Comunicador Pessoal pode iniciar uma conversa de voz, subir a uma chamada de v&iacute;deo ou sess&atilde;o de confer&ecirc;ncia web (para compartilhar apresenta&ccedil;&otilde;es, documentos e convidar mais participantes) com um &uacute;nico bot&atilde;o em seu cliente. mensagens e diret&oacute;rio de acesso integrado integrado (procurar um usu&aacute;rio, fazer uma chamada de &aacute;udio, uma chamada de v&iacute;deo, sess&atilde;o de IM ou enviar um e-mail com um &uacute;nico clique), melhora significativamente a produtividade do usu&aacute;rio. Este cliente tamb&eacute;m &eacute; ideal para trabalhadores m&oacute;veis.<\/p><h3>SERVI&Ccedil;OS DE &Aacute;UDIO \/ WEB \/ CONFER&Ecirc;NCIAS DE V&Iacute;DEO<\/h3><p>Esses servi&ccedil;os podem melhorar muito os processos de treinamento corporativo e colabora&ccedil;&atilde;o entre os funcion&aacute;rios, ajudar a reduzir o tempo e inefici&ecirc;ncias do processo processos distribu&iacute;dos globalmente, e reduzir as despesas de viagem. As aplica&ccedil;&otilde;es Cisco UC oferecem op&ccedil;&otilde;es para esta confer&ecirc;ncia de &aacute;udio \/ web \/ v&iacute;deo programada, a capacidade de gravar uma chamada de confer&ecirc;ncia e envi&aacute;-lo para os usu&aacute;rios que n&atilde;o puderam comparecer e-mail.<\/p><h3>CENTRO DE CONTATO IP<\/h3><p>Solu&ccedil;&atilde;o Centro Unified Contact Cisco proporciona flexibilidade de localiza&ccedil;&atilde;o (agentes atrav&eacute;s da WAN, agentes PSTN, servi&ccedil;os IVR distribu&iacute;do), a melhoria da redund&acirc;ncia (Callcenter componentes prim&aacute;rio e secund&aacute;rio podem ser distribu&iacute;dos entre os centros de dados ou locais diferentes), capacidades ACD e IVR integrado (sem integra&ccedil;&atilde;o de sistemas diferentes), capacidades avan&ccedil;adas de IVR IP para portais de voz capacidades (cidad&atilde;o ou clientes auto servi&ccedil;o) integra&ccedil;&atilde;o CTI para CRM e outras aplica&ccedil;&otilde;es empresariais, bem como possibilidade de adicionar facilmente v&iacute;deos, web, canais de intera&ccedil;&atilde;o com o cliente de e-mail.<\/p><h3>MELHORIA DA SEGURAN&Ccedil;A &ndash; AUTENTICA&Ccedil;&Atilde;O E CODIFICA&Ccedil;&Atilde;O<\/h3><p>Solu&ccedil;&atilde;o de Comunica&ccedil;&otilde;es Unificadas A Cisco oferece a flexibilidade para criptografar m&iacute;dia de voz e sinaliza&ccedil;&atilde;o e realizar a autentica&ccedil;&atilde;o de dispositivos sem a necessidade de componentes adicionais ou de redesenhar a solu&ccedil;&atilde;o; As UCs oferecem um ambiente seguro e confi&aacute;vel.<\/p><hr>\n","protected":false},"excerpt":{"rendered":"<p> BENEF\u00cdCIOS DA IMPLEMENTA\u00c7\u00c3O DE COMUNICA\u00c7\u00d5ES UNIFICADAS DA CISCO <\/p>\n<p> A ado\u00e7\u00e3o de Comunica\u00e7\u00f5es Unificadas continua acelerando, pois muitas empresas e organiza\u00e7\u00f5es adotam essa poderosa tecnologia como uma ferramenta &#8230;<\/p>\n","protected":false},"author":1,"featured_media":0,"parent":417,"menu_order":0,"comment_status":"closed","ping_status":"closed","template":"","meta":[],"acf":[],"aioseo_notices":[],"_links":{"self":[{"href":"https:\/\/www.iptp.us\/pt_PT\/wp-json\/wp\/v2\/pages\/423"}],"collection":[{"href":"https:\/\/www.iptp.us\/pt_PT\/wp-json\/wp\/v2\/pages"}],"about":[{"href":"https:\/\/www.iptp.us\/pt_PT\/wp-json\/wp\/v2\/types\/page"}],"author":[{"embeddable":true,"href":"https:\/\/www.iptp.us\/pt_PT\/wp-json\/wp\/v2\/users\/1"}],"replies":[{"embeddable":true,"href":"https:\/\/www.iptp.us\/pt_PT\/wp-json\/wp\/v2\/comments?post=423"}],"version-history":[{"count":143,"href":"https:\/\/www.iptp.us\/pt_PT\/wp-json\/wp\/v2\/pages\/423\/revisions"}],"predecessor-version":[{"id":36023,"href":"https:\/\/www.iptp.us\/pt_PT\/wp-json\/wp\/v2\/pages\/423\/revisions\/36023"}],"up":[{"embeddable":true,"href":"https:\/\/www.iptp.us\/pt_PT\/wp-json\/wp\/v2\/pages\/417"}],"wp:attachment":[{"href":"https:\/\/www.iptp.us\/pt_PT\/wp-json\/wp\/v2\/media?parent=423"}],"curies":[{"name":"wp","href":"https:\/\/api.w.org\/{rel}","templated":true}]}}