{"id":417,"date":"2016-10-12T13:46:10","date_gmt":"2016-10-12T10:46:10","guid":{"rendered":"https:\/\/web-mng.iptp.com\/?page_id=417"},"modified":"2025-05-14T10:04:08","modified_gmt":"2025-05-14T07:04:08","slug":"integration-services","status":"publish","type":"page","link":"https:\/\/www.iptp.us\/pt_PT\/business-solutions\/integration-services\/","title":{"rendered":"Servi\u00e7os de Integra\u00e7\u00e3o"},"content":{"rendered":"<p>Nossos servi&ccedil;os de integra&ccedil;&atilde;o ajudar&atilde;o voc&ecirc; a manter:<\/p><ul>\n<li>Design de rede<\/li>\n<li><a href=\"https:\/\/www.iptp.us\/pt_PT\/business-solutions\/managed-services\/ip-telephony\/\">Integra&ccedil;&atilde;o de Telefonia IP<\/a><\/li>\n<li><a href=\"https:\/\/www.iptp.us\/pt_PT\/business-solutions\/integration-services\/cisco-unified-communication\/\">Comunica&ccedil;&atilde;o unificada da Cisco<\/a><\/li>\n<li>LAN<\/li>\n<li>WAN<\/li>\n<li><a href=\"https:\/\/www.iptp.us\/pt_PT\/business-solutions\/integration-services\/vsat\/\">VSAT<\/a><\/li>\n<li><a href=\"https:\/\/www.iptp.us\/pt_PT\/business-solutions\/integration-services\/wlan\/\">WLAN<\/a><\/li>\n<\/ul><hr>\n","protected":false},"excerpt":{"rendered":"<p> Nossos servi\u00e7os de integra\u00e7\u00e3o ajudar\u00e3o voc\u00ea a manter: <\/p>\n<p> \t  Design de rede<br \/>\n \t <a href=\"\/our-p...\n<\/p>\n","protected":false},"author":1,"featured_media":0,"parent":9681,"menu_order":0,"comment_status":"closed","ping_status":"closed","template":"","meta":[],"acf":[],"aioseo_notices":[],"_links":{"self":[{"href":"https:\/\/www.iptp.us\/pt_PT\/wp-json\/wp\/v2\/pages\/417"}],"collection":[{"href":"https:\/\/www.iptp.us\/pt_PT\/wp-json\/wp\/v2\/pages"}],"about":[{"href":"https:\/\/www.iptp.us\/pt_PT\/wp-json\/wp\/v2\/types\/page"}],"author":[{"embeddable":true,"href":"https:\/\/www.iptp.us\/pt_PT\/wp-json\/wp\/v2\/users\/1"}],"replies":[{"embeddable":true,"href":"https:\/\/www.iptp.us\/pt_PT\/wp-json\/wp\/v2\/comments?post=417"}],"version-history":[{"count":140,"href":"https:\/\/www.iptp.us\/pt_PT\/wp-json\/wp\/v2\/pages\/417\/revisions"}],"predecessor-version":[{"id":36083,"href":"https:\/\/www.iptp.us\/pt_PT\/wp-json\/wp\/v2\/pages\/417\/revisions\/36083"}],"up":[{"embeddable":true,"href":"https:\/\/www.iptp.us\/pt_PT\/wp-json\/wp\/v2\/pages\/9681"}],"wp:attachment":[{"href":"https:\/\/www.iptp.us\/pt_PT\/wp-json\/wp\/v2\/media?parent=417"}],"curies":[{"name":"wp","href":"https:\/\/api.w.org\/{rel}","templated":true}]}}