{"id":410,"date":"2016-10-07T19:35:07","date_gmt":"2016-10-07T16:35:07","guid":{"rendered":"https:\/\/web-mng.iptp.com\/?page_id=410"},"modified":"2026-03-30T13:59:37","modified_gmt":"2026-03-30T10:59:37","slug":"colocation","status":"publish","type":"page","link":"https:\/\/www.iptp.us\/pt_PT\/network\/datacenter-services\/colocation\/","title":{"rendered":"Coloca\u00e7\u00e3o"},"content":{"rendered":"<p><!--\n\n<div class=\"section section-hero section-page section-dedicate-hosting\" style=\"--background:url('\/wp-content\/uploads\/bg-colocation.png')\">\n  \n\n<div class=\"inner\">\n    \n\n<div class=\"text-block\">\n      \n\n<h1>\n        Coloca&ccedil;&atilde;o\n      <\/h1>\n\n\n      \n\n<h2>\n        Our colocation hosting in top-tier data centers offers the perfect blend of high-speed connectivity and low latency, ideal for businesses seeking advanced IT performance\n      <\/h2>\n\n\n      \n\n<p class=\"pt-3\">\n        <a href=\"https:\/\/www.iptp.us\/pt_PT\/request-a-quote\/?post=410\" class=\"btn-primary-rounded-pill d-inline-block\">Solicite um or&ccedil;amento<\/a>\n      <\/p>\n\n\n    <\/div>\n\n\n    \n\n<div class=\"img-block\">\n      <img  decoding=\"async\" loading=\"lazy\"  class=\"lazy aligncenter size-full wp-image-30030\" src=\"data:image\/gif;base64,R0lGODlhAQABAAD\/ACwAAAAAAQABAAACADs=\"  alt=\"colocation hosting\" width=\"600\" height=\"400\"  data-src=\"\/wp-content\/uploads\/colocation.png\"  \/><noscript><img decoding=\"async\" loading=\"lazy\" src=\"\/wp-content\/uploads\/colocation.png\" alt=\"colocation hosting\" width=\"600\" height=\"400\" class=\"aligncenter size-full wp-image-30030\" \/><\/noscript>\n    <\/div>\n\n\n  <\/div>\n\n\n<\/div>\n\n--><\/p><div class=\"section\">\n<div class=\"inner\">\n<div class=\"subtitle\" style=\"display: none\"><span>Overview<\/span><\/div>\n<h3>\n      Colocation Hosting in Top-Tier Data Centers<br>\n    <\/h3>\n<p>\n      Colocation em v&aacute;rios Datacenters na &Aacute;sia, Oriente M&eacute;dio, &Aacute;frica, Oceania, Europa e EUA. Os pacotes de colocation por IPTP NEtworks fornecem uma oportunidade para voc&ecirc; configurar seu pr&oacute;prio equipamento em um datacenter especialmente equipado e conect&aacute;-lo &agrave; Internet de alta velocidade.\n    <\/p>\n<p class=\"pt-3 mb-0 text-center-mobile\">\n      <a href=\"#\" class=\"btn-outline-bottom --gray js_btn_request_form_all\">Solicite um or&ccedil;amento<\/a>\n    <\/p>\n<\/div>\n<\/div><div class=\"section bg-gray\">\n<div class=\"inner\">\n<div class=\"subtitle text-center\"><span>Advantages<\/span><\/div>\n<h2 class=\"text-center\">\n      Colocation Advantages<br>\n    <\/h2>\n<p class=\"common-text-16 text-center\">\n      Os servi&ccedil;os de colocation de data center de IPTP Networks provou ser eficaz para organiza&ccedil;&otilde;es em uma ampla gama de ind&uacute;strias\n    <\/p>\n<div class=\"row row-cols-1 row-cols-md-2 row-cols-lg-2 gx-md-5 gy-md-3 gy-3 mb-3 mt-3\">\n<div class=\"col\">\n<div class=\"text-border-left\">\n<p class=\"common-text-14 pt-2\">\n            M&iacute;dia, corpora&ccedil;&otilde;es financeiras, bancos e empresas de Forex\n          <\/p>\n<\/div>\n<\/div>\n<div class=\"col\">\n<div class=\"text-border-left\">\n<p class=\"common-text-14 pt-2\">\n            Sites de miss&atilde;o cr&iacute;tica que exigem gerenciamento de servidor personalizado\n          <\/p>\n<\/div>\n<\/div>\n<div class=\"col\">\n<div class=\"text-border-left\">\n<p class=\"common-text-14 pt-2\">\n            Plataformas de negocia&ccedil;&atilde;o automatizadas, m&iacute;dia de fluxo cont&iacute;nuo e outros aplicativos cr&iacute;ticos de alta largura de banda que exigem n&iacute;veis extremamente altos de seguran&ccedil;a e disponibilidade\n          <\/p>\n<\/div>\n<\/div>\n<div class=\"col\">\n<div class=\"text-border-left\">\n<p class=\"common-text-14 pt-2\">\n            PCI DSS (Padr&atilde;o de Seguran&ccedil;a de Dados do Setor de Cart&otilde;es de Pagamento) locais certificados e pontos de presen&ccedil;a, dedicados a empresas envolvidas no manuseio e armazenamento de informa&ccedil;&otilde;es do titular do cart&atilde;o para todas as principais empresas de cart&atilde;o de d&eacute;bito \/ cr&eacute;dito\n          <\/p>\n<\/div>\n<\/div>\n<\/div>\n<p class=\"pt-3 mb-0 text-center\">\n      <a href=\"#\" class=\"btn-outline-primary --gray js_btn_request_form_all\">Solicite um or&ccedil;amento<\/a>\n    <\/p>\n<\/div>\n<\/div><div class=\"section\">\n<div class=\"inner\" style=\"padding-bottom: 30px;\">\n<div class=\"subtitle text-center\"><span>Locations<\/span><\/div>\n<h2 class=\"text-center\">\n\t\t\tPontos de presen&ccedil;a IPTP Networks<br>\n\t\t<\/h2>\n<\/div>\n<div class=\"poplist-map\">\n\t\t\t\t<!-- map_contact 2 -->\r\n\r\n\t\t\r\n\t\t\t\r\n\t \t\t<div class=\"box-map-contact\">\r\n\t         \t<img class=\"map_contact_69d0bcbb0c20b text-center w-100 disabled-lazy\" src=\"https:\/\/www.iptp.us\/wp-content\/uploads\/map4.png\" alt=\"Map\">\r\n\t      \t<\/div>\r\n\r\n\t\t      \t\r\n      \t\t\r\n      \t\t\t\r\n\t\t\n    <\/div>\n<div class=\"inner\">\n<h5 class=\"text-center\">\n\t\t\tWe are offering Dedicated Hosting and Internet Access Ports (IP Transit),<br>\n\t\t\twith up to 100Gbps uplink ports in the following locations:<br>\n\t\t<\/h5>\n<div class=\"pop-section\">\n\t\t\t\t\r\n\r\n\r\n\r\n\t<div class=\"load-ajax-69d0bcbb0c2bb\"><\/div>\r\n\r\n\r\n\r\n\n\t\t<\/div>\n<div class=\"w900\">\n<p class=\"text-12-gray\"><sup class=\"text-secondary\">*<\/sup> &ndash; special conditions may apply<\/p>\n<\/div>\n<\/div>\n<\/div><div class=\"section bg-dark-gray\">\n<div class=\"inners\">\n<div class=\"block-promo\">\n<div class=\"block-promo__img\">\n<div class=\"block-promo__img-wrapper\" style=\"--background:url('\/wp-content\/uploads\/colocation-center.jpg')\"><img decoding=\"async\" loading=\"lazy\" class=\"lazy aligncenter d-none size-full wp-image-30054\" src=\"data:image\/gif;base64,R0lGODlhAQABAAD\/ACwAAAAAAQABAAACADs=\" alt=\"Colocation hosting\" width=\"359\" height=\"360\" data-src=\"\/wp-content\/uploads\/devops.png\"><noscript><img decoding=\"async\" loading=\"lazy\" src=\"data:image\/gif;base64,R0lGODlhAQABAIAAAAAAAP\/\/\/ywAAAAAAQABAAACAUwAOw==\" alt=\"Colocation hosting\" width=\"359\" height=\"360\" class=\"aligncenter d-none size-full wp-image-30054 lazy\" data-src=\"\/wp-content\/uploads\/devops.png\"><\/noscript><\/div>\n<\/div>\n<div class=\"block-promo__content\">\n<div class=\"subtitle\"><span>Why We<\/span><\/div>\n<h4>As a service provider, IPTP Networks is oriented on delivering of IaaS (Infrastructure as a Service) to help your business grow stronger. Our points of presence are equipped with edge servers which are intended to provide better and faster performances.<\/h4>\n<p class=\"mb-0 text-center-mobile\">\n          <a href=\"#\" class=\"btn-outline-primary --white-gray js_btn_request_form_all\">Solicite um or&ccedil;amento<\/a>\n        <\/p>\n<\/div>\n<\/div>\n<\/div>\n<\/div><div class=\"section bg-gray\">\n<div class=\"inner\">\n<div class=\"subtitle text-center\"><span>Benefits<\/span><\/div>\n<h2 class=\"text-center\">\n      Benefits Of Colocation Solutions<br>\n    <\/h2>\n<div class=\"row row-cols-1 row-cols-md-2 row-cols-lg-2 gx-md-5 gy-md-3 gy-3 mb-3 mt-3\">\n<div class=\"col\">\n<div class=\"text-border-left\">\n          <span class=\"common-text-20--bold\">Physical Security<\/span>\n<p class=\"common-text-14 pt-2\">\n            We provide higher levels of physical protection and enforce stringent measures for securing data\n          <\/p>\n<\/div>\n<\/div>\n<div class=\"col\">\n<div class=\"text-border-left\">\n          <span class=\"common-text-20--bold\">Flexibility<\/span>\n<p class=\"common-text-14 pt-2\">\n            Fully customizable, upgradeable and configurable to your specific needs\n          <\/p>\n<\/div>\n<\/div>\n<div class=\"col\">\n<div class=\"text-border-left\">\n          <span class=\"common-text-20--bold\">Low Latency Connectivity<\/span>\n        <\/div>\n<\/div>\n<div class=\"col\">\n<div class=\"text-border-left\">\n          <span class=\"common-text-20--bold\">Availability at Most Desired PoPs<\/span>\n<p class=\"common-text-14 pt-2\">\n            Exceptional connectivity worldwide via IPTP Networks backbone\n          <\/p>\n<\/div>\n<\/div>\n<div class=\"col\">\n<div class=\"text-border-left\">\n          <span class=\"common-text-20--bold\">Reliability<\/span>\n<p class=\"common-text-14 pt-2\">\n            Colocation facilities offer server cooling systems, power and communication systems that ensure constant connection\n          <\/p>\n<\/div>\n<\/div>\n<div class=\"col\">\n<div class=\"text-border-left\">\n          <span class=\"common-text-20--bold\">Exclusive Bandwidth Rated<\/span>\n<p class=\"common-text-14 pt-2\">\n            Rock-solid, 100% guaranteed Internet bandwidth of either 100, 1000 or 10000 Mb\/s ports\n          <\/p>\n<\/div>\n<\/div>\n<\/div>\n<p class=\"pt-3 mb-0 text-center\">\n      <a href=\"#\" class=\"btn-outline-primary --gray js_btn_request_form_all\">Solicite um or&ccedil;amento<\/a>\n    <\/p>\n<\/div>\n<\/div><div class=\"section\">\n<div class=\"inner\">\n<div class=\"subtitle text-center\"><span>Features<\/span><\/div>\n<h2 class=\"text-center\">\n      Caracter&iacute;sticas Principais<br>\n    <\/h2>\n<ul class=\"list-disc mb-3\">\n<li>\n<p>Ampla gama de servidores Supermicro pr&eacute;-testados prontos para o servi&ccedil;o<\/p>\n<\/li>\n<li>\n<p>Largura de banda de Internet s&oacute;lida, 100% garantida, de portas 1000 ou 10000 Mbps<\/p>\n<\/li>\n<li>\n<p>Atualiza&ccedil;&otilde;es gratuitas de patches, hot fixs e service packs<\/p>\n<\/li>\n<li>\n<p>Porta remota de gerenciamento de energia via PDU APC<\/p>\n<\/li>\n<li>\n<p>Atendimento ao vivo 24 horas por dia, 7 dias por semana (tempo de espera zero) suporte t&eacute;cnico por telefone<\/p>\n<\/li>\n<li>\n<p>Portal do Cliente que permite acesso a relat&oacute;rios de desempenho em tempo real e fun&ccedil;&otilde;es de faturamento<\/p>\n<\/li>\n<li>\n<p>Conectividade mundial excepcional via backbone de redes IPTP<\/p>\n<\/li>\n<li>\n<p>Seguran&ccedil;a l&iacute;der do setor<\/p>\n<\/li>\n<li>\n<p>Profissionalmente personaliz&aacute;vel, atualiz&aacute;vel e configur&aacute;vel para o seu modelo de neg&oacute;cios espec&iacute;fico<\/p>\n<\/li>\n<li>\n<p>Todos os equipamentos de rede s&atilde;o fornecidos pela Cisco e suportados por nossos engenheiros certificados<\/p>\n<\/li>\n<li>\n<p>Controle remoto de equipamentos completos via IPMI v2.0<\/p>\n<\/li>\n<\/ul>\n<h3 class=\"text-center mb-5\">\n      Opcional<br>\n    <\/h3>\n<ul class=\"list-disc mb-3\">\n<li>\n<p>Circuitos de linha privada internacional de baixa lat&ecirc;ncia ou EoMPLS para qualquer local do mundo fornecem conectividade sem interrup&ccedil;&otilde;es<\/p>\n<\/li>\n<li>\n<p>Solu&ccedil;&otilde;es personalizadas de rede privada virtual<\/p>\n<\/li>\n<li>\n<p>Ativando redes CDN e Cloud<\/p>\n<\/li>\n<li>\n<p>Assist&ecirc;ncia e gerenciamento de solu&ccedil;&otilde;es de virtualiza&ccedil;&atilde;o RHEV \/ VMWare \/ Xen \/ Hyper-V \/ OpenStack<\/p>\n<\/li>\n<li>\n<p>Ampla gama de solu&ccedil;&otilde;es de armazenamento da EMC<\/p>\n<\/li>\n<li>\n<p>Mesmo endere&ccedil;o IP em locais diferentes para distribui&ccedil;&atilde;o de recursos global de &uacute;ltima gera&ccedil;&atilde;o<\/p>\n<\/li>\n<li>\n<p>O gerenciamento completo e a administra&ccedil;&atilde;o de equipamentos hospedados eliminam a necessidade do departamento de TI interno<\/p>\n<\/li>\n<li>\n<p>Configura&ccedil;&atilde;o de equipamento no mesmo dia<\/p>\n<\/li>\n<\/ul><\/div>\n<\/div><div class=\"section section-banner\">\r\n    <div class=\"inner text-center\">\r\n            <div class=\"subtitle\"><span>Solicite um or&ccedil;amento<\/span><\/div>\r\n                <h2>Ready to Get Started?<\/h2>\r\n                    <p class=\"pt-3 mb-0\">\r\n            <!-- <a href=\"https:\/\/www.iptp.us\/pt_PT\/request-a-quote\/?post=410\" class=\"btn-primary-rounded-pill d-inline-block\">Solicite um or&ccedil;amento<\/a> -->\r\n            <a href=\"#\" class=\"btn-primary-rounded-pill d-inline-block js_btn_request_form_all\">Solicite um or&ccedil;amento<\/a>\r\n        <\/p>\r\n        <\/div>\r\n<\/div>\n","protected":false},"excerpt":{"rendered":"<p> Colocation em v\u00e1rios Datacenters na \u00c1sia, Oriente M\u00e9dio, \u00c1frica, Oceania, Europa e EUA. Os pacotes de colocation por IPTP NEtworks fornecem uma oportunidade para voc\u00ea configurar seu pr\u00f3prio equipamento em um datacenter especialme&#8230;<\/p>\n","protected":false},"author":1,"featured_media":0,"parent":18393,"menu_order":0,"comment_status":"closed","ping_status":"closed","template":"template-inner-page.php","meta":[],"acf":[],"aioseo_notices":[],"_links":{"self":[{"href":"https:\/\/www.iptp.us\/pt_PT\/wp-json\/wp\/v2\/pages\/410"}],"collection":[{"href":"https:\/\/www.iptp.us\/pt_PT\/wp-json\/wp\/v2\/pages"}],"about":[{"href":"https:\/\/www.iptp.us\/pt_PT\/wp-json\/wp\/v2\/types\/page"}],"author":[{"embeddable":true,"href":"https:\/\/www.iptp.us\/pt_PT\/wp-json\/wp\/v2\/users\/1"}],"replies":[{"embeddable":true,"href":"https:\/\/www.iptp.us\/pt_PT\/wp-json\/wp\/v2\/comments?post=410"}],"version-history":[{"count":553,"href":"https:\/\/www.iptp.us\/pt_PT\/wp-json\/wp\/v2\/pages\/410\/revisions"}],"predecessor-version":[{"id":39404,"href":"https:\/\/www.iptp.us\/pt_PT\/wp-json\/wp\/v2\/pages\/410\/revisions\/39404"}],"up":[{"embeddable":true,"href":"https:\/\/www.iptp.us\/pt_PT\/wp-json\/wp\/v2\/pages\/18393"}],"wp:attachment":[{"href":"https:\/\/www.iptp.us\/pt_PT\/wp-json\/wp\/v2\/media?parent=410"}],"curies":[{"name":"wp","href":"https:\/\/api.w.org\/{rel}","templated":true}]}}