{"id":4071,"date":"2020-04-09T15:30:12","date_gmt":"2020-04-09T12:30:12","guid":{"rendered":"https:\/\/web-dev.iptp.net\/?page_id=4071"},"modified":"2025-06-12T12:49:15","modified_gmt":"2025-06-12T09:49:15","slug":"remote-ix","status":"publish","type":"page","link":"https:\/\/www.iptp.us\/pt_PT\/internet-access\/remote-ix\/","title":{"rendered":"IX Remoto"},"content":{"rendered":"<div class=\"mb-4\" style=\"background:url(\/wp-content\/uploads\/remotix22-1.jpg) no-repeat center\/cover ;\">\n<div class=\"text-white p-3 p-lg-5 ms-4 text-shadow-xs\">\n<h2 class=\"card-title text-white mb-5 fs-3rem pb-md-5 mt-0\">IX Remoto<\/h2>\n<p>Reduce costs for IP Transit<\/p>\n<p>Use best low latency routes<\/p>\n<p>Connect via 228 PoP<br>Across the World<\/p>\n<\/div>\n<\/div><p>A exclusividade do acesso remoto da IPTP Networs &agrave;s Trocas da Internet e aos seus pares privados, atrav&eacute;s da rede backbone protegida MPLS, oferece a m&aacute;xima flexibilidade que o ajudar&aacute; a criar seu pr&oacute;prio projeto de tr&aacute;fego e solu&ccedil;&otilde;es de engenharia a partir de uma &uacute;nica porta. Basicamente, olhando para a rede de backbone da IPTP Networks, voc&ecirc; pode selecionar sua rota prim&aacute;ria preferida com lat&ecirc;ncia espec&iacute;fica e rota de backup, e ainda mais, voc&ecirc; pode adicionar pontos de agrega&ccedil;&atilde;o VPLS e emparelhar diretamente a Trocas de Internet de acordo com suas necessidades de neg&oacute;cios.\t<\/p><p>IPTP Networks oferece uma brilhante possibilidade de <a href=\"https:\/\/www.iptp.us\/pt_PT\/internet-access\/ix-transit\/\"> se tornar um membro das maiores Trocas da Internet <\/a> com um esfor&ccedil;o financeiro m&iacute;nimo. O nosso servi&ccedil;o IX Remote ajuda a sua empresa a reduzir significativamente os custos do IP Transit e a usar as melhores rotas de baixa lat&ecirc;ncia fornecidas pelos membros do peering. IPTP Networks &eacute; um membro orgulhoso de mais de 52 trocas de Internet em todo o mundo. A diversidade geogr&aacute;fica da rede IPTP permite que voc&ecirc; conecte <a href=\"https:\/\/www.iptp.us\/pt_PT\/internet-access\/ip-transit\/\"> nossa plataforma de peering de mais de 228 centros de dados on-line em todo o mundo<\/a>, independentemente do tamanho da sua empresa.<\/p><hr><h2>ESQUEMA DE PEERING REMOTO<\/h2><p><img decoding=\"async\" class=\"mt-2 mb-2 lazy\" src=\"data:image\/gif;base64,R0lGODlhAQABAIAAAAAAAP\/\/\/ywAAAAAAQABAAACAUwAOw==\" alt=\"IX Remoto\" data-src=\"\/wp-content\/uploads\/remotepeering2-1.svg\"><\/p><h2>ATUALMENTE PEERING REMOTO \/ IX REMOTO EST&Aacute; DISPON&Iacute;VEL ATRAV&Eacute;S<\/h2><div class=\"p-line-s1\">\n<div>VLANs to:<\/div>\n<div class=\"p-line-pic-s1\"><img decoding=\"async\" src=\"data:image\/gif;base64,R0lGODlhAQABAIAAAAAAAP\/\/\/ywAAAAAAQABAAACAUwAOw==\" alt=\"IX Remoto\" data-src=\"\/wp-content\/uploads\/ixline.svg\" class=\"lazy\"><\/div>\n<\/div><div class=\"row\">\n<div class=\"col-xs-12 col-sm-6 p-mb-20\">\n<div class=\"row\">\n<div class=\"col-4\">\n\t\t\t\t<img decoding=\"async\" src=\"data:image\/gif;base64,R0lGODlhAQABAIAAAAAAAP\/\/\/ywAAAAAAQABAAACAUwAOw==\" alt=\"Any2 Coresite\" data-src=\"\/wp-content\/uploads\/smlogo-coresite.png\" class=\"lazy\">\n\t\t\t<\/div>\n<div class=\"col-8\">\n<div class=\"p-fs-16\"><strong>Any2 Coresite<\/strong><\/div>\n<div class=\"p-fs-14\">Los Angeles, Denver<\/div>\n<\/div>\n<\/div>\n<\/div>\n<div class=\"col-xs-12 col-sm-6 p-mb-20\">\n<div class=\"row\">\n<div class=\"col-4\">\n\t\t\t\t<img decoding=\"async\" src=\"data:image\/gif;base64,R0lGODlhAQABAIAAAAAAAP\/\/\/ywAAAAAAQABAAACAUwAOw==\" alt=\"JPNAP\" data-src=\"\/wp-content\/uploads\/smlogo-jpnap.png\" class=\"lazy\">\n\t\t\t<\/div>\n<div class=\"col-8\">\n<div class=\"p-fs-16\"><strong>JPNAP<\/strong><\/div>\n<div class=\"p-fs-14\">T&oacute;quio<\/div>\n<\/div>\n<\/div>\n<\/div>\n<div class=\"col-xs-12 col-sm-6 p-mb-20\">\n<div class=\"row\">\n<div class=\"col-4\">\n\t\t\t\t<img decoding=\"async\" src=\"data:image\/gif;base64,R0lGODlhAQABAIAAAAAAAP\/\/\/ywAAAAAAQABAAACAUwAOw==\" alt=\"AMS-IX\" data-src=\"\/wp-content\/uploads\/smlogo-amsix.png\" class=\"lazy\">\n\t\t\t<\/div>\n<div class=\"col-8\">\n<div class=\"p-fs-16\"><strong>AMS-IX<\/strong><\/div>\n<div class=\"p-fs-14\">Amsterd&atilde;<\/div>\n<\/div>\n<\/div>\n<\/div>\n<div class=\"col-xs-12 col-sm-6 p-mb-20\">\n<div class=\"row\">\n<div class=\"col-4\">\n\t\t\t\t<img decoding=\"async\" src=\"data:image\/gif;base64,R0lGODlhAQABAIAAAAAAAP\/\/\/ywAAAAAAQABAAACAUwAOw==\" alt=\"LINX\" data-src=\"\/wp-content\/uploads\/smlogo-linx.png\" class=\"lazy\">\n\t\t\t<\/div>\n<div class=\"col-8\">\n<div class=\"p-fs-16\"><strong>LINX<\/strong><\/div>\n<div class=\"p-fs-14\">Londres<\/div>\n<\/div>\n<\/div>\n<\/div>\n<div class=\"col-xs-12 col-sm-6 p-mb-20\">\n<div class=\"row\">\n<div class=\"col-4\">\n\t\t\t\t<img decoding=\"async\" src=\"data:image\/gif;base64,R0lGODlhAQABAIAAAAAAAP\/\/\/ywAAAAAAQABAAACAUwAOw==\" alt=\"DE-CIX\" data-src=\"\/wp-content\/uploads\/smlogo-decix.png\" class=\"lazy\">\n\t\t\t<\/div>\n<div class=\"col-8\">\n<div class=\"p-fs-16\"><strong>DE-CIX<\/strong><\/div>\n<div class=\"p-fs-14\">Frankfurt, Marselha<\/div>\n<\/div>\n<\/div>\n<\/div>\n<div class=\"col-xs-12 col-sm-6 p-mb-20\">\n<div class=\"row\">\n<div class=\"col-4\">\n\t\t\t\t<img decoding=\"async\" src=\"data:image\/gif;base64,R0lGODlhAQABAIAAAAAAAP\/\/\/ywAAAAAAQABAAACAUwAOw==\" alt=\"Interlan\" data-src=\"\/wp-content\/uploads\/smlogo-interlan.png\" class=\"lazy\">\n\t\t\t<\/div>\n<div class=\"col-8\">\n<div class=\"p-fs-16\"><strong>Interlan<\/strong><\/div>\n<div class=\"p-fs-14\">Bucareste<\/div>\n<\/div>\n<\/div>\n<\/div>\n<div class=\"col-xs-12 col-sm-6 p-mb-20\">\n<div class=\"row\">\n<div class=\"col-4\">\n\t\t\t\t<img decoding=\"async\" src=\"data:image\/gif;base64,R0lGODlhAQABAIAAAAAAAP\/\/\/ywAAAAAAQABAAACAUwAOw==\" alt=\"Netnod\" data-src=\"\/wp-content\/uploads\/smlogo-netnod.png\" class=\"lazy\">\n\t\t\t<\/div>\n<div class=\"col-8\">\n<div class=\"p-fs-16\"><strong>Netnod<\/strong><\/div>\n<div class=\"p-fs-14\">Estocolmo<\/div>\n<\/div>\n<\/div>\n<\/div>\n<div class=\"col-xs-12 col-sm-6 p-mb-20\">\n<div class=\"row\">\n<div class=\"col-4\">\n\t\t\t\t<img decoding=\"async\" src=\"data:image\/gif;base64,R0lGODlhAQABAIAAAAAAAP\/\/\/ywAAAAAAQABAAACAUwAOw==\" alt=\"DTEL-IX\" data-src=\"\/wp-content\/uploads\/smlogo-dtelix.png\" class=\"lazy\">\n\t\t\t<\/div>\n<div class=\"col-8\">\n<div class=\"p-fs-16\"><strong>DTEL-IX<\/strong><\/div>\n<div class=\"p-fs-14\">Kiev<\/div>\n<\/div>\n<\/div>\n<\/div>\n<div class=\"col-xs-12 col-sm-6 p-mb-20\">\n<div class=\"row\">\n<div class=\"col-4\">\n\t\t\t\t<img decoding=\"async\" src=\"data:image\/gif;base64,R0lGODlhAQABAIAAAAAAAP\/\/\/ywAAAAAAQABAAACAUwAOw==\" alt=\"France-IX\" data-src=\"\/wp-content\/uploads\/smlogo-franceix.png\" class=\"lazy\">\n\t\t\t<\/div>\n<div class=\"col-8\">\n<div class=\"p-fs-16\"><strong>France-IX<\/strong><\/div>\n<div class=\"p-fs-14\">Paris, Marselha<\/div>\n<\/div>\n<\/div>\n<\/div>\n<div class=\"col-xs-12 col-sm-6 p-mb-20\">\n<div class=\"row\">\n<div class=\"col-4\">\n\t\t\t\t<img decoding=\"async\" src=\"data:image\/gif;base64,R0lGODlhAQABAIAAAAAAAP\/\/\/ywAAAAAAQABAAACAUwAOw==\" alt=\"SGIX\" data-src=\"\/wp-content\/uploads\/sgixlogo.png\" class=\"lazy\">\n\t\t\t<\/div>\n<div class=\"col-8\">\n<div class=\"p-fs-16\"><strong>SGIX<\/strong><\/div>\n<div class=\"p-fs-14\">Cingapura<\/div>\n<\/div>\n<\/div>\n<\/div>\n<div class=\"col-xs-12 col-sm-6 p-mb-20\">\n<div class=\"row\">\n<div class=\"col-4\">\n\t\t\t\t<img decoding=\"async\" src=\"data:image\/gif;base64,R0lGODlhAQABAIAAAAAAAP\/\/\/ywAAAAAAQABAAACAUwAOw==\" alt=\"JPIX\" data-src=\"\/wp-content\/uploads\/smlogo-jpix.png\" class=\"lazy\">\n\t\t\t<\/div>\n<div class=\"col-8\">\n<div class=\"p-fs-16\"><strong>JPIX<\/strong><\/div>\n<div class=\"p-fs-14\">T&oacute;quio<\/div>\n<\/div>\n<\/div>\n<\/div>\n<div class=\"col-xs-12 col-sm-6 p-mb-20\">\n<div class=\"row\">\n<div class=\"col-4\">\n\t\t\t\t<img decoding=\"async\" src=\"data:image\/gif;base64,R0lGODlhAQABAIAAAAAAAP\/\/\/ywAAAAAAQABAAACAUwAOw==\" alt=\"IX.br\" data-src=\"\/wp-content\/uploads\/smlogo-ixbr.png\" class=\"lazy\">\n\t\t\t<\/div>\n<div class=\"col-8\">\n<div class=\"p-fs-16\"><strong>IX.br<\/strong><\/div>\n<div class=\"p-fs-14\">S&atilde;o Paulo, Fortaleza<\/div>\n<\/div>\n<\/div>\n<\/div>\n<div class=\"col-xs-12 col-sm-6 p-mb-20\">\n<div class=\"row\">\n<div class=\"col-4\">\n\t\t\t\t<img decoding=\"async\" src=\"data:image\/gif;base64,R0lGODlhAQABAIAAAAAAAP\/\/\/ywAAAAAAQABAAACAUwAOw==\" alt=\"NAPAfrica IX\" data-src=\"\/wp-content\/uploads\/napafrica.png\" class=\"lazy\">\n\t\t\t<\/div>\n<div class=\"col-8\">\n<div class=\"p-fs-16\"><strong>NAPAfrica IX<\/strong><\/div>\n<div class=\"p-fs-14\">Johannesburgo<\/div>\n<\/div>\n<\/div>\n<\/div>\n<\/div><div class=\"p-line-s1\">\n<div>Portas 1G \/ 10G dedicadas para:<\/div>\n<div class=\"p-line-pic-s1\"><img decoding=\"async\" src=\"data:image\/gif;base64,R0lGODlhAQABAIAAAAAAAP\/\/\/ywAAAAAAQABAAACAUwAOw==\" alt=\"IX Remoto\" data-src=\"\/wp-content\/uploads\/ixline.svg\" class=\"lazy\"><\/div>\n<\/div><div class=\"row\">\n<div class=\"col-xs-12 col-sm-6 p-mb-20\">\n<div class=\"row\">\n<div class=\"col-4\">\n\t\t\t\t<img decoding=\"async\" src=\"data:image\/gif;base64,R0lGODlhAQABAIAAAAAAAP\/\/\/ywAAAAAAQABAAACAUwAOw==\" alt=\"BBIX\" data-src=\"\/wp-content\/uploads\/smlogo-bbix.png\" class=\"lazy\">\n\t\t\t<\/div>\n<div class=\"col-8\">\n<div class=\"p-fs-16\"><strong>BBIX<\/strong><\/div>\n<div class=\"p-fs-14\">T&oacute;quio, Hong Kong, Cingapura<\/div>\n<\/div>\n<\/div>\n<\/div>\n<div class=\"col-xs-12 col-sm-6 p-mb-20 hidden\">\n<div class=\"row\">\n<div class=\"col-4\">\n\t\t\t\t<img decoding=\"async\" src=\"data:image\/gif;base64,R0lGODlhAQABAIAAAAAAAP\/\/\/ywAAAAAAQABAAACAUwAOw==\" alt=\"Espanix\" data-src=\"\/wp-content\/uploads\/smlogo-espanix.png\" class=\"lazy\">\n\t\t\t<\/div>\n<div class=\"col-8\">\n<div class=\"p-fs-16\"><strong>Espanix<\/strong><\/div>\n<div class=\"p-fs-14\">Madrid<\/div>\n<\/div>\n<\/div>\n<\/div>\n<div class=\"col-xs-12 col-sm-6 p-mb-20\">\n<div class=\"row\">\n<div class=\"col-4\">\n\t\t\t\t<img decoding=\"async\" src=\"data:image\/gif;base64,R0lGODlhAQABAIAAAAAAAP\/\/\/ywAAAAAAQABAAACAUwAOw==\" alt=\"Equinix\" data-src=\"\/wp-content\/uploads\/smlogo-equinix.png\" class=\"lazy\">\n\t\t\t<\/div>\n<div class=\"col-8\">\n<div class=\"p-fs-16\"><strong>Equinix<\/strong><\/div>\n<div class=\"p-fs-14\">Los Angeles, San Jose, Ashburn, Chicago, Dallas, Miami, Nova York, S&atilde;o Paulo, Amsterd&atilde;, Londres, Zurique, Frankfurt, Estocolmo, Hong Kong, Cingapura, T&oacute;quio, Sydney<\/div>\n<\/div>\n<\/div>\n<\/div>\n<div class=\"col-xs-12 col-sm-6 p-mb-20\">\n<div class=\"row p-mb-20\">\n<div class=\"col-4\">\n\t\t\t\t<img decoding=\"async\" src=\"data:image\/gif;base64,R0lGODlhAQABAIAAAAAAAP\/\/\/ywAAAAAAQABAAACAUwAOw==\" alt=\"HKIX\" data-src=\"\/wp-content\/uploads\/smlogo-hkix.png\" class=\"lazy\">\n\t\t\t<\/div>\n<div class=\"col-8\">\n<div class=\"p-fs-16\"><strong>HKIX<\/strong><\/div>\n<div class=\"p-fs-14\">Hong Kong<\/div>\n<\/div>\n<\/div>\n<div class=\"row\">\n<div class=\"col-4\">\n\t\t\t\t<img decoding=\"async\" src=\"data:image\/gif;base64,R0lGODlhAQABAIAAAAAAAP\/\/\/ywAAAAAAQABAAACAUwAOw==\" alt=\"SIX\" data-src=\"\/wp-content\/uploads\/smlogo-six.png\" class=\"lazy\">\n\t\t\t<\/div>\n<div class=\"col-8\">\n<div class=\"p-fs-16\"><strong>SIX<\/strong><\/div>\n<div class=\"p-fs-14\">Seattle<\/div>\n<\/div>\n<\/div>\n<\/div>\n<\/div><hr><div>\r\n\t\t<button type=\"button\" class=\"btn btn-primary btn__jumboix btn-lg js-target-div mt-2 js-fixed-button-open-request-form \" data-target=\"jumboIX__modal\">\r\n\t\t\tSolicite um or&ccedil;amento\t\t<\/button>\r\n\t<\/div><script type=\"text\/javascript\">\r\n\t\tjQuery(function($){\r\n\r\n\t\t\t $(document).on('click', '#jumboIX__modal.active', function(e){\r\n\t\t        e.preventDefault();\r\n\r\n\t\t        $(this).find('.js-x-close').trigger('click');   \r\n\t\t    });\r\n\r\n\t\t    $(document).on('click', '#jumboIX__modal.active *', function(e){\r\n\t\t        e.stopPropagation();\r\n\r\n\t\t    });\r\n\r\n\t\t})\r\n\t<\/script><div id=\"jumboIX__modal\" class=\"popup-jumboIX-modal-s1 wrap-jumboix wrap-jumboix__2 v-modal\">\r\n\t\t<div class=\"modal__inner\">\r\n\t\t\t<button class=\"x-close js-x-close\">x<\/button>\r\n\r\n\t\t\t<h2 class=\"jumbolix-heading \">\r\n\t\t\t\tSolicitar um or&ccedil;amento para Remote Peering\t\t\t<\/h2>\r\n\r\n\t\t\t\r\n\t\t\t<form method=\"post\" class=\"js-form-ajax-request_form css-form-mod-v2 js_form_get_token\">\r\n\t\t\t\t   <input type=\"hidden\" name=\"_wp_http_referer\" value=\"https:\/\/www.iptp.us\/pt_PT\/wp-json\/wp\/v2\/pages\/4071\" class=\"no-check\">\r\n   <input type=\"hidden\" name=\"_current_title\" value=\"IPTP Networks\" class=\"no-check\">\r\n   <input type=\"hidden\" name=\"security\" value=\"8690560296\">\r\n   <input type=\"hidden\" name=\"form_time\" value=\"1775287466\">\r\n   <input type=\"text\" name=\"website\" style=\"display:none\" class=\"no-check\">\r\n   <input type=\"hidden\" name=\"js_check\" class=\"no-check\" value=\"\">\r\n   \r\n\r\n\t\t\t\t\t\t\t\t\t<input type=\"hidden\" name=\"service\" value=\"Peering Remoto\">\r\n\t\t\t\t\r\n\t\t\t\t<div class=\"row\">\r\n\t\t\t\t\t<div class=\"col-xs-12 col-md-6 line-group\">\r\n\t\t\t\t\t\t<input type=\"text\" name=\"your_name\" class=\"form-control form-control--border-bottom\" placeholder=\"Your name *\">\r\n\t\t\t\t\t<\/div>\r\n\t\t\t\t\t<div class=\"col-xs-12 col-md-6 line-group\">\r\n\t\t\t\t\t\t<input type=\"text\" name=\"email\" class=\"form-control form-control--border-bottom\" placeholder=\"E-mail *\">\r\n\t\t\t\t\t<\/div>\r\n\t\t\t\t\t<div class=\"clearfix\"><\/div>\r\n\t\t\t\t\t<div class=\"col-xs-12 col-md-6 line-group\">\r\n\t\t\t\t\t\t<input type=\"text\" name=\"organisation\" class=\"form-control form-control--border-bottom\" placeholder=\"Organisation *\">\r\n\t\t\t\t\t<\/div>\r\n\r\n\t\t\t\t\t<div class=\"col-xs-12 col-md-6 line-group\">\r\n\t\t\t\t\t\t<div class=\"wrap-intl-tel-input\">\r\n\t\t\t\t\t\t\t<input type=\"text\" name=\"asnumber\" class=\"form-control form-control--border-bottom intl-tel-input no-check\" placeholder=\"Phone Number\">\r\n\t\t\t\t\t\t<\/div>\r\n\t\t\t\t\t<\/div>\r\n\r\n\r\n\t\t\t\t\t\r\n\t\t\t\t\t<div class=\"clearfix\"><\/div>\r\n\t\t\t\t\t<div class=\"col-xs-12 col-md-12 line-group\">\r\n\t\t\t\t\t\t<div class=\"w-100\">\r\n\t\t\t\t\t\t\t<label style=\"font-weight: bold\" for=\"ms\">Describe your request<\/label>\r\n\t\t\t\t\t\t\t<textarea name=\"message\" id=\"ms\" cols=\"30\" rows=\"6\" class=\"form-control form-control--border-bottom\" placeholder=\"Quick overview *\"><\/textarea>\r\n\r\n\t\t\t\t\t\t<\/div>\r\n\t\t\t\t\t<\/div>\r\n\r\n\t\t\t\t\t<div class=\"col-xs-12 col-md-12 line-group\">\r\n\t\t\t\t\t\t* required fields\t\t\t\t\t<\/div>\r\n\r\n\r\n\t\t\t\t\t<div class=\"col-xs-12 col-md-12 text-center\">\r\n\t\t\t\t\t<!-- \t<div class=\"line-group captcha_md\">\r\n\t\t\t\t\t\t\t<div id=\"captchas\" class=\"captcha__label\" data-qid=\"captcha_69d0bcaa4c0d8\"><\/div>\r\n\t\t\t\t\t\t\t<span class=\"fa fa-refresh catpcha_refreshs catpcha_refresh_mod\"><\/span>\r\n\t\t\t\t\t\t\t<input id=\"cpatchaJumboIX\" type=\"text\" name=\"captcha\" class=\"line-group__input--213 captcha__input--custom\" placeholder=\"Captcha code\" \/>\r\n\t\t\t\t\t\t<\/div> -->\r\n\t\t\t\t\t\t<div class=\"line-groups\">\r\n\r\n\t\t\t\t\t\t\t<div class=\"hidden-sm hidden-xs\"><\/div>\r\n\t\t\t\t\t\t\t<button class=\"btn btn__jumboix\">\r\n\t\t\t\t\t\t\t\tSolicite um or&ccedil;amento\t\t\t\t\t\t\t<\/button>\r\n\t\t\t\t\t\t<\/div>\r\n\r\n\r\n\r\n\t\t\t\t\t\t<div class=\"jumboIX_completed js-jumboIX_completed--success \">\r\n\t\t\t\t\t\t\tObrigado pelo seu pedido\t\t\t\t\t\t<\/div>\r\n\r\n\t\t\t\t\t\t<div class=\"jumboIX_completed jumboIX_completed--error\"><\/div>\r\n\t\t\t\t\t<\/div>\r\n\t\t\t\t<\/div>\r\n\t\t\t<\/form>\r\n\t\t<\/div>\r\n\t<\/div><div class=\"div-overlay\"><\/div>\n","protected":false},"excerpt":{"rendered":"<p>A exclusividade do acesso remoto da IPTP Networs \u00e0s Trocas da Internet e aos seus pares privados, atrav\u00e9s da rede backbone protegida MPLS, oferece a m\u00e1xima flexibilidade que o ajudar\u00e1 a criar seu pr\u00f3prio projeto de tr\u00e1fego e solu\u00e7\u00f5es de engenharia a &#8230;<\/p>\n","protected":false},"author":1,"featured_media":11426,"parent":388,"menu_order":0,"comment_status":"closed","ping_status":"closed","template":"","meta":[],"acf":[],"aioseo_notices":[],"_links":{"self":[{"href":"https:\/\/www.iptp.us\/pt_PT\/wp-json\/wp\/v2\/pages\/4071"}],"collection":[{"href":"https:\/\/www.iptp.us\/pt_PT\/wp-json\/wp\/v2\/pages"}],"about":[{"href":"https:\/\/www.iptp.us\/pt_PT\/wp-json\/wp\/v2\/types\/page"}],"author":[{"embeddable":true,"href":"https:\/\/www.iptp.us\/pt_PT\/wp-json\/wp\/v2\/users\/1"}],"replies":[{"embeddable":true,"href":"https:\/\/www.iptp.us\/pt_PT\/wp-json\/wp\/v2\/comments?post=4071"}],"version-history":[{"count":565,"href":"https:\/\/www.iptp.us\/pt_PT\/wp-json\/wp\/v2\/pages\/4071\/revisions"}],"predecessor-version":[{"id":37003,"href":"https:\/\/www.iptp.us\/pt_PT\/wp-json\/wp\/v2\/pages\/4071\/revisions\/37003"}],"up":[{"embeddable":true,"href":"https:\/\/www.iptp.us\/pt_PT\/wp-json\/wp\/v2\/pages\/388"}],"wp:featuredmedia":[{"embeddable":true,"href":"https:\/\/www.iptp.us\/pt_PT\/wp-json\/wp\/v2\/media\/11426"}],"wp:attachment":[{"href":"https:\/\/www.iptp.us\/pt_PT\/wp-json\/wp\/v2\/media?parent=4071"}],"curies":[{"name":"wp","href":"https:\/\/api.w.org\/{rel}","templated":true}]}}