{"id":404,"date":"2019-07-02T15:10:17","date_gmt":"2019-07-02T12:10:17","guid":{"rendered":"https:\/\/web-mng.iptp.com\/?page_id=404"},"modified":"2025-06-12T12:33:44","modified_gmt":"2025-06-12T09:33:44","slug":"hosting","status":"publish","type":"page","link":"https:\/\/www.iptp.us\/pt_PT\/hosting\/","title":{"rendered":"Hosting (Hospedagem)"},"content":{"rendered":"<p>\n\tIPTP Networks &eacute; conhecido como um provedor de hospedagem confi&aacute;vel, oferecendo uma ampla gama de servi&ccedil;os de alta qualidade, tais como:\n<\/p><ul>\n<li><a href=\"https:\/\/www.iptp.us\/pt_PT\/network\/datacenter-services\/dedicated-hosting\/\">Hospedagem Dedicada<\/a><\/li>\n<li><a href=\"https:\/\/www.iptp.us\/pt_PT\/network\/datacenter-services\/colocation\/\">Coloca&ccedil;&atilde;o<\/a><\/li>\n<li><a href=\"https:\/\/www.iptp.us\/pt_PT\/matrix4\/\">DC Matrix 4 (Amsterd&atilde;)<\/a><\/li>\n<li><a href=\"https:\/\/www.iptp.us\/pt_PT\/k1\/\">DC Kermia 1 (Limassol)<\/a><\/li>\n<li><a href=\"https:\/\/www.iptp.us\/pt_PT\/hosting\/si\/\">DC San Isidro (Lima)<\/a><\/li>\n<\/ul><div class=\"load-ajax-69d0d20ba0ee9\"><\/div>\n","protected":false},"excerpt":{"rendered":"<p>IPTP Networks \u00e9 conhecido como um provedor de hospedagem confi\u00e1vel, oferecendo uma ampla gama de servi\u00e7os de alta qualidade, tais como:<\/p>\n<p>  Hospedagem Dedicada<br \/>\n <a href=\"\/.....\n<\/p>\n","protected":false},"author":1,"featured_media":0,"parent":0,"menu_order":0,"comment_status":"closed","ping_status":"closed","template":"","meta":[],"acf":[],"aioseo_notices":[],"_links":{"self":[{"href":"https:\/\/www.iptp.us\/pt_PT\/wp-json\/wp\/v2\/pages\/404"}],"collection":[{"href":"https:\/\/www.iptp.us\/pt_PT\/wp-json\/wp\/v2\/pages"}],"about":[{"href":"https:\/\/www.iptp.us\/pt_PT\/wp-json\/wp\/v2\/types\/page"}],"author":[{"embeddable":true,"href":"https:\/\/www.iptp.us\/pt_PT\/wp-json\/wp\/v2\/users\/1"}],"replies":[{"embeddable":true,"href":"https:\/\/www.iptp.us\/pt_PT\/wp-json\/wp\/v2\/comments?post=404"}],"version-history":[{"count":201,"href":"https:\/\/www.iptp.us\/pt_PT\/wp-json\/wp\/v2\/pages\/404\/revisions"}],"predecessor-version":[{"id":36988,"href":"https:\/\/www.iptp.us\/pt_PT\/wp-json\/wp\/v2\/pages\/404\/revisions\/36988"}],"wp:attachment":[{"href":"https:\/\/www.iptp.us\/pt_PT\/wp-json\/wp\/v2\/media?parent=404"}],"curies":[{"name":"wp","href":"https:\/\/api.w.org\/{rel}","templated":true}]}}