{"id":396,"date":"2016-10-07T19:27:41","date_gmt":"2016-10-07T16:27:41","guid":{"rendered":"https:\/\/web-mng.iptp.com\/?page_id=396"},"modified":"2026-01-14T09:52:01","modified_gmt":"2026-01-14T06:52:01","slug":"ix-transit","status":"publish","type":"page","link":"https:\/\/www.iptp.us\/pt_PT\/internet-access\/ix-transit\/","title":{"rendered":"IX Transit (Tr\u00e2nsito IX)"},"content":{"rendered":"<p>O IX Transit &eacute; um servi&ccedil;o que permite conectar-se a membros de Trocas na Internet atrav&eacute;s de nossa rede e se beneficiar de custo, lat&ecirc;ncia e largura de banda. O IX Transit permite que voc&ecirc; alcance todas as principais Trocas da Internet atrav&eacute;s de uma &uacute;nica porta.<\/p><p>Mais de 1500 sess&otilde;es de BGP e tr&aacute;fego s&atilde;o trocadas com quase 1000 Provedores de Servi&ccedil;os de Internet (ISPs) dos TIER 2 e TIER 1; Eles fornecem mais de 400.000 prefixos e, afetivamente, mais de 60% do tr&aacute;fego passa por links interconectados. Informa&ccedil;&otilde;es detalhadas podem ser obtidas via<a href=\"https:\/\/www.iptp.us\/pt_PT\/iptp-tools\/lg\/\"> Looking Glass<\/a> e de <a href=\"http:\/\/as41095.peeringdb.com\/\" target=\"_blank\" rel=\"nofollow noopener\">PeeringDB.<\/a><\/p><p>Estamos conectados a todos os principais pontos de troca internacionais da Internet: AMS-IX, CoreSite Any2,  DE-CIX, EQ-IX, LINX, NetNod, Dtel-IX, BBIX, JPIX, JPNAP, JBIX, SH-IX e muitos mais.<\/p><p><img decoding=\"async\" class=\"mt-2 mb-2 lazy\" src=\"data:image\/gif;base64,R0lGODlhAQABAIAAAAAAAP\/\/\/ywAAAAAAQABAAACAUwAOw==\" alt=\"ixtransit\" data-src=\"\/wp-content\/uploads\/ixtransit-3.svg\"><\/p><!-- map_contact 2 --><div class=\"box-map-contact position-relative\" id=\"map-map_contact_69d0bd25649b6\">\r\n                <img class=\"map_contact_69d0bd25649b6 text-center w-100 disabled-lazy\" src=\"https:\/\/www.iptp.us\/wp-content\/uploads\/map4.png\" alt=\"Image\">\r\n                <button style=\"z-index: 2\" class=\"btn-modal-toggle-js btn-toggle-modal-css btn btn-primary\"><i class=\"fa fa-arrows-alt\" aria-hidden=\"true\"><\/i><\/button>\r\n            <\/div><!-- add full zoom --><div class=\"pos-full-width weathermap div-toggle-js \" align=\"center\"><button class=\"btn-modal-toggle-js btn-toggle-modal-css btn btn-primary\"><i class=\"fa fa-close\" aria-hidden=\"true\"><\/i><\/button><div class=\"position-relative mx-auto\" style=\"max-width: 80vw\" align=\"center\"><img class=\"large-map_contact_69d0bd25649b6 lazy\" src=\"data:image\/gif;base64,R0lGODlhAQABAIAAAAAAAP\/\/\/ywAAAAAAQABAAACAUwAOw==\" alt=\"Image\" data-src=\"https:\/\/www.iptp.us\/wp-content\/uploads\/map4.png\"><\/div>\r\n\t\t\t<\/div><h5>PRINCIPAIS BENEF&Iacute;CIOS DO Tr&acirc;nsito de Troca (IX Transit) <\/h5><ul>\n<li>Menor lat&ecirc;ncia para aplicativos<\/li>\n<li>Melhores custos<\/li>\n<li>O tr&aacute;fego dom&eacute;stico da regi&atilde;o \/ pa&iacute;s espec&iacute;fico n&atilde;o pode ser monitorado fora de sua &aacute;rea<\/li>\n<li>Introdu&ccedil;&atilde;o de novas tecnologias(IPv6, RPKI, etc)<\/li>\n<\/ul><h5>IX TRANSIT REMOTO<\/h5><p>O servi&ccedil;o IX Transit Remoto pode ser usado em combina&ccedil;&atilde;o com o IP Transit ou como um servi&ccedil;o IX Transit independente para adquirir rotas remotas regionais espec&iacute;ficas. Semelhante ao servi&ccedil;o IX Transit, o IX Transit Remoto oferece um n&uacute;mero equivalente de prefixos (aproximadamente [prefixes]) e pode ser personalizado usando o alcance do conjunto de comunidades BGP. Neste cen&aacute;rio, uma sess&atilde;o BGP &eacute; iniciada com um roteador remoto por meio de um link L2 MPLS. Este processo permite a aquisi&ccedil;&atilde;o de rotas espec&iacute;ficas regionais desejadas e facilita uma engenharia de tr&aacute;fego mais abrangente em escala global. <\/p><h5>LISTA DE Trocas na Internet DISPON&Iacute;VEL PARA TRANSPORTE: <\/h5><p>IPTP Networks mant&eacute;m presen&ccedil;a nas seguintes trocas de Internet:<\/p><ul class=\"list-col\">\n<li><a href=\"https:\/\/www.peeringdb.com\/ix\/26\" target=\"_blank\" rel=\"nofollow noopener\">Amsterd&atilde; (AMS-IX)<\/a><\/li>\n<li><a href=\"https:\/\/www.peeringdb.com\/ix\/22\" target=\"_blank\" rel=\"nofollow noopener\">Atlanta Telx TIE <\/a><\/li>\n<li><a href=\"https:\/\/www.peeringdb.com\/ix\/1\" target=\"_blank\" rel=\"nofollow noopener\">Ashburn Equinix<\/a><\/li>\n<li><a href=\"https:\/\/www.peeringdb.com\/ix\/909\" target=\"_blank\" rel=\"nofollow noopener\">BBIX Hong Kong \/ Cingapura<\/a><\/li>\n<li><a href=\"https:\/\/www.peeringdb.com\/ix\/142\" target=\"_blank\" rel=\"nofollow noopener\">California \/ CoreSite &ndash; Any2<\/a><\/li>\n<li><a href=\"https:\/\/www.peeringdb.com\/ix\/142\" target=\"_blank\" rel=\"nofollow noopener\">Los Angeles &ndash; Any2<\/a><\/li>\n<li><a href=\"https:\/\/www.peeringdb.com\/ix\/597\" target=\"_blank\" rel=\"nofollow noopener\">Cape Town &ndash; NAP Africa<\/a><\/li>\n<li><a href=\"https:\/\/www.peeringdb.com\/ix\/2\" target=\"_blank\" rel=\"nofollow noopener\">Chicago Equinix <\/a><\/li>\n<li><a href=\"https:\/\/www.peeringdb.com\/ix\/3\" target=\"_blank\" rel=\"nofollow noopener\">Dallas Equinix<\/a><\/li>\n<li><a href=\"https:\/\/www.peeringdb.com\/ix\/125\" target=\"_blank\" rel=\"nofollow noopener\">Hong Kong Equinix<\/a><\/li>\n<li><a href=\"https:\/\/www.peeringdb.com\/ix\/42\" target=\"_blank\" rel=\"nofollow noopener\">Hong Kong (HKIX)<\/a><\/li>\n<li><a href=\"https:\/\/www.peeringdb.com\/ix\/31\" target=\"_blank\" rel=\"nofollow noopener\">Frankfurt (DE-CIX)<\/a><\/li>\n<li><a href=\"https:\/\/www.peeringdb.com\/ix\/18\" target=\"_blank\" rel=\"nofollow noopener\">Londres (LINX)<\/a><\/li>\n<li><a href=\"https:\/\/www.peeringdb.com\/ix\/4\" target=\"_blank\" rel=\"nofollow noopener\">Los Angeles Equinix<\/a><\/li>\n<li><a href=\"https:\/\/www.peeringdb.com\/ix\/63\" target=\"_blank\" rel=\"nofollow noopener\">Madrid (ESPANIX)<\/a><\/li>\n<li><a href=\"https:\/\/www.peeringdb.com\/ix\/17\" target=\"_blank\" rel=\"nofollow noopener\">Miami &ndash; NAP Of The Americas<\/a><\/li>\n<li><a href=\"https:\/\/www.peeringdb.com\/ix\/35\" target=\"_blank\" rel=\"nofollow noopener\">Mil&atilde;o (MIX-IT)<\/a><\/li>\n<li><a href=\"https:\/\/www.peeringdb.com\/ix\/804\" target=\"_blank\" rel=\"nofollow noopener\">Nova York (DE-CIX)<\/a><\/li>\n<li><a href=\"https:\/\/www.peeringdb.com\/ix\/12\" target=\"_blank\" rel=\"nofollow noopener\">Nova York Equinix<\/a><\/li>\n<li><a href=\"https:\/\/www.peeringdb.com\/ix\/325\" target=\"_blank\" rel=\"nofollow noopener\">Nova York Telx TIE<\/a><\/li>\n<li><a href=\"https:\/\/www.peeringdb.com\/ix\/14\" target=\"_blank\" rel=\"nofollow noopener\">Nova York (NYIIX )<\/a><\/li>\n<li><a href=\"https:\/\/www.peeringdb.com\/ix\/255\" target=\"_blank\" rel=\"nofollow noopener\">Paris Equinix<\/a><\/li>\n<li><a href=\"https:\/\/www.peeringdb.com\/ix\/13\" target=\"_blank\" rel=\"nofollow noopener\">Seattle (SIX)<\/a><\/li>\n<li><a href=\"https:\/\/www.peeringdb.com\/ix\/158\" target=\"_blank\" rel=\"nofollow noopener\">Cingapura Equinix <\/a><\/li>\n<li><a href=\"https:\/\/www.peeringdb.com\/ix\/429\" target=\"_blank\" rel=\"nofollow noopener\">Cingapura (SGIX)<\/a><\/li>\n<li><a href=\"https:\/\/www.peeringdb.com\/ix\/167\" target=\"_blank\" rel=\"nofollow noopener\">T&oacute;quio Equinix <\/a><\/li>\n<li><a href=\"https:\/\/www.peeringdb.com\/ix\/95\" target=\"_blank\" rel=\"nofollow noopener\"> JPNAP T&oacute;quio <\/a><\/li>\n<li>JPNAP T&oacute;quio 2<\/li>\n<li><a href=\"https:\/\/www.peeringdb.com\/fac\/365\" target=\"_blank\" rel=\"nofollow noopener\">Kiev (DTEL-IX)<\/a><\/li>\n<li><a href=\"https:\/\/www.peeringdb.com\/ix\/29\" target=\"_blank\" rel=\"nofollow noopener\">Zurique Equinix<\/a><\/li>\n<\/ul><p>Em breve estaremos nos seguintes interc&acirc;mbios da Internet:<\/p><ul>\n<li><a href=\"https:\/\/www.peeringdb.com\/ix\/359\" target=\"_blank\" rel=\"nofollow noopener\">Paris (France-IX)<\/a><\/li>\n<li><a href=\"https:\/\/www.peeringdb.com\/fac\/687\" target=\"_blank\" rel=\"nofollow noopener\">Turquia<\/a><\/li>\n<\/ul><p>Estamos oferecendo o Internet Exchange Transit (IX Transit), com uma largura de banda de 100Mbps at&eacute; 10Gbps, nos seguintes locais:<\/p><ul class=\"list-col\">\n<li><a href=\"https:\/\/www.peeringdb.com\/fac\/60\" target=\"_blank\" rel=\"nofollow noopener\">Ancotel Frankfurt<\/a><\/li>\n<li><a href=\"https:\/\/www.peeringdb.com\/fac\/389\" target=\"_blank\" rel=\"nofollow noopener\">CoreSite &ndash; DE1 <\/a><\/li>\n<li><a href=\"https:\/\/www.peeringdb.com\/fac\/19\" target=\"_blank\" rel=\"nofollow noopener\">CoreSite &ndash; One Wilshire (LA1)<\/a><\/li>\n<li><a href=\"https:\/\/www.peeringdb.com\/fac\/363\" target=\"_blank\" rel=\"nofollow noopener\">CoreSite &ndash; LA2 <\/a><\/li>\n<li><a href=\"https:\/\/www.peeringdb.com\/fac\/375\" target=\"_blank\" rel=\"nofollow noopener\">Equinix Amsterd&atilde; (AM1)<\/a><\/li>\n<li><a href=\"https:\/\/www.peeringdb.com\/fac\/1320\" target=\"_blank\" rel=\"nofollow noopener\">Equinix Amsterd&atilde; (AM3) <\/a><\/li>\n<li><a href=\"https:\/\/www.peeringdb.com\/fac\/1\" target=\"_blank\" rel=\"nofollow noopener\">Equinix Ashburn (DC1-DC11)<\/a><\/li>\n<li><a href=\"https:\/\/www.peeringdb.com\/fac\/7\" target=\"_blank\" rel=\"nofollow noopener\">Equinix Chicago (CH1\/CH2) <\/a><\/li>\n<li><a href=\"https:\/\/www.peeringdb.com\/fac\/4\" target=\"_blank\" rel=\"nofollow noopener\">Equinix Dallas (DA1)<\/a><\/li>\n<li><a href=\"https:\/\/www.peeringdb.com\/fac\/69\" target=\"_blank\" rel=\"nofollow noopener\">Equinix Dallas (DA3)<\/a><\/li>\n<li><a href=\"https:\/\/www.peeringdb.com\/fac\/60\" target=\"_blank\" rel=\"nofollow noopener\">Equinix Frankfurt KleyerStrasse (FR5)<\/a><\/li>\n<li><a href=\"https:\/\/www.peeringdb.com\/fac\/170\" target=\"_blank\" rel=\"nofollow noopener\">Equinix Hong Kong (HK1)<\/a><\/li>\n<li><a href=\"https:\/\/www.peeringdb.com\/fac\/399\" target=\"_blank\" rel=\"nofollow noopener\">Equinix Londres Slough (LD4)<\/a><\/li>\n<li><a href=\"https:\/\/www.peeringdb.com\/fac\/832\" target=\"_blank\" rel=\"nofollow noopener\">Equinix Londres Slough (LD5)<\/a><\/li>\n<li><a href=\"https:\/\/www.peeringdb.com\/fac\/8\" target=\"_blank\" rel=\"nofollow noopener\">Equinix Los Angeles (LA1) <\/a><\/li>\n<li><a href=\"https:\/\/www.peeringdb.com\/fac\/282\" target=\"_blank\" rel=\"nofollow noopener\">Equinix Cingapura<\/a><\/li>\n<li><a href=\"https:\/\/www.peeringdb.com\/fac\/452\" target=\"_blank\" rel=\"nofollow noopener\">Equinix T&oacute;quio (TY2)<\/a><\/li>\n<li><a href=\"https:\/\/www.peeringdb.com\/fac\/12\" target=\"_blank\" rel=\"nofollow noopener\">Equinix Toronto<\/a><\/li>\n<li><a href=\"https:\/\/www.peeringdb.com\/fac\/82\" target=\"_blank\" rel=\"nofollow noopener\">Equinix Zurique (ZH1)<\/a><\/li>\n<li><a href=\"https:\/\/www.peeringdb.com\/fac\/83\" target=\"_blank\" rel=\"nofollow noopener\">Equinix Zurique (ZH2)<\/a><\/li>\n<li><a href=\"https:\/\/www.peeringdb.com\/fac\/833\" target=\"_blank\" rel=\"nofollow noopener\">Equinix Zurique (ZH4)<\/a><\/li>\n<li><a href=\"https:\/\/www.peeringdb.com\/fac\/121\" target=\"_blank\" rel=\"nofollow noopener\">Espanix Mesena 80<\/a><\/li>\n<li><a href=\"https:\/\/www.peeringdb.com\/fac\/388\" target=\"_blank\" rel=\"nofollow noopener\">Global Switch Cingapura <\/a><\/li>\n<li><a href=\"https:\/\/www.peeringdb.com\/fac\/81\" target=\"_blank\" rel=\"nofollow noopener\">InterXion Zurique \/ Glattbrugg <\/a><\/li>\n<li><a href=\"https:\/\/www.peeringdb.com\/fac\/1314\" target=\"_blank\" rel=\"nofollow noopener\">Matrix 4<\/a><\/li>\n<li><a href=\"https:\/\/www.peeringdb.com\/fac\/225\" target=\"_blank\" rel=\"nofollow noopener\">MEGA iAdvantage Hong Kong <\/a><\/li>\n<li><a href=\"https:\/\/www.peeringdb.com\/fac\/864\" target=\"_blank\" rel=\"nofollow noopener\">MIX <\/a><\/li>\n<li><a href=\"https:\/\/www.peeringdb.com\/fac\/808\" target=\"_blank\" rel=\"nofollow noopener\">NewTelco Frankfurt <\/a><\/li>\n<li><a href=\"https:\/\/www.peeringdb.com\/fac\/365\" target=\"_blank\" rel=\"nofollow noopener\">NewTelco Kiev <\/a><\/li>\n<li><a href=\"https:\/\/www.peeringdb.com\/fac\/598\" target=\"_blank\" rel=\"nofollow noopener\">NTT DATA T&oacute;quio <\/a><\/li>\n<li><a href=\"https:\/\/www.peeringdb.com\/fac\/18\" target=\"_blank\" rel=\"nofollow noopener\">NIKHEF Amsterd&atilde;<\/a><\/li>\n<li><a href=\"https:\/\/www.peeringdb.com\/fac\/104\" target=\"_blank\" rel=\"nofollow noopener\">SARA Amsterd&atilde;<\/a><\/li>\n<li><a href=\"https:\/\/www.peeringdb.com\/fac\/226\" target=\"_blank\" rel=\"nofollow noopener\">SFR Netcenter Marseille<\/a><\/li>\n<p>    <!-- \n\n<li><a href=\"https:\/\/www.peeringdb.com\/ix\/429\">SG-IX in Cingapura<\/a><\/li>\n\n --><\/p>\n<li><a href=\"https:\/\/www.peeringdb.com\/fac\/61\" target=\"_blank\" rel=\"nofollow noopener\">TelecityGroup Amsterd&atilde; 1 (Science park)<\/a><\/li>\n<li><a href=\"https:\/\/www.peeringdb.com\/fac\/45\" target=\"_blank\" rel=\"nofollow noopener\">TelecityGroup Londres (Harbour Exchange)<\/a><\/li>\n<li><a href=\"#\">TelecityGroup Londres 2<\/a><\/li>\n<li><a href=\"https:\/\/www.peeringdb.com\/fac\/156\" target=\"_blank\" rel=\"nofollow noopener\">TelecityGroup Stockholm 1 <\/a><\/li>\n<li><a href=\"https:\/\/www.peeringdb.com\/fac\/34\" target=\"_blank\" rel=\"nofollow noopener\">Telehouse Londres (Docklands North)<\/a><\/li>\n<li><a href=\"https:\/\/www.peeringdb.com\/fac\/53\" target=\"_blank\" rel=\"nofollow noopener\">Telehouse Paris 2 (Voltaire)<\/a><\/li>\n<li><a href=\"https:\/\/www.peeringdb.com\/fac\/125\" target=\"_blank\" rel=\"nofollow noopener\">Telx Atlanta<\/a><\/li>\n<li><a href=\"https:\/\/www.peeringdb.com\/fac\/16\" target=\"_blank\" rel=\"nofollow noopener\">Telx Nova York (111 8th) <\/a><\/li>\n<li><a href=\"https:\/\/www.peeringdb.com\/fac\/850\" target=\"_blank\" rel=\"nofollow noopener\">Teraco House Johannesburg JB1<\/a><\/li>\n<li><a href=\"https:\/\/www.peeringdb.com\/fac\/71\" target=\"_blank\" rel=\"nofollow noopener\">Westin Building Seattle <\/a><\/li>\n<\/ul><p>Em breve, o servi&ccedil;o estar&aacute; dispon&iacute;vel nos seguintes locais:<\/p><ul>\n<li><a href=\"https:\/\/www.peeringdb.com\/fac\/38\" target=\"_blank\" rel=\"nofollow noopener\">Equinix Nova York (NY9)<\/a><\/li>\n<li><a href=\"https:\/\/www.peeringdb.com\/fac\/188\" target=\"_blank\" rel=\"nofollow noopener\">FiberNet Telecom Group &ndash; 60 Hudson St<\/a><\/li>\n<\/ul><hr>\n","protected":false},"excerpt":{"rendered":"<p>O IX Transit \u00e9 um servi\u00e7o que permite conectar-se a membros de Trocas na Internet atrav\u00e9s de nossa rede e se beneficiar de custo, lat\u00eancia e largura de banda. O IX Transit permite que voc\u00ea alcance todas as principais Trocas da Internet atrav\u00e9s de uma&#8230;<\/p>\n","protected":false},"author":1,"featured_media":0,"parent":388,"menu_order":0,"comment_status":"closed","ping_status":"closed","template":"","meta":[],"acf":[],"aioseo_notices":[],"_links":{"self":[{"href":"https:\/\/www.iptp.us\/pt_PT\/wp-json\/wp\/v2\/pages\/396"}],"collection":[{"href":"https:\/\/www.iptp.us\/pt_PT\/wp-json\/wp\/v2\/pages"}],"about":[{"href":"https:\/\/www.iptp.us\/pt_PT\/wp-json\/wp\/v2\/types\/page"}],"author":[{"embeddable":true,"href":"https:\/\/www.iptp.us\/pt_PT\/wp-json\/wp\/v2\/users\/1"}],"replies":[{"embeddable":true,"href":"https:\/\/www.iptp.us\/pt_PT\/wp-json\/wp\/v2\/comments?post=396"}],"version-history":[{"count":470,"href":"https:\/\/www.iptp.us\/pt_PT\/wp-json\/wp\/v2\/pages\/396\/revisions"}],"predecessor-version":[{"id":38877,"href":"https:\/\/www.iptp.us\/pt_PT\/wp-json\/wp\/v2\/pages\/396\/revisions\/38877"}],"up":[{"embeddable":true,"href":"https:\/\/www.iptp.us\/pt_PT\/wp-json\/wp\/v2\/pages\/388"}],"wp:attachment":[{"href":"https:\/\/www.iptp.us\/pt_PT\/wp-json\/wp\/v2\/media?parent=396"}],"curies":[{"name":"wp","href":"https:\/\/api.w.org\/{rel}","templated":true}]}}