{"id":388,"date":"2019-07-02T13:55:19","date_gmt":"2019-07-02T10:55:19","guid":{"rendered":"https:\/\/web-mng.iptp.com\/?page_id=388"},"modified":"2025-07-01T11:14:33","modified_gmt":"2025-07-01T08:14:33","slug":"internet-access","status":"publish","type":"page","link":"https:\/\/www.iptp.us\/pt_PT\/internet-access\/","title":{"rendered":"Acesso \u00e0 Internet"},"content":{"rendered":"<p>IPTP Networks &ndash; um provedor de infraestrutura de rede de largura de banda verdadeiramente global e ultra-alto. Nossas instala&ccedil;&otilde;es est&atilde;o localizadas em todos os principais destinos de escolha para as maiores e mais poderosas empresas do mundo, provedores de internet e redes corporativas. Operamos canais de fibra transatl&acirc;nticos ultra-r&aacute;pidos conectando nossos clientes a todas as principais bolsas de Internet e centros financeiros globais. Com o desenvolvimento cont&iacute;nuo de solu&ccedil;&otilde;es inovadoras, as IPTP Networks est&atilde;o se expandindo rapidamente em todo o mundo, incluindo a Am&eacute;rica Latina, Oceania e um continente africano.<\/p><p>Nossa empresa &eacute; provedora de servi&ccedil;os de Internet (AS 41095). Oferecemos ampla gama de  <a href=\"https:\/\/www.iptp.us\/pt_PT\/business-solutions\/managed-services\/connectivity-services\/\">Servi&ccedil;os de conectividade<\/a>, <a href=\"https:\/\/www.iptp.us\/pt_PT\/internet-access\/ix-transit\/\">IX<\/a> e <a href=\"https:\/\/www.iptp.us\/pt_PT\/internet-access\/ip-transit\/\">IP<\/a> Transit para o melhor desempenho poss&iacute;vel da sua rede. Tamb&eacute;m lan&ccedil;amos recentemente um novo projeto desse tipo &ndash; <a href=\"https:\/\/www.iptp.us\/pt_PT\/jumboix\/\"> JumboIX <\/a>, uma central de interc&acirc;mbio dispon&iacute;vel na Internet que permite a transmiss&atilde;o de dados com 9000 MTU quadros de dados.<\/p><h2>Na se&ccedil;&atilde;o Acesso &agrave; Internet, h&aacute; as seguintes p&aacute;ginas dispon&iacute;veis:<\/h2><ul>\n<li><a href=\"https:\/\/www.iptp.us\/pt_PT\/business-solutions\/managed-services\/connectivity-services\/\">Servi&ccedil;os de conectividade<\/a><\/li>\n<li><a href=\"https:\/\/www.iptp.us\/pt_PT\/internet-access\/low-latency-routes\/\">Rotas de baixa lat&ecirc;ncia<\/a><\/li>\n<li><a href=\"https:\/\/www.iptp.us\/pt_PT\/internet-access\/ip-transit\/\">IP Tr&acirc;nsito<\/a><\/li>\n<li><a href=\"https:\/\/www.iptp.us\/pt_PT\/jumboix\/\">Jumbo Internet Exchange<\/a><\/li>\n<li><a href=\"https:\/\/www.iptp.us\/pt_PT\/internet-access\/ix-transit\/\">IX Tr&acirc;nsito<\/a><\/li>\n<li><a href=\"https:\/\/www.iptp.us\/pt_PT\/internet-access\/remote-ix\/\">IX Remoto<\/a><\/li>\n<li><a href=\"https:\/\/www.iptp.us\/pt_PT\/direct-connection-to-cloud-providers\/\">Conex&atilde;o direta com provedores de nuvem<\/a><\/li>\n<\/ul><hr>\n","protected":false},"excerpt":{"rendered":"<p> IPTP Networks &#8211; um provedor de infraestrutura de rede de largura de banda verdadeiramente global e ultra-alto. Nossas instala\u00e7\u00f5es est\u00e3o localizadas em todos os principais destinos de escolha para as maiores e mais poderosas empresa&#8230;<\/p>\n","protected":false},"author":1,"featured_media":0,"parent":0,"menu_order":0,"comment_status":"closed","ping_status":"closed","template":"","meta":[],"acf":[],"aioseo_notices":[],"_links":{"self":[{"href":"https:\/\/www.iptp.us\/pt_PT\/wp-json\/wp\/v2\/pages\/388"}],"collection":[{"href":"https:\/\/www.iptp.us\/pt_PT\/wp-json\/wp\/v2\/pages"}],"about":[{"href":"https:\/\/www.iptp.us\/pt_PT\/wp-json\/wp\/v2\/types\/page"}],"author":[{"embeddable":true,"href":"https:\/\/www.iptp.us\/pt_PT\/wp-json\/wp\/v2\/users\/1"}],"replies":[{"embeddable":true,"href":"https:\/\/www.iptp.us\/pt_PT\/wp-json\/wp\/v2\/comments?post=388"}],"version-history":[{"count":273,"href":"https:\/\/www.iptp.us\/pt_PT\/wp-json\/wp\/v2\/pages\/388\/revisions"}],"predecessor-version":[{"id":37297,"href":"https:\/\/www.iptp.us\/pt_PT\/wp-json\/wp\/v2\/pages\/388\/revisions\/37297"}],"wp:attachment":[{"href":"https:\/\/www.iptp.us\/pt_PT\/wp-json\/wp\/v2\/media?parent=388"}],"curies":[{"name":"wp","href":"https:\/\/api.w.org\/{rel}","templated":true}]}}