{"id":354,"date":"2016-10-07T18:41:35","date_gmt":"2016-10-07T15:41:35","guid":{"rendered":"https:\/\/web-mng.iptp.com\/?page_id=354"},"modified":"2019-12-25T09:47:04","modified_gmt":"2019-12-25T06:47:04","slug":"ip-telephony","status":"publish","type":"page","link":"https:\/\/www.iptp.us\/pt_PT\/video\/ip-telephony\/","title":{"rendered":"Telefonia IP"},"content":{"rendered":"<p>As vantagens da Telefonia IP, em compara&ccedil;&atilde;o com sistemas telef&ocirc;nicos legados, s&atilde;o totalmente evidentes.<br>\nEle ajuda a reduzir as contas mensais dos servi&ccedil;os de telecomunica&ccedil;&otilde;es, aumenta a efici&ecirc;ncia dos sistemas de comunica&ccedil;&atilde;o, adiciona in&uacute;meros recursos inovadores de converg&ecirc;ncia e modifica a apar&ecirc;ncia do seu escrit&oacute;rio, tornando-o atualizado com os padr&otilde;es est&eacute;ticos contempor&acirc;neos. A lista auto-explicativa dos benef&iacute;cios da implementa&ccedil;&atilde;o da solu&ccedil;&atilde;o de telefonia IP inclui:<\/p><h6>Redu&ccedil;&atilde;o das Despesas Correntes<\/h6><ul>\n<li>Chamadas telef&ocirc;nicas gratuitas entre as filiais da empresa;<\/li>\n<li>Economias adicionais em chamadas &ldquo;telefone IP &ndash;&gt; telefone comum&rdquo;;<\/li>\n<li>N&atilde;o h&aacute; custos de sistema de telefonia para locais onde o sistema de telefonia IP &eacute; usado para todas as extens&otilde;es;<\/li>\n<li>O Atendente Autom&aacute;tico manipula as chamadas de clientes sem uma recepcionista e as transfere para o ramal apropriado;<\/li>\n<li>Usando o cabo de LAN existente, o sistema economiza seu or&ccedil;amento para implementa&ccedil;&atilde;o;<\/li>\n<li>Prote&ccedil;&atilde;o do investimento para o crescimento futuro obtido pela flexibilidade e expansibilidade do sistema.<\/li>\n<\/ul><h6>Efici&ecirc;ncia de Comunica&ccedil;&atilde;o<\/h6><p>A converg&ecirc;ncia de dados e comunica&ccedil;&otilde;es de voz em uma &uacute;nica plataforma altamente confi&aacute;vel fornece v&aacute;rios recursos sofisticados:<\/p><ul>\n<li>Interface livre de atraso e f&aacute;cil de usar;<\/li>\n<li>Fazer chamadas diretamente do software do computador, clicando no bot&atilde;o &ldquo;Discar&rdquo; no seu livro de endere&ccedil;os;<\/li>\n<li>Tr&ecirc;s n&iacute;veis de servi&ccedil;os de diret&oacute;rio &ndash; Cat&aacute;logo particular de endere&ccedil;os, cat&aacute;logo de endere&ccedil;os compartilhado e diret&oacute;rio<br>\nde todas as extens&otilde;es;<\/li>\n<li>Veja o nome da parte chamadora se inclu&iacute;da na lista Diret&oacute;rio;<\/li>\n<li>Rediscar rapidamente um dos n&uacute;meros discados anteriormente;<\/li>\n<li>Exibir a lista de todas as chamadas perdidas para facilitar o retorno das chamadas.<\/li>\n<\/ul><h6>Mobilidade<\/h6><ul>\n<li>Os telefones IP Wi-Fi permitem o uso de telefonia IP em todas as depend&ecirc;ncias da &aacute;rea de cobertura Wi-Fi;<\/li>\n<li>Receba chamadas que atinjam o filial remota em que voc&ecirc; est&aacute;.<\/li>\n<\/ul><h6>Comunica&ccedil;&atilde;o Avan&ccedil;ada<\/h6><ul>\n<li>Fa&ccedil;a teleconfer&ecirc;ncias entre ramais de escrit&oacute;rio e remotos;<\/li>\n<li>Torne as salas virtuais da confer&ecirc;ncia meet-me;<\/li>\n<li>Correio de voz escal&aacute;vel de 4 a 16 sess&otilde;es simult&acirc;neas e de 12 a 120 caixas de correio;<\/li>\n<li>Aplicativo interativo de resposta de voz para empresas.<\/li>\n<\/ul><h6>Converg&ecirc;ncia Inovadora<\/h6><p>A inova&ccedil;&atilde;o tecnol&oacute;gica permite a integra&ccedil;&atilde;o da Telefonia IP com um computador pessoal, que oferece os seguintes benef&iacute;cios:<\/p><ul>\n<li>Telefonia de v&iacute;deo;<\/li>\n<li>V&iacute;deo confer&ecirc;ncia;<\/li>\n<li>A capacidade de integrar sistemas de gerenciamento de relacionamento com clientes para at&eacute; 240 usu&aacute;rios;<\/li>\n<li>Rede Privada Virtual permite que voc&ecirc; use sua extens&atilde;o de escrit&oacute;rio, mesmo quando longe do escrit&oacute;rio;<\/li>\n<li>Uma interface gr&aacute;fica intuitiva garante uma instala&ccedil;&atilde;o f&aacute;cil, dando espa&ccedil;o para a&ccedil;&otilde;es, complementa&ccedil;&otilde;es e ajustes.<\/li>\n<\/ul><h6>Telefones IP como terminais para outras aplica&ccedil;&otilde;es que s&atilde;o comumente sistemas separados<\/h6><ul>\n<li>Vigil&acirc;ncia por v&iacute;deo remoto ou terminais do sistema de seguran&ccedil;a;<\/li>\n<li>Terminais de controle do sistema de ilumina&ccedil;&atilde;o e dimeriza&ccedil;&atilde;o;<\/li>\n<li>Terminais de controle do sistema de Ar Condicionado e Aquecimento;<\/li>\n<li>Terminal de monitoramento para aplicativos de neg&oacute;cios.<\/li>\n<\/ul><h6>Ampla sele&ccedil;&atilde;o de modelos de telefones IP<\/h6><p>O Cisco CallManager Express &eacute; uma solu&ccedil;&atilde;o incorporada no Cisco IOS&reg; Software, que fornece recursos de telefonia IP f&aacute;ceis e acess&iacute;veis para pequenas empresas e filiais corporativas. Essa solu&ccedil;&atilde;o permite que o amplo portf&oacute;lio de roteadores de servi&ccedil;os integrados da Cisco e roteadores de acesso multisservi&ccedil;o forne&ccedil;am um conjunto robusto de recursos de telefonia comumente usados por usu&aacute;rios corporativos, simplificando o gerenciamento, a manuten&ccedil;&atilde;o e as opera&ccedil;&otilde;es e reduzindo o custo total de propriedade.<\/p><h6>Apelo Visual<\/h6><p>Os telefones Cisco IP da s&eacute;rie CP7975G oferecem a voc&ecirc; a op&ccedil;&atilde;o de instalar fundos extras para a tela, tornando a apar&ecirc;ncia do seu escrit&oacute;rio facilmente modific&aacute;vel de acordo com o seu gosto. Consulte o nosso guia para obter instru&ccedil;&otilde;es detalhadas sobre como instalar esses fundos<\/p><h5>Solu&ccedil;&atilde;o de Rede de Telefonia IP \/ Ethernet \/ sem fio 802.11 b \/ a<\/h5><p>Os sistemas de rede Ethernet e sem fio oferecem:<\/p><ul>\n<li>Topologia de Rede Redundante com links din&acirc;micos de failover utilizando o protocolo Rapid SpanningTree;<\/li>\n<li>Troncos de backbone redundante full-duplex de 8000Mbps (8Gbps) entre os switches principais;<\/li>\n<li>Fornecimento Cisco POE (Power over Ethernet) para os telefones IP e pontos de acesso sem fio, utilizando o cabeamento de rede para fornecer energia ao equipamento;<\/li>\n<li>Cobertura sem fio de banda dupla 802.11b \/ 802.11a das &aacute;reas espec&iacute;ficas;<\/li>\n<li>Roaming transparente de telefones e laptops entre os pontos de acesso sem interrup&ccedil;&atilde;o;<\/li>\n<li>Provis&atilde;o de QoS para tr&aacute;fego de voz na rede sem fio com dot1Q;<\/li>\n<li>Provis&atilde;o de QoS para voz e v&iacute;deo em rede comutada Ethernet com VLANs dot1Q e dot1P CoS (Class of Service);<\/li>\n<li>Gerenciamento remoto de comutadores de rede e pontos de acesso sem fio.<\/li>\n<\/ul><p>O servi&ccedil;o inclui muitos outros recursos que aumentam a efici&ecirc;ncia do desempenho e o resultado geral do neg&oacute;cio. Saiba mais em <a href=\"https:\/\/www.iptp.us\/pt_PT\/video\/automation-solutions\/triple-play-on-yacht\/\">Telefonia IP em Embarca&ccedil;&otilde;es a Motor <\/a>.<\/p>\n","protected":false},"excerpt":{"rendered":"<p>As vantagens da Telefonia IP, em compara\u00e7\u00e3o com sistemas telef\u00f4nicos legados, s\u00e3o totalmente evidentes.<br \/>\nEle ajuda a reduzir as contas mensais dos servi\u00e7os de telecomunica\u00e7\u00f5es, aumenta a efici\u00eancia dos sistemas de comunica\u00e7\u00e3o, adiciona in\u00fameros recur&#8230;<\/p>\n","protected":false},"author":1,"featured_media":0,"parent":326,"menu_order":0,"comment_status":"closed","ping_status":"closed","template":"","meta":[],"acf":[],"aioseo_notices":[],"_links":{"self":[{"href":"https:\/\/www.iptp.us\/pt_PT\/wp-json\/wp\/v2\/pages\/354"}],"collection":[{"href":"https:\/\/www.iptp.us\/pt_PT\/wp-json\/wp\/v2\/pages"}],"about":[{"href":"https:\/\/www.iptp.us\/pt_PT\/wp-json\/wp\/v2\/types\/page"}],"author":[{"embeddable":true,"href":"https:\/\/www.iptp.us\/pt_PT\/wp-json\/wp\/v2\/users\/1"}],"replies":[{"embeddable":true,"href":"https:\/\/www.iptp.us\/pt_PT\/wp-json\/wp\/v2\/comments?post=354"}],"version-history":[{"count":43,"href":"https:\/\/www.iptp.us\/pt_PT\/wp-json\/wp\/v2\/pages\/354\/revisions"}],"predecessor-version":[{"id":15824,"href":"https:\/\/www.iptp.us\/pt_PT\/wp-json\/wp\/v2\/pages\/354\/revisions\/15824"}],"up":[{"embeddable":true,"href":"https:\/\/www.iptp.us\/pt_PT\/wp-json\/wp\/v2\/pages\/326"}],"wp:attachment":[{"href":"https:\/\/www.iptp.us\/pt_PT\/wp-json\/wp\/v2\/media?parent=354"}],"curies":[{"name":"wp","href":"https:\/\/api.w.org\/{rel}","templated":true}]}}