{"id":348,"date":"2016-10-07T18:39:13","date_gmt":"2016-10-07T15:39:13","guid":{"rendered":"https:\/\/web-mng.iptp.com\/?page_id=348"},"modified":"2026-01-13T12:36:59","modified_gmt":"2026-01-13T09:36:59","slug":"video-surveillance","status":"publish","type":"page","link":"https:\/\/www.iptp.us\/pt_PT\/business-solutions\/office-solutions\/video-surveillance\/","title":{"rendered":"Vigil\u00e2ncia por V\u00eddeo IPTP"},"content":{"rendered":"<p>A Vigil&acirc;ncia por V&iacute;deo IPTP &eacute; uma solu&ccedil;&atilde;o de integra&ccedil;&atilde;o altamente escal&aacute;vel e altamente confi&aacute;vel que se torna um elemento valioso e um investimento a longo prazo na estrat&eacute;gia de seguran&ccedil;a para sua empresa e suas instala&ccedil;&otilde;es. O servi&ccedil;o pode ser suportado pela gest&atilde;o, acompanhamento e manuten&ccedil;&atilde;o, e os nossos engenheiros de vendas, com experi&ecirc;ncia com a mais recente tecnologia de TI e seguran&ccedil;a, eles ajud&aacute;-lo a escolher o pacote de vigil&acirc;ncia que ir&aacute; atender as suas necessidades de seguran&ccedil;a individuais e ela estar&aacute; alinhada com seus direcionadores de neg&oacute;cios, risco e valor<\/p><p><img decoding=\"async\" loading=\"lazy\" class=\"lazy aligncenter size-full wp-image-1190\" src=\"data:image\/gif;base64,R0lGODlhAQABAAD\/ACwAAAAAAQABAAACADs=\" data-src=\"\/wp-content\/uploads\/vs-1ill.jpg\" alt=\"Vigil&acirc;ncia por V&iacute;deo IPTP\" width=\"1200\" height=\"385\" srcset=\"https:\/\/www.iptp.us\/wp-content\/uploads\/vs-1ill.jpg 1200w, https:\/\/www.iptp.us\/wp-content\/uploads\/vs-1ill-300x96.jpg 300w, https:\/\/www.iptp.us\/wp-content\/uploads\/vs-1ill-768x246.jpg 768w, https:\/\/www.iptp.us\/wp-content\/uploads\/vs-1ill-1024x329.jpg 1024w\" sizes=\"(max-width: 1200px) 100vw, 1200px\"><\/p><noscript><img decoding=\"async\" loading=\"lazy\" class=\"aligncenter size-full wp-image-1190 lazy\" src=\"data:image\/gif;base64,R0lGODlhAQABAIAAAAAAAP\/\/\/ywAAAAAAQABAAACAUwAOw==\" alt=\"Vigil&acirc;ncia por V&iacute;deo IPTP\" width=\"1200\" height=\"385\" srcset=\"https:\/\/www.iptp.us\/wp-content\/uploads\/vs-1ill.jpg 1200w, https:\/\/www.iptp.us\/wp-content\/uploads\/vs-1ill-300x96.jpg 300w, https:\/\/www.iptp.us\/wp-content\/uploads\/vs-1ill-768x246.jpg 768w, https:\/\/www.iptp.us\/wp-content\/uploads\/vs-1ill-1024x329.jpg 1024w\" sizes=\"(max-width: 1200px) 100vw, 1200px\" data-src=\"\/wp-content\/uploads\/vs-1ill.jpg\"><\/noscript><h5>SOFTWARE DE VIGIL&Acirc;NCIA POR V&Iacute;DEO  DO IPTP<\/h5><p>Nosso software de vigil&acirc;ncia por v&iacute;deo desenvolvido internamente &eacute; projetado especificamente para atender &agrave;s necessidades de clientes com tecnologia complexa ou requisitos de seguran&ccedil;a, e &eacute; configurado para atender aos desafios exclusivos de pequenas e m&eacute;dias empresas. Comparado com os sistemas de v&iacute;deo vigil&acirc;ncia relativamente barato com fun&ccedil;&otilde;es limitadas, tais como gravadores digitais de v&iacute;deo (DVR) e solu&ccedil;&otilde;es sofisticadas, mas videovigil&acirc;ncia software muitas vezes demasiado caro e muito licenciado IPTP oferece uma alternativa equilibrada e acess&iacute;vel.<\/p><p>Ao contr&aacute;rio dos sistemas DVR, nosso software possui um &uacute;nico arquivo avan&ccedil;ado com gerenciamento centralizado e pode suportar de uma a v&aacute;rias centenas de c&acirc;meras de diferentes categorias simultaneamente. Ao mesmo tempo, em compara&ccedil;&atilde;o com as solu&ccedil;&otilde;es de ponta dispon&iacute;veis no mercado, IPTP Networks oferece um pre&ccedil;o significativamente mais competitivo. Nosso software, totalmente personaliz&aacute;vel para se ajustar aos requisitos do seu neg&oacute;cio, nos ajuda a trabalhar dentro do seu or&ccedil;amento, ajustando-se ao seu modelo de neg&oacute;cios e complementando seus investimentos em tecnologia existente.<\/p><p><img decoding=\"async\" loading=\"lazy\" class=\"lazy aligncenter size-full wp-image-1191\" src=\"data:image\/gif;base64,R0lGODlhAQABAAD\/ACwAAAAAAQABAAACADs=\" data-src=\"\/wp-content\/uploads\/surev_screen.jpg\" alt=\"Vigil&acirc;ncia por V&iacute;deo IPTP\" width=\"1200\" height=\"588\" srcset=\"https:\/\/www.iptp.us\/wp-content\/uploads\/surev_screen.jpg 1200w, https:\/\/www.iptp.us\/wp-content\/uploads\/surev_screen-300x147.jpg 300w, https:\/\/www.iptp.us\/wp-content\/uploads\/surev_screen-768x376.jpg 768w, https:\/\/www.iptp.us\/wp-content\/uploads\/surev_screen-1024x502.jpg 1024w\" sizes=\"(max-width: 1200px) 100vw, 1200px\"><\/p><noscript><img decoding=\"async\" loading=\"lazy\" class=\"aligncenter size-full wp-image-1191 lazy\" src=\"data:image\/gif;base64,R0lGODlhAQABAIAAAAAAAP\/\/\/ywAAAAAAQABAAACAUwAOw==\" alt=\"Vigil&acirc;ncia por V&iacute;deo IPTP\" width=\"1200\" height=\"588\" srcset=\"https:\/\/www.iptp.us\/wp-content\/uploads\/surev_screen.jpg 1200w, https:\/\/www.iptp.us\/wp-content\/uploads\/surev_screen-300x147.jpg 300w, https:\/\/www.iptp.us\/wp-content\/uploads\/surev_screen-768x376.jpg 768w, https:\/\/www.iptp.us\/wp-content\/uploads\/surev_screen-1024x502.jpg 1024w\" sizes=\"(max-width: 1200px) 100vw, 1200px\" data-src=\"\/wp-content\/uploads\/surev_screen.jpg\"><\/noscript><p>O software de vigil&acirc;ncia por v&iacute;deo IPTP implementado com sucesso por IPTP Networks em datacenters da empresa, bem como em nossos escrit&oacute;rios em todo o mundo, demonstrando a efic&aacute;cia da solu&ccedil;&atilde;o como uma forma integrada e escal&aacute;vel para proteger ativos e as pessoas da empresa.<\/p><h6>UM &Uacute;NICO ARQUIVO<\/h6><p>Em sistemas alternativos, como o DVR e outras solu&ccedil;&otilde;es de vigil&acirc;ncia, para extrair grava&ccedil;&otilde;es de uma s&eacute;rie de arquivos individuais, o usu&aacute;rio precisa se referir ao mesmo n&uacute;mero de DVR separadamente. Com o software de vigil&acirc;ncia por v&iacute;deo IPTP, todos os arquivos de todas as c&acirc;meras e servidores podem ser acessados &#8203;&#8203;em um s&oacute; lugar, enquanto todos os dados s&atilde;o armazenados em um arquivo unificado seguro e facilmente acess&iacute;vel.<\/p><h6>APOIO DE DIFERENTES ESTRUTURAS DE ARMAZENAMENTO DE DADOS COM CAPACIDADES VARIADAS<\/h6><p>O armazenamento de dados em um sistema DVR aumenta significativamente o risco de perda de dados devido a poss&iacute;veis falhas no disco. O software de vigil&acirc;ncia por v&iacute;deo IPTP resolve esse problema de uma vez por todas, enquanto fornece flexibilidade de armazenamento e uma variedade de op&ccedil;&otilde;es que adaptam o servi&ccedil;o &agrave;s suas necessidades. H&aacute; op&ccedil;&otilde;es para conectar uma prateleira de disco externa ou armazenar v&iacute;deo em um compartilhamento de rede, como o NFS, enquanto os discos iSCSI podem ser armazenados em uma configura&ccedil;&atilde;o RAID. Como alternativa, um arquivo pode ser organizado como uma cole&ccedil;&atilde;o de discos independentes, o que garantir&aacute; que seus dados permane&ccedil;am dispon&iacute;veis mesmo se um dos discos n&atilde;o responder. O v&iacute;deo pode ser gravado em um armazenamento local r&aacute;pido e depois arquivado em um armazenamento de rede de grande capacidade. Um arquivo tamb&eacute;m pode ser armazenado em um compartilhamento de rede ou, se um arquivo n&atilde;o for necess&aacute;rio, h&aacute; a op&ccedil;&atilde;o de configurar um servidor sem disco.<\/p><h6>N&Uacute;MERO ILIMITADO DE ASSENTOS DE OPERADOR<\/h6><p>A posi&ccedil;&atilde;o do operador est&aacute; normalmente sujeita a uma s&eacute;rie de restri&ccedil;&otilde;es. Alguns sistemas de videovigil&acirc;ncia exigem licen&ccedil;as para cada posi&ccedil;&atilde;o e outras restri&ccedil;&otilde;es se aplicam, como ter um monitor conectado a um DVR para inspecionar as c&acirc;meras. O software de vigil&acirc;ncia por v&iacute;deo IPTP exige apenas que um operador inspecione as c&acirc;meras de todos os servidores, o que fornece uma maneira centralizada de monitorar seus ativos. O n&uacute;mero total de cargos de operador depende dos requisitos dos clientes e pode ser praticamente ilimitado.<\/p><h6>RECODIFICAR UM V&Iacute;DEO ARQUIVO<\/h6><p>A recodifica&ccedil;&atilde;o estabelece a melhor rela&ccedil;&atilde;o qualidade \/ capacidade para o arquivo, permitindo que o sistema armazene um arquivo de um ano em apenas 2 a 3 discos r&iacute;gidos. Se o v&iacute;deo estiver sendo gravado em alta resolu&ccedil;&atilde;o e ocupar muito espa&ccedil;o, a codifica&ccedil;&atilde;o permite a convers&atilde;o para uma resolu&ccedil;&atilde;o mais baixa, mantendo o arquivo sincronizado com suas demandas e capacidades de capacidade.<\/p><hr><h6>CARACTER&Iacute;STICAS<\/h6><ul>\n<li>Monitore sua loja, escrit&oacute;rio ou barco com seu PC, Pocket PC ou TV com uma c&acirc;mera de rede.<\/li>\n<li>Os dados s&atilde;o entregues a voc&ecirc; por meio de uma conex&atilde;o com a Internet, que permite rastrear suas instala&ccedil;&otilde;es de qualquer local.<\/li>\n<li>Trabalhamos com TI, Seguran&ccedil;a, Instala&ccedil;&otilde;es e outros departamentos para designar o escopo do projeto e planejar a instala&ccedil;&atilde;o.<\/li>\n<li>Assista ao v&iacute;deo completo ou imagens em movimento quando ocorre, em v&aacute;rios locais, minimizando a largura de banda \/ tr&aacute;fego.<\/li>\n<li>Migra&ccedil;&atilde;o de v&iacute;deo CCTV para IP.<\/li>\n<li>Visualiza&ccedil;&atilde;o m&oacute;vel \/ remota.<\/li>\n<li>As imagens s&atilde;o enviadas para o servidor da web e podem ser entregues na tela da sua TV, PC, Pocket PC ou telefone IP da Cisco.<\/li>\n<li>Design de redes com e sem fio.<\/li>\n<li>A integra&ccedil;&atilde;o com telefones Cisco &eacute; ativada pela extra&ccedil;&atilde;o de quadros separados de um fluxo de v&iacute;deo e pelo armazenamento em um arquivo separado.<\/li>\n<li>Integra&ccedil;&atilde;o com controle de acesso e sistemas de alarme habilitados para IP.<\/li>\n<\/ul><p>A vigil&acirc;ncia por v&iacute;deo IPTP pode ser configurada para interagir com qualquer outro sistema de TI ou seguran&ccedil;a, usando os sistemas de c&acirc;meras em todo o seu potencial. Dependendo das necessidades individuais dos clientes, a solu&ccedil;&atilde;o pode ser entregue com base no Software de Vigil&acirc;ncia por V&iacute;deo desenvolvido internamente pelo IPTP e pode ser implementado em qualquer hardware, por exemplo, inteiramente da Cisco ou baseado na <strong>Vigil&acirc;ncia por V&iacute;deo da Cisco.<\/strong><\/p><hr>\n","protected":false},"excerpt":{"rendered":"<p> A Vigil\u00e2ncia por V\u00eddeo IPTP \u00e9 uma solu\u00e7\u00e3o de integra\u00e7\u00e3o altamente escal\u00e1vel e altamente confi\u00e1vel que se torna um elemento valioso e um investimento a longo prazo na estrat\u00e9gia de seguran\u00e7a para sua empresa e suas instala\u00e7\u00f5es. O servi\u00e7o pode ser s&#8230;<\/p>\n","protected":false},"author":1,"featured_media":0,"parent":18459,"menu_order":0,"comment_status":"closed","ping_status":"closed","template":"","meta":[],"acf":[],"aioseo_notices":[],"_links":{"self":[{"href":"https:\/\/www.iptp.us\/pt_PT\/wp-json\/wp\/v2\/pages\/348"}],"collection":[{"href":"https:\/\/www.iptp.us\/pt_PT\/wp-json\/wp\/v2\/pages"}],"about":[{"href":"https:\/\/www.iptp.us\/pt_PT\/wp-json\/wp\/v2\/types\/page"}],"author":[{"embeddable":true,"href":"https:\/\/www.iptp.us\/pt_PT\/wp-json\/wp\/v2\/users\/1"}],"replies":[{"embeddable":true,"href":"https:\/\/www.iptp.us\/pt_PT\/wp-json\/wp\/v2\/comments?post=348"}],"version-history":[{"count":97,"href":"https:\/\/www.iptp.us\/pt_PT\/wp-json\/wp\/v2\/pages\/348\/revisions"}],"predecessor-version":[{"id":35767,"href":"https:\/\/www.iptp.us\/pt_PT\/wp-json\/wp\/v2\/pages\/348\/revisions\/35767"}],"up":[{"embeddable":true,"href":"https:\/\/www.iptp.us\/pt_PT\/wp-json\/wp\/v2\/pages\/18459"}],"wp:attachment":[{"href":"https:\/\/www.iptp.us\/pt_PT\/wp-json\/wp\/v2\/media?parent=348"}],"curies":[{"name":"wp","href":"https:\/\/api.w.org\/{rel}","templated":true}]}}