{"id":3055,"date":"2017-11-02T13:52:54","date_gmt":"2017-11-02T10:52:54","guid":{"rendered":"https:\/\/web-dev.iptp.net\/?page_id=3055"},"modified":"2025-05-15T06:27:49","modified_gmt":"2025-05-15T03:27:49","slug":"security-operations-manager","status":"publish","type":"page","link":"https:\/\/www.iptp.us\/pt_PT\/careers\/security-operations-manager\/","title":{"rendered":"Gerente de Opera\u00e7\u00f5es de Seguran\u00e7a"},"content":{"rendered":"<p>O Security Operations Manager fornecer&aacute; orienta&ccedil;&atilde;o geral e lideran&ccedil;a para ofertas de seguran&ccedil;a gerenciadas pela empresa e servi&ccedil;os do Centro de Opera&ccedil;&otilde;es de Seguran&ccedil;a (SOC). Esse indiv&iacute;duo analisar&aacute; as ofertas de seguran&ccedil;a existentes e desenvolver&aacute; o departamento do centro de opera&ccedil;&otilde;es de seguran&ccedil;a da empresa por meio de novos servi&ccedil;os, maior efici&ecirc;ncia e atra&ccedil;&atilde;o de talentos. Este indiv&iacute;duo desenvolver&aacute; as habilidades e processos do SOC dentro da estrutura existente do NOC e desenvolver&aacute; uma equipe de analistas de seguran&ccedil;a.<\/p><h5>RESPONSABILIDADES GERAIS:<\/h5><ul>\n<li>Garantir a entrega bem-sucedida de ofertas de seguran&ccedil;a gerenciada, incluindo, mas n&atilde;o se limitando a, detec&ccedil;&atilde;o de intrus&atilde;o \/ preven&ccedil;&atilde;o de intrus&otilde;es gerenciada, gerenciamento de log, varredura de vulnerabilidades e gerenciamento de vulnerabilidades<\/li>\n<li>Desenvolver uma metodologia SOC dentro do NOC existente<\/li>\n<li>Administre or&ccedil;amento do departamento de seguran&ccedil;a<\/li>\n<li>Determinar os requisitos de pessoal: orientar a contrata&ccedil;&atilde;o, treinamento, desenvolvimento e reten&ccedil;&atilde;o de membros altamente qualificados da equipe<\/li>\n<li>Atuando como Analistas de Seguran&ccedil;a qualificados.<\/li>\n<li>Promover uma cultura proativa em vez de reativa dentro da equipe e da organiza&ccedil;&atilde;o por meio de an&aacute;lises e m&eacute;tricas aprimoradas com foco no desenvolvimento de uma equipe que possa fornecer an&aacute;lise e solu&ccedil;&atilde;o de problemas de forma aut&ocirc;noma.<\/li>\n<li>Influenciar e melhorar os processos existentes por meio de inova&ccedil;&atilde;o e mudan&ccedil;a operacional<\/li>\n<li>Gerencie a colabora&ccedil;&atilde;o e a comunica&ccedil;&atilde;o com v&aacute;rios grupos, fun&ccedil;&otilde;es e fornecedores para alinhar processos e procedimentos a fim de garantir integra&ccedil;&otilde;es e interfaces uniformes dentro da organiza&ccedil;&atilde;o.<\/li>\n<li>Ingl&ecirc;s verbal e escrito fluente.<\/li>\n<li>Permiss&atilde;o para viver e trabalhar no Vietn&atilde;<\/li>\n<\/ul><h5>Qualifica&ccedil;&otilde;es<\/h5><ul>\n<li>Diploma de bacharel<\/li>\n<li>Mais de 3 anos de experi&ecirc;ncia em opera&ccedil;&otilde;es de seguran&ccedil;a, incluindo tecnologias de detec&ccedil;&atilde;o de invas&atilde;o \/ preven&ccedil;&atilde;o de intrus&otilde;es, tecnologias SIEM, tecnologias de gerenciamento de logs e tecnologias de gerenciamento de vulnerabilidades.<\/li>\n<li>3+ anos de experi&ecirc;ncia na administra&ccedil;&atilde;o do sistema Linux<\/li>\n<li>Mais de 3 anos de experi&ecirc;ncia em an&aacute;lise de amea&ccedil;as e vulnerabilidades (Nmap, OpenVAS, SAINT)<\/li>\n<li>Mais de 2 anos de experi&ecirc;ncia em an&aacute;lise de log de firewall e de protocolo de rede (Wireshark, Netflow)<\/li>\n<li>Mais de 2 anos de experi&ecirc;ncia em an&aacute;lise e \/ ou corre&ccedil;&atilde;o de malware em plataformas Microsoft Windows<\/li>\n<\/ul><hr><h5>cONTATO<\/h5><p>Voc&ecirc; pode enviar seu curr&iacute;culo para endere&ccedil;os de e-mail <a><span class=\"sp-user\">hr<\/span><span class=\"sp-domain\">iptp.vn<\/span><\/a>. Todos os candidatos ser&atilde;o considerados e o feedback apropriado ser&aacute; fornecido.<\/p><p><em>Os candidatos selecionados ser&atilde;o contatados logo em seguida para marcar uma entrevista.<\/em><\/p>\n","protected":false},"excerpt":{"rendered":"<p>  O Security Operations Manager fornecer\u00e1 orienta\u00e7\u00e3o geral e lideran\u00e7a para ofertas de seguran\u00e7a gerenciadas pela empresa e servi\u00e7os do Centro de Opera\u00e7\u00f5es de Seguran\u00e7a (SOC). Esse indiv\u00edduo analisar\u00e1 as ofertas de segura&#8230;<\/p>\n","protected":false},"author":1,"featured_media":0,"parent":75,"menu_order":0,"comment_status":"closed","ping_status":"closed","template":"","meta":[],"acf":[],"aioseo_notices":[],"_links":{"self":[{"href":"https:\/\/www.iptp.us\/pt_PT\/wp-json\/wp\/v2\/pages\/3055"}],"collection":[{"href":"https:\/\/www.iptp.us\/pt_PT\/wp-json\/wp\/v2\/pages"}],"about":[{"href":"https:\/\/www.iptp.us\/pt_PT\/wp-json\/wp\/v2\/types\/page"}],"author":[{"embeddable":true,"href":"https:\/\/www.iptp.us\/pt_PT\/wp-json\/wp\/v2\/users\/1"}],"replies":[{"embeddable":true,"href":"https:\/\/www.iptp.us\/pt_PT\/wp-json\/wp\/v2\/comments?post=3055"}],"version-history":[{"count":35,"href":"https:\/\/www.iptp.us\/pt_PT\/wp-json\/wp\/v2\/pages\/3055\/revisions"}],"predecessor-version":[{"id":36240,"href":"https:\/\/www.iptp.us\/pt_PT\/wp-json\/wp\/v2\/pages\/3055\/revisions\/36240"}],"up":[{"embeddable":true,"href":"https:\/\/www.iptp.us\/pt_PT\/wp-json\/wp\/v2\/pages\/75"}],"wp:attachment":[{"href":"https:\/\/www.iptp.us\/pt_PT\/wp-json\/wp\/v2\/media?parent=3055"}],"curies":[{"name":"wp","href":"https:\/\/api.w.org\/{rel}","templated":true}]}}