{"id":295,"date":"2016-10-07T17:53:36","date_gmt":"2016-10-07T14:53:36","guid":{"rendered":"https:\/\/web-mng.iptp.com\/?page_id=295"},"modified":"2026-01-15T06:17:03","modified_gmt":"2026-01-15T03:17:03","slug":"service-request","status":"publish","type":"page","link":"https:\/\/www.iptp.us\/pt_PT\/help\/service-request\/","title":{"rendered":"Requisi\u00e7ao de Servi\u00e7o"},"content":{"rendered":"<p>Ajuda imediata pode ser fornecida via <a href=\"javascript:popupchat()\">Live Assistant<\/a> ou e-mail <a><span class=\"sp-user\">cs<\/span><span class=\"sp-domain\">iptp.net<\/span><\/a>.<\/p><p>As solicita&ccedil;&otilde;es comuns s&atilde;o divididas pelos tr&ecirc;s n&iacute;veis de prioridade a seguir:<\/p><div class=\"wrap-service-request\">\n<div class=\"box1 box-service--request\">\n<div class=\"--img\"><img decoding=\"async\" loading=\"lazy\" src=\"data:image\/gif;base64,R0lGODlhAQABAIAAAAAAAP\/\/\/ywAAAAAAQABAAACAUwAOw==\" width=\"80\" height=\"80\" alt=\"Prioridade Padr&atilde;o\" data-src=\"\/wp-content\/uploads\/besteffort.svg\" class=\"lazy\"><\/div>\n<div class=\"--content\">\n<h4 class=\"--title\">Prioridade Padr&atilde;o:\n<div class=\"c-black\">N&iacute;vel 3<\/div>\n<\/h4>\n<div class=\"--des\">O caso ter&aacute; prioridade abaixo dos n&iacute;veis 1 e 2 para quando a velocidade n&atilde;o for essencial. Normalmente se aplica a quest&otilde;es administrativas.<\/div>\n<\/div>\n<\/div>\n<div class=\"box1 box-service--request\">\n<div class=\"--img\"><img decoding=\"async\" loading=\"lazy\" src=\"data:image\/gif;base64,R0lGODlhAQABAIAAAAAAAP\/\/\/ywAAAAAAQABAAACAUwAOw==\" width=\"80\" height=\"80\" alt=\"Prioridade Alta\" data-src=\"\/wp-content\/uploads\/mediumpriority.svg\" class=\"lazy\"><\/div>\n<div class=\"--content\">\n<h4 class=\"--title\">Prioridade Alta:\n<div class=\"c-black\">N&iacute;vel 2<\/div>\n<\/h4>\n<div class=\"--des\">Vamos dedicar aten&ccedil;&atilde;o a ele imediatamente ap&oacute;s os tickets de n&iacute;vel 1 serem resolvidos. Normalmente se aplica &agrave; otimiza&ccedil;&atilde;o do servi&ccedil;o.<\/div>\n<\/div>\n<\/div>\n<div class=\"box1 box-service--request\">\n<div class=\"--img\"><img decoding=\"async\" loading=\"lazy\" src=\"data:image\/gif;base64,R0lGODlhAQABAIAAAAAAAP\/\/\/ywAAAAAAQABAAACAUwAOw==\" width=\"80\" height=\"80\" alt=\"Prioridade Principal\" data-src=\"\/wp-content\/uploads\/toppriority.svg\" class=\"lazy\"><\/div>\n<div class=\"--content\">\n<h4 class=\"--title\">Prioridade Principal:\n<div class=\"c-black\">N&iacute;vel 1<\/div>\n<\/h4>\n<div class=\"--des\">Tomamos medidas imediatas para restaurar interrup&ccedil;&otilde;es n&atilde;o planejadas! Est&aacute; dispon&iacute;vel uma chamada para o helpdesk (ver mapa abaixo) para agilizar o atendimento.<\/div>\n<\/div>\n<\/div>\n<\/div><h5>N&uacute;meros do helpdesk:<\/h5><!-- map_contact 2 --><div class=\"box-map-contact position-relative\" id=\"map-map_contact_69d0bcae32917\">\r\n                <img class=\"map_contact_69d0bcae32917 text-center w-100 disabled-lazy\" src=\"https:\/\/www.iptp.us\/wp-content\/uploads\/clearmap2.png\" alt=\"Map contact\">\r\n                <button style=\"z-index: 2\" class=\"btn-modal-toggle-js btn-toggle-modal-css btn btn-primary\"><i class=\"fa fa-arrows-alt\" aria-hidden=\"true\"><\/i><\/button>\r\n            <\/div><!-- add full zoom --><div class=\"pos-full-width weathermap div-toggle-js \" align=\"center\"><button class=\"btn-modal-toggle-js btn-toggle-modal-css btn btn-primary\"><i class=\"fa fa-close\" aria-hidden=\"true\"><\/i><\/button><div class=\"position-relative mx-auto\" style=\"max-width: 80vw\" align=\"center\"><img class=\"large-map_contact_69d0bcae32917 lazy\" src=\"data:image\/gif;base64,R0lGODlhAQABAIAAAAAAAP\/\/\/ywAAAAAAQABAAACAUwAOw==\" alt=\"Map contact\" data-src=\"https:\/\/www.iptp.us\/wp-content\/uploads\/clearmap2.png\"><\/div>\r\n\t\t\t<\/div><hr><p><strong>O remetente e o endere&ccedil;o de e-mail do remetente devem ser registrados conosco como um administrador ou contato de notifica&ccedil;&atilde;o t&eacute;cnica.<\/strong><\/p><hr><p>Para ajudar a responder &agrave; sua consulta, siga as etapas abaixo:<\/p><h5>Passo 1:<\/h5><ul>\n<li>Envie um e-mail para <a><span class=\"sp-user\">cs<\/span><span class=\"sp-domain\">iptp.net<\/span><\/a>, descrevendo o problema com o m&aacute;ximo de detalhes poss&iacute;vel.<\/li>\n<li>Para uma resposta mais r&aacute;pida, inclua o n&uacute;mero do seu Formul&aacute;rio de pedido de servi&ccedil;o (SOF) para o servi&ccedil;o em quest&atilde;o.<\/li>\n<li>Voc&ecirc; receber&aacute; uma resposta autom&aacute;tica instantaneamente, acusando o recebimento de seu e-mail com um n&uacute;mero de t&iacute;quete.<\/li>\n<li>Nosso engenheiro entrar&aacute; em contato com voc&ecirc; o mais breve poss&iacute;vel.<\/li>\n<\/ul><h5>Passo 2, opcional:<\/h5><p>Se perceber algum atraso na nossa resposta por qualquer motivo, pode ligar para um dos nossos n&uacute;meros de <a href=\"https:\/\/www.iptp.us\/pt_PT\/company\/contacts\/\">call center\/IVR<\/a> (ver mapa acima), certificando-se de que tem o n&uacute;mero do t&iacute;quete do &ldquo;passo 1&rdquo;.<\/p><p class=\"c-primary\">Como obter suporte caso o e-mail n&atilde;o funcione?<\/p><p>Se o e-mail n&atilde;o estiver dispon&iacute;vel por algum motivo, voc&ecirc; pode criar um t&iacute;quete por telefone. O cliente deve se identificar positivamente e fornecer o n&uacute;mero do formul&aacute;rio de pedido de servi&ccedil;o (SOF) antes que qualquer suporte seja fornecido. Certifique-se de que sua lista de pessoas de contato autorizadas esteja atualizada no Portal ou por meio do seu gerente de conta.<\/p><h5>O suporte est&aacute; dispon&iacute;vel <a href=\"javascript:popupchat()\">24&times;7<\/a><\/h5>\n","protected":false},"excerpt":{"rendered":"<p>A ajuda imediata pode ser fornecida atrav\u00e9s do     LiveChat    , as solicita\u00e7\u00f5es s\u00e3o divididas pelos tr\u00eas n\u00edveis de prioridade a seguir:<\/p>\n<p><di...\n<\/p>\n","protected":false},"author":1,"featured_media":0,"parent":293,"menu_order":0,"comment_status":"closed","ping_status":"closed","template":"","meta":[],"acf":[],"aioseo_notices":[],"_links":{"self":[{"href":"https:\/\/www.iptp.us\/pt_PT\/wp-json\/wp\/v2\/pages\/295"}],"collection":[{"href":"https:\/\/www.iptp.us\/pt_PT\/wp-json\/wp\/v2\/pages"}],"about":[{"href":"https:\/\/www.iptp.us\/pt_PT\/wp-json\/wp\/v2\/types\/page"}],"author":[{"embeddable":true,"href":"https:\/\/www.iptp.us\/pt_PT\/wp-json\/wp\/v2\/users\/1"}],"replies":[{"embeddable":true,"href":"https:\/\/www.iptp.us\/pt_PT\/wp-json\/wp\/v2\/comments?post=295"}],"version-history":[{"count":370,"href":"https:\/\/www.iptp.us\/pt_PT\/wp-json\/wp\/v2\/pages\/295\/revisions"}],"predecessor-version":[{"id":31849,"href":"https:\/\/www.iptp.us\/pt_PT\/wp-json\/wp\/v2\/pages\/295\/revisions\/31849"}],"up":[{"embeddable":true,"href":"https:\/\/www.iptp.us\/pt_PT\/wp-json\/wp\/v2\/pages\/293"}],"wp:attachment":[{"href":"https:\/\/www.iptp.us\/pt_PT\/wp-json\/wp\/v2\/media?parent=295"}],"curies":[{"name":"wp","href":"https:\/\/api.w.org\/{rel}","templated":true}]}}