{"id":159,"date":"2016-08-31T15:00:44","date_gmt":"2016-08-31T12:00:44","guid":{"rendered":"https:\/\/web-mng.iptp.com\/?page_id=159"},"modified":"2026-01-13T06:54:07","modified_gmt":"2026-01-13T03:54:07","slug":"connectivity-services","status":"publish","type":"page","link":"https:\/\/www.iptp.us\/pt_PT\/business-solutions\/managed-services\/connectivity-services\/","title":{"rendered":"Servi\u00e7os de Conectividade Gerenciados"},"content":{"rendered":"<div class=\"col_02\">\n<p class=\"title\">Os Servi&ccedil;os Gerenciados de Conectividade fornecem conectividade de rede global que ajuda voc&ecirc; a se comunicar com suas organiza&ccedil;&otilde;es e clientes por meio de uma infraestrutura segura e confi&aacute;vel. Nosso portf&oacute;lio flex&iacute;vel permite que esses servi&ccedil;os sejam implementados em uma infraestrutura de nossa propriedade ou em combina&ccedil;&atilde;o com uma infraestrutura de terceiros.<\/p>\n<p>Voc&ecirc; pode escolher um servi&ccedil;o espec&iacute;fico de acordo com suas necessidades ou combin&aacute;-lo com outros Servi&ccedil;os Gerenciados de Conectividade.<br> Para mais informa&ccedil;&otilde;es, consulte o  <a href=\"\/wp-content\/uploads\/IPTP_Networks_Global_Map.png\" target=\"_blank\" rel=\"noopener noreferrer\"><strong>nosso mapa de cobertura de rede<\/strong><\/a> ou entre em contato com nossos representantes atrav&eacute;s do <a href=\"https:\/\/webchat.iptp.net\/chat\/2\/index.php\" target=\"_blank\" rel=\"noopener noreferrer\">Live Assistant<\/a><\/p>\n<h2>Benef&iacute;cios:<\/h2>\n<p> Converg&ecirc;ncia de m&uacute;ltiplos aplicativos e tipos de tr&aacute;fego em uma &uacute;nica rede<\/p>\n<div class=\"cuprum\">\n<hr style=\"margin: 6px 0px 6px 0px; border-top: 1px dotted #ccc;\">\n<p>V&aacute;rias op&ccedil;&otilde;es de conectividade para atender a v&aacute;rios requisitos de neg&oacute;cios<\/p>\n<hr style=\"margin: 6px 0px 6px 0px; border-top: 1px dotted #ccc;\">\n<p>Uma infra-estrutura de sucesso e l&iacute;der no setor de comunica&ccedil;&atilde;o interna e com seus clientes.<\/p>\n<hr style=\"margin: 6px 0px 6px 0px; border-top: 1px dotted #ccc;\">\n<p>Servi&ccedil;o de conectividade flex&iacute;vel que se expande simultaneamente com o crescimento de seus requisitos de neg&oacute;cios<\/p>\n<hr style=\"margin: 6px 0px 6px 0px; border-top: 1px dotted #ccc;\"><\/div>\n<div>\n<h3>VPN de Comuta&ccedil;&atilde;o de Etiqueta de Protocolo M&uacute;ltiplo (MPLS)<\/h3>\n<p class=\"main_text_15\">Por meio do servi&ccedil;o Managed MPLS, fornecemos uma rede IP privada aprimorada com conectividade segura de alta qualidade. Esse servi&ccedil;o oferece n&iacute;veis adequados de lat&ecirc;ncia, jitter e perda de pacotes para garantir o sucesso e o processamento simult&acirc;neo de v&aacute;rios tipos de tr&aacute;fego, voz e v&iacute;deo em particular; classifica e prioriza os fluxos de tr&aacute;fego de um lado para o outro, permitindo SLAs para v&aacute;rias classes de servi&ccedil;o. Oferecemos a voc&ecirc; a possibilidade de selecionar uma op&ccedil;&atilde;o de VPN de malha completa para passar o tr&aacute;fego diretamente de um site para outro e selecionar a configura&ccedil;&atilde;o de projeto que atenda &agrave;s suas necessidades.<\/p>\n<h3>Metro Ethernet Gerenciado<\/h3>\n<p class=\"main_text_15\">Nosso servi&ccedil;o Metro Ethernet gerenciado pela Cisco oferece conectividade de site a site de alta velocidade que suporta a entrega de voz, v&iacute;deo e outros aplicativos de miss&atilde;o cr&iacute;tica. Oferecemos uma variedade de servi&ccedil;os Ethernet ponto-a-ponto e multiponto em topologias de Camada 1, Camada 2 e Camada 3 com integra&ccedil;&atilde;o perfeita; o servi&ccedil;o fornece funcionalidade de QoS, incluindo t&eacute;cnicas de classifica&ccedil;&atilde;o e prioriza&ccedil;&atilde;o. Al&eacute;m disso, oferece SLAs abrangentes, que abrangem o desempenho geral do servi&ccedil;o, bem como acesso on-line a relat&oacute;rios de desempenho detalhados.<\/p>\n<h3>Internet Gerenciada<\/h3>\n<p class=\"main_text_15\">Por meio de nosso servi&ccedil;o de Internet gerenciado, fornecemos conectividade de Internet segura com base na arquitetura de rede de autodefesa da Cisco e em infraestrutura altamente confi&aacute;vel. Fornecemos conectividade independentemente de sua localiza&ccedil;&atilde;o e m&eacute;todos de acesso, e oferecemos contratos de qualidade de servi&ccedil;o para desempenho de rede e disponibilidade de servi&ccedil;os. Nosso servi&ccedil;o &eacute; apoiado por SLAs completos, acesso on-line a relat&oacute;rios de desempenho de servi&ccedil;os hist&oacute;ricos e em tempo real, acesso de controle de servidor, gr&aacute;fico de utiliza&ccedil;&atilde;o de porta, saldo de conta e garantias de t&eacute;cnicas de qualidade de servi&ccedil;o, listas de controle de acesso e outras pr&aacute;ticas l&iacute;deres do setor.<\/p>\n<h3>VPN IPSec<\/h3>\n<p class=\"main_text_15\">Nosso servi&ccedil;o IPSec VPN de seguran&ccedil;a gerenciada oferece conectividade segura de site para site por meio de fluxos de dados criptografados por meio de uma rede p&uacute;blica ou privada. Ele &eacute; baseado na especifica&ccedil;&atilde;o RFC e o protocolo IPSec, uma estrutura de padr&otilde;es abertos, e fornece criptografia e tunelamento protocolos IPSec, confidencialidade de dados, integridade de dados e autentica&ccedil;&atilde;o de dados em redes desprotegidas, como a Internet.<br> Esse servi&ccedil;o oferece criptografia DES, 3DES e AES e pode ser fornecido junto com um Firewall gerenciado.<\/p>\n<h3>Roteador Gerenciado<\/h3>\n<p class=\"main_text_15\">Nosso servi&ccedil;o de roteador gerenciado fornece configura&ccedil;&atilde;o, administra&ccedil;&atilde;o e manuten&ccedil;&atilde;o de roteadores remotos, o que garante a supervis&atilde;o 24\/7 de seus roteadores em uma rede de &aacute;rea ampla. Tamb&eacute;m oferecemos backups regulares da configura&ccedil;&atilde;o do roteador e do gerenciamento de patches de software.<\/p>\n<h3>IP Trunking(Entroncamento de IP)<\/h3>\n<p class=\"main_text_15\">Nossos troncos IP gerenciados gerenciados pela Cisco s&atilde;o um tronco baseado no Protocolo de Inicia&ccedil;&atilde;o de Sess&atilde;o (SIP), do nosso sistema para um sistema IP PBX ou chave, que oferece tr&aacute;fego de voz, multim&iacute;dia e dados. . Fornecemos conectividade b&aacute;sica, servi&ccedil;os de emerg&ecirc;ncia, gerenciamento de planos de discagem e servi&ccedil;os de opera&ccedil;&atilde;o, bem como conex&otilde;es completas de chamadas locais e de longa dist&acirc;ncia. Nosso servi&ccedil;o de entroncamento inclui o servi&ccedil;o de termina&ccedil;&atilde;o de IP e PBX com um gateway, um IAD ou um PBX IP e fornece SLAs completos que abrangem o desempenho geral do servi&ccedil;o e acesso on-line a relat&oacute;rios detalhados de desempenho do servi&ccedil;o.<\/p>\n<h3>Frame Relay &amp; ATM<\/h3>\n<p class=\"main_text_15\">Nosso servi&ccedil;o gerenciado Frame Relay \/ ATM oferece conectividade de Camada 2 ao site por meio de uma rede Frame Relay ou ATM, e fornecemos administra&ccedil;&atilde;o, monitoramento e manuten&ccedil;&atilde;o 24 horas por dia, 7 dias por semana, em uma rede de &aacute;rea ampla. O servi&ccedil;o tamb&eacute;m inclui um backup regular da configura&ccedil;&atilde;o do roteador e do gerenciamento de patches de software.<\/p>\n<h3>LAN Gerenciada<\/h3>\n<p class=\"main_text_15\">Nosso servi&ccedil;o de rede local gerenciado &eacute; projetado para fornecer configura&ccedil;&atilde;o, administra&ccedil;&atilde;o e manuten&ccedil;&atilde;o, combinado com o gerenciamento de patches de software. Voc&ecirc; se beneficia da redu&ccedil;&atilde;o de custos do departamento de TI interno e do gerenciamento profissional sofisticado, tudo apoiado por nossa experi&ecirc;ncia e amplos recursos. Nosso design de solu&ccedil;&atilde;o &eacute; constru&iacute;do precisamente para atender &agrave;s suas necessidades espec&iacute;ficas para todos os n&iacute;veis de desempenho de servi&ccedil;o e pode ser complementado por outros servi&ccedil;os, como a Telefonia IP.<\/p>\n<h3>IX Transit<\/h3>\n<p class=\"main_text_15\">&Eacute; um servi&ccedil;o que permite aos membros se conectarem a trocas da Internet atrav&eacute;s de nossa rede e se beneficiarem de custo, lat&ecirc;ncia e largura de banda. Voc&ecirc; pode alcan&ccedil;ar todas as principais trocas da Internet atrav&eacute;s de uma &uacute;nica porta, mais de 1000 sess&otilde;es BGP e o tr&aacute;fego &eacute; trocado com quase 1000 ISPs Tier2 e Tier1 que fornecem mais de 190.000 prefixos. lista IX inclui, mas n&atilde;o se limitam a: AMS-IX, DE-CIX, Equinix Exchange HKIX, , Linx, seis, , DTEL-IX, Telx TIE, Any2.<\/p>\n<h3>IP Transit<\/h3>\n<p class=\"main_text_15\">Temos uma mesa de Internet BGP de largura de banda e alta resist&ecirc;ncia para ISP, ASP, CP, telecomunica&ccedil;&otilde;es, operadores de data center e corpora&ccedil;&otilde;es. A parceria com a Level3 nos ajuda a alcan&ccedil;ar a m&aacute;xima conectividade atrav&eacute;s da HSIP e diretamente atrav&eacute;s de parceiros de link, estabelecendo sess&otilde;es que evitam outros sistemas aut&ocirc;nomos. Extensas interconex&otilde;es diretas e contatos bilaterais bem estabelecidos com in&uacute;meros fornecedores em todo o mundo permitem balanceamento de carga, otimiza&ccedil;&atilde;o de rota e excelente cobertura global e regional. Dispon&iacute;vel nas portas 100GE, 1GE e 10GE nos principais data centers ao redor do mundo ou nas instala&ccedil;&otilde;es do cliente com loop local estendido.<\/p>\n<h3>IPLC (International Private Leased Circuit:circuito privado internacional arrendado)<\/h3>\n<p class=\"main_text_15\">&Eacute; um servi&ccedil;o internacional de linhas alugadas de P2P que fornece uma solu&ccedil;&atilde;o dedicada, confi&aacute;vel e segura de conectividade de ponto de ponto entre as instala&ccedil;&otilde;es do cliente e os locais em todo o mundo. Ele suporta todos os tipos de tr&aacute;fego (voz, dados, v&iacute;deo ou qualquer outro aplicativo de m&iacute;dia sens&iacute;vel a instabilidade e lat&ecirc;ncia), oferece uma ampla gama de larguras de banda e oferece escalabilidade e flexibilidade para atender &agrave;s suas necessidades de comunica&ccedil;&atilde;o atuais e futuras.<\/p>\n<h3>EPL (Ethernet Private Line:Ethernet de Linha Privada)<\/h3>\n<p class=\"main_text_15\">&Eacute; uma solu&ccedil;&atilde;o de conectividade de baixo custo que permite que sua organiza&ccedil;&atilde;o atender a demanda de aplica&ccedil;&otilde;es intensivas de largura de banda com conex&otilde;es confi&aacute;veis, flex&iacute;veis e de alta largura de banda que fornecem fibra de alta capacidade entre sites P2P duas configura&ccedil;&otilde;es. Ele permite que voc&ecirc; conecte seu CPE atrav&eacute;s da interface Ethernet a um custo menor e permite que voc&ecirc; use qualquer protocolo de controle VLAN ou Ethernet em todo o servi&ccedil;o sem coordenar com o IPTP. A qualidade de servi&ccedil;o da EPL permite que voc&ecirc; use voz, dados, v&iacute;deo ou qualquer outro conte&uacute;do multim&iacute;dia.\n<\/p>\n<\/div>\n<\/div>\n","protected":false},"excerpt":{"rendered":"<p>  Os Servi\u00e7os Gerenciados de Conectividade fornecem conectividade de rede global que ajuda voc\u00ea a se comunicar com suas organiza\u00e7\u00f5es e clientes por meio de uma infraestrutura segura e confi\u00e1vel. Nosso portf\u00f3lio flex&#8230;<\/p>\n","protected":false},"author":1,"featured_media":0,"parent":157,"menu_order":0,"comment_status":"closed","ping_status":"closed","template":"","meta":[],"acf":[],"aioseo_notices":[],"_links":{"self":[{"href":"https:\/\/www.iptp.us\/pt_PT\/wp-json\/wp\/v2\/pages\/159"}],"collection":[{"href":"https:\/\/www.iptp.us\/pt_PT\/wp-json\/wp\/v2\/pages"}],"about":[{"href":"https:\/\/www.iptp.us\/pt_PT\/wp-json\/wp\/v2\/types\/page"}],"author":[{"embeddable":true,"href":"https:\/\/www.iptp.us\/pt_PT\/wp-json\/wp\/v2\/users\/1"}],"replies":[{"embeddable":true,"href":"https:\/\/www.iptp.us\/pt_PT\/wp-json\/wp\/v2\/comments?post=159"}],"version-history":[{"count":98,"href":"https:\/\/www.iptp.us\/pt_PT\/wp-json\/wp\/v2\/pages\/159\/revisions"}],"predecessor-version":[{"id":38814,"href":"https:\/\/www.iptp.us\/pt_PT\/wp-json\/wp\/v2\/pages\/159\/revisions\/38814"}],"up":[{"embeddable":true,"href":"https:\/\/www.iptp.us\/pt_PT\/wp-json\/wp\/v2\/pages\/157"}],"wp:attachment":[{"href":"https:\/\/www.iptp.us\/pt_PT\/wp-json\/wp\/v2\/media?parent=159"}],"curies":[{"name":"wp","href":"https:\/\/api.w.org\/{rel}","templated":true}]}}