{"id":157,"date":"2016-08-31T15:00:15","date_gmt":"2016-08-31T12:00:15","guid":{"rendered":"https:\/\/web-mng.iptp.com\/?page_id=157"},"modified":"2025-07-21T10:55:20","modified_gmt":"2025-07-21T07:55:20","slug":"managed-services","status":"publish","type":"page","link":"https:\/\/www.iptp.us\/pt_PT\/business-solutions\/managed-services\/","title":{"rendered":"Servi\u00e7os Gerenciados"},"content":{"rendered":"<p>Os Servi&ccedil;os Gerenciados do IPTP oferecem um portf&oacute;lio din&acirc;mico de habilidades complexas de TI e recursos de infraestrutura, fornecendo gerenciamento diversificado adaptado ao seu modelo de neg&oacute;cios espec&iacute;fico. Nossos servi&ccedil;os gerenciados incluem:<\/p><ul>\n<li><a href=\"https:\/\/www.iptp.us\/pt_PT\/business-solutions\/managed-services\/unified-communication\/\">Servi&ccedil;os de Comunica&ccedil;&atilde;o Unificada Gerenciados.<\/a><\/li>\n<li><a href=\"https:\/\/www.iptp.us\/pt_PT\/business-solutions\/managed-services\/connectivity-services\/\">Servi&ccedil;os Gerenciados de Conectividade.<\/a><\/li>\n<li><a href=\"https:\/\/www.iptp.us\/pt_PT\/business-solutions\/managed-services\/security-services\/\">Servi&ccedil;os de Seguran&ccedil;a Gerenciados<\/a><\/li>\n<li><a href=\"https:\/\/www.iptp.us\/pt_PT\/dmms\/\">Do IPTP de Mitiga&ccedil;&atilde;o Distribu&iacute;da contra DDOS<\/a><\/li>\n<\/ul>\n","protected":false},"excerpt":{"rendered":"<p>  Os Servi\u00e7os Gerenciados do IPTP oferecem um portf\u00f3lio din\u00e2mico de habilidades complexas de TI e recursos de infraestrutura, fornecendo gerenciamento diversificado adaptado ao seu modelo de neg\u00f3ci&#8230;<\/p>\n","protected":false},"author":1,"featured_media":0,"parent":9681,"menu_order":0,"comment_status":"closed","ping_status":"closed","template":"","meta":[],"acf":[],"aioseo_notices":[],"_links":{"self":[{"href":"https:\/\/www.iptp.us\/pt_PT\/wp-json\/wp\/v2\/pages\/157"}],"collection":[{"href":"https:\/\/www.iptp.us\/pt_PT\/wp-json\/wp\/v2\/pages"}],"about":[{"href":"https:\/\/www.iptp.us\/pt_PT\/wp-json\/wp\/v2\/types\/page"}],"author":[{"embeddable":true,"href":"https:\/\/www.iptp.us\/pt_PT\/wp-json\/wp\/v2\/users\/1"}],"replies":[{"embeddable":true,"href":"https:\/\/www.iptp.us\/pt_PT\/wp-json\/wp\/v2\/comments?post=157"}],"version-history":[{"count":109,"href":"https:\/\/www.iptp.us\/pt_PT\/wp-json\/wp\/v2\/pages\/157\/revisions"}],"predecessor-version":[{"id":35819,"href":"https:\/\/www.iptp.us\/pt_PT\/wp-json\/wp\/v2\/pages\/157\/revisions\/35819"}],"up":[{"embeddable":true,"href":"https:\/\/www.iptp.us\/pt_PT\/wp-json\/wp\/v2\/pages\/9681"}],"wp:attachment":[{"href":"https:\/\/www.iptp.us\/pt_PT\/wp-json\/wp\/v2\/media?parent=157"}],"curies":[{"name":"wp","href":"https:\/\/api.w.org\/{rel}","templated":true}]}}