{"id":107,"date":"2016-08-26T12:28:31","date_gmt":"2016-08-26T09:28:31","guid":{"rendered":"https:\/\/web-mng.iptp.com\/?page_id=107"},"modified":"2026-01-12T11:40:29","modified_gmt":"2026-01-12T08:40:29","slug":"ip-telephony","status":"publish","type":"page","link":"https:\/\/www.iptp.us\/pt_PT\/business-solutions\/managed-services\/ip-telephony\/","title":{"rendered":"Telefonia IP"},"content":{"rendered":"<p><img decoding=\"async\" loading=\"lazy\" class=\"lazy size-full wp-image-858 alignleft\" src=\"data:image\/gif;base64,R0lGODlhAQABAAD\/ACwAAAAAAQABAAACADs=\" data-src=\"\/wp-content\/uploads\/smarthome10.jpg\" alt=\"smarthome10\" width=\"161\" height=\"136\"><\/p><noscript><img decoding=\"async\" loading=\"lazy\" class=\"size-full wp-image-858 alignleft lazy\" src=\"data:image\/gif;base64,R0lGODlhAQABAIAAAAAAAP\/\/\/ywAAAAAAQABAAACAUwAOw==\" alt=\"smarthome10\" width=\"161\" height=\"136\" data-src=\"\/wp-content\/uploads\/smarthome10.jpg\"><\/noscript><p>As vantagens da Telefonia IP, em compara&ccedil;&atilde;o com sistemas telef&ocirc;nicos legados, s&atilde;o totalmente evidentes.<br> Ele ajuda a reduzir as contas mensais dos servi&ccedil;os de telecomunica&ccedil;&otilde;es, aumenta a efici&ecirc;ncia dos sistemas de comunica&ccedil;&atilde;o, adiciona in&uacute;meros recursos inovadores de converg&ecirc;ncia e modifica a apar&ecirc;ncia do seu escrit&oacute;rio, tornando-o atualizado com os padr&otilde;es est&eacute;ticos contempor&acirc;neos. A lista auto-explicativa dos benef&iacute;cios da implementa&ccedil;&atilde;o da solu&ccedil;&atilde;o de telefonia IP inclui:<\/p><p>&nbsp;<\/p><p><a href=\"#\">Integra&ccedil;&atilde;o de Telefonia IP<\/a><\/p><p><a href=\"#\">Extens&atilde;o do Office para dispositivos m&oacute;veis de Comunica&ccedil;&otilde;es Unificadas da Cisco<\/a><\/p>\n","protected":false},"excerpt":{"rendered":"<p>  As vantagens da Telefonia IP, em compara\u00e7\u00e3o com sistemas telef\u00f4nicos legados, s\u00e3o totalmente evidentes&#8230;.<\/p>\n","protected":false},"author":1,"featured_media":20421,"parent":157,"menu_order":0,"comment_status":"closed","ping_status":"closed","template":"","meta":[],"acf":[],"aioseo_notices":[],"_links":{"self":[{"href":"https:\/\/www.iptp.us\/pt_PT\/wp-json\/wp\/v2\/pages\/107"}],"collection":[{"href":"https:\/\/www.iptp.us\/pt_PT\/wp-json\/wp\/v2\/pages"}],"about":[{"href":"https:\/\/www.iptp.us\/pt_PT\/wp-json\/wp\/v2\/types\/page"}],"author":[{"embeddable":true,"href":"https:\/\/www.iptp.us\/pt_PT\/wp-json\/wp\/v2\/users\/1"}],"replies":[{"embeddable":true,"href":"https:\/\/www.iptp.us\/pt_PT\/wp-json\/wp\/v2\/comments?post=107"}],"version-history":[{"count":92,"href":"https:\/\/www.iptp.us\/pt_PT\/wp-json\/wp\/v2\/pages\/107\/revisions"}],"predecessor-version":[{"id":36090,"href":"https:\/\/www.iptp.us\/pt_PT\/wp-json\/wp\/v2\/pages\/107\/revisions\/36090"}],"up":[{"embeddable":true,"href":"https:\/\/www.iptp.us\/pt_PT\/wp-json\/wp\/v2\/pages\/157"}],"wp:featuredmedia":[{"embeddable":true,"href":"https:\/\/www.iptp.us\/pt_PT\/wp-json\/wp\/v2\/media\/20421"}],"wp:attachment":[{"href":"https:\/\/www.iptp.us\/pt_PT\/wp-json\/wp\/v2\/media?parent=107"}],"curies":[{"name":"wp","href":"https:\/\/api.w.org\/{rel}","templated":true}]}}