{"id":9658,"date":"2019-06-18T17:41:09","date_gmt":"2019-06-18T14:41:09","guid":{"rendered":"https:\/\/web-dev.iptp.com\/?page_id=9658"},"modified":"2026-03-11T12:22:33","modified_gmt":"2026-03-11T09:22:33","slug":"locations","status":"publish","type":"page","link":"https:\/\/www.iptp.us\/es_ES\/network\/locations\/","title":{"rendered":"Ubicaciones"},"content":{"rendered":"<div class=\"section\">\n<div class=\"inner\" style=\"padding-bottom: 30px;\">\n<div class=\"subtitle text-center\"><span>Our Locations<\/span><\/div>\n<h1 class=\"text-center\">\n\t\t\tGlobal Network and Points of Presence<br>\n\t\t<\/h1>\n<p class=\"text-center\">\n\t\t\tNuestras instalaciones est&aacute;n ubicadas en los principales destinos de elecci&oacute;n para las compa&ntilde;&iacute;as m&aacute;s grandes y poderosas del mundo, proveedores de Internet y redes corporativas. Operamos canales de fibra transatl&aacute;nticos ultrarr&aacute;pidos que conectan a nuestros clientes con los principales intercambios de Internet y los centros financieros globales.\n\t\t<\/p>\n<\/div>\n<div class=\"poplist-map\" style=\"height: auto\">\n\t\t<link rel=\"stylesheet\" target=\"_blank\" href=\"\/wp-content\/themes\/iptp-theme\/lib\/leaflet\/leaflet.css\">\r\n<script src=\"\/wp-content\/themes\/iptp-theme\/lib\/leaflet\/leaflet.js\"><\/script>\r\n<script type=\"text\/javascript\" src=\"\/wp-content\/themes\/iptp-theme\/lib\/jquery-ui.min.js\"><\/script>\r\n<script type=\"text\/javascript\" src=\"\/wp-content\/themes\/iptp-theme\/lib\/leaflet\/imgViewer2.js\"><\/script>\r\n<div class=\"wrap-img\">\r\n    <button class=\"btn-modal-toggle-js btn-toggle-modal-css btn btn-primary\"><i class=\"fa fa-arrows-alt\" aria-hidden=\"true\"><\/i><\/button><img class=\"img-zoom lazy\" src=\"data:image\/gif;base64,R0lGODlhAQABAIAAAAAAAP\/\/\/ywAAAAAAQABAAACAUwAOw==\" alt=\"pop-map\" data-src=\"\/map\/\"><\/div>\r\n<div class=\"pos-full-width div-toggle-js\" align=\"center\">\r\n    <button class=\"btn-modal-toggle-js btn-toggle-modal-css btn btn-primary\"><i class=\"fa fa-close\" aria-hidden=\"true\"><\/i><\/button> <img class=\"img-zoom-large lazy\" src=\"data:image\/gif;base64,R0lGODlhAQABAIAAAAAAAP\/\/\/ywAAAAAAQABAAACAUwAOw==\" alt=\"pop-map\" data-src=\"\/map\/\"><\/div>\n    <\/div>\n<div class=\"text-center\">\n<p class=\"pt-3 pb-5 mb-0\">\n\t\t\t<a href=\"\/map\/\" class=\"btn-outline-bottom\">Abrir en una pesta&ntilde;a nueva<\/a>\n\t\t<\/p>\n<\/div>\n<\/div><div class=\"section\">\n<div class=\"inner\">\n<h5 class=\"text-center\">\n\t\t\tWe are offering Dedicated Hosting and Internet Access Ports (IP Transit),\n<\/h5><p>with up to 100Gbps uplink ports in the following locations:<br>\n\t\t\n<\/p><div class=\"pop-section\">\n\t\t\t\t\r\n\r\n\r\n\r\n\t<div class=\"load-ajax-69d0bd05d13e2\"><\/div>\r\n\r\n\r\n\r\n\n\t\t<\/div>\n<div class=\"w900\">\n<p class=\"text-12-gray\"><sup class=\"text-secondary\">*<\/sup> &ndash; pueden aplicarse condiciones especiales<\/p>\n<\/div>\n<\/div>\n<\/div><div class=\"section section-banner\">\r\n    <div class=\"inner text-center\">\r\n            <div class=\"subtitle\"><span>Request a quote<\/span><\/div>\r\n                <h2>Ready to Get Started?<\/h2>\r\n                <p>Our Specialists Will Reach Out Soon<\/p>\r\n                <p class=\"pt-3 mb-0\">\r\n            <!-- <a href=\"https:\/\/www.iptp.us\/es_ES\/request-a-quote\/?post=9658\" class=\"btn-primary-rounded-pill d-inline-block\">Request a quote<\/a> -->\r\n            <a href=\"#\" class=\"btn-primary-rounded-pill d-inline-block js_btn_request_form_all\">Request a quote<\/a>\r\n        <\/p>\r\n        <\/div>\r\n<\/div>\n","protected":false},"excerpt":{"rendered":"<p>Nuestras instalaciones est\u00e1n ubicadas en los principales destinos de elecci\u00f3n para las compa\u00f1\u00edas m\u00e1s grandes y poderosas del mundo, proveedores de Internet y redes corporativas. Operamos canales de fibra transatl\u00e1nticos ultrarr\u00e1pidos que conectan a n&#8230;<\/p>\n","protected":false},"author":1,"featured_media":0,"parent":90,"menu_order":0,"comment_status":"closed","ping_status":"closed","template":"template-inner-page.php","meta":[],"acf":[],"aioseo_notices":[],"_links":{"self":[{"href":"https:\/\/www.iptp.us\/es_ES\/wp-json\/wp\/v2\/pages\/9658"}],"collection":[{"href":"https:\/\/www.iptp.us\/es_ES\/wp-json\/wp\/v2\/pages"}],"about":[{"href":"https:\/\/www.iptp.us\/es_ES\/wp-json\/wp\/v2\/types\/page"}],"author":[{"embeddable":true,"href":"https:\/\/www.iptp.us\/es_ES\/wp-json\/wp\/v2\/users\/1"}],"replies":[{"embeddable":true,"href":"https:\/\/www.iptp.us\/es_ES\/wp-json\/wp\/v2\/comments?post=9658"}],"version-history":[{"count":304,"href":"https:\/\/www.iptp.us\/es_ES\/wp-json\/wp\/v2\/pages\/9658\/revisions"}],"predecessor-version":[{"id":39157,"href":"https:\/\/www.iptp.us\/es_ES\/wp-json\/wp\/v2\/pages\/9658\/revisions\/39157"}],"up":[{"embeddable":true,"href":"https:\/\/www.iptp.us\/es_ES\/wp-json\/wp\/v2\/pages\/90"}],"wp:attachment":[{"href":"https:\/\/www.iptp.us\/es_ES\/wp-json\/wp\/v2\/media?parent=9658"}],"curies":[{"name":"wp","href":"https:\/\/api.w.org\/{rel}","templated":true}]}}