{"id":75,"date":"2019-08-29T10:00:29","date_gmt":"2019-08-29T07:00:29","guid":{"rendered":"https:\/\/web-mng.iptp.com\/?page_id=75"},"modified":"2026-02-04T06:34:58","modified_gmt":"2026-02-04T03:34:58","slug":"careers","status":"publish","type":"page","link":"https:\/\/www.iptp.us\/es_ES\/careers\/","title":{"rendered":"Carreras"},"content":{"rendered":"<p>Las oficinas de IPTP Networks se encuentran en todo el mundo: la regi&oacute;n de las Am&eacute;ricas, Asia Pac&iacute;fico y la Uni&oacute;n Europea. Estamos buscando especialistas con pasi&oacute;n por el Networking para unirse a nuestro equipo de profesionales dedicados y ayudarnos a elevar nuestra empresa al siguiente nivel.<\/p><p>Ya sea que tengas experiencia previa en la industria o que seas un pasante que quiera aprender m&aacute;s acerca de las soluciones de networking; es tu potencial para la perfecci&oacute;n y el af&aacute;n de aprender lo que estamos buscando.<\/p><p><img decoding=\"async\" loading=\"lazy\" class=\"lazy size-full wp-image-845 aligncenter\" src=\"data:image\/gif;base64,R0lGODlhAQABAAD\/ACwAAAAAAQABAAACADs=\" data-src=\"\/wp-content\/uploads\/career_header.png\" alt=\"career_header\" width=\"1024\" height=\"200\" srcset=\"https:\/\/www.iptp.us\/wp-content\/uploads\/career_header.png 1024w, https:\/\/www.iptp.us\/wp-content\/uploads\/career_header-300x59.png 300w, https:\/\/www.iptp.us\/wp-content\/uploads\/career_header-768x150.png 768w\" sizes=\"(max-width: 1024px) 100vw, 1024px\"><\/p><noscript><img decoding=\"async\" loading=\"lazy\" class=\"size-full wp-image-845 aligncenter lazy\" src=\"data:image\/gif;base64,R0lGODlhAQABAIAAAAAAAP\/\/\/ywAAAAAAQABAAACAUwAOw==\" alt=\"career_header\" width=\"1024\" height=\"200\" srcset=\"https:\/\/www.iptp.us\/wp-content\/uploads\/career_header.png 1024w, https:\/\/www.iptp.us\/wp-content\/uploads\/career_header-300x59.png 300w, https:\/\/www.iptp.us\/wp-content\/uploads\/career_header-768x150.png 768w\" sizes=\"(max-width: 1024px) 100vw, 1024px\" data-src=\"\/wp-content\/uploads\/career_header.png\"><\/noscript><h5>Trabajar en IPTP Networks<\/h5><p>Amplia cartera y experiencia en networking en todo el mundo. Pr&aacute;cticas comerciales din&aacute;micas e innovadoras, tecnolog&iacute;a de punta, tareas complejas y soluciones flexibles. <\/p><p>Trabaja con un equipo de especialistas de alto nivel.<\/p><p>&iquest;Quieres darte cuenta de&nbsp; tu potencial y tener la oportunidad de aplicar tus habilidades? &iexcl;&Uacute;nete a IPTP!<\/p><h6>Tenemos las siguientes vacantes:<\/h6><p><strong>Amsterdam, The Netherlands (e-mail: <span class=\"email\">ten.ptpi@rh<\/span> phone: +31 207 147 499)<\/strong><\/p><ul>\n<\/ul><hr style=\"margin: 6px 0px 6px 0px; border-top: 1px dotted #ccc;\"><p><strong>Chipre (e-mail: <span class=\"email\">ten.ptpi@rh<\/span> Tel&eacute;fono: +357 25 878860)<\/strong><\/p><ul>\n<\/ul><hr style=\"margin: 6px 0px 6px 0px; border-top: 1px dotted #ccc;\"><p><strong>Lima, Per&uacute; (e-mail: <span class=\"email\">ep.ptpi@rh<\/span> Tel&eacute;fono: +51 1 642 00 61)<\/strong><\/p><ul>\n<li><a href=\"https:\/\/www.iptp.us\/es_ES\/careers\/java-developer\/\">Java developer<\/a><\/li>\n<li><a href=\"https:\/\/www.iptp.us\/es_ES\/careers\/qa-engineer-software-testing\/\">QA Engineer (Software Testing)<\/a><\/li>\n<li><a href=\"https:\/\/www.iptp.us\/es_ES\/careers\/peering-engineers\/\">Peering Engineers<\/a><\/li>\n<li><a href=\"https:\/\/www.iptp.us\/es_ES\/careers\/junior-system-network-engineer\/\">Junior System\/Network Engineer<\/a><\/li>\n<li><a href=\"https:\/\/www.iptp.us\/es_ES\/careers\/javascript-developer\/\">Javascript developer<\/a><\/li>\n<p>\t<!--\t\n\n<li><a href=\"https:\/\/www.iptp.us\/es_ES\/careers\/graphic-designer\/\">Dise&ntilde;ador grafico<\/a><\/li>\n\n -->\n<\/p><\/ul><hr style=\"margin: 6px 0px 6px 0px; border-top: 1px dotted #ccc;\"><p><strong>Nueva York (e-mail: <span class=\"email\">ten.ptpi@rh<\/span> Tel&eacute;fono: +1 302 407 4023)<\/strong><\/p><hr style=\"margin: 6px 0px 6px 0px; border-top: 1px dotted #ccc;\"><p><strong>Hong Kong (e-mail: <span class=\"email\">kh.ptpi@rh<\/span> Tel&eacute;fono: +852 24 383 217)<\/strong><\/p><ul>\n<li><a href=\"https:\/\/www.iptp.us\/es_ES\/careers\/project-assistant\/\">Project Assistant<\/a><\/li>\n<li><a href=\"https:\/\/www.iptp.us\/es_ES\/careers\/junior-engineer\/\">Junior Engineer<\/a><\/li>\n<li><a href=\"https:\/\/www.iptp.us\/es_ES\/careers\/purchasing-warehouse-coordinator\/\">Purchasing and Warehouse Coordinator<\/a><\/li>\n<li><a href=\"https:\/\/www.iptp.us\/es_ES\/careers\/accounting-and-administrative-assistant\/\">Accounting and Administrative Assistant<\/a><\/li>\n<li><a href=\"https:\/\/www.iptp.us\/es_ES\/careers\/chief-revenue-officer\/\">Chief Revenue Officer<\/a><\/li>\n<\/ul><hr style=\"margin: 6px 0px 6px 0px; border-top: 1px dotted #ccc;\"><p><strong>Ho Chi Minh, Vietnam (e-mail: <span class=\"email\">nv.ptpi@rh<\/span> , Tel&eacute;fono: +84 871 099 858)<\/strong><\/p><ul>\n<!--      \n\n<li><a href=\"https:\/\/www.iptp.us\/es_ES\/careers\/qa-specialist\/\">QA Specialist<\/a><\/li>\n\n\n\t \n\n<li><a href=\"https:\/\/www.iptp.us\/es_ES\/careers\/qa-engineer-software-testing\/\">QA Engineer (Software Testing)<\/a><\/li>\n\n\n\t \n\n<li><a href=\"https:\/\/www.iptp.us\/es_ES\/careers\/customer-care-engineer\/\">Customer Care Engineer<\/a><\/li>\n\n\n\t \n\n<li><a href=\"https:\/\/www.iptp.us\/es_ES\/careers\/digital-marketing-specialist\/\">Digital Marketing Specialist<\/a><\/li>\n\n -->\n<li><a href=\"https:\/\/www.iptp.us\/es_ES\/careers\/frontend-software-developer\/\">Frontend Software Developer<\/a><\/li>\n<\/ul><hr style=\"margin: 6px 0px 6px 0px; border-top: 1px dotted #ccc;\"><p><strong>Da Nang, Vietnam (e-mail: <span class=\"email\">nv.ptpi@rh<\/span> , phone:+84 871 099 858)<\/strong><\/p><ul>\n<!--  \t\n\n<li><a href=\"https:\/\/www.iptp.us\/es_ES\/careers\/java-developer\/\">Java developer<\/a><\/li>\n\n\n\t\n\n<li><a href=\"https:\/\/www.iptp.us\/es_ES\/careers\/qa-engineer-software-testing\/\">QA Engineer (Software Testing)<\/a><\/li>\n\n\n    \n\n<li><a href=\"https:\/\/www.iptp.us\/es_ES\/careers\/peering-engineers\/\">Peering Engineers<\/a><\/li>\n\n\n    \n\n<li><a href=\"https:\/\/www.iptp.us\/es_ES\/careers\/junior-systemnetwork-engineer\/\">Network\/System Engineer (Junior-Senior level)<\/a><\/li>\n\n\n\t\n\n<li><a href=\"https:\/\/www.iptp.us\/es_ES\/careers\/javascript-developer\/\">Javascript developer<\/a><\/li>\n\n\n\t\n\n<li><a href=\"https:\/\/www.iptp.us\/es_ES\/careers\/customer-care-engineer\/\">Customer Care Engineer<\/a><\/li>\n\n\n\t\n\n<li><a href=\"https:\/\/www.iptp.us\/es_ES\/careers\/digital-marketing-specialist\/\">Digital Marketing Specialist<\/a><\/li>\n\n -->\n<li><a href=\"https:\/\/www.iptp.us\/es_ES\/careers\/frontend-software-developer\/\">Frontend Software Developer<\/a><\/li>\n<\/ul><hr style=\"margin: 6px 0px 6px 0px; border-top: 1px dotted #ccc;\"><hr><h6>Contrataci&oacute;n para Carreras con Experiencia Disponibles<\/h6><p><strong>Ventas<\/strong><\/p><p>Deben postularse solo los conversadores orientados al trabajo en equipo. Se necesitan mentes anal&iacute;ticas&nbsp; para abordar los casos de desarrollo empresarial.<\/p><p>Experiencia en la conducci&oacute;n de negociaciones por tel&eacute;fono, conocimiento de la &eacute;tica de la comunicaci&oacute;n comercial y correspondencia comercial, habilidades t&eacute;cnicas en telecomunicaciones (la educaci&oacute;n t&eacute;cnica es bienvenida).<\/p><hr style=\"margin: 6px 0px 6px 0px; border-top: 1px dotted #ccc;\"><p><strong>Ingenieros\/ Administradores de Sistemas<\/strong><\/p><p>Tener un vasto conocimiento en el campo de la Tecnolog&iacute;a de la Informaci&oacute;n y ser&nbsp; capaz de resolver problemas de manera r&aacute;pida y eficiente. Son requisitos previos tener la capacidad de usar su propia iniciativa, a veces bajo presi&oacute;n, mientras se mantiene una producci&oacute;n de alta calidad.<\/p><hr style=\"margin: 6px 0px 6px 0px; border-top: 1px dotted #ccc;\"><p><strong>Servicios Internos<\/strong><\/p><p>Se requiere personal administrativo calificado. Experiencia en Relaciones P&uacute;blicas, habilidades b&aacute;sicas de TI, conocimiento de idiomas es una ventaja. El candidato ideal debe tener fuertes habilidades de administraci&oacute;n y ser atento a los detalles. Debe tener buenas habilidades anal&iacute;ticas y de resoluci&oacute;n de problemas, ser proactivo y tener un enfoque de &lsquo;poder hacer&rsquo; para su trabajo.<\/p><h6>Carreras para Estudiantes<\/h6><p><strong>Pasant&iacute;as<\/strong><br>\nLos estudiantes tambi&eacute;n son bienvenidos.<\/p><hr style=\"margin: 6px 0px 6px 0px; border-top: 1px dotted #ccc;\"><p><strong>No-Graduados<\/strong><\/p><p>Ofrecemos muchas oportunidades de colaboraci&oacute;n para atender a los clientes mientras creces.<\/p><h6>Contactos<\/h6><p>Puedes enviarnos tu curr&iacute;culum a una de las direcciones de correo electr&oacute;nico en la secci&oacute;n de <a href=\"https:\/\/www.iptp.us\/es_ES\/company\/contacts\/\">contactos<\/a> .<\/p><p>Se considerar&aacute;n todos los candidatos y se proporcionar&aacute;n los comentarios apropiados.<br>\nLos solicitantes exitosos ser&aacute;n contactados poco despu&eacute;s para concertar una entrevista.<\/p><hr>\n","protected":false},"excerpt":{"rendered":"<p>\n  Las oficinas de IPTP Networks se encuentran en todo el mundo: la regi\u00f3n de las Am\u00e9ricas, Asia Pac\u00edfico, la Uni\u00f3n Europea y .  Estamos buscando especialist&#8230;<\/p>\n","protected":false},"author":1,"featured_media":0,"parent":0,"menu_order":0,"comment_status":"closed","ping_status":"closed","template":"","meta":[],"acf":[],"aioseo_notices":[],"_links":{"self":[{"href":"https:\/\/www.iptp.us\/es_ES\/wp-json\/wp\/v2\/pages\/75"}],"collection":[{"href":"https:\/\/www.iptp.us\/es_ES\/wp-json\/wp\/v2\/pages"}],"about":[{"href":"https:\/\/www.iptp.us\/es_ES\/wp-json\/wp\/v2\/types\/page"}],"author":[{"embeddable":true,"href":"https:\/\/www.iptp.us\/es_ES\/wp-json\/wp\/v2\/users\/1"}],"replies":[{"embeddable":true,"href":"https:\/\/www.iptp.us\/es_ES\/wp-json\/wp\/v2\/comments?post=75"}],"version-history":[{"count":1328,"href":"https:\/\/www.iptp.us\/es_ES\/wp-json\/wp\/v2\/pages\/75\/revisions"}],"predecessor-version":[{"id":38957,"href":"https:\/\/www.iptp.us\/es_ES\/wp-json\/wp\/v2\/pages\/75\/revisions\/38957"}],"wp:attachment":[{"href":"https:\/\/www.iptp.us\/es_ES\/wp-json\/wp\/v2\/media?parent=75"}],"curies":[{"name":"wp","href":"https:\/\/api.w.org\/{rel}","templated":true}]}}