{"id":437,"date":"2016-10-12T13:49:33","date_gmt":"2016-10-12T10:49:33","guid":{"rendered":"https:\/\/web-mng.iptp.com\/?page_id=437"},"modified":"2026-01-13T12:01:11","modified_gmt":"2026-01-13T09:01:11","slug":"unified-communication","status":"publish","type":"page","link":"https:\/\/www.iptp.us\/es_ES\/business-solutions\/managed-services\/unified-communication\/","title":{"rendered":"Servicios Gestionados de Comunicaci\u00f3n Unificada"},"content":{"rendered":"<p>Los Servicios de comunicaci&oacute;n unificada administrados son un conjunto integral de soluciones IP seguras y comprobadas en la industria que ha proporcionado telefon&iacute;a IP a m&aacute;s compa&ntilde;&iacute;as que ninguna otra. Las soluciones incluyen datos, voz, video y productos de movilidad que nos proporcionan los socios de Cisco como un servicio finalizado, que facilita la comunicaci&oacute;n.<\/p><h5>BENEFICIOS:<\/h5><ul>\n<li>Dise&ntilde;ado para ayudar a su empresa a implementar tecnolog&iacute;as avanzadas con menos riesgo y menores costos<\/li>\n<li>Ofrece amplias capacidades dise&ntilde;adas para cualquier tipo de negocio, independientemente de la escala.<\/li>\n<li>Integra estrechamente las comunicaciones con los procesos de negocio.<\/li>\n<li>Conecta personas en lugar de dispositivos.<\/li>\n<li>Ofrece informaci&oacute;n de presencia y preferencia, ayudando a garantizar que las comunicaciones lleguen a los destinatarios de la manera m&aacute;s r&aacute;pida posible a trav&eacute;s del medio m&aacute;s efectivo.<\/li>\n<\/ul><hr><h6>COMUNICACIONES UNIFICADAS DE NEGOCIO:<\/h6><p>A trav&eacute;s de este servicio, proporcionamos comunicaciones unificadas de voz, video, datos y movilidad para el entorno empresarial. Conectamos dispositivos de comunicaci&oacute;n (PC, tel&eacute;fonos) y aplicaciones (videoconferencia, calendario) para que se pueda acceder a ellos en cualquier momento y en cualquier lugar, y admitimos interfaces abiertas para poder agregar otros tipos de aplicaciones. Todos los aspectos de este servicio son impulsados &#8203;&#8203;por Cisco y brindan un servicio de alta calidad que garantiza una experiencia y capacidades de seguridad consistentes.<\/p><h6>COMUNICACIONES UNIFICADAS ALOJADAS:<\/h6><p>A trav&eacute;s de nuestro servicio de comunicaciones unificadas alojadas por Cisco, usted obtiene los beneficios de una red de comunicaciones IP convergente sin la necesidad de poseerla, administrarla o mantenerla. Le ofrecemos una nueva forma de utilizar su infraestructura de red para obtener ingresos sin ning&uacute;n costo adicional. Nuestro servicio tambi&eacute;n soporta amplias funciones de telefon&iacute;a IP. Le proporcionamos un plan de marcaci&oacute;n &uacute;nico, un conjunto de n&uacute;meros de tel&eacute;fono, correo de voz y otros recursos que lo ayudan a ahorrar tiempo y dinero, lo que le permite concentrarse en la administraci&oacute;n de su empresa, permiti&eacute;ndonos cuidar la tecnolog&iacute;a de la informaci&oacute;n.<\/p><h6>CENTRO DE CONTACTO UNIFICADO:<\/h6><p>Nuestro servicio gestionado por Cisco Managed Unified Contact Center le proporciona una infraestructura centralizada basada en IP que puede admitir numerosos sitios distribuidos. Ofrecemos un conjunto completo de servicios de administraci&oacute;n de contactos, le brindamos opciones de control administrativo para su entorno, as&iacute; como tambi&eacute;n opciones para herramientas de colaboraci&oacute;n web integradas, pantallas emergentes de CTI y muchas otras caracter&iacute;sticas.<\/p><p>&nbsp;<\/p><hr>\n","protected":false},"excerpt":{"rendered":"<p> Los Servicios de comunicaci\u00f3n unificada administrados son un conjunto integral de soluciones IP seguras y comprobadas en la industria que ha proporcionado telefon\u00eda IP a m\u00e1s compa\u00f1\u00edas que ninguna otra. Las soluciones incluyen dat&#8230;<\/p>\n","protected":false},"author":1,"featured_media":0,"parent":157,"menu_order":0,"comment_status":"closed","ping_status":"closed","template":"","meta":[],"acf":[],"aioseo_notices":[],"_links":{"self":[{"href":"https:\/\/www.iptp.us\/es_ES\/wp-json\/wp\/v2\/pages\/437"}],"collection":[{"href":"https:\/\/www.iptp.us\/es_ES\/wp-json\/wp\/v2\/pages"}],"about":[{"href":"https:\/\/www.iptp.us\/es_ES\/wp-json\/wp\/v2\/types\/page"}],"author":[{"embeddable":true,"href":"https:\/\/www.iptp.us\/es_ES\/wp-json\/wp\/v2\/users\/1"}],"replies":[{"embeddable":true,"href":"https:\/\/www.iptp.us\/es_ES\/wp-json\/wp\/v2\/comments?post=437"}],"version-history":[{"count":79,"href":"https:\/\/www.iptp.us\/es_ES\/wp-json\/wp\/v2\/pages\/437\/revisions"}],"predecessor-version":[{"id":38843,"href":"https:\/\/www.iptp.us\/es_ES\/wp-json\/wp\/v2\/pages\/437\/revisions\/38843"}],"up":[{"embeddable":true,"href":"https:\/\/www.iptp.us\/es_ES\/wp-json\/wp\/v2\/pages\/157"}],"wp:attachment":[{"href":"https:\/\/www.iptp.us\/es_ES\/wp-json\/wp\/v2\/media?parent=437"}],"curies":[{"name":"wp","href":"https:\/\/api.w.org\/{rel}","templated":true}]}}