{"id":431,"date":"2016-10-12T13:48:25","date_gmt":"2016-10-12T10:48:25","guid":{"rendered":"https:\/\/web-mng.iptp.com\/?page_id=431"},"modified":"2025-06-12T13:53:40","modified_gmt":"2025-06-12T10:53:40","slug":"wlan","status":"publish","type":"page","link":"https:\/\/www.iptp.us\/es_ES\/business-solutions\/integration-services\/wlan\/","title":{"rendered":"WLAN"},"content":{"rendered":"<h2>VARIEDAD DE SOLUCIONES INAL&Aacute;MBRICAS<\/h2><hr><p>Los puntos de acceso son elementos cr&iacute;ticos de la red inal&aacute;mbrica unificada de Cisco&reg;. Los puntos de acceso de banda &uacute;nica y doble de Cisco est&aacute;n dise&ntilde;ados para oficinas y entornos similares, entornos de RF desafiantes y actividades al aire libre. Los dispositivos est&aacute;n disponibles en dos versiones: unificada o aut&oacute;noma. Los puntos de acceso unificados operan con el Protocolo de punto de acceso ligero (LWAPP) y funcionan en conjunto con los controladores de LAN inal&aacute;mbrica de Cisco y el Sistema de control inal&aacute;mbrico (WCS). Los puntos de acceso aut&oacute;nomos se basan en el software Cisco IOS&reg; y, opcionalmente, pueden operar con el motor de soluci&oacute;n de LAN inal&aacute;mbrica de CiscoWorks (WLSE). Los puntos de acceso aut&oacute;nomos, junto con el WLSE, ofrecen un conjunto central de caracter&iacute;sticas y pueden actualizarse en el campo para aprovechar todos los beneficios de la red inal&aacute;mbrica unificada de Cisco a medida que evolucionan los requisitos.<\/p><p>Para tomar las mejores decisiones para sus aplicaciones particulares, es importante comprender las caracter&iacute;sticas y los beneficios de los diferentes puntos de acceso Cisco Aironet&reg;.<\/p><h3>BENEFICIOS:<\/h3><ul>\n<li>Menor costo total de propiedad debido a la administraci&oacute;n centralizada, la implementaci&oacute;n simplificada y una arquitectura unificada al&aacute;mbrica e inal&aacute;mbrica;<\/li>\n<li>Disminuye costos operativos y de capacitaci&oacute;n del personal porque la interfaz de administraci&oacute;n de la red es simplificada y f&aacute;cil de usar;<\/li>\n<li>Mejora de la seguridad de la red gracias a las alertas de seguridad integradas y la supervisi&oacute;n en tiempo real de posibles ataques, amenazas e infracciones;<\/li>\n<li>Detecci&oacute;n en tiempo real, ubicaci&oacute;n y contenci&oacute;n de puntos de acceso no autorizados y dispositivos cliente;<\/li>\n<li>Gesti&oacute;n integrada para WLAN interiores y redes de malla inal&aacute;mbricas exteriores;<\/li>\n<li>Aceleraci&oacute;n de la colaboraci&oacute;n empresarial y la productividad a trav&eacute;s de servicios de movilidad que soportan aplicaciones empresariales innovadoras.<\/li>\n<\/ul><hr><h3>DESPLIEGUE:<\/h3><p><img decoding=\"async\" loading=\"lazy\" class=\"lazy alignnone size-full wp-image-713\" src=\"data:image\/gif;base64,R0lGODlhAQABAAD\/ACwAAAAAAQABAAACADs=\" data-src=\"\/wp-content\/uploads\/aapd.jpg\" alt=\"aapd\" width=\"688\" height=\"651\" srcset=\"https:\/\/www.iptp.us\/wp-content\/uploads\/aapd.jpg 688w, https:\/\/www.iptp.us\/wp-content\/uploads\/aapd-300x284.jpg 300w\" sizes=\"(max-width: 688px) 100vw, 688px\"><\/p><noscript><img decoding=\"async\" loading=\"lazy\" class=\"alignnone size-full wp-image-713 lazy\" src=\"data:image\/gif;base64,R0lGODlhAQABAIAAAAAAAP\/\/\/ywAAAAAAQABAAACAUwAOw==\" alt=\"aapd\" width=\"688\" height=\"651\" srcset=\"https:\/\/www.iptp.us\/wp-content\/uploads\/aapd.jpg 688w, https:\/\/www.iptp.us\/wp-content\/uploads\/aapd-300x284.jpg 300w\" sizes=\"(max-width: 688px) 100vw, 688px\" data-src=\"\/wp-content\/uploads\/aapd.jpg\"><\/noscript><p style=\"text-align: center;\"><strong>Foto. 1.<\/strong> Despliegue Aut&oacute;nomo de Puntos de Acceso<\/p><p><img decoding=\"async\" loading=\"lazy\" class=\"lazy alignnone size-full wp-image-714\" src=\"data:image\/gif;base64,R0lGODlhAQABAAD\/ACwAAAAAAQABAAACADs=\" data-src=\"\/wp-content\/uploads\/uapd.jpg\" alt=\"uapd\" width=\"674\" height=\"547\" srcset=\"https:\/\/www.iptp.us\/wp-content\/uploads\/uapd.jpg 674w, https:\/\/www.iptp.us\/wp-content\/uploads\/uapd-300x243.jpg 300w\" sizes=\"(max-width: 674px) 100vw, 674px\"><\/p><noscript><img decoding=\"async\" loading=\"lazy\" class=\"alignnone size-full wp-image-714 lazy\" src=\"data:image\/gif;base64,R0lGODlhAQABAIAAAAAAAP\/\/\/ywAAAAAAQABAAACAUwAOw==\" alt=\"uapd\" width=\"674\" height=\"547\" srcset=\"https:\/\/www.iptp.us\/wp-content\/uploads\/uapd.jpg 674w, https:\/\/www.iptp.us\/wp-content\/uploads\/uapd-300x243.jpg 300w\" sizes=\"(max-width: 674px) 100vw, 674px\" data-src=\"\/wp-content\/uploads\/uapd.jpg\"><\/noscript><p align=\"CENTER\"><span class=\"text\"><strong>Foto. 2:<\/strong> Despliegue de Punto de Acceso Unificado<\/span><\/p><p>El principal desaf&iacute;o de la Implementaci&oacute;n Unificada de Puntos de Acceso (Foto 2) es la capacidad de administrar y proteger las redes inal&aacute;mbricas con un personal de TI limitado en cientos de sitios remotos. Los m&oacute;dulos de controlador de LAN inal&aacute;mbrica de Cisco, junto con los puntos de acceso de Cisco Aironet habilitados para LWAPP, abordan la implementaci&oacute;n y los desaf&iacute;os operacionales de las redes inal&aacute;mbricas empresariales en sitios remotos al eliminar la necesidad de configurar y administrar cada punto de acceso individual. Adem&aacute;s, Cisco WCS se puede usar para administrar cientos de sitios remotos con los m&oacute;dulos de controlador de LAN inal&aacute;mbrica de Cisco.<\/p><p>El despliegue de un punto de acceso unificado es esencial para Telefon&iacute;a IP de Cisco y Nokia Call Connect.<\/p>\n","protected":false},"excerpt":{"rendered":"<p> VARIEDAD DE SOLUCIONES INAL\u00c1MBRICAS <\/p>\n<p>Los puntos de acceso son elementos cr\u00edticos de la red inal\u00e1mbrica unificada de Cisco\u00ae. Los puntos de acceso de banda \u00fanica y doble de Cisco est\u00e1n dise\u00f1ados para oficinas y entornos similares&#8230;<\/p>\n","protected":false},"author":1,"featured_media":0,"parent":417,"menu_order":0,"comment_status":"closed","ping_status":"closed","template":"","meta":[],"acf":[],"aioseo_notices":[],"_links":{"self":[{"href":"https:\/\/www.iptp.us\/es_ES\/wp-json\/wp\/v2\/pages\/431"}],"collection":[{"href":"https:\/\/www.iptp.us\/es_ES\/wp-json\/wp\/v2\/pages"}],"about":[{"href":"https:\/\/www.iptp.us\/es_ES\/wp-json\/wp\/v2\/types\/page"}],"author":[{"embeddable":true,"href":"https:\/\/www.iptp.us\/es_ES\/wp-json\/wp\/v2\/users\/1"}],"replies":[{"embeddable":true,"href":"https:\/\/www.iptp.us\/es_ES\/wp-json\/wp\/v2\/comments?post=431"}],"version-history":[{"count":124,"href":"https:\/\/www.iptp.us\/es_ES\/wp-json\/wp\/v2\/pages\/431\/revisions"}],"predecessor-version":[{"id":37064,"href":"https:\/\/www.iptp.us\/es_ES\/wp-json\/wp\/v2\/pages\/431\/revisions\/37064"}],"up":[{"embeddable":true,"href":"https:\/\/www.iptp.us\/es_ES\/wp-json\/wp\/v2\/pages\/417"}],"wp:attachment":[{"href":"https:\/\/www.iptp.us\/es_ES\/wp-json\/wp\/v2\/media?parent=431"}],"curies":[{"name":"wp","href":"https:\/\/api.w.org\/{rel}","templated":true}]}}