{"id":423,"date":"2016-10-12T13:47:21","date_gmt":"2016-10-12T10:47:21","guid":{"rendered":"https:\/\/web-mng.iptp.com\/?page_id=423"},"modified":"2025-05-14T07:00:15","modified_gmt":"2025-05-14T04:00:15","slug":"cisco-unified-communication","status":"publish","type":"page","link":"https:\/\/www.iptp.us\/es_ES\/business-solutions\/integration-services\/cisco-unified-communication\/","title":{"rendered":"Servicios de Comunicaciones Unificadas de Cisco"},"content":{"rendered":"<h2>BENEFICIOS DE DESPLEGAR LAS COMUNICACIONES UNIFICADAS DE CISCO<\/h2><hr><p class=\"main_text\">La adopci&oacute;n de Comunicaciones Unificadas contin&uacute;a aceler&aacute;ndose a medida que muchas empresas y organizaciones adoptan esta poderosa tecnolog&iacute;a como una herramienta esencial para lograr sus objetivos corporativos. Tambi&eacute;n es evidente en el mercado que los sistemas PBX heredados est&aacute;n llegando al final de su ciclo de vida (incluso los proveedores de PBX tradicionales est&aacute;n cambiando sus soluciones a la telefon&iacute;a IP) haciendo de las Comunicaciones Unificadas de Cisco una inversi&oacute;n cada vez m&aacute;s ventajosa.<\/p><h2>Las empresas que aprovechan las soluciones de Comunicaciones Unificadas de Cisco pueden lograr beneficios irresistibles como:<\/h2><ul>\n<li>Reducci&oacute;n del Costo Total de Propiedad (CTP)<\/li>\n<li>Mejora de la productividad empresarial.<\/li>\n<\/ul><hr><h3>La reducci&oacute;n del Costo Total de Propiedad (CTP) se logra mediante:<\/h3><ul>\n<li>La arquitectura de las Comunicaciones Unificadas de Cisco, que proporciona administraci&oacute;n centralizada y procesamiento de llamadas (una IP PBX para varios sitios).<\/li>\n<li>La capacidad de integraci&oacute;n con los enrutadores de Cisco en sitios remotos para fines de copia de seguridad (sin necesidad de un box adicional en sitios remotos).<\/li>\n<li>La capacidad de integrar servicios de telefon&iacute;a con el Directorio Corporativo.<\/li>\n<li>La complementaci&oacute;n m&aacute;s sencilla de sitios nuevos y caracter&iacute;sticas nuevas en toda la organizaci&oacute;n, la reubicaci&oacute;n de todo un departamento y el desempe&ntilde;o general de las acciones \/ adiciones \/ ajustes diarios.<\/li>\n<li>La funci&oacute;n de movilidad de extensi&oacute;n: la capacidad de iniciar sesi&oacute;n en un tel&eacute;fono IP con su perfil completo (restricciones de llamadas, marcaciones r&aacute;pidas, etc.) que est&aacute; disponible en cualquier parte de la empresa. La movilidad de extensi&oacute;n se puede utilizar para la pol&iacute;tica de escritorio compartido y los trabajadores m&oacute;viles (lo que reduce la necesidad de puestos de trabajo) y ofrece importantes ahorros inmobiliarios.<\/li>\n<li>La reducci&oacute;n de costos de PSTN para comunicaciones internas. La telefon&iacute;a IP ofrece VoIP \/ bypass de peaje por dise&ntilde;o, utilizando la red corporativa WAN IP. POs lo cual, no hay necesidad de tarjetas de voz back-to-back en PBX y enrutadores, o agregar m&oacute;dulos de VoIP h&iacute;bridos con vida &uacute;til limitada. La capacidad para conectarse de forma nativa con proveedores de VoIP para llamadas externas m&aacute;s baratas.<\/li>\n<li>La soluci&oacute;n de Comunicaciones Unificadas de Cisco, ya que mantenemos y respaldamos UNA red convergente para Datos, V&iacute;deo, Voz &amp; amp. La soluci&oacute;n de extremo a extremo de Cisco ofrece capacidades incrustadas de integraci&oacute;n y colaboraci&oacute;n entre la infraestructura de red de datos (conmutadores, enrutadores, dispositivos de seguridad) y componentes de comunicaciones unificadas (tel&eacute;fonos IP y aplicaciones).<\/li>\n<li>Menores costos de cableado en el caso de un nuevo edificio: los tel&eacute;fonos IP ofrecen un interruptor integrado al que se puede conectar la PC del usuario para utilizar el mismo cable UTP para conectarse a la red de &aacute;rea local.<\/li>\n<\/ul><hr><h3>Transformar el negocio y mejorar la productividad:<\/h3><p>Una ventaja muy importante de la soluci&oacute;n de Comunicaciones Unificadas de Cisco (en comparaci&oacute;n con los sistemas PBX heredados) es que puede integrarse de manera f&aacute;cil y rentable con las aplicaciones de datos corporativos existentes, utilizando sus capacidades CTI \/ XML. Estos son algunos ejemplos de aplicaci&oacute;n:<\/p><ul>\n<li>Integraci&oacute;n de CRM (pantalla emergente del identificador de llamadas en el tel&eacute;fono o PC, haga clic para marcar, seguimiento de la duraci&oacute;n).<\/li>\n<li>Servicios de directorio (se puede acceder a los directorios de clientes \/ socios o tiendas desde tel&eacute;fonos IP, se incluyen las funciones de &lsquo;ver informaci&oacute;n &uacute;til&rsquo; y &lsquo;hacer clic para marcar&rsquo;). Por ejemplo, a un usuario corporativo se le puede proporcionar informaci&oacute;n como el rol, el edificio, el buz&oacute;n, los n&uacute;meros de tel&eacute;fono, el correo electr&oacute;nico, el departamento, etc.<\/li>\n<li>Directorios personales en el tel&eacute;fono (incluida una opci&oacute;n para sincronizar con Outlook).<\/li>\n<li>Integraci&oacute;n con clientes de terceros como MS Outlook e IBM Lotus al mismo tiempo.<\/li>\n<li>Noticias y anuncios corporativos en el tel&eacute;fono IP.<\/li>\n<li>Consultas de base de datos de tel&eacute;fonos IP (por ejemplo, verificaci&oacute;n de inventario).<\/li>\n<li>Posibilidad de programar salas de conferencias y reuniones desde el tel&eacute;fono IP.<\/li>\n<\/ul><hr><h2>Algunos ejemplos de tales caracter&iacute;sticas y aplicaciones son:<\/h2><h3>VIDEOTELEFON&Iacute;A<\/h3><p>La videotelefon&iacute;a (capacidades de video integradas con las funciones de telefon&iacute;a) ofrece comunicaciones mejoradas para los empleados, reducci&oacute;n de gastos de viaje y ahorro de tiempo valioso con un costo m&iacute;nimo, sin la necesidad de capacitaci&oacute;n del usuario (una llamada de video se puede hacer exactamente de la misma manera que una llamada de voz), m&iacute;nimos esfuerzos de administraci&oacute;n (mismo dialplan como voz). La soluci&oacute;n de Cisco ofrece una amplia gama de puntos finales de videoconferencia, y tambi&eacute;n la capacidad de integraci&oacute;n con las soluciones H323 y H320 existentes.<\/p><h3>MENSAJES UNIFICADOS<\/h3><p>Las soluciones de mensajer&iacute;a unificada ofrecen la posibilidad de recibir correo de voz en MS Outlook, Lotus Notes o cliente IMAP, o incluso a trav&eacute;s de un navegador web. Tambi&eacute;n se puede proporcionar integraci&oacute;n de fax con Outlook o Lotus Notes. La mensajer&iacute;a unificada mejora la productividad, ya que los usuarios pueden acceder a sus mensajes r&aacute;pidamente e independientemente de su ubicaci&oacute;n.<\/p><h3>SERVICIOS DE MOVILIDAD<\/h3><p>Teletrabajadores: los usuarios conectados a la red corporativa a trav&eacute;s de una conexi&oacute;n VPN, pueden utilizar aplicaciones de tel&eacute;fono virtual para mantener sus servicios de telefon&iacute;a de la misma manera que en el escritorio de su oficina. Los trabajadores m&oacute;viles, que se desplazan con frecuencia por el campus corporativo o incluso a trav&eacute;s de sitios, pueden utilizar las funciones de movilidad de extensi&oacute;n (descritas anteriormente), los softphones o los tel&eacute;fonos Wifi para mantener los servicios completos de telefon&iacute;a en cualquier momento. Los Softphones est&aacute;n disponibles para PC, laptops, pockets PC, PDA e incluso tel&eacute;fonos GSM. Las aplicaciones de comunicaciones unificadas de Cisco, Cisco Mobile Connect y Mobility Manager proporcionan integraci&oacute;n entre el mundo GSM y los servicios de telefon&iacute;a empresarial.<\/p><p>Cisco Mobile Connect ofrece la posibilidad de extender las llamadas seleccionadas que llegan al tel&eacute;fono de escritorio de un usuario a los n&uacute;meros GSM (o destinos alternativos si lo desea). La llamada sonar&aacute; simult&aacute;neamente en todos los destinos (tel&eacute;fono de escritorio, tel&eacute;fono m&oacute;vil, otro) para que el usuario, seg&uacute;n su ubicaci&oacute;n, pueda responder utilizando el dispositivo preferido. Esto mejora significativamente la accesibilidad del usuario a trav&eacute;s de un solo n&uacute;mero (tel&eacute;fono de escritorio).<\/p><p>Cisco Mobility Manager ofrece a sus usuarios que utilizan un tel&eacute;fono GPRS \/ 3G la capacidad de verificar la informaci&oacute;n de presencia de sus colegas, chatear con ellos, escuchar mensajes de correo de voz y revisar llamadas programadas en conferencias. En otras palabras, proporciona al usuario parte de la funcionalidad de su escritorio mientras uno est&aacute; fuera de la oficina y utiliza una conexi&oacute;n GPRS \/ 3G.<\/p><h3>SERVICIOS PAGIND DE AUDIO Y TEXTO <\/h3><p>Los usuarios pueden enviar mensajes de audio o de texto a los tel&eacute;fonos IP seleccionados (esto incluye noticias, anuncios, alertas de seguridad, etc.). Por ejemplo, un usuario puede ingresar un mensaje usando su navegador web y enviarlo a todos los usuarios del departamento de finanzas o a todos los usuarios en el primer piso del edificio A.<\/p><h3>CLIENTE COMUNICADOR PERSONAL UNIFICADO DE CISCO (CISCO UNIFIED PERSONAL COMMUNICATOR CLIENT)<\/h3><p>Cisco Unified Personal Communicator ofrece softphone, videotel&eacute;fono, mensajer&iacute;a instant&aacute;nea, informaci&oacute;n de presencia y el m&eacute;todo de contacto preferido, as&iacute; como servicios de directorio, acceso al correo de voz y servicios de conferencia web, todo desde una sola aplicaci&oacute;n en la PC \/ computadora port&aacute;til del usuario. La investigaci&oacute;n indica que los usuarios utilizan cada vez m&aacute;s servicios de videotelefon&iacute;a, mensajer&iacute;a instant&aacute;nea y conferencias de audio \/ web cuando estos servicios se pueden ofrecer de una manera f&aacute;cil para el usuario. Un usuario de Personal Communicator puede iniciar una conversaci&oacute;n de voz, escalarla a una videollamada o sesi&oacute;n de conferencia web (poder compartir presentaciones, documentos e invitar a m&aacute;s participantes) con un solo bot&oacute;n en su cliente. La mensajer&iacute;a integrada y el acceso al directorio integrado (buscar un usuario, hacer una llamada de audio, una llamada de video, una sesi&oacute;n de mensajer&iacute;a instant&aacute;nea o enviar un correo electr&oacute;nico con un solo clic), mejora significativamente la productividad del usuario. Este cliente tambi&eacute;n es ideal para trabajadores m&oacute;viles.<\/p><h3>SERVICIOS DE AUDIO \/ WEB \/ VIDEO CONFERENCIAS<\/h3><p>Estos servicios pueden mejorar enormemente los procesos de capacitaci&oacute;n corporativa y la colaboraci&oacute;n entre los empleados, ayudar a reducir el tiempo y procesar las ineficiencias en los procesos distribuidos globalmente, y reducir los gastos de viaje. Las aplicaciones de CU de Cisco ofrecen opciones para esto para conferencias de audio \/ web \/ video programadas , la capacidad de grabar una llamada de conferencia y enviarla a los usuarios que no pudieron asistir por correo electr&oacute;nico.<\/p><h3>CENTRO DE CONTACTO IP<\/h3><p>La Soluci&oacute;n de Centro de Contacto Unificado de Cisco proporciona flexibilidad ubicaci&oacute;n (agentes trav&eacute;s de la WAN, agentes PSTN, servicios IVR distribuidos), la redundancia mejorada (componentes Callcenter primarios y secundarios pueden ser distribuidos a trav&eacute;s de centros de datos o sitios diferentes), las capacidades de ACD e IVR integrados (sin necesidad de integraci&oacute;n de los diferentes sistemas), capacidades avanzadas de IVR IP para portales de voz (ciudadano o auto servicio al cliente), capacidades de integraci&oacute;n CTI para CRM y otras aplicaciones corporativas, as&iacute; como la posibilidad de a&ntilde;adir f&aacute;cilmente video, web, canales de interacci&oacute;n con el cliente de correo electr&oacute;nico.<\/p><h3>SEGURIDAD MEJORADA &ndash; AUTENTICACI&Oacute;N Y CIFRADO<\/h3><p>Soluci&oacute;n de comunicaciones unificadas Cisco proporciona la flexibilidad para cifrar los medios de comunicaci&oacute;n de voz y de se&ntilde;alizaci&oacute;n, y realizar la autenticaci&oacute;n de dispositivos sin necesidad de componentes adicionales o soluci&oacute;n redise&ntilde;o; las CU ofrecen un entorno seguro y fiable.<\/p><hr>\n","protected":false},"excerpt":{"rendered":"<p> BENEFICIOS DE DESPLEGAR LAS COMUNICACIONES UNIFICADAS DE CISCO <\/p>\n<p> La adopci\u00f3n de Comunicaciones Unificadas contin\u00faa aceler\u00e1ndose a medida que muchas empresas y organizaciones adoptan esta poderosa tecnolog\u00eda co&#8230;<\/p>\n","protected":false},"author":1,"featured_media":0,"parent":417,"menu_order":0,"comment_status":"closed","ping_status":"closed","template":"","meta":[],"acf":[],"aioseo_notices":[],"_links":{"self":[{"href":"https:\/\/www.iptp.us\/es_ES\/wp-json\/wp\/v2\/pages\/423"}],"collection":[{"href":"https:\/\/www.iptp.us\/es_ES\/wp-json\/wp\/v2\/pages"}],"about":[{"href":"https:\/\/www.iptp.us\/es_ES\/wp-json\/wp\/v2\/types\/page"}],"author":[{"embeddable":true,"href":"https:\/\/www.iptp.us\/es_ES\/wp-json\/wp\/v2\/users\/1"}],"replies":[{"embeddable":true,"href":"https:\/\/www.iptp.us\/es_ES\/wp-json\/wp\/v2\/comments?post=423"}],"version-history":[{"count":143,"href":"https:\/\/www.iptp.us\/es_ES\/wp-json\/wp\/v2\/pages\/423\/revisions"}],"predecessor-version":[{"id":36023,"href":"https:\/\/www.iptp.us\/es_ES\/wp-json\/wp\/v2\/pages\/423\/revisions\/36023"}],"up":[{"embeddable":true,"href":"https:\/\/www.iptp.us\/es_ES\/wp-json\/wp\/v2\/pages\/417"}],"wp:attachment":[{"href":"https:\/\/www.iptp.us\/es_ES\/wp-json\/wp\/v2\/media?parent=423"}],"curies":[{"name":"wp","href":"https:\/\/api.w.org\/{rel}","templated":true}]}}