{"id":410,"date":"2016-10-07T19:35:07","date_gmt":"2016-10-07T16:35:07","guid":{"rendered":"https:\/\/web-mng.iptp.com\/?page_id=410"},"modified":"2026-03-30T13:59:37","modified_gmt":"2026-03-30T10:59:37","slug":"colocation","status":"publish","type":"page","link":"https:\/\/www.iptp.us\/es_ES\/network\/datacenter-services\/colocation\/","title":{"rendered":"Colocaci\u00f3n"},"content":{"rendered":"<p><!--\n\n<div class=\"section section-hero section-page section-dedicate-hosting\" style=\"--background:url('\/wp-content\/uploads\/bg-colocation.png')\">\n  \n\n<div class=\"inner\">\n    \n\n<div class=\"text-block\">\n      \n\n<h1>\n        Colocaci&oacute;n\n      <\/h1>\n\n\n      \n\n<h2>\n        Our colocation hosting in top-tier data centers offers the perfect blend of high-speed connectivity and low latency, ideal for businesses seeking advanced IT performance\n      <\/h2>\n\n\n      \n\n<p class=\"pt-3\">\n        <a href=\"https:\/\/www.iptp.us\/es_ES\/request-a-quote\/?post=410\" class=\"btn-primary-rounded-pill d-inline-block\">Solicitar presupuesto<\/a>\n      <\/p>\n\n\n    <\/div>\n\n\n    \n\n<div class=\"img-block\">\n      <img  decoding=\"async\" loading=\"lazy\"  class=\"lazy aligncenter size-full wp-image-30030\" src=\"data:image\/gif;base64,R0lGODlhAQABAAD\/ACwAAAAAAQABAAACADs=\"  alt=\"colocation hosting\" width=\"600\" height=\"400\"  data-src=\"\/wp-content\/uploads\/colocation.png\"  \/><noscript><img decoding=\"async\" loading=\"lazy\" src=\"\/wp-content\/uploads\/colocation.png\" alt=\"colocation hosting\" width=\"600\" height=\"400\" class=\"aligncenter size-full wp-image-30030\" \/><\/noscript>\n    <\/div>\n\n\n  <\/div>\n\n\n<\/div>\n\n--><\/p><div class=\"section\">\n<div class=\"inner\">\n<div class=\"subtitle\" style=\"display: none\"><span>Overview<\/span><\/div>\n<h3>\n      Colocation Hosting in Top-Tier Data Centers<br>\n    <\/h3>\n<p>\n      Tenemos Colocation (colocaci&oacute;n) en varios centros de datos en Asia, Medio Oriente, &Aacute;frica, Ocean&iacute;a, Europa y Estados Unidos. Los paquetes de ubicaci&oacute;n de IPTP Networks le brindan la oportunidad de configurar su propio equipo en un centro de datos especialmente equipado y conectarlo a Internet de alta velocidad.\n    <\/p>\n<p class=\"pt-3 mb-0 text-center-mobile\">\n      <a href=\"#\" class=\"btn-outline-bottom --gray js_btn_request_form_all\">Solicitar presupuesto<\/a>\n    <\/p>\n<\/div>\n<\/div><div class=\"section bg-gray\">\n<div class=\"inner\">\n<div class=\"subtitle text-center\"><span>Advantages<\/span><\/div>\n<h2 class=\"text-center\">\n      Colocation Advantages<br>\n    <\/h2>\n<p class=\"common-text-16 text-center\">\n      Los servicios de colocaci&oacute;n de centros de datos de IPTP Networks demostraron ser efectivos para organizaciones en una amplia gama de industrias\n    <\/p>\n<div class=\"row row-cols-1 row-cols-md-2 row-cols-lg-2 gx-md-5 gy-md-3 gy-3 mb-3 mt-3\">\n<div class=\"col\">\n<div class=\"text-border-left\">\n<p class=\"common-text-14 pt-2\">\n            Empresas de medios, corporaciones financieras, banca y forex\n          <\/p>\n<\/div>\n<\/div>\n<div class=\"col\">\n<div class=\"text-border-left\">\n<p class=\"common-text-14 pt-2\">\n            Sitios de misi&oacute;n cr&iacute;tica que requieren administraci&oacute;n personalizada del servidor\n          <\/p>\n<\/div>\n<\/div>\n<div class=\"col\">\n<div class=\"text-border-left\">\n<p class=\"common-text-14 pt-2\">\n            Plataformas comerciales automatizadas, medios de transmisi&oacute;n y otras aplicaciones cr&iacute;ticas de gran ancho de banda que requieren niveles ultra altos de seguridad y disponibilidad\n          <\/p>\n<\/div>\n<\/div>\n<div class=\"col\">\n<div class=\"text-border-left\">\n<p class=\"common-text-14 pt-2\">\n            Ubicaciones certificadas y puntos de presencia PCI DSS (Est&aacute;ndar de seguridad de datos de la industria de tarjetas de pago), dedicadas a las compa&ntilde;&iacute;as involucradas en el manejo y almacenamiento de informaci&oacute;n de titulares de tarjetas para todas las principales compa&ntilde;&iacute;as de tarjetas de d&eacute;bito \/ cr&eacute;dito\n          <\/p>\n<\/div>\n<\/div>\n<\/div>\n<p class=\"pt-3 mb-0 text-center\">\n      <a href=\"#\" class=\"btn-outline-primary --gray js_btn_request_form_all\">Solicitar presupuesto<\/a>\n    <\/p>\n<\/div>\n<\/div><div class=\"section\">\n<div class=\"inner\" style=\"padding-bottom: 30px;\">\n<div class=\"subtitle text-center\"><span>Locations<\/span><\/div>\n<h2 class=\"text-center\">\n\t\t\tPontos de presen&ccedil;a IPTP Networks<br>\n\t\t<\/h2>\n<\/div>\n<div class=\"poplist-map\">\n\t\t\t\t<!-- map_contact 2 -->\r\n\r\n\t\t\r\n\t\t\t\r\n\t \t\t<div class=\"box-map-contact\">\r\n\t         \t<img class=\"map_contact_69d0bcaa6e7c1 text-center w-100 disabled-lazy\" src=\"https:\/\/www.iptp.us\/wp-content\/uploads\/map4.png\" alt=\"Map\">\r\n\t      \t<\/div>\r\n\r\n\t\t      \t\r\n      \t\t\r\n      \t\t\t\r\n\t\t\n    <\/div>\n<div class=\"inner\">\n<h5 class=\"text-center\">\n\t\t\tWe are offering Dedicated Hosting and Internet Access Ports (IP Transit),<br>\n\t\t\twith up to 100Gbps uplink ports in the following locations:<br>\n\t\t<\/h5>\n<div class=\"pop-section\">\n\t\t\t\t\r\n\r\n\r\n\r\n\t<div class=\"load-ajax-69d0bcaa6e860\"><\/div>\r\n\r\n\r\n\r\n\n\t\t<\/div>\n<div class=\"w900\">\n<p class=\"text-12-gray\"><sup class=\"text-secondary\">*<\/sup> &ndash; special conditions may apply<\/p>\n<\/div>\n<\/div>\n<\/div><div class=\"section bg-dark-gray\">\n<div class=\"inners\">\n<div class=\"block-promo\">\n<div class=\"block-promo__img\">\n<div class=\"block-promo__img-wrapper\" style=\"--background:url('\/wp-content\/uploads\/colocation-center.jpg')\"><img decoding=\"async\" loading=\"lazy\" class=\"lazy aligncenter d-none size-full wp-image-30054\" src=\"data:image\/gif;base64,R0lGODlhAQABAAD\/ACwAAAAAAQABAAACADs=\" alt=\"Colocation hosting\" width=\"359\" height=\"360\" data-src=\"\/wp-content\/uploads\/devops.png\"><noscript><img decoding=\"async\" loading=\"lazy\" src=\"data:image\/gif;base64,R0lGODlhAQABAIAAAAAAAP\/\/\/ywAAAAAAQABAAACAUwAOw==\" alt=\"Colocation hosting\" width=\"359\" height=\"360\" class=\"aligncenter d-none size-full wp-image-30054 lazy\" data-src=\"\/wp-content\/uploads\/devops.png\"><\/noscript><\/div>\n<\/div>\n<div class=\"block-promo__content\">\n<div class=\"subtitle\"><span>Why We<\/span><\/div>\n<h4>As a service provider, IPTP Networks is oriented on delivering of IaaS (Infrastructure as a Service) to help your business grow stronger. Our points of presence are equipped with edge servers which are intended to provide better and faster performances.<\/h4>\n<p class=\"mb-0 text-center-mobile\">\n          <a href=\"#\" class=\"btn-outline-primary --white-gray js_btn_request_form_all\">Solicitar presupuesto<\/a>\n        <\/p>\n<\/div>\n<\/div>\n<\/div>\n<\/div><div class=\"section bg-gray\">\n<div class=\"inner\">\n<div class=\"subtitle text-center\"><span>Benefits<\/span><\/div>\n<h2 class=\"text-center\">\n      Benefits Of Colocation Solutions<br>\n    <\/h2>\n<div class=\"row row-cols-1 row-cols-md-2 row-cols-lg-2 gx-md-5 gy-md-3 gy-3 mb-3 mt-3\">\n<div class=\"col\">\n<div class=\"text-border-left\">\n          <span class=\"common-text-20--bold\">Physical Security<\/span>\n<p class=\"common-text-14 pt-2\">\n            We provide higher levels of physical protection and enforce stringent measures for securing data\n          <\/p>\n<\/div>\n<\/div>\n<div class=\"col\">\n<div class=\"text-border-left\">\n          <span class=\"common-text-20--bold\">Flexibility<\/span>\n<p class=\"common-text-14 pt-2\">\n            Fully customizable, upgradeable and configurable to your specific needs\n          <\/p>\n<\/div>\n<\/div>\n<div class=\"col\">\n<div class=\"text-border-left\">\n          <span class=\"common-text-20--bold\">Low Latency Connectivity<\/span>\n        <\/div>\n<\/div>\n<div class=\"col\">\n<div class=\"text-border-left\">\n          <span class=\"common-text-20--bold\">Availability at Most Desired PoPs<\/span>\n<p class=\"common-text-14 pt-2\">\n            Exceptional connectivity worldwide via IPTP Networks backbone\n          <\/p>\n<\/div>\n<\/div>\n<div class=\"col\">\n<div class=\"text-border-left\">\n          <span class=\"common-text-20--bold\">Reliability<\/span>\n<p class=\"common-text-14 pt-2\">\n            Colocation facilities offer server cooling systems, power and communication systems that ensure constant connection\n          <\/p>\n<\/div>\n<\/div>\n<div class=\"col\">\n<div class=\"text-border-left\">\n          <span class=\"common-text-20--bold\">Exclusive Bandwidth Rated<\/span>\n<p class=\"common-text-14 pt-2\">\n            Rock-solid, 100% guaranteed Internet bandwidth of either 100, 1000 or 10000 Mb\/s ports\n          <\/p>\n<\/div>\n<\/div>\n<\/div>\n<p class=\"pt-3 mb-0 text-center\">\n      <a href=\"#\" class=\"btn-outline-primary --gray js_btn_request_form_all\">Solicitar presupuesto<\/a>\n    <\/p>\n<\/div>\n<\/div><div class=\"section\">\n<div class=\"inner\">\n<div class=\"subtitle text-center\"><span>Features<\/span><\/div>\n<h2 class=\"text-center\">\n\t  Caracter&iacute;sticas Principais<br>\n    <\/h2>\n<ul class=\"list-disc mb-3\">\n<li>\n<p>Amplia gama de servidores Supermicro previamente probados y listos para el servicio<\/p>\n<\/li>\n<li>\n<p>Internet s&oacute;lido, 100% garantizado de ancho de banda de 1000 o 10000 Mbps<\/p>\n<\/li>\n<li>\n<p>Actualizaciones gratuitas de parches, revisiones y paquetes de servicios<\/p>\n<\/li>\n<li>\n<p>Puerto de administraci&oacute;n remota de energ&iacute;a a trav&eacute;s de APC PDU<\/p>\n<\/li>\n<li>\n<p>Asistencia t&eacute;cnica en vivo las 24 horas, los 7 d&iacute;as de la semana (tiempo de espera cero)<\/p>\n<\/li>\n<li>\n<p>Portal del cliente que permite acceder a informes de rendimiento en tiempo real y funciones de facturaci&oacute;n<\/p>\n<\/li>\n<li>\n<p>Conectividad mundial excepcional a trav&eacute;s del backbone de IPTP Networks<\/p>\n<\/li>\n<li>\n<p>Seguridad l&iacute;der en la industria<\/p>\n<\/li>\n<li>\n<p>Personalmente personalizable, actualizable y configurable para su modelo de negocio espec&iacute;fico<\/p>\n<\/li>\n<li>\n<p>Todo el equipo de red es proporcionado por Cisco y cuenta con el respaldo de nuestros ingenieros certificados<\/p>\n<\/li>\n<li>\n<p>Control remoto completo del equipo v&iacute;a IPMI v2.0<\/p>\n<\/li>\n<\/ul>\n<h3 class=\"text-center mb-5\">\n      Opcional<br>\n    <\/h3>\n<ul class=\"list-disc mb-3\">\n<li>\n<p>Circuitos de linha privada internacional de baixa lat&ecirc;ncia ou EoMPLS para qualquer local do mundo fornecem conectividade sem interrup&ccedil;&otilde;es<\/p>\n<\/li>\n<li>\n<p>Solu&ccedil;&otilde;es personalizadas de rede privada virtual<\/p>\n<\/li>\n<li>\n<p>Ativando redes CDN e Cloud<\/p>\n<\/li>\n<li>\n<p>Assist&ecirc;ncia e gerenciamento de solu&ccedil;&otilde;es de virtualiza&ccedil;&atilde;o RHEV \/ VMWare \/ Xen \/ Hyper-V \/ OpenStack<\/p>\n<\/li>\n<li>\n<p>Ampla gama de solu&ccedil;&otilde;es de armazenamento da EMC<\/p>\n<\/li>\n<li>\n<p>Mesmo endere&ccedil;o IP em locais diferentes para distribui&ccedil;&atilde;o de recursos global de &uacute;ltima gera&ccedil;&atilde;o<\/p>\n<\/li>\n<li>\n<p>O gerenciamento completo e a administra&ccedil;&atilde;o de equipamentos hospedados eliminam a necessidade do departamento de TI interno<\/p>\n<\/li>\n<li>\n<p>Configura&ccedil;&atilde;o de equipamento no mesmo dia<\/p>\n<\/li>\n<\/ul><\/div>\n<\/div><div class=\"section section-banner\">\r\n    <div class=\"inner text-center\">\r\n            <div class=\"subtitle\"><span>Solicitar presupuesto<\/span><\/div>\r\n                <h2>Ready to Get Started?<\/h2>\r\n                    <p class=\"pt-3 mb-0\">\r\n            <!-- <a href=\"https:\/\/www.iptp.us\/es_ES\/request-a-quote\/?post=410\" class=\"btn-primary-rounded-pill d-inline-block\">Solicitar presupuesto<\/a> -->\r\n            <a href=\"#\" class=\"btn-primary-rounded-pill d-inline-block js_btn_request_form_all\">Solicitar presupuesto<\/a>\r\n        <\/p>\r\n        <\/div>\r\n<\/div>\n","protected":false},"excerpt":{"rendered":"<p>  Tenemos Colocation (colocaci\u00f3n) en varios centros de datos en Asia, Medio Oriente, \u00c1frica, Ocean\u00eda, Europa y Estados Unidos.  Los paquetes de ubicaci\u00f3n de IPTP Networks le br&#8230;<\/p>\n","protected":false},"author":1,"featured_media":0,"parent":18393,"menu_order":0,"comment_status":"closed","ping_status":"closed","template":"template-inner-page.php","meta":[],"acf":[],"aioseo_notices":[],"_links":{"self":[{"href":"https:\/\/www.iptp.us\/es_ES\/wp-json\/wp\/v2\/pages\/410"}],"collection":[{"href":"https:\/\/www.iptp.us\/es_ES\/wp-json\/wp\/v2\/pages"}],"about":[{"href":"https:\/\/www.iptp.us\/es_ES\/wp-json\/wp\/v2\/types\/page"}],"author":[{"embeddable":true,"href":"https:\/\/www.iptp.us\/es_ES\/wp-json\/wp\/v2\/users\/1"}],"replies":[{"embeddable":true,"href":"https:\/\/www.iptp.us\/es_ES\/wp-json\/wp\/v2\/comments?post=410"}],"version-history":[{"count":553,"href":"https:\/\/www.iptp.us\/es_ES\/wp-json\/wp\/v2\/pages\/410\/revisions"}],"predecessor-version":[{"id":39404,"href":"https:\/\/www.iptp.us\/es_ES\/wp-json\/wp\/v2\/pages\/410\/revisions\/39404"}],"up":[{"embeddable":true,"href":"https:\/\/www.iptp.us\/es_ES\/wp-json\/wp\/v2\/pages\/18393"}],"wp:attachment":[{"href":"https:\/\/www.iptp.us\/es_ES\/wp-json\/wp\/v2\/media?parent=410"}],"curies":[{"name":"wp","href":"https:\/\/api.w.org\/{rel}","templated":true}]}}