{"id":396,"date":"2016-10-07T19:27:41","date_gmt":"2016-10-07T16:27:41","guid":{"rendered":"https:\/\/web-mng.iptp.com\/?page_id=396"},"modified":"2026-01-14T09:52:01","modified_gmt":"2026-01-14T06:52:01","slug":"ix-transit","status":"publish","type":"page","link":"https:\/\/www.iptp.us\/es_ES\/internet-access\/ix-transit\/","title":{"rendered":"IX Transit (Tr\u00e1nsito IX)"},"content":{"rendered":"<p>IX Transit es un servicio que permite conectarse a los miembros de los intercambios de Internet a trav&eacute;s de nuestra red y beneficiarse del costo, la latencia y el ancho de banda. Tr&aacute;nsito IX (&oacute; IX Transit) le permite llegar a todos los principales intercambios de Internet a trav&eacute;s de un solo puerto. Hemos establecido m&aacute;s de [BGP] sesiones de BGP y estamos intercambiando tr&aacute;fico con casi 1000 ISP Tier2 y Tier1 que en realidad proporcionan m&aacute;s de [prefixes] prefijos y, de manera afectiva, m&aacute;s del 60% del tr&aacute;fico se realiza a trav&eacute;s de enlaces de interconexi&oacute;n. Se puede obtener informaci&oacute;n detallada a trav&eacute;s del<a href=\"https:\/\/www.iptp.us\/es_ES\/iptp-tools\/lg\/\"> Looking Glass<\/a> (espejo) y de <a href=\"http:\/\/as41095.peeringdb.com\/\" target=\"_blank\" rel=\"nofollow noopener\">PeeringDB.<\/a> Estamos conectados a todos los principales puntos de intercambio internacionales de Internet: AMS-IX, CoreSite Any2, DE-CIX, EQ-IX, LINX, NetNod, Dtel-IX, BBIX, JPIX, JPNAP, JBIX, SH-IX y muchos m&aacute;s.<\/p><p><img decoding=\"async\" class=\"mt-2 mb-2 lazy\" src=\"data:image\/gif;base64,R0lGODlhAQABAIAAAAAAAP\/\/\/ywAAAAAAQABAAACAUwAOw==\" alt=\"ixtransit\" data-src=\"\/wp-content\/uploads\/ixtransit-3.svg\"><\/p><!-- map_contact 2 --><div class=\"box-map-contact position-relative\" id=\"map-map_contact_69d0bc5b14d1e\">\r\n                <img class=\"map_contact_69d0bc5b14d1e text-center w-100 disabled-lazy\" src=\"https:\/\/www.iptp.us\/wp-content\/uploads\/map4.png\" alt=\"Image\">\r\n                <button style=\"z-index: 2\" class=\"btn-modal-toggle-js btn-toggle-modal-css btn btn-primary\"><i class=\"fa fa-arrows-alt\" aria-hidden=\"true\"><\/i><\/button>\r\n            <\/div><!-- add full zoom --><div class=\"pos-full-width weathermap div-toggle-js \" align=\"center\"><button class=\"btn-modal-toggle-js btn-toggle-modal-css btn btn-primary\"><i class=\"fa fa-close\" aria-hidden=\"true\"><\/i><\/button><div class=\"position-relative mx-auto\" style=\"max-width: 80vw\" align=\"center\"><img class=\"large-map_contact_69d0bc5b14d1e lazy\" src=\"data:image\/gif;base64,R0lGODlhAQABAIAAAAAAAP\/\/\/ywAAAAAAQABAAACAUwAOw==\" alt=\"Image\" data-src=\"https:\/\/www.iptp.us\/wp-content\/uploads\/map4.png\"><\/div>\r\n\t\t\t<\/div><h5>MAIN BENEFITS OF Exchange Transit ( IX Transit ) <\/h5><ul>\n<li>Baja latencia para las aplicaciones<\/li>\n<li>Mejores Costos<\/li>\n<li>El tr&aacute;fico nacional de la regi&oacute;n \/ pa&iacute;s espec&iacute;fico no se puede monitorear fuera de su &aacute;rea<\/li>\n<li>Introducci&oacute;n de nuevas tecnolog&iacute;as. (IPv6, RPKI, etc)<\/li>\n<\/ul><h5>IX TRANSIT REMOTO<\/h5><p>El servicio IX Transit Remoto se puede usar en combinaci&oacute;n con IP Transit o como un servicio de IX Transit independiente para adquirir rutas remotas espec&iacute;ficas de la regi&oacute;n. Similar al servicio IX Transit, el IX Transit Remoto ofrece una cantidad equivalente de prefijos (aproximadamente [prefixes]) y se puede personalizar usando el alcance del conjunto de la comunidad BGP. En este escenario, se inicia una sesi&oacute;n BGP con un enrutador remoto a trav&eacute;s de un enlace L2 MPLS. Este proceso permite la adquisici&oacute;n de rutas regionales espec&iacute;ficas deseadas y facilita una ingenier&iacute;a de tr&aacute;fico m&aacute;s completa a escala global.<\/p><h5>LISTA DE INTERCAMBIOS DE INTERNET DISPONIBLES para tr&aacute;nsito: <\/h5><p>IPTP Networks mantiene presencia en los siguientes intercambios de Internet:<\/p><ul class=\"list-col\">\n<li><a href=\"https:\/\/www.peeringdb.com\/ix\/26\" target=\"_blank\" rel=\"nofollow noopener\">&Aacute;msterdam (AMS-IX)<\/a><\/li>\n<li><a href=\"https:\/\/www.peeringdb.com\/ix\/22\" target=\"_blank\" rel=\"nofollow noopener\">Atlanta Telx TIE <\/a><\/li>\n<li><a href=\"https:\/\/www.peeringdb.com\/ix\/1\" target=\"_blank\" rel=\"nofollow noopener\">Ashburn Equinix<\/a><\/li>\n<li><a href=\"https:\/\/www.peeringdb.com\/ix\/909\" target=\"_blank\" rel=\"nofollow noopener\">BBIX Hong Kong \/ Singapore<\/a><\/li>\n<li><a href=\"https:\/\/www.peeringdb.com\/ix\/142\" target=\"_blank\" rel=\"nofollow noopener\">California \/ CoreSite &ndash; Any2<\/a><\/li>\n<li><a href=\"https:\/\/www.peeringdb.com\/ix\/142\" target=\"_blank\" rel=\"nofollow noopener\">Los &Aacute;ngeles &ndash; Any2<\/a><\/li>\n<li><a href=\"https:\/\/www.peeringdb.com\/ix\/597\" target=\"_blank\" rel=\"nofollow noopener\">Ciudad el Cabo- NAP Africa<\/a><\/li>\n<li><a href=\"https:\/\/www.peeringdb.com\/ix\/2\" target=\"_blank\" rel=\"nofollow noopener\">Chicago Equinix <\/a><\/li>\n<li><a href=\"https:\/\/www.peeringdb.com\/ix\/3\" target=\"_blank\" rel=\"nofollow noopener\">Dallas Equinix<\/a><\/li>\n<li><a href=\"https:\/\/www.peeringdb.com\/ix\/125\" target=\"_blank\" rel=\"nofollow noopener\">Hong Kong Equinix<\/a><\/li>\n<li><a href=\"https:\/\/www.peeringdb.com\/ix\/42\" target=\"_blank\" rel=\"nofollow noopener\">Hong Kong (HKIX)<\/a><\/li>\n<li><a href=\"https:\/\/www.peeringdb.com\/ix\/31\" target=\"_blank\" rel=\"nofollow noopener\">Fr&aacute;nkfort (DE-CIX)<\/a><\/li>\n<li><a href=\"https:\/\/www.peeringdb.com\/ix\/18\" target=\"_blank\" rel=\"nofollow noopener\">Londres (LINX)<\/a><\/li>\n<li><a href=\"https:\/\/www.peeringdb.com\/ix\/4\" target=\"_blank\" rel=\"nofollow noopener\">Los &Aacute;ngeles Equinix<\/a><\/li>\n<li><a href=\"https:\/\/www.peeringdb.com\/ix\/63\" target=\"_blank\" rel=\"nofollow noopener\">Madrid (ESPANIX)<\/a><\/li>\n<li><a href=\"https:\/\/www.peeringdb.com\/ix\/17\" target=\"_blank\" rel=\"nofollow noopener\">Miami &ndash; NAP de las Am&eacute;ricas<\/a><\/li>\n<li><a href=\"https:\/\/www.peeringdb.com\/ix\/35\" target=\"_blank\" rel=\"nofollow noopener\">Mil&aacute;n (MIX-IT)<\/a><\/li>\n<li><a href=\"https:\/\/www.peeringdb.com\/ix\/804\" target=\"_blank\" rel=\"nofollow noopener\">Nueva York (DE-CIX)<\/a><\/li>\n<li><a href=\"https:\/\/www.peeringdb.com\/ix\/12\" target=\"_blank\" rel=\"nofollow noopener\">Nueva York Equinix<\/a><\/li>\n<li><a href=\"https:\/\/www.peeringdb.com\/ix\/325\" target=\"_blank\" rel=\"nofollow noopener\">Nueva York Telx TIE<\/a><\/li>\n<li><a href=\"https:\/\/www.peeringdb.com\/ix\/14\" target=\"_blank\" rel=\"nofollow noopener\">Nueva York (NYIIX )<\/a><\/li>\n<li><a href=\"https:\/\/www.peeringdb.com\/ix\/255\" target=\"_blank\" rel=\"nofollow noopener\">Paris Equinix<\/a><\/li>\n<li><a href=\"https:\/\/www.peeringdb.com\/ix\/13\" target=\"_blank\" rel=\"nofollow noopener\">Seattle (SIX)<\/a><\/li>\n<li><a href=\"https:\/\/www.peeringdb.com\/ix\/158\" target=\"_blank\" rel=\"nofollow noopener\">Singapur Equinix <\/a><\/li>\n<li><a href=\"https:\/\/www.peeringdb.com\/ix\/429\" target=\"_blank\" rel=\"nofollow noopener\">Singapur (SGIX)<\/a><\/li>\n<li><a href=\"https:\/\/www.peeringdb.com\/ix\/167\" target=\"_blank\" rel=\"nofollow noopener\">Tokio Equinix <\/a><\/li>\n<li><a href=\"https:\/\/www.peeringdb.com\/ix\/95\" target=\"_blank\" rel=\"nofollow noopener\"> JPNAP Tokio <\/a><\/li>\n<li>JPNAP Tokio 2<\/li>\n<li><a href=\"https:\/\/www.peeringdb.com\/ix\/24\" target=\"_blank\" rel=\"nofollow noopener\">Toronto ( )<\/a><\/li>\n<li><a href=\"https:\/\/www.peeringdb.com\/fac\/365\" target=\"_blank\" rel=\"nofollow noopener\">Kiev (DTEL-IX)<\/a><\/li>\n<li><a href=\"https:\/\/www.peeringdb.com\/ix\/29\" target=\"_blank\" rel=\"nofollow noopener\">Z&uacute;rich Equinix<\/a><\/li>\n<\/ul><p>Pronto estaremos en los siguientes intercambios de internet:<\/p><ul>\n<li><a href=\"https:\/\/www.peeringdb.com\/ix\/359\" target=\"_blank\" rel=\"nofollow noopener\">Paris (France-IX)<\/a><\/li>\n<li><a href=\"https:\/\/www.peeringdb.com\/fac\/687\" target=\"_blank\" rel=\"nofollow noopener\">Turquia<\/a><\/li>\n<\/ul><p>Estamos ofreciendo Internet Exchange Transit (IX Transit), con un ancho de banda de 100Mbps hasta 10Gbps, desde las siguientes ubicaciones:<\/p><ul class=\"list-col\">\n<li><a href=\"https:\/\/www.peeringdb.com\/fac\/60\" target=\"_blank\" rel=\"nofollow noopener\">Ancotel Fr&aacute;nkfort<\/a><\/li>\n<li><a href=\"https:\/\/www.peeringdb.com\/fac\/389\" target=\"_blank\" rel=\"nofollow noopener\">CoreSite &ndash; DE1 <\/a><\/li>\n<li><a href=\"https:\/\/www.peeringdb.com\/fac\/19\" target=\"_blank\" rel=\"nofollow noopener\">CoreSite &ndash; One Wilshire (LA1)<\/a><\/li>\n<li><a href=\"https:\/\/www.peeringdb.com\/fac\/363\" target=\"_blank\" rel=\"nofollow noopener\">CoreSite &ndash; LA2 <\/a><\/li>\n<li><a href=\"https:\/\/www.peeringdb.com\/fac\/375\" target=\"_blank\" rel=\"nofollow noopener\">Equinix &Aacute;msterdam (AM1)<\/a><\/li>\n<li><a href=\"https:\/\/www.peeringdb.com\/fac\/1320\" target=\"_blank\" rel=\"nofollow noopener\">Equinix &Aacute;msterdam (AM3) <\/a><\/li>\n<li><a href=\"https:\/\/www.peeringdb.com\/fac\/1\" target=\"_blank\" rel=\"nofollow noopener\">Equinix Ashburn (DC1-DC11)<\/a><\/li>\n<li><a href=\"https:\/\/www.peeringdb.com\/fac\/7\" target=\"_blank\" rel=\"nofollow noopener\">Equinix Chicago (CH1\/CH2) <\/a><\/li>\n<li><a href=\"https:\/\/www.peeringdb.com\/fac\/4\" target=\"_blank\" rel=\"nofollow noopener\">Equinix Dallas (DA1)<\/a><\/li>\n<li><a href=\"https:\/\/www.peeringdb.com\/fac\/69\" target=\"_blank\" rel=\"nofollow noopener\">Equinix Dallas (DA3)<\/a><\/li>\n<li><a href=\"https:\/\/www.peeringdb.com\/fac\/60\" target=\"_blank\" rel=\"nofollow noopener\">Equinix Fr&aacute;nkfort KleyerStrasse (FR5)<\/a><\/li>\n<li><a href=\"https:\/\/www.peeringdb.com\/fac\/170\" target=\"_blank\" rel=\"nofollow noopener\">Equinix Hong Kong (HK1)<\/a><\/li>\n<li><a href=\"https:\/\/www.peeringdb.com\/fac\/399\" target=\"_blank\" rel=\"nofollow noopener\">Equinix Londres Slough (LD4)<\/a><\/li>\n<li><a href=\"https:\/\/www.peeringdb.com\/fac\/832\" target=\"_blank\" rel=\"nofollow noopener\">Equinix Londres Slough (LD5)<\/a><\/li>\n<li><a href=\"https:\/\/www.peeringdb.com\/fac\/8\" target=\"_blank\" rel=\"nofollow noopener\">Equinix Los &Aacute;ngeles (LA1) <\/a><\/li>\n<li><a href=\"https:\/\/www.peeringdb.com\/fac\/282\" target=\"_blank\" rel=\"nofollow noopener\">Equinix Singapur<\/a><\/li>\n<li><a href=\"https:\/\/www.peeringdb.com\/fac\/452\" target=\"_blank\" rel=\"nofollow noopener\">Equinix Tokio (TY2)<\/a><\/li>\n<li><a href=\"https:\/\/www.peeringdb.com\/fac\/82\" target=\"_blank\" rel=\"nofollow noopener\">Equinix Zurich (ZH1)<\/a><\/li>\n<li><a href=\"https:\/\/www.peeringdb.com\/fac\/83\" target=\"_blank\" rel=\"nofollow noopener\">Equinix Z&uacute;rich (ZH2)<\/a><\/li>\n<li><a href=\"https:\/\/www.peeringdb.com\/fac\/833\" target=\"_blank\" rel=\"nofollow noopener\">Equinix Z&uacute;rich (ZH4)<\/a><\/li>\n<li><a href=\"https:\/\/www.peeringdb.com\/fac\/121\" target=\"_blank\" rel=\"nofollow noopener\">Espanix Mesena 80<\/a><\/li>\n<li><a href=\"https:\/\/www.peeringdb.com\/fac\/388\" target=\"_blank\" rel=\"nofollow noopener\">Global Switch Singapur <\/a><\/li>\n<li><a href=\"https:\/\/www.peeringdb.com\/fac\/81\" target=\"_blank\" rel=\"nofollow noopener\">InterXion Zurich \/ Glattbrugg <\/a><\/li>\n<li><a href=\"https:\/\/www.peeringdb.com\/fac\/1314\" target=\"_blank\" rel=\"nofollow noopener\">Matrix 4<\/a><\/li>\n<li><a href=\"https:\/\/www.peeringdb.com\/fac\/225\" target=\"_blank\" rel=\"nofollow noopener\">MEGA iAdvantage Hong Kong <\/a><\/li>\n<li><a href=\"https:\/\/www.peeringdb.com\/fac\/864\" target=\"_blank\" rel=\"nofollow noopener\">MIX <\/a><\/li>\n<li><a href=\"https:\/\/www.peeringdb.com\/fac\/808\" target=\"_blank\" rel=\"nofollow noopener\">NewTelco Frankfurt <\/a><\/li>\n<li><a href=\"https:\/\/www.peeringdb.com\/fac\/365\" target=\"_blank\" rel=\"nofollow noopener\">NewTelco Kiev <\/a><\/li>\n<li><a href=\"https:\/\/www.peeringdb.com\/fac\/598\" target=\"_blank\" rel=\"nofollow noopener\">NTT DATA Tokio <\/a><\/li>\n<li><a href=\"https:\/\/www.peeringdb.com\/fac\/18\" target=\"_blank\" rel=\"nofollow noopener\">NIKHEF &Aacute;msterdam<\/a><\/li>\n<li><a href=\"https:\/\/www.peeringdb.com\/fac\/104\" target=\"_blank\" rel=\"nofollow noopener\">SARA &Aacute;msterdam<\/a><\/li>\n<li><a href=\"https:\/\/www.peeringdb.com\/fac\/226\" target=\"_blank\" rel=\"nofollow noopener\">SFR Netcenter Marseille<\/a><\/li>\n<p>    <!-- \n\n<li><a href=\"https:\/\/www.peeringdb.com\/ix\/429\" target=\"_blank\" rel=\"nofollow noopener\">SG-IX in Singapore<\/a><\/li>\n\n --><\/p>\n<li><a href=\"https:\/\/www.peeringdb.com\/fac\/61\" target=\"_blank\" rel=\"nofollow noopener\">TelecityGroup &Aacute;msterdam 1 (Science park)<\/a><\/li>\n<li><a href=\"https:\/\/www.peeringdb.com\/fac\/45\" target=\"_blank\" rel=\"nofollow noopener\">TelecityGroup Londres (Harbour Exchange)<\/a><\/li>\n<li>TelecityGroup Londres 2<\/li>\n<li><a href=\"https:\/\/www.peeringdb.com\/fac\/156\" target=\"_blank\" rel=\"nofollow noopener\">TelecityGroup Stockholm 1 <\/a><\/li>\n<li><a href=\"https:\/\/www.peeringdb.com\/fac\/34\" target=\"_blank\" rel=\"nofollow noopener\">Telehouse Londres (Docklands North)<\/a><\/li>\n<li><a href=\"https:\/\/www.peeringdb.com\/fac\/53\" target=\"_blank\" rel=\"nofollow noopener\">Telehouse Paris 2 (Voltaire)<\/a><\/li>\n<li><a href=\"https:\/\/www.peeringdb.com\/fac\/125\" target=\"_blank\" rel=\"nofollow noopener\">Telx Atlanta<\/a><\/li>\n<li><a href=\"https:\/\/www.peeringdb.com\/fac\/16\" target=\"_blank\" rel=\"nofollow noopener\">Telx Nueva York (111 8th) <\/a><\/li>\n<li><a href=\"https:\/\/www.peeringdb.com\/fac\/850\" target=\"_blank\" rel=\"nofollow noopener\">Teraco House Johannesburg JB1<\/a><\/li>\n<li><a href=\"https:\/\/www.peeringdb.com\/fac\/71\" target=\"_blank\" rel=\"nofollow noopener\">Westin Building Seattle <\/a><\/li>\n<\/ul><p>Pronto el servicio estar&aacute; disponible en los siguientes lugares:<\/p><ul>\n<li><a href=\"https:\/\/www.peeringdb.com\/fac\/38\" target=\"_blank\" rel=\"nofollow noopener\">Equinix Nueva York (NY9)<\/a><\/li>\n<li><a href=\"https:\/\/www.peeringdb.com\/fac\/188\" target=\"_blank\" rel=\"nofollow noopener\">FiberNet Telecom Group &ndash; 60 Hudson St<\/a><\/li>\n<\/ul>\n","protected":false},"excerpt":{"rendered":"<p>IX Transit es un servicio que permite conectarse a los miembros de los intercambios de Internet a trav\u00e9s de nuestra red y beneficiarse del costo, la latencia y el ancho de banda. Tr\u00e1nsito IX (\u00f3 IX Transit) le permite llegar a todos los principales in&#8230;<\/p>\n","protected":false},"author":1,"featured_media":0,"parent":388,"menu_order":0,"comment_status":"closed","ping_status":"closed","template":"","meta":[],"acf":[],"aioseo_notices":[],"_links":{"self":[{"href":"https:\/\/www.iptp.us\/es_ES\/wp-json\/wp\/v2\/pages\/396"}],"collection":[{"href":"https:\/\/www.iptp.us\/es_ES\/wp-json\/wp\/v2\/pages"}],"about":[{"href":"https:\/\/www.iptp.us\/es_ES\/wp-json\/wp\/v2\/types\/page"}],"author":[{"embeddable":true,"href":"https:\/\/www.iptp.us\/es_ES\/wp-json\/wp\/v2\/users\/1"}],"replies":[{"embeddable":true,"href":"https:\/\/www.iptp.us\/es_ES\/wp-json\/wp\/v2\/comments?post=396"}],"version-history":[{"count":470,"href":"https:\/\/www.iptp.us\/es_ES\/wp-json\/wp\/v2\/pages\/396\/revisions"}],"predecessor-version":[{"id":38877,"href":"https:\/\/www.iptp.us\/es_ES\/wp-json\/wp\/v2\/pages\/396\/revisions\/38877"}],"up":[{"embeddable":true,"href":"https:\/\/www.iptp.us\/es_ES\/wp-json\/wp\/v2\/pages\/388"}],"wp:attachment":[{"href":"https:\/\/www.iptp.us\/es_ES\/wp-json\/wp\/v2\/media?parent=396"}],"curies":[{"name":"wp","href":"https:\/\/api.w.org\/{rel}","templated":true}]}}