{"id":388,"date":"2019-07-02T13:55:19","date_gmt":"2019-07-02T10:55:19","guid":{"rendered":"https:\/\/web-mng.iptp.com\/?page_id=388"},"modified":"2025-07-01T11:14:33","modified_gmt":"2025-07-01T08:14:33","slug":"internet-access","status":"publish","type":"page","link":"https:\/\/www.iptp.us\/es_ES\/internet-access\/","title":{"rendered":"Acceso a Internet"},"content":{"rendered":"<p>IPTP Networks es un proveedor de infraestructura de red de ancho de banda ultra-alto verdaderamente global. Nuestras instalaciones est&aacute;n ubicadas en los principales destinos de elecci&oacute;n para las compa&ntilde;&iacute;as m&aacute;s grandes y poderosas del mundo, proveedores de Internet y redes corporativas. Operamos canales de fibra transatl&aacute;nticos ultrarr&aacute;pidos que conectan a nuestros clientes con los principales intercambios de Internet y los centros financieros globales. Con el desarrollo continuo de soluciones innovadoras, IPTP Networks se est&aacute; expandiendo r&aacute;pidamente en todo el mundo, incluyendo Am&eacute;rica Latina, Ocean&iacute;a y el continente africano.<\/p><p>Nuestra empresa es un proveedor de servicios de Internet (AS 41095). Ofrecemos una amplia gama de <a href=\"https:\/\/www.iptp.us\/es_ES\/business-solutions\/managed-services\/connectivity-services\/\">Servicios de conectividad<\/a>, <a href=\"https:\/\/www.iptp.us\/es_ES\/internet-access\/ix-transit\/\">IX<\/a> e&nbsp; <a href=\"https:\/\/www.iptp.us\/es_ES\/internet-access\/ip-transit\/\">IP<\/a> Transit para el mejor rendimiento posible de su red. Tambi&eacute;n recientemente lanzamos un proyecto nuevo en su estilo, <a href=\"https:\/\/www.iptp.us\/es_ES\/jumboix\/\"> JumboIX <\/a>, un intercambio de Internet disponible en todo el mundo que permite la transmisi&oacute;n de datos con 9000MTU tramas de datos.<\/p><h6>En la secci&oacute;n de Acceso a Internet est&aacute;n disponibles las siguientes p&aacute;ginas:<\/h6><ul>\n<li><a href=\"https:\/\/www.iptp.us\/es_ES\/business-solutions\/managed-services\/connectivity-services\/\">Servicios de Conectividad<\/a><\/li>\n<li><a href=\"https:\/\/www.iptp.us\/es_ES\/internet-access\/low-latency-routes\/\">Rutas de Baja latencia<\/a><\/li>\n<li><a href=\"https:\/\/www.iptp.us\/es_ES\/internet-access\/ip-transit\/\">IP Transit<\/a><\/li>\n<li><a href=\"https:\/\/www.iptp.us\/es_ES\/jumboix\/\">Intercambio de Internet Jumbo<\/a><\/li>\n<li><a href=\"https:\/\/www.iptp.us\/es_ES\/internet-access\/ix-transit\/\">IX Transit<\/a><\/li>\n<li><a href=\"https:\/\/www.iptp.us\/es_ES\/internet-access\/remote-ix\/\">IX Remoto<\/a><\/li>\n<li><a href=\"https:\/\/www.iptp.us\/es_ES\/direct-connection-to-cloud-providers\/\">Conexi&oacute;n directa a proveedores de la nube.<\/a><\/li>\n<\/ul><hr>\n","protected":false},"excerpt":{"rendered":"<p> IPTP Networks es un proveedor de infraestructura de red de ancho de banda ultra-alto verdaderamente global. Nuestras instalaciones est\u00e1n ubicadas en los principales destinos de elecci\u00f3n para las compa\u00f1\u00edas m\u00e1s grandes y poderosas de&#8230;<\/p>\n","protected":false},"author":1,"featured_media":0,"parent":0,"menu_order":0,"comment_status":"closed","ping_status":"closed","template":"","meta":[],"acf":[],"aioseo_notices":[],"_links":{"self":[{"href":"https:\/\/www.iptp.us\/es_ES\/wp-json\/wp\/v2\/pages\/388"}],"collection":[{"href":"https:\/\/www.iptp.us\/es_ES\/wp-json\/wp\/v2\/pages"}],"about":[{"href":"https:\/\/www.iptp.us\/es_ES\/wp-json\/wp\/v2\/types\/page"}],"author":[{"embeddable":true,"href":"https:\/\/www.iptp.us\/es_ES\/wp-json\/wp\/v2\/users\/1"}],"replies":[{"embeddable":true,"href":"https:\/\/www.iptp.us\/es_ES\/wp-json\/wp\/v2\/comments?post=388"}],"version-history":[{"count":273,"href":"https:\/\/www.iptp.us\/es_ES\/wp-json\/wp\/v2\/pages\/388\/revisions"}],"predecessor-version":[{"id":37297,"href":"https:\/\/www.iptp.us\/es_ES\/wp-json\/wp\/v2\/pages\/388\/revisions\/37297"}],"wp:attachment":[{"href":"https:\/\/www.iptp.us\/es_ES\/wp-json\/wp\/v2\/media?parent=388"}],"curies":[{"name":"wp","href":"https:\/\/api.w.org\/{rel}","templated":true}]}}